{"id":10227,"date":"2024-10-10T11:10:50","date_gmt":"2024-10-10T09:10:50","guid":{"rendered":"https:\/\/www.deltadanse.com\/?page_id=10227"},"modified":"2026-01-27T16:00:09","modified_gmt":"2026-01-27T15:00:09","slug":"off-site-programme-junior-ballet-de-lopera-de-paris","status":"publish","type":"page","link":"https:\/\/www.deltadanse.com\/en\/directory\/off-site-programme-junior-ballet-de-lopera-de-paris\/","title":{"rendered":"2025-2026 programme"},"content":{"rendered":"<div class=\"wpb-content-wrapper\"><p>[vc_row unlock_row_content=&#8221;yes&#8221; row_height_percent=&#8221;0&#8243; override_padding=&#8221;yes&#8221; h_padding=&#8221;7&#8243; top_padding=&#8221;2&#8243; bottom_padding=&#8221;2&#8243; overlay_alpha=&#8221;50&#8243; gutter_size=&#8221;3&#8243; column_width_percent=&#8221;100&#8243; shift_y=&#8221;0&#8243; z_index=&#8221;0&#8243; uncode_shortcode_id=&#8221;347231&#8243;][vc_column column_width_percent=&#8221;100&#8243; align_horizontal=&#8221;align_center&#8221; gutter_size=&#8221;2&#8243; overlay_alpha=&#8221;50&#8243; shift_x=&#8221;0&#8243; shift_y=&#8221;0&#8243; shift_y_down=&#8221;0&#8243; z_index=&#8221;0&#8243; medium_width=&#8221;0&#8243; mobile_width=&#8221;0&#8243; width=&#8221;7\/12&#8243; uncode_shortcode_id=&#8221;850447&#8243;][vc_row_inner row_inner_height_percent=&#8221;0&#8243; overlay_alpha=&#8221;50&#8243; gutter_size=&#8221;3&#8243; shift_y=&#8221;0&#8243; z_index=&#8221;0&#8243; uncode_shortcode_id=&#8221;100565&#8243; limit_content=&#8221;&#8221;][vc_column_inner column_width_percent=&#8221;100&#8243; gutter_size=&#8221;3&#8243; overlay_alpha=&#8221;50&#8243; shift_x=&#8221;0&#8243; shift_y=&#8221;0&#8243; shift_y_down=&#8221;0&#8243; z_index=&#8221;0&#8243; medium_width=&#8221;0&#8243; mobile_width=&#8221;0&#8243; width=&#8221;1\/1&#8243; uncode_shortcode_id=&#8221;109405&#8243;][vc_gallery el_id=&#8221;gallery-191160&#8243; type=&#8221;carousel&#8221; random=&#8221;yes&#8221; medias=&#8221;12174,12171,12168,12164,12161,12158,12155,12152&#8243; carousel_lg=&#8221;1&#8243; carousel_md=&#8221;1&#8243; carousel_sm=&#8221;1&#8243; thumb_size=&#8221;three-two&#8221; gutter_size=&#8221;3&#8243; media_items=&#8221;media|nolink|original,icon&#8221; carousel_interval=&#8221;3000&#8243; carousel_navspeed=&#8221;400&#8243; stage_padding=&#8221;0&#8243; single_overlay_opacity=&#8221;50&#8243; single_padding=&#8221;2&#8243; uncode_shortcode_id=&#8221;145128&#8243; el_class=&#8221;carrousel-compagnie&#8221;][vc_empty_space empty_h=&#8221;2&#8243; medium_visibility=&#8221;yes&#8221; mobile_visibility=&#8221;yes&#8221;][\/vc_column_inner][\/vc_row_inner][vc_row_inner limit_content=&#8221;&#8221;][vc_column_inner width=&#8221;1\/6&#8243;][\/vc_column_inner][vc_column_inner column_width_percent=&#8221;100&#8243; gutter_size=&#8221;2&#8243; overlay_alpha=&#8221;50&#8243; shift_x=&#8221;0&#8243; shift_y=&#8221;0&#8243; shift_y_down=&#8221;0&#8243; z_index=&#8221;0&#8243; medium_width=&#8221;0&#8243; mobile_width=&#8221;0&#8243; width=&#8221;2\/3&#8243; uncode_shortcode_id=&#8221;474984&#8243;][calendar_season style=&#8221;repertoire&#8221; repertoire=&#8221;9346&#8243;][\/vc_column_inner][\/vc_row_inner][\/vc_column][vc_column column_width_percent=&#8221;100&#8243; gutter_size=&#8221;2&#8243; override_padding=&#8221;yes&#8221; column_padding=&#8221;3&#8243; overlay_alpha=&#8221;50&#8243; shift_x=&#8221;0&#8243; shift_y=&#8221;0&#8243; shift_y_down=&#8221;0&#8243; z_index=&#8221;0&#8243; medium_width=&#8221;0&#8243; mobile_width=&#8221;0&#8243; width=&#8221;5\/12&#8243; uncode_shortcode_id=&#8221;136519&#8243; el_class=&#8221;contenu-compagnie&#8221;][vc_row_inner limit_content=&#8221;&#8221;][vc_column_inner column_width_percent=&#8221;100&#8243; gutter_size=&#8221;2&#8243; overlay_alpha=&#8221;50&#8243; shift_x=&#8221;0&#8243; shift_y=&#8221;0&#8243; shift_y_down=&#8221;0&#8243; z_index=&#8221;0&#8243; medium_width=&#8221;0&#8243; mobile_width=&#8221;0&#8243; width=&#8221;1\/1&#8243; uncode_shortcode_id=&#8221;727088&#8243;][vc_custom_heading text_color=&#8221;accent&#8221; heading_semantic=&#8221;h1&#8243; text_size=&#8221;fontsize-127449&#8243; uncode_shortcode_id=&#8221;102989&#8243; text_color_type=&#8221;uncode-palette&#8221;]2025-2026 programme[\/vc_custom_heading][vc_custom_heading text_size=&#8221;h4&#8243; text_weight=&#8221;600&#8243; uncode_shortcode_id=&#8221;957492&#8243;]<a href=\"https:\/\/www.deltadanse.com\/en\/companies\/junior-ballet-de-lopera-de-paris\/\">Junior Ballet de l&#8217;Op\u00e9ra de Paris<\/a>[\/vc_custom_heading][vc_column_text uncode_shortcode_id=&#8221;987297&#8243;]Choreographies : George Balanchine \/ Maurice B\u00e9jart \/ Anabelle Lopez Ochoa \/ Jos\u00e9 Martinez[\/vc_column_text][\/vc_column_inner][\/vc_row_inner][vc_empty_space][vc_custom_heading text_color=&#8221;accent&#8221; uncode_shortcode_id=&#8221;139757&#8243; text_color_type=&#8221;uncode-palette&#8221;]Allegro Brillante[\/vc_custom_heading][vc_column_text uncode_shortcode_id=&#8221;197790&#8243;]<\/p>\n<p class=\"p1\">Choreography George Balanchine<br \/>\nMusic Piotr Ilyitch Tcha\u00efkovski<\/p>\n<p class=\"p1\">Duration 16 min &#8211; For 10 dancers<\/p>\n<p>[\/vc_column_text][vc_column_text uncode_shortcode_id=&#8221;431214&#8243; el_class=&#8221;lineHeight&#8221;]<\/p>\n<div style=\"padding: 56.25% 0 0 0; position: relative;\"><iframe style=\"position: absolute; top: 0; left: 0; width: 100%; height: 100%;\" title=\"Junior Ballet de l'Op\u00e9ra national de Paris - Allegro Brillante&gt; &lt;\/iframe&gt; &lt;\/div&gt; &lt;script src=\" src=\"https:\/\/player.vimeo.com\/video\/1105779389?badge=0&amp;autopause=0&amp;player_id=0&amp;app_id=58479\" frameborder=\"0\" allowfullscreen=\"allowfullscreen\"><\/iframe><\/div>\n<p>[\/vc_column_text][vc_empty_space][vc_column_text uncode_shortcode_id=&#8221;107961&#8243; el_class=&#8221;lineHeight&#8221;]<\/p>\n<p class=\"p1\"><em>Allegro Brillante<\/em>, one of George Balanchine\u2019s most joyful and pure dance pieces, is characterized by what Maria Tallchief \u2014 the ballerina for whom the leading role was created \u2014 called \u00aban expansive Russian romanticism.\u00bb Set to Tchaikovsky\u2019s Piano Concerto No. 3, the ballet showcases music that the composer originally sketched for a potential sixth symphony, ultimately becoming a one-movement work published posthumously in 1894. Balanchine described this ballet as a concentrated display of classical choreographic techniques, masterfully executed within a confined space and time.<\/p>\n<p>[\/vc_column_text][vc_empty_space][vc_custom_heading text_color=&#8221;accent&#8221; uncode_shortcode_id=&#8221;570715&#8243; text_color_type=&#8221;uncode-palette&#8221;]Cantate 51[\/vc_custom_heading][vc_column_text uncode_shortcode_id=&#8221;179282&#8243;]<\/p>\n<p class=\"p1\">Choreography Maurice B\u00e9jart<br \/>\nMusic Johann-Sebastian Bach<\/p>\n<p class=\"p1\">Duration 21min &#8211; For 8 dancers<\/p>\n<p>[\/vc_column_text][vc_column_text uncode_shortcode_id=&#8221;107457&#8243; el_class=&#8221;lineHeight&#8221;]<\/p>\n<div style=\"padding: 56.25% 0 0 0; position: relative;\"><iframe style=\"position: absolute; top: 0; left: 0; width: 100%; height: 100%;\" title=\"Junior Ballet de l'Op\u00e9ra national de Paris - Cantate 51\" src=\"https:\/\/player.vimeo.com\/video\/1105779752?badge=0&amp;autopause=0&amp;player_id=0&amp;app_id=58479\" frameborder=\"0\" allowfullscreen=\"allowfullscreen\"><br \/>\n<\/iframe><\/div>\n<p><script src=\"https:\/\/player.vimeo.com\/api\/player.js\"><\/script>[\/vc_column_text][vc_empty_space][vc_column_text uncode_shortcode_id=&#8221;547245&#8243; el_class=&#8221;lineHeight&#8221;]<\/p>\n<p class=\"p1\">\u00ab The joy that bursts forth in Johann Sebastian Bach\u2019s composition offers us the theme of the Annunciation. The angel appears to Mary and foretells the birth of a son, a divine incarnation that energizes the transfigured universe, much like this music transcends humanity. \u00bb<\/p>\n<p class=\"p1\" style=\"text-align: right;\"><strong>Maurice B\u00e9jart<\/strong><\/p>\n<p>[\/vc_column_text][vc_empty_space][vc_custom_heading text_color=&#8221;accent&#8221; uncode_shortcode_id=&#8221;640021&#8243; text_color_type=&#8221;uncode-palette&#8221;]Requiem for a rose[\/vc_custom_heading][vc_column_text uncode_shortcode_id=&#8221;971673&#8243;]<\/p>\n<p class=\"p1\">Choreography Annabelle L\u00f3pez Ochoa<br \/>\nMusic Franz Schubert<br \/>\nSound design Almar Kok<br \/>\nCostumes Tatyana van Walsum<\/p>\n<p class=\"p1\">Duration 20 min &#8211; For 13 dancers<\/p>\n<p>[\/vc_column_text][vc_column_text uncode_shortcode_id=&#8221;151277&#8243; el_class=&#8221;lineHeight&#8221;]<\/p>\n<div style=\"padding: 56.25% 0 0 0; position: relative;\"><iframe style=\"position: absolute; top: 0; left: 0; width: 100%; height: 100%;\" title=\"Junior Ballet de l'Op\u00e9ra national de Paris - Requiem \u00ab\u00a0for a Rose&gt; &lt;\/iframe&gt; &lt;\/div&gt; &lt;script src=\" src=\"https:\/\/player.vimeo.com\/video\/1104040849?badge=0&amp;autopause=0&amp;player_id=0&amp;app_id=58479\" frameborder=\"0\" allowfullscreen=\"allowfullscreen\"><\/iframe><\/div>\n<p>[\/vc_column_text][vc_empty_space][vc_column_text uncode_shortcode_id=&#8221;647457&#8243; el_class=&#8221;lineHeight&#8221;]<\/p>\n<p class=\"p1\">Profoundly dramatic, <em>Requiem for a rose<\/em> is a contemporary piece that delves into inner love, with the heart as the main character. The dancers\u2019 organic movements embody its beats and pulses. Clad in swirling red skirts, the performers transform into rose petals, a universal symbol of love. The choreography, strikingly beautiful, renders each gesture poetic and deeply meaningful.<\/p>\n<p>[\/vc_column_text][vc_empty_space][vc_custom_heading text_color=&#8221;accent&#8221; uncode_shortcode_id=&#8221;204194&#8243; text_color_type=&#8221;uncode-palette&#8221;]Mi Favorita[\/vc_custom_heading][vc_column_text uncode_shortcode_id=&#8221;128449&#8243;]<\/p>\n<p class=\"p1\">Choreography Jos\u00e9 Martinez<br \/>\nMusic Gaetano Donizetti<br \/>\nCostumes Agn\u00e8s Letestu<\/p>\n<p class=\"p1\">Duration 28 min &#8211; For 18 dancers<\/p>\n<p>[\/vc_column_text][vc_column_text uncode_shortcode_id=&#8221;132672&#8243; el_class=&#8221;lineHeight&#8221;]<\/p>\n<div style=\"padding: 56.25% 0 0 0; position: relative;\"><iframe style=\"position: absolute; top: 0; left: 0; width: 100%; height: 100%;\" title=\"Junior Ballet de l'Op\u00e9ra national de Paris - Mi Favorita\" src=\"https:\/\/player.vimeo.com\/video\/1104039615?badge=0&amp;autopause=0&amp;player_id=0&amp;app_id=58479\" frameborder=\"0\" allowfullscreen=\"allowfullscreen\"><br \/>\n<\/iframe><\/div>\n<p><script src=\"https:\/\/player.vimeo.com\/api\/player.js\"><\/script>[\/vc_column_text][vc_empty_space][vc_column_text uncode_shortcode_id=&#8221;975072&#8243; el_class=&#8221;lineHeight&#8221;]<\/p>\n<p class=\"p1\">-Dedicated to Jos\u00e9 Ferr\u00e1n &#8211;<\/p>\n<p class=\"p1\">Any resemblance to existing ballets is not accidental and the author would like to thank Marius Petipa,<br \/>\nWilliam Forsythe, George Balanchine, Rudolf Nureyev, Fred Astaire, Jir\u00ed Kyli\u00e1n, Pierre Lacotte, Lev Ivanov, Claude Brumachon, Patrice Bart, Jules Perrot y Jean Coralli, Harald Lander, Jean Claude Gallotta&#8230; not forgetting Louis XIV \u2018Le Roy Soleil\u2019 for their collaboration.<\/p>\n<p>[\/vc_column_text][\/vc_column][\/vc_row][vc_row row_height_percent=&#8221;0&#8243; overlay_alpha=&#8221;50&#8243; gutter_size=&#8221;3&#8243; column_width_percent=&#8221;100&#8243; shift_y=&#8221;0&#8243; z_index=&#8221;0&#8243; uncode_shortcode_id=&#8221;607236&#8243;][vc_column width=&#8221;2\/12&#8243;][\/vc_column][vc_column column_width_percent=&#8221;100&#8243; align_horizontal=&#8221;align_center&#8221; gutter_size=&#8221;3&#8243; overlay_alpha=&#8221;50&#8243; shift_x=&#8221;0&#8243; shift_y=&#8221;0&#8243; shift_y_down=&#8221;0&#8243; z_index=&#8221;0&#8243; medium_width=&#8221;0&#8243; mobile_width=&#8221;0&#8243; width=&#8221;2\/3&#8243; uncode_shortcode_id=&#8221;853687&#8243;][vc_custom_heading text_color=&#8221;color-190155&#8243; uncode_shortcode_id=&#8221;529001&#8243; text_color_type=&#8221;uncode-palette&#8221;]In the repertoire[\/vc_custom_heading][uncode_index el_id=&#8221;index-537495863&#8243; index_type=&#8221;carousel&#8221; loop=&#8221;size:3|order_by:date|post_type:page|tax_query:232|taxonomy_count:10&#8243; carousel_lg=&#8221;2&#8243; carousel_md=&#8221;2&#8243; carousel_sm=&#8221;1&#8243; thumb_size=&#8221;three-two&#8221; gutter_size=&#8221;3&#8243; post_items=&#8221;media|featured|onpost|poster,date,title,text|excerpt|90,category|bordered|topright|hide-icon,sep-one|full,extra&#8221; page_items=&#8221;media|featured|onpost|original,title,text|excerpt,link|link|small_size|D\u00e9couvrir&#8221; carousel_interval=&#8221;3000&#8243; carousel_navspeed=&#8221;400&#8243; carousel_dots=&#8221;yes&#8221; carousel_dots_space=&#8221;yes&#8221; carousel_dots_mobile=&#8221;yes&#8221; stage_padding=&#8221;0&#8243; single_back_color=&#8221;color-563873&#8243; single_overlay_opacity=&#8221;50&#8243; single_text_visible=&#8221;yes&#8221; single_text_anim=&#8221;no&#8221; single_padding=&#8221;2&#8243; single_title_dimension=&#8221;h4&#8243; single_title_weight=&#8221;600&#8243; single_text_lead=&#8221;small&#8221; single_border=&#8221;yes&#8221; uncode_shortcode_id=&#8221;250788&#8243;][\/vc_column][vc_column width=&#8221;2\/12&#8243;][\/vc_column][\/vc_row][vc_row][vc_column width=&#8221;1\/1&#8243;][uncode_block id=&#8221;3542&#8243;][\/vc_column][\/vc_row]<\/p>\n<\/div>","protected":false},"excerpt":{"rendered":"<p>The 2025-2026 programme of the Paris Opera Junior Ballet includes pieces choreographed by George Balanchine, Maurice B\u00e9jart, Annabelle L\u00f3pez Ochoa and Jos\u00e9 Martinez.<\/p>\n","protected":false},"author":9,"featured_media":12155,"parent":1762,"menu_order":0,"comment_status":"closed","ping_status":"closed","template":"","meta":{"footnotes":""},"choregraphe":[],"directeur-artistique":[238],"class_list":["post-10227","page","type-page","status-publish","has-post-thumbnail","hentry","directeur-artistique-jose-martinez","page_category-junior-ballet-de-lopera-de-paris"],"yoast_head":"<!-- This site is optimized with the Yoast SEO plugin v27.4 - https:\/\/yoast.com\/product\/yoast-seo-wordpress\/ -->\n<title>2025-2026 programme I Junior Ballet de l&#039;Op\u00e9ra national de Paris<\/title>\n<meta name=\"description\" content=\"The 2025-2026 programme of the Paris Opera Junior Ballet includes pieces choreographed by George Balanchine, Maurice B\u00e9jart, Annabelle L\u00f3pez Ochoa and Jos\u00e9 Martinez.\" \/>\n<meta name=\"robots\" content=\"index, follow, max-snippet:-1, max-image-preview:large, max-video-preview:-1\" \/>\n<link rel=\"canonical\" href=\"https:\/\/www.deltadanse.com\/en\/directory\/off-site-programme-junior-ballet-de-lopera-de-paris\/\" \/>\n<meta property=\"og:locale\" content=\"en_US\" \/>\n<meta property=\"og:type\" content=\"article\" \/>\n<meta property=\"og:title\" content=\"2025-2026 programme I Junior Ballet de l&#039;Op\u00e9ra national de Paris\" \/>\n<meta property=\"og:description\" content=\"The 2025-2026 programme of the Paris Opera Junior Ballet includes pieces choreographed by George Balanchine, Maurice B\u00e9jart, Annabelle L\u00f3pez Ochoa and Jos\u00e9 Martinez.\" \/>\n<meta property=\"og:url\" content=\"https:\/\/www.deltadanse.com\/en\/directory\/off-site-programme-junior-ballet-de-lopera-de-paris\/\" \/>\n<meta property=\"og:site_name\" content=\"Delta Danse\" \/>\n<meta property=\"article:modified_time\" content=\"2026-01-27T15:00:09+00:00\" \/>\n<meta property=\"og:image\" content=\"https:\/\/www.deltadanse.com\/wp-content\/uploads\/2025\/07\/Z80_0236_JUNIOR-BALLET-c-Julien-Benhamou-OnP.jpg\" \/>\n\t<meta property=\"og:image:width\" content=\"1890\" \/>\n\t<meta property=\"og:image:height\" content=\"1260\" \/>\n\t<meta property=\"og:image:type\" content=\"image\/jpeg\" \/>\n<meta name=\"twitter:card\" content=\"summary_large_image\" \/>\n<meta name=\"twitter:label1\" content=\"Est. reading time\" \/>\n\t<meta name=\"twitter:data1\" content=\"3 minutes\" \/>\n<script type=\"application\/ld+json\" class=\"yoast-schema-graph\">{\"@context\":\"https:\\\/\\\/schema.org\",\"@graph\":[{\"@type\":\"WebPage\",\"@id\":\"https:\\\/\\\/www.deltadanse.com\\\/en\\\/directory\\\/off-site-programme-junior-ballet-de-lopera-de-paris\\\/\",\"url\":\"https:\\\/\\\/www.deltadanse.com\\\/en\\\/directory\\\/off-site-programme-junior-ballet-de-lopera-de-paris\\\/\",\"name\":\"2025-2026 programme I Junior Ballet de l'Op\u00e9ra national de Paris\",\"isPartOf\":{\"@id\":\"https:\\\/\\\/www.deltadanse.com\\\/en\\\/#website\"},\"primaryImageOfPage\":{\"@id\":\"https:\\\/\\\/www.deltadanse.com\\\/en\\\/directory\\\/off-site-programme-junior-ballet-de-lopera-de-paris\\\/#primaryimage\"},\"image\":{\"@id\":\"https:\\\/\\\/www.deltadanse.com\\\/en\\\/directory\\\/off-site-programme-junior-ballet-de-lopera-de-paris\\\/#primaryimage\"},\"thumbnailUrl\":\"https:\\\/\\\/www.deltadanse.com\\\/wp-content\\\/uploads\\\/2025\\\/07\\\/Z80_0236_JUNIOR-BALLET-c-Julien-Benhamou-OnP.jpg\",\"datePublished\":\"2024-10-10T09:10:50+00:00\",\"dateModified\":\"2026-01-27T15:00:09+00:00\",\"description\":\"The 2025-2026 programme of the Paris Opera Junior Ballet includes pieces choreographed by George Balanchine, Maurice B\u00e9jart, Annabelle L\u00f3pez Ochoa and Jos\u00e9 Martinez.\",\"breadcrumb\":{\"@id\":\"https:\\\/\\\/www.deltadanse.com\\\/en\\\/directory\\\/off-site-programme-junior-ballet-de-lopera-de-paris\\\/#breadcrumb\"},\"inLanguage\":\"en-US\",\"potentialAction\":[{\"@type\":\"ReadAction\",\"target\":[\"https:\\\/\\\/www.deltadanse.com\\\/en\\\/directory\\\/off-site-programme-junior-ballet-de-lopera-de-paris\\\/\"]}]},{\"@type\":\"ImageObject\",\"inLanguage\":\"en-US\",\"@id\":\"https:\\\/\\\/www.deltadanse.com\\\/en\\\/directory\\\/off-site-programme-junior-ballet-de-lopera-de-paris\\\/#primaryimage\",\"url\":\"https:\\\/\\\/www.deltadanse.com\\\/wp-content\\\/uploads\\\/2025\\\/07\\\/Z80_0236_JUNIOR-BALLET-c-Julien-Benhamou-OnP.jpg\",\"contentUrl\":\"https:\\\/\\\/www.deltadanse.com\\\/wp-content\\\/uploads\\\/2025\\\/07\\\/Z80_0236_JUNIOR-BALLET-c-Julien-Benhamou-OnP.jpg\",\"width\":1890,\"height\":1260},{\"@type\":\"BreadcrumbList\",\"@id\":\"https:\\\/\\\/www.deltadanse.com\\\/en\\\/directory\\\/off-site-programme-junior-ballet-de-lopera-de-paris\\\/#breadcrumb\",\"itemListElement\":[{\"@type\":\"ListItem\",\"position\":1,\"name\":\"Accueil\",\"item\":\"https:\\\/\\\/www.deltadanse.com\\\/en\\\/\"},{\"@type\":\"ListItem\",\"position\":2,\"name\":\"Repertoire\",\"item\":\"https:\\\/\\\/www.deltadanse.com\\\/en\\\/directory\\\/\"},{\"@type\":\"ListItem\",\"position\":3,\"name\":\"2025-2026 programme\"}]},{\"@type\":\"WebSite\",\"@id\":\"https:\\\/\\\/www.deltadanse.com\\\/en\\\/#website\",\"url\":\"https:\\\/\\\/www.deltadanse.com\\\/en\\\/\",\"name\":\"Delta Danse\",\"description\":\"Just another WordPress site\",\"potentialAction\":[{\"@type\":\"SearchAction\",\"target\":{\"@type\":\"EntryPoint\",\"urlTemplate\":\"https:\\\/\\\/www.deltadanse.com\\\/en\\\/?s={search_term_string}\"},\"query-input\":{\"@type\":\"PropertyValueSpecification\",\"valueRequired\":true,\"valueName\":\"search_term_string\"}}],\"inLanguage\":\"en-US\"}]}<\/script>\n<!-- \/ Yoast SEO plugin. -->","yoast_head_json":{"title":"2025-2026 programme I Junior Ballet de l'Op\u00e9ra national de Paris","description":"The 2025-2026 programme of the Paris Opera Junior Ballet includes pieces choreographed by George Balanchine, Maurice B\u00e9jart, Annabelle L\u00f3pez Ochoa and Jos\u00e9 Martinez.","robots":{"index":"index","follow":"follow","max-snippet":"max-snippet:-1","max-image-preview":"max-image-preview:large","max-video-preview":"max-video-preview:-1"},"canonical":"https:\/\/www.deltadanse.com\/en\/directory\/off-site-programme-junior-ballet-de-lopera-de-paris\/","og_locale":"en_US","og_type":"article","og_title":"2025-2026 programme I Junior Ballet de l'Op\u00e9ra national de Paris","og_description":"The 2025-2026 programme of the Paris Opera Junior Ballet includes pieces choreographed by George Balanchine, Maurice B\u00e9jart, Annabelle L\u00f3pez Ochoa and Jos\u00e9 Martinez.","og_url":"https:\/\/www.deltadanse.com\/en\/directory\/off-site-programme-junior-ballet-de-lopera-de-paris\/","og_site_name":"Delta Danse","article_modified_time":"2026-01-27T15:00:09+00:00","og_image":[{"width":1890,"height":1260,"url":"https:\/\/www.deltadanse.com\/wp-content\/uploads\/2025\/07\/Z80_0236_JUNIOR-BALLET-c-Julien-Benhamou-OnP.jpg","type":"image\/jpeg"}],"twitter_card":"summary_large_image","twitter_misc":{"Est. reading time":"3 minutes"},"schema":{"@context":"https:\/\/schema.org","@graph":[{"@type":"WebPage","@id":"https:\/\/www.deltadanse.com\/en\/directory\/off-site-programme-junior-ballet-de-lopera-de-paris\/","url":"https:\/\/www.deltadanse.com\/en\/directory\/off-site-programme-junior-ballet-de-lopera-de-paris\/","name":"2025-2026 programme I Junior Ballet de l'Op\u00e9ra national de Paris","isPartOf":{"@id":"https:\/\/www.deltadanse.com\/en\/#website"},"primaryImageOfPage":{"@id":"https:\/\/www.deltadanse.com\/en\/directory\/off-site-programme-junior-ballet-de-lopera-de-paris\/#primaryimage"},"image":{"@id":"https:\/\/www.deltadanse.com\/en\/directory\/off-site-programme-junior-ballet-de-lopera-de-paris\/#primaryimage"},"thumbnailUrl":"https:\/\/www.deltadanse.com\/wp-content\/uploads\/2025\/07\/Z80_0236_JUNIOR-BALLET-c-Julien-Benhamou-OnP.jpg","datePublished":"2024-10-10T09:10:50+00:00","dateModified":"2026-01-27T15:00:09+00:00","description":"The 2025-2026 programme of the Paris Opera Junior Ballet includes pieces choreographed by George Balanchine, Maurice B\u00e9jart, Annabelle L\u00f3pez Ochoa and Jos\u00e9 Martinez.","breadcrumb":{"@id":"https:\/\/www.deltadanse.com\/en\/directory\/off-site-programme-junior-ballet-de-lopera-de-paris\/#breadcrumb"},"inLanguage":"en-US","potentialAction":[{"@type":"ReadAction","target":["https:\/\/www.deltadanse.com\/en\/directory\/off-site-programme-junior-ballet-de-lopera-de-paris\/"]}]},{"@type":"ImageObject","inLanguage":"en-US","@id":"https:\/\/www.deltadanse.com\/en\/directory\/off-site-programme-junior-ballet-de-lopera-de-paris\/#primaryimage","url":"https:\/\/www.deltadanse.com\/wp-content\/uploads\/2025\/07\/Z80_0236_JUNIOR-BALLET-c-Julien-Benhamou-OnP.jpg","contentUrl":"https:\/\/www.deltadanse.com\/wp-content\/uploads\/2025\/07\/Z80_0236_JUNIOR-BALLET-c-Julien-Benhamou-OnP.jpg","width":1890,"height":1260},{"@type":"BreadcrumbList","@id":"https:\/\/www.deltadanse.com\/en\/directory\/off-site-programme-junior-ballet-de-lopera-de-paris\/#breadcrumb","itemListElement":[{"@type":"ListItem","position":1,"name":"Accueil","item":"https:\/\/www.deltadanse.com\/en\/"},{"@type":"ListItem","position":2,"name":"Repertoire","item":"https:\/\/www.deltadanse.com\/en\/directory\/"},{"@type":"ListItem","position":3,"name":"2025-2026 programme"}]},{"@type":"WebSite","@id":"https:\/\/www.deltadanse.com\/en\/#website","url":"https:\/\/www.deltadanse.com\/en\/","name":"Delta Danse","description":"Just another WordPress site","potentialAction":[{"@type":"SearchAction","target":{"@type":"EntryPoint","urlTemplate":"https:\/\/www.deltadanse.com\/en\/?s={search_term_string}"},"query-input":{"@type":"PropertyValueSpecification","valueRequired":true,"valueName":"search_term_string"}}],"inLanguage":"en-US"}]}},"_links":{"self":[{"href":"https:\/\/www.deltadanse.com\/en\/wp-json\/wp\/v2\/pages\/10227","targetHints":{"allow":["GET"]}}],"collection":[{"href":"https:\/\/www.deltadanse.com\/en\/wp-json\/wp\/v2\/pages"}],"about":[{"href":"https:\/\/www.deltadanse.com\/en\/wp-json\/wp\/v2\/types\/page"}],"author":[{"embeddable":true,"href":"https:\/\/www.deltadanse.com\/en\/wp-json\/wp\/v2\/users\/9"}],"replies":[{"embeddable":true,"href":"https:\/\/www.deltadanse.com\/en\/wp-json\/wp\/v2\/comments?post=10227"}],"version-history":[{"count":0,"href":"https:\/\/www.deltadanse.com\/en\/wp-json\/wp\/v2\/pages\/10227\/revisions"}],"up":[{"embeddable":true,"href":"https:\/\/www.deltadanse.com\/en\/wp-json\/wp\/v2\/pages\/1762"}],"wp:featuredmedia":[{"embeddable":true,"href":"https:\/\/www.deltadanse.com\/en\/wp-json\/wp\/v2\/media\/12155"}],"wp:attachment":[{"href":"https:\/\/www.deltadanse.com\/en\/wp-json\/wp\/v2\/media?parent=10227"}],"wp:term":[{"taxonomy":"choregraphe","embeddable":true,"href":"https:\/\/www.deltadanse.com\/en\/wp-json\/wp\/v2\/choregraphe?post=10227"},{"taxonomy":"directeur-artistique","embeddable":true,"href":"https:\/\/www.deltadanse.com\/en\/wp-json\/wp\/v2\/directeur-artistique?post=10227"}],"curies":[{"name":"wp","href":"https:\/\/api.w.org\/{rel}","templated":true}]}}