{"id":11334,"date":"2025-07-11T09:32:38","date_gmt":"2025-07-11T07:32:38","guid":{"rendered":"https:\/\/www.deltadanse.com\/?page_id=11334"},"modified":"2026-01-31T20:23:21","modified_gmt":"2026-01-31T19:23:21","slug":"the-final-review","status":"publish","type":"page","link":"https:\/\/www.deltadanse.com\/en\/directory\/the-final-review\/","title":{"rendered":"The Final Review"},"content":{"rendered":"<div class=\"wpb-content-wrapper\"><p>[vc_row unlock_row_content=&#8221;yes&#8221; row_height_percent=&#8221;0&#8243; override_padding=&#8221;yes&#8221; h_padding=&#8221;7&#8243; top_padding=&#8221;2&#8243; bottom_padding=&#8221;2&#8243; overlay_alpha=&#8221;50&#8243; gutter_size=&#8221;3&#8243; column_width_percent=&#8221;100&#8243; shift_y=&#8221;0&#8243; z_index=&#8221;0&#8243; uncode_shortcode_id=&#8221;347231&#8243;][vc_column column_width_percent=&#8221;100&#8243; align_horizontal=&#8221;align_center&#8221; gutter_size=&#8221;2&#8243; overlay_alpha=&#8221;50&#8243; shift_x=&#8221;0&#8243; shift_y=&#8221;0&#8243; shift_y_down=&#8221;0&#8243; z_index=&#8221;0&#8243; medium_width=&#8221;0&#8243; mobile_width=&#8221;0&#8243; width=&#8221;7\/12&#8243; uncode_shortcode_id=&#8221;850447&#8243;][vc_row_inner row_inner_height_percent=&#8221;0&#8243; overlay_alpha=&#8221;50&#8243; gutter_size=&#8221;3&#8243; shift_y=&#8221;0&#8243; z_index=&#8221;0&#8243; uncode_shortcode_id=&#8221;100565&#8243; limit_content=&#8221;&#8221;][vc_column_inner column_width_percent=&#8221;100&#8243; gutter_size=&#8221;3&#8243; overlay_alpha=&#8221;50&#8243; shift_x=&#8221;0&#8243; shift_y=&#8221;0&#8243; shift_y_down=&#8221;0&#8243; z_index=&#8221;0&#8243; medium_width=&#8221;0&#8243; mobile_width=&#8221;0&#8243; width=&#8221;1\/1&#8243; uncode_shortcode_id=&#8221;109405&#8243;][vc_gallery el_id=&#8221;gallery-191160&#8243; type=&#8221;carousel&#8221; medias=&#8221;11351,11345,11354,11357,11348,11342&#8243; carousel_lg=&#8221;1&#8243; carousel_md=&#8221;1&#8243; carousel_sm=&#8221;1&#8243; thumb_size=&#8221;three-two&#8221; gutter_size=&#8221;3&#8243; media_items=&#8221;media|nolink|original,icon&#8221; carousel_interval=&#8221;3000&#8243; carousel_navspeed=&#8221;400&#8243; stage_padding=&#8221;0&#8243; single_overlay_opacity=&#8221;50&#8243; single_padding=&#8221;2&#8243; uncode_shortcode_id=&#8221;650715&#8243; el_class=&#8221;carrousel-compagnie&#8221;][vc_empty_space empty_h=&#8221;2&#8243; medium_visibility=&#8221;yes&#8221; mobile_visibility=&#8221;yes&#8221;][\/vc_column_inner][\/vc_row_inner][vc_row_inner limit_content=&#8221;&#8221;][vc_column_inner width=&#8221;1\/6&#8243;][\/vc_column_inner][vc_column_inner column_width_percent=&#8221;100&#8243; gutter_size=&#8221;2&#8243; overlay_alpha=&#8221;50&#8243; shift_x=&#8221;0&#8243; shift_y=&#8221;0&#8243; shift_y_down=&#8221;0&#8243; z_index=&#8221;0&#8243; medium_width=&#8221;0&#8243; mobile_width=&#8221;0&#8243; width=&#8221;2\/3&#8243; uncode_shortcode_id=&#8221;143697&#8243;][calendar_season style=&#8221;repertoire&#8221; repertoire=&#8221;11389&#8243;][\/vc_column_inner][vc_column_inner width=&#8221;1\/6&#8243;][\/vc_column_inner][\/vc_row_inner][\/vc_column][vc_column column_width_percent=&#8221;100&#8243; gutter_size=&#8221;2&#8243; override_padding=&#8221;yes&#8221; column_padding=&#8221;3&#8243; overlay_alpha=&#8221;50&#8243; shift_x=&#8221;0&#8243; shift_y=&#8221;0&#8243; shift_y_down=&#8221;0&#8243; z_index=&#8221;0&#8243; medium_width=&#8221;0&#8243; mobile_width=&#8221;0&#8243; width=&#8221;5\/12&#8243; uncode_shortcode_id=&#8221;181924&#8243; el_class=&#8221;contenu-compagnie&#8221;][vc_row_inner limit_content=&#8221;&#8221;][vc_column_inner column_width_percent=&#8221;100&#8243; gutter_size=&#8221;2&#8243; overlay_alpha=&#8221;50&#8243; shift_x=&#8221;0&#8243; shift_y=&#8221;0&#8243; shift_y_down=&#8221;0&#8243; z_index=&#8221;0&#8243; medium_width=&#8221;0&#8243; mobile_width=&#8221;0&#8243; width=&#8221;1\/1&#8243; uncode_shortcode_id=&#8221;727088&#8243;][vc_custom_heading text_color=&#8221;accent&#8221; heading_semantic=&#8221;h1&#8243; text_size=&#8221;fontsize-127449&#8243; uncode_shortcode_id=&#8221;116001&#8243; text_color_type=&#8221;uncode-palette&#8221;]The Final Review[\/vc_custom_heading][vc_custom_heading text_size=&#8221;h4&#8243; text_weight=&#8221;600&#8243; uncode_shortcode_id=&#8221;161778&#8243;]<a href=\"https:\/\/www.deltadanse.com\/en\/companies\/ballets-jazz-montreal\/\">Ballets Jazz Montr\u00e9al<\/a>[\/vc_custom_heading][vc_column_text uncode_shortcode_id=&#8221;119311&#8243;]<\/p>\n<p class=\"p1\">Choreographer and Stage Director <strong>Jo Str\u00f8mgren<\/strong><br \/>\nCostume Design <strong>Philippe Dubuc<\/strong><br \/>\nLighting Design <strong>Chantal Labont\u00e9<\/strong><br \/>\nProp Design and Construction <strong>Alain Jenkins<\/strong><br \/>\nTechnical Director <strong>Marco Vargas Navarro<\/strong><br \/>\nTechnical Coordinator <strong>Louis Morisset<\/strong><br \/>\nTechnical Team <strong>Maxime Lambert, Claude Plante and Daniel Ranger<\/strong><br \/>\nMusic <strong>Aznavour, Gustavo Santaolalla, Mr. Enirbod, Bergmund Waal Skaslien, Mette Henriette, Vandudas, La Bottine Souriante, Madalena De Melo, Luis Mariano, Is\u00e4 ja lapsi, and Zelwer<\/strong><\/p>\n<p class=\"p1\">Created in 2025 \u2013 Duration 65 min<br \/>\nFor 13 dancers<\/p>\n<p>[\/vc_column_text][vc_empty_space][\/vc_column_inner][\/vc_row_inner][vc_column_text uncode_shortcode_id=&#8221;541446&#8243;]<\/p>\n<div style=\"padding: 56.25% 0 0 0; position: relative;\"><iframe style=\"position: absolute; top: 0; left: 0; width: 100%; height: 100%;\" title=\"Ballets Jazz Montr\u00e9al - La revue finale\" src=\"https:\/\/player.vimeo.com\/video\/1106463037?badge=0&amp;autopause=0&amp;player_id=0&amp;app_id=58479\" frameborder=\"0\" allowfullscreen=\"allowfullscreen\"><br \/>\n<\/iframe><\/div>\n<p><script src=\"https:\/\/player.vimeo.com\/api\/player.js\"><\/script>[\/vc_column_text][vc_column_text uncode_shortcode_id=&#8221;147051&#8243; el_class=&#8221;lineHeight&#8221;]<\/p>\n<p class=\"p1\"><em>When life falters, the roaring beauty of movement remains.<\/em><\/p>\n<p class=\"p1\">Ballets Jazz Montr\u00e9al returns with a creation by Jo Str\u00f8mgren, master of contrasts and tender tears. In this fragmented fresco, thirteen performers cross the\u00a0 shadows of the end of life to celebrate the light of the encounters that shape us. Onstage, a community weaves, unravels and reunites. Under the watchful eye of a sensitive ghost, gestures become memories in suspension, a surge that tells of love, friendship, loss and the silences that say it all. In voice and body, everything wavers, everything vibrates: celebration embraces melancholy, nostalgia flirts with the urgency to live, goodbyes are thundering with renewal. The tableaux follow one another in music imbued with symbolism, like so many heartbeats: intimate, spirited, dizzying.<\/p>\n<p class=\"p1\"><em>The Final Review<\/em> is a sea of light, a cathartic tribute to that which survives oblivion. A troubling, visceral journey, where dance becomes a refuge, a ritual, a resistance, a final and uncompromising joy.<\/p>\n<p>[\/vc_column_text][vc_empty_space][\/vc_column][\/vc_row][vc_row row_height_percent=&#8221;0&#8243; overlay_alpha=&#8221;50&#8243; gutter_size=&#8221;3&#8243; column_width_percent=&#8221;100&#8243; shift_y=&#8221;0&#8243; z_index=&#8221;0&#8243; uncode_shortcode_id=&#8221;607236&#8243;][vc_column width=&#8221;2\/12&#8243;][\/vc_column][vc_column column_width_percent=&#8221;100&#8243; align_horizontal=&#8221;align_center&#8221; gutter_size=&#8221;3&#8243; overlay_alpha=&#8221;50&#8243; shift_x=&#8221;0&#8243; shift_y=&#8221;0&#8243; shift_y_down=&#8221;0&#8243; z_index=&#8221;0&#8243; medium_width=&#8221;0&#8243; mobile_width=&#8221;0&#8243; width=&#8221;2\/3&#8243; uncode_shortcode_id=&#8221;853687&#8243;][vc_custom_heading text_color=&#8221;color-190155&#8243; uncode_shortcode_id=&#8221;529001&#8243; text_color_type=&#8221;uncode-palette&#8221;]In the repertoire[\/vc_custom_heading][uncode_index el_id=&#8221;index-537495863&#8243; index_type=&#8221;carousel&#8221; loop=&#8221;size:3|order_by:date|post_type:page|tax_query:11|taxonomy_count:10&#8243; carousel_lg=&#8221;2&#8243; carousel_md=&#8221;2&#8243; carousel_sm=&#8221;1&#8243; thumb_size=&#8221;three-two&#8221; gutter_size=&#8221;3&#8243; post_items=&#8221;media|featured|onpost|poster,date,title,text|excerpt|90,category|bordered|topright|hide-icon,sep-one|full,extra&#8221; page_items=&#8221;media|featured|onpost|original,title,text|excerpt,link|link|small_size|D\u00e9couvrir&#8221; carousel_interval=&#8221;3000&#8243; carousel_navspeed=&#8221;400&#8243; carousel_dots=&#8221;yes&#8221; carousel_dots_space=&#8221;yes&#8221; carousel_dots_mobile=&#8221;yes&#8221; stage_padding=&#8221;0&#8243; single_back_color=&#8221;color-563873&#8243; single_overlay_opacity=&#8221;50&#8243; single_text_visible=&#8221;yes&#8221; single_text_anim=&#8221;no&#8221; single_padding=&#8221;2&#8243; single_title_dimension=&#8221;h4&#8243; single_title_weight=&#8221;600&#8243; single_text_lead=&#8221;small&#8221; single_border=&#8221;yes&#8221; uncode_shortcode_id=&#8221;579249&#8243;][\/vc_column][vc_column width=&#8221;2\/12&#8243;][\/vc_column][\/vc_row][vc_row][vc_column width=&#8221;1\/1&#8243;][uncode_block id=&#8221;3542&#8243;][\/vc_column][\/vc_row]<\/p>\n<\/div>","protected":false},"excerpt":{"rendered":"<p>Ballets Jazz Montr\u00e9al returns with a creation by Jo<br \/>\nStr\u00f8mgren, master of contrasts and tender tears.<\/p>\n","protected":false},"author":9,"featured_media":11342,"parent":1762,"menu_order":0,"comment_status":"closed","ping_status":"closed","template":"","meta":{"footnotes":""},"choregraphe":[146],"directeur-artistique":[],"class_list":["post-11334","page","type-page","status-publish","has-post-thumbnail","hentry","choregraphe-annabelle-lopez-ochoa-et-ihsan-rustem","page_category-ballets-jazz-montreal-en"],"yoast_head":"<!-- This site is optimized with the Yoast SEO plugin v27.4 - https:\/\/yoast.com\/product\/yoast-seo-wordpress\/ -->\n<title>The Final Review I Ballets Jazz Montr\u00e9al<\/title>\n<meta name=\"description\" content=\"Ballets Jazz Montr\u00e9al returns with a creation by JoStr\u00f8mgren, master of contrasts and tender tears.\" \/>\n<meta name=\"robots\" content=\"index, follow, max-snippet:-1, max-image-preview:large, max-video-preview:-1\" \/>\n<link rel=\"canonical\" href=\"https:\/\/www.deltadanse.com\/en\/directory\/the-final-review\/\" \/>\n<meta property=\"og:locale\" content=\"en_US\" \/>\n<meta property=\"og:type\" content=\"article\" \/>\n<meta property=\"og:title\" content=\"The Final Review I Ballets Jazz Montr\u00e9al\" \/>\n<meta property=\"og:description\" content=\"Ballets Jazz Montr\u00e9al returns with a creation by JoStr\u00f8mgren, master of contrasts and tender tears.\" \/>\n<meta property=\"og:url\" content=\"https:\/\/www.deltadanse.com\/en\/directory\/the-final-review\/\" \/>\n<meta property=\"og:site_name\" content=\"Delta Danse\" \/>\n<meta property=\"article:modified_time\" content=\"2026-01-31T19:23:21+00:00\" \/>\n<meta property=\"og:image\" content=\"https:\/\/www.deltadanse.com\/wp-content\/uploads\/2025\/07\/La-Revue-Finale-3018-by-Sasha-Onyshchenko-scaled.jpg\" \/>\n\t<meta property=\"og:image:width\" content=\"2560\" \/>\n\t<meta property=\"og:image:height\" content=\"1707\" \/>\n\t<meta property=\"og:image:type\" content=\"image\/jpeg\" \/>\n<meta name=\"twitter:card\" content=\"summary_large_image\" \/>\n<meta name=\"twitter:label1\" content=\"Est. reading time\" \/>\n\t<meta name=\"twitter:data1\" content=\"3 minutes\" \/>\n<script type=\"application\/ld+json\" class=\"yoast-schema-graph\">{\"@context\":\"https:\\\/\\\/schema.org\",\"@graph\":[{\"@type\":\"WebPage\",\"@id\":\"https:\\\/\\\/www.deltadanse.com\\\/en\\\/directory\\\/the-final-review\\\/\",\"url\":\"https:\\\/\\\/www.deltadanse.com\\\/en\\\/directory\\\/the-final-review\\\/\",\"name\":\"The Final Review I Ballets Jazz Montr\u00e9al\",\"isPartOf\":{\"@id\":\"https:\\\/\\\/www.deltadanse.com\\\/en\\\/#website\"},\"primaryImageOfPage\":{\"@id\":\"https:\\\/\\\/www.deltadanse.com\\\/en\\\/directory\\\/the-final-review\\\/#primaryimage\"},\"image\":{\"@id\":\"https:\\\/\\\/www.deltadanse.com\\\/en\\\/directory\\\/the-final-review\\\/#primaryimage\"},\"thumbnailUrl\":\"https:\\\/\\\/www.deltadanse.com\\\/wp-content\\\/uploads\\\/2025\\\/07\\\/La-Revue-Finale-3018-by-Sasha-Onyshchenko-scaled.jpg\",\"datePublished\":\"2025-07-11T07:32:38+00:00\",\"dateModified\":\"2026-01-31T19:23:21+00:00\",\"description\":\"Ballets Jazz Montr\u00e9al returns with a creation by JoStr\u00f8mgren, master of contrasts and tender tears.\",\"breadcrumb\":{\"@id\":\"https:\\\/\\\/www.deltadanse.com\\\/en\\\/directory\\\/the-final-review\\\/#breadcrumb\"},\"inLanguage\":\"en-US\",\"potentialAction\":[{\"@type\":\"ReadAction\",\"target\":[\"https:\\\/\\\/www.deltadanse.com\\\/en\\\/directory\\\/the-final-review\\\/\"]}]},{\"@type\":\"ImageObject\",\"inLanguage\":\"en-US\",\"@id\":\"https:\\\/\\\/www.deltadanse.com\\\/en\\\/directory\\\/the-final-review\\\/#primaryimage\",\"url\":\"https:\\\/\\\/www.deltadanse.com\\\/wp-content\\\/uploads\\\/2025\\\/07\\\/La-Revue-Finale-3018-by-Sasha-Onyshchenko-scaled.jpg\",\"contentUrl\":\"https:\\\/\\\/www.deltadanse.com\\\/wp-content\\\/uploads\\\/2025\\\/07\\\/La-Revue-Finale-3018-by-Sasha-Onyshchenko-scaled.jpg\",\"width\":2560,\"height\":1707},{\"@type\":\"BreadcrumbList\",\"@id\":\"https:\\\/\\\/www.deltadanse.com\\\/en\\\/directory\\\/the-final-review\\\/#breadcrumb\",\"itemListElement\":[{\"@type\":\"ListItem\",\"position\":1,\"name\":\"Accueil\",\"item\":\"https:\\\/\\\/www.deltadanse.com\\\/en\\\/\"},{\"@type\":\"ListItem\",\"position\":2,\"name\":\"Repertoire\",\"item\":\"https:\\\/\\\/www.deltadanse.com\\\/en\\\/directory\\\/\"},{\"@type\":\"ListItem\",\"position\":3,\"name\":\"The Final Review\"}]},{\"@type\":\"WebSite\",\"@id\":\"https:\\\/\\\/www.deltadanse.com\\\/en\\\/#website\",\"url\":\"https:\\\/\\\/www.deltadanse.com\\\/en\\\/\",\"name\":\"Delta Danse\",\"description\":\"Just another WordPress site\",\"potentialAction\":[{\"@type\":\"SearchAction\",\"target\":{\"@type\":\"EntryPoint\",\"urlTemplate\":\"https:\\\/\\\/www.deltadanse.com\\\/en\\\/?s={search_term_string}\"},\"query-input\":{\"@type\":\"PropertyValueSpecification\",\"valueRequired\":true,\"valueName\":\"search_term_string\"}}],\"inLanguage\":\"en-US\"}]}<\/script>\n<!-- \/ Yoast SEO plugin. -->","yoast_head_json":{"title":"The Final Review I Ballets Jazz Montr\u00e9al","description":"Ballets Jazz Montr\u00e9al returns with a creation by JoStr\u00f8mgren, master of contrasts and tender tears.","robots":{"index":"index","follow":"follow","max-snippet":"max-snippet:-1","max-image-preview":"max-image-preview:large","max-video-preview":"max-video-preview:-1"},"canonical":"https:\/\/www.deltadanse.com\/en\/directory\/the-final-review\/","og_locale":"en_US","og_type":"article","og_title":"The Final Review I Ballets Jazz Montr\u00e9al","og_description":"Ballets Jazz Montr\u00e9al returns with a creation by JoStr\u00f8mgren, master of contrasts and tender tears.","og_url":"https:\/\/www.deltadanse.com\/en\/directory\/the-final-review\/","og_site_name":"Delta Danse","article_modified_time":"2026-01-31T19:23:21+00:00","og_image":[{"width":2560,"height":1707,"url":"https:\/\/www.deltadanse.com\/wp-content\/uploads\/2025\/07\/La-Revue-Finale-3018-by-Sasha-Onyshchenko-scaled.jpg","type":"image\/jpeg"}],"twitter_card":"summary_large_image","twitter_misc":{"Est. reading time":"3 minutes"},"schema":{"@context":"https:\/\/schema.org","@graph":[{"@type":"WebPage","@id":"https:\/\/www.deltadanse.com\/en\/directory\/the-final-review\/","url":"https:\/\/www.deltadanse.com\/en\/directory\/the-final-review\/","name":"The Final Review I Ballets Jazz Montr\u00e9al","isPartOf":{"@id":"https:\/\/www.deltadanse.com\/en\/#website"},"primaryImageOfPage":{"@id":"https:\/\/www.deltadanse.com\/en\/directory\/the-final-review\/#primaryimage"},"image":{"@id":"https:\/\/www.deltadanse.com\/en\/directory\/the-final-review\/#primaryimage"},"thumbnailUrl":"https:\/\/www.deltadanse.com\/wp-content\/uploads\/2025\/07\/La-Revue-Finale-3018-by-Sasha-Onyshchenko-scaled.jpg","datePublished":"2025-07-11T07:32:38+00:00","dateModified":"2026-01-31T19:23:21+00:00","description":"Ballets Jazz Montr\u00e9al returns with a creation by JoStr\u00f8mgren, master of contrasts and tender tears.","breadcrumb":{"@id":"https:\/\/www.deltadanse.com\/en\/directory\/the-final-review\/#breadcrumb"},"inLanguage":"en-US","potentialAction":[{"@type":"ReadAction","target":["https:\/\/www.deltadanse.com\/en\/directory\/the-final-review\/"]}]},{"@type":"ImageObject","inLanguage":"en-US","@id":"https:\/\/www.deltadanse.com\/en\/directory\/the-final-review\/#primaryimage","url":"https:\/\/www.deltadanse.com\/wp-content\/uploads\/2025\/07\/La-Revue-Finale-3018-by-Sasha-Onyshchenko-scaled.jpg","contentUrl":"https:\/\/www.deltadanse.com\/wp-content\/uploads\/2025\/07\/La-Revue-Finale-3018-by-Sasha-Onyshchenko-scaled.jpg","width":2560,"height":1707},{"@type":"BreadcrumbList","@id":"https:\/\/www.deltadanse.com\/en\/directory\/the-final-review\/#breadcrumb","itemListElement":[{"@type":"ListItem","position":1,"name":"Accueil","item":"https:\/\/www.deltadanse.com\/en\/"},{"@type":"ListItem","position":2,"name":"Repertoire","item":"https:\/\/www.deltadanse.com\/en\/directory\/"},{"@type":"ListItem","position":3,"name":"The Final Review"}]},{"@type":"WebSite","@id":"https:\/\/www.deltadanse.com\/en\/#website","url":"https:\/\/www.deltadanse.com\/en\/","name":"Delta Danse","description":"Just another WordPress site","potentialAction":[{"@type":"SearchAction","target":{"@type":"EntryPoint","urlTemplate":"https:\/\/www.deltadanse.com\/en\/?s={search_term_string}"},"query-input":{"@type":"PropertyValueSpecification","valueRequired":true,"valueName":"search_term_string"}}],"inLanguage":"en-US"}]}},"_links":{"self":[{"href":"https:\/\/www.deltadanse.com\/en\/wp-json\/wp\/v2\/pages\/11334","targetHints":{"allow":["GET"]}}],"collection":[{"href":"https:\/\/www.deltadanse.com\/en\/wp-json\/wp\/v2\/pages"}],"about":[{"href":"https:\/\/www.deltadanse.com\/en\/wp-json\/wp\/v2\/types\/page"}],"author":[{"embeddable":true,"href":"https:\/\/www.deltadanse.com\/en\/wp-json\/wp\/v2\/users\/9"}],"replies":[{"embeddable":true,"href":"https:\/\/www.deltadanse.com\/en\/wp-json\/wp\/v2\/comments?post=11334"}],"version-history":[{"count":0,"href":"https:\/\/www.deltadanse.com\/en\/wp-json\/wp\/v2\/pages\/11334\/revisions"}],"up":[{"embeddable":true,"href":"https:\/\/www.deltadanse.com\/en\/wp-json\/wp\/v2\/pages\/1762"}],"wp:featuredmedia":[{"embeddable":true,"href":"https:\/\/www.deltadanse.com\/en\/wp-json\/wp\/v2\/media\/11342"}],"wp:attachment":[{"href":"https:\/\/www.deltadanse.com\/en\/wp-json\/wp\/v2\/media?parent=11334"}],"wp:term":[{"taxonomy":"choregraphe","embeddable":true,"href":"https:\/\/www.deltadanse.com\/en\/wp-json\/wp\/v2\/choregraphe?post=11334"},{"taxonomy":"directeur-artistique","embeddable":true,"href":"https:\/\/www.deltadanse.com\/en\/wp-json\/wp\/v2\/directeur-artistique?post=11334"}],"curies":[{"name":"wp","href":"https:\/\/api.w.org\/{rel}","templated":true}]}}