{"id":13127,"date":"2026-04-15T09:07:31","date_gmt":"2026-04-15T07:07:31","guid":{"rendered":"https:\/\/www.deltadanse.com\/?page_id=13127"},"modified":"2026-04-15T09:21:46","modified_gmt":"2026-04-15T07:21:46","slug":"amour-sorcier-don-quixote","status":"publish","type":"page","link":"https:\/\/www.deltadanse.com\/en\/directory\/amour-sorcier-don-quixote\/","title":{"rendered":"L&#8217;Amour sorcier I Don Quixote"},"content":{"rendered":"<div class=\"wpb-content-wrapper\"><p>[vc_row unlock_row_content=&#8221;yes&#8221; row_height_percent=&#8221;0&#8243; override_padding=&#8221;yes&#8221; h_padding=&#8221;7&#8243; top_padding=&#8221;2&#8243; bottom_padding=&#8221;2&#8243; overlay_alpha=&#8221;50&#8243; gutter_size=&#8221;3&#8243; column_width_percent=&#8221;100&#8243; shift_y=&#8221;0&#8243; z_index=&#8221;0&#8243; uncode_shortcode_id=&#8221;347231&#8243;][vc_column column_width_percent=&#8221;100&#8243; align_horizontal=&#8221;align_center&#8221; gutter_size=&#8221;2&#8243; overlay_alpha=&#8221;50&#8243; shift_x=&#8221;0&#8243; shift_y=&#8221;0&#8243; shift_y_down=&#8221;0&#8243; z_index=&#8221;0&#8243; medium_width=&#8221;0&#8243; mobile_width=&#8221;0&#8243; width=&#8221;7\/12&#8243; uncode_shortcode_id=&#8221;850447&#8243;][vc_row_inner row_inner_height_percent=&#8221;0&#8243; overlay_alpha=&#8221;50&#8243; gutter_size=&#8221;3&#8243; shift_y=&#8221;0&#8243; z_index=&#8221;0&#8243; uncode_shortcode_id=&#8221;100565&#8243; limit_content=&#8221;&#8221;][vc_column_inner column_width_percent=&#8221;100&#8243; gutter_size=&#8221;3&#8243; overlay_alpha=&#8221;50&#8243; shift_x=&#8221;0&#8243; shift_y=&#8221;0&#8243; shift_y_down=&#8221;0&#8243; z_index=&#8221;0&#8243; medium_width=&#8221;0&#8243; mobile_width=&#8221;0&#8243; width=&#8221;1\/1&#8243; uncode_shortcode_id=&#8221;109405&#8243;][vc_gallery el_id=&#8221;gallery-191160&#8243; type=&#8221;carousel&#8221; medias=&#8221;13136,13135,13133&#8243; carousel_lg=&#8221;1&#8243; carousel_md=&#8221;1&#8243; carousel_sm=&#8221;1&#8243; thumb_size=&#8221;three-two&#8221; gutter_size=&#8221;3&#8243; media_items=&#8221;media|nolink|original,icon&#8221; carousel_interval=&#8221;3000&#8243; carousel_navspeed=&#8221;400&#8243; stage_padding=&#8221;0&#8243; single_overlay_opacity=&#8221;50&#8243; single_padding=&#8221;2&#8243; uncode_shortcode_id=&#8221;165640&#8243; el_class=&#8221;carrousel-compagnie&#8221;][vc_empty_space empty_h=&#8221;2&#8243; medium_visibility=&#8221;yes&#8221; mobile_visibility=&#8221;yes&#8221;][\/vc_column_inner][\/vc_row_inner][vc_row_inner limit_content=&#8221;&#8221;][vc_column_inner width=&#8221;1\/6&#8243;][\/vc_column_inner][vc_column_inner column_width_percent=&#8221;100&#8243; gutter_size=&#8221;2&#8243; overlay_alpha=&#8221;50&#8243; shift_x=&#8221;0&#8243; shift_y=&#8221;0&#8243; shift_y_down=&#8221;0&#8243; z_index=&#8221;0&#8243; medium_width=&#8221;0&#8243; mobile_width=&#8221;0&#8243; width=&#8221;2\/3&#8243; uncode_shortcode_id=&#8221;137766&#8243;][calendar_season style=&#8221;repertoire&#8221; repertoire=&#8221;12896&#8243;][\/vc_column_inner][vc_column_inner width=&#8221;1\/6&#8243;][\/vc_column_inner][\/vc_row_inner][\/vc_column][vc_column column_width_percent=&#8221;100&#8243; gutter_size=&#8221;2&#8243; override_padding=&#8221;yes&#8221; column_padding=&#8221;3&#8243; overlay_alpha=&#8221;50&#8243; shift_x=&#8221;0&#8243; shift_y=&#8221;0&#8243; shift_y_down=&#8221;0&#8243; z_index=&#8221;0&#8243; medium_width=&#8221;0&#8243; mobile_width=&#8221;0&#8243; width=&#8221;5\/12&#8243; uncode_shortcode_id=&#8221;141210&#8243;][vc_row_inner limit_content=&#8221;&#8221;][vc_column_inner column_width_percent=&#8221;100&#8243; gutter_size=&#8221;2&#8243; overlay_alpha=&#8221;50&#8243; shift_x=&#8221;0&#8243; shift_y=&#8221;0&#8243; shift_y_down=&#8221;0&#8243; z_index=&#8221;0&#8243; medium_width=&#8221;0&#8243; mobile_width=&#8221;0&#8243; width=&#8221;1\/1&#8243; uncode_shortcode_id=&#8221;727088&#8243;][vc_custom_heading text_color=&#8221;accent&#8221; heading_semantic=&#8221;h1&#8243; text_size=&#8221;fontsize-127449&#8243; uncode_shortcode_id=&#8221;690563&#8243; text_color_type=&#8221;uncode-palette&#8221;]L&#8217;Amour sorcier I Don Quixote[\/vc_custom_heading][vc_custom_heading text_size=&#8221;h4&#8243; text_weight=&#8221;600&#8243; uncode_shortcode_id=&#8221;840201&#8243;]<a href=\"https:\/\/www.deltadanse.com\/en\/companies\/malandain-ballet-biarritz\/\">Malandain Ballet Biarritz<\/a>[\/vc_custom_heading][vc_empty_space empty_h=&#8221;2&#8243;][\/vc_column_inner][\/vc_row_inner][vc_custom_heading text_color=&#8221;accent&#8221; uncode_shortcode_id=&#8221;743792&#8243; text_color_type=&#8221;uncode-palette&#8221;]L&#8217;Amour sorcier[\/vc_custom_heading][vc_column_text uncode_shortcode_id=&#8221;367019&#8243;]<\/p>\n<p class=\"p1\">Choreography <strong>Thierry Malandain<\/strong><br \/>\nMusic <strong>Manuel de Falla<\/strong><br \/>\nSet design and costumes<strong> Jorge Gallardo<\/strong><br \/>\nLighting design<strong> Jean-Claude Asqui\u00e9<\/strong><\/p>\n<p class=\"p1\">Created in 2008, re-creation in 2026 \u2013 Duration 25 mn<br \/>\nFor 16 dancers<\/p>\n<p>[\/vc_column_text][vc_column_text uncode_shortcode_id=&#8221;593697&#8243;]<\/p>\n<div style=\"padding: 56.25% 0 0 0; position: relative;\"><iframe style=\"position: absolute; top: 0; left: 0; width: 100%; height: 100%;\" title=\"Malandain Ballet Biarritz - L'Amour sorcier\" src=\"https:\/\/player.vimeo.com\/video\/55366095?badge=0&amp;autopause=0&amp;player_id=0&amp;app_id=58479\" frameborder=\"0\" allowfullscreen=\"allowfullscreen\"><br \/>\n<\/iframe><\/div>\n<p><script src=\"https:\/\/player.vimeo.com\/api\/player.js\"><\/script>[\/vc_column_text][vc_empty_space empty_h=&#8221;2&#8243;][vc_column_text uncode_shortcode_id=&#8221;198309&#8243;]<\/p>\n<p class=\"p1\">Inspired by a Gypsy legend and the rites celebrating the renewal of spring, the piece explores the eternal cycle of life and death, carried by Manuel de Falla\u2019s Danza Ritual del Fuego. In an atmosphere of superstition and sorcery, the love of Candelas and Carmelo is disturbed by the specter of the young woman\u2019s deceased fianc\u00e9. To universalise the message, Thierry Malandain entrusts the leading roles to the entire ensemble of dancers. On a carpet of ash-colored petals, black roses abandoned by love, the possibility of a new beginning finally emerges.<\/p>\n<p>[\/vc_column_text][vc_empty_space empty_h=&#8221;2&#8243;][vc_custom_heading text_color=&#8221;accent&#8221; uncode_shortcode_id=&#8221;117513&#8243; text_color_type=&#8221;uncode-palette&#8221;]Don Quixote[\/vc_custom_heading][vc_column_text uncode_shortcode_id=&#8221;111914&#8243;]<\/p>\n<p class=\"p1\">Choreography, set design, costumes, lighting <strong>Martin Harriague<\/strong><br \/>\nMusic <strong>to be confirmed<\/strong><\/p>\n<p class=\"p1\">Creation in 2026 \u2013 Duration 40 mn<br \/>\nFor 20 dancers<\/p>\n<p>[\/vc_column_text][vc_empty_space empty_h=&#8221;2&#8243;][vc_column_text uncode_shortcode_id=&#8221;466136&#8243;]<\/p>\n<p class=\"p1\">In <em>Don Quixote,<\/em> Martin Harriague traces the journey of a man who struggles against reality, guided by a faceless love and an unwavering faith in beauty. Beneath the knight\u2019s madness lies the solitude of the artist, driven by the irrepressible need to believe, to imagine, and to create.<\/p>\n<p class=\"p1\">Shaped by this reflection, <em>Don Quixote<\/em> is Martin Harriague\u2019s third creation for Ballet Biarritz, yet the first conceived with the awareness of his future leadership of the company.<\/p>\n<p>[\/vc_column_text][vc_empty_space empty_h=&#8221;2&#8243;][vc_column_text uncode_shortcode_id=&#8221;135608&#8243; el_class=&#8221;lineHeight&#8221;]<span style=\"color: #8f272a;\">Coproductions Grand Th\u00e9\u00e2tre de Luxembourg, Th\u00e9\u00e2tre Victoria Eugenia de San-Sebastian, Op\u00e9ra Th\u00e9\u00e2tre de Saint-Etienne, Grand Th\u00e9\u00e2tre de Reims, l\u2019Onde de V\u00e9lizy -Villacoublay, Op\u00e9ra de Vichy, Sc\u00e8ne nationale \/ Th\u00e9\u00e2tre d\u2019Orl\u00e9ans, Malandain Ballet Biarritz, Les Amis de Malandain Ballet Biarritz<\/span>[\/vc_column_text][\/vc_column][\/vc_row][vc_row row_height_percent=&#8221;0&#8243; overlay_alpha=&#8221;50&#8243; gutter_size=&#8221;3&#8243; column_width_percent=&#8221;100&#8243; shift_y=&#8221;0&#8243; z_index=&#8221;0&#8243; uncode_shortcode_id=&#8221;607236&#8243;][vc_column width=&#8221;2\/12&#8243;][\/vc_column][vc_column column_width_percent=&#8221;100&#8243; align_horizontal=&#8221;align_center&#8221; gutter_size=&#8221;3&#8243; overlay_alpha=&#8221;50&#8243; shift_x=&#8221;0&#8243; shift_y=&#8221;0&#8243; shift_y_down=&#8221;0&#8243; z_index=&#8221;0&#8243; medium_width=&#8221;0&#8243; mobile_width=&#8221;0&#8243; width=&#8221;2\/3&#8243; uncode_shortcode_id=&#8221;853687&#8243;][vc_custom_heading text_color=&#8221;color-190155&#8243; uncode_shortcode_id=&#8221;529001&#8243; text_color_type=&#8221;uncode-palette&#8221;]In the repertoire[\/vc_custom_heading][uncode_index el_id=&#8221;index-537495863&#8243; index_type=&#8221;carousel&#8221; loop=&#8221;size:3|order_by:date|post_type:page|tax_query:18|taxonomy_count:10&#8243; carousel_lg=&#8221;2&#8243; carousel_md=&#8221;2&#8243; carousel_sm=&#8221;1&#8243; thumb_size=&#8221;three-two&#8221; gutter_size=&#8221;3&#8243; post_items=&#8221;media|featured|onpost|poster,date,title,text|excerpt|90,category|bordered|topright|hide-icon,sep-one|full,extra&#8221; page_items=&#8221;media|featured|onpost|original,title,text|excerpt|100,link|link|small_size|D\u00e9couvrir&#8221; carousel_interval=&#8221;3000&#8243; carousel_navspeed=&#8221;400&#8243; carousel_dots=&#8221;yes&#8221; carousel_dots_space=&#8221;yes&#8221; carousel_dots_mobile=&#8221;yes&#8221; stage_padding=&#8221;0&#8243; single_back_color=&#8221;color-563873&#8243; single_overlay_opacity=&#8221;50&#8243; single_text_visible=&#8221;yes&#8221; single_text_anim=&#8221;no&#8221; single_padding=&#8221;2&#8243; single_title_dimension=&#8221;h4&#8243; single_title_weight=&#8221;600&#8243; single_text_lead=&#8221;small&#8221; single_border=&#8221;yes&#8221; uncode_shortcode_id=&#8221;159289&#8243;][\/vc_column][vc_column width=&#8221;2\/12&#8243;][\/vc_column][\/vc_row][vc_row][vc_column width=&#8221;1\/1&#8243;][uncode_block id=&#8221;3542&#8243;][\/vc_column][\/vc_row]<\/p>\n<\/div>","protected":false},"excerpt":{"rendered":"<p>Taking over from Thierry Malandain, Martin Harriague will become director of the CCN Ballet Biarritz on January 1st, 2027. This shared programme marks the encounter between these two artists\u2019 universes.<\/p>\n","protected":false},"author":9,"featured_media":13133,"parent":1762,"menu_order":0,"comment_status":"closed","ping_status":"closed","template":"","meta":{"footnotes":""},"choregraphe":[133],"directeur-artistique":[],"class_list":["post-13127","page","type-page","status-publish","has-post-thumbnail","hentry","choregraphe-thierry-malandain","page_category-malandain-ballet-biarritz-en"],"yoast_head":"<!-- This site is optimized with the Yoast SEO plugin v27.4 - https:\/\/yoast.com\/product\/yoast-seo-wordpress\/ -->\n<title>L&#039;Amour sorcier I Don Quixote I Malandain Ballet Biarritz<\/title>\n<meta name=\"description\" content=\"Taking over from Thierry Malandain, Martin Harriague will become director of the CCN Ballet Biarritz on January 1st, 2027. This shared programme marks the encounter between these two artists\u2019 universes.\" \/>\n<meta name=\"robots\" content=\"index, follow, max-snippet:-1, max-image-preview:large, max-video-preview:-1\" \/>\n<link rel=\"canonical\" href=\"https:\/\/www.deltadanse.com\/en\/directory\/amour-sorcier-don-quixote\/\" \/>\n<meta property=\"og:locale\" content=\"en_US\" \/>\n<meta property=\"og:type\" content=\"article\" \/>\n<meta property=\"og:title\" content=\"L&#039;Amour sorcier I Don Quixote I Malandain Ballet Biarritz\" \/>\n<meta property=\"og:description\" content=\"Taking over from Thierry Malandain, Martin Harriague will become director of the CCN Ballet Biarritz on January 1st, 2027. This shared programme marks the encounter between these two artists\u2019 universes.\" \/>\n<meta property=\"og:url\" content=\"https:\/\/www.deltadanse.com\/en\/directory\/amour-sorcier-don-quixote\/\" \/>\n<meta property=\"og:site_name\" content=\"Delta Danse\" \/>\n<meta property=\"article:modified_time\" content=\"2026-04-15T07:21:46+00:00\" \/>\n<meta property=\"og:image\" content=\"https:\/\/www.deltadanse.com\/wp-content\/uploads\/2026\/04\/LAmour-sorcier-\u00a9-Olivier-Houeix-OHX_0772-1-scaled.jpg\" \/>\n\t<meta property=\"og:image:width\" content=\"2560\" \/>\n\t<meta property=\"og:image:height\" content=\"1707\" \/>\n\t<meta property=\"og:image:type\" content=\"image\/jpeg\" \/>\n<meta name=\"twitter:card\" content=\"summary_large_image\" \/>\n<meta name=\"twitter:label1\" content=\"Est. reading time\" \/>\n\t<meta name=\"twitter:data1\" content=\"3 minutes\" \/>\n<script type=\"application\/ld+json\" class=\"yoast-schema-graph\">{\"@context\":\"https:\\\/\\\/schema.org\",\"@graph\":[{\"@type\":\"WebPage\",\"@id\":\"https:\\\/\\\/www.deltadanse.com\\\/en\\\/directory\\\/amour-sorcier-don-quixote\\\/\",\"url\":\"https:\\\/\\\/www.deltadanse.com\\\/en\\\/directory\\\/amour-sorcier-don-quixote\\\/\",\"name\":\"L'Amour sorcier I Don Quixote I Malandain Ballet Biarritz\",\"isPartOf\":{\"@id\":\"https:\\\/\\\/www.deltadanse.com\\\/en\\\/#website\"},\"primaryImageOfPage\":{\"@id\":\"https:\\\/\\\/www.deltadanse.com\\\/en\\\/directory\\\/amour-sorcier-don-quixote\\\/#primaryimage\"},\"image\":{\"@id\":\"https:\\\/\\\/www.deltadanse.com\\\/en\\\/directory\\\/amour-sorcier-don-quixote\\\/#primaryimage\"},\"thumbnailUrl\":\"https:\\\/\\\/www.deltadanse.com\\\/wp-content\\\/uploads\\\/2026\\\/04\\\/LAmour-sorcier-\u00a9-Olivier-Houeix-OHX_0772-1-scaled.jpg\",\"datePublished\":\"2026-04-15T07:07:31+00:00\",\"dateModified\":\"2026-04-15T07:21:46+00:00\",\"description\":\"Taking over from Thierry Malandain, Martin Harriague will become director of the CCN Ballet Biarritz on January 1st, 2027. This shared programme marks the encounter between these two artists\u2019 universes.\",\"breadcrumb\":{\"@id\":\"https:\\\/\\\/www.deltadanse.com\\\/en\\\/directory\\\/amour-sorcier-don-quixote\\\/#breadcrumb\"},\"inLanguage\":\"en-US\",\"potentialAction\":[{\"@type\":\"ReadAction\",\"target\":[\"https:\\\/\\\/www.deltadanse.com\\\/en\\\/directory\\\/amour-sorcier-don-quixote\\\/\"]}]},{\"@type\":\"ImageObject\",\"inLanguage\":\"en-US\",\"@id\":\"https:\\\/\\\/www.deltadanse.com\\\/en\\\/directory\\\/amour-sorcier-don-quixote\\\/#primaryimage\",\"url\":\"https:\\\/\\\/www.deltadanse.com\\\/wp-content\\\/uploads\\\/2026\\\/04\\\/LAmour-sorcier-\u00a9-Olivier-Houeix-OHX_0772-1-scaled.jpg\",\"contentUrl\":\"https:\\\/\\\/www.deltadanse.com\\\/wp-content\\\/uploads\\\/2026\\\/04\\\/LAmour-sorcier-\u00a9-Olivier-Houeix-OHX_0772-1-scaled.jpg\",\"width\":2560,\"height\":1707},{\"@type\":\"BreadcrumbList\",\"@id\":\"https:\\\/\\\/www.deltadanse.com\\\/en\\\/directory\\\/amour-sorcier-don-quixote\\\/#breadcrumb\",\"itemListElement\":[{\"@type\":\"ListItem\",\"position\":1,\"name\":\"Accueil\",\"item\":\"https:\\\/\\\/www.deltadanse.com\\\/en\\\/\"},{\"@type\":\"ListItem\",\"position\":2,\"name\":\"Repertoire\",\"item\":\"https:\\\/\\\/www.deltadanse.com\\\/en\\\/directory\\\/\"},{\"@type\":\"ListItem\",\"position\":3,\"name\":\"L&rsquo;Amour sorcier I Don Quixote\"}]},{\"@type\":\"WebSite\",\"@id\":\"https:\\\/\\\/www.deltadanse.com\\\/en\\\/#website\",\"url\":\"https:\\\/\\\/www.deltadanse.com\\\/en\\\/\",\"name\":\"Delta Danse\",\"description\":\"Just another WordPress site\",\"potentialAction\":[{\"@type\":\"SearchAction\",\"target\":{\"@type\":\"EntryPoint\",\"urlTemplate\":\"https:\\\/\\\/www.deltadanse.com\\\/en\\\/?s={search_term_string}\"},\"query-input\":{\"@type\":\"PropertyValueSpecification\",\"valueRequired\":true,\"valueName\":\"search_term_string\"}}],\"inLanguage\":\"en-US\"}]}<\/script>\n<!-- \/ Yoast SEO plugin. -->","yoast_head_json":{"title":"L'Amour sorcier I Don Quixote I Malandain Ballet Biarritz","description":"Taking over from Thierry Malandain, Martin Harriague will become director of the CCN Ballet Biarritz on January 1st, 2027. This shared programme marks the encounter between these two artists\u2019 universes.","robots":{"index":"index","follow":"follow","max-snippet":"max-snippet:-1","max-image-preview":"max-image-preview:large","max-video-preview":"max-video-preview:-1"},"canonical":"https:\/\/www.deltadanse.com\/en\/directory\/amour-sorcier-don-quixote\/","og_locale":"en_US","og_type":"article","og_title":"L'Amour sorcier I Don Quixote I Malandain Ballet Biarritz","og_description":"Taking over from Thierry Malandain, Martin Harriague will become director of the CCN Ballet Biarritz on January 1st, 2027. This shared programme marks the encounter between these two artists\u2019 universes.","og_url":"https:\/\/www.deltadanse.com\/en\/directory\/amour-sorcier-don-quixote\/","og_site_name":"Delta Danse","article_modified_time":"2026-04-15T07:21:46+00:00","og_image":[{"width":2560,"height":1707,"url":"https:\/\/www.deltadanse.com\/wp-content\/uploads\/2026\/04\/LAmour-sorcier-\u00a9-Olivier-Houeix-OHX_0772-1-scaled.jpg","type":"image\/jpeg"}],"twitter_card":"summary_large_image","twitter_misc":{"Est. reading time":"3 minutes"},"schema":{"@context":"https:\/\/schema.org","@graph":[{"@type":"WebPage","@id":"https:\/\/www.deltadanse.com\/en\/directory\/amour-sorcier-don-quixote\/","url":"https:\/\/www.deltadanse.com\/en\/directory\/amour-sorcier-don-quixote\/","name":"L'Amour sorcier I Don Quixote I Malandain Ballet Biarritz","isPartOf":{"@id":"https:\/\/www.deltadanse.com\/en\/#website"},"primaryImageOfPage":{"@id":"https:\/\/www.deltadanse.com\/en\/directory\/amour-sorcier-don-quixote\/#primaryimage"},"image":{"@id":"https:\/\/www.deltadanse.com\/en\/directory\/amour-sorcier-don-quixote\/#primaryimage"},"thumbnailUrl":"https:\/\/www.deltadanse.com\/wp-content\/uploads\/2026\/04\/LAmour-sorcier-\u00a9-Olivier-Houeix-OHX_0772-1-scaled.jpg","datePublished":"2026-04-15T07:07:31+00:00","dateModified":"2026-04-15T07:21:46+00:00","description":"Taking over from Thierry Malandain, Martin Harriague will become director of the CCN Ballet Biarritz on January 1st, 2027. This shared programme marks the encounter between these two artists\u2019 universes.","breadcrumb":{"@id":"https:\/\/www.deltadanse.com\/en\/directory\/amour-sorcier-don-quixote\/#breadcrumb"},"inLanguage":"en-US","potentialAction":[{"@type":"ReadAction","target":["https:\/\/www.deltadanse.com\/en\/directory\/amour-sorcier-don-quixote\/"]}]},{"@type":"ImageObject","inLanguage":"en-US","@id":"https:\/\/www.deltadanse.com\/en\/directory\/amour-sorcier-don-quixote\/#primaryimage","url":"https:\/\/www.deltadanse.com\/wp-content\/uploads\/2026\/04\/LAmour-sorcier-\u00a9-Olivier-Houeix-OHX_0772-1-scaled.jpg","contentUrl":"https:\/\/www.deltadanse.com\/wp-content\/uploads\/2026\/04\/LAmour-sorcier-\u00a9-Olivier-Houeix-OHX_0772-1-scaled.jpg","width":2560,"height":1707},{"@type":"BreadcrumbList","@id":"https:\/\/www.deltadanse.com\/en\/directory\/amour-sorcier-don-quixote\/#breadcrumb","itemListElement":[{"@type":"ListItem","position":1,"name":"Accueil","item":"https:\/\/www.deltadanse.com\/en\/"},{"@type":"ListItem","position":2,"name":"Repertoire","item":"https:\/\/www.deltadanse.com\/en\/directory\/"},{"@type":"ListItem","position":3,"name":"L&rsquo;Amour sorcier I Don Quixote"}]},{"@type":"WebSite","@id":"https:\/\/www.deltadanse.com\/en\/#website","url":"https:\/\/www.deltadanse.com\/en\/","name":"Delta Danse","description":"Just another WordPress site","potentialAction":[{"@type":"SearchAction","target":{"@type":"EntryPoint","urlTemplate":"https:\/\/www.deltadanse.com\/en\/?s={search_term_string}"},"query-input":{"@type":"PropertyValueSpecification","valueRequired":true,"valueName":"search_term_string"}}],"inLanguage":"en-US"}]}},"_links":{"self":[{"href":"https:\/\/www.deltadanse.com\/en\/wp-json\/wp\/v2\/pages\/13127","targetHints":{"allow":["GET"]}}],"collection":[{"href":"https:\/\/www.deltadanse.com\/en\/wp-json\/wp\/v2\/pages"}],"about":[{"href":"https:\/\/www.deltadanse.com\/en\/wp-json\/wp\/v2\/types\/page"}],"author":[{"embeddable":true,"href":"https:\/\/www.deltadanse.com\/en\/wp-json\/wp\/v2\/users\/9"}],"replies":[{"embeddable":true,"href":"https:\/\/www.deltadanse.com\/en\/wp-json\/wp\/v2\/comments?post=13127"}],"version-history":[{"count":2,"href":"https:\/\/www.deltadanse.com\/en\/wp-json\/wp\/v2\/pages\/13127\/revisions"}],"predecessor-version":[{"id":13138,"href":"https:\/\/www.deltadanse.com\/en\/wp-json\/wp\/v2\/pages\/13127\/revisions\/13138"}],"up":[{"embeddable":true,"href":"https:\/\/www.deltadanse.com\/en\/wp-json\/wp\/v2\/pages\/1762"}],"wp:featuredmedia":[{"embeddable":true,"href":"https:\/\/www.deltadanse.com\/en\/wp-json\/wp\/v2\/media\/13133"}],"wp:attachment":[{"href":"https:\/\/www.deltadanse.com\/en\/wp-json\/wp\/v2\/media?parent=13127"}],"wp:term":[{"taxonomy":"choregraphe","embeddable":true,"href":"https:\/\/www.deltadanse.com\/en\/wp-json\/wp\/v2\/choregraphe?post=13127"},{"taxonomy":"directeur-artistique","embeddable":true,"href":"https:\/\/www.deltadanse.com\/en\/wp-json\/wp\/v2\/directeur-artistique?post=13127"}],"curies":[{"name":"wp","href":"https:\/\/api.w.org\/{rel}","templated":true}]}}