{"id":1484,"date":"2022-09-01T08:44:45","date_gmt":"2022-09-01T06:44:45","guid":{"rendered":"https:\/\/www.deltadanse.com\/alonzo-king-lines-ballet\/"},"modified":"2025-07-29T08:43:27","modified_gmt":"2025-07-29T06:43:27","slug":"alonzo-king-lines-ballet","status":"publish","type":"page","link":"https:\/\/www.deltadanse.com\/en\/companies\/alonzo-king-lines-ballet\/","title":{"rendered":"Alonzo King LINES Ballet"},"content":{"rendered":"<div class=\"wpb-content-wrapper\"><p>[vc_row unlock_row_content=&#8221;yes&#8221; row_height_percent=&#8221;0&#8243; override_padding=&#8221;yes&#8221; h_padding=&#8221;7&#8243; top_padding=&#8221;2&#8243; bottom_padding=&#8221;2&#8243; overlay_alpha=&#8221;50&#8243; gutter_size=&#8221;3&#8243; column_width_percent=&#8221;100&#8243; shift_y=&#8221;0&#8243; z_index=&#8221;0&#8243; uncode_shortcode_id=&#8221;347231&#8243;][vc_column column_width_percent=&#8221;100&#8243; align_horizontal=&#8221;align_center&#8221; gutter_size=&#8221;2&#8243; overlay_alpha=&#8221;50&#8243; shift_x=&#8221;0&#8243; shift_y=&#8221;0&#8243; shift_y_down=&#8221;0&#8243; z_index=&#8221;0&#8243; medium_width=&#8221;0&#8243; mobile_width=&#8221;0&#8243; width=&#8221;7\/12&#8243; uncode_shortcode_id=&#8221;850447&#8243;][vc_row_inner row_inner_height_percent=&#8221;0&#8243; overlay_alpha=&#8221;50&#8243; gutter_size=&#8221;3&#8243; shift_y=&#8221;3&#8243; z_index=&#8221;7&#8243; uncode_shortcode_id=&#8221;710303&#8243; limit_content=&#8221;&#8221;][vc_column_inner column_width_percent=&#8221;100&#8243; align_horizontal=&#8221;align_center&#8221; gutter_size=&#8221;3&#8243; overlay_alpha=&#8221;50&#8243; shift_x=&#8221;0&#8243; shift_y=&#8221;0&#8243; shift_y_down=&#8221;0&#8243; z_index=&#8221;0&#8243; medium_width=&#8221;0&#8243; mobile_width=&#8221;0&#8243; width=&#8221;1\/1&#8243; uncode_shortcode_id=&#8221;818021&#8243;][vc_custom_heading text_color=&#8221;color-400934&#8243; heading_semantic=&#8221;h1&#8243; text_size=&#8221;fontsize-200930&#8243; text_height=&#8221;fontheight-208833&#8243; uncode_shortcode_id=&#8221;517770&#8243; text_color_type=&#8221;uncode-palette&#8221;]Alonzo King LINES Ballet[\/vc_custom_heading][\/vc_column_inner][\/vc_row_inner][vc_row_inner row_inner_height_percent=&#8221;0&#8243; overlay_alpha=&#8221;50&#8243; gutter_size=&#8221;3&#8243; shift_y=&#8221;-4&#8243; z_index=&#8221;0&#8243; uncode_shortcode_id=&#8221;130404&#8243; limit_content=&#8221;&#8221;][vc_column_inner column_width_percent=&#8221;100&#8243; gutter_size=&#8221;3&#8243; overlay_alpha=&#8221;50&#8243; shift_x=&#8221;0&#8243; shift_y=&#8221;-3&#8243; shift_y_down=&#8221;0&#8243; z_index=&#8221;0&#8243; medium_width=&#8221;0&#8243; mobile_width=&#8221;0&#8243; width=&#8221;1\/1&#8243; uncode_shortcode_id=&#8221;776763&#8243;][vc_gallery el_id=&#8221;gallery-191160&#8243; type=&#8221;carousel&#8221; medias=&#8221;12084,12100,12081,12090,12093,12087,12103,11853,12096,12078,11998&#8243; carousel_lg=&#8221;1&#8243; carousel_md=&#8221;1&#8243; carousel_sm=&#8221;1&#8243; thumb_size=&#8221;sixteen-nine&#8221; gutter_size=&#8221;3&#8243; media_items=&#8221;media|nolink|original,icon&#8221; carousel_interval=&#8221;3000&#8243; carousel_navspeed=&#8221;400&#8243; carousel_loop=&#8221;yes&#8221; stage_padding=&#8221;0&#8243; single_overlay_opacity=&#8221;50&#8243; single_overlay_anim=&#8221;no&#8221; single_text_anim=&#8221;no&#8221; single_image_anim=&#8221;no&#8221; single_padding=&#8221;2&#8243; single_title_semantic=&#8221;h2&#8243; uncode_shortcode_id=&#8221;541884&#8243; el_class=&#8221;carrousel-compagnie&#8221;][vc_empty_space empty_h=&#8221;2&#8243; medium_visibility=&#8221;yes&#8221; mobile_visibility=&#8221;yes&#8221;][\/vc_column_inner][\/vc_row_inner][vc_row_inner limit_content=&#8221;&#8221;][vc_column_inner column_width_percent=&#8221;100&#8243; gutter_size=&#8221;3&#8243; overlay_alpha=&#8221;50&#8243; shift_x=&#8221;0&#8243; shift_y=&#8221;0&#8243; shift_y_down=&#8221;0&#8243; z_index=&#8221;0&#8243; medium_visibility=&#8221;yes&#8221; medium_width=&#8221;0&#8243; mobile_visibility=&#8221;yes&#8221; mobile_width=&#8221;0&#8243; width=&#8221;1\/6&#8243; uncode_shortcode_id=&#8221;612384&#8243;][\/vc_column_inner][vc_column_inner column_width_percent=&#8221;100&#8243; gutter_size=&#8221;2&#8243; overlay_alpha=&#8221;50&#8243; shift_x=&#8221;0&#8243; shift_y=&#8221;0&#8243; shift_y_down=&#8221;0&#8243; z_index=&#8221;0&#8243; medium_width=&#8221;0&#8243; mobile_width=&#8221;0&#8243; width=&#8221;2\/3&#8243; uncode_shortcode_id=&#8221;197102&#8243;][calendar_season style=&#8221;company&#8221; company=&#8221;alonzo-king-lines-ballet&#8221;][\/vc_column_inner][vc_column_inner column_width_percent=&#8221;100&#8243; gutter_size=&#8221;3&#8243; overlay_alpha=&#8221;50&#8243; shift_x=&#8221;0&#8243; shift_y=&#8221;0&#8243; shift_y_down=&#8221;0&#8243; z_index=&#8221;0&#8243; medium_visibility=&#8221;yes&#8221; medium_width=&#8221;0&#8243; mobile_visibility=&#8221;yes&#8221; mobile_width=&#8221;0&#8243; width=&#8221;1\/6&#8243; uncode_shortcode_id=&#8221;171375&#8243;][\/vc_column_inner][\/vc_row_inner][\/vc_column][vc_column column_width_percent=&#8221;100&#8243; gutter_size=&#8221;2&#8243; override_padding=&#8221;yes&#8221; column_padding=&#8221;3&#8243; overlay_alpha=&#8221;50&#8243; shift_x=&#8221;0&#8243; shift_y=&#8221;0&#8243; shift_y_down=&#8221;0&#8243; z_index=&#8221;0&#8243; medium_width=&#8221;0&#8243; mobile_width=&#8221;0&#8243; width=&#8221;5\/12&#8243; uncode_shortcode_id=&#8221;125466&#8243; el_class=&#8221;contenu-compagnie&#8221;][vc_row_inner limit_content=&#8221;&#8221;][vc_column_inner column_width_percent=&#8221;100&#8243; gutter_size=&#8221;2&#8243; overlay_alpha=&#8221;50&#8243; shift_x=&#8221;0&#8243; shift_y=&#8221;0&#8243; shift_y_down=&#8221;0&#8243; z_index=&#8221;0&#8243; medium_width=&#8221;0&#8243; mobile_width=&#8221;0&#8243; width=&#8221;1\/1&#8243; uncode_shortcode_id=&#8221;727088&#8243;][vc_custom_heading text_color=&#8221;accent&#8221; heading_semantic=&#8221;p&#8221; uncode_shortcode_id=&#8221;505610&#8243; text_color_type=&#8221;uncode-palette&#8221;]Alonzo King LINES Ballet[\/vc_custom_heading][vc_custom_heading heading_semantic=&#8221;h3&#8243; text_font=&#8221;font-114625&#8243; text_size=&#8221;h5&#8243; text_weight=&#8221;700&#8243; uncode_shortcode_id=&#8221;149453&#8243;]Director\/ Choreographer : Alonzo King[\/vc_custom_heading][vc_column_text uncode_shortcode_id=&#8221;195442&#8243;]<a href=\"http:\/\/www.linesballet.org\" target=\"_blank\" rel=\"noopener\">www.linesballet.org<\/a>[\/vc_column_text][vc_empty_space empty_h=&#8221;2&#8243;][\/vc_column_inner][\/vc_row_inner][vc_column_text uncode_shortcode_id=&#8221;367002&#8243; el_class=&#8221;lineHeight&#8221;]Founded in 1982, Alonzo King LINES Ballet is a beacon of innovation in contemporary ballet. Under the visionary direction of choreographer Alonzo King, the company transcends classical boundaries by weaving together diverse cultural traditions through bold international collaborations. The result is a language of movement that is at once deeply personal and universally resonant\u00a0: athletic, articulate, and emotionally powerful.<\/p>\n<p>Hailed by William Forsythe as \u201cone of the few true ballet masters of our time,\u201d Alonzo King has garnered international acclaim, including the San Francisco Arts Medal, induction into the California Hall of Fame, and the prestigious Dance Magazine Award.<\/p>\n<p>Each season, LINES Ballet unveils new creations in its home city before embarking on international tours, sharing its transformative vision with audiences around the globe.<\/p>\n<p>Beyond the stage, LINES is committed to the future of dance. Through robust training programs, open classes, and free educational outreach in San Francisco schools, the company inspires the next generation of artists and makes the power of dance accessible to all.[\/vc_column_text][vc_empty_space][vc_custom_heading text_color=&#8221;accent&#8221; heading_semantic=&#8221;h3&#8243; uncode_shortcode_id=&#8221;337530&#8243; text_color_type=&#8221;uncode-palette&#8221;]Press talks about it[\/vc_custom_heading][vc_column_text uncode_shortcode_id=&#8221;234988&#8243; el_class=&#8221;lineHeight&#8221;]<\/p>\n<p class=\"p1\">\u00ab Through a dance that is as aesthetic as it is earthy, dazzling in its virtuosity, (&#8230;) he develops forms of sublime rituals that connect the intimate with the universal, the carnal with the spiritual. \u00bb<\/p>\n<p class=\"p2\"><b>J\u00e9r\u00e9my Bern\u00e8de, <i>Midi Libre<\/i><\/b><\/p>\n<p>[\/vc_column_text][vc_column_text uncode_shortcode_id=&#8221;139627&#8243; el_class=&#8221;lineHeight&#8221;]<\/p>\n<p class=\"p1\">\u00ab The dancers, rigorously trained in ballet, dedicate tehir craft to profoundly modern performance, infused witha classicism that enhances its brillance. \u00bb<\/p>\n<p class=\"p2\"><b>Peter Avondo, <i>L\u2019\u0153il d\u2019Olivier<\/i><\/b><\/p>\n<p>[\/vc_column_text][vc_column_text uncode_shortcode_id=&#8221;102772&#8243; el_class=&#8221;lineHeight&#8221;]<\/p>\n<p class=\"p1\">\u00ab Alonzo King masterfully blends classical and contemporary dance to create a work of striking aesthetic beauty. [&#8230;] With meticulous attention to sets, costumes, and lighting, and a distinctive, feline movement style that is the choreographer\u2019s hallmark. \u00bb<\/p>\n<p class=\"p2\"><b>Gil Martin, <i>Metropolitain<\/i><\/b><\/p>\n<p>[\/vc_column_text][vc_empty_space empty_h=&#8221;3&#8243; medium_visibility=&#8221;yes&#8221; mobile_visibility=&#8221;yes&#8221;][\/vc_column][\/vc_row][vc_row row_height_percent=&#8221;0&#8243; overlay_alpha=&#8221;50&#8243; gutter_size=&#8221;3&#8243; column_width_percent=&#8221;100&#8243; shift_y=&#8221;0&#8243; z_index=&#8221;0&#8243; uncode_shortcode_id=&#8221;607236&#8243;][vc_column column_width_percent=&#8221;100&#8243; align_horizontal=&#8221;align_center&#8221; gutter_size=&#8221;3&#8243; overlay_alpha=&#8221;50&#8243; shift_x=&#8221;0&#8243; shift_y=&#8221;0&#8243; shift_y_down=&#8221;0&#8243; z_index=&#8221;0&#8243; medium_width=&#8221;0&#8243; mobile_width=&#8221;0&#8243; width=&#8221;1\/1&#8243; uncode_shortcode_id=&#8221;853687&#8243;][vc_custom_heading text_color=&#8221;color-190155&#8243; heading_semantic=&#8221;p&#8221; uncode_shortcode_id=&#8221;159081&#8243; text_color_type=&#8221;uncode-palette&#8221;]<a href=\"https:\/\/www.deltadanse.com\/repertoires\/\">In the repertoire<\/a>[\/vc_custom_heading][uncode_index el_id=&#8221;index-537495863&#8243; index_type=&#8221;carousel&#8221; loop=&#8221;size:3|order_by:date|post_type:page|tax_query:5|taxonomy_count:10&#8243; carousel_lg=&#8221;3&#8243; carousel_md=&#8221;2&#8243; carousel_sm=&#8221;1&#8243; thumb_size=&#8221;three-two&#8221; gutter_size=&#8221;3&#8243; post_items=&#8221;media|featured|onpost|poster,date,title,text|excerpt|90,category|bordered|topright|hide-icon,sep-one|full,extra&#8221; page_items=&#8221;media|featured|onpost|original,title,text|excerpt,link|link|small_size|D\u00e9couvrir&#8221; carousel_interval=&#8221;3000&#8243; carousel_navspeed=&#8221;400&#8243; carousel_dots=&#8221;yes&#8221; carousel_dots_space=&#8221;yes&#8221; carousel_dots_mobile=&#8221;yes&#8221; stage_padding=&#8221;0&#8243; single_back_color=&#8221;color-563873&#8243; single_overlay_opacity=&#8221;50&#8243; single_text_visible=&#8221;yes&#8221; single_text_anim=&#8221;no&#8221; single_padding=&#8221;2&#8243; single_title_dimension=&#8221;h3&#8243; single_text_lead=&#8221;small&#8221; single_border=&#8221;yes&#8221; uncode_shortcode_id=&#8221;114739&#8243;][\/vc_column][\/vc_row][vc_row][vc_column width=&#8221;1\/1&#8243;][uncode_block id=&#8221;3542&#8243;][\/vc_column][\/vc_row]<\/p>\n<\/div>","protected":false},"excerpt":{"rendered":"<p>Combining a classical technique with personal intervention, Alonzo King lifts his performers to a non-stop dance becoming a staggering articulation of bodies.<\/p>\n","protected":false},"author":2,"featured_media":10174,"parent":1561,"menu_order":0,"comment_status":"closed","ping_status":"closed","template":"","meta":{"footnotes":""},"choregraphe":[119],"directeur-artistique":[120],"class_list":["post-1484","page","type-page","status-publish","has-post-thumbnail","hentry","choregraphe-alonzo-king","directeur-artistique-alonzo-king","page_category-compagnies-en"],"yoast_head":"<!-- This site is optimized with the Yoast SEO plugin v27.3 - https:\/\/yoast.com\/product\/yoast-seo-wordpress\/ -->\n<title>Alonzo King LINES Ballet I Delta Danse<\/title>\n<meta name=\"description\" content=\"Alonzo King LINES Ballet lifts his performers to a non-stop dance becoming a staggering articulation of bodies...\" \/>\n<meta name=\"robots\" content=\"index, follow, max-snippet:-1, max-image-preview:large, max-video-preview:-1\" \/>\n<link rel=\"canonical\" href=\"https:\/\/www.deltadanse.com\/en\/companies\/alonzo-king-lines-ballet\/\" \/>\n<meta property=\"og:locale\" content=\"en_US\" \/>\n<meta property=\"og:type\" content=\"article\" \/>\n<meta property=\"og:title\" content=\"Alonzo King LINES Ballet I Delta Danse\" \/>\n<meta property=\"og:description\" content=\"Alonzo King LINES Ballet lifts his performers to a non-stop dance becoming a staggering articulation of bodies...\" \/>\n<meta property=\"og:url\" content=\"https:\/\/www.deltadanse.com\/en\/companies\/alonzo-king-lines-ballet\/\" \/>\n<meta property=\"og:site_name\" content=\"Delta Danse\" \/>\n<meta property=\"article:modified_time\" content=\"2025-07-29T06:43:27+00:00\" \/>\n<meta property=\"og:image\" content=\"https:\/\/www.deltadanse.com\/wp-content\/uploads\/2024\/10\/Marusya-Madubuko-Joshua-Francique-Theo-Duff-Grant-Mael-Amatoul-Tatum-Quinonezonez-Alonzo-King-LINES-Ballet-\u00a9-Chris-Hardy-scaled.jpg\" \/>\n\t<meta property=\"og:image:width\" content=\"2560\" \/>\n\t<meta property=\"og:image:height\" content=\"1708\" \/>\n\t<meta property=\"og:image:type\" content=\"image\/jpeg\" \/>\n<meta name=\"twitter:card\" content=\"summary_large_image\" \/>\n<meta name=\"twitter:label1\" content=\"Est. reading time\" \/>\n\t<meta name=\"twitter:data1\" content=\"3 minutes\" \/>\n<script type=\"application\/ld+json\" class=\"yoast-schema-graph\">{\"@context\":\"https:\\\/\\\/schema.org\",\"@graph\":[{\"@type\":\"WebPage\",\"@id\":\"https:\\\/\\\/www.deltadanse.com\\\/en\\\/companies\\\/alonzo-king-lines-ballet\\\/\",\"url\":\"https:\\\/\\\/www.deltadanse.com\\\/en\\\/companies\\\/alonzo-king-lines-ballet\\\/\",\"name\":\"Alonzo King LINES Ballet I Delta Danse\",\"isPartOf\":{\"@id\":\"https:\\\/\\\/www.deltadanse.com\\\/en\\\/#website\"},\"primaryImageOfPage\":{\"@id\":\"https:\\\/\\\/www.deltadanse.com\\\/en\\\/companies\\\/alonzo-king-lines-ballet\\\/#primaryimage\"},\"image\":{\"@id\":\"https:\\\/\\\/www.deltadanse.com\\\/en\\\/companies\\\/alonzo-king-lines-ballet\\\/#primaryimage\"},\"thumbnailUrl\":\"https:\\\/\\\/www.deltadanse.com\\\/wp-content\\\/uploads\\\/2024\\\/10\\\/Marusya-Madubuko-Joshua-Francique-Theo-Duff-Grant-Mael-Amatoul-Tatum-Quinonezonez-Alonzo-King-LINES-Ballet-\u00a9-Chris-Hardy-scaled.jpg\",\"datePublished\":\"2022-09-01T06:44:45+00:00\",\"dateModified\":\"2025-07-29T06:43:27+00:00\",\"description\":\"Alonzo King LINES Ballet lifts his performers to a non-stop dance becoming a staggering articulation of bodies...\",\"breadcrumb\":{\"@id\":\"https:\\\/\\\/www.deltadanse.com\\\/en\\\/companies\\\/alonzo-king-lines-ballet\\\/#breadcrumb\"},\"inLanguage\":\"en-US\",\"potentialAction\":[{\"@type\":\"ReadAction\",\"target\":[\"https:\\\/\\\/www.deltadanse.com\\\/en\\\/companies\\\/alonzo-king-lines-ballet\\\/\"]}]},{\"@type\":\"ImageObject\",\"inLanguage\":\"en-US\",\"@id\":\"https:\\\/\\\/www.deltadanse.com\\\/en\\\/companies\\\/alonzo-king-lines-ballet\\\/#primaryimage\",\"url\":\"https:\\\/\\\/www.deltadanse.com\\\/wp-content\\\/uploads\\\/2024\\\/10\\\/Marusya-Madubuko-Joshua-Francique-Theo-Duff-Grant-Mael-Amatoul-Tatum-Quinonezonez-Alonzo-King-LINES-Ballet-\u00a9-Chris-Hardy-scaled.jpg\",\"contentUrl\":\"https:\\\/\\\/www.deltadanse.com\\\/wp-content\\\/uploads\\\/2024\\\/10\\\/Marusya-Madubuko-Joshua-Francique-Theo-Duff-Grant-Mael-Amatoul-Tatum-Quinonezonez-Alonzo-King-LINES-Ballet-\u00a9-Chris-Hardy-scaled.jpg\",\"width\":2560,\"height\":1708},{\"@type\":\"BreadcrumbList\",\"@id\":\"https:\\\/\\\/www.deltadanse.com\\\/en\\\/companies\\\/alonzo-king-lines-ballet\\\/#breadcrumb\",\"itemListElement\":[{\"@type\":\"ListItem\",\"position\":1,\"name\":\"Accueil\",\"item\":\"https:\\\/\\\/www.deltadanse.com\\\/en\\\/\"},{\"@type\":\"ListItem\",\"position\":2,\"name\":\"Companies\",\"item\":\"https:\\\/\\\/www.deltadanse.com\\\/en\\\/companies\\\/\"},{\"@type\":\"ListItem\",\"position\":3,\"name\":\"Alonzo King LINES Ballet\"}]},{\"@type\":\"WebSite\",\"@id\":\"https:\\\/\\\/www.deltadanse.com\\\/en\\\/#website\",\"url\":\"https:\\\/\\\/www.deltadanse.com\\\/en\\\/\",\"name\":\"Delta Danse\",\"description\":\"Just another WordPress site\",\"potentialAction\":[{\"@type\":\"SearchAction\",\"target\":{\"@type\":\"EntryPoint\",\"urlTemplate\":\"https:\\\/\\\/www.deltadanse.com\\\/en\\\/?s={search_term_string}\"},\"query-input\":{\"@type\":\"PropertyValueSpecification\",\"valueRequired\":true,\"valueName\":\"search_term_string\"}}],\"inLanguage\":\"en-US\"}]}<\/script>\n<!-- \/ Yoast SEO plugin. -->","yoast_head_json":{"title":"Alonzo King LINES Ballet I Delta Danse","description":"Alonzo King LINES Ballet lifts his performers to a non-stop dance becoming a staggering articulation of bodies...","robots":{"index":"index","follow":"follow","max-snippet":"max-snippet:-1","max-image-preview":"max-image-preview:large","max-video-preview":"max-video-preview:-1"},"canonical":"https:\/\/www.deltadanse.com\/en\/companies\/alonzo-king-lines-ballet\/","og_locale":"en_US","og_type":"article","og_title":"Alonzo King LINES Ballet I Delta Danse","og_description":"Alonzo King LINES Ballet lifts his performers to a non-stop dance becoming a staggering articulation of bodies...","og_url":"https:\/\/www.deltadanse.com\/en\/companies\/alonzo-king-lines-ballet\/","og_site_name":"Delta Danse","article_modified_time":"2025-07-29T06:43:27+00:00","og_image":[{"width":2560,"height":1708,"url":"https:\/\/www.deltadanse.com\/wp-content\/uploads\/2024\/10\/Marusya-Madubuko-Joshua-Francique-Theo-Duff-Grant-Mael-Amatoul-Tatum-Quinonezonez-Alonzo-King-LINES-Ballet-\u00a9-Chris-Hardy-scaled.jpg","type":"image\/jpeg"}],"twitter_card":"summary_large_image","twitter_misc":{"Est. reading time":"3 minutes"},"schema":{"@context":"https:\/\/schema.org","@graph":[{"@type":"WebPage","@id":"https:\/\/www.deltadanse.com\/en\/companies\/alonzo-king-lines-ballet\/","url":"https:\/\/www.deltadanse.com\/en\/companies\/alonzo-king-lines-ballet\/","name":"Alonzo King LINES Ballet I Delta Danse","isPartOf":{"@id":"https:\/\/www.deltadanse.com\/en\/#website"},"primaryImageOfPage":{"@id":"https:\/\/www.deltadanse.com\/en\/companies\/alonzo-king-lines-ballet\/#primaryimage"},"image":{"@id":"https:\/\/www.deltadanse.com\/en\/companies\/alonzo-king-lines-ballet\/#primaryimage"},"thumbnailUrl":"https:\/\/www.deltadanse.com\/wp-content\/uploads\/2024\/10\/Marusya-Madubuko-Joshua-Francique-Theo-Duff-Grant-Mael-Amatoul-Tatum-Quinonezonez-Alonzo-King-LINES-Ballet-\u00a9-Chris-Hardy-scaled.jpg","datePublished":"2022-09-01T06:44:45+00:00","dateModified":"2025-07-29T06:43:27+00:00","description":"Alonzo King LINES Ballet lifts his performers to a non-stop dance becoming a staggering articulation of bodies...","breadcrumb":{"@id":"https:\/\/www.deltadanse.com\/en\/companies\/alonzo-king-lines-ballet\/#breadcrumb"},"inLanguage":"en-US","potentialAction":[{"@type":"ReadAction","target":["https:\/\/www.deltadanse.com\/en\/companies\/alonzo-king-lines-ballet\/"]}]},{"@type":"ImageObject","inLanguage":"en-US","@id":"https:\/\/www.deltadanse.com\/en\/companies\/alonzo-king-lines-ballet\/#primaryimage","url":"https:\/\/www.deltadanse.com\/wp-content\/uploads\/2024\/10\/Marusya-Madubuko-Joshua-Francique-Theo-Duff-Grant-Mael-Amatoul-Tatum-Quinonezonez-Alonzo-King-LINES-Ballet-\u00a9-Chris-Hardy-scaled.jpg","contentUrl":"https:\/\/www.deltadanse.com\/wp-content\/uploads\/2024\/10\/Marusya-Madubuko-Joshua-Francique-Theo-Duff-Grant-Mael-Amatoul-Tatum-Quinonezonez-Alonzo-King-LINES-Ballet-\u00a9-Chris-Hardy-scaled.jpg","width":2560,"height":1708},{"@type":"BreadcrumbList","@id":"https:\/\/www.deltadanse.com\/en\/companies\/alonzo-king-lines-ballet\/#breadcrumb","itemListElement":[{"@type":"ListItem","position":1,"name":"Accueil","item":"https:\/\/www.deltadanse.com\/en\/"},{"@type":"ListItem","position":2,"name":"Companies","item":"https:\/\/www.deltadanse.com\/en\/companies\/"},{"@type":"ListItem","position":3,"name":"Alonzo King LINES Ballet"}]},{"@type":"WebSite","@id":"https:\/\/www.deltadanse.com\/en\/#website","url":"https:\/\/www.deltadanse.com\/en\/","name":"Delta Danse","description":"Just another WordPress site","potentialAction":[{"@type":"SearchAction","target":{"@type":"EntryPoint","urlTemplate":"https:\/\/www.deltadanse.com\/en\/?s={search_term_string}"},"query-input":{"@type":"PropertyValueSpecification","valueRequired":true,"valueName":"search_term_string"}}],"inLanguage":"en-US"}]}},"_links":{"self":[{"href":"https:\/\/www.deltadanse.com\/en\/wp-json\/wp\/v2\/pages\/1484","targetHints":{"allow":["GET"]}}],"collection":[{"href":"https:\/\/www.deltadanse.com\/en\/wp-json\/wp\/v2\/pages"}],"about":[{"href":"https:\/\/www.deltadanse.com\/en\/wp-json\/wp\/v2\/types\/page"}],"author":[{"embeddable":true,"href":"https:\/\/www.deltadanse.com\/en\/wp-json\/wp\/v2\/users\/2"}],"replies":[{"embeddable":true,"href":"https:\/\/www.deltadanse.com\/en\/wp-json\/wp\/v2\/comments?post=1484"}],"version-history":[{"count":0,"href":"https:\/\/www.deltadanse.com\/en\/wp-json\/wp\/v2\/pages\/1484\/revisions"}],"up":[{"embeddable":true,"href":"https:\/\/www.deltadanse.com\/en\/wp-json\/wp\/v2\/pages\/1561"}],"wp:featuredmedia":[{"embeddable":true,"href":"https:\/\/www.deltadanse.com\/en\/wp-json\/wp\/v2\/media\/10174"}],"wp:attachment":[{"href":"https:\/\/www.deltadanse.com\/en\/wp-json\/wp\/v2\/media?parent=1484"}],"wp:term":[{"taxonomy":"choregraphe","embeddable":true,"href":"https:\/\/www.deltadanse.com\/en\/wp-json\/wp\/v2\/choregraphe?post=1484"},{"taxonomy":"directeur-artistique","embeddable":true,"href":"https:\/\/www.deltadanse.com\/en\/wp-json\/wp\/v2\/directeur-artistique?post=1484"}],"curies":[{"name":"wp","href":"https:\/\/api.w.org\/{rel}","templated":true}]}}