{"id":1494,"date":"2022-09-02T12:20:30","date_gmt":"2022-09-02T10:20:30","guid":{"rendered":"https:\/\/www.deltadanse.com\/aterballetto\/"},"modified":"2025-07-29T08:55:30","modified_gmt":"2025-07-29T06:55:30","slug":"aterballetto","status":"publish","type":"page","link":"https:\/\/www.deltadanse.com\/en\/companies\/aterballetto\/","title":{"rendered":"Aterballetto"},"content":{"rendered":"<div class=\"wpb-content-wrapper\"><p>[vc_row unlock_row_content=&#8221;yes&#8221; row_height_percent=&#8221;0&#8243; override_padding=&#8221;yes&#8221; h_padding=&#8221;7&#8243; top_padding=&#8221;2&#8243; bottom_padding=&#8221;2&#8243; overlay_alpha=&#8221;50&#8243; gutter_size=&#8221;3&#8243; column_width_percent=&#8221;100&#8243; shift_y=&#8221;0&#8243; z_index=&#8221;0&#8243; uncode_shortcode_id=&#8221;347231&#8243;][vc_column column_width_percent=&#8221;100&#8243; align_horizontal=&#8221;align_center&#8221; gutter_size=&#8221;2&#8243; overlay_alpha=&#8221;50&#8243; shift_x=&#8221;0&#8243; shift_y=&#8221;0&#8243; shift_y_down=&#8221;0&#8243; z_index=&#8221;0&#8243; medium_width=&#8221;0&#8243; mobile_width=&#8221;0&#8243; width=&#8221;7\/12&#8243; uncode_shortcode_id=&#8221;850447&#8243;][vc_row_inner row_inner_height_percent=&#8221;0&#8243; overlay_alpha=&#8221;50&#8243; gutter_size=&#8221;3&#8243; shift_y=&#8221;3&#8243; z_index=&#8221;7&#8243; uncode_shortcode_id=&#8221;710303&#8243; limit_content=&#8221;&#8221;][vc_column_inner column_width_percent=&#8221;100&#8243; align_horizontal=&#8221;align_center&#8221; gutter_size=&#8221;3&#8243; overlay_alpha=&#8221;50&#8243; shift_x=&#8221;0&#8243; shift_y=&#8221;0&#8243; shift_y_down=&#8221;0&#8243; z_index=&#8221;0&#8243; medium_width=&#8221;0&#8243; mobile_width=&#8221;0&#8243; width=&#8221;1\/1&#8243; uncode_shortcode_id=&#8221;818021&#8243;][vc_custom_heading text_color=&#8221;color-400934&#8243; heading_semantic=&#8221;h1&#8243; text_size=&#8221;fontsize-200930&#8243; text_height=&#8221;fontheight-144852&#8243; uncode_shortcode_id=&#8221;678443&#8243; text_color_type=&#8221;uncode-palette&#8221;]Aterballetto[\/vc_custom_heading][\/vc_column_inner][\/vc_row_inner][vc_row_inner row_inner_height_percent=&#8221;0&#8243; overlay_alpha=&#8221;50&#8243; gutter_size=&#8221;3&#8243; shift_y=&#8221;0&#8243; z_index=&#8221;0&#8243; uncode_shortcode_id=&#8221;936960&#8243; limit_content=&#8221;&#8221;][vc_column_inner column_width_percent=&#8221;100&#8243; gutter_size=&#8221;3&#8243; overlay_alpha=&#8221;50&#8243; shift_x=&#8221;0&#8243; shift_y=&#8221;-3&#8243; shift_y_down=&#8221;0&#8243; z_index=&#8221;0&#8243; medium_width=&#8221;0&#8243; mobile_width=&#8221;0&#8243; width=&#8221;1\/1&#8243; uncode_shortcode_id=&#8221;776763&#8243;][vc_gallery el_id=&#8221;gallery-191160&#8243; type=&#8221;carousel&#8221; medias=&#8221;12111,11803,11385,9886,2006,2014,12115,11800,11382,9882,2010,12106,11379,11373,11376&#8243; carousel_lg=&#8221;1&#8243; carousel_md=&#8221;1&#8243; carousel_sm=&#8221;1&#8243; thumb_size=&#8221;sixteen-nine&#8221; gutter_size=&#8221;3&#8243; media_items=&#8221;media|nolink|original,icon&#8221; carousel_interval=&#8221;3000&#8243; carousel_navspeed=&#8221;400&#8243; carousel_loop=&#8221;yes&#8221; stage_padding=&#8221;0&#8243; single_overlay_opacity=&#8221;50&#8243; single_overlay_anim=&#8221;no&#8221; single_text_anim=&#8221;no&#8221; single_image_anim=&#8221;no&#8221; single_padding=&#8221;2&#8243; uncode_shortcode_id=&#8221;510801&#8243; el_class=&#8221;carrousel-compagnie&#8221;][vc_empty_space empty_h=&#8221;2&#8243; medium_visibility=&#8221;yes&#8221; mobile_visibility=&#8221;yes&#8221;][\/vc_column_inner][\/vc_row_inner][vc_row_inner limit_content=&#8221;&#8221;][vc_column_inner column_width_percent=&#8221;100&#8243; gutter_size=&#8221;3&#8243; overlay_alpha=&#8221;50&#8243; shift_x=&#8221;0&#8243; shift_y=&#8221;0&#8243; shift_y_down=&#8221;0&#8243; z_index=&#8221;0&#8243; medium_visibility=&#8221;yes&#8221; medium_width=&#8221;0&#8243; mobile_visibility=&#8221;yes&#8221; mobile_width=&#8221;0&#8243; width=&#8221;1\/6&#8243; uncode_shortcode_id=&#8221;182943&#8243;][\/vc_column_inner][vc_column_inner column_width_percent=&#8221;100&#8243; gutter_size=&#8221;2&#8243; overlay_alpha=&#8221;50&#8243; shift_x=&#8221;0&#8243; shift_y=&#8221;0&#8243; shift_y_down=&#8221;0&#8243; z_index=&#8221;0&#8243; medium_width=&#8221;0&#8243; mobile_width=&#8221;0&#8243; width=&#8221;2\/3&#8243; uncode_shortcode_id=&#8221;203633&#8243;][calendar_season style=&#8221;company&#8221; company=&#8221;aterballetto&#8221;][\/vc_column_inner][vc_column_inner column_width_percent=&#8221;100&#8243; gutter_size=&#8221;3&#8243; overlay_alpha=&#8221;50&#8243; shift_x=&#8221;0&#8243; shift_y=&#8221;0&#8243; shift_y_down=&#8221;0&#8243; z_index=&#8221;0&#8243; medium_visibility=&#8221;yes&#8221; medium_width=&#8221;0&#8243; mobile_visibility=&#8221;yes&#8221; mobile_width=&#8221;0&#8243; width=&#8221;1\/6&#8243; uncode_shortcode_id=&#8221;573160&#8243;][\/vc_column_inner][\/vc_row_inner][\/vc_column][vc_column column_width_percent=&#8221;100&#8243; gutter_size=&#8221;2&#8243; override_padding=&#8221;yes&#8221; column_padding=&#8221;3&#8243; overlay_alpha=&#8221;50&#8243; shift_x=&#8221;0&#8243; shift_y=&#8221;0&#8243; shift_y_down=&#8221;0&#8243; z_index=&#8221;0&#8243; medium_width=&#8221;0&#8243; mobile_width=&#8221;0&#8243; width=&#8221;5\/12&#8243; uncode_shortcode_id=&#8221;485576&#8243; el_class=&#8221;contenu-compagnie&#8221;][vc_row_inner limit_content=&#8221;&#8221;][vc_column_inner column_width_percent=&#8221;100&#8243; gutter_size=&#8221;2&#8243; overlay_alpha=&#8221;50&#8243; shift_x=&#8221;0&#8243; shift_y=&#8221;0&#8243; shift_y_down=&#8221;0&#8243; z_index=&#8221;0&#8243; medium_width=&#8221;0&#8243; mobile_width=&#8221;0&#8243; width=&#8221;1\/1&#8243; uncode_shortcode_id=&#8221;727088&#8243;][vc_custom_heading text_color=&#8221;accent&#8221; heading_semantic=&#8221;p&#8221; uncode_shortcode_id=&#8221;936864&#8243; text_color_type=&#8221;uncode-palette&#8221;]Aterballetto[\/vc_custom_heading][vc_custom_heading heading_semantic=&#8221;p&#8221; text_font=&#8221;font-114625&#8243; text_size=&#8221;h5&#8243; text_weight=&#8221;700&#8243; uncode_shortcode_id=&#8221;134013&#8243;]National Choreographic Center[\/vc_custom_heading][vc_custom_heading heading_semantic=&#8221;p&#8221; text_font=&#8221;font-555555&#8243; text_size=&#8221;h5&#8243; uncode_shortcode_id=&#8221;192346&#8243;]General and artistic director: Gigi Cristoforetti[\/vc_custom_heading][vc_custom_heading heading_semantic=&#8221;p&#8221; text_font=&#8221;font-555555&#8243; text_size=&#8221;h5&#8243; uncode_shortcode_id=&#8221;118919&#8243;]Company director: Sveva Berti[\/vc_custom_heading][vc_column_text uncode_shortcode_id=&#8221;207778&#8243;]<a href=\"http:\/\/www.aterballetto.it\" target=\"_blank\" rel=\"noopener\"><span style=\"font-weight: 400;\">www.aterballetto.it<\/span><\/a>[\/vc_column_text][vc_empty_space empty_h=&#8221;2&#8243;][\/vc_column_inner][\/vc_row_inner][vc_column_text uncode_shortcode_id=&#8221;485561&#8243; el_class=&#8221;lineHeight&#8221;]Aterballetto, Italy\u2019s first National Choreographic Centre, is renowned for its bold and demanding repertoire under the direction of Gigi Cristoforetti. Founded in 1977, the company quickly rose to prominence both in Italy and internationally, thanks to the technical excellence and powerful stage presence of its 16 exceptional dancers.<\/p>\n<p>Its artistic identity is rooted in a dynamic dialogue between dance and other art forms, shaping a thoughtful program that brings together iconic choreographers and emerging voices. Aterballetto presents works by acclaimed artists such as Johan Inger, Angelin Preljocaj, Marcos Morau, and Diego Tortelli, while also reinterpreting masterpieces by Ji\u0159\u00ed Kyli\u00e1n, Ohad Naharin, William Forsythe, Hofesh Shechter, and Crystal Pite.<\/p>\n<p>Driven by a strong commitment to inclusion and innovation, the company brings dance into diverse spaces\u2014on stage, on screen, in virtual reality, and through projects with young audiences, seniors, and people with disabilities\u2014bridging the gap between choreography and the wider world.[\/vc_column_text][vc_empty_space][vc_custom_heading text_color=&#8221;accent&#8221; heading_semantic=&#8221;h3&#8243; uncode_shortcode_id=&#8221;159518&#8243; text_color_type=&#8221;uncode-palette&#8221;]Press talks about it[\/vc_custom_heading][vc_column_text uncode_shortcode_id=&#8221;101670&#8243; el_class=&#8221;lineHeight&#8221;]\u00ab An excellent contemporary dance company whose technical level rivals that of major international ensembles. \u00bb<br \/>\nAnna Bandettini, <em><strong>La Repubblica<\/strong><\/em>[\/vc_column_text][vc_column_text uncode_shortcode_id=&#8221;208440&#8243; el_class=&#8221;lineHeight&#8221;]<\/p>\n<p class=\"p1\">\u00ab The company is generous and capable of successfully embracing different artistic visions each time. \u00bb<\/p>\n<p class=\"p2\"><b>Maria Luisa Buzzi, <i>DanzaDanza<\/i><\/b><\/p>\n<p>[\/vc_column_text][vc_empty_space empty_h=&#8221;3&#8243; medium_visibility=&#8221;yes&#8221; mobile_visibility=&#8221;yes&#8221;][\/vc_column][\/vc_row][vc_row row_height_percent=&#8221;0&#8243; overlay_alpha=&#8221;50&#8243; gutter_size=&#8221;3&#8243; column_width_percent=&#8221;100&#8243; shift_y=&#8221;0&#8243; z_index=&#8221;0&#8243; uncode_shortcode_id=&#8221;607236&#8243;][vc_column column_width_percent=&#8221;100&#8243; align_horizontal=&#8221;align_center&#8221; gutter_size=&#8221;3&#8243; overlay_alpha=&#8221;50&#8243; shift_x=&#8221;0&#8243; shift_y=&#8221;0&#8243; shift_y_down=&#8221;0&#8243; z_index=&#8221;0&#8243; medium_width=&#8221;0&#8243; mobile_width=&#8221;0&#8243; width=&#8221;1\/1&#8243; uncode_shortcode_id=&#8221;853687&#8243;][vc_custom_heading text_color=&#8221;color-190155&#8243; heading_semantic=&#8221;h3&#8243; uncode_shortcode_id=&#8221;121632&#8243; text_color_type=&#8221;uncode-palette&#8221;]In the repertoire[\/vc_custom_heading][uncode_index el_id=&#8221;index-537495863&#8243; index_type=&#8221;carousel&#8221; loop=&#8221;size:20|order_by:date|post_type:page|tax_query:8|taxonomy_count:10&#8243; carousel_lg=&#8221;3&#8243; carousel_md=&#8221;2&#8243; carousel_sm=&#8221;1&#8243; thumb_size=&#8221;three-two&#8221; gutter_size=&#8221;3&#8243; post_items=&#8221;media|featured|onpost|poster,date,title,text|excerpt|90,category|bordered|topright|hide-icon,sep-one|full,extra&#8221; page_items=&#8221;media|featured|onpost|original,title,text|excerpt|100,link|link|small_size|D\u00e9couvrir&#8221; carousel_interval=&#8221;3000&#8243; carousel_navspeed=&#8221;400&#8243; carousel_dots=&#8221;yes&#8221; carousel_dots_space=&#8221;yes&#8221; carousel_dots_mobile=&#8221;yes&#8221; stage_padding=&#8221;0&#8243; single_back_color=&#8221;color-563873&#8243; single_overlay_opacity=&#8221;50&#8243; single_text_visible=&#8221;yes&#8221; single_text_anim=&#8221;no&#8221; single_padding=&#8221;2&#8243; single_title_dimension=&#8221;h4&#8243; single_title_weight=&#8221;600&#8243; single_text_lead=&#8221;small&#8221; single_border=&#8221;yes&#8221; uncode_shortcode_id=&#8221;200390&#8243;][\/vc_column][\/vc_row][vc_row][vc_column width=&#8221;1\/1&#8243;][uncode_block id=&#8221;3542&#8243;][\/vc_column][\/vc_row]<\/p>\n<\/div>","protected":false},"excerpt":{"rendered":"<p>Founded in 1977 as Compagnia di Balletto dei Teatri dell\u2019Emilia \u2013 Romagna and directed by Vittorio Biagi, the company has been known since 1979 as Aterballetto.<\/p>\n","protected":false},"author":2,"featured_media":9361,"parent":1561,"menu_order":0,"comment_status":"closed","ping_status":"closed","template":"","meta":{"footnotes":""},"choregraphe":[],"directeur-artistique":[121],"class_list":["post-1494","page","type-page","status-publish","has-post-thumbnail","hentry","directeur-artistique-gigi-cristoforetti","page_category-compagnies-en"],"yoast_head":"<!-- This site is optimized with the Yoast SEO plugin v27.4 - https:\/\/yoast.com\/product\/yoast-seo-wordpress\/ -->\n<title>Aterballetto I National Choreographic Centre I Delta Danse<\/title>\n<meta name=\"description\" content=\"Aterballetto : composed of 16 soloist dancers who are able to grasp deeply the most diverse dance styles, Aterballetto has gained...\" \/>\n<meta name=\"robots\" content=\"index, follow, max-snippet:-1, max-image-preview:large, max-video-preview:-1\" \/>\n<link rel=\"canonical\" href=\"https:\/\/www.deltadanse.com\/en\/companies\/aterballetto\/\" \/>\n<meta property=\"og:locale\" content=\"en_US\" \/>\n<meta property=\"og:type\" content=\"article\" \/>\n<meta property=\"og:title\" content=\"Aterballetto I National Choreographic Centre I Delta Danse\" \/>\n<meta property=\"og:description\" content=\"Aterballetto : composed of 16 soloist dancers who are able to grasp deeply the most diverse dance styles, Aterballetto has gained...\" \/>\n<meta property=\"og:url\" content=\"https:\/\/www.deltadanse.com\/en\/companies\/aterballetto\/\" \/>\n<meta property=\"og:site_name\" content=\"Delta Danse\" \/>\n<meta property=\"article:modified_time\" content=\"2025-07-29T06:55:30+00:00\" \/>\n<meta property=\"og:image\" content=\"https:\/\/www.deltadanse.com\/wp-content\/uploads\/2024\/09\/CCN-Aterballetto-Rhapsody-in-blue-ph.-Christophe-Bernard-6-scaled.jpg\" \/>\n\t<meta property=\"og:image:width\" content=\"2560\" \/>\n\t<meta property=\"og:image:height\" content=\"1708\" \/>\n\t<meta property=\"og:image:type\" content=\"image\/jpeg\" \/>\n<meta name=\"twitter:card\" content=\"summary_large_image\" \/>\n<meta name=\"twitter:label1\" content=\"Est. reading time\" \/>\n\t<meta name=\"twitter:data1\" content=\"4 minutes\" \/>\n<script type=\"application\/ld+json\" class=\"yoast-schema-graph\">{\"@context\":\"https:\\\/\\\/schema.org\",\"@graph\":[{\"@type\":\"WebPage\",\"@id\":\"https:\\\/\\\/www.deltadanse.com\\\/en\\\/companies\\\/aterballetto\\\/\",\"url\":\"https:\\\/\\\/www.deltadanse.com\\\/en\\\/companies\\\/aterballetto\\\/\",\"name\":\"Aterballetto I National Choreographic Centre I Delta Danse\",\"isPartOf\":{\"@id\":\"https:\\\/\\\/www.deltadanse.com\\\/en\\\/#website\"},\"primaryImageOfPage\":{\"@id\":\"https:\\\/\\\/www.deltadanse.com\\\/en\\\/companies\\\/aterballetto\\\/#primaryimage\"},\"image\":{\"@id\":\"https:\\\/\\\/www.deltadanse.com\\\/en\\\/companies\\\/aterballetto\\\/#primaryimage\"},\"thumbnailUrl\":\"https:\\\/\\\/www.deltadanse.com\\\/wp-content\\\/uploads\\\/2024\\\/09\\\/CCN-Aterballetto-Rhapsody-in-blue-ph.-Christophe-Bernard-6-scaled.jpg\",\"datePublished\":\"2022-09-02T10:20:30+00:00\",\"dateModified\":\"2025-07-29T06:55:30+00:00\",\"description\":\"Aterballetto : composed of 16 soloist dancers who are able to grasp deeply the most diverse dance styles, Aterballetto has gained...\",\"breadcrumb\":{\"@id\":\"https:\\\/\\\/www.deltadanse.com\\\/en\\\/companies\\\/aterballetto\\\/#breadcrumb\"},\"inLanguage\":\"en-US\",\"potentialAction\":[{\"@type\":\"ReadAction\",\"target\":[\"https:\\\/\\\/www.deltadanse.com\\\/en\\\/companies\\\/aterballetto\\\/\"]}]},{\"@type\":\"ImageObject\",\"inLanguage\":\"en-US\",\"@id\":\"https:\\\/\\\/www.deltadanse.com\\\/en\\\/companies\\\/aterballetto\\\/#primaryimage\",\"url\":\"https:\\\/\\\/www.deltadanse.com\\\/wp-content\\\/uploads\\\/2024\\\/09\\\/CCN-Aterballetto-Rhapsody-in-blue-ph.-Christophe-Bernard-6-scaled.jpg\",\"contentUrl\":\"https:\\\/\\\/www.deltadanse.com\\\/wp-content\\\/uploads\\\/2024\\\/09\\\/CCN-Aterballetto-Rhapsody-in-blue-ph.-Christophe-Bernard-6-scaled.jpg\",\"width\":2560,\"height\":1708},{\"@type\":\"BreadcrumbList\",\"@id\":\"https:\\\/\\\/www.deltadanse.com\\\/en\\\/companies\\\/aterballetto\\\/#breadcrumb\",\"itemListElement\":[{\"@type\":\"ListItem\",\"position\":1,\"name\":\"Accueil\",\"item\":\"https:\\\/\\\/www.deltadanse.com\\\/en\\\/\"},{\"@type\":\"ListItem\",\"position\":2,\"name\":\"Companies\",\"item\":\"https:\\\/\\\/www.deltadanse.com\\\/en\\\/companies\\\/\"},{\"@type\":\"ListItem\",\"position\":3,\"name\":\"Aterballetto\"}]},{\"@type\":\"WebSite\",\"@id\":\"https:\\\/\\\/www.deltadanse.com\\\/en\\\/#website\",\"url\":\"https:\\\/\\\/www.deltadanse.com\\\/en\\\/\",\"name\":\"Delta Danse\",\"description\":\"Just another WordPress site\",\"potentialAction\":[{\"@type\":\"SearchAction\",\"target\":{\"@type\":\"EntryPoint\",\"urlTemplate\":\"https:\\\/\\\/www.deltadanse.com\\\/en\\\/?s={search_term_string}\"},\"query-input\":{\"@type\":\"PropertyValueSpecification\",\"valueRequired\":true,\"valueName\":\"search_term_string\"}}],\"inLanguage\":\"en-US\"}]}<\/script>\n<!-- \/ Yoast SEO plugin. -->","yoast_head_json":{"title":"Aterballetto I National Choreographic Centre I Delta Danse","description":"Aterballetto : composed of 16 soloist dancers who are able to grasp deeply the most diverse dance styles, Aterballetto has gained...","robots":{"index":"index","follow":"follow","max-snippet":"max-snippet:-1","max-image-preview":"max-image-preview:large","max-video-preview":"max-video-preview:-1"},"canonical":"https:\/\/www.deltadanse.com\/en\/companies\/aterballetto\/","og_locale":"en_US","og_type":"article","og_title":"Aterballetto I National Choreographic Centre I Delta Danse","og_description":"Aterballetto : composed of 16 soloist dancers who are able to grasp deeply the most diverse dance styles, Aterballetto has gained...","og_url":"https:\/\/www.deltadanse.com\/en\/companies\/aterballetto\/","og_site_name":"Delta Danse","article_modified_time":"2025-07-29T06:55:30+00:00","og_image":[{"width":2560,"height":1708,"url":"https:\/\/www.deltadanse.com\/wp-content\/uploads\/2024\/09\/CCN-Aterballetto-Rhapsody-in-blue-ph.-Christophe-Bernard-6-scaled.jpg","type":"image\/jpeg"}],"twitter_card":"summary_large_image","twitter_misc":{"Est. reading time":"4 minutes"},"schema":{"@context":"https:\/\/schema.org","@graph":[{"@type":"WebPage","@id":"https:\/\/www.deltadanse.com\/en\/companies\/aterballetto\/","url":"https:\/\/www.deltadanse.com\/en\/companies\/aterballetto\/","name":"Aterballetto I National Choreographic Centre I Delta Danse","isPartOf":{"@id":"https:\/\/www.deltadanse.com\/en\/#website"},"primaryImageOfPage":{"@id":"https:\/\/www.deltadanse.com\/en\/companies\/aterballetto\/#primaryimage"},"image":{"@id":"https:\/\/www.deltadanse.com\/en\/companies\/aterballetto\/#primaryimage"},"thumbnailUrl":"https:\/\/www.deltadanse.com\/wp-content\/uploads\/2024\/09\/CCN-Aterballetto-Rhapsody-in-blue-ph.-Christophe-Bernard-6-scaled.jpg","datePublished":"2022-09-02T10:20:30+00:00","dateModified":"2025-07-29T06:55:30+00:00","description":"Aterballetto : composed of 16 soloist dancers who are able to grasp deeply the most diverse dance styles, Aterballetto has gained...","breadcrumb":{"@id":"https:\/\/www.deltadanse.com\/en\/companies\/aterballetto\/#breadcrumb"},"inLanguage":"en-US","potentialAction":[{"@type":"ReadAction","target":["https:\/\/www.deltadanse.com\/en\/companies\/aterballetto\/"]}]},{"@type":"ImageObject","inLanguage":"en-US","@id":"https:\/\/www.deltadanse.com\/en\/companies\/aterballetto\/#primaryimage","url":"https:\/\/www.deltadanse.com\/wp-content\/uploads\/2024\/09\/CCN-Aterballetto-Rhapsody-in-blue-ph.-Christophe-Bernard-6-scaled.jpg","contentUrl":"https:\/\/www.deltadanse.com\/wp-content\/uploads\/2024\/09\/CCN-Aterballetto-Rhapsody-in-blue-ph.-Christophe-Bernard-6-scaled.jpg","width":2560,"height":1708},{"@type":"BreadcrumbList","@id":"https:\/\/www.deltadanse.com\/en\/companies\/aterballetto\/#breadcrumb","itemListElement":[{"@type":"ListItem","position":1,"name":"Accueil","item":"https:\/\/www.deltadanse.com\/en\/"},{"@type":"ListItem","position":2,"name":"Companies","item":"https:\/\/www.deltadanse.com\/en\/companies\/"},{"@type":"ListItem","position":3,"name":"Aterballetto"}]},{"@type":"WebSite","@id":"https:\/\/www.deltadanse.com\/en\/#website","url":"https:\/\/www.deltadanse.com\/en\/","name":"Delta Danse","description":"Just another WordPress site","potentialAction":[{"@type":"SearchAction","target":{"@type":"EntryPoint","urlTemplate":"https:\/\/www.deltadanse.com\/en\/?s={search_term_string}"},"query-input":{"@type":"PropertyValueSpecification","valueRequired":true,"valueName":"search_term_string"}}],"inLanguage":"en-US"}]}},"_links":{"self":[{"href":"https:\/\/www.deltadanse.com\/en\/wp-json\/wp\/v2\/pages\/1494","targetHints":{"allow":["GET"]}}],"collection":[{"href":"https:\/\/www.deltadanse.com\/en\/wp-json\/wp\/v2\/pages"}],"about":[{"href":"https:\/\/www.deltadanse.com\/en\/wp-json\/wp\/v2\/types\/page"}],"author":[{"embeddable":true,"href":"https:\/\/www.deltadanse.com\/en\/wp-json\/wp\/v2\/users\/2"}],"replies":[{"embeddable":true,"href":"https:\/\/www.deltadanse.com\/en\/wp-json\/wp\/v2\/comments?post=1494"}],"version-history":[{"count":0,"href":"https:\/\/www.deltadanse.com\/en\/wp-json\/wp\/v2\/pages\/1494\/revisions"}],"up":[{"embeddable":true,"href":"https:\/\/www.deltadanse.com\/en\/wp-json\/wp\/v2\/pages\/1561"}],"wp:featuredmedia":[{"embeddable":true,"href":"https:\/\/www.deltadanse.com\/en\/wp-json\/wp\/v2\/media\/9361"}],"wp:attachment":[{"href":"https:\/\/www.deltadanse.com\/en\/wp-json\/wp\/v2\/media?parent=1494"}],"wp:term":[{"taxonomy":"choregraphe","embeddable":true,"href":"https:\/\/www.deltadanse.com\/en\/wp-json\/wp\/v2\/choregraphe?post=1494"},{"taxonomy":"directeur-artistique","embeddable":true,"href":"https:\/\/www.deltadanse.com\/en\/wp-json\/wp\/v2\/directeur-artistique?post=1494"}],"curies":[{"name":"wp","href":"https:\/\/api.w.org\/{rel}","templated":true}]}}