{"id":1522,"date":"2022-09-02T15:38:25","date_gmt":"2022-09-02T13:38:25","guid":{"rendered":"https:\/\/www.deltadanse.com\/ballet-du-grand-theatre-de-geneve\/"},"modified":"2025-07-29T09:05:54","modified_gmt":"2025-07-29T07:05:54","slug":"ballet-du-grand-theatre-de-geneve","status":"publish","type":"page","link":"https:\/\/www.deltadanse.com\/en\/companies\/ballet-du-grand-theatre-de-geneve\/","title":{"rendered":"Ballet du Grand Th\u00e9\u00e2tre de Gen\u00e8ve"},"content":{"rendered":"<div class=\"wpb-content-wrapper\"><p>[vc_row unlock_row_content=&#8221;yes&#8221; row_height_percent=&#8221;0&#8243; override_padding=&#8221;yes&#8221; h_padding=&#8221;7&#8243; top_padding=&#8221;2&#8243; bottom_padding=&#8221;2&#8243; overlay_alpha=&#8221;50&#8243; gutter_size=&#8221;3&#8243; column_width_percent=&#8221;100&#8243; shift_y=&#8221;0&#8243; z_index=&#8221;0&#8243; uncode_shortcode_id=&#8221;347231&#8243;][vc_column column_width_percent=&#8221;100&#8243; align_horizontal=&#8221;align_center&#8221; gutter_size=&#8221;2&#8243; overlay_alpha=&#8221;50&#8243; shift_x=&#8221;0&#8243; shift_y=&#8221;0&#8243; shift_y_down=&#8221;0&#8243; z_index=&#8221;0&#8243; medium_width=&#8221;0&#8243; mobile_width=&#8221;0&#8243; width=&#8221;7\/12&#8243; uncode_shortcode_id=&#8221;850447&#8243;][vc_row_inner row_inner_height_percent=&#8221;0&#8243; overlay_alpha=&#8221;50&#8243; gutter_size=&#8221;3&#8243; shift_y=&#8221;3&#8243; z_index=&#8221;7&#8243; uncode_shortcode_id=&#8221;710303&#8243; limit_content=&#8221;&#8221;][vc_column_inner column_width_percent=&#8221;100&#8243; align_horizontal=&#8221;align_center&#8221; gutter_size=&#8221;3&#8243; overlay_alpha=&#8221;50&#8243; shift_x=&#8221;0&#8243; shift_y=&#8221;0&#8243; shift_y_down=&#8221;0&#8243; z_index=&#8221;0&#8243; medium_width=&#8221;0&#8243; mobile_width=&#8221;0&#8243; width=&#8221;1\/1&#8243; uncode_shortcode_id=&#8221;818021&#8243;][vc_custom_heading text_color=&#8221;color-400934&#8243; heading_semantic=&#8221;h1&#8243; text_size=&#8221;fontsize-617548&#8243; text_height=&#8221;fontheight-144852&#8243; uncode_shortcode_id=&#8221;553237&#8243; text_color_type=&#8221;uncode-palette&#8221;]Ballet du Grand Th\u00e9\u00e2tre de Gen\u00e8ve[\/vc_custom_heading][\/vc_column_inner][\/vc_row_inner][vc_row_inner row_inner_height_percent=&#8221;0&#8243; overlay_alpha=&#8221;50&#8243; gutter_size=&#8221;3&#8243; shift_y=&#8221;-4&#8243; z_index=&#8221;0&#8243; uncode_shortcode_id=&#8221;130404&#8243; limit_content=&#8221;&#8221;][vc_column_inner column_width_percent=&#8221;100&#8243; gutter_size=&#8221;3&#8243; overlay_alpha=&#8221;50&#8243; shift_x=&#8221;0&#8243; shift_y=&#8221;-3&#8243; shift_y_down=&#8221;0&#8243; z_index=&#8221;0&#8243; medium_width=&#8221;0&#8243; mobile_width=&#8221;0&#8243; width=&#8221;1\/1&#8243; uncode_shortcode_id=&#8221;776763&#8243;][vc_gallery el_id=&#8221;gallery-191160&#8243; type=&#8221;carousel&#8221; medias=&#8221;11658,11736,11707,11667,11727,11710,11733,11655,11701,11652,11730,11661,11692,11724,11676,11695,11670&#8243; carousel_lg=&#8221;1&#8243; carousel_md=&#8221;1&#8243; carousel_sm=&#8221;1&#8243; thumb_size=&#8221;sixteen-nine&#8221; gutter_size=&#8221;3&#8243; media_items=&#8221;media|nolink|original,icon&#8221; carousel_interval=&#8221;3000&#8243; carousel_navspeed=&#8221;400&#8243; carousel_loop=&#8221;yes&#8221; stage_padding=&#8221;0&#8243; single_overlay_opacity=&#8221;50&#8243; single_overlay_anim=&#8221;no&#8221; single_text_anim=&#8221;no&#8221; single_image_anim=&#8221;no&#8221; single_padding=&#8221;2&#8243; uncode_shortcode_id=&#8221;354487&#8243; el_class=&#8221;carrousel-compagnie&#8221;][vc_empty_space empty_h=&#8221;2&#8243; medium_visibility=&#8221;yes&#8221; mobile_visibility=&#8221;yes&#8221;][\/vc_column_inner][\/vc_row_inner][vc_row_inner limit_content=&#8221;&#8221;][vc_column_inner column_width_percent=&#8221;100&#8243; gutter_size=&#8221;3&#8243; overlay_alpha=&#8221;50&#8243; shift_x=&#8221;0&#8243; shift_y=&#8221;0&#8243; shift_y_down=&#8221;0&#8243; z_index=&#8221;0&#8243; medium_visibility=&#8221;yes&#8221; medium_width=&#8221;0&#8243; mobile_visibility=&#8221;yes&#8221; mobile_width=&#8221;0&#8243; width=&#8221;1\/6&#8243; uncode_shortcode_id=&#8221;208226&#8243;][\/vc_column_inner][vc_column_inner column_width_percent=&#8221;100&#8243; gutter_size=&#8221;2&#8243; overlay_alpha=&#8221;50&#8243; shift_x=&#8221;0&#8243; shift_y=&#8221;0&#8243; shift_y_down=&#8221;0&#8243; z_index=&#8221;0&#8243; medium_width=&#8221;0&#8243; mobile_width=&#8221;0&#8243; width=&#8221;2\/3&#8243; uncode_shortcode_id=&#8221;184988&#8243;][calendar_season style=&#8221;company&#8221; company=&#8221;ballet-du-grand-theatre-de-geneve&#8221;][\/vc_column_inner][vc_column_inner column_width_percent=&#8221;100&#8243; gutter_size=&#8221;3&#8243; overlay_alpha=&#8221;50&#8243; shift_x=&#8221;0&#8243; shift_y=&#8221;0&#8243; shift_y_down=&#8221;0&#8243; z_index=&#8221;0&#8243; medium_visibility=&#8221;yes&#8221; medium_width=&#8221;0&#8243; mobile_visibility=&#8221;yes&#8221; mobile_width=&#8221;0&#8243; width=&#8221;1\/6&#8243; uncode_shortcode_id=&#8221;952566&#8243;][\/vc_column_inner][\/vc_row_inner][\/vc_column][vc_column column_width_percent=&#8221;100&#8243; gutter_size=&#8221;2&#8243; override_padding=&#8221;yes&#8221; column_padding=&#8221;3&#8243; overlay_alpha=&#8221;50&#8243; shift_x=&#8221;0&#8243; shift_y=&#8221;0&#8243; shift_y_down=&#8221;0&#8243; z_index=&#8221;0&#8243; medium_width=&#8221;0&#8243; mobile_width=&#8221;0&#8243; width=&#8221;5\/12&#8243; uncode_shortcode_id=&#8221;174181&#8243; el_class=&#8221;contenu-compagnie&#8221;][vc_row_inner limit_content=&#8221;&#8221;][vc_column_inner column_width_percent=&#8221;100&#8243; gutter_size=&#8221;2&#8243; overlay_alpha=&#8221;50&#8243; shift_x=&#8221;0&#8243; shift_y=&#8221;0&#8243; shift_y_down=&#8221;0&#8243; z_index=&#8221;0&#8243; medium_width=&#8221;0&#8243; mobile_width=&#8221;0&#8243; width=&#8221;1\/1&#8243; uncode_shortcode_id=&#8221;727088&#8243;][vc_custom_heading text_color=&#8221;accent&#8221; heading_semantic=&#8221;p&#8221; uncode_shortcode_id=&#8221;644374&#8243; text_color_type=&#8221;uncode-palette&#8221;]Ballet du Grand Th\u00e9\u00e2tre de Gen\u00e8ve[\/vc_custom_heading][vc_custom_heading heading_semantic=&#8221;h3&#8243; text_font=&#8221;font-555555&#8243; text_size=&#8221;h5&#8243; uncode_shortcode_id=&#8221;744498&#8243;]<strong>Director: Sidi Larbi Cherkaoui<\/strong>[\/vc_custom_heading][vc_column_text uncode_shortcode_id=&#8221;667769&#8243;]<a href=\"https:\/\/gtg.ch\/\">https:\/\/gtg.ch\/<\/a>[\/vc_column_text][vc_empty_space empty_h=&#8221;2&#8243;][\/vc_column_inner][\/vc_row_inner][vc_column_text uncode_shortcode_id=&#8221;586636&#8243; el_class=&#8221;lineHeight&#8221;]In 2022, Sidi Larbi Cherkaoui-renowned dancer, choreographer, and leading figure of the Belgian contemporary scene- took the helm of the Ballet du Grand Th\u00e9\u00e2tre de Gen\u00e8ve, opening a bold new chapter in its history.<\/p>\n<p>Celebrated for his ability to bridge languages and disciplines, Cherkaoui brings a transversal vision to the company, where dance becomes a meeting point between cultures, forms, and imaginations.<\/p>\n<p>For over sixty years, the Ballet has upheld a dynamic vision of dance: rigorous, plural, and alive. Rooted in classical tradition while constantly reinventing it, the company has become a fertile ground for today\u2019s most compelling choreographers.<\/p>\n<p>With twenty-two dancers, the Ballet continues to astonish through its powerful transformations. Each season, two new creations expand a daring repertoire marked by works from artists such as Sharon Eyal, Aszure Barton, and Fouad Boussouf. Among these singular voices, that of\u00a0Damien Jalet\u2014now an associate artist\u2014forms a natural continuum with Cherkaoui\u2019s own. Sharing a deep sensitivity to movement, the two have forged a unique artistic dialogue over time.[\/vc_column_text][vc_empty_space][vc_custom_heading text_color=&#8221;accent&#8221; heading_semantic=&#8221;h3&#8243; uncode_shortcode_id=&#8221;172075&#8243; text_color_type=&#8221;uncode-palette&#8221;]Press talks about it[\/vc_custom_heading][vc_column_text uncode_shortcode_id=&#8221;947860&#8243; el_class=&#8221;lineHeight&#8221;]<em>\u201cIndividual performers, all of them exceptionally supple ballet-trained dancers. [\u2026] May they soon return.\u201d<\/em><br \/>\n<strong>Jennifer Dunning,<em> The New York Times<\/em><\/strong>[\/vc_column_text][vc_column_text uncode_shortcode_id=&#8221;350866&#8243; el_class=&#8221;lineHeight&#8221;]<em>\u201cUndoubtedly one of the best European companies, which fits for the neoclassical register as well as the contemporary one.\u201d<\/em><br \/>\n<strong><em>Paris Capitale<\/em><\/strong>[\/vc_column_text][vc_column_text uncode_shortcode_id=&#8221;418033&#8243; el_class=&#8221;lineHeight&#8221;]<em>\u201cBeyond the prestige of the name, with Sidi Larbi Cherkaoui, the institution is engaging an artist who is at ease in all areas of performance: whether it be contemporary dance, classical ballet, musicals, tango or opera.\u201d<\/em><br \/>\n<strong>Thierry Sartoretti, <em>rts.ch<\/em><\/strong>[\/vc_column_text][vc_empty_space empty_h=&#8221;3&#8243; medium_visibility=&#8221;yes&#8221; mobile_visibility=&#8221;yes&#8221;][\/vc_column][\/vc_row][vc_row row_height_percent=&#8221;0&#8243; overlay_alpha=&#8221;50&#8243; gutter_size=&#8221;3&#8243; column_width_percent=&#8221;100&#8243; shift_y=&#8221;0&#8243; z_index=&#8221;0&#8243; uncode_shortcode_id=&#8221;607236&#8243;][vc_column column_width_percent=&#8221;100&#8243; align_horizontal=&#8221;align_center&#8221; gutter_size=&#8221;3&#8243; overlay_alpha=&#8221;50&#8243; shift_x=&#8221;0&#8243; shift_y=&#8221;0&#8243; shift_y_down=&#8221;0&#8243; z_index=&#8221;0&#8243; medium_width=&#8221;0&#8243; mobile_width=&#8221;0&#8243; width=&#8221;1\/1&#8243; uncode_shortcode_id=&#8221;853687&#8243;][vc_custom_heading text_color=&#8221;color-190155&#8243; heading_semantic=&#8221;h3&#8243; uncode_shortcode_id=&#8221;142585&#8243; text_color_type=&#8221;uncode-palette&#8221;]In the repertoire[\/vc_custom_heading][uncode_index el_id=&#8221;index-537495863&#8243; index_type=&#8221;carousel&#8221; loop=&#8221;size:3|order_by:date|post_type:page|tax_query:10|taxonomy_count:10&#8243; carousel_lg=&#8221;3&#8243; carousel_md=&#8221;2&#8243; carousel_sm=&#8221;1&#8243; thumb_size=&#8221;three-two&#8221; gutter_size=&#8221;3&#8243; post_items=&#8221;media|featured|onpost|poster,date,title,text|excerpt|90,category|bordered|topright|hide-icon,sep-one|full,extra&#8221; page_items=&#8221;media|featured|onpost|original,title,text|excerpt,link|link|small_size|D\u00e9couvrir&#8221; carousel_interval=&#8221;3000&#8243; carousel_navspeed=&#8221;400&#8243; carousel_dots=&#8221;yes&#8221; carousel_dots_space=&#8221;yes&#8221; carousel_dots_mobile=&#8221;yes&#8221; stage_padding=&#8221;0&#8243; single_back_color=&#8221;color-563873&#8243; single_overlay_opacity=&#8221;50&#8243; single_text_visible=&#8221;yes&#8221; single_text_anim=&#8221;no&#8221; single_padding=&#8221;2&#8243; single_title_dimension=&#8221;h3&#8243; single_text_lead=&#8221;small&#8221; single_border=&#8221;yes&#8221; uncode_shortcode_id=&#8221;755589&#8243;][\/vc_column][\/vc_row][vc_row][vc_column width=&#8221;1\/1&#8243;][uncode_block id=&#8221;3542&#8243;][\/vc_column][\/vc_row]<\/p>\n<\/div>","protected":false},"excerpt":{"rendered":"<p>Since its creation in 1962, the Ballet du Grand Th\u00e9\u00e2tre de Gen\u00e8ve has been exploring various styles of contemporary dance <\/p>\n","protected":false},"author":2,"featured_media":11724,"parent":1561,"menu_order":0,"comment_status":"closed","ping_status":"closed","template":"","meta":{"footnotes":""},"choregraphe":[],"directeur-artistique":[122],"class_list":["post-1522","page","type-page","status-publish","has-post-thumbnail","hentry","directeur-artistique-sidi-larbi-cherkaoui","page_category-compagnies-en"],"yoast_head":"<!-- This site is optimized with the Yoast SEO plugin v27.4 - https:\/\/yoast.com\/product\/yoast-seo-wordpress\/ -->\n<title>Ballet du Grand Th\u00e9\u00e2tre de Gen\u00e8ve I Director Sidi Larbi Cherkaoui<\/title>\n<meta name=\"description\" content=\"Since its creation in 1962, the Ballet du Grand Th\u00e9\u00e2tre de Gen\u00e8ve has been exploring various styles of contemporary dance.\" \/>\n<meta name=\"robots\" content=\"index, follow, max-snippet:-1, max-image-preview:large, max-video-preview:-1\" \/>\n<link rel=\"canonical\" href=\"https:\/\/www.deltadanse.com\/en\/companies\/ballet-du-grand-theatre-de-geneve\/\" \/>\n<meta property=\"og:locale\" content=\"en_US\" \/>\n<meta property=\"og:type\" content=\"article\" \/>\n<meta property=\"og:title\" content=\"Ballet du Grand Th\u00e9\u00e2tre de Gen\u00e8ve I Director Sidi Larbi Cherkaoui\" \/>\n<meta property=\"og:description\" content=\"Since its creation in 1962, the Ballet du Grand Th\u00e9\u00e2tre de Gen\u00e8ve has been exploring various styles of contemporary dance.\" \/>\n<meta property=\"og:url\" content=\"https:\/\/www.deltadanse.com\/en\/companies\/ballet-du-grand-theatre-de-geneve\/\" \/>\n<meta property=\"og:site_name\" content=\"Delta Danse\" \/>\n<meta property=\"article:modified_time\" content=\"2025-07-29T07:05:54+00:00\" \/>\n<meta property=\"og:image\" content=\"https:\/\/www.deltadanse.com\/wp-content\/uploads\/2025\/07\/2024B040_Forces_Busk_PRE_20240610_GTG-Gregory_Batardon_058-scaled.jpg\" \/>\n\t<meta property=\"og:image:width\" content=\"2560\" \/>\n\t<meta property=\"og:image:height\" content=\"1707\" \/>\n\t<meta property=\"og:image:type\" content=\"image\/jpeg\" \/>\n<meta name=\"twitter:card\" content=\"summary_large_image\" \/>\n<meta name=\"twitter:label1\" content=\"Est. reading time\" \/>\n\t<meta name=\"twitter:data1\" content=\"4 minutes\" \/>\n<script type=\"application\/ld+json\" class=\"yoast-schema-graph\">{\"@context\":\"https:\\\/\\\/schema.org\",\"@graph\":[{\"@type\":\"WebPage\",\"@id\":\"https:\\\/\\\/www.deltadanse.com\\\/en\\\/companies\\\/ballet-du-grand-theatre-de-geneve\\\/\",\"url\":\"https:\\\/\\\/www.deltadanse.com\\\/en\\\/companies\\\/ballet-du-grand-theatre-de-geneve\\\/\",\"name\":\"Ballet du Grand Th\u00e9\u00e2tre de Gen\u00e8ve I Director Sidi Larbi Cherkaoui\",\"isPartOf\":{\"@id\":\"https:\\\/\\\/www.deltadanse.com\\\/en\\\/#website\"},\"primaryImageOfPage\":{\"@id\":\"https:\\\/\\\/www.deltadanse.com\\\/en\\\/companies\\\/ballet-du-grand-theatre-de-geneve\\\/#primaryimage\"},\"image\":{\"@id\":\"https:\\\/\\\/www.deltadanse.com\\\/en\\\/companies\\\/ballet-du-grand-theatre-de-geneve\\\/#primaryimage\"},\"thumbnailUrl\":\"https:\\\/\\\/www.deltadanse.com\\\/wp-content\\\/uploads\\\/2025\\\/07\\\/2024B040_Forces_Busk_PRE_20240610_GTG-Gregory_Batardon_058-scaled.jpg\",\"datePublished\":\"2022-09-02T13:38:25+00:00\",\"dateModified\":\"2025-07-29T07:05:54+00:00\",\"description\":\"Since its creation in 1962, the Ballet du Grand Th\u00e9\u00e2tre de Gen\u00e8ve has been exploring various styles of contemporary dance.\",\"breadcrumb\":{\"@id\":\"https:\\\/\\\/www.deltadanse.com\\\/en\\\/companies\\\/ballet-du-grand-theatre-de-geneve\\\/#breadcrumb\"},\"inLanguage\":\"en-US\",\"potentialAction\":[{\"@type\":\"ReadAction\",\"target\":[\"https:\\\/\\\/www.deltadanse.com\\\/en\\\/companies\\\/ballet-du-grand-theatre-de-geneve\\\/\"]}]},{\"@type\":\"ImageObject\",\"inLanguage\":\"en-US\",\"@id\":\"https:\\\/\\\/www.deltadanse.com\\\/en\\\/companies\\\/ballet-du-grand-theatre-de-geneve\\\/#primaryimage\",\"url\":\"https:\\\/\\\/www.deltadanse.com\\\/wp-content\\\/uploads\\\/2025\\\/07\\\/2024B040_Forces_Busk_PRE_20240610_GTG-Gregory_Batardon_058-scaled.jpg\",\"contentUrl\":\"https:\\\/\\\/www.deltadanse.com\\\/wp-content\\\/uploads\\\/2025\\\/07\\\/2024B040_Forces_Busk_PRE_20240610_GTG-Gregory_Batardon_058-scaled.jpg\",\"width\":2560,\"height\":1707},{\"@type\":\"BreadcrumbList\",\"@id\":\"https:\\\/\\\/www.deltadanse.com\\\/en\\\/companies\\\/ballet-du-grand-theatre-de-geneve\\\/#breadcrumb\",\"itemListElement\":[{\"@type\":\"ListItem\",\"position\":1,\"name\":\"Accueil\",\"item\":\"https:\\\/\\\/www.deltadanse.com\\\/en\\\/\"},{\"@type\":\"ListItem\",\"position\":2,\"name\":\"Companies\",\"item\":\"https:\\\/\\\/www.deltadanse.com\\\/en\\\/companies\\\/\"},{\"@type\":\"ListItem\",\"position\":3,\"name\":\"Ballet du Grand Th\u00e9\u00e2tre de Gen\u00e8ve\"}]},{\"@type\":\"WebSite\",\"@id\":\"https:\\\/\\\/www.deltadanse.com\\\/en\\\/#website\",\"url\":\"https:\\\/\\\/www.deltadanse.com\\\/en\\\/\",\"name\":\"Delta Danse\",\"description\":\"Just another WordPress site\",\"potentialAction\":[{\"@type\":\"SearchAction\",\"target\":{\"@type\":\"EntryPoint\",\"urlTemplate\":\"https:\\\/\\\/www.deltadanse.com\\\/en\\\/?s={search_term_string}\"},\"query-input\":{\"@type\":\"PropertyValueSpecification\",\"valueRequired\":true,\"valueName\":\"search_term_string\"}}],\"inLanguage\":\"en-US\"}]}<\/script>\n<!-- \/ Yoast SEO plugin. -->","yoast_head_json":{"title":"Ballet du Grand Th\u00e9\u00e2tre de Gen\u00e8ve I Director Sidi Larbi Cherkaoui","description":"Since its creation in 1962, the Ballet du Grand Th\u00e9\u00e2tre de Gen\u00e8ve has been exploring various styles of contemporary dance.","robots":{"index":"index","follow":"follow","max-snippet":"max-snippet:-1","max-image-preview":"max-image-preview:large","max-video-preview":"max-video-preview:-1"},"canonical":"https:\/\/www.deltadanse.com\/en\/companies\/ballet-du-grand-theatre-de-geneve\/","og_locale":"en_US","og_type":"article","og_title":"Ballet du Grand Th\u00e9\u00e2tre de Gen\u00e8ve I Director Sidi Larbi Cherkaoui","og_description":"Since its creation in 1962, the Ballet du Grand Th\u00e9\u00e2tre de Gen\u00e8ve has been exploring various styles of contemporary dance.","og_url":"https:\/\/www.deltadanse.com\/en\/companies\/ballet-du-grand-theatre-de-geneve\/","og_site_name":"Delta Danse","article_modified_time":"2025-07-29T07:05:54+00:00","og_image":[{"width":2560,"height":1707,"url":"https:\/\/www.deltadanse.com\/wp-content\/uploads\/2025\/07\/2024B040_Forces_Busk_PRE_20240610_GTG-Gregory_Batardon_058-scaled.jpg","type":"image\/jpeg"}],"twitter_card":"summary_large_image","twitter_misc":{"Est. reading time":"4 minutes"},"schema":{"@context":"https:\/\/schema.org","@graph":[{"@type":"WebPage","@id":"https:\/\/www.deltadanse.com\/en\/companies\/ballet-du-grand-theatre-de-geneve\/","url":"https:\/\/www.deltadanse.com\/en\/companies\/ballet-du-grand-theatre-de-geneve\/","name":"Ballet du Grand Th\u00e9\u00e2tre de Gen\u00e8ve I Director Sidi Larbi Cherkaoui","isPartOf":{"@id":"https:\/\/www.deltadanse.com\/en\/#website"},"primaryImageOfPage":{"@id":"https:\/\/www.deltadanse.com\/en\/companies\/ballet-du-grand-theatre-de-geneve\/#primaryimage"},"image":{"@id":"https:\/\/www.deltadanse.com\/en\/companies\/ballet-du-grand-theatre-de-geneve\/#primaryimage"},"thumbnailUrl":"https:\/\/www.deltadanse.com\/wp-content\/uploads\/2025\/07\/2024B040_Forces_Busk_PRE_20240610_GTG-Gregory_Batardon_058-scaled.jpg","datePublished":"2022-09-02T13:38:25+00:00","dateModified":"2025-07-29T07:05:54+00:00","description":"Since its creation in 1962, the Ballet du Grand Th\u00e9\u00e2tre de Gen\u00e8ve has been exploring various styles of contemporary dance.","breadcrumb":{"@id":"https:\/\/www.deltadanse.com\/en\/companies\/ballet-du-grand-theatre-de-geneve\/#breadcrumb"},"inLanguage":"en-US","potentialAction":[{"@type":"ReadAction","target":["https:\/\/www.deltadanse.com\/en\/companies\/ballet-du-grand-theatre-de-geneve\/"]}]},{"@type":"ImageObject","inLanguage":"en-US","@id":"https:\/\/www.deltadanse.com\/en\/companies\/ballet-du-grand-theatre-de-geneve\/#primaryimage","url":"https:\/\/www.deltadanse.com\/wp-content\/uploads\/2025\/07\/2024B040_Forces_Busk_PRE_20240610_GTG-Gregory_Batardon_058-scaled.jpg","contentUrl":"https:\/\/www.deltadanse.com\/wp-content\/uploads\/2025\/07\/2024B040_Forces_Busk_PRE_20240610_GTG-Gregory_Batardon_058-scaled.jpg","width":2560,"height":1707},{"@type":"BreadcrumbList","@id":"https:\/\/www.deltadanse.com\/en\/companies\/ballet-du-grand-theatre-de-geneve\/#breadcrumb","itemListElement":[{"@type":"ListItem","position":1,"name":"Accueil","item":"https:\/\/www.deltadanse.com\/en\/"},{"@type":"ListItem","position":2,"name":"Companies","item":"https:\/\/www.deltadanse.com\/en\/companies\/"},{"@type":"ListItem","position":3,"name":"Ballet du Grand Th\u00e9\u00e2tre de Gen\u00e8ve"}]},{"@type":"WebSite","@id":"https:\/\/www.deltadanse.com\/en\/#website","url":"https:\/\/www.deltadanse.com\/en\/","name":"Delta Danse","description":"Just another WordPress site","potentialAction":[{"@type":"SearchAction","target":{"@type":"EntryPoint","urlTemplate":"https:\/\/www.deltadanse.com\/en\/?s={search_term_string}"},"query-input":{"@type":"PropertyValueSpecification","valueRequired":true,"valueName":"search_term_string"}}],"inLanguage":"en-US"}]}},"_links":{"self":[{"href":"https:\/\/www.deltadanse.com\/en\/wp-json\/wp\/v2\/pages\/1522","targetHints":{"allow":["GET"]}}],"collection":[{"href":"https:\/\/www.deltadanse.com\/en\/wp-json\/wp\/v2\/pages"}],"about":[{"href":"https:\/\/www.deltadanse.com\/en\/wp-json\/wp\/v2\/types\/page"}],"author":[{"embeddable":true,"href":"https:\/\/www.deltadanse.com\/en\/wp-json\/wp\/v2\/users\/2"}],"replies":[{"embeddable":true,"href":"https:\/\/www.deltadanse.com\/en\/wp-json\/wp\/v2\/comments?post=1522"}],"version-history":[{"count":0,"href":"https:\/\/www.deltadanse.com\/en\/wp-json\/wp\/v2\/pages\/1522\/revisions"}],"up":[{"embeddable":true,"href":"https:\/\/www.deltadanse.com\/en\/wp-json\/wp\/v2\/pages\/1561"}],"wp:featuredmedia":[{"embeddable":true,"href":"https:\/\/www.deltadanse.com\/en\/wp-json\/wp\/v2\/media\/11724"}],"wp:attachment":[{"href":"https:\/\/www.deltadanse.com\/en\/wp-json\/wp\/v2\/media?parent=1522"}],"wp:term":[{"taxonomy":"choregraphe","embeddable":true,"href":"https:\/\/www.deltadanse.com\/en\/wp-json\/wp\/v2\/choregraphe?post=1522"},{"taxonomy":"directeur-artistique","embeddable":true,"href":"https:\/\/www.deltadanse.com\/en\/wp-json\/wp\/v2\/directeur-artistique?post=1522"}],"curies":[{"name":"wp","href":"https:\/\/api.w.org\/{rel}","templated":true}]}}