{"id":1528,"date":"2022-09-05T16:13:01","date_gmt":"2022-09-05T14:13:01","guid":{"rendered":"https:\/\/www.deltadanse.com\/beaver-dam-company\/"},"modified":"2026-04-09T16:55:08","modified_gmt":"2026-04-09T14:55:08","slug":"beaver-dam-company","status":"publish","type":"page","link":"https:\/\/www.deltadanse.com\/en\/companies\/beaver-dam-company\/","title":{"rendered":"Beaver Dam Company"},"content":{"rendered":"<div class=\"wpb-content-wrapper\"><p>[vc_row unlock_row_content=&#8221;yes&#8221; row_height_percent=&#8221;0&#8243; override_padding=&#8221;yes&#8221; h_padding=&#8221;7&#8243; top_padding=&#8221;2&#8243; bottom_padding=&#8221;2&#8243; overlay_alpha=&#8221;50&#8243; gutter_size=&#8221;3&#8243; column_width_percent=&#8221;100&#8243; shift_y=&#8221;0&#8243; z_index=&#8221;0&#8243; uncode_shortcode_id=&#8221;347231&#8243;][vc_column column_width_percent=&#8221;100&#8243; align_horizontal=&#8221;align_center&#8221; gutter_size=&#8221;2&#8243; overlay_alpha=&#8221;50&#8243; shift_x=&#8221;0&#8243; shift_y=&#8221;0&#8243; shift_y_down=&#8221;0&#8243; z_index=&#8221;0&#8243; medium_width=&#8221;0&#8243; mobile_width=&#8221;0&#8243; width=&#8221;7\/12&#8243; uncode_shortcode_id=&#8221;850447&#8243;][vc_row_inner row_inner_height_percent=&#8221;0&#8243; overlay_alpha=&#8221;50&#8243; gutter_size=&#8221;3&#8243; shift_y=&#8221;3&#8243; z_index=&#8221;7&#8243; uncode_shortcode_id=&#8221;710303&#8243; limit_content=&#8221;&#8221;][vc_column_inner column_width_percent=&#8221;100&#8243; align_horizontal=&#8221;align_center&#8221; gutter_size=&#8221;3&#8243; overlay_alpha=&#8221;50&#8243; shift_x=&#8221;0&#8243; shift_y=&#8221;0&#8243; shift_y_down=&#8221;0&#8243; z_index=&#8221;0&#8243; medium_width=&#8221;0&#8243; mobile_width=&#8221;0&#8243; width=&#8221;1\/1&#8243; uncode_shortcode_id=&#8221;818021&#8243;][vc_custom_heading text_color=&#8221;color-400934&#8243; heading_semantic=&#8221;h1&#8243; text_size=&#8221;fontsize-460639&#8243; text_height=&#8221;fontheight-144852&#8243; uncode_shortcode_id=&#8221;147689&#8243; text_color_type=&#8221;uncode-palette&#8221;]Beaver Dam Company[\/vc_custom_heading][\/vc_column_inner][\/vc_row_inner][vc_row_inner row_inner_height_percent=&#8221;0&#8243; overlay_alpha=&#8221;50&#8243; gutter_size=&#8221;3&#8243; shift_y=&#8221;0&#8243; z_index=&#8221;0&#8243; uncode_shortcode_id=&#8221;945376&#8243; limit_content=&#8221;&#8221;][vc_column_inner column_width_percent=&#8221;100&#8243; gutter_size=&#8221;3&#8243; overlay_alpha=&#8221;50&#8243; shift_x=&#8221;0&#8243; shift_y=&#8221;-3&#8243; shift_y_down=&#8221;0&#8243; z_index=&#8221;0&#8243; medium_width=&#8221;0&#8243; mobile_width=&#8221;0&#8243; width=&#8221;1\/1&#8243; uncode_shortcode_id=&#8221;776763&#8243;][vc_gallery el_id=&#8221;gallery-191160&#8243; type=&#8221;carousel&#8221; medias=&#8221;9780,11271,2340,10092,11285,2348,11277,9772,2344,11280,11274,11268&#8243; carousel_lg=&#8221;1&#8243; carousel_md=&#8221;1&#8243; carousel_sm=&#8221;1&#8243; thumb_size=&#8221;sixteen-nine&#8221; gutter_size=&#8221;3&#8243; media_items=&#8221;media|nolink|original,icon&#8221; carousel_interval=&#8221;3000&#8243; carousel_navspeed=&#8221;400&#8243; carousel_loop=&#8221;yes&#8221; stage_padding=&#8221;0&#8243; single_overlay_opacity=&#8221;50&#8243; single_overlay_anim=&#8221;no&#8221; single_text_anim=&#8221;no&#8221; single_image_anim=&#8221;no&#8221; single_padding=&#8221;2&#8243; uncode_shortcode_id=&#8221;132828&#8243; el_class=&#8221;carrousel-compagnie&#8221;][vc_empty_space empty_h=&#8221;2&#8243; medium_visibility=&#8221;yes&#8221; mobile_visibility=&#8221;yes&#8221;][\/vc_column_inner][\/vc_row_inner][vc_row_inner limit_content=&#8221;&#8221;][vc_column_inner column_width_percent=&#8221;100&#8243; gutter_size=&#8221;3&#8243; overlay_alpha=&#8221;50&#8243; shift_x=&#8221;0&#8243; shift_y=&#8221;0&#8243; shift_y_down=&#8221;0&#8243; z_index=&#8221;0&#8243; medium_visibility=&#8221;yes&#8221; medium_width=&#8221;0&#8243; mobile_visibility=&#8221;yes&#8221; mobile_width=&#8221;0&#8243; width=&#8221;1\/6&#8243; uncode_shortcode_id=&#8221;784328&#8243;][\/vc_column_inner][vc_column_inner column_width_percent=&#8221;100&#8243; gutter_size=&#8221;2&#8243; overlay_alpha=&#8221;50&#8243; shift_x=&#8221;0&#8243; shift_y=&#8221;0&#8243; shift_y_down=&#8221;0&#8243; z_index=&#8221;0&#8243; medium_width=&#8221;0&#8243; mobile_width=&#8221;0&#8243; width=&#8221;2\/3&#8243; uncode_shortcode_id=&#8221;182942&#8243;][calendar_season style=&#8221;company&#8221; company=&#8221;beaver-dam-company&#8221;][\/vc_column_inner][vc_column_inner column_width_percent=&#8221;100&#8243; gutter_size=&#8221;3&#8243; overlay_alpha=&#8221;50&#8243; shift_x=&#8221;0&#8243; shift_y=&#8221;0&#8243; shift_y_down=&#8221;0&#8243; z_index=&#8221;0&#8243; medium_visibility=&#8221;yes&#8221; medium_width=&#8221;0&#8243; mobile_visibility=&#8221;yes&#8221; mobile_width=&#8221;0&#8243; width=&#8221;1\/6&#8243; uncode_shortcode_id=&#8221;636502&#8243;][\/vc_column_inner][\/vc_row_inner][\/vc_column][vc_column column_width_percent=&#8221;100&#8243; gutter_size=&#8221;2&#8243; override_padding=&#8221;yes&#8221; column_padding=&#8221;3&#8243; overlay_alpha=&#8221;50&#8243; shift_x=&#8221;0&#8243; shift_y=&#8221;0&#8243; shift_y_down=&#8221;0&#8243; z_index=&#8221;0&#8243; medium_width=&#8221;0&#8243; mobile_width=&#8221;0&#8243; width=&#8221;5\/12&#8243; uncode_shortcode_id=&#8221;255652&#8243; el_class=&#8221;contenu-compagnie&#8221;][vc_row_inner limit_content=&#8221;&#8221;][vc_column_inner column_width_percent=&#8221;100&#8243; gutter_size=&#8221;2&#8243; overlay_alpha=&#8221;50&#8243; shift_x=&#8221;0&#8243; shift_y=&#8221;0&#8243; shift_y_down=&#8221;0&#8243; z_index=&#8221;0&#8243; medium_width=&#8221;0&#8243; mobile_width=&#8221;0&#8243; width=&#8221;1\/1&#8243; uncode_shortcode_id=&#8221;727088&#8243;][vc_custom_heading text_color=&#8221;accent&#8221; uncode_shortcode_id=&#8221;795638&#8243; text_color_type=&#8221;uncode-palette&#8221;]Beaver Dam Company[\/vc_custom_heading][vc_custom_heading text_font=&#8221;font-555555&#8243; text_size=&#8221;h5&#8243; uncode_shortcode_id=&#8221;118252&#8243;]<strong>Director \/ Choreographer: Edouard Hue<\/strong>[\/vc_custom_heading][vc_column_text uncode_shortcode_id=&#8221;203507&#8243;]<a href=\"http:\/\/www.beaverdamco.com\">www.beaverdamco.com<\/a>[\/vc_column_text][vc_empty_space empty_h=&#8221;2&#8243;][\/vc_column_inner][\/vc_row_inner][vc_column_text uncode_shortcode_id=&#8221;165159&#8243; el_class=&#8221;lineHeight&#8221;]<\/p>\n<section class=\"elementor-section elementor-top-section elementor-element elementor-element-8394509 elementor-section-boxed elementor-section-height-default elementor-section-height-default sc_fly_static trx_addons_parallax_layers_inited trx_addons_parallax_blocks_inited\" data-id=\"8394509\" data-element_type=\"section\">\n<div class=\"elementor-container elementor-column-gap-extended\">\n<div class=\"elementor-column elementor-col-50 elementor-top-column elementor-element elementor-element-a4211ce sc_content_align_inherit sc_layouts_column_icons_position_left sc_fly_static trx_addons_parallax_layers_inited trx_addons_parallax_blocks_inited\" data-id=\"a4211ce\" data-element_type=\"column\">\n<div class=\"elementor-widget-wrap elementor-element-populated\">\n<div class=\"elementor-element elementor-element-62c8807 elementor-view-stacked elementor-widget__width-auto play_center with-elementor-animation-grow elementor-shape-circle sc_fly_static elementor-widget elementor-widget-icon trx_addons_parallax_layers_inited trx_addons_parallax_blocks_inited\" data-id=\"62c8807\" data-element_type=\"widget\" data-widget_type=\"icon.default\">\n<div class=\"elementor-widget-container\">\n<div class=\"elementor-icon-wrapper\"><\/div>\n<\/div>\n<\/div>\n<\/div>\n<\/div>\n<\/div>\n<\/section>\n<section class=\"elementor-section elementor-top-section elementor-element elementor-element-c3c3f84 elementor-section-boxed elementor-section-height-default elementor-section-height-default sc_fly_static trx_addons_parallax_layers_inited trx_addons_parallax_blocks_inited\" data-id=\"c3c3f84\" data-element_type=\"section\">\n<div class=\"elementor-container elementor-column-gap-extended\">\n<div class=\"elementor-column elementor-col-100 elementor-top-column elementor-element elementor-element-1a5241c sc_content_align_inherit sc_layouts_column_icons_position_left sc_fly_static trx_addons_parallax_layers_inited trx_addons_parallax_blocks_inited\" data-id=\"1a5241c\" data-element_type=\"column\">\n<div class=\"elementor-widget-wrap elementor-element-populated\">\n<div class=\"elementor-element elementor-element-f772e79 sc_fly_static elementor-widget elementor-widget-text-editor trx_addons_parallax_layers_inited trx_addons_parallax_blocks_inited\" data-id=\"f772e79\" data-element_type=\"widget\" data-widget_type=\"text-editor.default\">\n<div class=\"elementor-widget-container\">\n<p>Edouard Hue is above all a dancer who puts his physicality at the service of pure movement. As a dancer, he explores extremes with choreographers\u00a0<b>Hofesh Shechter, Damien Jalet and Olivier Dubois<\/b>. Nourished by these contrasting experiences, Hue constantly seeks to push the limits of the body and movement, exploring extraordinary sensations. In 2019, he received the\u00a0<b>Swiss Dance Prize<\/b>\u00a0as an \u201cExceptional Dancer\u201d.<\/p>\n<p>In 2014, he founded the\u00a0<b>Beaver Dam Company<\/b>, based in Geneva (Switzerland), with which he affirms his vision of dance as an ode to emotional release, transcended by demanding choreographic complexity. In 11 years with the company, he has created nine original works in solo, duo, trio, quintet, septet and nonet, including the major pieces\u00a0<i>All I Need<\/i>\u00a0and\u00a0<i>Dive<\/i>. His creations, recognized on the international scene, are acclaimed by critics.<\/p>\n<p>Edouard Hue also creates choreographic commissions for prestigious companies: in 2018, he composed the\u00a0<i>\u201cDomine Jesu\u201d<\/i>\u00a0section for\u00a0<i>Requiem<\/i>\u00a0by\u00a0<b>Yoann Bourgeois,<\/b>\u00a0remounted\u00a0<i>Into Outside<\/i>\u00a0in 2019 for the\u00a0<b>Frontier Danceland Company<\/b>\u00a0(Singapore), created\u00a0<i>No Matter<\/i>\u00a0in 2020 for the\u00a0<b>Gauthier Dance Company<\/b>\u00a0(Stuttgart),\u00a0<i>Titan<\/i>\u00a0in 2022 for the\u00a0<b>Ballet Basel<\/b>, and\u00a0<i>The Firebird<\/i>\u00a0in 2023 for the\u00a0<b>Ballet of the Grand-Avignon Opera.<\/b>\u00a0In July 2024,\u00a0<b>Angelin Preljocaj<\/b>\u00a0and\u00a0<b>Laurent Hilaire<\/b>\u00a0invite him to create\u00a0<i>Skinny Hearts<\/i>\u00a0for the\u00a0<b>Bayerisches Staatsballett<\/b>\u00a0(Munich). In 2026, he will continue his work with the\u00a0<b>Geneva Chamber Orchestra<\/b>\u00a0and the\u00a0<b>Ballet of the Grand Th\u00e9\u00e2tre de Gen\u00e8ve<\/b>\u00a0for the Electrofaunes event (Geneva) and he will create a new piece for the\u00a0<b>Scottish Dance Theater<\/b>\u00a0(Dundee). He will revisit\u00a0<i>Natural Histories<\/i>\u00a0by\u00a0<b>Maurice Ravel<\/b>\u00a0for the\u00a0<b>Ballet du Rhin<\/b>\u00a0(Mulhouse) in 2027.<\/p>\n<p>Concurrently, Edouard Hue transmits his repertoire to renowned institutions around the world:\u00a0<b>ZHdK \u2013 Zurich University of the Arts<\/b>\u00a0(Switzerland),\u00a0<b>Greek National Opera Dance School<\/b>\u00a0(Greece),\u00a0<b>Dance Area Jeune Ballet<\/b>\u00a0(Switzerland), the\u00a0<b>School of Contemporary Dance of Montreal<\/b>\u00a0(Canada), the\u00a0<b>Ballet Junior de Gen\u00e8ve<\/b>\u00a0(Switzerland),\u00a0<b>SEAD \u2013 Salzburg Experimental Academy of Dance<\/b>\u00a0(Austria), the\u00a0<b>National Superior Conservatory of Music and Dance of Paris<\/b>\u00a0(France) and\u00a0<b>Le Marchepied<\/b>\u00a0(Switzerland), among others.<\/div>\n<\/div>\n<\/div>\n<\/div>\n<\/div>\n<\/section>\n<p>[\/vc_column_text][vc_empty_space][vc_custom_heading text_color=&#8221;accent&#8221; uncode_shortcode_id=&#8221;212396&#8243; text_color_type=&#8221;uncode-palette&#8221;]Press talks about it[\/vc_custom_heading][vc_column_text uncode_shortcode_id=&#8221;106884&#8243; el_class=&#8221;lineHeight&#8221;]\u00ab Drunk, bubbling, impetuous, marked by breaks, eminently political, the choreographer\u2019s writing electrifies and hypnotizes. \u00bb <strong>Olivier Fr\u00e9gaville-Gratian d\u2019Amore, <em>L\u2019Oeil d\u2019Olivier<\/em><\/strong>[\/vc_column_text][vc_column_text uncode_shortcode_id=&#8221;206796&#8243; el_class=&#8221;lineHeight&#8221;]<\/p>\n<p class=\"p1\">\u00ab With <i>Dive<\/i>, \u00c9douard Hue reaffirms his standing as a distinctive choreographer, blending popular appeal with rigorous artistry. His work is refreshingly devoid of showiness\u2014no elaborate sets to obscure a weak concept, no overt political agenda\u2014just pure, unadulterated dance. In <i>Dive<\/i>, even more than in his previous creations, Hue meticulously sculpts his performers\u2019 bodies, transforming their movements into a heightened expression of artistry. The result is truly exhilarating. \u00bb<\/p>\n<p class=\"p2\"><b>Jean-Fr\u00e9d\u00e9ric Saumont, <i>Danses avec la Plume<\/i> <\/b><\/p>\n<p>[\/vc_column_text][\/vc_column][\/vc_row][vc_row row_height_percent=&#8221;0&#8243; overlay_alpha=&#8221;50&#8243; gutter_size=&#8221;3&#8243; column_width_percent=&#8221;100&#8243; shift_y=&#8221;0&#8243; z_index=&#8221;0&#8243; uncode_shortcode_id=&#8221;607236&#8243;][vc_column column_width_percent=&#8221;100&#8243; align_horizontal=&#8221;align_center&#8221; gutter_size=&#8221;3&#8243; overlay_alpha=&#8221;50&#8243; shift_x=&#8221;0&#8243; shift_y=&#8221;0&#8243; shift_y_down=&#8221;0&#8243; z_index=&#8221;0&#8243; medium_width=&#8221;0&#8243; mobile_width=&#8221;0&#8243; width=&#8221;1\/1&#8243; uncode_shortcode_id=&#8221;853687&#8243;][vc_custom_heading text_color=&#8221;color-190155&#8243; uncode_shortcode_id=&#8221;529001&#8243; text_color_type=&#8221;uncode-palette&#8221;]In the repertoire[\/vc_custom_heading][uncode_index el_id=&#8221;index-537495863&#8243; index_type=&#8221;carousel&#8221; loop=&#8221;size:3|order_by:rand|post_type:page|tax_query:12|taxonomy_count:10&#8243; carousel_lg=&#8221;3&#8243; carousel_md=&#8221;2&#8243; carousel_sm=&#8221;1&#8243; thumb_size=&#8221;three-two&#8221; gutter_size=&#8221;3&#8243; post_items=&#8221;media|featured|onpost|poster,date,title,text|excerpt|90,category|bordered|topright|hide-icon,sep-one|full,extra&#8221; page_items=&#8221;media|featured|onpost|original,title,text|excerpt,link|link|small_size|D\u00e9couvrir&#8221; carousel_interval=&#8221;3000&#8243; carousel_navspeed=&#8221;400&#8243; carousel_dots=&#8221;yes&#8221; carousel_dots_space=&#8221;yes&#8221; carousel_dots_mobile=&#8221;yes&#8221; stage_padding=&#8221;0&#8243; single_back_color=&#8221;color-563873&#8243; single_overlay_opacity=&#8221;50&#8243; single_text_visible=&#8221;yes&#8221; single_text_anim=&#8221;no&#8221; single_padding=&#8221;2&#8243; single_title_dimension=&#8221;h3&#8243; single_text_lead=&#8221;small&#8221; single_border=&#8221;yes&#8221; uncode_shortcode_id=&#8221;356556&#8243;][\/vc_column][\/vc_row][vc_row][vc_column width=&#8221;1\/1&#8243;][uncode_block id=&#8221;3542&#8243;][\/vc_column][\/vc_row]<\/p>\n<\/div>","protected":false},"excerpt":{"rendered":"<p>Edouard Hue is first and foremost a dancer who puts his physicality at the service of pure movement. As a performer, he experimented with the extremes of choreographers Hofesh Shechter, Damien Jalet and Oliver Dubois.<\/p>\n","protected":false},"author":2,"featured_media":9391,"parent":1561,"menu_order":0,"comment_status":"closed","ping_status":"closed","template":"","meta":{"footnotes":""},"choregraphe":[127],"directeur-artistique":[126],"class_list":["post-1528","page","type-page","status-publish","has-post-thumbnail","hentry","choregraphe-edouard-hue","directeur-artistique-edouard-hue","page_category-compagnies-en"],"yoast_head":"<!-- This site is optimized with the Yoast SEO plugin v27.3 - https:\/\/yoast.com\/product\/yoast-seo-wordpress\/ -->\n<title>Beaver Dam Company I Director \/ Choreographer Edouard Hue<\/title>\n<meta name=\"description\" content=\"Beaver Dam Company : Edouard Hue is first and foremost a dancer who puts his physicality at the service of pure movement....\" \/>\n<meta name=\"robots\" content=\"index, follow, max-snippet:-1, max-image-preview:large, max-video-preview:-1\" \/>\n<link rel=\"canonical\" href=\"https:\/\/www.deltadanse.com\/en\/companies\/beaver-dam-company\/\" \/>\n<meta property=\"og:locale\" content=\"en_US\" \/>\n<meta property=\"og:type\" content=\"article\" \/>\n<meta property=\"og:title\" content=\"Beaver Dam Company I Director \/ Choreographer Edouard Hue\" \/>\n<meta property=\"og:description\" content=\"Beaver Dam Company : Edouard Hue is first and foremost a dancer who puts his physicality at the service of pure movement....\" \/>\n<meta property=\"og:url\" content=\"https:\/\/www.deltadanse.com\/en\/companies\/beaver-dam-company\/\" \/>\n<meta property=\"og:site_name\" content=\"Delta Danse\" \/>\n<meta property=\"article:modified_time\" content=\"2026-04-09T14:55:08+00:00\" \/>\n<meta property=\"og:image\" content=\"https:\/\/www.deltadanse.com\/wp-content\/uploads\/2024\/09\/zoee_dumont_photographieIMG_6430-scaled.jpg\" \/>\n\t<meta property=\"og:image:width\" content=\"2560\" \/>\n\t<meta property=\"og:image:height\" content=\"1707\" \/>\n\t<meta property=\"og:image:type\" content=\"image\/jpeg\" \/>\n<meta name=\"twitter:card\" content=\"summary_large_image\" \/>\n<meta name=\"twitter:label1\" content=\"Est. reading time\" \/>\n\t<meta name=\"twitter:data1\" content=\"5 minutes\" \/>\n<script type=\"application\/ld+json\" class=\"yoast-schema-graph\">{\"@context\":\"https:\\\/\\\/schema.org\",\"@graph\":[{\"@type\":\"WebPage\",\"@id\":\"https:\\\/\\\/www.deltadanse.com\\\/en\\\/companies\\\/beaver-dam-company\\\/\",\"url\":\"https:\\\/\\\/www.deltadanse.com\\\/en\\\/companies\\\/beaver-dam-company\\\/\",\"name\":\"Beaver Dam Company I Director \\\/ Choreographer Edouard Hue\",\"isPartOf\":{\"@id\":\"https:\\\/\\\/www.deltadanse.com\\\/en\\\/#website\"},\"primaryImageOfPage\":{\"@id\":\"https:\\\/\\\/www.deltadanse.com\\\/en\\\/companies\\\/beaver-dam-company\\\/#primaryimage\"},\"image\":{\"@id\":\"https:\\\/\\\/www.deltadanse.com\\\/en\\\/companies\\\/beaver-dam-company\\\/#primaryimage\"},\"thumbnailUrl\":\"https:\\\/\\\/www.deltadanse.com\\\/wp-content\\\/uploads\\\/2024\\\/09\\\/zoee_dumont_photographieIMG_6430-scaled.jpg\",\"datePublished\":\"2022-09-05T14:13:01+00:00\",\"dateModified\":\"2026-04-09T14:55:08+00:00\",\"description\":\"Beaver Dam Company : Edouard Hue is first and foremost a dancer who puts his physicality at the service of pure movement....\",\"breadcrumb\":{\"@id\":\"https:\\\/\\\/www.deltadanse.com\\\/en\\\/companies\\\/beaver-dam-company\\\/#breadcrumb\"},\"inLanguage\":\"en-US\",\"potentialAction\":[{\"@type\":\"ReadAction\",\"target\":[\"https:\\\/\\\/www.deltadanse.com\\\/en\\\/companies\\\/beaver-dam-company\\\/\"]}]},{\"@type\":\"ImageObject\",\"inLanguage\":\"en-US\",\"@id\":\"https:\\\/\\\/www.deltadanse.com\\\/en\\\/companies\\\/beaver-dam-company\\\/#primaryimage\",\"url\":\"https:\\\/\\\/www.deltadanse.com\\\/wp-content\\\/uploads\\\/2024\\\/09\\\/zoee_dumont_photographieIMG_6430-scaled.jpg\",\"contentUrl\":\"https:\\\/\\\/www.deltadanse.com\\\/wp-content\\\/uploads\\\/2024\\\/09\\\/zoee_dumont_photographieIMG_6430-scaled.jpg\",\"width\":2560,\"height\":1707},{\"@type\":\"BreadcrumbList\",\"@id\":\"https:\\\/\\\/www.deltadanse.com\\\/en\\\/companies\\\/beaver-dam-company\\\/#breadcrumb\",\"itemListElement\":[{\"@type\":\"ListItem\",\"position\":1,\"name\":\"Accueil\",\"item\":\"https:\\\/\\\/www.deltadanse.com\\\/en\\\/\"},{\"@type\":\"ListItem\",\"position\":2,\"name\":\"Companies\",\"item\":\"https:\\\/\\\/www.deltadanse.com\\\/en\\\/companies\\\/\"},{\"@type\":\"ListItem\",\"position\":3,\"name\":\"Beaver Dam Company\"}]},{\"@type\":\"WebSite\",\"@id\":\"https:\\\/\\\/www.deltadanse.com\\\/en\\\/#website\",\"url\":\"https:\\\/\\\/www.deltadanse.com\\\/en\\\/\",\"name\":\"Delta Danse\",\"description\":\"Just another WordPress site\",\"potentialAction\":[{\"@type\":\"SearchAction\",\"target\":{\"@type\":\"EntryPoint\",\"urlTemplate\":\"https:\\\/\\\/www.deltadanse.com\\\/en\\\/?s={search_term_string}\"},\"query-input\":{\"@type\":\"PropertyValueSpecification\",\"valueRequired\":true,\"valueName\":\"search_term_string\"}}],\"inLanguage\":\"en-US\"}]}<\/script>\n<!-- \/ Yoast SEO plugin. -->","yoast_head_json":{"title":"Beaver Dam Company I Director \/ Choreographer Edouard Hue","description":"Beaver Dam Company : Edouard Hue is first and foremost a dancer who puts his physicality at the service of pure movement....","robots":{"index":"index","follow":"follow","max-snippet":"max-snippet:-1","max-image-preview":"max-image-preview:large","max-video-preview":"max-video-preview:-1"},"canonical":"https:\/\/www.deltadanse.com\/en\/companies\/beaver-dam-company\/","og_locale":"en_US","og_type":"article","og_title":"Beaver Dam Company I Director \/ Choreographer Edouard Hue","og_description":"Beaver Dam Company : Edouard Hue is first and foremost a dancer who puts his physicality at the service of pure movement....","og_url":"https:\/\/www.deltadanse.com\/en\/companies\/beaver-dam-company\/","og_site_name":"Delta Danse","article_modified_time":"2026-04-09T14:55:08+00:00","og_image":[{"width":2560,"height":1707,"url":"https:\/\/www.deltadanse.com\/wp-content\/uploads\/2024\/09\/zoee_dumont_photographieIMG_6430-scaled.jpg","type":"image\/jpeg"}],"twitter_card":"summary_large_image","twitter_misc":{"Est. reading time":"5 minutes"},"schema":{"@context":"https:\/\/schema.org","@graph":[{"@type":"WebPage","@id":"https:\/\/www.deltadanse.com\/en\/companies\/beaver-dam-company\/","url":"https:\/\/www.deltadanse.com\/en\/companies\/beaver-dam-company\/","name":"Beaver Dam Company I Director \/ Choreographer Edouard Hue","isPartOf":{"@id":"https:\/\/www.deltadanse.com\/en\/#website"},"primaryImageOfPage":{"@id":"https:\/\/www.deltadanse.com\/en\/companies\/beaver-dam-company\/#primaryimage"},"image":{"@id":"https:\/\/www.deltadanse.com\/en\/companies\/beaver-dam-company\/#primaryimage"},"thumbnailUrl":"https:\/\/www.deltadanse.com\/wp-content\/uploads\/2024\/09\/zoee_dumont_photographieIMG_6430-scaled.jpg","datePublished":"2022-09-05T14:13:01+00:00","dateModified":"2026-04-09T14:55:08+00:00","description":"Beaver Dam Company : Edouard Hue is first and foremost a dancer who puts his physicality at the service of pure movement....","breadcrumb":{"@id":"https:\/\/www.deltadanse.com\/en\/companies\/beaver-dam-company\/#breadcrumb"},"inLanguage":"en-US","potentialAction":[{"@type":"ReadAction","target":["https:\/\/www.deltadanse.com\/en\/companies\/beaver-dam-company\/"]}]},{"@type":"ImageObject","inLanguage":"en-US","@id":"https:\/\/www.deltadanse.com\/en\/companies\/beaver-dam-company\/#primaryimage","url":"https:\/\/www.deltadanse.com\/wp-content\/uploads\/2024\/09\/zoee_dumont_photographieIMG_6430-scaled.jpg","contentUrl":"https:\/\/www.deltadanse.com\/wp-content\/uploads\/2024\/09\/zoee_dumont_photographieIMG_6430-scaled.jpg","width":2560,"height":1707},{"@type":"BreadcrumbList","@id":"https:\/\/www.deltadanse.com\/en\/companies\/beaver-dam-company\/#breadcrumb","itemListElement":[{"@type":"ListItem","position":1,"name":"Accueil","item":"https:\/\/www.deltadanse.com\/en\/"},{"@type":"ListItem","position":2,"name":"Companies","item":"https:\/\/www.deltadanse.com\/en\/companies\/"},{"@type":"ListItem","position":3,"name":"Beaver Dam Company"}]},{"@type":"WebSite","@id":"https:\/\/www.deltadanse.com\/en\/#website","url":"https:\/\/www.deltadanse.com\/en\/","name":"Delta Danse","description":"Just another WordPress site","potentialAction":[{"@type":"SearchAction","target":{"@type":"EntryPoint","urlTemplate":"https:\/\/www.deltadanse.com\/en\/?s={search_term_string}"},"query-input":{"@type":"PropertyValueSpecification","valueRequired":true,"valueName":"search_term_string"}}],"inLanguage":"en-US"}]}},"_links":{"self":[{"href":"https:\/\/www.deltadanse.com\/en\/wp-json\/wp\/v2\/pages\/1528","targetHints":{"allow":["GET"]}}],"collection":[{"href":"https:\/\/www.deltadanse.com\/en\/wp-json\/wp\/v2\/pages"}],"about":[{"href":"https:\/\/www.deltadanse.com\/en\/wp-json\/wp\/v2\/types\/page"}],"author":[{"embeddable":true,"href":"https:\/\/www.deltadanse.com\/en\/wp-json\/wp\/v2\/users\/2"}],"replies":[{"embeddable":true,"href":"https:\/\/www.deltadanse.com\/en\/wp-json\/wp\/v2\/comments?post=1528"}],"version-history":[{"count":1,"href":"https:\/\/www.deltadanse.com\/en\/wp-json\/wp\/v2\/pages\/1528\/revisions"}],"predecessor-version":[{"id":12960,"href":"https:\/\/www.deltadanse.com\/en\/wp-json\/wp\/v2\/pages\/1528\/revisions\/12960"}],"up":[{"embeddable":true,"href":"https:\/\/www.deltadanse.com\/en\/wp-json\/wp\/v2\/pages\/1561"}],"wp:featuredmedia":[{"embeddable":true,"href":"https:\/\/www.deltadanse.com\/en\/wp-json\/wp\/v2\/media\/9391"}],"wp:attachment":[{"href":"https:\/\/www.deltadanse.com\/en\/wp-json\/wp\/v2\/media?parent=1528"}],"wp:term":[{"taxonomy":"choregraphe","embeddable":true,"href":"https:\/\/www.deltadanse.com\/en\/wp-json\/wp\/v2\/choregraphe?post=1528"},{"taxonomy":"directeur-artistique","embeddable":true,"href":"https:\/\/www.deltadanse.com\/en\/wp-json\/wp\/v2\/directeur-artistique?post=1528"}],"curies":[{"name":"wp","href":"https:\/\/api.w.org\/{rel}","templated":true}]}}