{"id":1759,"date":"2022-09-06T10:29:15","date_gmt":"2022-09-06T08:29:15","guid":{"rendered":"https:\/\/www.deltadanse.com\/it-dansa\/"},"modified":"2025-07-29T10:35:45","modified_gmt":"2025-07-29T08:35:45","slug":"it-dansa","status":"publish","type":"page","link":"https:\/\/www.deltadanse.com\/en\/companies\/it-dansa\/","title":{"rendered":"IT Dansa"},"content":{"rendered":"<div class=\"wpb-content-wrapper\"><p>[vc_row unlock_row_content=&#8221;yes&#8221; row_height_percent=&#8221;0&#8243; override_padding=&#8221;yes&#8221; h_padding=&#8221;7&#8243; top_padding=&#8221;2&#8243; bottom_padding=&#8221;2&#8243; overlay_alpha=&#8221;50&#8243; gutter_size=&#8221;3&#8243; column_width_percent=&#8221;100&#8243; shift_y=&#8221;0&#8243; z_index=&#8221;0&#8243; uncode_shortcode_id=&#8221;347231&#8243;][vc_column column_width_percent=&#8221;100&#8243; align_horizontal=&#8221;align_center&#8221; gutter_size=&#8221;2&#8243; overlay_alpha=&#8221;50&#8243; shift_x=&#8221;0&#8243; shift_y=&#8221;0&#8243; shift_y_down=&#8221;0&#8243; z_index=&#8221;0&#8243; medium_width=&#8221;0&#8243; mobile_width=&#8221;0&#8243; width=&#8221;7\/12&#8243; uncode_shortcode_id=&#8221;850447&#8243;][vc_row_inner row_inner_height_percent=&#8221;0&#8243; overlay_alpha=&#8221;50&#8243; gutter_size=&#8221;3&#8243; shift_y=&#8221;3&#8243; z_index=&#8221;7&#8243; uncode_shortcode_id=&#8221;710303&#8243; limit_content=&#8221;&#8221;][vc_column_inner column_width_percent=&#8221;100&#8243; align_horizontal=&#8221;align_center&#8221; gutter_size=&#8221;3&#8243; overlay_alpha=&#8221;50&#8243; shift_x=&#8221;0&#8243; shift_y=&#8221;0&#8243; shift_y_down=&#8221;0&#8243; z_index=&#8221;0&#8243; medium_width=&#8221;0&#8243; mobile_width=&#8221;0&#8243; width=&#8221;1\/1&#8243; uncode_shortcode_id=&#8221;818021&#8243;][vc_custom_heading text_color=&#8221;color-400934&#8243; heading_semantic=&#8221;h1&#8243; text_size=&#8221;fontsize-200930&#8243; text_height=&#8221;fontheight-144852&#8243; uncode_shortcode_id=&#8221;164589&#8243; text_color_type=&#8221;uncode-palette&#8221;]IT Dansa[\/vc_custom_heading][\/vc_column_inner][\/vc_row_inner][vc_row_inner row_inner_height_percent=&#8221;0&#8243; overlay_alpha=&#8221;50&#8243; gutter_size=&#8221;3&#8243; shift_y=&#8221;0&#8243; z_index=&#8221;0&#8243; uncode_shortcode_id=&#8221;940585&#8243; limit_content=&#8221;&#8221;][vc_column_inner column_width_percent=&#8221;100&#8243; gutter_size=&#8221;3&#8243; overlay_alpha=&#8221;50&#8243; shift_x=&#8221;0&#8243; shift_y=&#8221;-3&#8243; shift_y_down=&#8221;0&#8243; z_index=&#8221;0&#8243; medium_width=&#8221;0&#8243; mobile_width=&#8221;0&#8243; width=&#8221;1\/1&#8243; uncode_shortcode_id=&#8221;776763&#8243;][vc_gallery el_id=&#8221;gallery-191160&#8243; type=&#8221;carousel&#8221; random=&#8221;yes&#8221; medias=&#8221;2504,2512,2524,2528,12149,12146,12143,10668,10664,10656,10652&#8243; carousel_lg=&#8221;1&#8243; carousel_md=&#8221;1&#8243; carousel_sm=&#8221;1&#8243; thumb_size=&#8221;sixteen-nine&#8221; gutter_size=&#8221;3&#8243; media_items=&#8221;media|nolink|original,icon&#8221; carousel_interval=&#8221;3000&#8243; carousel_navspeed=&#8221;400&#8243; carousel_loop=&#8221;yes&#8221; stage_padding=&#8221;0&#8243; single_overlay_opacity=&#8221;50&#8243; single_overlay_anim=&#8221;no&#8221; single_text_anim=&#8221;no&#8221; single_image_anim=&#8221;no&#8221; single_padding=&#8221;2&#8243; uncode_shortcode_id=&#8221;144145&#8243; el_class=&#8221;carrousel-compagnie&#8221;][vc_empty_space empty_h=&#8221;2&#8243; medium_visibility=&#8221;yes&#8221; mobile_visibility=&#8221;yes&#8221;][\/vc_column_inner][\/vc_row_inner][vc_row_inner limit_content=&#8221;&#8221;][vc_column_inner column_width_percent=&#8221;100&#8243; gutter_size=&#8221;3&#8243; overlay_alpha=&#8221;50&#8243; shift_x=&#8221;0&#8243; shift_y=&#8221;0&#8243; shift_y_down=&#8221;0&#8243; z_index=&#8221;0&#8243; medium_visibility=&#8221;yes&#8221; medium_width=&#8221;0&#8243; mobile_visibility=&#8221;yes&#8221; mobile_width=&#8221;0&#8243; width=&#8221;1\/6&#8243; uncode_shortcode_id=&#8221;160866&#8243;][\/vc_column_inner][vc_column_inner column_width_percent=&#8221;100&#8243; gutter_size=&#8221;2&#8243; overlay_alpha=&#8221;50&#8243; shift_x=&#8221;0&#8243; shift_y=&#8221;0&#8243; shift_y_down=&#8221;0&#8243; z_index=&#8221;0&#8243; medium_width=&#8221;0&#8243; mobile_width=&#8221;0&#8243; width=&#8221;2\/3&#8243; uncode_shortcode_id=&#8221;169549&#8243;][calendar_season style=&#8221;company&#8221; company=&#8221;it-dansa&#8221;][\/vc_column_inner][vc_column_inner column_width_percent=&#8221;100&#8243; gutter_size=&#8221;3&#8243; overlay_alpha=&#8221;50&#8243; shift_x=&#8221;0&#8243; shift_y=&#8221;0&#8243; shift_y_down=&#8221;0&#8243; z_index=&#8221;0&#8243; medium_visibility=&#8221;yes&#8221; medium_width=&#8221;0&#8243; mobile_visibility=&#8221;yes&#8221; mobile_width=&#8221;0&#8243; width=&#8221;1\/6&#8243; uncode_shortcode_id=&#8221;209239&#8243;][\/vc_column_inner][\/vc_row_inner][\/vc_column][vc_column column_width_percent=&#8221;100&#8243; gutter_size=&#8221;2&#8243; override_padding=&#8221;yes&#8221; column_padding=&#8221;3&#8243; overlay_alpha=&#8221;50&#8243; shift_x=&#8221;0&#8243; shift_y=&#8221;0&#8243; shift_y_down=&#8221;0&#8243; z_index=&#8221;0&#8243; medium_width=&#8221;0&#8243; mobile_width=&#8221;0&#8243; width=&#8221;5\/12&#8243; uncode_shortcode_id=&#8221;135938&#8243; el_class=&#8221;contenu-compagnie&#8221;][vc_row_inner limit_content=&#8221;&#8221;][vc_column_inner column_width_percent=&#8221;100&#8243; gutter_size=&#8221;2&#8243; overlay_alpha=&#8221;50&#8243; shift_x=&#8221;0&#8243; shift_y=&#8221;0&#8243; shift_y_down=&#8221;0&#8243; z_index=&#8221;0&#8243; medium_width=&#8221;0&#8243; mobile_width=&#8221;0&#8243; width=&#8221;1\/1&#8243; uncode_shortcode_id=&#8221;727088&#8243;][vc_custom_heading text_color=&#8221;accent&#8221; heading_semantic=&#8221;p&#8221; uncode_shortcode_id=&#8221;102849&#8243; text_color_type=&#8221;uncode-palette&#8221;]IT Dansa[\/vc_custom_heading][vc_custom_heading heading_semantic=&#8221;h3&#8243; text_font=&#8221;font-555555&#8243; text_size=&#8221;h5&#8243; uncode_shortcode_id=&#8221;430305&#8243;]<strong>Artistic director: Catherine Allard<\/strong>[\/vc_custom_heading][vc_column_text uncode_shortcode_id=&#8221;358622&#8243;]<a href=\"http:\/\/www.institutdelteatre.cat\">www.institutdelteatre.cat<\/a>[\/vc_column_text][vc_empty_space empty_h=&#8221;2&#8243;][\/vc_column_inner][\/vc_row_inner][vc_column_text uncode_shortcode_id=&#8221;629823&#8243; el_class=&#8221;lineHeight&#8221;]<\/p>\n<p class=\"p1\"><span class=\"s1\">IT Dansa is a young dance company integrated into the postgraduate curriculum of the Institut del Teatre in Barcelona. Comprised of 18 talented international dancers selected through auditions, IT Dansa provides a two-year scholarship program. This opportunity enables dancers to hone their skills under the guidance of world-class teachers and choreographers, and to showcase their talents across an extensive network of theaters and festivals. <\/span><\/p>\n<p class=\"p1\"><span class=\"s1\">The program acts as a powerful launching pad, propelling the majority of these emerging artists into careers with professional dance companies. IT Dansa has developed over forty pieces to date, featuring both up-and-coming talents and esteemed choreographers such as Ji\u0159\u00ed Kyli\u00e1n, Ohad Naharin, Nacho Duato, Rui Horta, Alexander Ekman and Akram Khan.<\/span><\/p>\n<p class=\"p1\"><span class=\"s1\">Under the leadership of Catherine Allard, former dancer of the Nederlands Dans Theater and soloist with Nacho Duato, IT Dansa has flourished since its inception in 1997. Catherine\u2019s leadership is particularly noted for her focus on nurturing the unique personality of each dancer, transforming them into compelling, multifaceted performers. <\/span><\/p>\n<p class=\"p1\"><span class=\"s1\">Over recent seasons, IT Dansa has captivated audiences throughout Europe with its tours, earning widespread acclaim from both the public and dance professionals. Today, IT Dansa is recognized as a pivotal platform for young, aspiring dancers on the international stage.<\/span><\/p>\n<p>[\/vc_column_text][vc_empty_space][vc_custom_heading text_color=&#8221;accent&#8221; heading_semantic=&#8221;h3&#8243; uncode_shortcode_id=&#8221;147134&#8243; text_color_type=&#8221;uncode-palette&#8221;]Press talks about it[\/vc_custom_heading][vc_column_text uncode_shortcode_id=&#8221;152127&#8243; el_class=&#8221;lineHeight&#8221;]<\/p>\n<p class=\"p1\">\u00ab It\u2019s not bold to say that there is a former dancer from IT Dansa in practically every one of the best professional companies in Europe. \u00bb<\/p>\n<p class=\"p2\"><b>Zeneida Sard\u00e0, <i>Revista Serra d\u2019Or<\/i><\/b><\/p>\n<p>[\/vc_column_text][vc_column_text uncode_shortcode_id=&#8221;136731&#8243; el_class=&#8221;lineHeight&#8221;]<\/p>\n<p class=\"p1\">\u00ab IT Dansa is a young company of very high level, both for the choreographies and for the performers, absolutely necessary in the panorama of Spanish dance. \u00bb<\/p>\n<p class=\"p3\"><b>Julio Bravo, <i>ABC<\/i><\/b><\/p>\n<p>[\/vc_column_text][\/vc_column][\/vc_row][vc_row row_height_percent=&#8221;0&#8243; overlay_alpha=&#8221;50&#8243; gutter_size=&#8221;3&#8243; column_width_percent=&#8221;100&#8243; shift_y=&#8221;0&#8243; z_index=&#8221;0&#8243; uncode_shortcode_id=&#8221;607236&#8243;][vc_column column_width_percent=&#8221;100&#8243; align_horizontal=&#8221;align_center&#8221; gutter_size=&#8221;3&#8243; overlay_alpha=&#8221;50&#8243; shift_x=&#8221;0&#8243; shift_y=&#8221;0&#8243; shift_y_down=&#8221;0&#8243; z_index=&#8221;0&#8243; medium_width=&#8221;0&#8243; mobile_width=&#8221;0&#8243; width=&#8221;1\/1&#8243; uncode_shortcode_id=&#8221;853687&#8243;][vc_custom_heading text_color=&#8221;color-190155&#8243; heading_semantic=&#8221;p&#8221; uncode_shortcode_id=&#8221;212897&#8243; text_color_type=&#8221;uncode-palette&#8221;]In the repertoire[\/vc_custom_heading][uncode_index el_id=&#8221;index-537495863&#8243; index_type=&#8221;carousel&#8221; loop=&#8221;size:3|order_by:rand|post_type:page|tax_query:15|taxonomy_count:10&#8243; carousel_lg=&#8221;3&#8243; carousel_md=&#8221;2&#8243; carousel_sm=&#8221;1&#8243; thumb_size=&#8221;three-two&#8221; gutter_size=&#8221;3&#8243; post_items=&#8221;media|featured|onpost|poster,date,title,text|excerpt|90,category|bordered|topright|hide-icon,sep-one|full,extra&#8221; page_items=&#8221;media|featured|onpost|original,title,text|excerpt,link|link|small_size|D\u00e9couvrir&#8221; carousel_interval=&#8221;3000&#8243; carousel_navspeed=&#8221;400&#8243; carousel_dots=&#8221;yes&#8221; carousel_dots_space=&#8221;yes&#8221; carousel_dots_mobile=&#8221;yes&#8221; stage_padding=&#8221;0&#8243; single_back_color=&#8221;color-563873&#8243; single_overlay_opacity=&#8221;50&#8243; single_text_visible=&#8221;yes&#8221; single_text_anim=&#8221;no&#8221; single_padding=&#8221;2&#8243; single_title_dimension=&#8221;h3&#8243; single_text_lead=&#8221;small&#8221; single_border=&#8221;yes&#8221; uncode_shortcode_id=&#8221;429032&#8243;][\/vc_column][\/vc_row][vc_row][vc_column width=&#8221;1\/1&#8243;][uncode_block id=&#8221;3542&#8243;][\/vc_column][\/vc_row]<\/p>\n<\/div>","protected":false},"excerpt":{"rendered":"<p>IT Dansa is a young dance company within the Theatre Institute\u2019s postgraduate dance course in Barcelona. It is composed of 18 young and talented international dancers. <\/p>\n","protected":false},"author":2,"featured_media":1243,"parent":1561,"menu_order":0,"comment_status":"closed","ping_status":"closed","template":"","meta":{"footnotes":""},"choregraphe":[],"directeur-artistique":[131],"class_list":["post-1759","page","type-page","status-publish","has-post-thumbnail","hentry","directeur-artistique-catherine-allard","page_category-compagnies-en"],"yoast_head":"<!-- This site is optimized with the Yoast SEO plugin v27.4 - https:\/\/yoast.com\/product\/yoast-seo-wordpress\/ -->\n<title>IT Dansa I Artistic director Catherine Allard I Delta Danse<\/title>\n<meta name=\"description\" content=\"IT Dansa is a young dance company within the Theatre Institute\u2019s postgraduate dance course in Barcelona.\" \/>\n<meta name=\"robots\" content=\"index, follow, max-snippet:-1, max-image-preview:large, max-video-preview:-1\" \/>\n<link rel=\"canonical\" href=\"https:\/\/www.deltadanse.com\/en\/companies\/it-dansa\/\" \/>\n<meta property=\"og:locale\" content=\"en_US\" \/>\n<meta property=\"og:type\" content=\"article\" \/>\n<meta property=\"og:title\" content=\"IT Dansa I Artistic director Catherine Allard I Delta Danse\" \/>\n<meta property=\"og:description\" content=\"IT Dansa is a young dance company within the Theatre Institute\u2019s postgraduate dance course in Barcelona.\" \/>\n<meta property=\"og:url\" content=\"https:\/\/www.deltadanse.com\/en\/companies\/it-dansa\/\" \/>\n<meta property=\"og:site_name\" content=\"Delta Danse\" \/>\n<meta property=\"article:modified_time\" content=\"2025-07-29T08:35:45+00:00\" \/>\n<meta property=\"og:image\" content=\"https:\/\/www.deltadanse.com\/wp-content\/uploads\/2022\/09\/IT-Dansa.jpg\" \/>\n\t<meta property=\"og:image:width\" content=\"1800\" \/>\n\t<meta property=\"og:image:height\" content=\"1198\" \/>\n\t<meta property=\"og:image:type\" content=\"image\/jpeg\" \/>\n<meta name=\"twitter:card\" content=\"summary_large_image\" \/>\n<meta name=\"twitter:label1\" content=\"Est. reading time\" \/>\n\t<meta name=\"twitter:data1\" content=\"3 minutes\" \/>\n<script type=\"application\/ld+json\" class=\"yoast-schema-graph\">{\"@context\":\"https:\\\/\\\/schema.org\",\"@graph\":[{\"@type\":\"WebPage\",\"@id\":\"https:\\\/\\\/www.deltadanse.com\\\/en\\\/companies\\\/it-dansa\\\/\",\"url\":\"https:\\\/\\\/www.deltadanse.com\\\/en\\\/companies\\\/it-dansa\\\/\",\"name\":\"IT Dansa I Artistic director Catherine Allard I Delta Danse\",\"isPartOf\":{\"@id\":\"https:\\\/\\\/www.deltadanse.com\\\/en\\\/#website\"},\"primaryImageOfPage\":{\"@id\":\"https:\\\/\\\/www.deltadanse.com\\\/en\\\/companies\\\/it-dansa\\\/#primaryimage\"},\"image\":{\"@id\":\"https:\\\/\\\/www.deltadanse.com\\\/en\\\/companies\\\/it-dansa\\\/#primaryimage\"},\"thumbnailUrl\":\"https:\\\/\\\/www.deltadanse.com\\\/wp-content\\\/uploads\\\/2022\\\/09\\\/IT-Dansa.jpg\",\"datePublished\":\"2022-09-06T08:29:15+00:00\",\"dateModified\":\"2025-07-29T08:35:45+00:00\",\"description\":\"IT Dansa is a young dance company within the Theatre Institute\u2019s postgraduate dance course in Barcelona.\",\"breadcrumb\":{\"@id\":\"https:\\\/\\\/www.deltadanse.com\\\/en\\\/companies\\\/it-dansa\\\/#breadcrumb\"},\"inLanguage\":\"en-US\",\"potentialAction\":[{\"@type\":\"ReadAction\",\"target\":[\"https:\\\/\\\/www.deltadanse.com\\\/en\\\/companies\\\/it-dansa\\\/\"]}]},{\"@type\":\"ImageObject\",\"inLanguage\":\"en-US\",\"@id\":\"https:\\\/\\\/www.deltadanse.com\\\/en\\\/companies\\\/it-dansa\\\/#primaryimage\",\"url\":\"https:\\\/\\\/www.deltadanse.com\\\/wp-content\\\/uploads\\\/2022\\\/09\\\/IT-Dansa.jpg\",\"contentUrl\":\"https:\\\/\\\/www.deltadanse.com\\\/wp-content\\\/uploads\\\/2022\\\/09\\\/IT-Dansa.jpg\",\"width\":1800,\"height\":1198},{\"@type\":\"BreadcrumbList\",\"@id\":\"https:\\\/\\\/www.deltadanse.com\\\/en\\\/companies\\\/it-dansa\\\/#breadcrumb\",\"itemListElement\":[{\"@type\":\"ListItem\",\"position\":1,\"name\":\"Accueil\",\"item\":\"https:\\\/\\\/www.deltadanse.com\\\/en\\\/\"},{\"@type\":\"ListItem\",\"position\":2,\"name\":\"Companies\",\"item\":\"https:\\\/\\\/www.deltadanse.com\\\/en\\\/companies\\\/\"},{\"@type\":\"ListItem\",\"position\":3,\"name\":\"IT Dansa\"}]},{\"@type\":\"WebSite\",\"@id\":\"https:\\\/\\\/www.deltadanse.com\\\/en\\\/#website\",\"url\":\"https:\\\/\\\/www.deltadanse.com\\\/en\\\/\",\"name\":\"Delta Danse\",\"description\":\"Just another WordPress site\",\"potentialAction\":[{\"@type\":\"SearchAction\",\"target\":{\"@type\":\"EntryPoint\",\"urlTemplate\":\"https:\\\/\\\/www.deltadanse.com\\\/en\\\/?s={search_term_string}\"},\"query-input\":{\"@type\":\"PropertyValueSpecification\",\"valueRequired\":true,\"valueName\":\"search_term_string\"}}],\"inLanguage\":\"en-US\"}]}<\/script>\n<!-- \/ Yoast SEO plugin. -->","yoast_head_json":{"title":"IT Dansa I Artistic director Catherine Allard I Delta Danse","description":"IT Dansa is a young dance company within the Theatre Institute\u2019s postgraduate dance course in Barcelona.","robots":{"index":"index","follow":"follow","max-snippet":"max-snippet:-1","max-image-preview":"max-image-preview:large","max-video-preview":"max-video-preview:-1"},"canonical":"https:\/\/www.deltadanse.com\/en\/companies\/it-dansa\/","og_locale":"en_US","og_type":"article","og_title":"IT Dansa I Artistic director Catherine Allard I Delta Danse","og_description":"IT Dansa is a young dance company within the Theatre Institute\u2019s postgraduate dance course in Barcelona.","og_url":"https:\/\/www.deltadanse.com\/en\/companies\/it-dansa\/","og_site_name":"Delta Danse","article_modified_time":"2025-07-29T08:35:45+00:00","og_image":[{"width":1800,"height":1198,"url":"https:\/\/www.deltadanse.com\/wp-content\/uploads\/2022\/09\/IT-Dansa.jpg","type":"image\/jpeg"}],"twitter_card":"summary_large_image","twitter_misc":{"Est. reading time":"3 minutes"},"schema":{"@context":"https:\/\/schema.org","@graph":[{"@type":"WebPage","@id":"https:\/\/www.deltadanse.com\/en\/companies\/it-dansa\/","url":"https:\/\/www.deltadanse.com\/en\/companies\/it-dansa\/","name":"IT Dansa I Artistic director Catherine Allard I Delta Danse","isPartOf":{"@id":"https:\/\/www.deltadanse.com\/en\/#website"},"primaryImageOfPage":{"@id":"https:\/\/www.deltadanse.com\/en\/companies\/it-dansa\/#primaryimage"},"image":{"@id":"https:\/\/www.deltadanse.com\/en\/companies\/it-dansa\/#primaryimage"},"thumbnailUrl":"https:\/\/www.deltadanse.com\/wp-content\/uploads\/2022\/09\/IT-Dansa.jpg","datePublished":"2022-09-06T08:29:15+00:00","dateModified":"2025-07-29T08:35:45+00:00","description":"IT Dansa is a young dance company within the Theatre Institute\u2019s postgraduate dance course in Barcelona.","breadcrumb":{"@id":"https:\/\/www.deltadanse.com\/en\/companies\/it-dansa\/#breadcrumb"},"inLanguage":"en-US","potentialAction":[{"@type":"ReadAction","target":["https:\/\/www.deltadanse.com\/en\/companies\/it-dansa\/"]}]},{"@type":"ImageObject","inLanguage":"en-US","@id":"https:\/\/www.deltadanse.com\/en\/companies\/it-dansa\/#primaryimage","url":"https:\/\/www.deltadanse.com\/wp-content\/uploads\/2022\/09\/IT-Dansa.jpg","contentUrl":"https:\/\/www.deltadanse.com\/wp-content\/uploads\/2022\/09\/IT-Dansa.jpg","width":1800,"height":1198},{"@type":"BreadcrumbList","@id":"https:\/\/www.deltadanse.com\/en\/companies\/it-dansa\/#breadcrumb","itemListElement":[{"@type":"ListItem","position":1,"name":"Accueil","item":"https:\/\/www.deltadanse.com\/en\/"},{"@type":"ListItem","position":2,"name":"Companies","item":"https:\/\/www.deltadanse.com\/en\/companies\/"},{"@type":"ListItem","position":3,"name":"IT Dansa"}]},{"@type":"WebSite","@id":"https:\/\/www.deltadanse.com\/en\/#website","url":"https:\/\/www.deltadanse.com\/en\/","name":"Delta Danse","description":"Just another WordPress site","potentialAction":[{"@type":"SearchAction","target":{"@type":"EntryPoint","urlTemplate":"https:\/\/www.deltadanse.com\/en\/?s={search_term_string}"},"query-input":{"@type":"PropertyValueSpecification","valueRequired":true,"valueName":"search_term_string"}}],"inLanguage":"en-US"}]}},"_links":{"self":[{"href":"https:\/\/www.deltadanse.com\/en\/wp-json\/wp\/v2\/pages\/1759","targetHints":{"allow":["GET"]}}],"collection":[{"href":"https:\/\/www.deltadanse.com\/en\/wp-json\/wp\/v2\/pages"}],"about":[{"href":"https:\/\/www.deltadanse.com\/en\/wp-json\/wp\/v2\/types\/page"}],"author":[{"embeddable":true,"href":"https:\/\/www.deltadanse.com\/en\/wp-json\/wp\/v2\/users\/2"}],"replies":[{"embeddable":true,"href":"https:\/\/www.deltadanse.com\/en\/wp-json\/wp\/v2\/comments?post=1759"}],"version-history":[{"count":0,"href":"https:\/\/www.deltadanse.com\/en\/wp-json\/wp\/v2\/pages\/1759\/revisions"}],"up":[{"embeddable":true,"href":"https:\/\/www.deltadanse.com\/en\/wp-json\/wp\/v2\/pages\/1561"}],"wp:featuredmedia":[{"embeddable":true,"href":"https:\/\/www.deltadanse.com\/en\/wp-json\/wp\/v2\/media\/1243"}],"wp:attachment":[{"href":"https:\/\/www.deltadanse.com\/en\/wp-json\/wp\/v2\/media?parent=1759"}],"wp:term":[{"taxonomy":"choregraphe","embeddable":true,"href":"https:\/\/www.deltadanse.com\/en\/wp-json\/wp\/v2\/choregraphe?post=1759"},{"taxonomy":"directeur-artistique","embeddable":true,"href":"https:\/\/www.deltadanse.com\/en\/wp-json\/wp\/v2\/directeur-artistique?post=1759"}],"curies":[{"name":"wp","href":"https:\/\/api.w.org\/{rel}","templated":true}]}}