{"id":7734,"date":"2023-07-06T15:18:36","date_gmt":"2023-07-06T13:18:36","guid":{"rendered":"https:\/\/www.deltadanse.com\/?page_id=7734"},"modified":"2026-01-31T19:08:55","modified_gmt":"2026-01-31T18:08:55","slug":"le-grand-bal","status":"publish","type":"page","link":"https:\/\/www.deltadanse.com\/en\/directory\/le-grand-bal\/","title":{"rendered":"Le Grand Bal"},"content":{"rendered":"<div class=\"wpb-content-wrapper\"><p>[vc_row unlock_row_content=&#8221;yes&#8221; row_height_percent=&#8221;0&#8243; override_padding=&#8221;yes&#8221; h_padding=&#8221;7&#8243; top_padding=&#8221;2&#8243; bottom_padding=&#8221;2&#8243; overlay_alpha=&#8221;50&#8243; gutter_size=&#8221;3&#8243; column_width_percent=&#8221;100&#8243; shift_y=&#8221;0&#8243; z_index=&#8221;0&#8243; uncode_shortcode_id=&#8221;347231&#8243;][vc_column column_width_percent=&#8221;100&#8243; align_horizontal=&#8221;align_center&#8221; gutter_size=&#8221;2&#8243; overlay_alpha=&#8221;50&#8243; shift_x=&#8221;0&#8243; shift_y=&#8221;0&#8243; shift_y_down=&#8221;0&#8243; z_index=&#8221;0&#8243; medium_width=&#8221;0&#8243; mobile_width=&#8221;0&#8243; width=&#8221;7\/12&#8243; uncode_shortcode_id=&#8221;850447&#8243;][vc_row_inner row_inner_height_percent=&#8221;0&#8243; overlay_alpha=&#8221;50&#8243; gutter_size=&#8221;3&#8243; shift_y=&#8221;0&#8243; z_index=&#8221;0&#8243; uncode_shortcode_id=&#8221;100565&#8243; limit_content=&#8221;&#8221;][vc_column_inner column_width_percent=&#8221;100&#8243; gutter_size=&#8221;3&#8243; overlay_alpha=&#8221;50&#8243; shift_x=&#8221;0&#8243; shift_y=&#8221;0&#8243; shift_y_down=&#8221;0&#8243; z_index=&#8221;0&#8243; medium_width=&#8221;0&#8243; mobile_width=&#8221;0&#8243; width=&#8221;1\/1&#8243; uncode_shortcode_id=&#8221;109405&#8243;][vc_gallery el_id=&#8221;gallery-191160&#8243; type=&#8221;carousel&#8221; medias=&#8221;8355,8359,8342,8350&#8243; carousel_lg=&#8221;1&#8243; carousel_md=&#8221;1&#8243; carousel_sm=&#8221;1&#8243; gutter_size=&#8221;3&#8243; media_items=&#8221;media|nolink|original,icon&#8221; carousel_interval=&#8221;3000&#8243; carousel_navspeed=&#8221;400&#8243; stage_padding=&#8221;0&#8243; single_overlay_opacity=&#8221;50&#8243; single_padding=&#8221;2&#8243; uncode_shortcode_id=&#8221;569126&#8243; el_class=&#8221;carrousel-compagnie&#8221;][vc_empty_space empty_h=&#8221;2&#8243; medium_visibility=&#8221;yes&#8221; mobile_visibility=&#8221;yes&#8221;][\/vc_column_inner][\/vc_row_inner][vc_row_inner limit_content=&#8221;&#8221;][vc_column_inner width=&#8221;1\/6&#8243;][\/vc_column_inner][vc_column_inner column_width_percent=&#8221;100&#8243; gutter_size=&#8221;2&#8243; overlay_alpha=&#8221;50&#8243; shift_x=&#8221;0&#8243; shift_y=&#8221;0&#8243; shift_y_down=&#8221;0&#8243; z_index=&#8221;0&#8243; medium_width=&#8221;0&#8243; mobile_width=&#8221;0&#8243; width=&#8221;2\/3&#8243; uncode_shortcode_id=&#8221;170506&#8243;][calendar_season style=&#8221;repertoire&#8221; repertoire=&#8221;8874&#8243;][\/vc_column_inner][vc_column_inner width=&#8221;1\/6&#8243;][\/vc_column_inner][\/vc_row_inner][\/vc_column][vc_column column_width_percent=&#8221;100&#8243; gutter_size=&#8221;2&#8243; override_padding=&#8221;yes&#8221; column_padding=&#8221;3&#8243; overlay_alpha=&#8221;50&#8243; shift_x=&#8221;0&#8243; shift_y=&#8221;0&#8243; shift_y_down=&#8221;0&#8243; z_index=&#8221;0&#8243; medium_width=&#8221;0&#8243; mobile_width=&#8221;0&#8243; width=&#8221;5\/12&#8243; uncode_shortcode_id=&#8221;732127&#8243; el_class=&#8221;contenu-compagnie&#8221;][vc_row_inner limit_content=&#8221;&#8221;][vc_column_inner column_width_percent=&#8221;100&#8243; gutter_size=&#8221;2&#8243; overlay_alpha=&#8221;50&#8243; shift_x=&#8221;0&#8243; shift_y=&#8221;0&#8243; shift_y_down=&#8221;0&#8243; z_index=&#8221;0&#8243; medium_width=&#8221;0&#8243; mobile_width=&#8221;0&#8243; width=&#8221;1\/1&#8243; uncode_shortcode_id=&#8221;727088&#8243;][vc_custom_heading text_color=&#8221;accent&#8221; heading_semantic=&#8221;h1&#8243; text_size=&#8221;fontsize-127449&#8243; uncode_shortcode_id=&#8221;210010&#8243; text_color_type=&#8221;uncode-palette&#8221;]Le Grand Bal[\/vc_custom_heading][vc_custom_heading text_size=&#8221;h4&#8243; text_weight=&#8221;600&#8243; uncode_shortcode_id=&#8221;185219&#8243;]<a href=\"https:\/\/www.deltadanse.com\/dyptik\/\">Dyptik<\/a>[\/vc_custom_heading][vc_column_text uncode_shortcode_id=&#8221;926580&#8243;]Choreography &#8211; Artistic Direction : Souhail Marchiche &amp; Mehdi Meghari<br \/>\nPerformers : Mounir Amhiln, Charly Bouges, Yohann Daher, Nicolas Grosclaude, Hava Hudry, Beatrice Mognol, Carla Munier, Davide Salvadori, Alice Sundara<br \/>\nMusical Creation : Patrick De Oliveira<br \/>\nLight Design : Richard Gratas &amp; Fran\u00e7ois-Xavier Gallet-Lemaitre<br \/>\nScenography : Hannah Daugreilh<br \/>\nPaint : Lo\u00efc Niwa<br \/>\nCostumes : Hannah Daugreilh &amp; Sandra Bersot<\/p>\n<div>Created in 2023 &#8211; Duration 60min<\/div>\n<p>[\/vc_column_text][vc_empty_space empty_h=&#8221;2&#8243;][vc_column_text uncode_shortcode_id=&#8221;906389&#8243;]<\/p>\n<div style=\"padding: 56.25% 0 0 0; position: relative;\"><iframe style=\"position: absolute; top: 0; left: 0; width: 100%; height: 100%;\" title=\"Dyptik - Le Grand Bal\" src=\"https:\/\/player.vimeo.com\/video\/948644287?badge=0&amp;autopause=0&amp;player_id=0&amp;app_id=58479\" frameborder=\"0\" allowfullscreen=\"allowfullscreen\"><br \/>\n<\/iframe><\/div>\n<p><script src=\"https:\/\/player.vimeo.com\/api\/player.js\"><\/script>[\/vc_column_text][vc_empty_space empty_h=&#8221;2&#8243;][\/vc_column_inner][\/vc_row_inner][vc_column_text uncode_shortcode_id=&#8221;167163&#8243; el_class=&#8221;lineHeight&#8221;]<\/p>\n<p class=\"p1\">With this new piece, Souhail Marchiche and Mehdi Meghari question current society and the emancipation of bodies. They are once again inviting us to revolt with this fictional dance under pressure.<\/p>\n<p class=\"p1\">Under the alcoves of a place of worship that gradually opens up into a vast space of light, the 9 dancers are gripped by a Dance Fever, oscillating between light and darkness, strangely reminiscent of the mysterious evil that spread through Strasbourg at the beginning of the 16<sup>th<\/sup> century.<\/p>\n<p class=\"p1\">Like a shudder that gradually sweeps through the whole group, this galvanising frenzy frees up bodies on the verge of implosion. Reflecting an individual revolt facing the harmful everyday life, it may also be a metaphor for the shared despair of a people in distress&#8230;<\/p>\n<p class=\"p1\">The dance and music act as a catalyst, triggering a chain reaction that culminates in the climax of this rite: a collective trance, which will define a redemptive or fatal end for the group.<\/p>\n<p>[\/vc_column_text][vc_empty_space][vc_column_text uncode_shortcode_id=&#8221;186631&#8243;]Coproduction and support : La Compagnie Dyptik, Les Studios Dyptik, Maison De La Danse &amp; Biennale De La Danse De Lyon, Stora Teatern \u2013 Goteborg, La Com\u00e9die \u2013 CDN de St Etienne, Th\u00e9\u00e2tre Des Bergeries \u2013 Noisy Le Sec (artiste associ\u00e9), IADU La Villette, CCN du Havre \u2013 Cie Massala, Th\u00e9\u00e2tre Jean Lur\u00e7at \u2013 Sc\u00e8ne Nationale d&#8217;Aubusson, Th\u00e9\u00e2tre De Cusset (artiste associ\u00e9), Amman Contemporary Dance Festival, Th\u00e9\u00e2tre Du Parc \u2013 Andr\u00e9zieux-Bouth\u00e9on, Domaine De Bayssan \u2013 B\u00e9ziers, Centre Culturel Athena \u2013 La Fert\u00e9 Bernard, <span id=\":2tv.2\" class=\"\" tabindex=\"-1\" role=\"menuitem\">L\u2019Avant<\/span>Seine \u2013 Th\u00e9\u00e2tre De Colombes, S\u00e9maphore &#8211; Th\u00e9\u00e2tre de la ville d&#8217;Irigny Support for creation : DRAC Auvergne Rh\u00f4ne-Alpes, Conseil D\u00e9partemental de la Loire, Ville de St Etienne, ADAMI, SPEDIDAM, Conseil D\u00e9partemental de Seine-St-Denis, Institut Fran\u00e7ais[\/vc_column_text][\/vc_column][\/vc_row][vc_row row_height_percent=&#8221;0&#8243; overlay_alpha=&#8221;50&#8243; gutter_size=&#8221;3&#8243; column_width_percent=&#8221;100&#8243; shift_y=&#8221;0&#8243; z_index=&#8221;0&#8243; uncode_shortcode_id=&#8221;607236&#8243;][vc_column width=&#8221;2\/12&#8243;][\/vc_column][vc_column column_width_percent=&#8221;100&#8243; align_horizontal=&#8221;align_center&#8221; gutter_size=&#8221;3&#8243; overlay_alpha=&#8221;50&#8243; shift_x=&#8221;0&#8243; shift_y=&#8221;0&#8243; shift_y_down=&#8221;0&#8243; z_index=&#8221;0&#8243; medium_width=&#8221;0&#8243; mobile_width=&#8221;0&#8243; width=&#8221;2\/3&#8243; uncode_shortcode_id=&#8221;853687&#8243;][vc_empty_space empty_h=&#8221;4&#8243;][\/vc_column][vc_column width=&#8221;2\/12&#8243;][\/vc_column][\/vc_row][vc_row][vc_column width=&#8221;1\/1&#8243;][uncode_block id=&#8221;3542&#8243;][\/vc_column][\/vc_row]<\/p>\n<\/div>","protected":false},"excerpt":{"rendered":"<p>With this new piece, Souhail Marchiche and Mehdi Meghari question current society and the emancipation of bodies.<\/p>\n","protected":false},"author":8,"featured_media":8355,"parent":1762,"menu_order":0,"comment_status":"closed","ping_status":"closed","template":"","meta":{"footnotes":""},"choregraphe":[147],"directeur-artistique":[],"class_list":["post-7734","page","type-page","status-publish","has-post-thumbnail","hentry","choregraphe-souhail-marchiche-et-mehdi-meghari","page_category-dyptik-en"],"yoast_head":"<!-- This site is optimized with the Yoast SEO plugin v27.4 - https:\/\/yoast.com\/product\/yoast-seo-wordpress\/ -->\n<title>Le Grand Bal I Compagnie Dyptik I Delta Danse<\/title>\n<meta name=\"description\" content=\"Le Grand Bal : With this new piece, Souhail Marchiche and Mehdi Meghari question current society and the emancipation of bodies.\" \/>\n<meta name=\"robots\" content=\"index, follow, max-snippet:-1, max-image-preview:large, max-video-preview:-1\" \/>\n<link rel=\"canonical\" href=\"https:\/\/www.deltadanse.com\/en\/directory\/le-grand-bal\/\" \/>\n<meta property=\"og:locale\" content=\"en_US\" \/>\n<meta property=\"og:type\" content=\"article\" \/>\n<meta property=\"og:title\" content=\"Le Grand Bal I Compagnie Dyptik I Delta Danse\" \/>\n<meta property=\"og:description\" content=\"Le Grand Bal : With this new piece, Souhail Marchiche and Mehdi Meghari question current society and the emancipation of bodies.\" \/>\n<meta property=\"og:url\" content=\"https:\/\/www.deltadanse.com\/en\/directory\/le-grand-bal\/\" \/>\n<meta property=\"og:site_name\" content=\"Delta Danse\" \/>\n<meta property=\"article:modified_time\" content=\"2026-01-31T18:08:55+00:00\" \/>\n<meta property=\"og:image\" content=\"https:\/\/www.deltadanse.com\/wp-content\/uploads\/2023\/11\/369481811_258439520019374_nLe-grand-bal_@Romain-Tissot.jpg\" \/>\n\t<meta property=\"og:image:width\" content=\"1500\" \/>\n\t<meta property=\"og:image:height\" content=\"1000\" \/>\n\t<meta property=\"og:image:type\" content=\"image\/jpeg\" \/>\n<meta name=\"twitter:card\" content=\"summary_large_image\" \/>\n<meta name=\"twitter:label1\" content=\"Est. reading time\" \/>\n\t<meta name=\"twitter:data1\" content=\"3 minutes\" \/>\n<script type=\"application\/ld+json\" class=\"yoast-schema-graph\">{\"@context\":\"https:\\\/\\\/schema.org\",\"@graph\":[{\"@type\":\"WebPage\",\"@id\":\"https:\\\/\\\/www.deltadanse.com\\\/en\\\/directory\\\/le-grand-bal\\\/\",\"url\":\"https:\\\/\\\/www.deltadanse.com\\\/en\\\/directory\\\/le-grand-bal\\\/\",\"name\":\"Le Grand Bal I Compagnie Dyptik I Delta Danse\",\"isPartOf\":{\"@id\":\"https:\\\/\\\/www.deltadanse.com\\\/en\\\/#website\"},\"primaryImageOfPage\":{\"@id\":\"https:\\\/\\\/www.deltadanse.com\\\/en\\\/directory\\\/le-grand-bal\\\/#primaryimage\"},\"image\":{\"@id\":\"https:\\\/\\\/www.deltadanse.com\\\/en\\\/directory\\\/le-grand-bal\\\/#primaryimage\"},\"thumbnailUrl\":\"https:\\\/\\\/www.deltadanse.com\\\/wp-content\\\/uploads\\\/2023\\\/11\\\/369481811_258439520019374_nLe-grand-bal_@Romain-Tissot.jpg\",\"datePublished\":\"2023-07-06T13:18:36+00:00\",\"dateModified\":\"2026-01-31T18:08:55+00:00\",\"description\":\"Le Grand Bal : With this new piece, Souhail Marchiche and Mehdi Meghari question current society and the emancipation of bodies.\",\"breadcrumb\":{\"@id\":\"https:\\\/\\\/www.deltadanse.com\\\/en\\\/directory\\\/le-grand-bal\\\/#breadcrumb\"},\"inLanguage\":\"en-US\",\"potentialAction\":[{\"@type\":\"ReadAction\",\"target\":[\"https:\\\/\\\/www.deltadanse.com\\\/en\\\/directory\\\/le-grand-bal\\\/\"]}]},{\"@type\":\"ImageObject\",\"inLanguage\":\"en-US\",\"@id\":\"https:\\\/\\\/www.deltadanse.com\\\/en\\\/directory\\\/le-grand-bal\\\/#primaryimage\",\"url\":\"https:\\\/\\\/www.deltadanse.com\\\/wp-content\\\/uploads\\\/2023\\\/11\\\/369481811_258439520019374_nLe-grand-bal_@Romain-Tissot.jpg\",\"contentUrl\":\"https:\\\/\\\/www.deltadanse.com\\\/wp-content\\\/uploads\\\/2023\\\/11\\\/369481811_258439520019374_nLe-grand-bal_@Romain-Tissot.jpg\",\"width\":1500,\"height\":1000},{\"@type\":\"BreadcrumbList\",\"@id\":\"https:\\\/\\\/www.deltadanse.com\\\/en\\\/directory\\\/le-grand-bal\\\/#breadcrumb\",\"itemListElement\":[{\"@type\":\"ListItem\",\"position\":1,\"name\":\"Accueil\",\"item\":\"https:\\\/\\\/www.deltadanse.com\\\/en\\\/\"},{\"@type\":\"ListItem\",\"position\":2,\"name\":\"Repertoire\",\"item\":\"https:\\\/\\\/www.deltadanse.com\\\/en\\\/directory\\\/\"},{\"@type\":\"ListItem\",\"position\":3,\"name\":\"Le Grand Bal\"}]},{\"@type\":\"WebSite\",\"@id\":\"https:\\\/\\\/www.deltadanse.com\\\/en\\\/#website\",\"url\":\"https:\\\/\\\/www.deltadanse.com\\\/en\\\/\",\"name\":\"Delta Danse\",\"description\":\"Just another WordPress site\",\"potentialAction\":[{\"@type\":\"SearchAction\",\"target\":{\"@type\":\"EntryPoint\",\"urlTemplate\":\"https:\\\/\\\/www.deltadanse.com\\\/en\\\/?s={search_term_string}\"},\"query-input\":{\"@type\":\"PropertyValueSpecification\",\"valueRequired\":true,\"valueName\":\"search_term_string\"}}],\"inLanguage\":\"en-US\"}]}<\/script>\n<!-- \/ Yoast SEO plugin. -->","yoast_head_json":{"title":"Le Grand Bal I Compagnie Dyptik I Delta Danse","description":"Le Grand Bal : With this new piece, Souhail Marchiche and Mehdi Meghari question current society and the emancipation of bodies.","robots":{"index":"index","follow":"follow","max-snippet":"max-snippet:-1","max-image-preview":"max-image-preview:large","max-video-preview":"max-video-preview:-1"},"canonical":"https:\/\/www.deltadanse.com\/en\/directory\/le-grand-bal\/","og_locale":"en_US","og_type":"article","og_title":"Le Grand Bal I Compagnie Dyptik I Delta Danse","og_description":"Le Grand Bal : With this new piece, Souhail Marchiche and Mehdi Meghari question current society and the emancipation of bodies.","og_url":"https:\/\/www.deltadanse.com\/en\/directory\/le-grand-bal\/","og_site_name":"Delta Danse","article_modified_time":"2026-01-31T18:08:55+00:00","og_image":[{"width":1500,"height":1000,"url":"https:\/\/www.deltadanse.com\/wp-content\/uploads\/2023\/11\/369481811_258439520019374_nLe-grand-bal_@Romain-Tissot.jpg","type":"image\/jpeg"}],"twitter_card":"summary_large_image","twitter_misc":{"Est. reading time":"3 minutes"},"schema":{"@context":"https:\/\/schema.org","@graph":[{"@type":"WebPage","@id":"https:\/\/www.deltadanse.com\/en\/directory\/le-grand-bal\/","url":"https:\/\/www.deltadanse.com\/en\/directory\/le-grand-bal\/","name":"Le Grand Bal I Compagnie Dyptik I Delta Danse","isPartOf":{"@id":"https:\/\/www.deltadanse.com\/en\/#website"},"primaryImageOfPage":{"@id":"https:\/\/www.deltadanse.com\/en\/directory\/le-grand-bal\/#primaryimage"},"image":{"@id":"https:\/\/www.deltadanse.com\/en\/directory\/le-grand-bal\/#primaryimage"},"thumbnailUrl":"https:\/\/www.deltadanse.com\/wp-content\/uploads\/2023\/11\/369481811_258439520019374_nLe-grand-bal_@Romain-Tissot.jpg","datePublished":"2023-07-06T13:18:36+00:00","dateModified":"2026-01-31T18:08:55+00:00","description":"Le Grand Bal : With this new piece, Souhail Marchiche and Mehdi Meghari question current society and the emancipation of bodies.","breadcrumb":{"@id":"https:\/\/www.deltadanse.com\/en\/directory\/le-grand-bal\/#breadcrumb"},"inLanguage":"en-US","potentialAction":[{"@type":"ReadAction","target":["https:\/\/www.deltadanse.com\/en\/directory\/le-grand-bal\/"]}]},{"@type":"ImageObject","inLanguage":"en-US","@id":"https:\/\/www.deltadanse.com\/en\/directory\/le-grand-bal\/#primaryimage","url":"https:\/\/www.deltadanse.com\/wp-content\/uploads\/2023\/11\/369481811_258439520019374_nLe-grand-bal_@Romain-Tissot.jpg","contentUrl":"https:\/\/www.deltadanse.com\/wp-content\/uploads\/2023\/11\/369481811_258439520019374_nLe-grand-bal_@Romain-Tissot.jpg","width":1500,"height":1000},{"@type":"BreadcrumbList","@id":"https:\/\/www.deltadanse.com\/en\/directory\/le-grand-bal\/#breadcrumb","itemListElement":[{"@type":"ListItem","position":1,"name":"Accueil","item":"https:\/\/www.deltadanse.com\/en\/"},{"@type":"ListItem","position":2,"name":"Repertoire","item":"https:\/\/www.deltadanse.com\/en\/directory\/"},{"@type":"ListItem","position":3,"name":"Le Grand Bal"}]},{"@type":"WebSite","@id":"https:\/\/www.deltadanse.com\/en\/#website","url":"https:\/\/www.deltadanse.com\/en\/","name":"Delta Danse","description":"Just another WordPress site","potentialAction":[{"@type":"SearchAction","target":{"@type":"EntryPoint","urlTemplate":"https:\/\/www.deltadanse.com\/en\/?s={search_term_string}"},"query-input":{"@type":"PropertyValueSpecification","valueRequired":true,"valueName":"search_term_string"}}],"inLanguage":"en-US"}]}},"_links":{"self":[{"href":"https:\/\/www.deltadanse.com\/en\/wp-json\/wp\/v2\/pages\/7734","targetHints":{"allow":["GET"]}}],"collection":[{"href":"https:\/\/www.deltadanse.com\/en\/wp-json\/wp\/v2\/pages"}],"about":[{"href":"https:\/\/www.deltadanse.com\/en\/wp-json\/wp\/v2\/types\/page"}],"author":[{"embeddable":true,"href":"https:\/\/www.deltadanse.com\/en\/wp-json\/wp\/v2\/users\/8"}],"replies":[{"embeddable":true,"href":"https:\/\/www.deltadanse.com\/en\/wp-json\/wp\/v2\/comments?post=7734"}],"version-history":[{"count":0,"href":"https:\/\/www.deltadanse.com\/en\/wp-json\/wp\/v2\/pages\/7734\/revisions"}],"up":[{"embeddable":true,"href":"https:\/\/www.deltadanse.com\/en\/wp-json\/wp\/v2\/pages\/1762"}],"wp:featuredmedia":[{"embeddable":true,"href":"https:\/\/www.deltadanse.com\/en\/wp-json\/wp\/v2\/media\/8355"}],"wp:attachment":[{"href":"https:\/\/www.deltadanse.com\/en\/wp-json\/wp\/v2\/media?parent=7734"}],"wp:term":[{"taxonomy":"choregraphe","embeddable":true,"href":"https:\/\/www.deltadanse.com\/en\/wp-json\/wp\/v2\/choregraphe?post=7734"},{"taxonomy":"directeur-artistique","embeddable":true,"href":"https:\/\/www.deltadanse.com\/en\/wp-json\/wp\/v2\/directeur-artistique?post=7734"}],"curies":[{"name":"wp","href":"https:\/\/api.w.org\/{rel}","templated":true}]}}