{"id":7930,"date":"2023-08-24T16:46:22","date_gmt":"2023-08-24T14:46:22","guid":{"rendered":"https:\/\/www.deltadanse.com\/?page_id=7930"},"modified":"2026-04-10T16:42:04","modified_gmt":"2026-04-10T14:42:04","slug":"forces","status":"publish","type":"page","link":"https:\/\/www.deltadanse.com\/en\/directory\/forces\/","title":{"rendered":"Forces"},"content":{"rendered":"<div class=\"wpb-content-wrapper\"><p>[vc_row unlock_row_content=&#8221;yes&#8221; row_height_percent=&#8221;0&#8243; override_padding=&#8221;yes&#8221; h_padding=&#8221;7&#8243; top_padding=&#8221;2&#8243; bottom_padding=&#8221;2&#8243; overlay_alpha=&#8221;50&#8243; gutter_size=&#8221;3&#8243; column_width_percent=&#8221;100&#8243; shift_y=&#8221;0&#8243; z_index=&#8221;0&#8243; uncode_shortcode_id=&#8221;347231&#8243;][vc_column column_width_percent=&#8221;100&#8243; align_horizontal=&#8221;align_center&#8221; gutter_size=&#8221;2&#8243; overlay_alpha=&#8221;50&#8243; shift_x=&#8221;0&#8243; shift_y=&#8221;0&#8243; shift_y_down=&#8221;0&#8243; z_index=&#8221;0&#8243; medium_width=&#8221;0&#8243; mobile_width=&#8221;0&#8243; width=&#8221;7\/12&#8243; uncode_shortcode_id=&#8221;850447&#8243;][vc_row_inner row_inner_height_percent=&#8221;0&#8243; overlay_alpha=&#8221;50&#8243; gutter_size=&#8221;3&#8243; shift_y=&#8221;0&#8243; z_index=&#8221;0&#8243; uncode_shortcode_id=&#8221;100565&#8243; limit_content=&#8221;&#8221;][vc_column_inner column_width_percent=&#8221;100&#8243; gutter_size=&#8221;3&#8243; overlay_alpha=&#8221;50&#8243; shift_x=&#8221;0&#8243; shift_y=&#8221;0&#8243; shift_y_down=&#8221;0&#8243; z_index=&#8221;0&#8243; medium_width=&#8221;0&#8243; mobile_width=&#8221;0&#8243; width=&#8221;1\/1&#8243; uncode_shortcode_id=&#8221;109405&#8243;][vc_gallery el_id=&#8221;gallery-191160&#8243; type=&#8221;carousel&#8221; medias=&#8221;11733,11724,11730,11727,11736&#8243; carousel_lg=&#8221;1&#8243; carousel_md=&#8221;1&#8243; carousel_sm=&#8221;1&#8243; gutter_size=&#8221;3&#8243; media_items=&#8221;media|nolink|original,icon&#8221; carousel_interval=&#8221;3000&#8243; carousel_navspeed=&#8221;400&#8243; stage_padding=&#8221;0&#8243; single_overlay_opacity=&#8221;50&#8243; single_padding=&#8221;2&#8243; uncode_shortcode_id=&#8221;508235&#8243; el_class=&#8221;carrousel-compagnie&#8221;][vc_empty_space empty_h=&#8221;2&#8243; medium_visibility=&#8221;yes&#8221; mobile_visibility=&#8221;yes&#8221;][\/vc_column_inner][\/vc_row_inner][vc_row_inner limit_content=&#8221;&#8221;][vc_column_inner width=&#8221;1\/6&#8243;][\/vc_column_inner][vc_column_inner column_width_percent=&#8221;100&#8243; gutter_size=&#8221;2&#8243; overlay_alpha=&#8221;50&#8243; shift_x=&#8221;0&#8243; shift_y=&#8221;0&#8243; shift_y_down=&#8221;0&#8243; z_index=&#8221;0&#8243; medium_width=&#8221;0&#8243; mobile_width=&#8221;0&#8243; width=&#8221;2\/3&#8243; uncode_shortcode_id=&#8221;189814&#8243;][calendar_season style=&#8221;repertoire&#8221; repertoire=&#8221;9301&#8243;][\/vc_column_inner][vc_column_inner width=&#8221;1\/6&#8243;][\/vc_column_inner][\/vc_row_inner][\/vc_column][vc_column column_width_percent=&#8221;100&#8243; gutter_size=&#8221;2&#8243; override_padding=&#8221;yes&#8221; column_padding=&#8221;3&#8243; overlay_alpha=&#8221;50&#8243; shift_x=&#8221;0&#8243; shift_y=&#8221;0&#8243; shift_y_down=&#8221;0&#8243; z_index=&#8221;0&#8243; medium_width=&#8221;0&#8243; mobile_width=&#8221;0&#8243; width=&#8221;5\/12&#8243; uncode_shortcode_id=&#8221;649606&#8243; el_class=&#8221;contenu-compagnie&#8221;][vc_row_inner limit_content=&#8221;&#8221;][vc_column_inner column_width_percent=&#8221;100&#8243; gutter_size=&#8221;2&#8243; overlay_alpha=&#8221;50&#8243; shift_x=&#8221;0&#8243; shift_y=&#8221;0&#8243; shift_y_down=&#8221;0&#8243; z_index=&#8221;0&#8243; medium_width=&#8221;0&#8243; mobile_width=&#8221;0&#8243; width=&#8221;1\/1&#8243; uncode_shortcode_id=&#8221;727088&#8243;][vc_custom_heading text_color=&#8221;accent&#8221; heading_semantic=&#8221;h1&#8243; text_size=&#8221;fontsize-127449&#8243; uncode_shortcode_id=&#8221;183640&#8243; text_color_type=&#8221;uncode-palette&#8221;]Forces[\/vc_custom_heading][vc_custom_heading text_size=&#8221;h4&#8243; text_weight=&#8221;600&#8243; uncode_shortcode_id=&#8221;176136&#8243;]<a href=\"https:\/\/www.deltadanse.com\/en\/companies\/ballet-du-grand-theatre-de-geneve\/\">Ballet du Grand Th\u00e9\u00e2tre de Gen\u00e8ve<\/a>[\/vc_custom_heading][vc_column_text uncode_shortcode_id=&#8221;159949&#8243;]Choreographies : Aszure Barton \/ Sharon Eyal[\/vc_column_text][\/vc_column_inner][\/vc_row_inner][vc_empty_space][vc_custom_heading text_color=&#8221;accent&#8221; heading_semantic=&#8221;p&#8221; uncode_shortcode_id=&#8221;168329&#8243; text_color_type=&#8221;uncode-palette&#8221;]BUSK[\/vc_custom_heading][vc_column_text uncode_shortcode_id=&#8221;147095&#8243;]<\/p>\n<p class=\"p1\">Choreography and sound design<strong> Aszure Barton<\/strong><br \/>\nDirection <strong>Jonathan Alsberry<\/strong><br \/>\nCostume design <strong>Michelle Jank<\/strong><br \/>\nLighting and set design <strong>Nicole Pearce<\/strong><br \/>\nMusic <strong>August Soderman, Camille Saint-Sa\u00ebns, Daniel Belanger, Lev \u201cLjova\u201d Zhurbin, Moondog, Slava Grigoryan<\/strong><\/p>\n<p class=\"p1\">Created in 2009 &#8211; Duration 28min<\/p>\n<p>[\/vc_column_text][vc_column_text uncode_shortcode_id=&#8221;126249&#8243;]<\/p>\n<div style=\"padding: 56.25% 0 0 0; position: relative;\"><iframe style=\"position: absolute; top: 0; left: 0; width: 100%; height: 100%;\" title=\"Ballet du Grand Th\u00e9\u00e2tre de Gen\u00e8ve - FORCES (Busk)\" src=\"https:\/\/player.vimeo.com\/video\/1105446602?badge=0&amp;autopause=0&amp;player_id=0&amp;app_id=58479\" frameborder=\"0\" allowfullscreen=\"allowfullscreen\"><br \/>\n<\/iframe><\/div>\n<p><script src=\"https:\/\/player.vimeo.com\/api\/player.js\"><\/script>[\/vc_column_text][vc_column_text uncode_shortcode_id=&#8221;553015&#8243; el_class=&#8221;lineHeight&#8221;]<\/p>\n<p class=\"p1\">In <em>BUSK<\/em>, created in 2010 for the Baryshnikov Arts Center in New York, Aszure Barton invites us to enjoy the fragility, tenderness, and resilience that exist within the human experience. <em>BUSK<\/em> is an attentive gaze cast on the physical unfurling of the human psyche to a spirited score. Every facet of the dancers\u2019 bodies and minds are engaged. The dancers must tap into the collective \u2013 a hive mind \u2013 in order to execute Barton\u2019s layered and intricate choreographic structures which then give way to the nuance of each individual. Deriving its title as much from the<\/p>\n<p class=\"p1\">Spanish word for search (buscar) as from the English verb for street performance, the performers of <em>BUSK<\/em> present themselves as they are and invite the audience to enter with them in the search for the inherent wisdom of the body.<\/p>\n<p>[\/vc_column_text][vc_empty_space][vc_custom_heading text_color=&#8221;accent&#8221; uncode_shortcode_id=&#8221;295109&#8243; text_color_type=&#8221;uncode-palette&#8221;]Strong[\/vc_custom_heading][vc_column_text uncode_shortcode_id=&#8221;138023&#8243;]<\/p>\n<p class=\"p1\">Choreography <strong>Sharon Eyal<\/strong><br \/>\nCo-choreography <strong>Gai Behar<\/strong><br \/>\nAssistant choreographer <strong>Clyde E. Aecher<\/strong><br \/>\nSet design<strong> Sharon Eyal and Gai Behar<\/strong><br \/>\nMusic<strong> Ori Lichtik<\/strong><br \/>\nLighting<strong> Alon Cohen<\/strong><br \/>\nCostumes <strong>Rebecca Hytting<\/strong><\/p>\n<p class=\"p1\">Created in 2019 &#8211; Duration 45min<\/p>\n<p>[\/vc_column_text][vc_column_text uncode_shortcode_id=&#8221;125087&#8243;]<\/p>\n<div style=\"padding: 56.25% 0 0 0; position: relative;\"><iframe style=\"position: absolute; top: 0; left: 0; width: 100%; height: 100%;\" src=\"https:\/\/player.vimeo.com\/video\/1105447043?badge=0&amp;autopause=0&amp;player_id=0&amp;app_id=58479\" frameborder=\"0\" allowfullscreen=\"allowfullscreen\"><br \/>\n<\/iframe><\/div>\n<p><script src=\"https:\/\/player.vimeo.com\/api\/player.js\"><\/script>[\/vc_column_text][vc_column_text uncode_shortcode_id=&#8221;151955&#8243; el_class=&#8221;lineHeight&#8221;]<\/p>\n<p class=\"p1\">Trepidation, loneliness, strength and resilience are the four characteristics that dominate Sharon Eyal\u2019s choreography of <em>Strong<\/em>, created with Staatsballett Berlin in 2019, a work that carries the characteristic movements and distinctive music of Eyal\u2019s pieces: a techno soundtrack alternated by drums and bass as lights and movement project an ecstatic experience for seventeen spellbound dancers. <em>Strong<\/em> develops a magnetism of bodies between the dancers which, as they come closer together, increase the eponymous strength of this performance. <em>Strong<\/em> is a composition of nervous movements, seemingly exhausting but light and supple.<\/p>\n<p class=\"p1\">The strength is in the group, but also in the alienation and solitude. The result is emblematic of the cohesion that derives from a common mission or belief. Sharon Eyal\u2019s work is about the shared pleasure that sometimes comes from pain, as the dancers know well, or the pleasure of fighting with the same strength for the same goals.<\/p>\n<p>[\/vc_column_text][vc_empty_space][\/vc_column][\/vc_row][vc_row row_height_percent=&#8221;0&#8243; overlay_alpha=&#8221;50&#8243; gutter_size=&#8221;3&#8243; column_width_percent=&#8221;100&#8243; shift_y=&#8221;0&#8243; z_index=&#8221;0&#8243; uncode_shortcode_id=&#8221;607236&#8243;][vc_column width=&#8221;2\/12&#8243;][\/vc_column][vc_column column_width_percent=&#8221;100&#8243; align_horizontal=&#8221;align_center&#8221; gutter_size=&#8221;3&#8243; overlay_alpha=&#8221;50&#8243; shift_x=&#8221;0&#8243; shift_y=&#8221;0&#8243; shift_y_down=&#8221;0&#8243; z_index=&#8221;0&#8243; medium_width=&#8221;0&#8243; mobile_width=&#8221;0&#8243; width=&#8221;2\/3&#8243; uncode_shortcode_id=&#8221;853687&#8243;][vc_custom_heading text_color=&#8221;color-190155&#8243; uncode_shortcode_id=&#8221;529001&#8243; text_color_type=&#8221;uncode-palette&#8221;]In the repertoire[\/vc_custom_heading][uncode_index el_id=&#8221;index-537495863&#8243; index_type=&#8221;carousel&#8221; loop=&#8221;size:3|order_by:date|post_type:page|tax_query:10|taxonomy_count:10&#8243; carousel_lg=&#8221;2&#8243; carousel_md=&#8221;2&#8243; carousel_sm=&#8221;1&#8243; thumb_size=&#8221;three-two&#8221; gutter_size=&#8221;3&#8243; post_items=&#8221;media|featured|onpost|poster,date,title,text|excerpt|90,category|bordered|topright|hide-icon,sep-one|full,extra&#8221; page_items=&#8221;media|featured|onpost|original,title,text|excerpt,link|link|small_size|D\u00e9couvrir&#8221; carousel_interval=&#8221;3000&#8243; carousel_navspeed=&#8221;400&#8243; carousel_dots=&#8221;yes&#8221; carousel_dots_space=&#8221;yes&#8221; carousel_dots_mobile=&#8221;yes&#8221; stage_padding=&#8221;0&#8243; single_back_color=&#8221;color-563873&#8243; single_overlay_opacity=&#8221;50&#8243; single_text_visible=&#8221;yes&#8221; single_text_anim=&#8221;no&#8221; single_padding=&#8221;2&#8243; single_title_dimension=&#8221;h4&#8243; single_title_weight=&#8221;600&#8243; single_text_lead=&#8221;small&#8221; single_border=&#8221;yes&#8221; uncode_shortcode_id=&#8221;120757&#8243;][\/vc_column][vc_column width=&#8221;2\/12&#8243;][\/vc_column][\/vc_row][vc_row][vc_column width=&#8221;1\/1&#8243;][uncode_block id=&#8221;3542&#8243;][\/vc_column][\/vc_row]<\/p>\n<\/div>","protected":false},"excerpt":{"rendered":"<p>The Forces double bill brings together two powerful works by two women at the choreographic forefront of our time, who have been invited to recreate these emblematic programmes from their respective repertoires with the Ballet du Grand Th\u00e9\u00e2tre de Gen\u00e8ve.<\/p>\n","protected":false},"author":9,"featured_media":11724,"parent":1762,"menu_order":0,"comment_status":"closed","ping_status":"closed","template":"","meta":{"footnotes":""},"choregraphe":[170,210],"directeur-artistique":[122],"class_list":["post-7930","page","type-page","status-publish","has-post-thumbnail","hentry","choregraphe-aszure-barton","choregraphe-sharon-eyal","directeur-artistique-sidi-larbi-cherkaoui","page_category-ballet-du-grand-theatre-de-geneve-en"],"yoast_head":"<!-- This site is optimized with the Yoast SEO plugin v27.4 - https:\/\/yoast.com\/product\/yoast-seo-wordpress\/ -->\n<title>Forces I Ballet du Grand Th\u00e9\u00e2tre de Gen\u00e8ve I Delta Danse<\/title>\n<meta name=\"description\" content=\"The Forces double bill brings together two powerful works by two women at the choreographic forefront of our time, who have been invited to recreate these emblematic programmes from their respective repertoires with the Ballet du Grand Th\u00e9\u00e2tre de Gen\u00e8ve.\" \/>\n<meta name=\"robots\" content=\"index, follow, max-snippet:-1, max-image-preview:large, max-video-preview:-1\" \/>\n<link rel=\"canonical\" href=\"https:\/\/www.deltadanse.com\/en\/directory\/forces\/\" \/>\n<meta property=\"og:locale\" content=\"en_US\" \/>\n<meta property=\"og:type\" content=\"article\" \/>\n<meta property=\"og:title\" content=\"Forces I Ballet du Grand Th\u00e9\u00e2tre de Gen\u00e8ve I Delta Danse\" \/>\n<meta property=\"og:description\" content=\"The Forces double bill brings together two powerful works by two women at the choreographic forefront of our time, who have been invited to recreate these emblematic programmes from their respective repertoires with the Ballet du Grand Th\u00e9\u00e2tre de Gen\u00e8ve.\" \/>\n<meta property=\"og:url\" content=\"https:\/\/www.deltadanse.com\/en\/directory\/forces\/\" \/>\n<meta property=\"og:site_name\" content=\"Delta Danse\" \/>\n<meta property=\"article:modified_time\" content=\"2026-04-10T14:42:04+00:00\" \/>\n<meta property=\"og:image\" content=\"https:\/\/www.deltadanse.com\/wp-content\/uploads\/2025\/07\/2024B040_Forces_Busk_PRE_20240610_GTG-Gregory_Batardon_058-scaled.jpg\" \/>\n\t<meta property=\"og:image:width\" content=\"2560\" \/>\n\t<meta property=\"og:image:height\" content=\"1707\" \/>\n\t<meta property=\"og:image:type\" content=\"image\/jpeg\" \/>\n<meta name=\"twitter:card\" content=\"summary_large_image\" \/>\n<meta name=\"twitter:label1\" content=\"Est. reading time\" \/>\n\t<meta name=\"twitter:data1\" content=\"4 minutes\" \/>\n<script type=\"application\/ld+json\" class=\"yoast-schema-graph\">{\"@context\":\"https:\\\/\\\/schema.org\",\"@graph\":[{\"@type\":\"WebPage\",\"@id\":\"https:\\\/\\\/www.deltadanse.com\\\/en\\\/directory\\\/forces\\\/\",\"url\":\"https:\\\/\\\/www.deltadanse.com\\\/en\\\/directory\\\/forces\\\/\",\"name\":\"Forces I Ballet du Grand Th\u00e9\u00e2tre de Gen\u00e8ve I Delta Danse\",\"isPartOf\":{\"@id\":\"https:\\\/\\\/www.deltadanse.com\\\/en\\\/#website\"},\"primaryImageOfPage\":{\"@id\":\"https:\\\/\\\/www.deltadanse.com\\\/en\\\/directory\\\/forces\\\/#primaryimage\"},\"image\":{\"@id\":\"https:\\\/\\\/www.deltadanse.com\\\/en\\\/directory\\\/forces\\\/#primaryimage\"},\"thumbnailUrl\":\"https:\\\/\\\/www.deltadanse.com\\\/wp-content\\\/uploads\\\/2025\\\/07\\\/2024B040_Forces_Busk_PRE_20240610_GTG-Gregory_Batardon_058-scaled.jpg\",\"datePublished\":\"2023-08-24T14:46:22+00:00\",\"dateModified\":\"2026-04-10T14:42:04+00:00\",\"description\":\"The Forces double bill brings together two powerful works by two women at the choreographic forefront of our time, who have been invited to recreate these emblematic programmes from their respective repertoires with the Ballet du Grand Th\u00e9\u00e2tre de Gen\u00e8ve.\",\"breadcrumb\":{\"@id\":\"https:\\\/\\\/www.deltadanse.com\\\/en\\\/directory\\\/forces\\\/#breadcrumb\"},\"inLanguage\":\"en-US\",\"potentialAction\":[{\"@type\":\"ReadAction\",\"target\":[\"https:\\\/\\\/www.deltadanse.com\\\/en\\\/directory\\\/forces\\\/\"]}]},{\"@type\":\"ImageObject\",\"inLanguage\":\"en-US\",\"@id\":\"https:\\\/\\\/www.deltadanse.com\\\/en\\\/directory\\\/forces\\\/#primaryimage\",\"url\":\"https:\\\/\\\/www.deltadanse.com\\\/wp-content\\\/uploads\\\/2025\\\/07\\\/2024B040_Forces_Busk_PRE_20240610_GTG-Gregory_Batardon_058-scaled.jpg\",\"contentUrl\":\"https:\\\/\\\/www.deltadanse.com\\\/wp-content\\\/uploads\\\/2025\\\/07\\\/2024B040_Forces_Busk_PRE_20240610_GTG-Gregory_Batardon_058-scaled.jpg\",\"width\":2560,\"height\":1707},{\"@type\":\"BreadcrumbList\",\"@id\":\"https:\\\/\\\/www.deltadanse.com\\\/en\\\/directory\\\/forces\\\/#breadcrumb\",\"itemListElement\":[{\"@type\":\"ListItem\",\"position\":1,\"name\":\"Accueil\",\"item\":\"https:\\\/\\\/www.deltadanse.com\\\/en\\\/\"},{\"@type\":\"ListItem\",\"position\":2,\"name\":\"Repertoire\",\"item\":\"https:\\\/\\\/www.deltadanse.com\\\/en\\\/directory\\\/\"},{\"@type\":\"ListItem\",\"position\":3,\"name\":\"Forces\"}]},{\"@type\":\"WebSite\",\"@id\":\"https:\\\/\\\/www.deltadanse.com\\\/en\\\/#website\",\"url\":\"https:\\\/\\\/www.deltadanse.com\\\/en\\\/\",\"name\":\"Delta Danse\",\"description\":\"Just another WordPress site\",\"potentialAction\":[{\"@type\":\"SearchAction\",\"target\":{\"@type\":\"EntryPoint\",\"urlTemplate\":\"https:\\\/\\\/www.deltadanse.com\\\/en\\\/?s={search_term_string}\"},\"query-input\":{\"@type\":\"PropertyValueSpecification\",\"valueRequired\":true,\"valueName\":\"search_term_string\"}}],\"inLanguage\":\"en-US\"}]}<\/script>\n<!-- \/ Yoast SEO plugin. -->","yoast_head_json":{"title":"Forces I Ballet du Grand Th\u00e9\u00e2tre de Gen\u00e8ve I Delta Danse","description":"The Forces double bill brings together two powerful works by two women at the choreographic forefront of our time, who have been invited to recreate these emblematic programmes from their respective repertoires with the Ballet du Grand Th\u00e9\u00e2tre de Gen\u00e8ve.","robots":{"index":"index","follow":"follow","max-snippet":"max-snippet:-1","max-image-preview":"max-image-preview:large","max-video-preview":"max-video-preview:-1"},"canonical":"https:\/\/www.deltadanse.com\/en\/directory\/forces\/","og_locale":"en_US","og_type":"article","og_title":"Forces I Ballet du Grand Th\u00e9\u00e2tre de Gen\u00e8ve I Delta Danse","og_description":"The Forces double bill brings together two powerful works by two women at the choreographic forefront of our time, who have been invited to recreate these emblematic programmes from their respective repertoires with the Ballet du Grand Th\u00e9\u00e2tre de Gen\u00e8ve.","og_url":"https:\/\/www.deltadanse.com\/en\/directory\/forces\/","og_site_name":"Delta Danse","article_modified_time":"2026-04-10T14:42:04+00:00","og_image":[{"width":2560,"height":1707,"url":"https:\/\/www.deltadanse.com\/wp-content\/uploads\/2025\/07\/2024B040_Forces_Busk_PRE_20240610_GTG-Gregory_Batardon_058-scaled.jpg","type":"image\/jpeg"}],"twitter_card":"summary_large_image","twitter_misc":{"Est. reading time":"4 minutes"},"schema":{"@context":"https:\/\/schema.org","@graph":[{"@type":"WebPage","@id":"https:\/\/www.deltadanse.com\/en\/directory\/forces\/","url":"https:\/\/www.deltadanse.com\/en\/directory\/forces\/","name":"Forces I Ballet du Grand Th\u00e9\u00e2tre de Gen\u00e8ve I Delta Danse","isPartOf":{"@id":"https:\/\/www.deltadanse.com\/en\/#website"},"primaryImageOfPage":{"@id":"https:\/\/www.deltadanse.com\/en\/directory\/forces\/#primaryimage"},"image":{"@id":"https:\/\/www.deltadanse.com\/en\/directory\/forces\/#primaryimage"},"thumbnailUrl":"https:\/\/www.deltadanse.com\/wp-content\/uploads\/2025\/07\/2024B040_Forces_Busk_PRE_20240610_GTG-Gregory_Batardon_058-scaled.jpg","datePublished":"2023-08-24T14:46:22+00:00","dateModified":"2026-04-10T14:42:04+00:00","description":"The Forces double bill brings together two powerful works by two women at the choreographic forefront of our time, who have been invited to recreate these emblematic programmes from their respective repertoires with the Ballet du Grand Th\u00e9\u00e2tre de Gen\u00e8ve.","breadcrumb":{"@id":"https:\/\/www.deltadanse.com\/en\/directory\/forces\/#breadcrumb"},"inLanguage":"en-US","potentialAction":[{"@type":"ReadAction","target":["https:\/\/www.deltadanse.com\/en\/directory\/forces\/"]}]},{"@type":"ImageObject","inLanguage":"en-US","@id":"https:\/\/www.deltadanse.com\/en\/directory\/forces\/#primaryimage","url":"https:\/\/www.deltadanse.com\/wp-content\/uploads\/2025\/07\/2024B040_Forces_Busk_PRE_20240610_GTG-Gregory_Batardon_058-scaled.jpg","contentUrl":"https:\/\/www.deltadanse.com\/wp-content\/uploads\/2025\/07\/2024B040_Forces_Busk_PRE_20240610_GTG-Gregory_Batardon_058-scaled.jpg","width":2560,"height":1707},{"@type":"BreadcrumbList","@id":"https:\/\/www.deltadanse.com\/en\/directory\/forces\/#breadcrumb","itemListElement":[{"@type":"ListItem","position":1,"name":"Accueil","item":"https:\/\/www.deltadanse.com\/en\/"},{"@type":"ListItem","position":2,"name":"Repertoire","item":"https:\/\/www.deltadanse.com\/en\/directory\/"},{"@type":"ListItem","position":3,"name":"Forces"}]},{"@type":"WebSite","@id":"https:\/\/www.deltadanse.com\/en\/#website","url":"https:\/\/www.deltadanse.com\/en\/","name":"Delta Danse","description":"Just another WordPress site","potentialAction":[{"@type":"SearchAction","target":{"@type":"EntryPoint","urlTemplate":"https:\/\/www.deltadanse.com\/en\/?s={search_term_string}"},"query-input":{"@type":"PropertyValueSpecification","valueRequired":true,"valueName":"search_term_string"}}],"inLanguage":"en-US"}]}},"_links":{"self":[{"href":"https:\/\/www.deltadanse.com\/en\/wp-json\/wp\/v2\/pages\/7930","targetHints":{"allow":["GET"]}}],"collection":[{"href":"https:\/\/www.deltadanse.com\/en\/wp-json\/wp\/v2\/pages"}],"about":[{"href":"https:\/\/www.deltadanse.com\/en\/wp-json\/wp\/v2\/types\/page"}],"author":[{"embeddable":true,"href":"https:\/\/www.deltadanse.com\/en\/wp-json\/wp\/v2\/users\/9"}],"replies":[{"embeddable":true,"href":"https:\/\/www.deltadanse.com\/en\/wp-json\/wp\/v2\/comments?post=7930"}],"version-history":[{"count":1,"href":"https:\/\/www.deltadanse.com\/en\/wp-json\/wp\/v2\/pages\/7930\/revisions"}],"predecessor-version":[{"id":13057,"href":"https:\/\/www.deltadanse.com\/en\/wp-json\/wp\/v2\/pages\/7930\/revisions\/13057"}],"up":[{"embeddable":true,"href":"https:\/\/www.deltadanse.com\/en\/wp-json\/wp\/v2\/pages\/1762"}],"wp:featuredmedia":[{"embeddable":true,"href":"https:\/\/www.deltadanse.com\/en\/wp-json\/wp\/v2\/media\/11724"}],"wp:attachment":[{"href":"https:\/\/www.deltadanse.com\/en\/wp-json\/wp\/v2\/media?parent=7930"}],"wp:term":[{"taxonomy":"choregraphe","embeddable":true,"href":"https:\/\/www.deltadanse.com\/en\/wp-json\/wp\/v2\/choregraphe?post=7930"},{"taxonomy":"directeur-artistique","embeddable":true,"href":"https:\/\/www.deltadanse.com\/en\/wp-json\/wp\/v2\/directeur-artistique?post=7930"}],"curies":[{"name":"wp","href":"https:\/\/api.w.org\/{rel}","templated":true}]}}