{"id":9564,"date":"2024-09-11T14:13:41","date_gmt":"2024-09-11T12:13:41","guid":{"rendered":"https:\/\/www.deltadanse.com\/?page_id=9564"},"modified":"2026-01-31T20:31:00","modified_gmt":"2026-01-31T19:31:00","slug":"koter","status":"publish","type":"page","link":"https:\/\/www.deltadanse.com\/en\/directory\/koter\/","title":{"rendered":"K\u00d8TER"},"content":{"rendered":"<div class=\"wpb-content-wrapper\"><p>[vc_row unlock_row_content=&#8221;yes&#8221; row_height_percent=&#8221;0&#8243; override_padding=&#8221;yes&#8221; h_padding=&#8221;7&#8243; top_padding=&#8221;2&#8243; bottom_padding=&#8221;2&#8243; overlay_alpha=&#8221;50&#8243; gutter_size=&#8221;3&#8243; column_width_percent=&#8221;100&#8243; shift_y=&#8221;0&#8243; z_index=&#8221;0&#8243; uncode_shortcode_id=&#8221;347231&#8243;][vc_column column_width_percent=&#8221;100&#8243; align_horizontal=&#8221;align_center&#8221; gutter_size=&#8221;2&#8243; overlay_alpha=&#8221;50&#8243; shift_x=&#8221;0&#8243; shift_y=&#8221;0&#8243; shift_y_down=&#8221;0&#8243; z_index=&#8221;0&#8243; medium_width=&#8221;0&#8243; mobile_width=&#8221;0&#8243; width=&#8221;7\/12&#8243; uncode_shortcode_id=&#8221;850447&#8243;][vc_row_inner row_inner_height_percent=&#8221;0&#8243; overlay_alpha=&#8221;50&#8243; gutter_size=&#8221;3&#8243; shift_y=&#8221;0&#8243; z_index=&#8221;0&#8243; uncode_shortcode_id=&#8221;100565&#8243; limit_content=&#8221;&#8221;][vc_column_inner column_width_percent=&#8221;100&#8243; gutter_size=&#8221;3&#8243; overlay_alpha=&#8221;50&#8243; shift_x=&#8221;0&#8243; shift_y=&#8221;0&#8243; shift_y_down=&#8221;0&#8243; z_index=&#8221;0&#8243; medium_width=&#8221;0&#8243; mobile_width=&#8221;0&#8243; width=&#8221;1\/1&#8243; uncode_shortcode_id=&#8221;109405&#8243;][vc_gallery el_id=&#8221;gallery-191160&#8243; type=&#8221;carousel&#8221; medias=&#8221;9543,9578,9586,9582&#8243; carousel_lg=&#8221;1&#8243; carousel_md=&#8221;1&#8243; carousel_sm=&#8221;1&#8243; thumb_size=&#8221;three-two&#8221; gutter_size=&#8221;3&#8243; media_items=&#8221;media|nolink|original,icon&#8221; carousel_interval=&#8221;3000&#8243; carousel_navspeed=&#8221;400&#8243; stage_padding=&#8221;0&#8243; single_overlay_opacity=&#8221;50&#8243; single_padding=&#8221;2&#8243; uncode_shortcode_id=&#8221;827834&#8243; el_class=&#8221;carrousel-compagnie&#8221;][vc_empty_space empty_h=&#8221;2&#8243; medium_visibility=&#8221;yes&#8221; mobile_visibility=&#8221;yes&#8221;][\/vc_column_inner][\/vc_row_inner][vc_row_inner limit_content=&#8221;&#8221;][vc_column_inner width=&#8221;1\/6&#8243;][\/vc_column_inner][vc_column_inner column_width_percent=&#8221;100&#8243; gutter_size=&#8221;2&#8243; overlay_alpha=&#8221;50&#8243; shift_x=&#8221;0&#8243; shift_y=&#8221;0&#8243; shift_y_down=&#8221;0&#8243; z_index=&#8221;0&#8243; medium_width=&#8221;0&#8243; mobile_width=&#8221;0&#8243; width=&#8221;2\/3&#8243; uncode_shortcode_id=&#8221;173854&#8243;][calendar_season style=&#8221;repertoire&#8221; repertoire=&#8221;10418&#8243;][\/vc_column_inner][vc_column_inner width=&#8221;1\/6&#8243;][\/vc_column_inner][\/vc_row_inner][\/vc_column][vc_column column_width_percent=&#8221;100&#8243; gutter_size=&#8221;2&#8243; override_padding=&#8221;yes&#8221; column_padding=&#8221;3&#8243; overlay_alpha=&#8221;50&#8243; shift_x=&#8221;0&#8243; shift_y=&#8221;0&#8243; shift_y_down=&#8221;0&#8243; z_index=&#8221;0&#8243; medium_width=&#8221;0&#8243; mobile_width=&#8221;0&#8243; width=&#8221;5\/12&#8243; uncode_shortcode_id=&#8221;172957&#8243; el_class=&#8221;contenu-compagnie&#8221;][vc_row_inner limit_content=&#8221;&#8221;][vc_column_inner column_width_percent=&#8221;100&#8243; gutter_size=&#8221;2&#8243; overlay_alpha=&#8221;50&#8243; shift_x=&#8221;0&#8243; shift_y=&#8221;0&#8243; shift_y_down=&#8221;0&#8243; z_index=&#8221;0&#8243; medium_width=&#8221;0&#8243; mobile_width=&#8221;0&#8243; width=&#8221;1\/1&#8243; uncode_shortcode_id=&#8221;727088&#8243;][vc_custom_heading text_color=&#8221;accent&#8221; heading_semantic=&#8221;h1&#8243; text_size=&#8221;fontsize-127449&#8243; uncode_shortcode_id=&#8221;211865&#8243; text_color_type=&#8221;uncode-palette&#8221;]K\u00d8TER[\/vc_custom_heading][vc_custom_heading text_size=&#8221;h4&#8243; text_weight=&#8221;600&#8243; uncode_shortcode_id=&#8221;928037&#8243;]<a href=\"https:\/\/www.deltadanse.com\/en\/companies\/danish-dance-theatre\/\">Danish Dance Theatre<\/a>[\/vc_custom_heading][vc_column_text uncode_shortcode_id=&#8221;846507&#8243;]<\/p>\n<p class=\"p1\">Direction and concept Marina Mascarell Choreography Marina Mascarell in collaboration with Danish Dance Theatre dancers Music Yamila R\u00edos Set design Kristin Torp Costumes design Nina Botkay Dramaturgy Bodil Persson Texte Josephine Olhoff-Jakobsen et Marina Mascarell Light design Raphael Frisenv\u00e6nge Solholm Sound design Rafael Ca\u00f1ete Fern\u00e1ndez Photo Bradley Waller<\/p>\n<p class=\"p1\">Created in 2015 for G\u00f6teborgsOperans Danskompani &#8211; <span class=\"Apple-converted-space\">R<\/span>eworked in 2024 for Danish Dance Theatre<br \/>\nDuration 60min<\/p>\n<p>[\/vc_column_text][vc_empty_space empty_h=&#8221;2&#8243;][vc_column_text uncode_shortcode_id=&#8221;153963&#8243;]<\/p>\n<p class=\"p1\">With support from Grete og Sigurd Pedersens Fond, William Demant Fond, Grete og Sigurd Pedersens Fond, William Demant Fonden, K\u00f8benhavns Kommunes Scenekunstudvalg, Dronning Margrethes og Prins Henriks Fond<\/p>\n<p>[\/vc_column_text][vc_empty_space empty_h=&#8221;2&#8243;][vc_column_text uncode_shortcode_id=&#8221;170377&#8243;]<\/p>\n<div style=\"padding: 56.25% 0 0 0; position: relative;\"><iframe style=\"position: absolute; top: 0; left: 0; width: 100%; height: 100%;\" title=\"Danish Dance Theatre - K\u00d8TER\" src=\"https:\/\/player.vimeo.com\/video\/1023892691?badge=0&amp;autopause=0&amp;player_id=0&amp;app_id=58479\" frameborder=\"0\" allowfullscreen=\"allowfullscreen\"><br \/>\n<\/iframe><\/div>\n<p><script src=\"https:\/\/player.vimeo.com\/api\/player.js\"><\/script>[\/vc_column_text][vc_empty_space empty_h=&#8221;2&#8243;][\/vc_column_inner][\/vc_row_inner][vc_column_text uncode_shortcode_id=&#8221;620770&#8243; el_class=&#8221;lineHeight&#8221;]<\/p>\n<p class=\"p1\"><span class=\"s1\"><i>K\u00d8TER<\/i> features a closed community formed by individuals that in their solitude dream of being freed from the invisible border and the suffocating homogeneity. An explosive release of repressed emotions, struggling against a repressive culture and mediocrity. Inspired by the Law of Jante, the fictional code of conduct that governs a society\u2019s behaviour, Marina Mascarell explore the weight of our culture, the invisible law that standardizes and oppress, and fear of the unknown as part of human idiosyncrasies. <\/span><\/p>\n<p class=\"p2\"><i>K\u00d8TER<\/i> premiered in October 2015 for G\u00f6teborgsOperans Danskompani. It was enthusiastically received by audiences and critics alike. Marina Mascarell has reworked the choreography with dancers from Danish Dance Theatre for its premiere in 2023.<\/p>\n<p class=\"p3\">\u00ab Mongrels, to me, represent the alter ego of humans. They are street dogs without any specific breed. I employ this metaphor to shed light on the outsider, the stranger, the peculiar, the different, and the unconventional amidst the norm. \u00bb<\/p>\n<p class=\"p4\"><b>Marina Mascarell<\/b><\/p>\n<p>[\/vc_column_text][vc_empty_space][vc_custom_heading text_color=&#8221;accent&#8221; uncode_shortcode_id=&#8221;392260&#8243; text_color_type=&#8221;uncode-palette&#8221;]Press talks about it[\/vc_custom_heading][vc_column_text uncode_shortcode_id=&#8221;470288&#8243; el_class=&#8221;lineHeight&#8221;]<\/p>\n<p class=\"p1\">\u00ab Gripping soft and effortless, they spread out into the room in a fluid flow of movement, where each of them can swirl around, melt to the floor or make a small solo burst &#8211; and yet be part of the common flow. A flexible adaptability that says everything about togetherness, the search for security and the fear of falling out of the community. \u00bb<\/p>\n<p class=\"p2\"><b>Monna Dithmer, <i>Politiken<\/i><\/b><\/p>\n<p>[\/vc_column_text][vc_empty_space][\/vc_column][\/vc_row][vc_row row_height_percent=&#8221;0&#8243; overlay_alpha=&#8221;50&#8243; gutter_size=&#8221;3&#8243; column_width_percent=&#8221;100&#8243; shift_y=&#8221;0&#8243; z_index=&#8221;0&#8243; uncode_shortcode_id=&#8221;607236&#8243;][vc_column width=&#8221;2\/12&#8243;][\/vc_column][vc_column column_width_percent=&#8221;100&#8243; align_horizontal=&#8221;align_center&#8221; gutter_size=&#8221;3&#8243; overlay_alpha=&#8221;50&#8243; shift_x=&#8221;0&#8243; shift_y=&#8221;0&#8243; shift_y_down=&#8221;0&#8243; z_index=&#8221;0&#8243; medium_width=&#8221;0&#8243; mobile_width=&#8221;0&#8243; width=&#8221;2\/3&#8243; uncode_shortcode_id=&#8221;853687&#8243;][vc_custom_heading text_color=&#8221;color-190155&#8243; uncode_shortcode_id=&#8221;529001&#8243; text_color_type=&#8221;uncode-palette&#8221;]In the repertoire[\/vc_custom_heading][uncode_index el_id=&#8221;index-537495863&#8243; index_type=&#8221;carousel&#8221; loop=&#8221;size:3|order_by:date|post_type:page|tax_query:227|taxonomy_count:10&#8243; carousel_lg=&#8221;2&#8243; carousel_md=&#8221;2&#8243; carousel_sm=&#8221;1&#8243; thumb_size=&#8221;three-two&#8221; gutter_size=&#8221;3&#8243; post_items=&#8221;media|featured|onpost|poster,date,title,text|excerpt|90,category|bordered|topright|hide-icon,sep-one|full,extra&#8221; page_items=&#8221;media|featured|onpost|original,title,text|excerpt,link|link|small_size|D\u00e9couvrir&#8221; carousel_interval=&#8221;3000&#8243; carousel_navspeed=&#8221;400&#8243; carousel_dots=&#8221;yes&#8221; carousel_dots_space=&#8221;yes&#8221; carousel_dots_mobile=&#8221;yes&#8221; stage_padding=&#8221;0&#8243; single_back_color=&#8221;color-563873&#8243; single_overlay_opacity=&#8221;50&#8243; single_text_visible=&#8221;yes&#8221; single_text_anim=&#8221;no&#8221; single_padding=&#8221;2&#8243; single_title_dimension=&#8221;h4&#8243; single_title_weight=&#8221;600&#8243; single_text_lead=&#8221;small&#8221; single_border=&#8221;yes&#8221; uncode_shortcode_id=&#8221;128961&#8243;][\/vc_column][vc_column width=&#8221;2\/12&#8243;][\/vc_column][\/vc_row][vc_row][vc_column width=&#8221;1\/1&#8243;][uncode_block id=&#8221;3542&#8243;][\/vc_column][\/vc_row]<\/p>\n<\/div>","protected":false},"excerpt":{"rendered":"<p>K\u00d8TER features a closed community formed by individuals dominated by jealousy and fear of the unknown. <\/p>\n","protected":false},"author":9,"featured_media":9574,"parent":1762,"menu_order":0,"comment_status":"closed","ping_status":"closed","template":"","meta":{"footnotes":""},"choregraphe":[226],"directeur-artistique":[225],"class_list":["post-9564","page","type-page","status-publish","has-post-thumbnail","hentry","choregraphe-marina-mascarell","directeur-artistique-marina-mascarell","page_category-danish-dance-theatre-en"],"yoast_head":"<!-- This site is optimized with the Yoast SEO plugin v27.3 - https:\/\/yoast.com\/product\/yoast-seo-wordpress\/ -->\n<title>K\u00d8TER I Danish Dance Theatre I Delta Danse<\/title>\n<meta name=\"description\" content=\"K\u00d8TER features a closed community formed by individuals dominated by jealousy and fear of the unknown.\" \/>\n<meta name=\"robots\" content=\"index, follow, max-snippet:-1, max-image-preview:large, max-video-preview:-1\" \/>\n<link rel=\"canonical\" href=\"https:\/\/www.deltadanse.com\/en\/directory\/koter\/\" \/>\n<meta property=\"og:locale\" content=\"en_US\" \/>\n<meta property=\"og:type\" content=\"article\" \/>\n<meta property=\"og:title\" content=\"K\u00d8TER I Danish Dance Theatre I Delta Danse\" \/>\n<meta property=\"og:description\" content=\"K\u00d8TER features a closed community formed by individuals dominated by jealousy and fear of the unknown.\" \/>\n<meta property=\"og:url\" content=\"https:\/\/www.deltadanse.com\/en\/directory\/koter\/\" \/>\n<meta property=\"og:site_name\" content=\"Delta Danse\" \/>\n<meta property=\"article:modified_time\" content=\"2026-01-31T19:31:00+00:00\" \/>\n<meta property=\"og:image\" content=\"https:\/\/www.deltadanse.com\/wp-content\/uploads\/2024\/09\/KOTER_Icon_Bradley_Waller-scaled.jpg\" \/>\n\t<meta property=\"og:image:width\" content=\"1920\" \/>\n\t<meta property=\"og:image:height\" content=\"2560\" \/>\n\t<meta property=\"og:image:type\" content=\"image\/jpeg\" \/>\n<meta name=\"twitter:card\" content=\"summary_large_image\" \/>\n<meta name=\"twitter:label1\" content=\"Est. reading time\" \/>\n\t<meta name=\"twitter:data1\" content=\"3 minutes\" \/>\n<script type=\"application\/ld+json\" class=\"yoast-schema-graph\">{\"@context\":\"https:\\\/\\\/schema.org\",\"@graph\":[{\"@type\":\"WebPage\",\"@id\":\"https:\\\/\\\/www.deltadanse.com\\\/en\\\/directory\\\/koter\\\/\",\"url\":\"https:\\\/\\\/www.deltadanse.com\\\/en\\\/directory\\\/koter\\\/\",\"name\":\"K\u00d8TER I Danish Dance Theatre I Delta Danse\",\"isPartOf\":{\"@id\":\"https:\\\/\\\/www.deltadanse.com\\\/en\\\/#website\"},\"primaryImageOfPage\":{\"@id\":\"https:\\\/\\\/www.deltadanse.com\\\/en\\\/directory\\\/koter\\\/#primaryimage\"},\"image\":{\"@id\":\"https:\\\/\\\/www.deltadanse.com\\\/en\\\/directory\\\/koter\\\/#primaryimage\"},\"thumbnailUrl\":\"https:\\\/\\\/www.deltadanse.com\\\/wp-content\\\/uploads\\\/2024\\\/09\\\/KOTER_Icon_Bradley_Waller-scaled.jpg\",\"datePublished\":\"2024-09-11T12:13:41+00:00\",\"dateModified\":\"2026-01-31T19:31:00+00:00\",\"description\":\"K\u00d8TER features a closed community formed by individuals dominated by jealousy and fear of the unknown.\",\"breadcrumb\":{\"@id\":\"https:\\\/\\\/www.deltadanse.com\\\/en\\\/directory\\\/koter\\\/#breadcrumb\"},\"inLanguage\":\"en-US\",\"potentialAction\":[{\"@type\":\"ReadAction\",\"target\":[\"https:\\\/\\\/www.deltadanse.com\\\/en\\\/directory\\\/koter\\\/\"]}]},{\"@type\":\"ImageObject\",\"inLanguage\":\"en-US\",\"@id\":\"https:\\\/\\\/www.deltadanse.com\\\/en\\\/directory\\\/koter\\\/#primaryimage\",\"url\":\"https:\\\/\\\/www.deltadanse.com\\\/wp-content\\\/uploads\\\/2024\\\/09\\\/KOTER_Icon_Bradley_Waller-scaled.jpg\",\"contentUrl\":\"https:\\\/\\\/www.deltadanse.com\\\/wp-content\\\/uploads\\\/2024\\\/09\\\/KOTER_Icon_Bradley_Waller-scaled.jpg\",\"width\":1920,\"height\":2560},{\"@type\":\"BreadcrumbList\",\"@id\":\"https:\\\/\\\/www.deltadanse.com\\\/en\\\/directory\\\/koter\\\/#breadcrumb\",\"itemListElement\":[{\"@type\":\"ListItem\",\"position\":1,\"name\":\"Accueil\",\"item\":\"https:\\\/\\\/www.deltadanse.com\\\/en\\\/\"},{\"@type\":\"ListItem\",\"position\":2,\"name\":\"Repertoire\",\"item\":\"https:\\\/\\\/www.deltadanse.com\\\/en\\\/directory\\\/\"},{\"@type\":\"ListItem\",\"position\":3,\"name\":\"K\u00d8TER\"}]},{\"@type\":\"WebSite\",\"@id\":\"https:\\\/\\\/www.deltadanse.com\\\/en\\\/#website\",\"url\":\"https:\\\/\\\/www.deltadanse.com\\\/en\\\/\",\"name\":\"Delta Danse\",\"description\":\"Just another WordPress site\",\"potentialAction\":[{\"@type\":\"SearchAction\",\"target\":{\"@type\":\"EntryPoint\",\"urlTemplate\":\"https:\\\/\\\/www.deltadanse.com\\\/en\\\/?s={search_term_string}\"},\"query-input\":{\"@type\":\"PropertyValueSpecification\",\"valueRequired\":true,\"valueName\":\"search_term_string\"}}],\"inLanguage\":\"en-US\"}]}<\/script>\n<!-- \/ Yoast SEO plugin. -->","yoast_head_json":{"title":"K\u00d8TER I Danish Dance Theatre I Delta Danse","description":"K\u00d8TER features a closed community formed by individuals dominated by jealousy and fear of the unknown.","robots":{"index":"index","follow":"follow","max-snippet":"max-snippet:-1","max-image-preview":"max-image-preview:large","max-video-preview":"max-video-preview:-1"},"canonical":"https:\/\/www.deltadanse.com\/en\/directory\/koter\/","og_locale":"en_US","og_type":"article","og_title":"K\u00d8TER I Danish Dance Theatre I Delta Danse","og_description":"K\u00d8TER features a closed community formed by individuals dominated by jealousy and fear of the unknown.","og_url":"https:\/\/www.deltadanse.com\/en\/directory\/koter\/","og_site_name":"Delta Danse","article_modified_time":"2026-01-31T19:31:00+00:00","og_image":[{"width":1920,"height":2560,"url":"https:\/\/www.deltadanse.com\/wp-content\/uploads\/2024\/09\/KOTER_Icon_Bradley_Waller-scaled.jpg","type":"image\/jpeg"}],"twitter_card":"summary_large_image","twitter_misc":{"Est. reading time":"3 minutes"},"schema":{"@context":"https:\/\/schema.org","@graph":[{"@type":"WebPage","@id":"https:\/\/www.deltadanse.com\/en\/directory\/koter\/","url":"https:\/\/www.deltadanse.com\/en\/directory\/koter\/","name":"K\u00d8TER I Danish Dance Theatre I Delta Danse","isPartOf":{"@id":"https:\/\/www.deltadanse.com\/en\/#website"},"primaryImageOfPage":{"@id":"https:\/\/www.deltadanse.com\/en\/directory\/koter\/#primaryimage"},"image":{"@id":"https:\/\/www.deltadanse.com\/en\/directory\/koter\/#primaryimage"},"thumbnailUrl":"https:\/\/www.deltadanse.com\/wp-content\/uploads\/2024\/09\/KOTER_Icon_Bradley_Waller-scaled.jpg","datePublished":"2024-09-11T12:13:41+00:00","dateModified":"2026-01-31T19:31:00+00:00","description":"K\u00d8TER features a closed community formed by individuals dominated by jealousy and fear of the unknown.","breadcrumb":{"@id":"https:\/\/www.deltadanse.com\/en\/directory\/koter\/#breadcrumb"},"inLanguage":"en-US","potentialAction":[{"@type":"ReadAction","target":["https:\/\/www.deltadanse.com\/en\/directory\/koter\/"]}]},{"@type":"ImageObject","inLanguage":"en-US","@id":"https:\/\/www.deltadanse.com\/en\/directory\/koter\/#primaryimage","url":"https:\/\/www.deltadanse.com\/wp-content\/uploads\/2024\/09\/KOTER_Icon_Bradley_Waller-scaled.jpg","contentUrl":"https:\/\/www.deltadanse.com\/wp-content\/uploads\/2024\/09\/KOTER_Icon_Bradley_Waller-scaled.jpg","width":1920,"height":2560},{"@type":"BreadcrumbList","@id":"https:\/\/www.deltadanse.com\/en\/directory\/koter\/#breadcrumb","itemListElement":[{"@type":"ListItem","position":1,"name":"Accueil","item":"https:\/\/www.deltadanse.com\/en\/"},{"@type":"ListItem","position":2,"name":"Repertoire","item":"https:\/\/www.deltadanse.com\/en\/directory\/"},{"@type":"ListItem","position":3,"name":"K\u00d8TER"}]},{"@type":"WebSite","@id":"https:\/\/www.deltadanse.com\/en\/#website","url":"https:\/\/www.deltadanse.com\/en\/","name":"Delta Danse","description":"Just another WordPress site","potentialAction":[{"@type":"SearchAction","target":{"@type":"EntryPoint","urlTemplate":"https:\/\/www.deltadanse.com\/en\/?s={search_term_string}"},"query-input":{"@type":"PropertyValueSpecification","valueRequired":true,"valueName":"search_term_string"}}],"inLanguage":"en-US"}]}},"_links":{"self":[{"href":"https:\/\/www.deltadanse.com\/en\/wp-json\/wp\/v2\/pages\/9564","targetHints":{"allow":["GET"]}}],"collection":[{"href":"https:\/\/www.deltadanse.com\/en\/wp-json\/wp\/v2\/pages"}],"about":[{"href":"https:\/\/www.deltadanse.com\/en\/wp-json\/wp\/v2\/types\/page"}],"author":[{"embeddable":true,"href":"https:\/\/www.deltadanse.com\/en\/wp-json\/wp\/v2\/users\/9"}],"replies":[{"embeddable":true,"href":"https:\/\/www.deltadanse.com\/en\/wp-json\/wp\/v2\/comments?post=9564"}],"version-history":[{"count":0,"href":"https:\/\/www.deltadanse.com\/en\/wp-json\/wp\/v2\/pages\/9564\/revisions"}],"up":[{"embeddable":true,"href":"https:\/\/www.deltadanse.com\/en\/wp-json\/wp\/v2\/pages\/1762"}],"wp:featuredmedia":[{"embeddable":true,"href":"https:\/\/www.deltadanse.com\/en\/wp-json\/wp\/v2\/media\/9574"}],"wp:attachment":[{"href":"https:\/\/www.deltadanse.com\/en\/wp-json\/wp\/v2\/media?parent=9564"}],"wp:term":[{"taxonomy":"choregraphe","embeddable":true,"href":"https:\/\/www.deltadanse.com\/en\/wp-json\/wp\/v2\/choregraphe?post=9564"},{"taxonomy":"directeur-artistique","embeddable":true,"href":"https:\/\/www.deltadanse.com\/en\/wp-json\/wp\/v2\/directeur-artistique?post=9564"}],"curies":[{"name":"wp","href":"https:\/\/api.w.org\/{rel}","templated":true}]}}