{"id":9785,"date":"2024-09-12T14:50:32","date_gmt":"2024-09-12T12:50:32","guid":{"rendered":"https:\/\/www.deltadanse.com\/?page_id=9785"},"modified":"2026-01-31T20:44:11","modified_gmt":"2026-01-31T19:44:11","slug":"ihsane","status":"publish","type":"page","link":"https:\/\/www.deltadanse.com\/en\/directory\/ihsane\/","title":{"rendered":"Ihsane"},"content":{"rendered":"<div class=\"wpb-content-wrapper\"><p>[vc_row unlock_row_content=&#8221;yes&#8221; row_height_percent=&#8221;0&#8243; override_padding=&#8221;yes&#8221; h_padding=&#8221;7&#8243; top_padding=&#8221;2&#8243; bottom_padding=&#8221;2&#8243; overlay_alpha=&#8221;50&#8243; gutter_size=&#8221;3&#8243; column_width_percent=&#8221;100&#8243; shift_y=&#8221;0&#8243; z_index=&#8221;0&#8243; uncode_shortcode_id=&#8221;347231&#8243;][vc_column column_width_percent=&#8221;100&#8243; align_horizontal=&#8221;align_center&#8221; gutter_size=&#8221;2&#8243; overlay_alpha=&#8221;50&#8243; shift_x=&#8221;0&#8243; shift_y=&#8221;0&#8243; shift_y_down=&#8221;0&#8243; z_index=&#8221;0&#8243; medium_width=&#8221;0&#8243; mobile_width=&#8221;0&#8243; width=&#8221;7\/12&#8243; uncode_shortcode_id=&#8221;850447&#8243;][vc_row_inner row_inner_height_percent=&#8221;0&#8243; overlay_alpha=&#8221;50&#8243; gutter_size=&#8221;3&#8243; shift_y=&#8221;0&#8243; z_index=&#8221;0&#8243; uncode_shortcode_id=&#8221;100565&#8243; limit_content=&#8221;&#8221;][vc_column_inner column_width_percent=&#8221;100&#8243; gutter_size=&#8221;3&#8243; overlay_alpha=&#8221;50&#8243; shift_x=&#8221;0&#8243; shift_y=&#8221;0&#8243; shift_y_down=&#8221;0&#8243; z_index=&#8221;0&#8243; medium_width=&#8221;0&#8243; mobile_width=&#8221;0&#8243; width=&#8221;1\/1&#8243; uncode_shortcode_id=&#8221;109405&#8243;][vc_gallery el_id=&#8221;gallery-191160&#8243; type=&#8221;carousel&#8221; medias=&#8221;11652,11655,11658,11661,11664,11667,11670,11673,11676,11679&#8243; carousel_lg=&#8221;1&#8243; carousel_md=&#8221;1&#8243; carousel_sm=&#8221;1&#8243; thumb_size=&#8221;three-two&#8221; gutter_size=&#8221;3&#8243; media_items=&#8221;media|nolink|original,icon&#8221; carousel_interval=&#8221;3000&#8243; carousel_navspeed=&#8221;400&#8243; stage_padding=&#8221;0&#8243; single_overlay_opacity=&#8221;50&#8243; single_padding=&#8221;2&#8243; uncode_shortcode_id=&#8221;219628&#8243; el_class=&#8221;carrousel-compagnie&#8221;][vc_empty_space empty_h=&#8221;2&#8243; medium_visibility=&#8221;yes&#8221; mobile_visibility=&#8221;yes&#8221;][\/vc_column_inner][\/vc_row_inner][vc_row_inner limit_content=&#8221;&#8221;][vc_column_inner width=&#8221;1\/6&#8243;][\/vc_column_inner][vc_column_inner column_width_percent=&#8221;100&#8243; gutter_size=&#8221;2&#8243; overlay_alpha=&#8221;50&#8243; shift_x=&#8221;0&#8243; shift_y=&#8221;0&#8243; shift_y_down=&#8221;0&#8243; z_index=&#8221;0&#8243; medium_width=&#8221;0&#8243; mobile_width=&#8221;0&#8243; width=&#8221;2\/3&#8243; uncode_shortcode_id=&#8221;192058&#8243;][calendar_season style=&#8221;repertoire&#8221; repertoire=&#8221;9299&#8243;][\/vc_column_inner][vc_column_inner width=&#8221;1\/6&#8243;][\/vc_column_inner][\/vc_row_inner][\/vc_column][vc_column column_width_percent=&#8221;100&#8243; gutter_size=&#8221;2&#8243; override_padding=&#8221;yes&#8221; column_padding=&#8221;3&#8243; overlay_alpha=&#8221;50&#8243; shift_x=&#8221;0&#8243; shift_y=&#8221;0&#8243; shift_y_down=&#8221;0&#8243; z_index=&#8221;0&#8243; medium_width=&#8221;0&#8243; mobile_width=&#8221;0&#8243; width=&#8221;5\/12&#8243; uncode_shortcode_id=&#8221;474086&#8243; el_class=&#8221;Sidi Larbi Cherkaoui&#8221;][vc_row_inner limit_content=&#8221;&#8221;][vc_column_inner column_width_percent=&#8221;100&#8243; gutter_size=&#8221;2&#8243; overlay_alpha=&#8221;50&#8243; shift_x=&#8221;0&#8243; shift_y=&#8221;0&#8243; shift_y_down=&#8221;0&#8243; z_index=&#8221;0&#8243; medium_width=&#8221;0&#8243; mobile_width=&#8221;0&#8243; width=&#8221;1\/1&#8243; uncode_shortcode_id=&#8221;727088&#8243;][vc_custom_heading text_color=&#8221;accent&#8221; heading_semantic=&#8221;h1&#8243; text_size=&#8221;fontsize-127449&#8243; uncode_shortcode_id=&#8221;620068&#8243; text_color_type=&#8221;uncode-palette&#8221;]Ihsane[\/vc_custom_heading][vc_custom_heading text_size=&#8221;h4&#8243; text_weight=&#8221;600&#8243; uncode_shortcode_id=&#8221;176136&#8243;]<a href=\"https:\/\/www.deltadanse.com\/en\/companies\/ballet-du-grand-theatre-de-geneve\/\">Ballet du Grand Th\u00e9\u00e2tre de Gen\u00e8ve<\/a>[\/vc_custom_heading][vc_column_text uncode_shortcode_id=&#8221;128288&#8243;]<\/p>\n<p class=\"p1\">Choreography <strong>Sidi Larbi Cherkaoui<\/strong><br \/>\nSet and Costume Design <strong>Amine Amharech<\/strong><br \/>\nLighting <strong>Fabiana Piccioli<\/strong><br \/>\nMusic <strong>Jasser Haj Youssef<\/strong><br \/>\nVideo <strong>Maxime Guislain<\/strong><br \/>\nChoreographic Assistants <strong>Pascal Marty, Patrick Williams Seebacher<\/strong><br \/>\nDramaturgy <strong>El Arbi El-Harti<\/strong><br \/>\nSound Design <strong>Alexandre Dai Castaing<\/strong><br \/>\nRehearsal Director <strong>Manuel Renard<\/strong><br \/>\nMusicians <strong>Jasser Haj Youssef, Ga\u00ebl Cadoux, Yasamin Shahhosseini, Gabriele Miracle Bragantini<\/strong><br \/>\nSingers <strong>Fadia Tomb El-Hage, Mohammed El Arabi Serghini<\/strong><\/p>\n<p class=\"p1\">Created in 2024 \u2013 Duration: 90 min<br \/>\nFor 19 dancers<\/p>\n<p>[\/vc_column_text][\/vc_column_inner][\/vc_row_inner][vc_column_text uncode_shortcode_id=&#8221;150926&#8243; el_class=&#8221;lineHeight&#8221;]<\/p>\n<div style=\"padding: 56.25% 0 0 0; position: relative;\"><iframe style=\"position: absolute; top: 0; left: 0; width: 100%; height: 100%;\" title=\"Ballet du Grand Th\u00e9\u00e2tre de Gen\u00e8ve - Ihsane\" src=\"https:\/\/player.vimeo.com\/video\/1105814186?badge=0&amp;autopause=0&amp;player_id=0&amp;app_id=58479\" frameborder=\"0\" allowfullscreen=\"allowfullscreen\"><br \/>\n<\/iframe><\/div>\n<p><script src=\"https:\/\/player.vimeo.com\/api\/player.js\"><\/script>[\/vc_column_text][vc_empty_space][vc_column_text uncode_shortcode_id=&#8221;137981&#8243; el_class=&#8221;lineHeight&#8221;]<\/p>\n<p class=\"p1\">In Arabic, <i>Ihsane<\/i> signifies an ideal of goodness, kindness, and benevolence. In Islam, it refers to a form of communion with the universe. With <i>Ihsane<\/i>, Sidi Larbi Cherkaoui continues a diptych that he began within his company Eastman in 2022. While teh work Vlaemsch was dedicated to his mother and his Flemish roots, <i>Ihsane<\/i> explores his relationship with his father, who left Morocco for Flanders, enduring the immigrant condition but always maintaining an unconditional love for his country of origin.<\/p>\n<p class=\"p1\">Through this show, which revisits his family history, the choreographer embarks on a journey toward inner peace, attempting to overcome conflict, abandonment, and forgetfulness.<\/p>\n<p class=\"p1\">With <i>Ihsane<\/i>, Sidi Larbi Cherkaoui observes the world changing in an endless cycle of destruction and rebirth. He is wary of cultures when they imprison and separate individuals. He prefers the ever-evolving geography, the landscapes constantly starting anew, the shared space where we coexist. In this space, he reveals the invisible threads that connect us to one another.<\/p>\n<p>[\/vc_column_text][vc_empty_space][\/vc_column][\/vc_row][vc_row row_height_percent=&#8221;0&#8243; overlay_alpha=&#8221;50&#8243; gutter_size=&#8221;3&#8243; column_width_percent=&#8221;100&#8243; shift_y=&#8221;0&#8243; z_index=&#8221;0&#8243; uncode_shortcode_id=&#8221;607236&#8243;][vc_column width=&#8221;2\/12&#8243;][\/vc_column][vc_column column_width_percent=&#8221;100&#8243; align_horizontal=&#8221;align_center&#8221; gutter_size=&#8221;3&#8243; overlay_alpha=&#8221;50&#8243; shift_x=&#8221;0&#8243; shift_y=&#8221;0&#8243; shift_y_down=&#8221;0&#8243; z_index=&#8221;0&#8243; medium_width=&#8221;0&#8243; mobile_width=&#8221;0&#8243; width=&#8221;2\/3&#8243; uncode_shortcode_id=&#8221;853687&#8243;][vc_custom_heading text_color=&#8221;color-190155&#8243; uncode_shortcode_id=&#8221;529001&#8243; text_color_type=&#8221;uncode-palette&#8221;]In the repertoire[\/vc_custom_heading][uncode_index el_id=&#8221;index-537495863&#8243; index_type=&#8221;carousel&#8221; loop=&#8221;size:3|order_by:date|post_type:page|tax_query:10|taxonomy_count:10&#8243; carousel_lg=&#8221;2&#8243; carousel_md=&#8221;2&#8243; carousel_sm=&#8221;1&#8243; thumb_size=&#8221;three-two&#8221; gutter_size=&#8221;3&#8243; post_items=&#8221;media|featured|onpost|poster,date,title,text|excerpt|90,category|bordered|topright|hide-icon,sep-one|full,extra&#8221; page_items=&#8221;media|featured|onpost|original,title,text|excerpt,link|link|small_size|D\u00e9couvrir&#8221; carousel_interval=&#8221;3000&#8243; carousel_navspeed=&#8221;400&#8243; carousel_dots=&#8221;yes&#8221; carousel_dots_space=&#8221;yes&#8221; carousel_dots_mobile=&#8221;yes&#8221; stage_padding=&#8221;0&#8243; single_back_color=&#8221;color-563873&#8243; single_overlay_opacity=&#8221;50&#8243; single_text_visible=&#8221;yes&#8221; single_text_anim=&#8221;no&#8221; single_padding=&#8221;2&#8243; single_title_dimension=&#8221;h4&#8243; single_title_weight=&#8221;600&#8243; single_text_lead=&#8221;small&#8221; single_border=&#8221;yes&#8221; uncode_shortcode_id=&#8221;106718&#8243;][\/vc_column][vc_column width=&#8221;2\/12&#8243;][\/vc_column][\/vc_row][vc_row][vc_column width=&#8221;1\/1&#8243;][uncode_block id=&#8221;3542&#8243;][\/vc_column][\/vc_row]<\/p>\n<\/div>","protected":false},"excerpt":{"rendered":"<p>With Ihsane, Sidi Larbi Cherkaoui continues a diptych that he began within his company Eastman in 2022. <\/p>\n","protected":false},"author":9,"featured_media":11652,"parent":1762,"menu_order":0,"comment_status":"closed","ping_status":"closed","template":"","meta":{"footnotes":""},"choregraphe":[152],"directeur-artistique":[122],"class_list":["post-9785","page","type-page","status-publish","has-post-thumbnail","hentry","choregraphe-sidi-larbi-cherkaoui","directeur-artistique-sidi-larbi-cherkaoui","page_category-ballet-du-grand-theatre-de-geneve-en"],"yoast_head":"<!-- This site is optimized with the Yoast SEO plugin v27.3 - https:\/\/yoast.com\/product\/yoast-seo-wordpress\/ -->\n<title>Ihsane I Ballet du Grand Th\u00e9\u00e2tre de Gen\u00e8ve I Delta Danse<\/title>\n<meta name=\"description\" content=\"With Ihsane, Sidi Larbi Cherkaoui continues a diptych that he began within his company Eastman in 2022.\" \/>\n<meta name=\"robots\" content=\"index, follow, max-snippet:-1, max-image-preview:large, max-video-preview:-1\" \/>\n<link rel=\"canonical\" href=\"https:\/\/www.deltadanse.com\/en\/directory\/ihsane\/\" \/>\n<meta property=\"og:locale\" content=\"en_US\" \/>\n<meta property=\"og:type\" content=\"article\" \/>\n<meta property=\"og:title\" content=\"Ihsane I Ballet du Grand Th\u00e9\u00e2tre de Gen\u00e8ve I Delta Danse\" \/>\n<meta property=\"og:description\" content=\"With Ihsane, Sidi Larbi Cherkaoui continues a diptych that he began within his company Eastman in 2022.\" \/>\n<meta property=\"og:url\" content=\"https:\/\/www.deltadanse.com\/en\/directory\/ihsane\/\" \/>\n<meta property=\"og:site_name\" content=\"Delta Danse\" \/>\n<meta property=\"article:modified_time\" content=\"2026-01-31T19:44:11+00:00\" \/>\n<meta property=\"og:image\" content=\"https:\/\/www.deltadanse.com\/wp-content\/uploads\/2025\/07\/1\u00a9Gregory-Batardon_GTG_Ihsane-scaled.jpg\" \/>\n\t<meta property=\"og:image:width\" content=\"2560\" \/>\n\t<meta property=\"og:image:height\" content=\"1708\" \/>\n\t<meta property=\"og:image:type\" content=\"image\/jpeg\" \/>\n<meta name=\"twitter:card\" content=\"summary_large_image\" \/>\n<meta name=\"twitter:label1\" content=\"Est. reading time\" \/>\n\t<meta name=\"twitter:data1\" content=\"3 minutes\" \/>\n<script type=\"application\/ld+json\" class=\"yoast-schema-graph\">{\"@context\":\"https:\\\/\\\/schema.org\",\"@graph\":[{\"@type\":\"WebPage\",\"@id\":\"https:\\\/\\\/www.deltadanse.com\\\/en\\\/directory\\\/ihsane\\\/\",\"url\":\"https:\\\/\\\/www.deltadanse.com\\\/en\\\/directory\\\/ihsane\\\/\",\"name\":\"Ihsane I Ballet du Grand Th\u00e9\u00e2tre de Gen\u00e8ve I Delta Danse\",\"isPartOf\":{\"@id\":\"https:\\\/\\\/www.deltadanse.com\\\/en\\\/#website\"},\"primaryImageOfPage\":{\"@id\":\"https:\\\/\\\/www.deltadanse.com\\\/en\\\/directory\\\/ihsane\\\/#primaryimage\"},\"image\":{\"@id\":\"https:\\\/\\\/www.deltadanse.com\\\/en\\\/directory\\\/ihsane\\\/#primaryimage\"},\"thumbnailUrl\":\"https:\\\/\\\/www.deltadanse.com\\\/wp-content\\\/uploads\\\/2025\\\/07\\\/1\u00a9Gregory-Batardon_GTG_Ihsane-scaled.jpg\",\"datePublished\":\"2024-09-12T12:50:32+00:00\",\"dateModified\":\"2026-01-31T19:44:11+00:00\",\"description\":\"With Ihsane, Sidi Larbi Cherkaoui continues a diptych that he began within his company Eastman in 2022.\",\"breadcrumb\":{\"@id\":\"https:\\\/\\\/www.deltadanse.com\\\/en\\\/directory\\\/ihsane\\\/#breadcrumb\"},\"inLanguage\":\"en-US\",\"potentialAction\":[{\"@type\":\"ReadAction\",\"target\":[\"https:\\\/\\\/www.deltadanse.com\\\/en\\\/directory\\\/ihsane\\\/\"]}]},{\"@type\":\"ImageObject\",\"inLanguage\":\"en-US\",\"@id\":\"https:\\\/\\\/www.deltadanse.com\\\/en\\\/directory\\\/ihsane\\\/#primaryimage\",\"url\":\"https:\\\/\\\/www.deltadanse.com\\\/wp-content\\\/uploads\\\/2025\\\/07\\\/1\u00a9Gregory-Batardon_GTG_Ihsane-scaled.jpg\",\"contentUrl\":\"https:\\\/\\\/www.deltadanse.com\\\/wp-content\\\/uploads\\\/2025\\\/07\\\/1\u00a9Gregory-Batardon_GTG_Ihsane-scaled.jpg\",\"width\":2560,\"height\":1708,\"caption\":\"Ihsane choreography by Sidi Larbi Cherkaoui\"},{\"@type\":\"BreadcrumbList\",\"@id\":\"https:\\\/\\\/www.deltadanse.com\\\/en\\\/directory\\\/ihsane\\\/#breadcrumb\",\"itemListElement\":[{\"@type\":\"ListItem\",\"position\":1,\"name\":\"Accueil\",\"item\":\"https:\\\/\\\/www.deltadanse.com\\\/en\\\/\"},{\"@type\":\"ListItem\",\"position\":2,\"name\":\"Repertoire\",\"item\":\"https:\\\/\\\/www.deltadanse.com\\\/en\\\/directory\\\/\"},{\"@type\":\"ListItem\",\"position\":3,\"name\":\"Ihsane\"}]},{\"@type\":\"WebSite\",\"@id\":\"https:\\\/\\\/www.deltadanse.com\\\/en\\\/#website\",\"url\":\"https:\\\/\\\/www.deltadanse.com\\\/en\\\/\",\"name\":\"Delta Danse\",\"description\":\"Just another WordPress site\",\"potentialAction\":[{\"@type\":\"SearchAction\",\"target\":{\"@type\":\"EntryPoint\",\"urlTemplate\":\"https:\\\/\\\/www.deltadanse.com\\\/en\\\/?s={search_term_string}\"},\"query-input\":{\"@type\":\"PropertyValueSpecification\",\"valueRequired\":true,\"valueName\":\"search_term_string\"}}],\"inLanguage\":\"en-US\"}]}<\/script>\n<!-- \/ Yoast SEO plugin. -->","yoast_head_json":{"title":"Ihsane I Ballet du Grand Th\u00e9\u00e2tre de Gen\u00e8ve I Delta Danse","description":"With Ihsane, Sidi Larbi Cherkaoui continues a diptych that he began within his company Eastman in 2022.","robots":{"index":"index","follow":"follow","max-snippet":"max-snippet:-1","max-image-preview":"max-image-preview:large","max-video-preview":"max-video-preview:-1"},"canonical":"https:\/\/www.deltadanse.com\/en\/directory\/ihsane\/","og_locale":"en_US","og_type":"article","og_title":"Ihsane I Ballet du Grand Th\u00e9\u00e2tre de Gen\u00e8ve I Delta Danse","og_description":"With Ihsane, Sidi Larbi Cherkaoui continues a diptych that he began within his company Eastman in 2022.","og_url":"https:\/\/www.deltadanse.com\/en\/directory\/ihsane\/","og_site_name":"Delta Danse","article_modified_time":"2026-01-31T19:44:11+00:00","og_image":[{"width":2560,"height":1708,"url":"https:\/\/www.deltadanse.com\/wp-content\/uploads\/2025\/07\/1\u00a9Gregory-Batardon_GTG_Ihsane-scaled.jpg","type":"image\/jpeg"}],"twitter_card":"summary_large_image","twitter_misc":{"Est. reading time":"3 minutes"},"schema":{"@context":"https:\/\/schema.org","@graph":[{"@type":"WebPage","@id":"https:\/\/www.deltadanse.com\/en\/directory\/ihsane\/","url":"https:\/\/www.deltadanse.com\/en\/directory\/ihsane\/","name":"Ihsane I Ballet du Grand Th\u00e9\u00e2tre de Gen\u00e8ve I Delta Danse","isPartOf":{"@id":"https:\/\/www.deltadanse.com\/en\/#website"},"primaryImageOfPage":{"@id":"https:\/\/www.deltadanse.com\/en\/directory\/ihsane\/#primaryimage"},"image":{"@id":"https:\/\/www.deltadanse.com\/en\/directory\/ihsane\/#primaryimage"},"thumbnailUrl":"https:\/\/www.deltadanse.com\/wp-content\/uploads\/2025\/07\/1\u00a9Gregory-Batardon_GTG_Ihsane-scaled.jpg","datePublished":"2024-09-12T12:50:32+00:00","dateModified":"2026-01-31T19:44:11+00:00","description":"With Ihsane, Sidi Larbi Cherkaoui continues a diptych that he began within his company Eastman in 2022.","breadcrumb":{"@id":"https:\/\/www.deltadanse.com\/en\/directory\/ihsane\/#breadcrumb"},"inLanguage":"en-US","potentialAction":[{"@type":"ReadAction","target":["https:\/\/www.deltadanse.com\/en\/directory\/ihsane\/"]}]},{"@type":"ImageObject","inLanguage":"en-US","@id":"https:\/\/www.deltadanse.com\/en\/directory\/ihsane\/#primaryimage","url":"https:\/\/www.deltadanse.com\/wp-content\/uploads\/2025\/07\/1\u00a9Gregory-Batardon_GTG_Ihsane-scaled.jpg","contentUrl":"https:\/\/www.deltadanse.com\/wp-content\/uploads\/2025\/07\/1\u00a9Gregory-Batardon_GTG_Ihsane-scaled.jpg","width":2560,"height":1708,"caption":"Ihsane choreography by Sidi Larbi Cherkaoui"},{"@type":"BreadcrumbList","@id":"https:\/\/www.deltadanse.com\/en\/directory\/ihsane\/#breadcrumb","itemListElement":[{"@type":"ListItem","position":1,"name":"Accueil","item":"https:\/\/www.deltadanse.com\/en\/"},{"@type":"ListItem","position":2,"name":"Repertoire","item":"https:\/\/www.deltadanse.com\/en\/directory\/"},{"@type":"ListItem","position":3,"name":"Ihsane"}]},{"@type":"WebSite","@id":"https:\/\/www.deltadanse.com\/en\/#website","url":"https:\/\/www.deltadanse.com\/en\/","name":"Delta Danse","description":"Just another WordPress site","potentialAction":[{"@type":"SearchAction","target":{"@type":"EntryPoint","urlTemplate":"https:\/\/www.deltadanse.com\/en\/?s={search_term_string}"},"query-input":{"@type":"PropertyValueSpecification","valueRequired":true,"valueName":"search_term_string"}}],"inLanguage":"en-US"}]}},"_links":{"self":[{"href":"https:\/\/www.deltadanse.com\/en\/wp-json\/wp\/v2\/pages\/9785","targetHints":{"allow":["GET"]}}],"collection":[{"href":"https:\/\/www.deltadanse.com\/en\/wp-json\/wp\/v2\/pages"}],"about":[{"href":"https:\/\/www.deltadanse.com\/en\/wp-json\/wp\/v2\/types\/page"}],"author":[{"embeddable":true,"href":"https:\/\/www.deltadanse.com\/en\/wp-json\/wp\/v2\/users\/9"}],"replies":[{"embeddable":true,"href":"https:\/\/www.deltadanse.com\/en\/wp-json\/wp\/v2\/comments?post=9785"}],"version-history":[{"count":0,"href":"https:\/\/www.deltadanse.com\/en\/wp-json\/wp\/v2\/pages\/9785\/revisions"}],"up":[{"embeddable":true,"href":"https:\/\/www.deltadanse.com\/en\/wp-json\/wp\/v2\/pages\/1762"}],"wp:featuredmedia":[{"embeddable":true,"href":"https:\/\/www.deltadanse.com\/en\/wp-json\/wp\/v2\/media\/11652"}],"wp:attachment":[{"href":"https:\/\/www.deltadanse.com\/en\/wp-json\/wp\/v2\/media?parent=9785"}],"wp:term":[{"taxonomy":"choregraphe","embeddable":true,"href":"https:\/\/www.deltadanse.com\/en\/wp-json\/wp\/v2\/choregraphe?post=9785"},{"taxonomy":"directeur-artistique","embeddable":true,"href":"https:\/\/www.deltadanse.com\/en\/wp-json\/wp\/v2\/directeur-artistique?post=9785"}],"curies":[{"name":"wp","href":"https:\/\/api.w.org\/{rel}","templated":true}]}}