{"id":10162,"date":"2024-10-10T10:18:34","date_gmt":"2024-10-10T08:18:34","guid":{"rendered":"https:\/\/www.deltadanse.com\/?page_id=10162"},"modified":"2026-01-27T16:09:07","modified_gmt":"2026-01-27T15:09:07","slug":"ode-to-alice-coltrane","status":"publish","type":"page","link":"https:\/\/www.deltadanse.com\/es\/repertorio\/ode-to-alice-coltrane\/","title":{"rendered":"Ode to Alice Coltrane"},"content":{"rendered":"<div class=\"wpb-content-wrapper\"><p>[vc_row unlock_row_content=\u00bbyes\u00bb row_height_percent=\u00bb0&#8243; override_padding=\u00bbyes\u00bb h_padding=\u00bb7&#8243; top_padding=\u00bb2&#8243; bottom_padding=\u00bb2&#8243; overlay_alpha=\u00bb50&#8243; gutter_size=\u00bb3&#8243; column_width_percent=\u00bb100&#8243; shift_y=\u00bb0&#8243; z_index=\u00bb0&#8243; uncode_shortcode_id=\u00bb347231&#8243;][vc_column column_width_percent=\u00bb100&#8243; align_horizontal=\u00bbalign_center\u00bb gutter_size=\u00bb2&#8243; overlay_alpha=\u00bb50&#8243; shift_x=\u00bb0&#8243; shift_y=\u00bb0&#8243; shift_y_down=\u00bb0&#8243; z_index=\u00bb0&#8243; medium_width=\u00bb0&#8243; mobile_width=\u00bb0&#8243; width=\u00bb7\/12&#8243; uncode_shortcode_id=\u00bb850447&#8243;][vc_row_inner row_inner_height_percent=\u00bb0&#8243; overlay_alpha=\u00bb50&#8243; gutter_size=\u00bb3&#8243; shift_y=\u00bb0&#8243; z_index=\u00bb0&#8243; uncode_shortcode_id=\u00bb100565&#8243; limit_content=\u00bb\u00bb][vc_column_inner column_width_percent=\u00bb100&#8243; gutter_size=\u00bb3&#8243; overlay_alpha=\u00bb50&#8243; shift_x=\u00bb0&#8243; shift_y=\u00bb0&#8243; shift_y_down=\u00bb0&#8243; z_index=\u00bb0&#8243; medium_width=\u00bb0&#8243; mobile_width=\u00bb0&#8243; width=\u00bb1\/1&#8243; uncode_shortcode_id=\u00bb109405&#8243;][vc_gallery el_id=\u00bbgallery-191160&#8243; type=\u00bbcarousel\u00bb medias=\u00bb10180,10176,10172&#8243; carousel_lg=\u00bb1&#8243; carousel_md=\u00bb1&#8243; carousel_sm=\u00bb1&#8243; thumb_size=\u00bbthree-two\u00bb gutter_size=\u00bb3&#8243; media_items=\u00bbmedia|nolink|original,icon\u00bb carousel_interval=\u00bb3000&#8243; carousel_navspeed=\u00bb400&#8243; stage_padding=\u00bb0&#8243; single_overlay_opacity=\u00bb50&#8243; single_padding=\u00bb2&#8243; uncode_shortcode_id=\u00bb206029&#8243; el_class=\u00bbcarrousel-compagnie\u00bb][vc_empty_space empty_h=\u00bb2&#8243; medium_visibility=\u00bbyes\u00bb mobile_visibility=\u00bbyes\u00bb][\/vc_column_inner][\/vc_row_inner][vc_row_inner limit_content=\u00bb\u00bb][vc_column_inner width=\u00bb1\/6&#8243;][\/vc_column_inner][vc_column_inner column_width_percent=\u00bb100&#8243; gutter_size=\u00bb2&#8243; overlay_alpha=\u00bb50&#8243; shift_x=\u00bb0&#8243; shift_y=\u00bb0&#8243; shift_y_down=\u00bb0&#8243; z_index=\u00bb0&#8243; medium_width=\u00bb0&#8243; mobile_width=\u00bb0&#8243; width=\u00bb2\/3&#8243; uncode_shortcode_id=\u00bb160905&#8243;][calendar_season style=\u00bbrepertoire\u00bb repertoire=\u00bb9292&#8243;][\/vc_column_inner][vc_column_inner width=\u00bb1\/6&#8243;][\/vc_column_inner][\/vc_row_inner][\/vc_column][vc_column column_width_percent=\u00bb100&#8243; gutter_size=\u00bb2&#8243; override_padding=\u00bbyes\u00bb column_padding=\u00bb3&#8243; overlay_alpha=\u00bb50&#8243; shift_x=\u00bb0&#8243; shift_y=\u00bb0&#8243; shift_y_down=\u00bb0&#8243; z_index=\u00bb0&#8243; medium_width=\u00bb0&#8243; mobile_width=\u00bb0&#8243; width=\u00bb5\/12&#8243; uncode_shortcode_id=\u00bb172957&#8243; el_class=\u00bbcontenu-compagnie\u00bb][vc_row_inner limit_content=\u00bb\u00bb][vc_column_inner column_width_percent=\u00bb100&#8243; gutter_size=\u00bb2&#8243; overlay_alpha=\u00bb50&#8243; shift_x=\u00bb0&#8243; shift_y=\u00bb0&#8243; shift_y_down=\u00bb0&#8243; z_index=\u00bb0&#8243; medium_width=\u00bb0&#8243; mobile_width=\u00bb0&#8243; width=\u00bb1\/1&#8243; uncode_shortcode_id=\u00bb727088&#8243;][vc_custom_heading text_color=\u00bbaccent\u00bb heading_semantic=\u00bbh1&#8243; text_size=\u00bbfontsize-127449&#8243; uncode_shortcode_id=\u00bb939590&#8243; text_color_type=\u00bbuncode-palette\u00bb]Ode to Alice Coltrane[\/vc_custom_heading][vc_custom_heading text_size=\u00bbh4&#8243; text_weight=\u00bb600&#8243; uncode_shortcode_id=\u00bb186035&#8243;]<a href=\"https:\/\/www.deltadanse.com\/es\/companias-delta-danse\/alonzo-king-lines-ballet\/\">Alonzo King LINES Ballet<\/a>[\/vc_custom_heading][vc_column_text uncode_shortcode_id=\u00bb166597&#8243;]<\/p>\n<p class=\"p1\">Coreograf\u00eda Alonzo King<br \/>\nM\u00fasica Alice Coltrane<br \/>\nIluminaci\u00f3n Seah Johnson<br \/>\nDise\u00f1o de vestuario Robert Rosenwasser<br \/>\nM\u00fasica y dise\u00f1o sonoro para Prelude Philip Perkins<br \/>\nConstrucci\u00f3n de vestuario Shannon Maxham, AbdielPortalat\u00edn P\u00e9rez, Joan Raymond<\/p>\n<p class=\"p1\">Creado en 2024 &#8211; Duraci\u00f3n 44min<\/p>\n<p>[\/vc_column_text][vc_empty_space empty_h=\u00bb2&#8243;][\/vc_column_inner][\/vc_row_inner][vc_column_text uncode_shortcode_id=\u00bb427340&#8243; el_class=\u00bblineHeight\u00bb]<\/p>\n<div style=\"padding: 56.25% 0 0 0; position: relative;\"><iframe style=\"position: absolute; top: 0; left: 0; width: 100%; height: 100%;\" title=\"Alonzo King LINES Ballet - Ode to Alice Coltrane\" src=\"https:\/\/player.vimeo.com\/video\/1017480334?badge=0&amp;autopause=0&amp;player_id=0&amp;app_id=58479\" frameborder=\"0\" allowfullscreen=\"allowfullscreen\"><br \/>\n<\/iframe><\/div>\n<p><script src=\"https:\/\/player.vimeo.com\/api\/player.js\"><\/script>[\/vc_column_text][vc_column_text uncode_shortcode_id=\u00bb283074&#8243; el_class=\u00bblineHeight\u00bb]<\/p>\n<p class=\"p1\">King ha estado hipnotizado por la m\u00fasica de Coltrane desde que era ni\u00f1o; coreografi\u00f3 una de sus primeras piezas con su obra. Ahora regresa a su cuerpo de trabajo para crear un ballet como parte de \u201cEl A\u00f1o de Alice\u201d, un homenaje nacional a su legado que incluye actuaciones y exposiciones de LINES Ballet, Impulse! Records y el Hammer Museum, entre otros.<\/p>\n<p class=\"p1\">\u201cSu viaje musical y espiritual ayud\u00f3 a definir y dar forma a una vida y a todo un g\u00e9nero musical\u201d, dice la harpista y compositora nominada al Grammy, Brandee Younger.<\/p>\n<p class=\"p1\">Creada como parte de la temporada de oto\u00f1o 2024 de la compa\u00f1\u00eda, la pieza rinde homenaje a la legendaria l\u00edder espiritual, compositora, pianista y harpista Alice Coltrane.<\/p>\n<p>[\/vc_column_text][vc_empty_space][vc_custom_heading text_color=\u00bbaccent\u00bb uncode_shortcode_id=\u00bb212396&#8243; text_color_type=\u00bbuncode-palette\u00bb]Lo que dice la prensa[\/vc_custom_heading][vc_column_text uncode_shortcode_id=\u00bb886165&#8243; el_class=\u00bblineHeight\u00bb]<\/p>\n<p class=\"p1\">\u00ab Ode to Alice Coltrane de King, interpretada por toda la compa\u00f1\u00eda, rinde un homenaje resonante al genio y a la variedad de los talentos e imaginaci\u00f3n de Coltrane [\u2026] Los artistas de LINES, envueltos en una bruma resplandeciente de plata y dorado, abrazaron los port\u00e9s y saltos, los pas de deux y los conjuntos, magn\u00edficos adagios y pasos virtuosos de origen folcl\u00f3rico [\u2026] Llama a esta oda fantas\u00eda, o realidad aumentada, o un testamento del poder de una obra que surge de la inspiraci\u00f3n creativa. O simplemente, ll\u00e1mala deslumbrante. \u00bb<\/p>\n<p class=\"p2\"><b>Janice Berman,<i> Dance With Me<\/i><\/b><\/p>\n<p>[\/vc_column_text][\/vc_column][\/vc_row][vc_row row_height_percent=\u00bb0&#8243; overlay_alpha=\u00bb50&#8243; gutter_size=\u00bb3&#8243; column_width_percent=\u00bb100&#8243; shift_y=\u00bb0&#8243; z_index=\u00bb0&#8243; uncode_shortcode_id=\u00bb607236&#8243;][vc_column width=\u00bb2\/12&#8243;][\/vc_column][vc_column column_width_percent=\u00bb100&#8243; align_horizontal=\u00bbalign_center\u00bb gutter_size=\u00bb3&#8243; overlay_alpha=\u00bb50&#8243; shift_x=\u00bb0&#8243; shift_y=\u00bb0&#8243; shift_y_down=\u00bb0&#8243; z_index=\u00bb0&#8243; medium_width=\u00bb0&#8243; mobile_width=\u00bb0&#8243; width=\u00bb2\/3&#8243; uncode_shortcode_id=\u00bb853687&#8243;][vc_custom_heading text_color=\u00bbcolor-190155&#8243; uncode_shortcode_id=\u00bb529001&#8243; text_color_type=\u00bbuncode-palette\u00bb]En el repertorio[\/vc_custom_heading][uncode_index el_id=\u00bbindex-537495863&#8243; index_type=\u00bbcarousel\u00bb loop=\u00bbsize:3|order_by:date|post_type:page|tax_query:5|taxonomy_count:10&#8243; carousel_lg=\u00bb2&#8243; carousel_md=\u00bb2&#8243; carousel_sm=\u00bb1&#8243; thumb_size=\u00bbthree-two\u00bb gutter_size=\u00bb3&#8243; post_items=\u00bbmedia|featured|onpost|poster,date,title,text|excerpt|90,category|bordered|topright|hide-icon,sep-one|full,extra\u00bb page_items=\u00bbmedia|featured|onpost|original,title,text|excerpt,link|link|small_size|D\u00e9couvrir\u00bb carousel_interval=\u00bb3000&#8243; carousel_navspeed=\u00bb400&#8243; carousel_dots=\u00bbyes\u00bb carousel_dots_space=\u00bbyes\u00bb carousel_dots_mobile=\u00bbyes\u00bb stage_padding=\u00bb0&#8243; single_back_color=\u00bbcolor-563873&#8243; single_overlay_opacity=\u00bb50&#8243; single_text_visible=\u00bbyes\u00bb single_text_anim=\u00bbno\u00bb single_padding=\u00bb2&#8243; single_title_dimension=\u00bbh4&#8243; single_title_weight=\u00bb600&#8243; single_text_lead=\u00bbsmall\u00bb single_border=\u00bbyes\u00bb uncode_shortcode_id=\u00bb212666&#8243;][\/vc_column][vc_column width=\u00bb2\/12&#8243;][\/vc_column][\/vc_row][vc_row][vc_column width=\u00bb1\/1&#8243;][uncode_block id=\u00bb3542&#8243;][\/vc_column][\/vc_row]<\/p>\n<\/div>","protected":false},"excerpt":{"rendered":"<p>Fascinado por la m\u00fasica de Alice Coltrane desde su infancia, Alonzo King rinde homenaje a la legendaria l\u00edder espiritual, compositora, pianista y arpista estadounidense.<\/p>\n","protected":false},"author":9,"featured_media":10176,"parent":6729,"menu_order":0,"comment_status":"closed","ping_status":"closed","template":"","meta":{"footnotes":""},"choregraphe":[119],"directeur-artistique":[],"class_list":["post-10162","page","type-page","status-publish","has-post-thumbnail","hentry","choregraphe-alonzo-king","page_category-alonzo-king-lines-ballet-es"],"yoast_head":"<!-- This site is optimized with the Yoast SEO plugin v26.7 - https:\/\/yoast.com\/wordpress\/plugins\/seo\/ -->\n<title>Ode to Alice Coltrane I Alonzo King LINES Ballet I Delta Danse<\/title>\n<meta name=\"description\" content=\"Fascinado por la m\u00fasica de Alice Coltrane desde su infancia, Alonzo King rinde homenaje a la legendaria l\u00edder espiritual, compositora, pianista y arpista estadounidense.\" \/>\n<meta name=\"robots\" content=\"index, follow, max-snippet:-1, max-image-preview:large, max-video-preview:-1\" \/>\n<link rel=\"canonical\" href=\"https:\/\/www.deltadanse.com\/es\/repertorio\/ode-to-alice-coltrane\/\" \/>\n<meta property=\"og:locale\" content=\"es_ES\" \/>\n<meta property=\"og:type\" content=\"article\" \/>\n<meta property=\"og:title\" content=\"Ode to Alice Coltrane I Alonzo King LINES Ballet I Delta Danse\" \/>\n<meta property=\"og:description\" content=\"Fascinado por la m\u00fasica de Alice Coltrane desde su infancia, Alonzo King rinde homenaje a la legendaria l\u00edder espiritual, compositora, pianista y arpista estadounidense.\" \/>\n<meta property=\"og:url\" content=\"https:\/\/www.deltadanse.com\/es\/repertorio\/ode-to-alice-coltrane\/\" \/>\n<meta property=\"og:site_name\" content=\"Delta Danse\" \/>\n<meta property=\"article:modified_time\" content=\"2026-01-27T15:09:07+00:00\" \/>\n<meta property=\"og:image\" content=\"https:\/\/www.deltadanse.com\/wp-content\/uploads\/2024\/10\/Marusya-Madubuko-Joshua-Francique-Theo-Duff-Grant-Mael-Amatoul-Tatum-Quinonezonez-Alonzo-King-LINES-Ballet-\u00a9-Chris-Hardy-scaled.jpg\" \/>\n\t<meta property=\"og:image:width\" content=\"2560\" \/>\n\t<meta property=\"og:image:height\" content=\"1708\" \/>\n\t<meta property=\"og:image:type\" content=\"image\/jpeg\" \/>\n<meta name=\"twitter:card\" content=\"summary_large_image\" \/>\n<meta name=\"twitter:label1\" content=\"Tiempo de lectura\" \/>\n\t<meta name=\"twitter:data1\" content=\"3 minutos\" \/>\n<script type=\"application\/ld+json\" class=\"yoast-schema-graph\">{\"@context\":\"https:\/\/schema.org\",\"@graph\":[{\"@type\":\"WebPage\",\"@id\":\"https:\/\/www.deltadanse.com\/es\/repertorio\/ode-to-alice-coltrane\/\",\"url\":\"https:\/\/www.deltadanse.com\/es\/repertorio\/ode-to-alice-coltrane\/\",\"name\":\"Ode to Alice Coltrane I Alonzo King LINES Ballet I Delta Danse\",\"isPartOf\":{\"@id\":\"https:\/\/www.deltadanse.com\/es\/#website\"},\"primaryImageOfPage\":{\"@id\":\"https:\/\/www.deltadanse.com\/es\/repertorio\/ode-to-alice-coltrane\/#primaryimage\"},\"image\":{\"@id\":\"https:\/\/www.deltadanse.com\/es\/repertorio\/ode-to-alice-coltrane\/#primaryimage\"},\"thumbnailUrl\":\"https:\/\/www.deltadanse.com\/wp-content\/uploads\/2024\/10\/Marusya-Madubuko-Joshua-Francique-Theo-Duff-Grant-Mael-Amatoul-Tatum-Quinonezonez-Alonzo-King-LINES-Ballet-\u00a9-Chris-Hardy-scaled.jpg\",\"datePublished\":\"2024-10-10T08:18:34+00:00\",\"dateModified\":\"2026-01-27T15:09:07+00:00\",\"description\":\"Fascinado por la m\u00fasica de Alice Coltrane desde su infancia, Alonzo King rinde homenaje a la legendaria l\u00edder espiritual, compositora, pianista y arpista estadounidense.\",\"breadcrumb\":{\"@id\":\"https:\/\/www.deltadanse.com\/es\/repertorio\/ode-to-alice-coltrane\/#breadcrumb\"},\"inLanguage\":\"es\",\"potentialAction\":[{\"@type\":\"ReadAction\",\"target\":[\"https:\/\/www.deltadanse.com\/es\/repertorio\/ode-to-alice-coltrane\/\"]}]},{\"@type\":\"ImageObject\",\"inLanguage\":\"es\",\"@id\":\"https:\/\/www.deltadanse.com\/es\/repertorio\/ode-to-alice-coltrane\/#primaryimage\",\"url\":\"https:\/\/www.deltadanse.com\/wp-content\/uploads\/2024\/10\/Marusya-Madubuko-Joshua-Francique-Theo-Duff-Grant-Mael-Amatoul-Tatum-Quinonezonez-Alonzo-King-LINES-Ballet-\u00a9-Chris-Hardy-scaled.jpg\",\"contentUrl\":\"https:\/\/www.deltadanse.com\/wp-content\/uploads\/2024\/10\/Marusya-Madubuko-Joshua-Francique-Theo-Duff-Grant-Mael-Amatoul-Tatum-Quinonezonez-Alonzo-King-LINES-Ballet-\u00a9-Chris-Hardy-scaled.jpg\",\"width\":2560,\"height\":1708},{\"@type\":\"BreadcrumbList\",\"@id\":\"https:\/\/www.deltadanse.com\/es\/repertorio\/ode-to-alice-coltrane\/#breadcrumb\",\"itemListElement\":[{\"@type\":\"ListItem\",\"position\":1,\"name\":\"Accueil\",\"item\":\"https:\/\/www.deltadanse.com\/es\/\"},{\"@type\":\"ListItem\",\"position\":2,\"name\":\"Repertorio\",\"item\":\"https:\/\/www.deltadanse.com\/es\/repertorio\/\"},{\"@type\":\"ListItem\",\"position\":3,\"name\":\"Ode to Alice Coltrane\"}]},{\"@type\":\"WebSite\",\"@id\":\"https:\/\/www.deltadanse.com\/es\/#website\",\"url\":\"https:\/\/www.deltadanse.com\/es\/\",\"name\":\"Delta Danse\",\"description\":\"Just another WordPress site\",\"potentialAction\":[{\"@type\":\"SearchAction\",\"target\":{\"@type\":\"EntryPoint\",\"urlTemplate\":\"https:\/\/www.deltadanse.com\/es\/?s={search_term_string}\"},\"query-input\":{\"@type\":\"PropertyValueSpecification\",\"valueRequired\":true,\"valueName\":\"search_term_string\"}}],\"inLanguage\":\"es\"}]}<\/script>\n<!-- \/ Yoast SEO plugin. -->","yoast_head_json":{"title":"Ode to Alice Coltrane I Alonzo King LINES Ballet I Delta Danse","description":"Fascinado por la m\u00fasica de Alice Coltrane desde su infancia, Alonzo King rinde homenaje a la legendaria l\u00edder espiritual, compositora, pianista y arpista estadounidense.","robots":{"index":"index","follow":"follow","max-snippet":"max-snippet:-1","max-image-preview":"max-image-preview:large","max-video-preview":"max-video-preview:-1"},"canonical":"https:\/\/www.deltadanse.com\/es\/repertorio\/ode-to-alice-coltrane\/","og_locale":"es_ES","og_type":"article","og_title":"Ode to Alice Coltrane I Alonzo King LINES Ballet I Delta Danse","og_description":"Fascinado por la m\u00fasica de Alice Coltrane desde su infancia, Alonzo King rinde homenaje a la legendaria l\u00edder espiritual, compositora, pianista y arpista estadounidense.","og_url":"https:\/\/www.deltadanse.com\/es\/repertorio\/ode-to-alice-coltrane\/","og_site_name":"Delta Danse","article_modified_time":"2026-01-27T15:09:07+00:00","og_image":[{"width":2560,"height":1708,"url":"https:\/\/www.deltadanse.com\/wp-content\/uploads\/2024\/10\/Marusya-Madubuko-Joshua-Francique-Theo-Duff-Grant-Mael-Amatoul-Tatum-Quinonezonez-Alonzo-King-LINES-Ballet-\u00a9-Chris-Hardy-scaled.jpg","type":"image\/jpeg"}],"twitter_card":"summary_large_image","twitter_misc":{"Tiempo de lectura":"3 minutos"},"schema":{"@context":"https:\/\/schema.org","@graph":[{"@type":"WebPage","@id":"https:\/\/www.deltadanse.com\/es\/repertorio\/ode-to-alice-coltrane\/","url":"https:\/\/www.deltadanse.com\/es\/repertorio\/ode-to-alice-coltrane\/","name":"Ode to Alice Coltrane I Alonzo King LINES Ballet I Delta Danse","isPartOf":{"@id":"https:\/\/www.deltadanse.com\/es\/#website"},"primaryImageOfPage":{"@id":"https:\/\/www.deltadanse.com\/es\/repertorio\/ode-to-alice-coltrane\/#primaryimage"},"image":{"@id":"https:\/\/www.deltadanse.com\/es\/repertorio\/ode-to-alice-coltrane\/#primaryimage"},"thumbnailUrl":"https:\/\/www.deltadanse.com\/wp-content\/uploads\/2024\/10\/Marusya-Madubuko-Joshua-Francique-Theo-Duff-Grant-Mael-Amatoul-Tatum-Quinonezonez-Alonzo-King-LINES-Ballet-\u00a9-Chris-Hardy-scaled.jpg","datePublished":"2024-10-10T08:18:34+00:00","dateModified":"2026-01-27T15:09:07+00:00","description":"Fascinado por la m\u00fasica de Alice Coltrane desde su infancia, Alonzo King rinde homenaje a la legendaria l\u00edder espiritual, compositora, pianista y arpista estadounidense.","breadcrumb":{"@id":"https:\/\/www.deltadanse.com\/es\/repertorio\/ode-to-alice-coltrane\/#breadcrumb"},"inLanguage":"es","potentialAction":[{"@type":"ReadAction","target":["https:\/\/www.deltadanse.com\/es\/repertorio\/ode-to-alice-coltrane\/"]}]},{"@type":"ImageObject","inLanguage":"es","@id":"https:\/\/www.deltadanse.com\/es\/repertorio\/ode-to-alice-coltrane\/#primaryimage","url":"https:\/\/www.deltadanse.com\/wp-content\/uploads\/2024\/10\/Marusya-Madubuko-Joshua-Francique-Theo-Duff-Grant-Mael-Amatoul-Tatum-Quinonezonez-Alonzo-King-LINES-Ballet-\u00a9-Chris-Hardy-scaled.jpg","contentUrl":"https:\/\/www.deltadanse.com\/wp-content\/uploads\/2024\/10\/Marusya-Madubuko-Joshua-Francique-Theo-Duff-Grant-Mael-Amatoul-Tatum-Quinonezonez-Alonzo-King-LINES-Ballet-\u00a9-Chris-Hardy-scaled.jpg","width":2560,"height":1708},{"@type":"BreadcrumbList","@id":"https:\/\/www.deltadanse.com\/es\/repertorio\/ode-to-alice-coltrane\/#breadcrumb","itemListElement":[{"@type":"ListItem","position":1,"name":"Accueil","item":"https:\/\/www.deltadanse.com\/es\/"},{"@type":"ListItem","position":2,"name":"Repertorio","item":"https:\/\/www.deltadanse.com\/es\/repertorio\/"},{"@type":"ListItem","position":3,"name":"Ode to Alice Coltrane"}]},{"@type":"WebSite","@id":"https:\/\/www.deltadanse.com\/es\/#website","url":"https:\/\/www.deltadanse.com\/es\/","name":"Delta Danse","description":"Just another WordPress site","potentialAction":[{"@type":"SearchAction","target":{"@type":"EntryPoint","urlTemplate":"https:\/\/www.deltadanse.com\/es\/?s={search_term_string}"},"query-input":{"@type":"PropertyValueSpecification","valueRequired":true,"valueName":"search_term_string"}}],"inLanguage":"es"}]}},"_links":{"self":[{"href":"https:\/\/www.deltadanse.com\/es\/wp-json\/wp\/v2\/pages\/10162","targetHints":{"allow":["GET"]}}],"collection":[{"href":"https:\/\/www.deltadanse.com\/es\/wp-json\/wp\/v2\/pages"}],"about":[{"href":"https:\/\/www.deltadanse.com\/es\/wp-json\/wp\/v2\/types\/page"}],"author":[{"embeddable":true,"href":"https:\/\/www.deltadanse.com\/es\/wp-json\/wp\/v2\/users\/9"}],"replies":[{"embeddable":true,"href":"https:\/\/www.deltadanse.com\/es\/wp-json\/wp\/v2\/comments?post=10162"}],"version-history":[{"count":7,"href":"https:\/\/www.deltadanse.com\/es\/wp-json\/wp\/v2\/pages\/10162\/revisions"}],"predecessor-version":[{"id":12713,"href":"https:\/\/www.deltadanse.com\/es\/wp-json\/wp\/v2\/pages\/10162\/revisions\/12713"}],"up":[{"embeddable":true,"href":"https:\/\/www.deltadanse.com\/es\/wp-json\/wp\/v2\/pages\/6729"}],"wp:featuredmedia":[{"embeddable":true,"href":"https:\/\/www.deltadanse.com\/es\/wp-json\/wp\/v2\/media\/10176"}],"wp:attachment":[{"href":"https:\/\/www.deltadanse.com\/es\/wp-json\/wp\/v2\/media?parent=10162"}],"wp:term":[{"taxonomy":"choregraphe","embeddable":true,"href":"https:\/\/www.deltadanse.com\/es\/wp-json\/wp\/v2\/choregraphe?post=10162"},{"taxonomy":"directeur-artistique","embeddable":true,"href":"https:\/\/www.deltadanse.com\/es\/wp-json\/wp\/v2\/directeur-artistique?post=10162"}],"curies":[{"name":"wp","href":"https:\/\/api.w.org\/{rel}","templated":true}]}}