{"id":10228,"date":"2024-10-10T11:10:50","date_gmt":"2024-10-10T09:10:50","guid":{"rendered":"https:\/\/www.deltadanse.com\/?page_id=10228"},"modified":"2026-01-27T16:03:24","modified_gmt":"2026-01-27T15:03:24","slug":"programa-de-gira-junior-ballet-de-lopera-de-paris","status":"publish","type":"page","link":"https:\/\/www.deltadanse.com\/es\/repertorio\/programa-de-gira-junior-ballet-de-lopera-de-paris\/","title":{"rendered":"Programa 2025-2026"},"content":{"rendered":"<div class=\"wpb-content-wrapper\"><p>[vc_row unlock_row_content=\u00bbyes\u00bb row_height_percent=\u00bb0&#8243; override_padding=\u00bbyes\u00bb h_padding=\u00bb7&#8243; top_padding=\u00bb2&#8243; bottom_padding=\u00bb2&#8243; overlay_alpha=\u00bb50&#8243; gutter_size=\u00bb3&#8243; column_width_percent=\u00bb100&#8243; shift_y=\u00bb0&#8243; z_index=\u00bb0&#8243; uncode_shortcode_id=\u00bb347231&#8243;][vc_column column_width_percent=\u00bb100&#8243; align_horizontal=\u00bbalign_center\u00bb gutter_size=\u00bb2&#8243; overlay_alpha=\u00bb50&#8243; shift_x=\u00bb0&#8243; shift_y=\u00bb0&#8243; shift_y_down=\u00bb0&#8243; z_index=\u00bb0&#8243; medium_width=\u00bb0&#8243; mobile_width=\u00bb0&#8243; width=\u00bb7\/12&#8243; uncode_shortcode_id=\u00bb850447&#8243;][vc_row_inner row_inner_height_percent=\u00bb0&#8243; overlay_alpha=\u00bb50&#8243; gutter_size=\u00bb3&#8243; shift_y=\u00bb0&#8243; z_index=\u00bb0&#8243; uncode_shortcode_id=\u00bb100565&#8243; limit_content=\u00bb\u00bb][vc_column_inner column_width_percent=\u00bb100&#8243; gutter_size=\u00bb3&#8243; overlay_alpha=\u00bb50&#8243; shift_x=\u00bb0&#8243; shift_y=\u00bb0&#8243; shift_y_down=\u00bb0&#8243; z_index=\u00bb0&#8243; medium_width=\u00bb0&#8243; mobile_width=\u00bb0&#8243; width=\u00bb1\/1&#8243; uncode_shortcode_id=\u00bb109405&#8243;][vc_gallery el_id=\u00bbgallery-191160&#8243; type=\u00bbcarousel\u00bb random=\u00bbyes\u00bb medias=\u00bb12175,12172,12169,12165,12162,12159,12156,12153&#8243; carousel_lg=\u00bb1&#8243; carousel_md=\u00bb1&#8243; carousel_sm=\u00bb1&#8243; thumb_size=\u00bbthree-two\u00bb gutter_size=\u00bb3&#8243; media_items=\u00bbmedia|nolink|original,icon\u00bb carousel_interval=\u00bb3000&#8243; carousel_navspeed=\u00bb400&#8243; stage_padding=\u00bb0&#8243; single_overlay_opacity=\u00bb50&#8243; single_padding=\u00bb2&#8243; uncode_shortcode_id=\u00bb203174&#8243; el_class=\u00bbcarrousel-compagnie\u00bb][vc_empty_space empty_h=\u00bb2&#8243; medium_visibility=\u00bbyes\u00bb mobile_visibility=\u00bbyes\u00bb][\/vc_column_inner][\/vc_row_inner][vc_row_inner limit_content=\u00bb\u00bb][vc_column_inner width=\u00bb1\/6&#8243;][\/vc_column_inner][vc_column_inner column_width_percent=\u00bb100&#8243; gutter_size=\u00bb2&#8243; overlay_alpha=\u00bb50&#8243; shift_x=\u00bb0&#8243; shift_y=\u00bb0&#8243; shift_y_down=\u00bb0&#8243; z_index=\u00bb0&#8243; medium_width=\u00bb0&#8243; mobile_width=\u00bb0&#8243; width=\u00bb2\/3&#8243; uncode_shortcode_id=\u00bb474984&#8243;][calendar_season style=\u00bbrepertoire\u00bb repertoire=\u00bb9346&#8243;][\/vc_column_inner][\/vc_row_inner][\/vc_column][vc_column column_width_percent=\u00bb100&#8243; gutter_size=\u00bb2&#8243; override_padding=\u00bbyes\u00bb column_padding=\u00bb3&#8243; overlay_alpha=\u00bb50&#8243; shift_x=\u00bb0&#8243; shift_y=\u00bb0&#8243; shift_y_down=\u00bb0&#8243; z_index=\u00bb0&#8243; medium_width=\u00bb0&#8243; mobile_width=\u00bb0&#8243; width=\u00bb5\/12&#8243; uncode_shortcode_id=\u00bb136519&#8243; el_class=\u00bbcontenu-compagnie\u00bb][vc_row_inner limit_content=\u00bb\u00bb][vc_column_inner column_width_percent=\u00bb100&#8243; gutter_size=\u00bb2&#8243; overlay_alpha=\u00bb50&#8243; shift_x=\u00bb0&#8243; shift_y=\u00bb0&#8243; shift_y_down=\u00bb0&#8243; z_index=\u00bb0&#8243; medium_width=\u00bb0&#8243; mobile_width=\u00bb0&#8243; width=\u00bb1\/1&#8243; uncode_shortcode_id=\u00bb727088&#8243;][vc_custom_heading text_color=\u00bbaccent\u00bb heading_semantic=\u00bbh1&#8243; text_size=\u00bbfontsize-127449&#8243; uncode_shortcode_id=\u00bb367091&#8243; text_color_type=\u00bbuncode-palette\u00bb]Programa 2025-2026[\/vc_custom_heading][vc_custom_heading text_size=\u00bbh4&#8243; text_weight=\u00bb600&#8243; uncode_shortcode_id=\u00bb957492&#8243;]<a href=\"https:\/\/www.deltadanse.com\/es\/companias-delta-danse\/junior-ballet-de-lopera-de-paris\/\">Junior Ballet de l&#8217;Op\u00e9ra de Paris<\/a>[\/vc_custom_heading][vc_column_text uncode_shortcode_id=\u00bb987297&#8243;]Coreograf\u00eda : George Balanchine \/ Maurice B\u00e9jart \/ Anabelle Lopez Ochoa \/ Jos\u00e9 Martinez[\/vc_column_text][\/vc_column_inner][\/vc_row_inner][vc_empty_space][vc_custom_heading text_color=\u00bbaccent\u00bb uncode_shortcode_id=\u00bb139757&#8243; text_color_type=\u00bbuncode-palette\u00bb]Allegro Brillante[\/vc_custom_heading][vc_column_text uncode_shortcode_id=\u00bb197790&#8243;]<\/p>\n<p class=\"p1\">Coreograf\u00eda George Balanchine<br \/>\nM\u00fasica Piotr Ilyitch Tcha\u00efkovski<\/p>\n<p class=\"p1\">Duraci\u00f3n 16 min &#8211; Para 10 bailarines<\/p>\n<p>[\/vc_column_text][vc_column_text uncode_shortcode_id=\u00bb869876&#8243; el_class=\u00bblineHeight\u00bb]<\/p>\n<div style=\"padding: 56.25% 0 0 0; position: relative;\"><iframe style=\"position: absolute; top: 0; left: 0; width: 100%; height: 100%;\" title=\"Junior Ballet de l'Op\u00e9ra national de Paris - Allegro Brillante&gt; &lt;\/iframe&gt; &lt;\/div&gt; &lt;script src=\" src=\"https:\/\/player.vimeo.com\/video\/1105779389?badge=0&amp;autopause=0&amp;player_id=0&amp;app_id=58479\" frameborder=\"0\" allowfullscreen=\"allowfullscreen\"><br \/>\n<\/iframe><\/div>\n<p>[\/vc_column_text][vc_empty_space][vc_column_text uncode_shortcode_id=\u00bb107961&#8243; el_class=\u00bblineHeight\u00bb]<\/p>\n<p class=\"p1\"><em>Allegro Brillante<\/em>, una de las piezas de danza m\u00e1s alegres y puras de George Balanchine, se caracteriza por lo que Maria Tallchief, la bailarina para quien se cre\u00f3 el papel principal, llam\u00f3 \u00abun romanticismo ruso expansivo\u00bb. El ballet est\u00e1 ambientado en el Concierto para piano n.\u00ba 3 de Tchaikovsky, una obra que el compositor cre\u00f3 a partir de bocetos para una composici\u00f3n que deb\u00eda ser su sexta sinfon\u00eda, pero que en su lugar sirvi\u00f3 como una obra en un solo movimiento, publicada p\u00f3stumamente en 1894. Balanchine describ\u00eda este ballet como un concentrado de t\u00e9cnicas coreogr\u00e1ficas cl\u00e1sicas, contenido en un espacio y un tiempo restringidos.<\/p>\n<p>[\/vc_column_text][vc_empty_space][vc_custom_heading text_color=\u00bbaccent\u00bb uncode_shortcode_id=\u00bb570715&#8243; text_color_type=\u00bbuncode-palette\u00bb]Cantate 51[\/vc_custom_heading][vc_column_text uncode_shortcode_id=\u00bb179282&#8243;]<\/p>\n<p class=\"p1\">Coreograf\u00eda Maurice B\u00e9jart<br \/>\nM\u00fasica Johann-Sebastian Bach<\/p>\n<p class=\"p1\">Duraci\u00f3n 21 min &#8211; Para 8 bailarines<\/p>\n<p>[\/vc_column_text][vc_column_text uncode_shortcode_id=\u00bb195280&#8243; el_class=\u00bblineHeight\u00bb]<\/p>\n<div style=\"padding: 56.25% 0 0 0; position: relative;\"><iframe style=\"position: absolute; top: 0; left: 0; width: 100%; height: 100%;\" title=\"Junior Ballet de l'Op\u00e9ra national de Paris - Cantate 51\" src=\"https:\/\/player.vimeo.com\/video\/1105779752?badge=0&amp;autopause=0&amp;player_id=0&amp;app_id=58479\" frameborder=\"0\" allowfullscreen=\"allowfullscreen\"><br \/>\n<\/iframe><\/div>\n<p><script src=\"https:\/\/player.vimeo.com\/api\/player.js\"><\/script>[\/vc_column_text][vc_empty_space][vc_column_text uncode_shortcode_id=\u00bb547245&#8243; el_class=\u00bblineHeight\u00bb]<\/p>\n<p class=\"p1\">\u00ab La alegr\u00eda que estalla en la partitura de Johann Sebastian Bach nos presenta el tema de la Anunciaci\u00f3n. El \u00e1ngel aparece ante Mar\u00eda y le predice el nacimiento de un hijo, una encarnaci\u00f3n divina que dinamiza el universo transfigurado, al igual que esta m\u00fasica que trasciende lo humano. \u00bb<\/p>\n<p class=\"p1\" style=\"text-align: right;\"><strong>Maurice B\u00e9jart<\/strong><\/p>\n<p>[\/vc_column_text][vc_empty_space][vc_custom_heading text_color=\u00bbaccent\u00bb uncode_shortcode_id=\u00bb640021&#8243; text_color_type=\u00bbuncode-palette\u00bb]Requiem for a rose[\/vc_custom_heading][vc_column_text uncode_shortcode_id=\u00bb100739&#8243;]<\/p>\n<p class=\"p1\">Coreograf\u00eda Annabelle L\u00f3pez Ochoa<br \/>\nM\u00fasica Franz Schubert<br \/>\nEntorno ac\u00fastico Almar Kok<br \/>\nVesturario Tatyana van Walsum<\/p>\n<p class=\"p1\">Duraci\u00f3n 20 min &#8211; Para 13 bailarines<\/p>\n<p>[\/vc_column_text][vc_column_text uncode_shortcode_id=\u00bb272036&#8243; el_class=\u00bblineHeight\u00bb]<\/p>\n<div style=\"padding: 56.25% 0 0 0; position: relative;\"><iframe style=\"position: absolute; top: 0; left: 0; width: 100%; height: 100%;\" title=\"Junior Ballet de l'Op\u00e9ra national de Paris - Requiem \u00ab\u00a0for a Rose&gt; &lt;\/iframe&gt; &lt;\/div&gt; &lt;script src=\" src=\"https:\/\/player.vimeo.com\/video\/1104040849?badge=0&amp;autopause=0&amp;player_id=0&amp;app_id=58479\" frameborder=\"0\" allowfullscreen=\"allowfullscreen\"><\/iframe><\/div>\n<p>[\/vc_column_text][vc_empty_space][vc_column_text uncode_shortcode_id=\u00bb647457&#8243; el_class=\u00bblineHeight\u00bb]<\/p>\n<p class=\"p1\">Profundamente dram\u00e1tico, <em>Requiem for a rose<\/em> es una pieza contempor\u00e1nea que aborda el amor interior, con el coraz\u00f3n como personaje principal. Los movimientos org\u00e1nicos de los bailarines encarnan sus latidos, sus pulsaciones. Con faldas rojas que giran, los cuerpos se transforman en p\u00e9talos de rosa, s\u00edmbolo universal del amor, y se articulan en una coreograf\u00eda de gran belleza.<\/p>\n<p>[\/vc_column_text][vc_empty_space][vc_custom_heading text_color=\u00bbaccent\u00bb uncode_shortcode_id=\u00bb204194&#8243; text_color_type=\u00bbuncode-palette\u00bb]Mi Favorita[\/vc_custom_heading][vc_column_text uncode_shortcode_id=\u00bb128449&#8243;]<\/p>\n<p class=\"p1\">Coreograf\u00eda Jos\u00e9 Martinez<br \/>\nM\u00fasica Gaetano Donizetti<br \/>\nVestuario Agn\u00e8s Letestu<\/p>\n<p class=\"p1\">Duraci\u00f3n 28 min &#8211; Para 18 bailarines<\/p>\n<p>[\/vc_column_text][vc_column_text uncode_shortcode_id=\u00bb206306&#8243; el_class=\u00bblineHeight\u00bb]<\/p>\n<div style=\"padding: 56.25% 0 0 0; position: relative;\"><iframe style=\"position: absolute; top: 0; left: 0; width: 100%; height: 100%;\" title=\"Junior Ballet de l'Op\u00e9ra national de Paris - Mi Favorita\" src=\"https:\/\/player.vimeo.com\/video\/1104039615?badge=0&amp;autopause=0&amp;player_id=0&amp;app_id=58479\" frameborder=\"0\" allowfullscreen=\"allowfullscreen\"><br \/>\n<\/iframe><\/div>\n<p><script src=\"https:\/\/player.vimeo.com\/api\/player.js\"><\/script>[\/vc_column_text][vc_empty_space][vc_column_text uncode_shortcode_id=\u00bb975072&#8243; el_class=\u00bblineHeight\u00bb]<\/p>\n<p class=\"p1\">-Dedicado a Jos\u00e9 Ferr\u00e1n-<\/p>\n<p class=\"p1\">Cualquier semejanza con ballets existentes no es fortuita y el autor agradece por su colaboraci\u00f3n a Marius Petipa, William Forsythe, George Balanchine, Rudolf Nureyev, Fred Astaire, Jir\u00ed Kyli\u00e1n, Pierre Lacotte, Lev Ivanov, Claude Brumachon, Patrice Bart, Jules Perrot y Jean Coralli, Harald Lander, Jean Claude Gallotta\u2026 sin olvidar a Luis XIV \u00ab El Rey Sol \u00bb.<\/p>\n<p>[\/vc_column_text][\/vc_column][\/vc_row][vc_row row_height_percent=\u00bb0&#8243; overlay_alpha=\u00bb50&#8243; gutter_size=\u00bb3&#8243; column_width_percent=\u00bb100&#8243; shift_y=\u00bb0&#8243; z_index=\u00bb0&#8243; uncode_shortcode_id=\u00bb607236&#8243;][vc_column width=\u00bb2\/12&#8243;][\/vc_column][vc_column column_width_percent=\u00bb100&#8243; align_horizontal=\u00bbalign_center\u00bb gutter_size=\u00bb3&#8243; overlay_alpha=\u00bb50&#8243; shift_x=\u00bb0&#8243; shift_y=\u00bb0&#8243; shift_y_down=\u00bb0&#8243; z_index=\u00bb0&#8243; medium_width=\u00bb0&#8243; mobile_width=\u00bb0&#8243; width=\u00bb2\/3&#8243; uncode_shortcode_id=\u00bb853687&#8243;][vc_custom_heading text_color=\u00bbcolor-190155&#8243; uncode_shortcode_id=\u00bb529001&#8243; text_color_type=\u00bbuncode-palette\u00bb]En el repertorio[\/vc_custom_heading][uncode_index el_id=\u00bbindex-537495863&#8243; index_type=\u00bbcarousel\u00bb loop=\u00bbsize:3|order_by:date|post_type:page|tax_query:232|taxonomy_count:10&#8243; carousel_lg=\u00bb2&#8243; carousel_md=\u00bb2&#8243; carousel_sm=\u00bb1&#8243; thumb_size=\u00bbthree-two\u00bb gutter_size=\u00bb3&#8243; post_items=\u00bbmedia|featured|onpost|poster,date,title,text|excerpt|90,category|bordered|topright|hide-icon,sep-one|full,extra\u00bb page_items=\u00bbmedia|featured|onpost|original,title,text|excerpt,link|link|small_size|D\u00e9couvrir\u00bb carousel_interval=\u00bb3000&#8243; carousel_navspeed=\u00bb400&#8243; carousel_dots=\u00bbyes\u00bb carousel_dots_space=\u00bbyes\u00bb carousel_dots_mobile=\u00bbyes\u00bb stage_padding=\u00bb0&#8243; single_back_color=\u00bbcolor-563873&#8243; single_overlay_opacity=\u00bb50&#8243; single_text_visible=\u00bbyes\u00bb single_text_anim=\u00bbno\u00bb single_padding=\u00bb2&#8243; single_title_dimension=\u00bbh4&#8243; single_title_weight=\u00bb600&#8243; single_text_lead=\u00bbsmall\u00bb single_border=\u00bbyes\u00bb uncode_shortcode_id=\u00bb186992&#8243;][\/vc_column][vc_column width=\u00bb2\/12&#8243;][\/vc_column][\/vc_row][vc_row][vc_column width=\u00bb1\/1&#8243;][uncode_block id=\u00bb3542&#8243;][\/vc_column][\/vc_row]<\/p>\n<\/div>","protected":false},"excerpt":{"rendered":"<p>El programa 2025-2026 del Ballet Junior de la \u00d3pera de Par\u00eds incluye obras coreografiadas por George Balanchine, Maurice B\u00e9jart, Annabelle L\u00f3pez Ochoa y Jos\u00e9 Martinez.<\/p>\n","protected":false},"author":9,"featured_media":12156,"parent":6729,"menu_order":0,"comment_status":"closed","ping_status":"closed","template":"","meta":{"footnotes":""},"choregraphe":[],"directeur-artistique":[238],"class_list":["post-10228","page","type-page","status-publish","has-post-thumbnail","hentry","directeur-artistique-jose-martinez","page_category-junior-ballet-de-lopera-de-paris-es"],"yoast_head":"<!-- This site is optimized with the Yoast SEO plugin v27.4 - https:\/\/yoast.com\/product\/yoast-seo-wordpress\/ -->\n<title>Programa 2025-2026 I Junior Ballet de l&#039;Op\u00e9ra national de Paris<\/title>\n<meta name=\"description\" content=\"El programa 2025-2026 del Ballet Junior de la \u00d3pera de Par\u00eds incluye obras coreografiadas por George Balanchine, Maurice B\u00e9jart, Annabelle L\u00f3pez Ochoa y Jos\u00e9 Martinez.\" \/>\n<meta name=\"robots\" content=\"index, follow, max-snippet:-1, max-image-preview:large, max-video-preview:-1\" \/>\n<link rel=\"canonical\" href=\"https:\/\/www.deltadanse.com\/es\/repertorio\/programa-de-gira-junior-ballet-de-lopera-de-paris\/\" \/>\n<meta property=\"og:locale\" content=\"es_ES\" \/>\n<meta property=\"og:type\" content=\"article\" \/>\n<meta property=\"og:title\" content=\"Programa 2025-2026 I Junior Ballet de l&#039;Op\u00e9ra national de Paris\" \/>\n<meta property=\"og:description\" content=\"El programa 2025-2026 del Ballet Junior de la \u00d3pera de Par\u00eds incluye obras coreografiadas por George Balanchine, Maurice B\u00e9jart, Annabelle L\u00f3pez Ochoa y Jos\u00e9 Martinez.\" \/>\n<meta property=\"og:url\" content=\"https:\/\/www.deltadanse.com\/es\/repertorio\/programa-de-gira-junior-ballet-de-lopera-de-paris\/\" \/>\n<meta property=\"og:site_name\" content=\"Delta Danse\" \/>\n<meta property=\"article:modified_time\" content=\"2026-01-27T15:03:24+00:00\" \/>\n<meta property=\"og:image\" content=\"https:\/\/www.deltadanse.com\/wp-content\/uploads\/2025\/07\/Z80_0236_JUNIOR-BALLET-c-Julien-Benhamou-OnP.jpg\" \/>\n\t<meta property=\"og:image:width\" content=\"1890\" \/>\n\t<meta property=\"og:image:height\" content=\"1260\" \/>\n\t<meta property=\"og:image:type\" content=\"image\/jpeg\" \/>\n<meta name=\"twitter:card\" content=\"summary_large_image\" \/>\n<meta name=\"twitter:label1\" content=\"Tiempo de lectura\" \/>\n\t<meta name=\"twitter:data1\" content=\"4 minutos\" \/>\n<script type=\"application\/ld+json\" class=\"yoast-schema-graph\">{\"@context\":\"https:\\\/\\\/schema.org\",\"@graph\":[{\"@type\":\"WebPage\",\"@id\":\"https:\\\/\\\/www.deltadanse.com\\\/es\\\/repertorio\\\/programa-de-gira-junior-ballet-de-lopera-de-paris\\\/\",\"url\":\"https:\\\/\\\/www.deltadanse.com\\\/es\\\/repertorio\\\/programa-de-gira-junior-ballet-de-lopera-de-paris\\\/\",\"name\":\"Programa 2025-2026 I Junior Ballet de l'Op\u00e9ra national de Paris\",\"isPartOf\":{\"@id\":\"https:\\\/\\\/www.deltadanse.com\\\/es\\\/#website\"},\"primaryImageOfPage\":{\"@id\":\"https:\\\/\\\/www.deltadanse.com\\\/es\\\/repertorio\\\/programa-de-gira-junior-ballet-de-lopera-de-paris\\\/#primaryimage\"},\"image\":{\"@id\":\"https:\\\/\\\/www.deltadanse.com\\\/es\\\/repertorio\\\/programa-de-gira-junior-ballet-de-lopera-de-paris\\\/#primaryimage\"},\"thumbnailUrl\":\"https:\\\/\\\/www.deltadanse.com\\\/wp-content\\\/uploads\\\/2025\\\/07\\\/Z80_0236_JUNIOR-BALLET-c-Julien-Benhamou-OnP.jpg\",\"datePublished\":\"2024-10-10T09:10:50+00:00\",\"dateModified\":\"2026-01-27T15:03:24+00:00\",\"description\":\"El programa 2025-2026 del Ballet Junior de la \u00d3pera de Par\u00eds incluye obras coreografiadas por George Balanchine, Maurice B\u00e9jart, Annabelle L\u00f3pez Ochoa y Jos\u00e9 Martinez.\",\"breadcrumb\":{\"@id\":\"https:\\\/\\\/www.deltadanse.com\\\/es\\\/repertorio\\\/programa-de-gira-junior-ballet-de-lopera-de-paris\\\/#breadcrumb\"},\"inLanguage\":\"es\",\"potentialAction\":[{\"@type\":\"ReadAction\",\"target\":[\"https:\\\/\\\/www.deltadanse.com\\\/es\\\/repertorio\\\/programa-de-gira-junior-ballet-de-lopera-de-paris\\\/\"]}]},{\"@type\":\"ImageObject\",\"inLanguage\":\"es\",\"@id\":\"https:\\\/\\\/www.deltadanse.com\\\/es\\\/repertorio\\\/programa-de-gira-junior-ballet-de-lopera-de-paris\\\/#primaryimage\",\"url\":\"https:\\\/\\\/www.deltadanse.com\\\/wp-content\\\/uploads\\\/2025\\\/07\\\/Z80_0236_JUNIOR-BALLET-c-Julien-Benhamou-OnP.jpg\",\"contentUrl\":\"https:\\\/\\\/www.deltadanse.com\\\/wp-content\\\/uploads\\\/2025\\\/07\\\/Z80_0236_JUNIOR-BALLET-c-Julien-Benhamou-OnP.jpg\",\"width\":1890,\"height\":1260},{\"@type\":\"BreadcrumbList\",\"@id\":\"https:\\\/\\\/www.deltadanse.com\\\/es\\\/repertorio\\\/programa-de-gira-junior-ballet-de-lopera-de-paris\\\/#breadcrumb\",\"itemListElement\":[{\"@type\":\"ListItem\",\"position\":1,\"name\":\"Accueil\",\"item\":\"https:\\\/\\\/www.deltadanse.com\\\/es\\\/\"},{\"@type\":\"ListItem\",\"position\":2,\"name\":\"Repertorio\",\"item\":\"https:\\\/\\\/www.deltadanse.com\\\/es\\\/repertorio\\\/\"},{\"@type\":\"ListItem\",\"position\":3,\"name\":\"Programa 2025-2026\"}]},{\"@type\":\"WebSite\",\"@id\":\"https:\\\/\\\/www.deltadanse.com\\\/es\\\/#website\",\"url\":\"https:\\\/\\\/www.deltadanse.com\\\/es\\\/\",\"name\":\"Delta Danse\",\"description\":\"Just another WordPress site\",\"potentialAction\":[{\"@type\":\"SearchAction\",\"target\":{\"@type\":\"EntryPoint\",\"urlTemplate\":\"https:\\\/\\\/www.deltadanse.com\\\/es\\\/?s={search_term_string}\"},\"query-input\":{\"@type\":\"PropertyValueSpecification\",\"valueRequired\":true,\"valueName\":\"search_term_string\"}}],\"inLanguage\":\"es\"}]}<\/script>\n<!-- \/ Yoast SEO plugin. -->","yoast_head_json":{"title":"Programa 2025-2026 I Junior Ballet de l'Op\u00e9ra national de Paris","description":"El programa 2025-2026 del Ballet Junior de la \u00d3pera de Par\u00eds incluye obras coreografiadas por George Balanchine, Maurice B\u00e9jart, Annabelle L\u00f3pez Ochoa y Jos\u00e9 Martinez.","robots":{"index":"index","follow":"follow","max-snippet":"max-snippet:-1","max-image-preview":"max-image-preview:large","max-video-preview":"max-video-preview:-1"},"canonical":"https:\/\/www.deltadanse.com\/es\/repertorio\/programa-de-gira-junior-ballet-de-lopera-de-paris\/","og_locale":"es_ES","og_type":"article","og_title":"Programa 2025-2026 I Junior Ballet de l'Op\u00e9ra national de Paris","og_description":"El programa 2025-2026 del Ballet Junior de la \u00d3pera de Par\u00eds incluye obras coreografiadas por George Balanchine, Maurice B\u00e9jart, Annabelle L\u00f3pez Ochoa y Jos\u00e9 Martinez.","og_url":"https:\/\/www.deltadanse.com\/es\/repertorio\/programa-de-gira-junior-ballet-de-lopera-de-paris\/","og_site_name":"Delta Danse","article_modified_time":"2026-01-27T15:03:24+00:00","og_image":[{"width":1890,"height":1260,"url":"https:\/\/www.deltadanse.com\/wp-content\/uploads\/2025\/07\/Z80_0236_JUNIOR-BALLET-c-Julien-Benhamou-OnP.jpg","type":"image\/jpeg"}],"twitter_card":"summary_large_image","twitter_misc":{"Tiempo de lectura":"4 minutos"},"schema":{"@context":"https:\/\/schema.org","@graph":[{"@type":"WebPage","@id":"https:\/\/www.deltadanse.com\/es\/repertorio\/programa-de-gira-junior-ballet-de-lopera-de-paris\/","url":"https:\/\/www.deltadanse.com\/es\/repertorio\/programa-de-gira-junior-ballet-de-lopera-de-paris\/","name":"Programa 2025-2026 I Junior Ballet de l'Op\u00e9ra national de Paris","isPartOf":{"@id":"https:\/\/www.deltadanse.com\/es\/#website"},"primaryImageOfPage":{"@id":"https:\/\/www.deltadanse.com\/es\/repertorio\/programa-de-gira-junior-ballet-de-lopera-de-paris\/#primaryimage"},"image":{"@id":"https:\/\/www.deltadanse.com\/es\/repertorio\/programa-de-gira-junior-ballet-de-lopera-de-paris\/#primaryimage"},"thumbnailUrl":"https:\/\/www.deltadanse.com\/wp-content\/uploads\/2025\/07\/Z80_0236_JUNIOR-BALLET-c-Julien-Benhamou-OnP.jpg","datePublished":"2024-10-10T09:10:50+00:00","dateModified":"2026-01-27T15:03:24+00:00","description":"El programa 2025-2026 del Ballet Junior de la \u00d3pera de Par\u00eds incluye obras coreografiadas por George Balanchine, Maurice B\u00e9jart, Annabelle L\u00f3pez Ochoa y Jos\u00e9 Martinez.","breadcrumb":{"@id":"https:\/\/www.deltadanse.com\/es\/repertorio\/programa-de-gira-junior-ballet-de-lopera-de-paris\/#breadcrumb"},"inLanguage":"es","potentialAction":[{"@type":"ReadAction","target":["https:\/\/www.deltadanse.com\/es\/repertorio\/programa-de-gira-junior-ballet-de-lopera-de-paris\/"]}]},{"@type":"ImageObject","inLanguage":"es","@id":"https:\/\/www.deltadanse.com\/es\/repertorio\/programa-de-gira-junior-ballet-de-lopera-de-paris\/#primaryimage","url":"https:\/\/www.deltadanse.com\/wp-content\/uploads\/2025\/07\/Z80_0236_JUNIOR-BALLET-c-Julien-Benhamou-OnP.jpg","contentUrl":"https:\/\/www.deltadanse.com\/wp-content\/uploads\/2025\/07\/Z80_0236_JUNIOR-BALLET-c-Julien-Benhamou-OnP.jpg","width":1890,"height":1260},{"@type":"BreadcrumbList","@id":"https:\/\/www.deltadanse.com\/es\/repertorio\/programa-de-gira-junior-ballet-de-lopera-de-paris\/#breadcrumb","itemListElement":[{"@type":"ListItem","position":1,"name":"Accueil","item":"https:\/\/www.deltadanse.com\/es\/"},{"@type":"ListItem","position":2,"name":"Repertorio","item":"https:\/\/www.deltadanse.com\/es\/repertorio\/"},{"@type":"ListItem","position":3,"name":"Programa 2025-2026"}]},{"@type":"WebSite","@id":"https:\/\/www.deltadanse.com\/es\/#website","url":"https:\/\/www.deltadanse.com\/es\/","name":"Delta Danse","description":"Just another WordPress site","potentialAction":[{"@type":"SearchAction","target":{"@type":"EntryPoint","urlTemplate":"https:\/\/www.deltadanse.com\/es\/?s={search_term_string}"},"query-input":{"@type":"PropertyValueSpecification","valueRequired":true,"valueName":"search_term_string"}}],"inLanguage":"es"}]}},"_links":{"self":[{"href":"https:\/\/www.deltadanse.com\/es\/wp-json\/wp\/v2\/pages\/10228","targetHints":{"allow":["GET"]}}],"collection":[{"href":"https:\/\/www.deltadanse.com\/es\/wp-json\/wp\/v2\/pages"}],"about":[{"href":"https:\/\/www.deltadanse.com\/es\/wp-json\/wp\/v2\/types\/page"}],"author":[{"embeddable":true,"href":"https:\/\/www.deltadanse.com\/es\/wp-json\/wp\/v2\/users\/9"}],"replies":[{"embeddable":true,"href":"https:\/\/www.deltadanse.com\/es\/wp-json\/wp\/v2\/comments?post=10228"}],"version-history":[{"count":0,"href":"https:\/\/www.deltadanse.com\/es\/wp-json\/wp\/v2\/pages\/10228\/revisions"}],"up":[{"embeddable":true,"href":"https:\/\/www.deltadanse.com\/es\/wp-json\/wp\/v2\/pages\/6729"}],"wp:featuredmedia":[{"embeddable":true,"href":"https:\/\/www.deltadanse.com\/es\/wp-json\/wp\/v2\/media\/12156"}],"wp:attachment":[{"href":"https:\/\/www.deltadanse.com\/es\/wp-json\/wp\/v2\/media?parent=10228"}],"wp:term":[{"taxonomy":"choregraphe","embeddable":true,"href":"https:\/\/www.deltadanse.com\/es\/wp-json\/wp\/v2\/choregraphe?post=10228"},{"taxonomy":"directeur-artistique","embeddable":true,"href":"https:\/\/www.deltadanse.com\/es\/wp-json\/wp\/v2\/directeur-artistique?post=10228"}],"curies":[{"name":"wp","href":"https:\/\/api.w.org\/{rel}","templated":true}]}}