{"id":10746,"date":"2024-11-08T10:31:48","date_gmt":"2024-11-08T09:31:48","guid":{"rendered":"https:\/\/www.deltadanse.com\/?page_id=10746"},"modified":"2026-04-14T16:40:56","modified_gmt":"2026-04-14T14:40:56","slug":"cancel-bertha","status":"publish","type":"page","link":"https:\/\/www.deltadanse.com\/es\/repertorio\/cancel-bertha\/","title":{"rendered":"CANCEL BERTHA"},"content":{"rendered":"<div class=\"wpb-content-wrapper\"><p>[vc_row unlock_row_content=\u00bbyes\u00bb row_height_percent=\u00bb0&#8243; override_padding=\u00bbyes\u00bb h_padding=\u00bb7&#8243; top_padding=\u00bb2&#8243; bottom_padding=\u00bb2&#8243; overlay_alpha=\u00bb50&#8243; gutter_size=\u00bb3&#8243; column_width_percent=\u00bb100&#8243; shift_y=\u00bb0&#8243; z_index=\u00bb0&#8243; uncode_shortcode_id=\u00bb347231&#8243;][vc_column column_width_percent=\u00bb100&#8243; align_horizontal=\u00bbalign_center\u00bb gutter_size=\u00bb2&#8243; overlay_alpha=\u00bb50&#8243; shift_x=\u00bb0&#8243; shift_y=\u00bb0&#8243; shift_y_down=\u00bb0&#8243; z_index=\u00bb0&#8243; medium_width=\u00bb0&#8243; mobile_width=\u00bb0&#8243; width=\u00bb7\/12&#8243; uncode_shortcode_id=\u00bb850447&#8243;][vc_row_inner row_inner_height_percent=\u00bb0&#8243; overlay_alpha=\u00bb50&#8243; gutter_size=\u00bb3&#8243; shift_y=\u00bb0&#8243; z_index=\u00bb0&#8243; uncode_shortcode_id=\u00bb100565&#8243; limit_content=\u00bb\u00bb][vc_column_inner column_width_percent=\u00bb100&#8243; gutter_size=\u00bb3&#8243; overlay_alpha=\u00bb50&#8243; shift_x=\u00bb0&#8243; shift_y=\u00bb0&#8243; shift_y_down=\u00bb0&#8243; z_index=\u00bb0&#8243; medium_width=\u00bb0&#8243; mobile_width=\u00bb0&#8243; width=\u00bb1\/1&#8243; uncode_shortcode_id=\u00bb109405&#8243;][vc_gallery el_id=\u00bbgallery-191160&#8243; type=\u00bbcarousel\u00bb medias=\u00bb11876,11882,11879,11888,11891,11885,11894,11900,11897&#8243; carousel_lg=\u00bb1&#8243; carousel_md=\u00bb1&#8243; carousel_sm=\u00bb1&#8243; thumb_size=\u00bbthree-two\u00bb gutter_size=\u00bb3&#8243; media_items=\u00bbmedia|nolink|original,icon\u00bb carousel_interval=\u00bb3000&#8243; carousel_navspeed=\u00bb400&#8243; stage_padding=\u00bb0&#8243; single_overlay_opacity=\u00bb50&#8243; single_padding=\u00bb2&#8243; uncode_shortcode_id=\u00bb123324&#8243; el_class=\u00bbcarrousel-compagnie\u00bb][vc_empty_space empty_h=\u00bb2&#8243; medium_visibility=\u00bbyes\u00bb mobile_visibility=\u00bbyes\u00bb][\/vc_column_inner][\/vc_row_inner][vc_row_inner limit_content=\u00bb\u00bb][vc_column_inner width=\u00bb1\/6&#8243;][\/vc_column_inner][vc_column_inner column_width_percent=\u00bb100&#8243; gutter_size=\u00bb2&#8243; overlay_alpha=\u00bb50&#8243; shift_x=\u00bb0&#8243; shift_y=\u00bb0&#8243; shift_y_down=\u00bb0&#8243; z_index=\u00bb0&#8243; medium_width=\u00bb0&#8243; mobile_width=\u00bb0&#8243; width=\u00bb2\/3&#8243; uncode_shortcode_id=\u00bb107128&#8243;][calendar_season style=\u00bbrepertoire\u00bb repertoire=\u00bb9340&#8243;][\/vc_column_inner][vc_column_inner width=\u00bb1\/6&#8243;][\/vc_column_inner][\/vc_row_inner][\/vc_column][vc_column column_width_percent=\u00bb100&#8243; gutter_size=\u00bb2&#8243; override_padding=\u00bbyes\u00bb column_padding=\u00bb3&#8243; overlay_alpha=\u00bb50&#8243; shift_x=\u00bb0&#8243; shift_y=\u00bb0&#8243; shift_y_down=\u00bb0&#8243; z_index=\u00bb0&#8243; medium_width=\u00bb0&#8243; mobile_width=\u00bb0&#8243; width=\u00bb5\/12&#8243; uncode_shortcode_id=\u00bb121856&#8243; el_class=\u00bbcontenu-compagnie\u00bb][vc_row_inner limit_content=\u00bb\u00bb][vc_column_inner column_width_percent=\u00bb100&#8243; gutter_size=\u00bb2&#8243; overlay_alpha=\u00bb50&#8243; shift_x=\u00bb0&#8243; shift_y=\u00bb0&#8243; shift_y_down=\u00bb0&#8243; z_index=\u00bb0&#8243; medium_width=\u00bb0&#8243; mobile_width=\u00bb0&#8243; width=\u00bb1\/1&#8243; uncode_shortcode_id=\u00bb727088&#8243;][vc_custom_heading text_color=\u00bbaccent\u00bb heading_semantic=\u00bbh1&#8243; uncode_shortcode_id=\u00bb283537&#8243; text_color_type=\u00bbuncode-palette\u00bb]CANCEL BERTHA[\/vc_custom_heading][vc_custom_heading text_size=\u00bbh4&#8243; text_weight=\u00bb600&#8243; uncode_shortcode_id=\u00bb375675&#8243;]<a href=\"https:\/\/www.deltadanse.com\/es\/companias-delta-danse\/carte-blanche\/\">Carte Blanche<\/a>[\/vc_custom_heading][vc_column_text uncode_shortcode_id=\u00bb135184&#8243;]<span style=\"font-family: -apple-system, BlinkMacSystemFont, 'Segoe UI', Roboto, Oxygen-Sans, Ubuntu, Cantarell, 'Helvetica Neue', sans-serif;\">Coreograf\u00eda <strong>Jan Martens<\/strong><br \/>\nEscenograf\u00eda <strong>Joris van Oosterwijk<\/strong><br \/>\nDise\u00f1o de iluminaci\u00f3n <strong>Elke Verachtet<\/strong><br \/>\nAsistente de coreograf\u00eda <strong>Naomi Gibson<\/strong><br \/>\nDise\u00f1o de vestuario <strong>Indrani Balgobin<\/strong><br \/>\nCollage <strong>Luke Drozd<\/strong><\/span><\/p>\n<p><span style=\"font-family: -apple-system, BlinkMacSystemFont, 'Segoe UI', Roboto, Oxygen-Sans, Ubuntu, Cantarell, 'Helvetica Neue', sans-serif;\">Creado en 2025 &#8211; Duraci\u00f3n 60min<br \/>\nPieza para 14 bailarines<\/span><\/p>\n<p><span style=\"font-family: -apple-system, BlinkMacSystemFont, 'Segoe UI', Roboto, Oxygen-Sans, Ubuntu, Cantarell, 'Helvetica Neue', sans-serif;\">Coproducci\u00f3n <\/span><strong style=\"font-family: -apple-system, BlinkMacSystemFont, 'Segoe UI', Roboto, Oxygen-Sans, Ubuntu, Cantarell, 'Helvetica Neue', sans-serif;\">Festival Internacional de Bergen<\/strong>[\/vc_column_text][\/vc_column_inner][\/vc_row_inner][vc_empty_space empty_h=\u00bb2&#8243;][vc_column_text uncode_shortcode_id=\u00bb132100&#8243; el_class=\u00bblineHeight\u00bb]<\/p>\n<div style=\"padding: 56.25% 0 0 0; position: relative;\"><iframe style=\"position: absolute; top: 0; left: 0; width: 100%; height: 100%;\" title=\"Carte Blanche - Cancel Bertha\" src=\"https:\/\/player.vimeo.com\/video\/1087060994?badge=0&amp;autopause=0&amp;player_id=0&amp;app_id=58479\" frameborder=\"0\" allowfullscreen=\"allowfullscreen\"><br \/>\n<\/iframe><\/div>\n<p><script src=\"https:\/\/player.vimeo.com\/api\/player.js\"><\/script>[\/vc_column_text][vc_empty_space empty_h=\u00bb2&#8243;][vc_column_text uncode_shortcode_id=\u00bb953711&#8243; el_class=\u00bblineHeight\u00bb]<\/p>\n<p class=\"p1\">En el marco de esta colaboraci\u00f3n con Carte Blanche, el core\u00f3grafo belga Jan Martens busca aprovechar el ADN de los catorce bailarines trabajando en su potencial humor\u00edstico para crear una obra abstracta, r\u00edtmica y absurda, basada en el movimiento.<\/p>\n<p class=\"p1\">Los sonidos generados por los movimientos de los bailarines se convierten en una parte integral de la m\u00fasica.<\/p>\n<p class=\"p1\">Inspirada en las polirritmias, las matem\u00e1ticas y la m\u00fasica experimental, CANCEL BERTHA (un anagrama de \u00abCarte Blanche\u00bb) es un encuentro innovador entre el sonido, el cuerpo y el espacio.<\/p>\n<p class=\"p1\">La escenograf\u00eda \u2014 un suelo pintado, inspirado en las partituras musicales \u2014 presenta l\u00edneas y puntos en tonos pastel que gu\u00edan el recorrido de los bailarines, transformando el suelo en una obra de arte y en un mapa visual.<\/p>\n<p>[\/vc_column_text][vc_empty_space empty_h=\u00bb2&#8243;][vc_custom_heading text_color=\u00bbaccent\u00bb heading_semantic=\u00bbh3&#8243; uncode_shortcode_id=\u00bb212665&#8243; text_color_type=\u00bbuncode-palette\u00bb]Lo que dice la prensa[\/vc_custom_heading][vc_column_text uncode_shortcode_id=\u00bb163047&#8243;]<\/p>\n<p data-start=\"0\" data-end=\"532\">\u00ab La presentaci\u00f3n de una nueva obra por parte de Carte Blanche constituye inevitablemente uno de los momentos m\u00e1s destacados del Festival Internacional de Bergen. Este a\u00f1o, la compa\u00f1\u00eda nacional noruega de danza contempor\u00e1nea ha invitado al muy solicitado core\u00f3grafo belga Jan Martens a trabajar con ella. <em data-start=\"305\" data-end=\"320\">Cancel Bertha<\/em> se distingue por la casi total ausencia de acompa\u00f1amiento musical. Pero esto no significa en absoluto silencio: la pieza sigue siendo rica en sonidos y ritmos, y rebosa de vida. \u00bb<\/p>\n<p style=\"text-align: right;\" data-start=\"0\" data-end=\"532\"><strong>David Mead, <em>Seeingdance.com<\/em><\/strong><\/p>\n<p>[\/vc_column_text][vc_column_text uncode_shortcode_id=\u00bb187524&#8243;]<\/p>\n<p data-start=\"534\" data-end=\"937\" data-is-last-node=\"\" data-is-only-node=\"\">\u00ab No hubo un momento excepcional que sobresaliera, sino una calidad constante a lo largo de todo el programa. Sin embargo, viv\u00ed una experiencia memorable al descubrir <em data-start=\"701\" data-end=\"716\">Cancel Bertha<\/em> con Carte Blanche. Los int\u00e9rpretes creaban m\u00fasica con todo su cuerpo, y aquello se convert\u00eda en una verdadera experiencia sensorial. \u00bb<\/p>\n<p style=\"text-align: right;\" data-start=\"534\" data-end=\"937\" data-is-last-node=\"\" data-is-only-node=\"\"><strong>Keld Hyldig, <em>cr\u00edtico y profesor em\u00e9rito de estudios teatrales, en Bergens Tidende<\/em><\/strong><\/p>\n<p>[\/vc_column_text][vc_empty_space empty_h=\u00bb2&#8243;][\/vc_column][\/vc_row][vc_row row_height_percent=\u00bb0&#8243; overlay_alpha=\u00bb50&#8243; gutter_size=\u00bb3&#8243; column_width_percent=\u00bb100&#8243; shift_y=\u00bb0&#8243; z_index=\u00bb0&#8243; uncode_shortcode_id=\u00bb607236&#8243;][vc_column width=\u00bb2\/12&#8243;][\/vc_column][vc_column column_width_percent=\u00bb100&#8243; align_horizontal=\u00bbalign_center\u00bb gutter_size=\u00bb3&#8243; overlay_alpha=\u00bb50&#8243; shift_x=\u00bb0&#8243; shift_y=\u00bb0&#8243; shift_y_down=\u00bb0&#8243; z_index=\u00bb0&#8243; medium_width=\u00bb0&#8243; mobile_width=\u00bb0&#8243; width=\u00bb2\/3&#8243; uncode_shortcode_id=\u00bb853687&#8243;][vc_custom_heading text_color=\u00bbcolor-190155&#8243; uncode_shortcode_id=\u00bb529001&#8243; text_color_type=\u00bbuncode-palette\u00bb]En el repertorio[\/vc_custom_heading][uncode_index el_id=\u00bbindex-537495863&#8243; index_type=\u00bbcarousel\u00bb loop=\u00bbsize:3|order_by:date|post_type:page|tax_query:13|taxonomy_count:10&#8243; carousel_lg=\u00bb2&#8243; carousel_md=\u00bb2&#8243; carousel_sm=\u00bb1&#8243; thumb_size=\u00bbthree-two\u00bb gutter_size=\u00bb3&#8243; post_items=\u00bbmedia|featured|onpost|poster,date,title,text|excerpt|90,category|bordered|topright|hide-icon,sep-one|full,extra\u00bb page_items=\u00bbmedia|featured|onpost|original,title,text|excerpt,link|link|small_size|D\u00e9couvrir\u00bb carousel_interval=\u00bb3000&#8243; carousel_navspeed=\u00bb400&#8243; carousel_dots=\u00bbyes\u00bb carousel_dots_space=\u00bbyes\u00bb carousel_dots_mobile=\u00bbyes\u00bb stage_padding=\u00bb0&#8243; single_back_color=\u00bbcolor-563873&#8243; single_overlay_opacity=\u00bb50&#8243; single_text_visible=\u00bbyes\u00bb single_text_anim=\u00bbno\u00bb single_padding=\u00bb2&#8243; single_title_dimension=\u00bbh4&#8243; single_title_weight=\u00bb600&#8243; single_text_lead=\u00bbsmall\u00bb single_border=\u00bbyes\u00bb uncode_shortcode_id=\u00bb759114&#8243;][\/vc_column][vc_column width=\u00bb2\/12&#8243;][\/vc_column][\/vc_row][vc_row][vc_column width=\u00bb1\/1&#8243;][uncode_block id=\u00bb3542&#8243;][\/vc_column][\/vc_row]<\/p>\n<\/div>","protected":false},"excerpt":{"rendered":"<p>Inspirada en las polirritmias y la m\u00fasica experimental, CANCEL BERTHA es un encuentro innovador entre el sonido, el cuerpo y el espacio.<\/p>\n","protected":false},"author":9,"featured_media":11891,"parent":6729,"menu_order":0,"comment_status":"closed","ping_status":"closed","template":"","meta":{"footnotes":""},"choregraphe":[252],"directeur-artistique":[171],"class_list":["post-10746","page","type-page","status-publish","has-post-thumbnail","hentry","choregraphe-jan-martens","directeur-artistique-annabelle-bonnery","page_category-carte-blanche-es"],"yoast_head":"<!-- This site is optimized with the Yoast SEO plugin v27.4 - https:\/\/yoast.com\/product\/yoast-seo-wordpress\/ -->\n<title>CANCEL BERTHA | Carte Blanche<\/title>\n<meta name=\"description\" content=\"Inspirada en las polirritmias y la m\u00fasica experimental, CANCEL BERTHA es un encuentro innovador entre el sonido, el cuerpo y el espacio.\" \/>\n<meta name=\"robots\" content=\"index, follow, max-snippet:-1, max-image-preview:large, max-video-preview:-1\" \/>\n<link rel=\"canonical\" href=\"https:\/\/www.deltadanse.com\/es\/repertorio\/cancel-bertha\/\" \/>\n<meta property=\"og:locale\" content=\"es_ES\" \/>\n<meta property=\"og:type\" content=\"article\" \/>\n<meta property=\"og:title\" content=\"CANCEL BERTHA | Carte Blanche\" \/>\n<meta property=\"og:description\" content=\"Inspirada en las polirritmias y la m\u00fasica experimental, CANCEL BERTHA es un encuentro innovador entre el sonido, el cuerpo y el espacio.\" \/>\n<meta property=\"og:url\" content=\"https:\/\/www.deltadanse.com\/es\/repertorio\/cancel-bertha\/\" \/>\n<meta property=\"og:site_name\" content=\"Delta Danse\" \/>\n<meta property=\"article:modified_time\" content=\"2026-04-14T14:40:56+00:00\" \/>\n<meta property=\"og:image\" content=\"https:\/\/www.deltadanse.com\/wp-content\/uploads\/2025\/07\/CB_Cancel_Bertha_2025_Haara_187A5797-scaled.jpg\" \/>\n\t<meta property=\"og:image:width\" content=\"2560\" \/>\n\t<meta property=\"og:image:height\" content=\"1708\" \/>\n\t<meta property=\"og:image:type\" content=\"image\/jpeg\" \/>\n<meta name=\"twitter:card\" content=\"summary_large_image\" \/>\n<meta name=\"twitter:label1\" content=\"Tiempo de lectura\" \/>\n\t<meta name=\"twitter:data1\" content=\"3 minutos\" \/>\n<script type=\"application\/ld+json\" class=\"yoast-schema-graph\">{\"@context\":\"https:\\\/\\\/schema.org\",\"@graph\":[{\"@type\":\"WebPage\",\"@id\":\"https:\\\/\\\/www.deltadanse.com\\\/es\\\/repertorio\\\/cancel-bertha\\\/\",\"url\":\"https:\\\/\\\/www.deltadanse.com\\\/es\\\/repertorio\\\/cancel-bertha\\\/\",\"name\":\"CANCEL BERTHA | Carte Blanche\",\"isPartOf\":{\"@id\":\"https:\\\/\\\/www.deltadanse.com\\\/es\\\/#website\"},\"primaryImageOfPage\":{\"@id\":\"https:\\\/\\\/www.deltadanse.com\\\/es\\\/repertorio\\\/cancel-bertha\\\/#primaryimage\"},\"image\":{\"@id\":\"https:\\\/\\\/www.deltadanse.com\\\/es\\\/repertorio\\\/cancel-bertha\\\/#primaryimage\"},\"thumbnailUrl\":\"https:\\\/\\\/www.deltadanse.com\\\/wp-content\\\/uploads\\\/2025\\\/07\\\/CB_Cancel_Bertha_2025_Haara_187A5797-scaled.jpg\",\"datePublished\":\"2024-11-08T09:31:48+00:00\",\"dateModified\":\"2026-04-14T14:40:56+00:00\",\"description\":\"Inspirada en las polirritmias y la m\u00fasica experimental, CANCEL BERTHA es un encuentro innovador entre el sonido, el cuerpo y el espacio.\",\"breadcrumb\":{\"@id\":\"https:\\\/\\\/www.deltadanse.com\\\/es\\\/repertorio\\\/cancel-bertha\\\/#breadcrumb\"},\"inLanguage\":\"es\",\"potentialAction\":[{\"@type\":\"ReadAction\",\"target\":[\"https:\\\/\\\/www.deltadanse.com\\\/es\\\/repertorio\\\/cancel-bertha\\\/\"]}]},{\"@type\":\"ImageObject\",\"inLanguage\":\"es\",\"@id\":\"https:\\\/\\\/www.deltadanse.com\\\/es\\\/repertorio\\\/cancel-bertha\\\/#primaryimage\",\"url\":\"https:\\\/\\\/www.deltadanse.com\\\/wp-content\\\/uploads\\\/2025\\\/07\\\/CB_Cancel_Bertha_2025_Haara_187A5797-scaled.jpg\",\"contentUrl\":\"https:\\\/\\\/www.deltadanse.com\\\/wp-content\\\/uploads\\\/2025\\\/07\\\/CB_Cancel_Bertha_2025_Haara_187A5797-scaled.jpg\",\"width\":2560,\"height\":1708},{\"@type\":\"BreadcrumbList\",\"@id\":\"https:\\\/\\\/www.deltadanse.com\\\/es\\\/repertorio\\\/cancel-bertha\\\/#breadcrumb\",\"itemListElement\":[{\"@type\":\"ListItem\",\"position\":1,\"name\":\"Accueil\",\"item\":\"https:\\\/\\\/www.deltadanse.com\\\/es\\\/\"},{\"@type\":\"ListItem\",\"position\":2,\"name\":\"Repertorio\",\"item\":\"https:\\\/\\\/www.deltadanse.com\\\/es\\\/repertorio\\\/\"},{\"@type\":\"ListItem\",\"position\":3,\"name\":\"CANCEL BERTHA\"}]},{\"@type\":\"WebSite\",\"@id\":\"https:\\\/\\\/www.deltadanse.com\\\/es\\\/#website\",\"url\":\"https:\\\/\\\/www.deltadanse.com\\\/es\\\/\",\"name\":\"Delta Danse\",\"description\":\"Just another WordPress site\",\"potentialAction\":[{\"@type\":\"SearchAction\",\"target\":{\"@type\":\"EntryPoint\",\"urlTemplate\":\"https:\\\/\\\/www.deltadanse.com\\\/es\\\/?s={search_term_string}\"},\"query-input\":{\"@type\":\"PropertyValueSpecification\",\"valueRequired\":true,\"valueName\":\"search_term_string\"}}],\"inLanguage\":\"es\"}]}<\/script>\n<!-- \/ Yoast SEO plugin. -->","yoast_head_json":{"title":"CANCEL BERTHA | Carte Blanche","description":"Inspirada en las polirritmias y la m\u00fasica experimental, CANCEL BERTHA es un encuentro innovador entre el sonido, el cuerpo y el espacio.","robots":{"index":"index","follow":"follow","max-snippet":"max-snippet:-1","max-image-preview":"max-image-preview:large","max-video-preview":"max-video-preview:-1"},"canonical":"https:\/\/www.deltadanse.com\/es\/repertorio\/cancel-bertha\/","og_locale":"es_ES","og_type":"article","og_title":"CANCEL BERTHA | Carte Blanche","og_description":"Inspirada en las polirritmias y la m\u00fasica experimental, CANCEL BERTHA es un encuentro innovador entre el sonido, el cuerpo y el espacio.","og_url":"https:\/\/www.deltadanse.com\/es\/repertorio\/cancel-bertha\/","og_site_name":"Delta Danse","article_modified_time":"2026-04-14T14:40:56+00:00","og_image":[{"width":2560,"height":1708,"url":"https:\/\/www.deltadanse.com\/wp-content\/uploads\/2025\/07\/CB_Cancel_Bertha_2025_Haara_187A5797-scaled.jpg","type":"image\/jpeg"}],"twitter_card":"summary_large_image","twitter_misc":{"Tiempo de lectura":"3 minutos"},"schema":{"@context":"https:\/\/schema.org","@graph":[{"@type":"WebPage","@id":"https:\/\/www.deltadanse.com\/es\/repertorio\/cancel-bertha\/","url":"https:\/\/www.deltadanse.com\/es\/repertorio\/cancel-bertha\/","name":"CANCEL BERTHA | Carte Blanche","isPartOf":{"@id":"https:\/\/www.deltadanse.com\/es\/#website"},"primaryImageOfPage":{"@id":"https:\/\/www.deltadanse.com\/es\/repertorio\/cancel-bertha\/#primaryimage"},"image":{"@id":"https:\/\/www.deltadanse.com\/es\/repertorio\/cancel-bertha\/#primaryimage"},"thumbnailUrl":"https:\/\/www.deltadanse.com\/wp-content\/uploads\/2025\/07\/CB_Cancel_Bertha_2025_Haara_187A5797-scaled.jpg","datePublished":"2024-11-08T09:31:48+00:00","dateModified":"2026-04-14T14:40:56+00:00","description":"Inspirada en las polirritmias y la m\u00fasica experimental, CANCEL BERTHA es un encuentro innovador entre el sonido, el cuerpo y el espacio.","breadcrumb":{"@id":"https:\/\/www.deltadanse.com\/es\/repertorio\/cancel-bertha\/#breadcrumb"},"inLanguage":"es","potentialAction":[{"@type":"ReadAction","target":["https:\/\/www.deltadanse.com\/es\/repertorio\/cancel-bertha\/"]}]},{"@type":"ImageObject","inLanguage":"es","@id":"https:\/\/www.deltadanse.com\/es\/repertorio\/cancel-bertha\/#primaryimage","url":"https:\/\/www.deltadanse.com\/wp-content\/uploads\/2025\/07\/CB_Cancel_Bertha_2025_Haara_187A5797-scaled.jpg","contentUrl":"https:\/\/www.deltadanse.com\/wp-content\/uploads\/2025\/07\/CB_Cancel_Bertha_2025_Haara_187A5797-scaled.jpg","width":2560,"height":1708},{"@type":"BreadcrumbList","@id":"https:\/\/www.deltadanse.com\/es\/repertorio\/cancel-bertha\/#breadcrumb","itemListElement":[{"@type":"ListItem","position":1,"name":"Accueil","item":"https:\/\/www.deltadanse.com\/es\/"},{"@type":"ListItem","position":2,"name":"Repertorio","item":"https:\/\/www.deltadanse.com\/es\/repertorio\/"},{"@type":"ListItem","position":3,"name":"CANCEL BERTHA"}]},{"@type":"WebSite","@id":"https:\/\/www.deltadanse.com\/es\/#website","url":"https:\/\/www.deltadanse.com\/es\/","name":"Delta Danse","description":"Just another WordPress site","potentialAction":[{"@type":"SearchAction","target":{"@type":"EntryPoint","urlTemplate":"https:\/\/www.deltadanse.com\/es\/?s={search_term_string}"},"query-input":{"@type":"PropertyValueSpecification","valueRequired":true,"valueName":"search_term_string"}}],"inLanguage":"es"}]}},"_links":{"self":[{"href":"https:\/\/www.deltadanse.com\/es\/wp-json\/wp\/v2\/pages\/10746","targetHints":{"allow":["GET"]}}],"collection":[{"href":"https:\/\/www.deltadanse.com\/es\/wp-json\/wp\/v2\/pages"}],"about":[{"href":"https:\/\/www.deltadanse.com\/es\/wp-json\/wp\/v2\/types\/page"}],"author":[{"embeddable":true,"href":"https:\/\/www.deltadanse.com\/es\/wp-json\/wp\/v2\/users\/9"}],"replies":[{"embeddable":true,"href":"https:\/\/www.deltadanse.com\/es\/wp-json\/wp\/v2\/comments?post=10746"}],"version-history":[{"count":1,"href":"https:\/\/www.deltadanse.com\/es\/wp-json\/wp\/v2\/pages\/10746\/revisions"}],"predecessor-version":[{"id":13110,"href":"https:\/\/www.deltadanse.com\/es\/wp-json\/wp\/v2\/pages\/10746\/revisions\/13110"}],"up":[{"embeddable":true,"href":"https:\/\/www.deltadanse.com\/es\/wp-json\/wp\/v2\/pages\/6729"}],"wp:featuredmedia":[{"embeddable":true,"href":"https:\/\/www.deltadanse.com\/es\/wp-json\/wp\/v2\/media\/11891"}],"wp:attachment":[{"href":"https:\/\/www.deltadanse.com\/es\/wp-json\/wp\/v2\/media?parent=10746"}],"wp:term":[{"taxonomy":"choregraphe","embeddable":true,"href":"https:\/\/www.deltadanse.com\/es\/wp-json\/wp\/v2\/choregraphe?post=10746"},{"taxonomy":"directeur-artistique","embeddable":true,"href":"https:\/\/www.deltadanse.com\/es\/wp-json\/wp\/v2\/directeur-artistique?post=10746"}],"curies":[{"name":"wp","href":"https:\/\/api.w.org\/{rel}","templated":true}]}}