{"id":10821,"date":"2024-11-08T16:57:44","date_gmt":"2024-11-08T15:57:44","guid":{"rendered":"https:\/\/www.deltadanse.com\/?page_id=10821"},"modified":"2024-11-08T17:08:39","modified_gmt":"2024-11-08T16:08:39","slug":"drip-tekhne","status":"publish","type":"page","link":"https:\/\/www.deltadanse.com\/es\/repertorio\/drip-tekhne\/","title":{"rendered":"Drip Tekhne"},"content":{"rendered":"<div class=\"wpb-content-wrapper\"><p>[vc_row unlock_row_content=\u00bbyes\u00bb row_height_percent=\u00bb0&#8243; override_padding=\u00bbyes\u00bb h_padding=\u00bb7&#8243; top_padding=\u00bb2&#8243; bottom_padding=\u00bb2&#8243; overlay_alpha=\u00bb50&#8243; gutter_size=\u00bb3&#8243; column_width_percent=\u00bb100&#8243; shift_y=\u00bb0&#8243; z_index=\u00bb0&#8243; uncode_shortcode_id=\u00bb347231&#8243;][vc_column column_width_percent=\u00bb100&#8243; align_horizontal=\u00bbalign_center\u00bb gutter_size=\u00bb2&#8243; overlay_alpha=\u00bb50&#8243; shift_x=\u00bb0&#8243; shift_y=\u00bb0&#8243; shift_y_down=\u00bb0&#8243; z_index=\u00bb0&#8243; medium_width=\u00bb0&#8243; mobile_width=\u00bb0&#8243; width=\u00bb7\/12&#8243; uncode_shortcode_id=\u00bb850447&#8243;][vc_row_inner row_inner_height_percent=\u00bb0&#8243; overlay_alpha=\u00bb50&#8243; gutter_size=\u00bb3&#8243; shift_y=\u00bb0&#8243; z_index=\u00bb0&#8243; uncode_shortcode_id=\u00bb100565&#8243; limit_content=\u00bb\u00bb][vc_column_inner column_width_percent=\u00bb100&#8243; gutter_size=\u00bb3&#8243; overlay_alpha=\u00bb50&#8243; shift_x=\u00bb0&#8243; shift_y=\u00bb0&#8243; shift_y_down=\u00bb0&#8243; z_index=\u00bb0&#8243; medium_width=\u00bb0&#8243; mobile_width=\u00bb0&#8243; width=\u00bb1\/1&#8243; uncode_shortcode_id=\u00bb109405&#8243;][vc_gallery el_id=\u00bbgallery-191160&#8243; type=\u00bbcarousel\u00bb medias=\u00bb10825,10837,10828,10834&#8243; carousel_lg=\u00bb1&#8243; carousel_md=\u00bb1&#8243; carousel_sm=\u00bb1&#8243; thumb_size=\u00bbthree-two\u00bb gutter_size=\u00bb3&#8243; media_items=\u00bbmedia|nolink|original,icon\u00bb carousel_interval=\u00bb3000&#8243; carousel_navspeed=\u00bb400&#8243; stage_padding=\u00bb0&#8243; single_overlay_opacity=\u00bb50&#8243; single_padding=\u00bb2&#8243; uncode_shortcode_id=\u00bb993313&#8243; el_class=\u00bbcarrousel-compagnie\u00bb][vc_empty_space empty_h=\u00bb2&#8243; medium_visibility=\u00bbyes\u00bb mobile_visibility=\u00bbyes\u00bb][\/vc_column_inner][\/vc_row_inner][vc_row_inner limit_content=\u00bb\u00bb][vc_column_inner width=\u00bb1\/6&#8243;][\/vc_column_inner][vc_column_inner column_width_percent=\u00bb100&#8243; gutter_size=\u00bb2&#8243; overlay_alpha=\u00bb50&#8243; shift_x=\u00bb0&#8243; shift_y=\u00bb0&#8243; shift_y_down=\u00bb0&#8243; z_index=\u00bb0&#8243; medium_width=\u00bb0&#8243; mobile_width=\u00bb0&#8243; width=\u00bb2\/3&#8243; uncode_shortcode_id=\u00bb173854&#8243;][calendar_season style=\u00bbrepertoire\u00bb repertoire=\u00bb10419&#8243;][\/vc_column_inner][vc_column_inner width=\u00bb1\/6&#8243;][\/vc_column_inner][\/vc_row_inner][\/vc_column][vc_column column_width_percent=\u00bb100&#8243; gutter_size=\u00bb2&#8243; override_padding=\u00bbyes\u00bb column_padding=\u00bb3&#8243; overlay_alpha=\u00bb50&#8243; shift_x=\u00bb0&#8243; shift_y=\u00bb0&#8243; shift_y_down=\u00bb0&#8243; z_index=\u00bb0&#8243; medium_width=\u00bb0&#8243; mobile_width=\u00bb0&#8243; width=\u00bb5\/12&#8243; uncode_shortcode_id=\u00bb172957&#8243; el_class=\u00bbcontenu-compagnie\u00bb][vc_row_inner limit_content=\u00bb\u00bb][vc_column_inner column_width_percent=\u00bb100&#8243; gutter_size=\u00bb2&#8243; overlay_alpha=\u00bb50&#8243; shift_x=\u00bb0&#8243; shift_y=\u00bb0&#8243; shift_y_down=\u00bb0&#8243; z_index=\u00bb0&#8243; medium_width=\u00bb0&#8243; mobile_width=\u00bb0&#8243; width=\u00bb1\/1&#8243; uncode_shortcode_id=\u00bb727088&#8243;][vc_custom_heading text_color=\u00bbaccent\u00bb heading_semantic=\u00bbh1&#8243; text_size=\u00bbfontsize-127449&#8243; uncode_shortcode_id=\u00bb533990&#8243; text_color_type=\u00bbuncode-palette\u00bb]Drip Tekhne[\/vc_custom_heading][vc_custom_heading text_size=\u00bbh4&#8243; text_weight=\u00bb600&#8243; uncode_shortcode_id=\u00bb588905&#8243;]<a href=\"https:\/\/www.deltadanse.com\/es\/companias-delta-danse\/danish-dance-theatre\/\">Danish Dance Theatre<\/a>[\/vc_custom_heading][vc_column_text uncode_shortcode_id=\u00bb552800&#8243;]<\/p>\n<p class=\"p1\">Coreograf\u00eda <b>Adam Linder<br \/>\n<\/b>Escenograf\u00eda <b>Deniz Celtek<br \/>\n<\/b>Dise\u00f1o de iluminaci\u00f3n <b>Shahryar Nashat<br \/>\n<\/b>Composici\u00f3n y producci\u00f3n musical <b>Erwan Sene<br \/>\n<\/b>Dise\u00f1o de vestuario <b>Adam Linder<br \/>\n<\/b>Vestuario <b>Maria Ipsen<br \/>\n<\/b>Asesor art\u00edstico <b>Thiago Granato<\/b><\/p>\n<p class=\"p1\">Creada en octubre de 2024 &#8211; Duraci\u00f3n 70min<\/p>\n<p>[\/vc_column_text][vc_empty_space empty_h=\u00bb2&#8243;][vc_column_text uncode_shortcode_id=\u00bb654627&#8243;]<\/p>\n<div style=\"padding: 56.25% 0 0 0; position: relative;\"><iframe style=\"position: absolute; top: 0; left: 0; width: 100%; height: 100%;\" title=\"DRIP TEKHNE trailer\" src=\"https:\/\/player.vimeo.com\/video\/1022875051?badge=0&amp;autopause=0&amp;player_id=0&amp;app_id=58479\" frameborder=\"0\"><\/iframe><\/div>\n<p><script src=\"https:\/\/player.vimeo.com\/api\/player.js\"><\/script>[\/vc_column_text][vc_empty_space empty_h=\u00bb2&#8243;][\/vc_column_inner][\/vc_row_inner][vc_column_text uncode_shortcode_id=\u00bb171655&#8243; el_class=\u00bblineHeight\u00bb]<\/p>\n<p class=\"p1\"><i>DRIP TEKHNE<\/i> se divide en cuatro partes, comenzando con la creaci\u00f3n de la materia y la aparici\u00f3n de criaturas simples, cercanas a los animales. Estas criaturas evolucionan luego en formas mitad mec\u00e1nicas, mitad vivientes, para finalmente transformarse en seres humanos conscientes de s\u00ed mismos y sociales. La obra explora el impacto de la naturaleza y la tecnolog\u00eda en la evoluci\u00f3n de los cuerpos y cuestiona c\u00f3mo nuestra fisicalidad se moldea en un mundo cada vez m\u00e1s digital.  <\/p>\n<p class=\"p1\">Adam Linder es reconocido por su enfoque innovador e interdisciplinario de la danza y las artes esc\u00e9nicas. Ha ganado notoriedad gracias a su trabajo coreogr\u00e1fico, colaborando con diversos artistas e instituciones, como el MoMA en Nueva York. Sus obras adoptan un enfoque \u00fanico del cuerpo y el ritmo, combinando lo org\u00e1nico, lo industrial, lo cl\u00e1sico y lo urbano.  <\/p>\n<p>[\/vc_column_text][vc_empty_space][vc_custom_heading text_color=\u00bbaccent\u00bb text_size=\u00bbh3&#8243; uncode_shortcode_id=\u00bb638636&#8243; text_color_type=\u00bbuncode-palette\u00bb]Lo que dice la prensa[\/vc_custom_heading][vc_column_text uncode_shortcode_id=\u00bb189928&#8243; el_class=\u00bblineHeight\u00bb]<\/p>\n<p class=\"p1\"><i>\u00ab Drip Tekhne <\/i>es a la vez atemporal y futurista. Es moda urbana ultra-cool, pero tambi\u00e9n, a veces, una representaci\u00f3n aterradora de un mundo pulido, sin emoci\u00f3n y deshumanizado. \u00bb<\/p>\n<p class=\"p2\" style=\"text-align: right;\"><b><i>Iscene<\/i><\/b><\/p>\n<p class=\"p1\">\u00ab La odisea org\u00e1nica de Adam Linder sorprende por su ritmo que comenta la evoluci\u00f3n. <i>DRIP TEKHNE <\/i>mantiene a su p\u00fablico en suspense y lo lleva en un viaje vertiginoso, desde la nada hasta todo lo que conocemos.\u00bb<\/p>\n<p class=\"p3\" style=\"text-align: right;\"><b><i>Sceneblog<\/i><\/b><\/p>\n<p>[\/vc_column_text][\/vc_column][\/vc_row][vc_row row_height_percent=\u00bb0&#8243; overlay_alpha=\u00bb50&#8243; gutter_size=\u00bb3&#8243; column_width_percent=\u00bb100&#8243; shift_y=\u00bb0&#8243; z_index=\u00bb0&#8243; uncode_shortcode_id=\u00bb607236&#8243;][vc_column width=\u00bb2\/12&#8243;][\/vc_column][vc_column column_width_percent=\u00bb100&#8243; align_horizontal=\u00bbalign_center\u00bb gutter_size=\u00bb3&#8243; overlay_alpha=\u00bb50&#8243; shift_x=\u00bb0&#8243; shift_y=\u00bb0&#8243; shift_y_down=\u00bb0&#8243; z_index=\u00bb0&#8243; medium_width=\u00bb0&#8243; mobile_width=\u00bb0&#8243; width=\u00bb2\/3&#8243; uncode_shortcode_id=\u00bb853687&#8243;][vc_custom_heading text_color=\u00bbcolor-190155&#8243; uncode_shortcode_id=\u00bb529001&#8243; text_color_type=\u00bbuncode-palette\u00bb]En el repertorio[\/vc_custom_heading][uncode_index el_id=\u00bbindex-537495863&#8243; index_type=\u00bbcarousel\u00bb loop=\u00bbsize:3|order_by:date|post_type:page|tax_query:227|taxonomy_count:10&#8243; carousel_lg=\u00bb2&#8243; carousel_md=\u00bb2&#8243; carousel_sm=\u00bb1&#8243; thumb_size=\u00bbthree-two\u00bb gutter_size=\u00bb3&#8243; post_items=\u00bbmedia|featured|onpost|poster,date,title,text|excerpt|90,category|bordered|topright|hide-icon,sep-one|full,extra\u00bb page_items=\u00bbmedia|featured|onpost|original,title,text|excerpt,link|link|small_size|D\u00e9couvrir\u00bb carousel_interval=\u00bb3000&#8243; carousel_navspeed=\u00bb400&#8243; carousel_dots=\u00bbyes\u00bb carousel_dots_space=\u00bbyes\u00bb carousel_dots_mobile=\u00bbyes\u00bb stage_padding=\u00bb0&#8243; single_back_color=\u00bbcolor-563873&#8243; single_overlay_opacity=\u00bb50&#8243; single_text_visible=\u00bbyes\u00bb single_text_anim=\u00bbno\u00bb single_padding=\u00bb2&#8243; single_title_dimension=\u00bbh4&#8243; single_title_weight=\u00bb600&#8243; single_text_lead=\u00bbsmall\u00bb single_border=\u00bbyes\u00bb uncode_shortcode_id=\u00bb823568&#8243;][\/vc_column][vc_column width=\u00bb2\/12&#8243;][\/vc_column][\/vc_row][vc_row][vc_column width=\u00bb1\/1&#8243;][uncode_block id=\u00bb3542&#8243;][\/vc_column][\/vc_row]<\/p>\n<\/div>","protected":false},"excerpt":{"rendered":"<p>DRIP TEKHNE explora el impacto de la naturaleza y la tecnolog\u00eda en la evoluci\u00f3n de los cuerpos.<\/p>\n","protected":false},"author":9,"featured_media":10833,"parent":6729,"menu_order":0,"comment_status":"closed","ping_status":"closed","template":"","meta":{"footnotes":""},"choregraphe":[226],"directeur-artistique":[225],"class_list":["post-10821","page","type-page","status-publish","has-post-thumbnail","hentry","choregraphe-marina-mascarell","directeur-artistique-marina-mascarell","page_category-danish-dance-theatre-es"],"yoast_head":"<!-- This site is optimized with the Yoast SEO plugin v27.4 - https:\/\/yoast.com\/product\/yoast-seo-wordpress\/ -->\n<title>DRIP TEKHNE I Danish Dance Theatre I Delta Danse<\/title>\n<meta name=\"description\" content=\"DRIP TEKHNE explora el impacto de la naturaleza y la tecnolog\u00eda en la evoluci\u00f3n de los cuerpos.\" \/>\n<meta name=\"robots\" content=\"index, follow, max-snippet:-1, max-image-preview:large, max-video-preview:-1\" \/>\n<link rel=\"canonical\" href=\"https:\/\/www.deltadanse.com\/es\/repertorio\/drip-tekhne\/\" \/>\n<meta property=\"og:locale\" content=\"es_ES\" \/>\n<meta property=\"og:type\" content=\"article\" \/>\n<meta property=\"og:title\" content=\"DRIP TEKHNE I Danish Dance Theatre I Delta Danse\" \/>\n<meta property=\"og:description\" content=\"DRIP TEKHNE explora el impacto de la naturaleza y la tecnolog\u00eda en la evoluci\u00f3n de los cuerpos.\" \/>\n<meta property=\"og:url\" content=\"https:\/\/www.deltadanse.com\/es\/repertorio\/drip-tekhne\/\" \/>\n<meta property=\"og:site_name\" content=\"Delta Danse\" \/>\n<meta property=\"article:modified_time\" content=\"2024-11-08T16:08:39+00:00\" \/>\n<meta property=\"og:image\" content=\"https:\/\/www.deltadanse.com\/wp-content\/uploads\/2024\/11\/driptekhne_pressphoto3-\u00a9-Jubal-Battisti-1024x731.png\" \/>\n\t<meta property=\"og:image:width\" content=\"1024\" \/>\n\t<meta property=\"og:image:height\" content=\"731\" \/>\n\t<meta property=\"og:image:type\" content=\"image\/png\" \/>\n<meta name=\"twitter:card\" content=\"summary_large_image\" \/>\n<meta name=\"twitter:label1\" content=\"Tiempo de lectura\" \/>\n\t<meta name=\"twitter:data1\" content=\"2 minutos\" \/>\n<script type=\"application\/ld+json\" class=\"yoast-schema-graph\">{\"@context\":\"https:\\\/\\\/schema.org\",\"@graph\":[{\"@type\":\"WebPage\",\"@id\":\"https:\\\/\\\/www.deltadanse.com\\\/es\\\/repertorio\\\/drip-tekhne\\\/\",\"url\":\"https:\\\/\\\/www.deltadanse.com\\\/es\\\/repertorio\\\/drip-tekhne\\\/\",\"name\":\"DRIP TEKHNE I Danish Dance Theatre I Delta Danse\",\"isPartOf\":{\"@id\":\"https:\\\/\\\/www.deltadanse.com\\\/es\\\/#website\"},\"primaryImageOfPage\":{\"@id\":\"https:\\\/\\\/www.deltadanse.com\\\/es\\\/repertorio\\\/drip-tekhne\\\/#primaryimage\"},\"image\":{\"@id\":\"https:\\\/\\\/www.deltadanse.com\\\/es\\\/repertorio\\\/drip-tekhne\\\/#primaryimage\"},\"thumbnailUrl\":\"https:\\\/\\\/www.deltadanse.com\\\/wp-content\\\/uploads\\\/2024\\\/11\\\/driptekhne_pressphoto3-\u00a9-Jubal-Battisti.png\",\"datePublished\":\"2024-11-08T15:57:44+00:00\",\"dateModified\":\"2024-11-08T16:08:39+00:00\",\"description\":\"DRIP TEKHNE explora el impacto de la naturaleza y la tecnolog\u00eda en la evoluci\u00f3n de los cuerpos.\",\"breadcrumb\":{\"@id\":\"https:\\\/\\\/www.deltadanse.com\\\/es\\\/repertorio\\\/drip-tekhne\\\/#breadcrumb\"},\"inLanguage\":\"es\",\"potentialAction\":[{\"@type\":\"ReadAction\",\"target\":[\"https:\\\/\\\/www.deltadanse.com\\\/es\\\/repertorio\\\/drip-tekhne\\\/\"]}]},{\"@type\":\"ImageObject\",\"inLanguage\":\"es\",\"@id\":\"https:\\\/\\\/www.deltadanse.com\\\/es\\\/repertorio\\\/drip-tekhne\\\/#primaryimage\",\"url\":\"https:\\\/\\\/www.deltadanse.com\\\/wp-content\\\/uploads\\\/2024\\\/11\\\/driptekhne_pressphoto3-\u00a9-Jubal-Battisti.png\",\"contentUrl\":\"https:\\\/\\\/www.deltadanse.com\\\/wp-content\\\/uploads\\\/2024\\\/11\\\/driptekhne_pressphoto3-\u00a9-Jubal-Battisti.png\",\"width\":2016,\"height\":1440},{\"@type\":\"BreadcrumbList\",\"@id\":\"https:\\\/\\\/www.deltadanse.com\\\/es\\\/repertorio\\\/drip-tekhne\\\/#breadcrumb\",\"itemListElement\":[{\"@type\":\"ListItem\",\"position\":1,\"name\":\"Accueil\",\"item\":\"https:\\\/\\\/www.deltadanse.com\\\/es\\\/\"},{\"@type\":\"ListItem\",\"position\":2,\"name\":\"Repertorio\",\"item\":\"https:\\\/\\\/www.deltadanse.com\\\/es\\\/repertorio\\\/\"},{\"@type\":\"ListItem\",\"position\":3,\"name\":\"Drip Tekhne\"}]},{\"@type\":\"WebSite\",\"@id\":\"https:\\\/\\\/www.deltadanse.com\\\/es\\\/#website\",\"url\":\"https:\\\/\\\/www.deltadanse.com\\\/es\\\/\",\"name\":\"Delta Danse\",\"description\":\"Just another WordPress site\",\"potentialAction\":[{\"@type\":\"SearchAction\",\"target\":{\"@type\":\"EntryPoint\",\"urlTemplate\":\"https:\\\/\\\/www.deltadanse.com\\\/es\\\/?s={search_term_string}\"},\"query-input\":{\"@type\":\"PropertyValueSpecification\",\"valueRequired\":true,\"valueName\":\"search_term_string\"}}],\"inLanguage\":\"es\"}]}<\/script>\n<!-- \/ Yoast SEO plugin. -->","yoast_head_json":{"title":"DRIP TEKHNE I Danish Dance Theatre I Delta Danse","description":"DRIP TEKHNE explora el impacto de la naturaleza y la tecnolog\u00eda en la evoluci\u00f3n de los cuerpos.","robots":{"index":"index","follow":"follow","max-snippet":"max-snippet:-1","max-image-preview":"max-image-preview:large","max-video-preview":"max-video-preview:-1"},"canonical":"https:\/\/www.deltadanse.com\/es\/repertorio\/drip-tekhne\/","og_locale":"es_ES","og_type":"article","og_title":"DRIP TEKHNE I Danish Dance Theatre I Delta Danse","og_description":"DRIP TEKHNE explora el impacto de la naturaleza y la tecnolog\u00eda en la evoluci\u00f3n de los cuerpos.","og_url":"https:\/\/www.deltadanse.com\/es\/repertorio\/drip-tekhne\/","og_site_name":"Delta Danse","article_modified_time":"2024-11-08T16:08:39+00:00","og_image":[{"width":1024,"height":731,"url":"https:\/\/www.deltadanse.com\/wp-content\/uploads\/2024\/11\/driptekhne_pressphoto3-\u00a9-Jubal-Battisti-1024x731.png","type":"image\/png"}],"twitter_card":"summary_large_image","twitter_misc":{"Tiempo de lectura":"2 minutos"},"schema":{"@context":"https:\/\/schema.org","@graph":[{"@type":"WebPage","@id":"https:\/\/www.deltadanse.com\/es\/repertorio\/drip-tekhne\/","url":"https:\/\/www.deltadanse.com\/es\/repertorio\/drip-tekhne\/","name":"DRIP TEKHNE I Danish Dance Theatre I Delta Danse","isPartOf":{"@id":"https:\/\/www.deltadanse.com\/es\/#website"},"primaryImageOfPage":{"@id":"https:\/\/www.deltadanse.com\/es\/repertorio\/drip-tekhne\/#primaryimage"},"image":{"@id":"https:\/\/www.deltadanse.com\/es\/repertorio\/drip-tekhne\/#primaryimage"},"thumbnailUrl":"https:\/\/www.deltadanse.com\/wp-content\/uploads\/2024\/11\/driptekhne_pressphoto3-\u00a9-Jubal-Battisti.png","datePublished":"2024-11-08T15:57:44+00:00","dateModified":"2024-11-08T16:08:39+00:00","description":"DRIP TEKHNE explora el impacto de la naturaleza y la tecnolog\u00eda en la evoluci\u00f3n de los cuerpos.","breadcrumb":{"@id":"https:\/\/www.deltadanse.com\/es\/repertorio\/drip-tekhne\/#breadcrumb"},"inLanguage":"es","potentialAction":[{"@type":"ReadAction","target":["https:\/\/www.deltadanse.com\/es\/repertorio\/drip-tekhne\/"]}]},{"@type":"ImageObject","inLanguage":"es","@id":"https:\/\/www.deltadanse.com\/es\/repertorio\/drip-tekhne\/#primaryimage","url":"https:\/\/www.deltadanse.com\/wp-content\/uploads\/2024\/11\/driptekhne_pressphoto3-\u00a9-Jubal-Battisti.png","contentUrl":"https:\/\/www.deltadanse.com\/wp-content\/uploads\/2024\/11\/driptekhne_pressphoto3-\u00a9-Jubal-Battisti.png","width":2016,"height":1440},{"@type":"BreadcrumbList","@id":"https:\/\/www.deltadanse.com\/es\/repertorio\/drip-tekhne\/#breadcrumb","itemListElement":[{"@type":"ListItem","position":1,"name":"Accueil","item":"https:\/\/www.deltadanse.com\/es\/"},{"@type":"ListItem","position":2,"name":"Repertorio","item":"https:\/\/www.deltadanse.com\/es\/repertorio\/"},{"@type":"ListItem","position":3,"name":"Drip Tekhne"}]},{"@type":"WebSite","@id":"https:\/\/www.deltadanse.com\/es\/#website","url":"https:\/\/www.deltadanse.com\/es\/","name":"Delta Danse","description":"Just another WordPress site","potentialAction":[{"@type":"SearchAction","target":{"@type":"EntryPoint","urlTemplate":"https:\/\/www.deltadanse.com\/es\/?s={search_term_string}"},"query-input":{"@type":"PropertyValueSpecification","valueRequired":true,"valueName":"search_term_string"}}],"inLanguage":"es"}]}},"_links":{"self":[{"href":"https:\/\/www.deltadanse.com\/es\/wp-json\/wp\/v2\/pages\/10821","targetHints":{"allow":["GET"]}}],"collection":[{"href":"https:\/\/www.deltadanse.com\/es\/wp-json\/wp\/v2\/pages"}],"about":[{"href":"https:\/\/www.deltadanse.com\/es\/wp-json\/wp\/v2\/types\/page"}],"author":[{"embeddable":true,"href":"https:\/\/www.deltadanse.com\/es\/wp-json\/wp\/v2\/users\/9"}],"replies":[{"embeddable":true,"href":"https:\/\/www.deltadanse.com\/es\/wp-json\/wp\/v2\/comments?post=10821"}],"version-history":[{"count":0,"href":"https:\/\/www.deltadanse.com\/es\/wp-json\/wp\/v2\/pages\/10821\/revisions"}],"up":[{"embeddable":true,"href":"https:\/\/www.deltadanse.com\/es\/wp-json\/wp\/v2\/pages\/6729"}],"wp:featuredmedia":[{"embeddable":true,"href":"https:\/\/www.deltadanse.com\/es\/wp-json\/wp\/v2\/media\/10833"}],"wp:attachment":[{"href":"https:\/\/www.deltadanse.com\/es\/wp-json\/wp\/v2\/media?parent=10821"}],"wp:term":[{"taxonomy":"choregraphe","embeddable":true,"href":"https:\/\/www.deltadanse.com\/es\/wp-json\/wp\/v2\/choregraphe?post=10821"},{"taxonomy":"directeur-artistique","embeddable":true,"href":"https:\/\/www.deltadanse.com\/es\/wp-json\/wp\/v2\/directeur-artistique?post=10821"}],"curies":[{"name":"wp","href":"https:\/\/api.w.org\/{rel}","templated":true}]}}