{"id":11461,"date":"2025-07-11T12:05:09","date_gmt":"2025-07-11T10:05:09","guid":{"rendered":"https:\/\/www.deltadanse.com\/?page_id=11461"},"modified":"2026-04-14T17:22:33","modified_gmt":"2026-04-14T15:22:33","slug":"in-satie-rite-of-spring","status":"publish","type":"page","link":"https:\/\/www.deltadanse.com\/es\/repertorio\/in-satie-rite-of-spring\/","title":{"rendered":"In Satie &#038; The Rite of Spring"},"content":{"rendered":"<div class=\"wpb-content-wrapper\"><p>[vc_row unlock_row_content=\u00bbyes\u00bb row_height_percent=\u00bb0&#8243; override_padding=\u00bbyes\u00bb h_padding=\u00bb7&#8243; top_padding=\u00bb2&#8243; bottom_padding=\u00bb2&#8243; overlay_alpha=\u00bb50&#8243; gutter_size=\u00bb3&#8243; column_width_percent=\u00bb100&#8243; shift_y=\u00bb0&#8243; z_index=\u00bb0&#8243; uncode_shortcode_id=\u00bb347231&#8243;][vc_column column_width_percent=\u00bb100&#8243; align_horizontal=\u00bbalign_center\u00bb gutter_size=\u00bb2&#8243; overlay_alpha=\u00bb50&#8243; shift_x=\u00bb0&#8243; shift_y=\u00bb0&#8243; shift_y_down=\u00bb0&#8243; z_index=\u00bb0&#8243; medium_width=\u00bb0&#8243; mobile_width=\u00bb0&#8243; width=\u00bb7\/12&#8243; uncode_shortcode_id=\u00bb850447&#8243;][vc_row_inner row_inner_height_percent=\u00bb0&#8243; overlay_alpha=\u00bb50&#8243; gutter_size=\u00bb3&#8243; shift_y=\u00bb0&#8243; z_index=\u00bb0&#8243; uncode_shortcode_id=\u00bb100565&#8243; limit_content=\u00bb\u00bb][vc_column_inner column_width_percent=\u00bb100&#8243; gutter_size=\u00bb3&#8243; overlay_alpha=\u00bb50&#8243; shift_x=\u00bb0&#8243; shift_y=\u00bb0&#8243; shift_y_down=\u00bb0&#8243; z_index=\u00bb0&#8243; medium_width=\u00bb0&#8243; mobile_width=\u00bb0&#8243; width=\u00bb1\/1&#8243; uncode_shortcode_id=\u00bb109405&#8243;][vc_gallery el_id=\u00bbgallery-191160&#8243; type=\u00bbcarousel\u00bb medias=\u00bb11493,11490,11475,11481,11472,11484,11478,11469&#8243; carousel_lg=\u00bb1&#8243; carousel_md=\u00bb1&#8243; carousel_sm=\u00bb1&#8243; gutter_size=\u00bb3&#8243; media_items=\u00bbmedia|nolink|original,icon\u00bb carousel_interval=\u00bb3000&#8243; carousel_navspeed=\u00bb400&#8243; stage_padding=\u00bb0&#8243; single_overlay_opacity=\u00bb50&#8243; single_padding=\u00bb2&#8243; uncode_shortcode_id=\u00bb716830&#8243; el_class=\u00bbcarrousel-compagnie\u00bb][vc_empty_space empty_h=\u00bb2&#8243; medium_visibility=\u00bbyes\u00bb mobile_visibility=\u00bbyes\u00bb][\/vc_column_inner][\/vc_row_inner][vc_row_inner limit_content=\u00bb\u00bb][vc_column_inner width=\u00bb1\/6&#8243;][\/vc_column_inner][vc_column_inner column_width_percent=\u00bb100&#8243; gutter_size=\u00bb2&#8243; overlay_alpha=\u00bb50&#8243; shift_x=\u00bb0&#8243; shift_y=\u00bb0&#8243; shift_y_down=\u00bb0&#8243; z_index=\u00bb0&#8243; medium_width=\u00bb0&#8243; mobile_width=\u00bb0&#8243; width=\u00bb2\/3&#8243; uncode_shortcode_id=\u00bb123783&#8243;][calendar_season style=\u00bbrepertoire\u00bb repertoire=\u00bb9353&#8243;][\/vc_column_inner][vc_column_inner width=\u00bb1\/6&#8243;][\/vc_column_inner][\/vc_row_inner][\/vc_column][vc_column column_width_percent=\u00bb100&#8243; gutter_size=\u00bb2&#8243; override_padding=\u00bbyes\u00bb column_padding=\u00bb3&#8243; overlay_alpha=\u00bb50&#8243; shift_x=\u00bb0&#8243; shift_y=\u00bb0&#8243; shift_y_down=\u00bb0&#8243; z_index=\u00bb0&#8243; medium_width=\u00bb0&#8243; mobile_width=\u00bb0&#8243; width=\u00bb5\/12&#8243; uncode_shortcode_id=\u00bb119523&#8243; el_class=\u00bbcontenu-compagnie\u00bb][vc_row_inner limit_content=\u00bb\u00bb][vc_column_inner column_width_percent=\u00bb100&#8243; gutter_size=\u00bb2&#8243; overlay_alpha=\u00bb50&#8243; shift_x=\u00bb0&#8243; shift_y=\u00bb0&#8243; shift_y_down=\u00bb0&#8243; z_index=\u00bb0&#8243; medium_width=\u00bb0&#8243; mobile_width=\u00bb0&#8243; width=\u00bb1\/1&#8243; uncode_shortcode_id=\u00bb727088&#8243;][vc_custom_heading text_color=\u00bbaccent\u00bb heading_semantic=\u00bbh1&#8243; text_size=\u00bbfontsize-127449&#8243; uncode_shortcode_id=\u00bb717904&#8243; text_color_type=\u00bbuncode-palette\u00bb]In Satie &amp; The Rite of Spring[\/vc_custom_heading][vc_custom_heading text_size=\u00bbh4&#8243; text_weight=\u00bb600&#8243; uncode_shortcode_id=\u00bb158370&#8243;]<a href=\"https:\/\/www.deltadanse.com\/es\/companias-delta-danse\/xiexin-dance-theatre\/\">Xiexin Dance Theatre<\/a>[\/vc_custom_heading][vc_column_text uncode_shortcode_id=\u00bb190795&#8243;]Coreograf\u00eda <strong>Xie Xin<\/strong><br \/>\nM\u00fasica <strong>Erik Satie, Igor Stravinsky<\/strong><br \/>\nAdaptaci\u00f3n musical <strong>Fu Yifei<\/strong><br \/>\nDise\u00f1o de iluminaci\u00f3n <strong>Gao Jie<\/strong><br \/>\nEscenograf\u00eda <strong>Hu Yanjun<\/strong><br \/>\nDise\u00f1o de vestuario <strong>Li Kun<\/strong><br \/>\nAsistentes de dise\u00f1o de vestuario <strong>Yang Ruanci, Huang Qian, Liu Yuqi<\/strong><br \/>\nAsistentes de escenograf\u00eda <strong>Li Haiyi, Wang Wei<\/strong><br \/>\nProducci\u00f3n de vestuario <strong>Yue Songshan<\/strong><br \/>\nDise\u00f1o visual <strong>Jackie Tuo<\/strong><\/p>\n<p>Creado en febrero de 2025 &#8211; Duraci\u00f3n 85 min + intermedio<br \/>\nPieza para 12 bailarines[\/vc_column_text][vc_empty_space][\/vc_column_inner][\/vc_row_inner][vc_column_text uncode_shortcode_id=\u00bb106003&#8243;]<\/p>\n<div style=\"padding: 56.25% 0 0 0; position: relative;\"><iframe style=\"position: absolute; top: 0; left: 0; width: 100%; height: 100%;\" title=\"Xiexin Dance Theatre - In Satie\" src=\"https:\/\/player.vimeo.com\/video\/1095549460?badge=0&amp;autopause=0&amp;player_id=0&amp;app_id=58479\" frameborder=\"0\" allowfullscreen=\"allowfullscreen\"><br \/>\n<\/iframe><\/div>\n<p><script src=\"https:\/\/player.vimeo.com\/api\/player.js\"><\/script>[\/vc_column_text][vc_column_text uncode_shortcode_id=\u00bb191181&#8243;]<\/p>\n<div style=\"padding: 56.25% 0 0 0; position: relative;\"><iframe style=\"position: absolute; top: 0; left: 0; width: 100%; height: 100%;\" title=\"Xiexin Dance Theatre - The Rite of Spring\" src=\"https:\/\/player.vimeo.com\/video\/1095556815?badge=0&amp;autopause=0&amp;player_id=0&amp;app_id=58479\" frameborder=\"0\" allowfullscreen=\"allowfullscreen\"><br \/>\n<\/iframe><\/div>\n<p><script src=\"https:\/\/player.vimeo.com\/api\/player.js\"><\/script>[\/vc_column_text][vc_empty_space][vc_column_text uncode_shortcode_id=\u00bb179558&#8243; el_class=\u00bblineHeight\u00bb]<\/p>\n<p data-start=\"0\" data-end=\"200\">Para celebrar el d\u00e9cimo aniversario de su compa\u00f1\u00eda, Xie Xin crea dos nuevas obras que ponen en di\u00e1logo las partituras ic\u00f3nicas de Erik Satie e Igor Stravinsky con su gestualidad po\u00e9tica.<\/p>\n<p data-start=\"202\" data-end=\"383\">Profundamente inspirada por la filosof\u00eda oriental, explora la dualidad entre suavidad y fuerza, ligereza y pesadez, a trav\u00e9s de la reinterpretaci\u00f3n de dos universos contrastantes:<\/p>\n<p data-start=\"385\" data-end=\"633\"><em>In Satie<\/em> fusiona el romanticismo franc\u00e9s con el misticismo oriental, sumergi\u00e9ndonos en una atm\u00f3sfera sutil y envolvente. Las <em data-start=\"514\" data-end=\"527\">Gymnop\u00e9dies<\/em> y <em data-start=\"530\" data-end=\"543\">Gnossiennes<\/em> son reconfiguradas y enriquecidas mediante un delicado di\u00e1logo entre vibr\u00e1fono y piano.<\/p>\n<p data-start=\"635\" data-end=\"1271\">En la segunda parte, <em>The Rite of Spring<\/em> aprovecha la potencia de las percusiones y los golpes de piano para conferir una intensidad f\u00edsica y visual a la m\u00fasica. Inspirada en el incendio accidental que devast\u00f3 las instalaciones de la compa\u00f1\u00eda en 2023, Xie Xin transforma su impotencia ante las fuerzas de la naturaleza en una fuerza de supervivencia y humanidad, impulsada por la convicci\u00f3n de que hay que \u201cenfrentar la muerte para abrazar la vida\u201d. La danza se convierte entonces en un lenguaje visual y corporal que trasciende la m\u00fasica, expresando tanto la resiliencia frente a la adversidad como el renacimiento tras la prueba.<\/p>\n<p data-start=\"1273\" data-end=\"1446\">Entre poes\u00eda e intensidad, <em>In Satie &amp; The Rite of Spring<\/em> invita a una reflexi\u00f3n sobre el ciclo de la vida, donde cada destrucci\u00f3n lleva en s\u00ed la promesa de un renacer.<\/p>\n<p>[\/vc_column_text][vc_empty_space][vc_column_text uncode_shortcode_id=\u00bb644708&#8243; el_class=\u00bblineHeight\u00bb]<em>\u00ab La filosof\u00eda art\u00edstica de <\/em>In Satie &amp; The Rite of Spring<em> est\u00e1 profundamente arraigada en la sabidur\u00eda oriental. En esta obra, los conceptos filos\u00f3ficos orientales de \u201cligereza y pesadez\u201d, as\u00ed como de \u201csuavidad y dureza\u201d, se manifiestan como dos aspectos inseparables. <\/em>In Satie y The Rite of Spring <em>crean un contraste impactante que se alinea con el principio est\u00e9tico de la coexistencia del Yin y el Yang.<\/em><em>\u00a0\u00bb<\/em><\/p>\n<p><strong>Xie Xin<\/strong>[\/vc_column_text][vc_empty_space][vc_column_text uncode_shortcode_id=\u00bb201041&#8243; el_class=\u00bblineHeight\u00bb]<span style=\"color: #8f272a;\">Coproducci\u00f3n Xiexin Dance Theatre, Peggy XU Culture &amp; Media (Shanghai) Ltd.<br \/>\nEncargado por el Shanghai International Dance Center Theatre<br \/>\nComisaria Peggy Xu<br \/>\nCoproductores Liu He, Peggy Xu<br \/>\nDirector del proyecto Liu Zhonglei<br \/>\nAdministraci\u00f3n Dai Qingxin, Liu Xingyu<\/span>[\/vc_column_text][vc_empty_space][\/vc_column][\/vc_row][vc_row row_height_percent=\u00bb0&#8243; overlay_alpha=\u00bb50&#8243; gutter_size=\u00bb3&#8243; column_width_percent=\u00bb100&#8243; shift_y=\u00bb0&#8243; z_index=\u00bb0&#8243; uncode_shortcode_id=\u00bb607236&#8243;][vc_column width=\u00bb2\/12&#8243;][\/vc_column][vc_column column_width_percent=\u00bb100&#8243; align_horizontal=\u00bbalign_center\u00bb gutter_size=\u00bb3&#8243; overlay_alpha=\u00bb50&#8243; shift_x=\u00bb0&#8243; shift_y=\u00bb0&#8243; shift_y_down=\u00bb0&#8243; z_index=\u00bb0&#8243; medium_width=\u00bb0&#8243; mobile_width=\u00bb0&#8243; width=\u00bb2\/3&#8243; uncode_shortcode_id=\u00bb853687&#8243;][vc_custom_heading text_color=\u00bbcolor-190155&#8243; uncode_shortcode_id=\u00bb529001&#8243; text_color_type=\u00bbuncode-palette\u00bb]En el repertorio[\/vc_custom_heading][uncode_index el_id=\u00bbindex-537495863&#8243; index_type=\u00bbcarousel\u00bb loop=\u00bbsize:3|order_by:date|post_type:page|tax_query:20|taxonomy_count:10&#8243; carousel_lg=\u00bb2&#8243; carousel_md=\u00bb2&#8243; carousel_sm=\u00bb1&#8243; thumb_size=\u00bbthree-two\u00bb gutter_size=\u00bb3&#8243; post_items=\u00bbmedia|featured|onpost|poster,date,title,text|excerpt|90,category|bordered|topright|hide-icon,sep-one|full,extra\u00bb page_items=\u00bbmedia|featured|onpost|original,title,text|excerpt,link|link|small_size|D\u00e9couvrir\u00bb carousel_interval=\u00bb3000&#8243; carousel_navspeed=\u00bb400&#8243; carousel_dots=\u00bbyes\u00bb carousel_dots_space=\u00bbyes\u00bb carousel_dots_mobile=\u00bbyes\u00bb stage_padding=\u00bb0&#8243; single_back_color=\u00bbcolor-563873&#8243; single_overlay_opacity=\u00bb50&#8243; single_text_visible=\u00bbyes\u00bb single_text_anim=\u00bbno\u00bb single_padding=\u00bb2&#8243; single_title_dimension=\u00bbh4&#8243; single_title_weight=\u00bb600&#8243; single_text_lead=\u00bbsmall\u00bb single_border=\u00bbyes\u00bb uncode_shortcode_id=\u00bb640202&#8243;][\/vc_column][vc_column width=\u00bb2\/12&#8243;][\/vc_column][\/vc_row][vc_row][vc_column width=\u00bb1\/1&#8243;][uncode_block id=\u00bb3542&#8243;][\/vc_column][\/vc_row]<\/p>\n<\/div>","protected":false},"excerpt":{"rendered":"<p>Para celebrar el d\u00e9cimo aniversario de su compa\u00f1\u00eda, Xie Xin crea dos nuevas obras en las partituras ic\u00f3nicas de Erik Satie e Igor Stravinsky.<\/p>\n","protected":false},"author":9,"featured_media":11475,"parent":6729,"menu_order":0,"comment_status":"closed","ping_status":"closed","template":"","meta":{"footnotes":""},"choregraphe":[140],"directeur-artistique":[],"class_list":["post-11461","page","type-page","status-publish","has-post-thumbnail","hentry","choregraphe-xie-xin","page_category-xiexin-dance-theatre-es"],"yoast_head":"<!-- This site is optimized with the Yoast SEO plugin v27.3 - https:\/\/yoast.com\/product\/yoast-seo-wordpress\/ -->\n<title>In Satie &amp; The Rite of Spring I Xiexin Dance Theatre<\/title>\n<meta name=\"description\" content=\"Para celebrar el d\u00e9cimo aniversario de su compa\u00f1\u00eda, Xie Xin crea dos nuevas obras en las partituras ic\u00f3nicas de Erik Satie e Igor Stravinsky.\" \/>\n<meta name=\"robots\" content=\"index, follow, max-snippet:-1, max-image-preview:large, max-video-preview:-1\" \/>\n<link rel=\"canonical\" href=\"https:\/\/www.deltadanse.com\/es\/repertorio\/in-satie-rite-of-spring\/\" \/>\n<meta property=\"og:locale\" content=\"es_ES\" \/>\n<meta property=\"og:type\" content=\"article\" \/>\n<meta property=\"og:title\" content=\"In Satie &amp; The Rite of Spring I Xiexin Dance Theatre\" \/>\n<meta property=\"og:description\" content=\"Para celebrar el d\u00e9cimo aniversario de su compa\u00f1\u00eda, Xie Xin crea dos nuevas obras en las partituras ic\u00f3nicas de Erik Satie e Igor Stravinsky.\" \/>\n<meta property=\"og:url\" content=\"https:\/\/www.deltadanse.com\/es\/repertorio\/in-satie-rite-of-spring\/\" \/>\n<meta property=\"og:site_name\" content=\"Delta Danse\" \/>\n<meta property=\"article:modified_time\" content=\"2026-04-14T15:22:33+00:00\" \/>\n<meta property=\"og:image\" content=\"https:\/\/www.deltadanse.com\/wp-content\/uploads\/2025\/07\/9L7A9443-scaled.jpg\" \/>\n\t<meta property=\"og:image:width\" content=\"2560\" \/>\n\t<meta property=\"og:image:height\" content=\"1707\" \/>\n\t<meta property=\"og:image:type\" content=\"image\/jpeg\" \/>\n<meta name=\"twitter:card\" content=\"summary_large_image\" \/>\n<meta name=\"twitter:label1\" content=\"Tiempo de lectura\" \/>\n\t<meta name=\"twitter:data1\" content=\"4 minutos\" \/>\n<script type=\"application\/ld+json\" class=\"yoast-schema-graph\">{\"@context\":\"https:\\\/\\\/schema.org\",\"@graph\":[{\"@type\":\"WebPage\",\"@id\":\"https:\\\/\\\/www.deltadanse.com\\\/es\\\/repertorio\\\/in-satie-rite-of-spring\\\/\",\"url\":\"https:\\\/\\\/www.deltadanse.com\\\/es\\\/repertorio\\\/in-satie-rite-of-spring\\\/\",\"name\":\"In Satie & The Rite of Spring I Xiexin Dance Theatre\",\"isPartOf\":{\"@id\":\"https:\\\/\\\/www.deltadanse.com\\\/es\\\/#website\"},\"primaryImageOfPage\":{\"@id\":\"https:\\\/\\\/www.deltadanse.com\\\/es\\\/repertorio\\\/in-satie-rite-of-spring\\\/#primaryimage\"},\"image\":{\"@id\":\"https:\\\/\\\/www.deltadanse.com\\\/es\\\/repertorio\\\/in-satie-rite-of-spring\\\/#primaryimage\"},\"thumbnailUrl\":\"https:\\\/\\\/www.deltadanse.com\\\/wp-content\\\/uploads\\\/2025\\\/07\\\/9L7A9443-scaled.jpg\",\"datePublished\":\"2025-07-11T10:05:09+00:00\",\"dateModified\":\"2026-04-14T15:22:33+00:00\",\"description\":\"Para celebrar el d\u00e9cimo aniversario de su compa\u00f1\u00eda, Xie Xin crea dos nuevas obras en las partituras ic\u00f3nicas de Erik Satie e Igor Stravinsky.\",\"breadcrumb\":{\"@id\":\"https:\\\/\\\/www.deltadanse.com\\\/es\\\/repertorio\\\/in-satie-rite-of-spring\\\/#breadcrumb\"},\"inLanguage\":\"es\",\"potentialAction\":[{\"@type\":\"ReadAction\",\"target\":[\"https:\\\/\\\/www.deltadanse.com\\\/es\\\/repertorio\\\/in-satie-rite-of-spring\\\/\"]}]},{\"@type\":\"ImageObject\",\"inLanguage\":\"es\",\"@id\":\"https:\\\/\\\/www.deltadanse.com\\\/es\\\/repertorio\\\/in-satie-rite-of-spring\\\/#primaryimage\",\"url\":\"https:\\\/\\\/www.deltadanse.com\\\/wp-content\\\/uploads\\\/2025\\\/07\\\/9L7A9443-scaled.jpg\",\"contentUrl\":\"https:\\\/\\\/www.deltadanse.com\\\/wp-content\\\/uploads\\\/2025\\\/07\\\/9L7A9443-scaled.jpg\",\"width\":2560,\"height\":1707},{\"@type\":\"BreadcrumbList\",\"@id\":\"https:\\\/\\\/www.deltadanse.com\\\/es\\\/repertorio\\\/in-satie-rite-of-spring\\\/#breadcrumb\",\"itemListElement\":[{\"@type\":\"ListItem\",\"position\":1,\"name\":\"Accueil\",\"item\":\"https:\\\/\\\/www.deltadanse.com\\\/es\\\/\"},{\"@type\":\"ListItem\",\"position\":2,\"name\":\"Repertorio\",\"item\":\"https:\\\/\\\/www.deltadanse.com\\\/es\\\/repertorio\\\/\"},{\"@type\":\"ListItem\",\"position\":3,\"name\":\"In Satie &#038; The Rite of Spring\"}]},{\"@type\":\"WebSite\",\"@id\":\"https:\\\/\\\/www.deltadanse.com\\\/es\\\/#website\",\"url\":\"https:\\\/\\\/www.deltadanse.com\\\/es\\\/\",\"name\":\"Delta Danse\",\"description\":\"Just another WordPress site\",\"potentialAction\":[{\"@type\":\"SearchAction\",\"target\":{\"@type\":\"EntryPoint\",\"urlTemplate\":\"https:\\\/\\\/www.deltadanse.com\\\/es\\\/?s={search_term_string}\"},\"query-input\":{\"@type\":\"PropertyValueSpecification\",\"valueRequired\":true,\"valueName\":\"search_term_string\"}}],\"inLanguage\":\"es\"}]}<\/script>\n<!-- \/ Yoast SEO plugin. -->","yoast_head_json":{"title":"In Satie & The Rite of Spring I Xiexin Dance Theatre","description":"Para celebrar el d\u00e9cimo aniversario de su compa\u00f1\u00eda, Xie Xin crea dos nuevas obras en las partituras ic\u00f3nicas de Erik Satie e Igor Stravinsky.","robots":{"index":"index","follow":"follow","max-snippet":"max-snippet:-1","max-image-preview":"max-image-preview:large","max-video-preview":"max-video-preview:-1"},"canonical":"https:\/\/www.deltadanse.com\/es\/repertorio\/in-satie-rite-of-spring\/","og_locale":"es_ES","og_type":"article","og_title":"In Satie & The Rite of Spring I Xiexin Dance Theatre","og_description":"Para celebrar el d\u00e9cimo aniversario de su compa\u00f1\u00eda, Xie Xin crea dos nuevas obras en las partituras ic\u00f3nicas de Erik Satie e Igor Stravinsky.","og_url":"https:\/\/www.deltadanse.com\/es\/repertorio\/in-satie-rite-of-spring\/","og_site_name":"Delta Danse","article_modified_time":"2026-04-14T15:22:33+00:00","og_image":[{"width":2560,"height":1707,"url":"https:\/\/www.deltadanse.com\/wp-content\/uploads\/2025\/07\/9L7A9443-scaled.jpg","type":"image\/jpeg"}],"twitter_card":"summary_large_image","twitter_misc":{"Tiempo de lectura":"4 minutos"},"schema":{"@context":"https:\/\/schema.org","@graph":[{"@type":"WebPage","@id":"https:\/\/www.deltadanse.com\/es\/repertorio\/in-satie-rite-of-spring\/","url":"https:\/\/www.deltadanse.com\/es\/repertorio\/in-satie-rite-of-spring\/","name":"In Satie & The Rite of Spring I Xiexin Dance Theatre","isPartOf":{"@id":"https:\/\/www.deltadanse.com\/es\/#website"},"primaryImageOfPage":{"@id":"https:\/\/www.deltadanse.com\/es\/repertorio\/in-satie-rite-of-spring\/#primaryimage"},"image":{"@id":"https:\/\/www.deltadanse.com\/es\/repertorio\/in-satie-rite-of-spring\/#primaryimage"},"thumbnailUrl":"https:\/\/www.deltadanse.com\/wp-content\/uploads\/2025\/07\/9L7A9443-scaled.jpg","datePublished":"2025-07-11T10:05:09+00:00","dateModified":"2026-04-14T15:22:33+00:00","description":"Para celebrar el d\u00e9cimo aniversario de su compa\u00f1\u00eda, Xie Xin crea dos nuevas obras en las partituras ic\u00f3nicas de Erik Satie e Igor Stravinsky.","breadcrumb":{"@id":"https:\/\/www.deltadanse.com\/es\/repertorio\/in-satie-rite-of-spring\/#breadcrumb"},"inLanguage":"es","potentialAction":[{"@type":"ReadAction","target":["https:\/\/www.deltadanse.com\/es\/repertorio\/in-satie-rite-of-spring\/"]}]},{"@type":"ImageObject","inLanguage":"es","@id":"https:\/\/www.deltadanse.com\/es\/repertorio\/in-satie-rite-of-spring\/#primaryimage","url":"https:\/\/www.deltadanse.com\/wp-content\/uploads\/2025\/07\/9L7A9443-scaled.jpg","contentUrl":"https:\/\/www.deltadanse.com\/wp-content\/uploads\/2025\/07\/9L7A9443-scaled.jpg","width":2560,"height":1707},{"@type":"BreadcrumbList","@id":"https:\/\/www.deltadanse.com\/es\/repertorio\/in-satie-rite-of-spring\/#breadcrumb","itemListElement":[{"@type":"ListItem","position":1,"name":"Accueil","item":"https:\/\/www.deltadanse.com\/es\/"},{"@type":"ListItem","position":2,"name":"Repertorio","item":"https:\/\/www.deltadanse.com\/es\/repertorio\/"},{"@type":"ListItem","position":3,"name":"In Satie &#038; The Rite of Spring"}]},{"@type":"WebSite","@id":"https:\/\/www.deltadanse.com\/es\/#website","url":"https:\/\/www.deltadanse.com\/es\/","name":"Delta Danse","description":"Just another WordPress site","potentialAction":[{"@type":"SearchAction","target":{"@type":"EntryPoint","urlTemplate":"https:\/\/www.deltadanse.com\/es\/?s={search_term_string}"},"query-input":{"@type":"PropertyValueSpecification","valueRequired":true,"valueName":"search_term_string"}}],"inLanguage":"es"}]}},"_links":{"self":[{"href":"https:\/\/www.deltadanse.com\/es\/wp-json\/wp\/v2\/pages\/11461","targetHints":{"allow":["GET"]}}],"collection":[{"href":"https:\/\/www.deltadanse.com\/es\/wp-json\/wp\/v2\/pages"}],"about":[{"href":"https:\/\/www.deltadanse.com\/es\/wp-json\/wp\/v2\/types\/page"}],"author":[{"embeddable":true,"href":"https:\/\/www.deltadanse.com\/es\/wp-json\/wp\/v2\/users\/9"}],"replies":[{"embeddable":true,"href":"https:\/\/www.deltadanse.com\/es\/wp-json\/wp\/v2\/comments?post=11461"}],"version-history":[{"count":1,"href":"https:\/\/www.deltadanse.com\/es\/wp-json\/wp\/v2\/pages\/11461\/revisions"}],"predecessor-version":[{"id":13125,"href":"https:\/\/www.deltadanse.com\/es\/wp-json\/wp\/v2\/pages\/11461\/revisions\/13125"}],"up":[{"embeddable":true,"href":"https:\/\/www.deltadanse.com\/es\/wp-json\/wp\/v2\/pages\/6729"}],"wp:featuredmedia":[{"embeddable":true,"href":"https:\/\/www.deltadanse.com\/es\/wp-json\/wp\/v2\/media\/11475"}],"wp:attachment":[{"href":"https:\/\/www.deltadanse.com\/es\/wp-json\/wp\/v2\/media?parent=11461"}],"wp:term":[{"taxonomy":"choregraphe","embeddable":true,"href":"https:\/\/www.deltadanse.com\/es\/wp-json\/wp\/v2\/choregraphe?post=11461"},{"taxonomy":"directeur-artistique","embeddable":true,"href":"https:\/\/www.deltadanse.com\/es\/wp-json\/wp\/v2\/directeur-artistique?post=11461"}],"curies":[{"name":"wp","href":"https:\/\/api.w.org\/{rel}","templated":true}]}}