{"id":11792,"date":"2025-07-15T15:49:41","date_gmt":"2025-07-15T13:49:41","guid":{"rendered":"https:\/\/www.deltadanse.com\/?page_id=11792"},"modified":"2026-04-15T15:42:17","modified_gmt":"2026-04-15T13:42:17","slug":"programa-8-bailarines","status":"publish","type":"page","link":"https:\/\/www.deltadanse.com\/es\/repertorio\/programa-8-bailarines\/","title":{"rendered":"Programa par 8 bailarines"},"content":{"rendered":"<div class=\"wpb-content-wrapper\"><p>[vc_row unlock_row_content=\u00bbyes\u00bb row_height_percent=\u00bb0&#8243; override_padding=\u00bbyes\u00bb h_padding=\u00bb7&#8243; top_padding=\u00bb2&#8243; bottom_padding=\u00bb2&#8243; overlay_alpha=\u00bb50&#8243; gutter_size=\u00bb3&#8243; column_width_percent=\u00bb100&#8243; shift_y=\u00bb0&#8243; z_index=\u00bb0&#8243; uncode_shortcode_id=\u00bb347231&#8243;][vc_column column_width_percent=\u00bb100&#8243; align_horizontal=\u00bbalign_center\u00bb gutter_size=\u00bb2&#8243; overlay_alpha=\u00bb50&#8243; shift_x=\u00bb0&#8243; shift_y=\u00bb0&#8243; shift_y_down=\u00bb0&#8243; z_index=\u00bb0&#8243; medium_width=\u00bb0&#8243; mobile_width=\u00bb0&#8243; width=\u00bb7\/12&#8243; uncode_shortcode_id=\u00bb850447&#8243;][vc_row_inner row_inner_height_percent=\u00bb0&#8243; overlay_alpha=\u00bb50&#8243; gutter_size=\u00bb3&#8243; shift_y=\u00bb0&#8243; z_index=\u00bb0&#8243; uncode_shortcode_id=\u00bb100565&#8243; limit_content=\u00bb\u00bb][vc_column_inner column_width_percent=\u00bb100&#8243; gutter_size=\u00bb3&#8243; overlay_alpha=\u00bb50&#8243; shift_x=\u00bb0&#8243; shift_y=\u00bb0&#8243; shift_y_down=\u00bb0&#8243; z_index=\u00bb0&#8243; medium_width=\u00bb0&#8243; mobile_width=\u00bb0&#8243; width=\u00bb1\/1&#8243; uncode_shortcode_id=\u00bb109405&#8243;][vc_gallery el_id=\u00bbgallery-191160&#8243; type=\u00bbcarousel\u00bb medias=\u00bb11383,11801,11807,11380,11804,11810,11386,11813&#8243; carousel_lg=\u00bb1&#8243; carousel_md=\u00bb1&#8243; carousel_sm=\u00bb1&#8243; thumb_size=\u00bbthree-two\u00bb gutter_size=\u00bb3&#8243; media_items=\u00bbmedia|nolink|original,icon\u00bb carousel_interval=\u00bb3000&#8243; carousel_navspeed=\u00bb400&#8243; stage_padding=\u00bb0&#8243; single_overlay_opacity=\u00bb50&#8243; single_padding=\u00bb2&#8243; uncode_shortcode_id=\u00bb679343&#8243; el_class=\u00bbcarrousel-compagnie\u00bb][vc_empty_space empty_h=\u00bb2&#8243; medium_visibility=\u00bbyes\u00bb mobile_visibility=\u00bbyes\u00bb][\/vc_column_inner][\/vc_row_inner][vc_row_inner limit_content=\u00bb\u00bb][vc_column_inner width=\u00bb1\/6&#8243;][\/vc_column_inner][vc_column_inner column_width_percent=\u00bb100&#8243; gutter_size=\u00bb2&#8243; overlay_alpha=\u00bb50&#8243; shift_x=\u00bb0&#8243; shift_y=\u00bb0&#8243; shift_y_down=\u00bb0&#8243; z_index=\u00bb0&#8243; medium_width=\u00bb0&#8243; mobile_width=\u00bb0&#8243; width=\u00bb2\/3&#8243; uncode_shortcode_id=\u00bb200294&#8243;][calendar_season style=\u00bbrepertoire\u00bb repertoire=\u00bb11828&#8243;][\/vc_column_inner][vc_column_inner width=\u00bb1\/6&#8243;][\/vc_column_inner][\/vc_row_inner][\/vc_column][vc_column column_width_percent=\u00bb100&#8243; gutter_size=\u00bb2&#8243; override_padding=\u00bbyes\u00bb column_padding=\u00bb3&#8243; overlay_alpha=\u00bb50&#8243; shift_x=\u00bb0&#8243; shift_y=\u00bb0&#8243; shift_y_down=\u00bb0&#8243; z_index=\u00bb0&#8243; medium_width=\u00bb0&#8243; mobile_width=\u00bb0&#8243; width=\u00bb5\/12&#8243; uncode_shortcode_id=\u00bb165047&#8243; el_class=\u00bbcontenu-compagnie\u00bb][vc_row_inner limit_content=\u00bb\u00bb][vc_column_inner column_width_percent=\u00bb100&#8243; gutter_size=\u00bb2&#8243; overlay_alpha=\u00bb50&#8243; shift_x=\u00bb0&#8243; shift_y=\u00bb0&#8243; shift_y_down=\u00bb0&#8243; z_index=\u00bb0&#8243; medium_width=\u00bb0&#8243; mobile_width=\u00bb0&#8243; width=\u00bb1\/1&#8243; uncode_shortcode_id=\u00bb727088&#8243;][vc_custom_heading text_color=\u00bbaccent\u00bb heading_semantic=\u00bbh1&#8243; text_size=\u00bbh1&#8243; uncode_shortcode_id=\u00bb172000&#8243; text_color_type=\u00bbuncode-palette\u00bb]Programa par 8 bailarines[\/vc_custom_heading][vc_custom_heading text_size=\u00bbh4&#8243; text_weight=\u00bb600&#8243; uncode_shortcode_id=\u00bb183437&#8243;]<a href=\"https:\/\/www.deltadanse.com\/es\/companias-delta-danse\/aterballetto\/\">Aterballetto<\/a>[\/vc_custom_heading][vc_column_text uncode_shortcode_id=\u00bb186757&#8243; el_class=\u00bblineHeight\u00bb]Coreograf\u00edas <strong>Crystal Pite, Angelin Preljocaj, Philippe Kratz y Diego Tortelli<\/strong><\/p>\n<p>Para 8 bailarines[\/vc_column_text][vc_empty_space][\/vc_column_inner][\/vc_row_inner][vc_custom_heading text_color=\u00bbaccent\u00bb uncode_shortcode_id=\u00bb122317&#8243; text_color_type=\u00bbuncode-palette\u00bb]Solo Echo[\/vc_custom_heading][vc_column_text uncode_shortcode_id=\u00bb733406&#8243; el_class=\u00bblineHeight\u00bb]<\/p>\n<p class=\"p1\">Coreograf\u00eda <strong>Crystal Pite<\/strong><br \/>\nM\u00fasica<strong>\u00a0Johannes Brahms<\/strong><br \/>\nEscenograf\u00eda <strong>Jay Gower Taylor<\/strong><br \/>\nVestuario <strong>Crystal Pite y Joke Visser<\/strong><br \/>\nIluminaci\u00f3n <strong>Tom Visser<\/strong><br \/>\nDirecci\u00f3n <strong>Eric Beauchesne <\/strong><\/p>\n<p class=\"p1\">Reestreno para Aterballetto en febrero de 2025 \u2013 Duraci\u00f3n 20 min<\/p>\n<p>[\/vc_column_text][vc_column_text uncode_shortcode_id=\u00bb194459&#8243;]<\/p>\n<div style=\"padding: 56.25% 0 0 0; position: relative;\"><iframe style=\"position: absolute; top: 0; left: 0; width: 100%; height: 100%;\" title=\"Aterballetto - Solo Echo\" src=\"https:\/\/player.vimeo.com\/video\/1181957333?badge=0&amp;autopause=0&amp;player_id=0&amp;app_id=58479\" frameborder=\"0\" allowfullscreen=\"allowfullscreen\"><br \/>\n<\/iframe><\/div>\n<p><script src=\"https:\/\/player.vimeo.com\/api\/player.js\"><\/script>[\/vc_column_text][vc_empty_space][vc_column_text uncode_shortcode_id=\u00bb109261&#8243; el_class=\u00bblineHeight\u00bb]<\/p>\n<p class=\"p1\">Inspirada en el poema <em>\u00abLines for Winter\u00bb<\/em> de Mark\u00a0 Strand, <em>Solo Echo<\/em> combina dos sonatas para violonchelo y piano de Johannes Brahms, la estaci\u00f3n invernal y el movimiento del cuerpo para explorar los temas del amor, la aceptaci\u00f3n y la p\u00e9rdida.<\/p>\n<p>[\/vc_column_text][vc_empty_space][vc_custom_heading text_color=\u00bbaccent\u00bb uncode_shortcode_id=\u00bb101985&#8243; text_color_type=\u00bbuncode-palette\u00bb]Reconciliatio[\/vc_custom_heading][vc_column_text uncode_shortcode_id=\u00bb112419&#8243; el_class=\u00bblineHeight\u00bb]Coreograf\u00eda <strong>Angelin Preljocaj<\/strong><br \/>\nM\u00fasica<strong> Ludwig Van Beethoven<\/strong><br \/>\nVestuario <strong>Igor Chapurin<\/strong><br \/>\nIluminaci\u00f3n <strong>C\u00e9cile Giovansil<\/strong><br \/>\nAsistente core\u00f3grafo <strong>Claudia De Smet<\/strong><\/p>\n<p>Creado en 2010 &#8211; Recreaci\u00f3n para Aterballetto en 2024 \u2013 Duraci\u00f3n 10 min[\/vc_column_text][vc_empty_space][vc_column_text uncode_shortcode_id=\u00bb388147&#8243; el_class=\u00bblineHeight\u00bb]<\/p>\n<p class=\"p1\">La danza posee el sutil poder de revelar nuestros miedos, angustias y esperanzas a trav\u00e9s del movimiento. Este d\u00fao explora el tema de la reconciliaci\u00f3n. Inspirada libremente en el Apocalipsis, la obra no busca ilustrar el texto, sino revelar \u2014en el propio esp\u00edritu de \u201clevantar el velo\u201d\u2014 aquello que, en nuestro mundo, permanece oculto. A trav\u00e9s de la delicada relaci\u00f3n entre ambos int\u00e9rpretes, emergen entonces profundos temas, visibles o invisibles, que resuenan en cada uno de nosotros.<\/p>\n<p>[\/vc_column_text][vc_empty_space][vc_custom_heading text_color=\u00bbaccent\u00bb uncode_shortcode_id=\u00bb158679&#8243; text_color_type=\u00bbuncode-palette\u00bb]An echo, a wave[\/vc_custom_heading][vc_column_text uncode_shortcode_id=\u00bb434327&#8243; el_class=\u00bblineHeight\u00bb]<\/p>\n<p class=\"p1\">Coreograf\u00eda<strong> Philippe Kratz<\/strong><br \/>\nDise\u00f1o de sonido<strong> Tommaso Michelini<\/strong><\/p>\n<p class=\"p1\">Duraci\u00f3n 10min<\/p>\n<p>[\/vc_column_text][vc_column_text uncode_shortcode_id=\u00bb124845&#8243; el_class=\u00bblineHeight\u00bb]<\/p>\n<div style=\"padding: 56.25% 0 0 0; position: relative;\"><iframe style=\"position: absolute; top: 0; left: 0; width: 100%; height: 100%;\" title=\"Aterballetto - An echo, a wave\" src=\"https:\/\/player.vimeo.com\/video\/1181963159?badge=0&amp;autopause=0&amp;player_id=0&amp;app_id=58479\" frameborder=\"0\" allowfullscreen=\"allowfullscreen\"><br \/>\n<\/iframe><\/div>\n<p><script src=\"https:\/\/player.vimeo.com\/api\/player.js\"><\/script>[\/vc_column_text][vc_empty_space][vc_column_text uncode_shortcode_id=\u00bb181065&#8243; el_class=\u00bblineHeight\u00bb]<\/p>\n<p class=\"p1\">Ninguna vista traduce mejor la idea de eternidad que la del mar. Frente a su extensi\u00f3n infinita, tomamos conciencia de nuestra fragilidad, de nuestra peque\u00f1ez. El mar fascina, calma, hechiza e inspira una forma de asombro espiritual. El Mediterr\u00e1neo, en particular, ha alimentado innumerables relatos de los pueblos que lo bordean, hechos de descubrimientos, exilios, encuentros, esperanzas y tragedias. Sus olas atraviesan los siglos, como tantos pasajes, guerras y saberes compartidos. En <em>An echo, a wave<\/em> encontramos ese movimiento continuo: fluida como el mar, la obra hace surgir juegos de emociones, acercamientos y alejamientos entre dos seres.<\/p>\n<p>[\/vc_column_text][vc_empty_space][vc_custom_heading text_color=\u00bbaccent\u00bb uncode_shortcode_id=\u00bb190827&#8243; text_color_type=\u00bbuncode-palette\u00bb]Preludio[\/vc_custom_heading][vc_column_text uncode_shortcode_id=\u00bb179704&#8243; el_class=\u00bblineHeight\u00bb]<\/p>\n<p class=\"p1\">Coreograf\u00eda <strong>Diego Tortelli<\/strong><br \/>\nM\u00fasica <strong>AAVV<\/strong><br \/>\nIluminaci\u00f3n <strong>Carlo Cerri <\/strong><\/p>\n<p class=\"p1\">Creado en 2021 &#8211; Duraci\u00f3n 16 min<\/p>\n<p>[\/vc_column_text][vc_empty_space][vc_column_text uncode_shortcode_id=\u00bb484205&#8243; el_class=\u00bblineHeight\u00bb]<\/p>\n<p class=\"p1\"><em>Preludio<\/em> nos sumerge en la uni\u00f3n de dos mundos: la fiesta de pueblo italiana que se encuentra con la escena electro-underground de la metr\u00f3poli europea. Dos ambientes distintos, pero con puntos en com\u00fan: el baile al un\u00edsono y el momento compartido. Dos contextos diferentes, pero impulsados por el mismo sentimiento de libertad.<\/p>\n<p>[\/vc_column_text][\/vc_column][\/vc_row][vc_row row_height_percent=\u00bb0&#8243; overlay_alpha=\u00bb50&#8243; gutter_size=\u00bb3&#8243; column_width_percent=\u00bb100&#8243; shift_y=\u00bb0&#8243; z_index=\u00bb0&#8243; uncode_shortcode_id=\u00bb607236&#8243;][vc_column width=\u00bb2\/12&#8243;][\/vc_column][vc_column column_width_percent=\u00bb100&#8243; align_horizontal=\u00bbalign_center\u00bb gutter_size=\u00bb3&#8243; overlay_alpha=\u00bb50&#8243; shift_x=\u00bb0&#8243; shift_y=\u00bb0&#8243; shift_y_down=\u00bb0&#8243; z_index=\u00bb0&#8243; medium_width=\u00bb0&#8243; mobile_width=\u00bb0&#8243; width=\u00bb2\/3&#8243; uncode_shortcode_id=\u00bb853687&#8243;][vc_custom_heading text_color=\u00bbcolor-190155&#8243; uncode_shortcode_id=\u00bb529001&#8243; text_color_type=\u00bbuncode-palette\u00bb]En el repertorio[\/vc_custom_heading][uncode_index el_id=\u00bbindex-537495863&#8243; index_type=\u00bbcarousel\u00bb loop=\u00bbsize:3|order_by:date|post_type:page|tax_query:8|taxonomy_count:10&#8243; carousel_lg=\u00bb2&#8243; carousel_md=\u00bb2&#8243; carousel_sm=\u00bb1&#8243; thumb_size=\u00bbthree-two\u00bb gutter_size=\u00bb3&#8243; post_items=\u00bbmedia|featured|onpost|poster,date,title,text|excerpt|90,category|bordered|topright|hide-icon,sep-one|full,extra\u00bb page_items=\u00bbmedia|featured|onpost|original,title,text|excerpt,link|link|small_size|D\u00e9couvrir\u00bb carousel_interval=\u00bb3000&#8243; carousel_navspeed=\u00bb400&#8243; carousel_dots=\u00bbyes\u00bb carousel_dots_space=\u00bbyes\u00bb carousel_dots_mobile=\u00bbyes\u00bb stage_padding=\u00bb0&#8243; single_back_color=\u00bbcolor-563873&#8243; single_overlay_opacity=\u00bb50&#8243; single_text_visible=\u00bbyes\u00bb single_text_anim=\u00bbno\u00bb single_padding=\u00bb2&#8243; single_title_dimension=\u00bbh4&#8243; single_title_weight=\u00bb600&#8243; single_text_lead=\u00bbsmall\u00bb single_border=\u00bbyes\u00bb uncode_shortcode_id=\u00bb873563&#8243;][\/vc_column][vc_column width=\u00bb2\/12&#8243;][\/vc_column][\/vc_row][vc_row][vc_column width=\u00bb1\/1&#8243;][uncode_block id=\u00bb3542&#8243;][\/vc_column][\/vc_row]<\/p>\n<\/div>","protected":false},"excerpt":{"rendered":"<p>Este programa, para ocho bailarines, est\u00e1 compuesto por obras de Crystal Pite, Angelin Preljocaj, Philippe Kratz y Diego Tortelli.<\/p>\n","protected":false},"author":9,"featured_media":11804,"parent":6729,"menu_order":0,"comment_status":"closed","ping_status":"closed","template":"","meta":{"footnotes":""},"choregraphe":[],"directeur-artistique":[121],"class_list":["post-11792","page","type-page","status-publish","has-post-thumbnail","hentry","directeur-artistique-gigi-cristoforetti","page_category-aterballetto-es"],"yoast_head":"<!-- This site is optimized with the Yoast SEO plugin v27.3 - https:\/\/yoast.com\/product\/yoast-seo-wordpress\/ -->\n<title>Programa par 8 bailarines I Aterballetto I Delta Danse<\/title>\n<meta name=\"description\" content=\"Este programa, para ocho bailarines, est\u00e1 compuesto por obras de Crystal Pite, Angelin Preljocaj, Philippe Kratz y Diego Tortelli.\" \/>\n<meta name=\"robots\" content=\"index, follow, max-snippet:-1, max-image-preview:large, max-video-preview:-1\" \/>\n<link rel=\"canonical\" href=\"https:\/\/www.deltadanse.com\/es\/repertorio\/programa-8-bailarines\/\" \/>\n<meta property=\"og:locale\" content=\"es_ES\" \/>\n<meta property=\"og:type\" content=\"article\" \/>\n<meta property=\"og:title\" content=\"Programa par 8 bailarines I Aterballetto I Delta Danse\" \/>\n<meta property=\"og:description\" content=\"Este programa, para ocho bailarines, est\u00e1 compuesto por obras de Crystal Pite, Angelin Preljocaj, Philippe Kratz y Diego Tortelli.\" \/>\n<meta property=\"og:url\" content=\"https:\/\/www.deltadanse.com\/es\/repertorio\/programa-8-bailarines\/\" \/>\n<meta property=\"og:site_name\" content=\"Delta Danse\" \/>\n<meta property=\"article:modified_time\" content=\"2026-04-15T13:42:17+00:00\" \/>\n<meta property=\"og:image\" content=\"https:\/\/www.deltadanse.com\/wp-content\/uploads\/2025\/07\/CCN-Aterballetto-Reconciliatio-ph.-Christophe-Bernard-6-scaled.jpg\" \/>\n\t<meta property=\"og:image:width\" content=\"2560\" \/>\n\t<meta property=\"og:image:height\" content=\"1711\" \/>\n\t<meta property=\"og:image:type\" content=\"image\/jpeg\" \/>\n<meta name=\"twitter:card\" content=\"summary_large_image\" \/>\n<meta name=\"twitter:label1\" content=\"Tiempo de lectura\" \/>\n\t<meta name=\"twitter:data1\" content=\"4 minutos\" \/>\n<script type=\"application\/ld+json\" class=\"yoast-schema-graph\">{\"@context\":\"https:\\\/\\\/schema.org\",\"@graph\":[{\"@type\":\"WebPage\",\"@id\":\"https:\\\/\\\/www.deltadanse.com\\\/es\\\/repertorio\\\/programa-8-bailarines\\\/\",\"url\":\"https:\\\/\\\/www.deltadanse.com\\\/es\\\/repertorio\\\/programa-8-bailarines\\\/\",\"name\":\"Programa par 8 bailarines I Aterballetto I Delta Danse\",\"isPartOf\":{\"@id\":\"https:\\\/\\\/www.deltadanse.com\\\/es\\\/#website\"},\"primaryImageOfPage\":{\"@id\":\"https:\\\/\\\/www.deltadanse.com\\\/es\\\/repertorio\\\/programa-8-bailarines\\\/#primaryimage\"},\"image\":{\"@id\":\"https:\\\/\\\/www.deltadanse.com\\\/es\\\/repertorio\\\/programa-8-bailarines\\\/#primaryimage\"},\"thumbnailUrl\":\"https:\\\/\\\/www.deltadanse.com\\\/wp-content\\\/uploads\\\/2025\\\/07\\\/CCN-Aterballetto-Reconciliatio-ph.-Christophe-Bernard-6-scaled.jpg\",\"datePublished\":\"2025-07-15T13:49:41+00:00\",\"dateModified\":\"2026-04-15T13:42:17+00:00\",\"description\":\"Este programa, para ocho bailarines, est\u00e1 compuesto por obras de Crystal Pite, Angelin Preljocaj, Philippe Kratz y Diego Tortelli.\",\"breadcrumb\":{\"@id\":\"https:\\\/\\\/www.deltadanse.com\\\/es\\\/repertorio\\\/programa-8-bailarines\\\/#breadcrumb\"},\"inLanguage\":\"es\",\"potentialAction\":[{\"@type\":\"ReadAction\",\"target\":[\"https:\\\/\\\/www.deltadanse.com\\\/es\\\/repertorio\\\/programa-8-bailarines\\\/\"]}]},{\"@type\":\"ImageObject\",\"inLanguage\":\"es\",\"@id\":\"https:\\\/\\\/www.deltadanse.com\\\/es\\\/repertorio\\\/programa-8-bailarines\\\/#primaryimage\",\"url\":\"https:\\\/\\\/www.deltadanse.com\\\/wp-content\\\/uploads\\\/2025\\\/07\\\/CCN-Aterballetto-Reconciliatio-ph.-Christophe-Bernard-6-scaled.jpg\",\"contentUrl\":\"https:\\\/\\\/www.deltadanse.com\\\/wp-content\\\/uploads\\\/2025\\\/07\\\/CCN-Aterballetto-Reconciliatio-ph.-Christophe-Bernard-6-scaled.jpg\",\"width\":2560,\"height\":1711},{\"@type\":\"BreadcrumbList\",\"@id\":\"https:\\\/\\\/www.deltadanse.com\\\/es\\\/repertorio\\\/programa-8-bailarines\\\/#breadcrumb\",\"itemListElement\":[{\"@type\":\"ListItem\",\"position\":1,\"name\":\"Accueil\",\"item\":\"https:\\\/\\\/www.deltadanse.com\\\/es\\\/\"},{\"@type\":\"ListItem\",\"position\":2,\"name\":\"Repertorio\",\"item\":\"https:\\\/\\\/www.deltadanse.com\\\/es\\\/repertorio\\\/\"},{\"@type\":\"ListItem\",\"position\":3,\"name\":\"Programa par 8 bailarines\"}]},{\"@type\":\"WebSite\",\"@id\":\"https:\\\/\\\/www.deltadanse.com\\\/es\\\/#website\",\"url\":\"https:\\\/\\\/www.deltadanse.com\\\/es\\\/\",\"name\":\"Delta Danse\",\"description\":\"Just another WordPress site\",\"potentialAction\":[{\"@type\":\"SearchAction\",\"target\":{\"@type\":\"EntryPoint\",\"urlTemplate\":\"https:\\\/\\\/www.deltadanse.com\\\/es\\\/?s={search_term_string}\"},\"query-input\":{\"@type\":\"PropertyValueSpecification\",\"valueRequired\":true,\"valueName\":\"search_term_string\"}}],\"inLanguage\":\"es\"}]}<\/script>\n<!-- \/ Yoast SEO plugin. -->","yoast_head_json":{"title":"Programa par 8 bailarines I Aterballetto I Delta Danse","description":"Este programa, para ocho bailarines, est\u00e1 compuesto por obras de Crystal Pite, Angelin Preljocaj, Philippe Kratz y Diego Tortelli.","robots":{"index":"index","follow":"follow","max-snippet":"max-snippet:-1","max-image-preview":"max-image-preview:large","max-video-preview":"max-video-preview:-1"},"canonical":"https:\/\/www.deltadanse.com\/es\/repertorio\/programa-8-bailarines\/","og_locale":"es_ES","og_type":"article","og_title":"Programa par 8 bailarines I Aterballetto I Delta Danse","og_description":"Este programa, para ocho bailarines, est\u00e1 compuesto por obras de Crystal Pite, Angelin Preljocaj, Philippe Kratz y Diego Tortelli.","og_url":"https:\/\/www.deltadanse.com\/es\/repertorio\/programa-8-bailarines\/","og_site_name":"Delta Danse","article_modified_time":"2026-04-15T13:42:17+00:00","og_image":[{"width":2560,"height":1711,"url":"https:\/\/www.deltadanse.com\/wp-content\/uploads\/2025\/07\/CCN-Aterballetto-Reconciliatio-ph.-Christophe-Bernard-6-scaled.jpg","type":"image\/jpeg"}],"twitter_card":"summary_large_image","twitter_misc":{"Tiempo de lectura":"4 minutos"},"schema":{"@context":"https:\/\/schema.org","@graph":[{"@type":"WebPage","@id":"https:\/\/www.deltadanse.com\/es\/repertorio\/programa-8-bailarines\/","url":"https:\/\/www.deltadanse.com\/es\/repertorio\/programa-8-bailarines\/","name":"Programa par 8 bailarines I Aterballetto I Delta Danse","isPartOf":{"@id":"https:\/\/www.deltadanse.com\/es\/#website"},"primaryImageOfPage":{"@id":"https:\/\/www.deltadanse.com\/es\/repertorio\/programa-8-bailarines\/#primaryimage"},"image":{"@id":"https:\/\/www.deltadanse.com\/es\/repertorio\/programa-8-bailarines\/#primaryimage"},"thumbnailUrl":"https:\/\/www.deltadanse.com\/wp-content\/uploads\/2025\/07\/CCN-Aterballetto-Reconciliatio-ph.-Christophe-Bernard-6-scaled.jpg","datePublished":"2025-07-15T13:49:41+00:00","dateModified":"2026-04-15T13:42:17+00:00","description":"Este programa, para ocho bailarines, est\u00e1 compuesto por obras de Crystal Pite, Angelin Preljocaj, Philippe Kratz y Diego Tortelli.","breadcrumb":{"@id":"https:\/\/www.deltadanse.com\/es\/repertorio\/programa-8-bailarines\/#breadcrumb"},"inLanguage":"es","potentialAction":[{"@type":"ReadAction","target":["https:\/\/www.deltadanse.com\/es\/repertorio\/programa-8-bailarines\/"]}]},{"@type":"ImageObject","inLanguage":"es","@id":"https:\/\/www.deltadanse.com\/es\/repertorio\/programa-8-bailarines\/#primaryimage","url":"https:\/\/www.deltadanse.com\/wp-content\/uploads\/2025\/07\/CCN-Aterballetto-Reconciliatio-ph.-Christophe-Bernard-6-scaled.jpg","contentUrl":"https:\/\/www.deltadanse.com\/wp-content\/uploads\/2025\/07\/CCN-Aterballetto-Reconciliatio-ph.-Christophe-Bernard-6-scaled.jpg","width":2560,"height":1711},{"@type":"BreadcrumbList","@id":"https:\/\/www.deltadanse.com\/es\/repertorio\/programa-8-bailarines\/#breadcrumb","itemListElement":[{"@type":"ListItem","position":1,"name":"Accueil","item":"https:\/\/www.deltadanse.com\/es\/"},{"@type":"ListItem","position":2,"name":"Repertorio","item":"https:\/\/www.deltadanse.com\/es\/repertorio\/"},{"@type":"ListItem","position":3,"name":"Programa par 8 bailarines"}]},{"@type":"WebSite","@id":"https:\/\/www.deltadanse.com\/es\/#website","url":"https:\/\/www.deltadanse.com\/es\/","name":"Delta Danse","description":"Just another WordPress site","potentialAction":[{"@type":"SearchAction","target":{"@type":"EntryPoint","urlTemplate":"https:\/\/www.deltadanse.com\/es\/?s={search_term_string}"},"query-input":{"@type":"PropertyValueSpecification","valueRequired":true,"valueName":"search_term_string"}}],"inLanguage":"es"}]}},"_links":{"self":[{"href":"https:\/\/www.deltadanse.com\/es\/wp-json\/wp\/v2\/pages\/11792","targetHints":{"allow":["GET"]}}],"collection":[{"href":"https:\/\/www.deltadanse.com\/es\/wp-json\/wp\/v2\/pages"}],"about":[{"href":"https:\/\/www.deltadanse.com\/es\/wp-json\/wp\/v2\/types\/page"}],"author":[{"embeddable":true,"href":"https:\/\/www.deltadanse.com\/es\/wp-json\/wp\/v2\/users\/9"}],"replies":[{"embeddable":true,"href":"https:\/\/www.deltadanse.com\/es\/wp-json\/wp\/v2\/comments?post=11792"}],"version-history":[{"count":4,"href":"https:\/\/www.deltadanse.com\/es\/wp-json\/wp\/v2\/pages\/11792\/revisions"}],"predecessor-version":[{"id":13167,"href":"https:\/\/www.deltadanse.com\/es\/wp-json\/wp\/v2\/pages\/11792\/revisions\/13167"}],"up":[{"embeddable":true,"href":"https:\/\/www.deltadanse.com\/es\/wp-json\/wp\/v2\/pages\/6729"}],"wp:featuredmedia":[{"embeddable":true,"href":"https:\/\/www.deltadanse.com\/es\/wp-json\/wp\/v2\/media\/11804"}],"wp:attachment":[{"href":"https:\/\/www.deltadanse.com\/es\/wp-json\/wp\/v2\/media?parent=11792"}],"wp:term":[{"taxonomy":"choregraphe","embeddable":true,"href":"https:\/\/www.deltadanse.com\/es\/wp-json\/wp\/v2\/choregraphe?post=11792"},{"taxonomy":"directeur-artistique","embeddable":true,"href":"https:\/\/www.deltadanse.com\/es\/wp-json\/wp\/v2\/directeur-artistique?post=11792"}],"curies":[{"name":"wp","href":"https:\/\/api.w.org\/{rel}","templated":true}]}}