{"id":12481,"date":"2025-11-18T15:13:42","date_gmt":"2025-11-18T14:13:42","guid":{"rendered":"https:\/\/www.deltadanse.com\/?page_id=12481"},"modified":"2026-01-31T21:10:57","modified_gmt":"2026-01-31T20:10:57","slug":"flowing","status":"publish","type":"page","link":"https:\/\/www.deltadanse.com\/es\/repertorio\/flowing\/","title":{"rendered":"Flowing"},"content":{"rendered":"<div class=\"wpb-content-wrapper\"><p>[vc_row unlock_row_content=\u00bbyes\u00bb row_height_percent=\u00bb0&#8243; override_padding=\u00bbyes\u00bb h_padding=\u00bb7&#8243; top_padding=\u00bb2&#8243; bottom_padding=\u00bb2&#8243; overlay_alpha=\u00bb50&#8243; gutter_size=\u00bb3&#8243; column_width_percent=\u00bb100&#8243; shift_y=\u00bb0&#8243; z_index=\u00bb0&#8243; uncode_shortcode_id=\u00bb347231&#8243;][vc_column column_width_percent=\u00bb100&#8243; align_horizontal=\u00bbalign_center\u00bb gutter_size=\u00bb2&#8243; overlay_alpha=\u00bb50&#8243; shift_x=\u00bb0&#8243; shift_y=\u00bb0&#8243; shift_y_down=\u00bb0&#8243; z_index=\u00bb0&#8243; medium_width=\u00bb0&#8243; mobile_width=\u00bb0&#8243; width=\u00bb7\/12&#8243; uncode_shortcode_id=\u00bb850447&#8243;][vc_row_inner row_inner_height_percent=\u00bb0&#8243; overlay_alpha=\u00bb50&#8243; gutter_size=\u00bb3&#8243; shift_y=\u00bb0&#8243; z_index=\u00bb0&#8243; uncode_shortcode_id=\u00bb100565&#8243; limit_content=\u00bb\u00bb][vc_column_inner column_width_percent=\u00bb100&#8243; gutter_size=\u00bb3&#8243; overlay_alpha=\u00bb50&#8243; shift_x=\u00bb0&#8243; shift_y=\u00bb0&#8243; shift_y_down=\u00bb0&#8243; z_index=\u00bb0&#8243; medium_width=\u00bb0&#8243; mobile_width=\u00bb0&#8243; width=\u00bb1\/1&#8243; uncode_shortcode_id=\u00bb109405&#8243;][vc_gallery el_id=\u00bbgallery-191160&#8243; type=\u00bbcarousel\u00bb medias=\u00bb12526,12528,12529,12533,12532,12497,12530,12527,12531&#8243; carousel_lg=\u00bb1&#8243; carousel_md=\u00bb1&#8243; carousel_sm=\u00bb1&#8243; thumb_size=\u00bbthree-two\u00bb gutter_size=\u00bb3&#8243; media_items=\u00bbmedia|nolink|original,icon\u00bb carousel_interval=\u00bb3000&#8243; carousel_navspeed=\u00bb400&#8243; stage_padding=\u00bb0&#8243; single_overlay_opacity=\u00bb50&#8243; single_padding=\u00bb2&#8243; uncode_shortcode_id=\u00bb139173&#8243; el_class=\u00bbcarrousel-compagnie\u00bb][vc_empty_space empty_h=\u00bb2&#8243; medium_visibility=\u00bbyes\u00bb mobile_visibility=\u00bbyes\u00bb][\/vc_column_inner][\/vc_row_inner][vc_row_inner limit_content=\u00bb\u00bb][vc_column_inner width=\u00bb1\/6&#8243;][\/vc_column_inner][vc_column_inner column_width_percent=\u00bb100&#8243; gutter_size=\u00bb2&#8243; overlay_alpha=\u00bb50&#8243; shift_x=\u00bb0&#8243; shift_y=\u00bb0&#8243; shift_y_down=\u00bb0&#8243; z_index=\u00bb0&#8243; medium_width=\u00bb0&#8243; mobile_width=\u00bb0&#8243; width=\u00bb2\/3&#8243; uncode_shortcode_id=\u00bb173854&#8243;][calendar_season style=\u00bbrepertoire\u00bb repertoire=\u00bb11963&#8243;][\/vc_column_inner][vc_column_inner width=\u00bb1\/6&#8243;][\/vc_column_inner][\/vc_row_inner][\/vc_column][vc_column column_width_percent=\u00bb100&#8243; gutter_size=\u00bb2&#8243; override_padding=\u00bbyes\u00bb column_padding=\u00bb3&#8243; overlay_alpha=\u00bb50&#8243; shift_x=\u00bb0&#8243; shift_y=\u00bb0&#8243; shift_y_down=\u00bb0&#8243; z_index=\u00bb0&#8243; medium_width=\u00bb0&#8243; mobile_width=\u00bb0&#8243; width=\u00bb5\/12&#8243; uncode_shortcode_id=\u00bb118726&#8243; el_class=\u00bbcontenu-compagnie\u00bb][vc_row_inner limit_content=\u00bb\u00bb][vc_column_inner column_width_percent=\u00bb100&#8243; gutter_size=\u00bb2&#8243; overlay_alpha=\u00bb50&#8243; shift_x=\u00bb0&#8243; shift_y=\u00bb0&#8243; shift_y_down=\u00bb0&#8243; z_index=\u00bb0&#8243; medium_width=\u00bb0&#8243; mobile_width=\u00bb0&#8243; width=\u00bb1\/1&#8243; uncode_shortcode_id=\u00bb727088&#8243;][vc_custom_heading text_color=\u00bbaccent\u00bb heading_semantic=\u00bbh1&#8243; text_size=\u00bbfontsize-127449&#8243; uncode_shortcode_id=\u00bb181099&#8243; text_color_type=\u00bbuncode-palette\u00bb]Flowing[\/vc_custom_heading][vc_custom_heading text_size=\u00bbh4&#8243; text_weight=\u00bb600&#8243; uncode_shortcode_id=\u00bb169869&#8243;]<a href=\"https:\/\/www.deltadanse.com\/es\/companias-delta-danse\/b-dance\/\">B.DANCE<\/a>[\/vc_custom_heading][vc_column_text uncode_shortcode_id=\u00bb134698&#8243;]<\/p>\n<p class=\"p1\">Coreograf\u00eda <b>Po-Cheng Tsai<br \/>\n<\/b>Director de ensayos <b>Sheng-Ho Chang<br \/>\n<\/b>Direcci\u00f3n t\u00e9cnica y dise\u00f1o de iluminaci\u00f3n <b>Chih-Chen Liu<br \/>\n<\/b>Regidora <b>Pai-Yu Tseng<br \/>\n<\/b>Dise\u00f1ador gr\u00e1fico <b>Johnson Wang<br \/>\n<\/b>Coordinadora de producci\u00f3n <b>Yen-Ling Yi<br \/>\n<\/b>Productora <b>Chia-Fang Sun<br \/>\n<\/b>Responsable de marketing <b>Kuan-Shiang Liao<br \/>\n<\/b>Asistente de producci\u00f3n <b>Siang-Fu Zeng<\/b><\/p>\n<p class=\"p1\">Creado en 2025 \u2013 Duraci\u00f3n 70 min.<br \/>\nPara 14 bailarines<\/p>\n<p>[\/vc_column_text][vc_empty_space][\/vc_column_inner][\/vc_row_inner][vc_column_text uncode_shortcode_id=\u00bb197545&#8243;]<\/p>\n<div style=\"padding: 56.25% 0 0 0; position: relative;\"><iframe style=\"position: absolute; top: 0; left: 0; width: 100%; height: 100%;\" title=\"B.DANCE - Flowing\" src=\"https:\/\/player.vimeo.com\/video\/1141436129?badge=0&amp;autopause=0&amp;player_id=0&amp;app_id=58479\" frameborder=\"0\" allowfullscreen=\"allowfullscreen\"><br \/>\n<\/iframe><\/div>\n<p><script src=\"https:\/\/player.vimeo.com\/api\/player.js\"><\/script>[\/vc_column_text][vc_column_text uncode_shortcode_id=\u00bb130640&#8243; el_class=\u00bblineHeight\u00bb]<\/p>\n<p class=\"p1\">En las culturas orientales, la imagen de la carpa koi simboliza la prosperidad y la fortuna, encarnando la esperanza de una vida armoniosa y de un futuro favorable. <i>Flowing<\/i> adopta esta figura, omnipresente en Taiw\u00e1n, visible tanto en estanques ornamentales como en acuarios decorativos, y transforma estas observaciones cotidianas en un vocabulario coreogr\u00e1fico contempor\u00e1neo.<\/p>\n<p class=\"p1\">Inspirada en las pinturas a tinta de Cai Jiu-Wu y reinterpretando tradiciones populares locales a trav\u00e9s de elementos de la cultura contempor\u00e1nea, la coreograf\u00eda entrelaza realidad e ilusi\u00f3n, est\u00e9tica del cuerpo y de la imagen. Estructurada seg\u00fan los t\u00e9rminos solares del calendario lunar, la obra evoca el paso del tiempo y el ciclo infinito de lo viviente: los cuerpos de los bailarines fluyen a veces como el agua, otras se convierten en un banco de peces, explorando la pulsaci\u00f3n de la vida entre dispersi\u00f3n y reuni\u00f3n, entre movimientos colectivos y soledades.<\/p>\n<p class=\"p1\">M\u00e1s que un homenaje a la cultura tradicional, <i>Flowing<\/i> ofrece una mirada contempor\u00e1nea sobre el tiempo, las emociones y la vida, dibujando un poema flexible sobre el fluir, el cambio y los lazos que nos unen.<\/p>\n<p>[\/vc_column_text][vc_empty_space][\/vc_column][\/vc_row][vc_row row_height_percent=\u00bb0&#8243; overlay_alpha=\u00bb50&#8243; gutter_size=\u00bb3&#8243; column_width_percent=\u00bb100&#8243; shift_y=\u00bb0&#8243; z_index=\u00bb0&#8243; uncode_shortcode_id=\u00bb607236&#8243;][vc_column width=\u00bb2\/12&#8243;][\/vc_column][vc_column column_width_percent=\u00bb100&#8243; align_horizontal=\u00bbalign_center\u00bb gutter_size=\u00bb3&#8243; overlay_alpha=\u00bb50&#8243; shift_x=\u00bb0&#8243; shift_y=\u00bb0&#8243; shift_y_down=\u00bb0&#8243; z_index=\u00bb0&#8243; medium_width=\u00bb0&#8243; mobile_width=\u00bb0&#8243; width=\u00bb2\/3&#8243; uncode_shortcode_id=\u00bb853687&#8243;][vc_custom_heading text_color=\u00bbcolor-190155&#8243; uncode_shortcode_id=\u00bb529001&#8243; text_color_type=\u00bbuncode-palette\u00bb]En el repertorio[\/vc_custom_heading][uncode_index el_id=\u00bbindex-537495863&#8243; index_type=\u00bbcarousel\u00bb loop=\u00bbsize:3|order_by:date|post_type:page|tax_query:9|taxonomy_count:10&#8243; carousel_lg=\u00bb2&#8243; carousel_md=\u00bb2&#8243; carousel_sm=\u00bb1&#8243; thumb_size=\u00bbthree-two\u00bb gutter_size=\u00bb3&#8243; post_items=\u00bbmedia|featured|onpost|poster,date,title,text|excerpt|90,category|bordered|topright|hide-icon,sep-one|full,extra\u00bb page_items=\u00bbmedia|featured|onpost|original,title,text|excerpt,link|link|small_size|D\u00e9couvrir\u00bb carousel_interval=\u00bb3000&#8243; carousel_navspeed=\u00bb400&#8243; carousel_dots=\u00bbyes\u00bb carousel_dots_space=\u00bbyes\u00bb carousel_dots_mobile=\u00bbyes\u00bb stage_padding=\u00bb0&#8243; single_back_color=\u00bbcolor-563873&#8243; single_overlay_opacity=\u00bb50&#8243; single_text_visible=\u00bbyes\u00bb single_text_anim=\u00bbno\u00bb single_padding=\u00bb2&#8243; single_title_dimension=\u00bbh4&#8243; single_title_weight=\u00bb600&#8243; single_text_lead=\u00bbsmall\u00bb single_border=\u00bbyes\u00bb uncode_shortcode_id=\u00bb150053&#8243;][\/vc_column][vc_column width=\u00bb2\/12&#8243;][\/vc_column][\/vc_row][vc_row][vc_column width=\u00bb1\/1&#8243;][uncode_block id=\u00bb3542&#8243;][\/vc_column][\/vc_row]<\/p>\n<\/div>","protected":false},"excerpt":{"rendered":"<p>Inspirado en las pinturas en tinta de Cai Jiu-Wu y las culturas orientales, Flowing es un poema danzado sobre el tiempo, las emociones y el movimiento de la vida.<\/p>\n","protected":false},"author":9,"featured_media":12497,"parent":6729,"menu_order":0,"comment_status":"closed","ping_status":"closed","template":"","meta":{"footnotes":""},"choregraphe":[124],"directeur-artistique":[123],"class_list":["post-12481","page","type-page","status-publish","has-post-thumbnail","hentry","choregraphe-po-cheng-tsai","directeur-artistique-po-cheng-tsai","page_category-b-dance-es"],"yoast_head":"<!-- This site is optimized with the Yoast SEO plugin v27.3 - https:\/\/yoast.com\/product\/yoast-seo-wordpress\/ -->\n<title>Flowing I B.DANCE I Delta Danse<\/title>\n<meta name=\"description\" content=\"Inspirado en las pinturas en tinta de Cai Jiu-Wu y las culturas orientales, Flowing es un poema danzado sobre el tiempo, las emociones y el movimiento de la vida.\" \/>\n<meta name=\"robots\" content=\"index, follow, max-snippet:-1, max-image-preview:large, max-video-preview:-1\" \/>\n<link rel=\"canonical\" href=\"https:\/\/www.deltadanse.com\/es\/repertorio\/flowing\/\" \/>\n<meta property=\"og:locale\" content=\"es_ES\" \/>\n<meta property=\"og:type\" content=\"article\" \/>\n<meta property=\"og:title\" content=\"Flowing I B.DANCE I Delta Danse\" \/>\n<meta property=\"og:description\" content=\"Inspirado en las pinturas en tinta de Cai Jiu-Wu y las culturas orientales, Flowing es un poema danzado sobre el tiempo, las emociones y el movimiento de la vida.\" \/>\n<meta property=\"og:url\" content=\"https:\/\/www.deltadanse.com\/es\/repertorio\/flowing\/\" \/>\n<meta property=\"og:site_name\" content=\"Delta Danse\" \/>\n<meta property=\"article:modified_time\" content=\"2026-01-31T20:10:57+00:00\" \/>\n<meta property=\"og:image\" content=\"https:\/\/www.deltadanse.com\/wp-content\/uploads\/2025\/11\/DSCF5576-scaled.jpg\" \/>\n\t<meta property=\"og:image:width\" content=\"2560\" \/>\n\t<meta property=\"og:image:height\" content=\"1707\" \/>\n\t<meta property=\"og:image:type\" content=\"image\/jpeg\" \/>\n<meta name=\"twitter:card\" content=\"summary_large_image\" \/>\n<meta name=\"twitter:label1\" content=\"Tiempo de lectura\" \/>\n\t<meta name=\"twitter:data1\" content=\"3 minutos\" \/>\n<script type=\"application\/ld+json\" class=\"yoast-schema-graph\">{\"@context\":\"https:\\\/\\\/schema.org\",\"@graph\":[{\"@type\":\"WebPage\",\"@id\":\"https:\\\/\\\/www.deltadanse.com\\\/es\\\/repertorio\\\/flowing\\\/\",\"url\":\"https:\\\/\\\/www.deltadanse.com\\\/es\\\/repertorio\\\/flowing\\\/\",\"name\":\"Flowing I B.DANCE I Delta Danse\",\"isPartOf\":{\"@id\":\"https:\\\/\\\/www.deltadanse.com\\\/es\\\/#website\"},\"primaryImageOfPage\":{\"@id\":\"https:\\\/\\\/www.deltadanse.com\\\/es\\\/repertorio\\\/flowing\\\/#primaryimage\"},\"image\":{\"@id\":\"https:\\\/\\\/www.deltadanse.com\\\/es\\\/repertorio\\\/flowing\\\/#primaryimage\"},\"thumbnailUrl\":\"https:\\\/\\\/www.deltadanse.com\\\/wp-content\\\/uploads\\\/2025\\\/11\\\/DSCF5576-scaled.jpg\",\"datePublished\":\"2025-11-18T14:13:42+00:00\",\"dateModified\":\"2026-01-31T20:10:57+00:00\",\"description\":\"Inspirado en las pinturas en tinta de Cai Jiu-Wu y las culturas orientales, Flowing es un poema danzado sobre el tiempo, las emociones y el movimiento de la vida.\",\"breadcrumb\":{\"@id\":\"https:\\\/\\\/www.deltadanse.com\\\/es\\\/repertorio\\\/flowing\\\/#breadcrumb\"},\"inLanguage\":\"es\",\"potentialAction\":[{\"@type\":\"ReadAction\",\"target\":[\"https:\\\/\\\/www.deltadanse.com\\\/es\\\/repertorio\\\/flowing\\\/\"]}]},{\"@type\":\"ImageObject\",\"inLanguage\":\"es\",\"@id\":\"https:\\\/\\\/www.deltadanse.com\\\/es\\\/repertorio\\\/flowing\\\/#primaryimage\",\"url\":\"https:\\\/\\\/www.deltadanse.com\\\/wp-content\\\/uploads\\\/2025\\\/11\\\/DSCF5576-scaled.jpg\",\"contentUrl\":\"https:\\\/\\\/www.deltadanse.com\\\/wp-content\\\/uploads\\\/2025\\\/11\\\/DSCF5576-scaled.jpg\",\"width\":2560,\"height\":1707},{\"@type\":\"BreadcrumbList\",\"@id\":\"https:\\\/\\\/www.deltadanse.com\\\/es\\\/repertorio\\\/flowing\\\/#breadcrumb\",\"itemListElement\":[{\"@type\":\"ListItem\",\"position\":1,\"name\":\"Accueil\",\"item\":\"https:\\\/\\\/www.deltadanse.com\\\/es\\\/\"},{\"@type\":\"ListItem\",\"position\":2,\"name\":\"Repertorio\",\"item\":\"https:\\\/\\\/www.deltadanse.com\\\/es\\\/repertorio\\\/\"},{\"@type\":\"ListItem\",\"position\":3,\"name\":\"Flowing\"}]},{\"@type\":\"WebSite\",\"@id\":\"https:\\\/\\\/www.deltadanse.com\\\/es\\\/#website\",\"url\":\"https:\\\/\\\/www.deltadanse.com\\\/es\\\/\",\"name\":\"Delta Danse\",\"description\":\"Just another WordPress site\",\"potentialAction\":[{\"@type\":\"SearchAction\",\"target\":{\"@type\":\"EntryPoint\",\"urlTemplate\":\"https:\\\/\\\/www.deltadanse.com\\\/es\\\/?s={search_term_string}\"},\"query-input\":{\"@type\":\"PropertyValueSpecification\",\"valueRequired\":true,\"valueName\":\"search_term_string\"}}],\"inLanguage\":\"es\"}]}<\/script>\n<!-- \/ Yoast SEO plugin. -->","yoast_head_json":{"title":"Flowing I B.DANCE I Delta Danse","description":"Inspirado en las pinturas en tinta de Cai Jiu-Wu y las culturas orientales, Flowing es un poema danzado sobre el tiempo, las emociones y el movimiento de la vida.","robots":{"index":"index","follow":"follow","max-snippet":"max-snippet:-1","max-image-preview":"max-image-preview:large","max-video-preview":"max-video-preview:-1"},"canonical":"https:\/\/www.deltadanse.com\/es\/repertorio\/flowing\/","og_locale":"es_ES","og_type":"article","og_title":"Flowing I B.DANCE I Delta Danse","og_description":"Inspirado en las pinturas en tinta de Cai Jiu-Wu y las culturas orientales, Flowing es un poema danzado sobre el tiempo, las emociones y el movimiento de la vida.","og_url":"https:\/\/www.deltadanse.com\/es\/repertorio\/flowing\/","og_site_name":"Delta Danse","article_modified_time":"2026-01-31T20:10:57+00:00","og_image":[{"width":2560,"height":1707,"url":"https:\/\/www.deltadanse.com\/wp-content\/uploads\/2025\/11\/DSCF5576-scaled.jpg","type":"image\/jpeg"}],"twitter_card":"summary_large_image","twitter_misc":{"Tiempo de lectura":"3 minutos"},"schema":{"@context":"https:\/\/schema.org","@graph":[{"@type":"WebPage","@id":"https:\/\/www.deltadanse.com\/es\/repertorio\/flowing\/","url":"https:\/\/www.deltadanse.com\/es\/repertorio\/flowing\/","name":"Flowing I B.DANCE I Delta Danse","isPartOf":{"@id":"https:\/\/www.deltadanse.com\/es\/#website"},"primaryImageOfPage":{"@id":"https:\/\/www.deltadanse.com\/es\/repertorio\/flowing\/#primaryimage"},"image":{"@id":"https:\/\/www.deltadanse.com\/es\/repertorio\/flowing\/#primaryimage"},"thumbnailUrl":"https:\/\/www.deltadanse.com\/wp-content\/uploads\/2025\/11\/DSCF5576-scaled.jpg","datePublished":"2025-11-18T14:13:42+00:00","dateModified":"2026-01-31T20:10:57+00:00","description":"Inspirado en las pinturas en tinta de Cai Jiu-Wu y las culturas orientales, Flowing es un poema danzado sobre el tiempo, las emociones y el movimiento de la vida.","breadcrumb":{"@id":"https:\/\/www.deltadanse.com\/es\/repertorio\/flowing\/#breadcrumb"},"inLanguage":"es","potentialAction":[{"@type":"ReadAction","target":["https:\/\/www.deltadanse.com\/es\/repertorio\/flowing\/"]}]},{"@type":"ImageObject","inLanguage":"es","@id":"https:\/\/www.deltadanse.com\/es\/repertorio\/flowing\/#primaryimage","url":"https:\/\/www.deltadanse.com\/wp-content\/uploads\/2025\/11\/DSCF5576-scaled.jpg","contentUrl":"https:\/\/www.deltadanse.com\/wp-content\/uploads\/2025\/11\/DSCF5576-scaled.jpg","width":2560,"height":1707},{"@type":"BreadcrumbList","@id":"https:\/\/www.deltadanse.com\/es\/repertorio\/flowing\/#breadcrumb","itemListElement":[{"@type":"ListItem","position":1,"name":"Accueil","item":"https:\/\/www.deltadanse.com\/es\/"},{"@type":"ListItem","position":2,"name":"Repertorio","item":"https:\/\/www.deltadanse.com\/es\/repertorio\/"},{"@type":"ListItem","position":3,"name":"Flowing"}]},{"@type":"WebSite","@id":"https:\/\/www.deltadanse.com\/es\/#website","url":"https:\/\/www.deltadanse.com\/es\/","name":"Delta Danse","description":"Just another WordPress site","potentialAction":[{"@type":"SearchAction","target":{"@type":"EntryPoint","urlTemplate":"https:\/\/www.deltadanse.com\/es\/?s={search_term_string}"},"query-input":{"@type":"PropertyValueSpecification","valueRequired":true,"valueName":"search_term_string"}}],"inLanguage":"es"}]}},"_links":{"self":[{"href":"https:\/\/www.deltadanse.com\/es\/wp-json\/wp\/v2\/pages\/12481","targetHints":{"allow":["GET"]}}],"collection":[{"href":"https:\/\/www.deltadanse.com\/es\/wp-json\/wp\/v2\/pages"}],"about":[{"href":"https:\/\/www.deltadanse.com\/es\/wp-json\/wp\/v2\/types\/page"}],"author":[{"embeddable":true,"href":"https:\/\/www.deltadanse.com\/es\/wp-json\/wp\/v2\/users\/9"}],"replies":[{"embeddable":true,"href":"https:\/\/www.deltadanse.com\/es\/wp-json\/wp\/v2\/comments?post=12481"}],"version-history":[{"count":0,"href":"https:\/\/www.deltadanse.com\/es\/wp-json\/wp\/v2\/pages\/12481\/revisions"}],"up":[{"embeddable":true,"href":"https:\/\/www.deltadanse.com\/es\/wp-json\/wp\/v2\/pages\/6729"}],"wp:featuredmedia":[{"embeddable":true,"href":"https:\/\/www.deltadanse.com\/es\/wp-json\/wp\/v2\/media\/12497"}],"wp:attachment":[{"href":"https:\/\/www.deltadanse.com\/es\/wp-json\/wp\/v2\/media?parent=12481"}],"wp:term":[{"taxonomy":"choregraphe","embeddable":true,"href":"https:\/\/www.deltadanse.com\/es\/wp-json\/wp\/v2\/choregraphe?post=12481"},{"taxonomy":"directeur-artistique","embeddable":true,"href":"https:\/\/www.deltadanse.com\/es\/wp-json\/wp\/v2\/directeur-artistique?post=12481"}],"curies":[{"name":"wp","href":"https:\/\/api.w.org\/{rel}","templated":true}]}}