{"id":13002,"date":"2026-04-10T11:45:55","date_gmt":"2026-04-10T09:45:55","guid":{"rendered":"https:\/\/www.deltadanse.com\/?page_id=13002"},"modified":"2026-04-10T15:17:34","modified_gmt":"2026-04-10T13:17:34","slug":"dancenorth-australia","status":"publish","type":"page","link":"https:\/\/www.deltadanse.com\/es\/companias-delta-danse\/dancenorth-australia\/","title":{"rendered":"Dancenorth Australia"},"content":{"rendered":"<div class=\"wpb-content-wrapper\"><p>[vc_row unlock_row_content=\u00bbyes\u00bb row_height_percent=\u00bb0&#8243; override_padding=\u00bbyes\u00bb h_padding=\u00bb7&#8243; top_padding=\u00bb2&#8243; bottom_padding=\u00bb2&#8243; overlay_alpha=\u00bb50&#8243; gutter_size=\u00bb3&#8243; column_width_percent=\u00bb100&#8243; shift_y=\u00bb0&#8243; z_index=\u00bb0&#8243; uncode_shortcode_id=\u00bb347231&#8243;][vc_column column_width_percent=\u00bb100&#8243; align_horizontal=\u00bbalign_center\u00bb gutter_size=\u00bb2&#8243; overlay_alpha=\u00bb50&#8243; shift_x=\u00bb0&#8243; shift_y=\u00bb0&#8243; shift_y_down=\u00bb0&#8243; z_index=\u00bb0&#8243; medium_width=\u00bb0&#8243; mobile_width=\u00bb0&#8243; width=\u00bb7\/12&#8243; uncode_shortcode_id=\u00bb850447&#8243;][vc_row_inner row_inner_height_percent=\u00bb0&#8243; overlay_alpha=\u00bb50&#8243; gutter_size=\u00bb3&#8243; shift_y=\u00bb3&#8243; z_index=\u00bb7&#8243; uncode_shortcode_id=\u00bb710303&#8243; limit_content=\u00bb\u00bb][vc_column_inner column_width_percent=\u00bb100&#8243; align_horizontal=\u00bbalign_center\u00bb gutter_size=\u00bb3&#8243; overlay_alpha=\u00bb50&#8243; shift_x=\u00bb0&#8243; shift_y=\u00bb0&#8243; shift_y_down=\u00bb0&#8243; z_index=\u00bb0&#8243; medium_width=\u00bb0&#8243; mobile_width=\u00bb0&#8243; width=\u00bb1\/1&#8243; uncode_shortcode_id=\u00bb818021&#8243;][vc_custom_heading text_color=\u00bbcolor-400934&#8243; heading_semantic=\u00bbh1&#8243; text_size=\u00bbfontsize-200930&#8243; text_height=\u00bbfontheight-208833&#8243; uncode_shortcode_id=\u00bb105531&#8243; text_color_type=\u00bbuncode-palette\u00bb]Dancenorth Australia[\/vc_custom_heading][\/vc_column_inner][\/vc_row_inner][vc_row_inner row_inner_height_percent=\u00bb0&#8243; overlay_alpha=\u00bb50&#8243; gutter_size=\u00bb3&#8243; shift_y=\u00bb-4&#8243; z_index=\u00bb0&#8243; uncode_shortcode_id=\u00bb130404&#8243; limit_content=\u00bb\u00bb][vc_column_inner column_width_percent=\u00bb100&#8243; gutter_size=\u00bb3&#8243; overlay_alpha=\u00bb50&#8243; shift_x=\u00bb0&#8243; shift_y=\u00bb-3&#8243; shift_y_down=\u00bb0&#8243; z_index=\u00bb0&#8243; medium_width=\u00bb0&#8243; mobile_width=\u00bb0&#8243; width=\u00bb1\/1&#8243; uncode_shortcode_id=\u00bb776763&#8243;][vc_gallery el_id=\u00bbgallery-191160&#8243; type=\u00bbcarousel\u00bb random=\u00bbyes\u00bb medias=\u00bb13018,13019,13020,13009,13021&#8243; carousel_lg=\u00bb1&#8243; carousel_md=\u00bb1&#8243; carousel_sm=\u00bb1&#8243; thumb_size=\u00bbsixteen-nine\u00bb gutter_size=\u00bb3&#8243; media_items=\u00bbmedia|nolink|original,icon\u00bb carousel_interval=\u00bb3000&#8243; carousel_navspeed=\u00bb400&#8243; carousel_loop=\u00bbyes\u00bb stage_padding=\u00bb0&#8243; single_overlay_opacity=\u00bb50&#8243; single_overlay_anim=\u00bbno\u00bb single_text_anim=\u00bbno\u00bb single_image_anim=\u00bbno\u00bb single_padding=\u00bb2&#8243; single_title_semantic=\u00bbh2&#8243; uncode_shortcode_id=\u00bb122847&#8243; el_class=\u00bbcarrousel-compagnie\u00bb][vc_empty_space empty_h=\u00bb2&#8243; medium_visibility=\u00bbyes\u00bb mobile_visibility=\u00bbyes\u00bb][\/vc_column_inner][\/vc_row_inner][vc_row_inner limit_content=\u00bb\u00bb][vc_column_inner column_width_percent=\u00bb100&#8243; gutter_size=\u00bb3&#8243; overlay_alpha=\u00bb50&#8243; shift_x=\u00bb0&#8243; shift_y=\u00bb0&#8243; shift_y_down=\u00bb0&#8243; z_index=\u00bb0&#8243; medium_visibility=\u00bbyes\u00bb medium_width=\u00bb0&#8243; mobile_visibility=\u00bbyes\u00bb mobile_width=\u00bb0&#8243; width=\u00bb1\/6&#8243; uncode_shortcode_id=\u00bb612384&#8243;][\/vc_column_inner][vc_column_inner column_width_percent=\u00bb100&#8243; gutter_size=\u00bb2&#8243; overlay_alpha=\u00bb50&#8243; shift_x=\u00bb0&#8243; shift_y=\u00bb0&#8243; shift_y_down=\u00bb0&#8243; z_index=\u00bb0&#8243; medium_width=\u00bb0&#8243; mobile_width=\u00bb0&#8243; width=\u00bb2\/3&#8243; uncode_shortcode_id=\u00bb197102&#8243;][calendar_season style=\u00bbcompany\u00bb company=\u00bbdancenorth-australia\u00bb][\/vc_column_inner][vc_column_inner column_width_percent=\u00bb100&#8243; gutter_size=\u00bb3&#8243; overlay_alpha=\u00bb50&#8243; shift_x=\u00bb0&#8243; shift_y=\u00bb0&#8243; shift_y_down=\u00bb0&#8243; z_index=\u00bb0&#8243; medium_visibility=\u00bbyes\u00bb medium_width=\u00bb0&#8243; mobile_visibility=\u00bbyes\u00bb mobile_width=\u00bb0&#8243; width=\u00bb1\/6&#8243; uncode_shortcode_id=\u00bb171375&#8243;][\/vc_column_inner][\/vc_row_inner][\/vc_column][vc_column column_width_percent=\u00bb100&#8243; gutter_size=\u00bb2&#8243; override_padding=\u00bbyes\u00bb column_padding=\u00bb3&#8243; overlay_alpha=\u00bb50&#8243; shift_x=\u00bb0&#8243; shift_y=\u00bb0&#8243; shift_y_down=\u00bb0&#8243; z_index=\u00bb0&#8243; medium_width=\u00bb0&#8243; mobile_width=\u00bb0&#8243; width=\u00bb5\/12&#8243; uncode_shortcode_id=\u00bb125466&#8243; el_class=\u00bbcontenu-compagnie\u00bb][vc_row_inner limit_content=\u00bb\u00bb][vc_column_inner column_width_percent=\u00bb100&#8243; gutter_size=\u00bb2&#8243; overlay_alpha=\u00bb50&#8243; shift_x=\u00bb0&#8243; shift_y=\u00bb0&#8243; shift_y_down=\u00bb0&#8243; z_index=\u00bb0&#8243; medium_width=\u00bb0&#8243; mobile_width=\u00bb0&#8243; width=\u00bb1\/1&#8243; uncode_shortcode_id=\u00bb727088&#8243;][vc_custom_heading text_color=\u00bbaccent\u00bb heading_semantic=\u00bbp\u00bb uncode_shortcode_id=\u00bb118374&#8243; text_color_type=\u00bbuncode-palette\u00bb]Dancenorth Australia[\/vc_custom_heading][vc_custom_heading heading_semantic=\u00bbh3&#8243; text_font=\u00bbfont-114625&#8243; text_size=\u00bbh5&#8243; text_weight=\u00bb700&#8243; uncode_shortcode_id=\u00bb166843&#8243;]Codirectores art\u00edsticos : Kyle Page &amp; Amber Haines[\/vc_custom_heading][vc_column_text uncode_shortcode_id=\u00bb115770&#8243;]<a href=\"https:\/\/dancenorth.com.au\">www.dancenorth.com.au<\/a><\/p>\n<p>[\/vc_column_text][vc_empty_space empty_h=\u00bb2&#8243;][\/vc_column_inner][\/vc_row_inner][vc_column_text uncode_shortcode_id=\u00bb103909&#8243; el_class=\u00bblineHeight\u00bb]<\/p>\n<div>\n<div class=\"flex h-svh w-screen flex-col\">\n<div class=\"relative z-0 flex min-h-0 w-full flex-1\">\n<div class=\"relative flex min-h-0 w-full flex-1\">\n<div class=\"@container\/main relative flex min-w-0 flex-1 flex-col -translate-y-[calc(env(safe-area-inset-bottom,0px)\/2)] pt-[calc(env(safe-area-inset-bottom,0px)\/2)]\">\n<div class=\"@w-sm\/main:[scrollbar-gutter:var(--stage-scroll-gutter)] touch:[scrollbar-width:none] group\/scroll-root relative flex min-h-0 min-w-0 flex-1 flex-col [scrollbar-gutter:stable] not-print:overflow-x-clip not-print:overflow-y-auto group-data-stream-active\/scroll-root:[overflow-anchor:none] scroll-pt-(--header-height) [--sticky-padding-top:var(--header-height)] [--sticky-padding-bottom:0px] [--scroll-root-safe-area-inset-top:calc(var(--sticky-padding-top)+env(safe-area-inset-top,0px))] [--scroll-root-safe-area-inset-bottom:calc(var(--sticky-padding-bottom)+var(--screen-keyboard-height,0px)+env(safe-area-inset-bottom,0px))] [--scroll-root-safe-area-height:calc(100lvh-var(--scroll-root-safe-area-inset-top)-var(--scroll-root-safe-area-inset-bottom))] has-data-[fixed-header=less-than-xl]:@w-xl\/main:scroll-pt-0 has-data-[fixed-header=less-than-xl]:@w-xl\/main:[--sticky-padding-top:0px] has-data-[fixed-header=less-than-xxl]:@w-2xl\/main:scroll-pt-0 has-data-[fixed-header=less-than-xxl]:@w-2xl\/main:[--sticky-padding-top:0px]\" data-scroll-root=\"\" data-scroll-from-top=\"\">\n<p>&nbsp;<\/p>\n<div id=\"thread\" class=\"group\/thread flex flex-col min-h-full\">\n<div class=\"composer-parent flex flex-1 flex-col focus-visible:outline-0\" role=\"presentation\">\n<div class=\"relative basis-auto flex-col -mb-(--composer-overlap-px) pb-(--composer-overlap-px) [--composer-overlap-px:28px] grow flex\">\n<div class=\"flex flex-col text-sm pt-4 pb-12\">\n<div>\n<div id=\"mini-chat-content\" class=\"block\">\n<section class=\"text-token-text-primary w-full focus:outline-none [--shadow-height:45px] has-data-writing-block:pointer-events-none has-data-writing-block:-mt-(--shadow-height) has-data-writing-block:pt-(--shadow-height) [&amp;:has([data-writing-block])&gt;*]:pointer-events-auto scroll-mt-(--header-height)\" dir=\"auto\" data-turn-id=\"162dc59b-5bd0-448e-868f-dcd0c1fc968d\" data-testid=\"conversation-turn-3\" data-scroll-anchor=\"false\" data-turn=\"user\"><\/section>\n<section class=\"text-token-text-primary w-full focus:outline-none [--shadow-height:45px] has-data-writing-block:pointer-events-none has-data-writing-block:-mt-(--shadow-height) has-data-writing-block:pt-(--shadow-height) [&amp;:has([data-writing-block])&gt;*]:pointer-events-auto scroll-mt-[calc(var(--header-height)+min(200px,max(70px,20svh)))]\" dir=\"auto\" data-turn-id=\"request-WEB:368429df-cb3b-425c-a402-e1d2c4fc59f9-1\" data-testid=\"conversation-turn-4\" data-scroll-anchor=\"true\" data-turn=\"assistant\">\n<div class=\"text-base my-auto mx-auto pb-8 [--thread-content-margin:var(--thread-content-margin-xs,calc(var(--spacing)*4))] @w-sm\/main:[--thread-content-margin:var(--thread-content-margin-sm,calc(var(--spacing)*6))] @w-lg\/main:[--thread-content-margin:var(--thread-content-margin-lg,calc(var(--spacing)*16))] px-(--thread-content-margin)\">\n<div class=\"[--thread-content-max-width:40rem] @w-lg\/main:[--thread-content-max-width:48rem] mx-auto max-w-(--thread-content-max-width) flex-1 group\/turn-messages focus-visible:outline-hidden relative flex w-full min-w-0 flex-col agent-turn\">\n<div class=\"flex max-w-full flex-col gap-4 grow\">\n<div class=\"min-h-8 text-message relative flex w-full flex-col items-end gap-2 text-start break-words whitespace-normal outline-none keyboard-focused:focus-ring [.text-message+&amp;]:mt-1\" dir=\"auto\" tabindex=\"0\" data-message-author-role=\"assistant\" data-message-id=\"dd9afcdd-f795-4aa6-af9e-68aff5ad1c86\" data-message-model-slug=\"gpt-5-3\" data-turn-start-message=\"true\">\n<div class=\"flex w-full flex-col gap-1 empty:hidden\">\n<div class=\"markdown prose dark:prose-invert w-full wrap-break-word light markdown-new-styling\">\n<p data-start=\"0\" data-end=\"249\">Reconocida como una de las principales compa\u00f1\u00edas de artes esc\u00e9nicas de Australia, Dancenorth Australia combina una fuerte presencia regional con un firme compromiso con la creaci\u00f3n de una danza contempor\u00e1nea ambiciosa, presentada en todo el mundo.<\/p>\n<p data-start=\"251\" data-end=\"803\">Profundamente comprometida con la creaci\u00f3n de obras nuevas, audaces y reflexivas, aclamadas por la cr\u00edtica, Dancenorth ha presentado sus producciones en m\u00e1s de 55 festivales y espacios art\u00edsticos internacionales, tanto en Australia como en el extranjero. Con una s\u00f3lida reputaci\u00f3n nacional de excelencia, la compa\u00f1\u00eda ha sido distinguida con varios premios, entre ellos el prestigioso Sidney Myer Performing Arts Group Award, un Australian Dance Award, dos Greenroom Awards, dos Helpmann Awards y cinco encargos de la Major Festivals Initiative (MFI).<\/p>\n<p data-start=\"805\" data-end=\"1100\">Como modelo de creaci\u00f3n art\u00edstica de excelencia en un contexto regional, Dancenorth desempe\u00f1a un papel esencial dentro del ecosistema de la danza australiana, contribuyendo de manera significativa al sector coreogr\u00e1fico y al desarrollo de la cultura de la danza contempor\u00e1nea a nivel nacional.<\/p>\n<p data-start=\"1102\" data-end=\"1338\">Verdadero epicentro de intercambios culturales, Dancenorth apoya y acompa\u00f1a a los artistas ofreciendo un espacio creativo abierto a m\u00faltiples voces art\u00edsticas: core\u00f3grafos, colaboradores invitados, artistas en residencia y bailarines.<\/p>\n<p data-start=\"1340\" data-end=\"1733\" data-is-last-node=\"\" data-is-only-node=\"\">Junto a su Ensemble profesional y a sus producciones en gira, otro pilar igualmente fundamental estructura su acci\u00f3n: la Experiencia Comunitaria. Impulsada por un equipo comprometido, Dancenorth trabaja con comunidades diversas y minoritarias en todo Queensland, utilizando la danza como una herramienta de apoyo, empoderamiento, inspiraci\u00f3n y sanaci\u00f3n, con el fin de reunir a las comunidades.<\/p>\n<\/div>\n<\/div>\n<\/div>\n<\/div>\n<\/div>\n<\/div>\n<\/section>\n<\/div>\n<\/div>\n<\/div>\n<\/div>\n<\/div>\n<\/div>\n<p>&nbsp;<\/p>\n<\/div>\n<\/div>\n<\/div>\n<\/div>\n<\/div>\n<\/div>\n<p>[\/vc_column_text][vc_empty_space][vc_custom_heading text_color=\u00bbaccent\u00bb heading_semantic=\u00bbh3&#8243; uncode_shortcode_id=\u00bb337530&#8243; text_color_type=\u00bbuncode-palette\u00bb]Lo que dice la prensa[\/vc_custom_heading][vc_column_text uncode_shortcode_id=\u00bb394822&#8243; el_class=\u00bblineHeight\u00bb]<\/p>\n<p data-start=\"0\" data-end=\"201\">\u00ab Bajo la direcci\u00f3n coreogr\u00e1fica de Amber Haines y Kyle Page, la versatilidad y la capacidad de improvisaci\u00f3n de los bailarines nunca han dejado de impresionar. \u00bb<br data-start=\"162\" data-end=\"165\" \/><strong><em data-start=\"165\" data-end=\"199\">Nothing Ever Happens in Brisbane<\/em><\/strong><\/p>\n<p>[\/vc_column_text][vc_column_text uncode_shortcode_id=\u00bb428159&#8243; el_class=\u00bblineHeight\u00bb]<\/p>\n<p class=\"p1\">\u00ab Los siete bailarines se convierten en uno solo en escena; sus habilidades f\u00edsicas y su unidad son magn\u00edficas. \u00a1[Ellos] desaf\u00edan las leyes de la f\u00edsica! \u00bb<br data-start=\"358\" data-end=\"361\" \/><strong>Helen Gramotnev, <em data-start=\"378\" data-end=\"394\" data-is-last-node=\"\">Brisbane Stage<\/em><\/strong><\/p>\n<p>[\/vc_column_text][vc_empty_space empty_h=\u00bb3&#8243; medium_visibility=\u00bbyes\u00bb mobile_visibility=\u00bbyes\u00bb][\/vc_column][\/vc_row][vc_row row_height_percent=\u00bb0&#8243; overlay_alpha=\u00bb50&#8243; gutter_size=\u00bb3&#8243; column_width_percent=\u00bb100&#8243; shift_y=\u00bb0&#8243; z_index=\u00bb0&#8243; uncode_shortcode_id=\u00bb607236&#8243;][vc_column column_width_percent=\u00bb100&#8243; align_horizontal=\u00bbalign_center\u00bb gutter_size=\u00bb3&#8243; overlay_alpha=\u00bb50&#8243; shift_x=\u00bb0&#8243; shift_y=\u00bb0&#8243; shift_y_down=\u00bb0&#8243; z_index=\u00bb0&#8243; medium_width=\u00bb0&#8243; mobile_width=\u00bb0&#8243; width=\u00bb1\/1&#8243; uncode_shortcode_id=\u00bb853687&#8243;][vc_custom_heading text_color=\u00bbcolor-190155&#8243; heading_semantic=\u00bbp\u00bb uncode_shortcode_id=\u00bb159081&#8243; text_color_type=\u00bbuncode-palette\u00bb]<a href=\"https:\/\/www.deltadanse.com\/repertoires\/\">En el repertorio<\/a>[\/vc_custom_heading][uncode_index el_id=\u00bbindex-537495863&#8243; index_type=\u00bbcarousel\u00bb loop=\u00bbsize:3|order_by:date|post_type:page|tax_query:268|taxonomy_count:10&#8243; carousel_lg=\u00bb3&#8243; carousel_md=\u00bb2&#8243; carousel_sm=\u00bb1&#8243; thumb_size=\u00bbthree-two\u00bb gutter_size=\u00bb3&#8243; post_items=\u00bbmedia|featured|onpost|poster,date,title,text|excerpt|90,category|bordered|topright|hide-icon,sep-one|full,extra\u00bb page_items=\u00bbmedia|featured|onpost|original,title,text|excerpt,link|link|small_size|D\u00e9couvrir\u00bb carousel_interval=\u00bb3000&#8243; carousel_navspeed=\u00bb400&#8243; carousel_dots=\u00bbyes\u00bb carousel_dots_space=\u00bbyes\u00bb carousel_dots_mobile=\u00bbyes\u00bb stage_padding=\u00bb0&#8243; single_back_color=\u00bbcolor-563873&#8243; single_overlay_opacity=\u00bb50&#8243; single_text_visible=\u00bbyes\u00bb single_text_anim=\u00bbno\u00bb single_padding=\u00bb2&#8243; single_title_dimension=\u00bbh3&#8243; single_text_lead=\u00bbsmall\u00bb single_border=\u00bbyes\u00bb uncode_shortcode_id=\u00bb549024&#8243;][\/vc_column][\/vc_row][vc_row][vc_column width=\u00bb1\/1&#8243;][uncode_block id=\u00bb3542&#8243;][\/vc_column][\/vc_row]<\/p>\n<\/div>","protected":false},"excerpt":{"rendered":"<p>Reconocida como una de las principales compa\u00f1\u00edas de artes esc\u00e9nicas de Australia, Dancenorth Australia combina una fuerte presencia regional con un compromiso firme con la creaci\u00f3n de una danza contempor\u00e1nea ambiciosa.<\/p>\n","protected":false},"author":9,"featured_media":13009,"parent":6758,"menu_order":0,"comment_status":"closed","ping_status":"closed","template":"","meta":{"footnotes":""},"choregraphe":[],"directeur-artistique":[],"class_list":["post-13002","page","type-page","status-publish","has-post-thumbnail","hentry","page_category-companias"],"yoast_head":"<!-- This site is optimized with the Yoast SEO plugin v27.3 - https:\/\/yoast.com\/product\/yoast-seo-wordpress\/ -->\n<title>Dancenorth Australia I Delta Danse<\/title>\n<meta name=\"description\" content=\"Reconocida como una de las principales compa\u00f1\u00edas de artes esc\u00e9nicas de Australia, Dancenorth Australia combina una fuerte presencia regional con un compromiso firme con la creaci\u00f3n de una danza contempor\u00e1nea ambiciosa.\" \/>\n<meta name=\"robots\" content=\"index, follow, max-snippet:-1, max-image-preview:large, max-video-preview:-1\" \/>\n<link rel=\"canonical\" href=\"https:\/\/www.deltadanse.com\/es\/companias-delta-danse\/dancenorth-australia\/\" \/>\n<meta property=\"og:locale\" content=\"es_ES\" \/>\n<meta property=\"og:type\" content=\"article\" \/>\n<meta property=\"og:title\" content=\"Dancenorth Australia I Delta Danse\" \/>\n<meta property=\"og:description\" content=\"Reconocida como una de las principales compa\u00f1\u00edas de artes esc\u00e9nicas de Australia, Dancenorth Australia combina una fuerte presencia regional con un compromiso firme con la creaci\u00f3n de una danza contempor\u00e1nea ambiciosa.\" \/>\n<meta property=\"og:url\" content=\"https:\/\/www.deltadanse.com\/es\/companias-delta-danse\/dancenorth-australia\/\" \/>\n<meta property=\"og:site_name\" content=\"Delta Danse\" \/>\n<meta property=\"article:modified_time\" content=\"2026-04-10T13:17:34+00:00\" \/>\n<meta property=\"og:image\" content=\"https:\/\/www.deltadanse.com\/wp-content\/uploads\/2026\/04\/Wayfinder-Hero-Image-full-size-scaled.jpg\" \/>\n\t<meta property=\"og:image:width\" content=\"2560\" \/>\n\t<meta property=\"og:image:height\" content=\"1739\" \/>\n\t<meta property=\"og:image:type\" content=\"image\/jpeg\" \/>\n<meta name=\"twitter:card\" content=\"summary_large_image\" \/>\n<meta name=\"twitter:label1\" content=\"Tiempo de lectura\" \/>\n\t<meta name=\"twitter:data1\" content=\"4 minutos\" \/>\n<script type=\"application\/ld+json\" class=\"yoast-schema-graph\">{\"@context\":\"https:\\\/\\\/schema.org\",\"@graph\":[{\"@type\":\"WebPage\",\"@id\":\"https:\\\/\\\/www.deltadanse.com\\\/es\\\/companias-delta-danse\\\/dancenorth-australia\\\/\",\"url\":\"https:\\\/\\\/www.deltadanse.com\\\/es\\\/companias-delta-danse\\\/dancenorth-australia\\\/\",\"name\":\"Dancenorth Australia I Delta Danse\",\"isPartOf\":{\"@id\":\"https:\\\/\\\/www.deltadanse.com\\\/es\\\/#website\"},\"primaryImageOfPage\":{\"@id\":\"https:\\\/\\\/www.deltadanse.com\\\/es\\\/companias-delta-danse\\\/dancenorth-australia\\\/#primaryimage\"},\"image\":{\"@id\":\"https:\\\/\\\/www.deltadanse.com\\\/es\\\/companias-delta-danse\\\/dancenorth-australia\\\/#primaryimage\"},\"thumbnailUrl\":\"https:\\\/\\\/www.deltadanse.com\\\/wp-content\\\/uploads\\\/2026\\\/04\\\/Wayfinder-Hero-Image-full-size-scaled.jpg\",\"datePublished\":\"2026-04-10T09:45:55+00:00\",\"dateModified\":\"2026-04-10T13:17:34+00:00\",\"description\":\"Reconocida como una de las principales compa\u00f1\u00edas de artes esc\u00e9nicas de Australia, Dancenorth Australia combina una fuerte presencia regional con un compromiso firme con la creaci\u00f3n de una danza contempor\u00e1nea ambiciosa.\",\"breadcrumb\":{\"@id\":\"https:\\\/\\\/www.deltadanse.com\\\/es\\\/companias-delta-danse\\\/dancenorth-australia\\\/#breadcrumb\"},\"inLanguage\":\"es\",\"potentialAction\":[{\"@type\":\"ReadAction\",\"target\":[\"https:\\\/\\\/www.deltadanse.com\\\/es\\\/companias-delta-danse\\\/dancenorth-australia\\\/\"]}]},{\"@type\":\"ImageObject\",\"inLanguage\":\"es\",\"@id\":\"https:\\\/\\\/www.deltadanse.com\\\/es\\\/companias-delta-danse\\\/dancenorth-australia\\\/#primaryimage\",\"url\":\"https:\\\/\\\/www.deltadanse.com\\\/wp-content\\\/uploads\\\/2026\\\/04\\\/Wayfinder-Hero-Image-full-size-scaled.jpg\",\"contentUrl\":\"https:\\\/\\\/www.deltadanse.com\\\/wp-content\\\/uploads\\\/2026\\\/04\\\/Wayfinder-Hero-Image-full-size-scaled.jpg\",\"width\":2560,\"height\":1739},{\"@type\":\"BreadcrumbList\",\"@id\":\"https:\\\/\\\/www.deltadanse.com\\\/es\\\/companias-delta-danse\\\/dancenorth-australia\\\/#breadcrumb\",\"itemListElement\":[{\"@type\":\"ListItem\",\"position\":1,\"name\":\"Accueil\",\"item\":\"https:\\\/\\\/www.deltadanse.com\\\/es\\\/\"},{\"@type\":\"ListItem\",\"position\":2,\"name\":\"Compa\u00f1\u00edas\",\"item\":\"https:\\\/\\\/www.deltadanse.com\\\/es\\\/companias-delta-danse\\\/\"},{\"@type\":\"ListItem\",\"position\":3,\"name\":\"Dancenorth Australia\"}]},{\"@type\":\"WebSite\",\"@id\":\"https:\\\/\\\/www.deltadanse.com\\\/es\\\/#website\",\"url\":\"https:\\\/\\\/www.deltadanse.com\\\/es\\\/\",\"name\":\"Delta Danse\",\"description\":\"Just another WordPress site\",\"potentialAction\":[{\"@type\":\"SearchAction\",\"target\":{\"@type\":\"EntryPoint\",\"urlTemplate\":\"https:\\\/\\\/www.deltadanse.com\\\/es\\\/?s={search_term_string}\"},\"query-input\":{\"@type\":\"PropertyValueSpecification\",\"valueRequired\":true,\"valueName\":\"search_term_string\"}}],\"inLanguage\":\"es\"}]}<\/script>\n<!-- \/ Yoast SEO plugin. -->","yoast_head_json":{"title":"Dancenorth Australia I Delta Danse","description":"Reconocida como una de las principales compa\u00f1\u00edas de artes esc\u00e9nicas de Australia, Dancenorth Australia combina una fuerte presencia regional con un compromiso firme con la creaci\u00f3n de una danza contempor\u00e1nea ambiciosa.","robots":{"index":"index","follow":"follow","max-snippet":"max-snippet:-1","max-image-preview":"max-image-preview:large","max-video-preview":"max-video-preview:-1"},"canonical":"https:\/\/www.deltadanse.com\/es\/companias-delta-danse\/dancenorth-australia\/","og_locale":"es_ES","og_type":"article","og_title":"Dancenorth Australia I Delta Danse","og_description":"Reconocida como una de las principales compa\u00f1\u00edas de artes esc\u00e9nicas de Australia, Dancenorth Australia combina una fuerte presencia regional con un compromiso firme con la creaci\u00f3n de una danza contempor\u00e1nea ambiciosa.","og_url":"https:\/\/www.deltadanse.com\/es\/companias-delta-danse\/dancenorth-australia\/","og_site_name":"Delta Danse","article_modified_time":"2026-04-10T13:17:34+00:00","og_image":[{"width":2560,"height":1739,"url":"https:\/\/www.deltadanse.com\/wp-content\/uploads\/2026\/04\/Wayfinder-Hero-Image-full-size-scaled.jpg","type":"image\/jpeg"}],"twitter_card":"summary_large_image","twitter_misc":{"Tiempo de lectura":"4 minutos"},"schema":{"@context":"https:\/\/schema.org","@graph":[{"@type":"WebPage","@id":"https:\/\/www.deltadanse.com\/es\/companias-delta-danse\/dancenorth-australia\/","url":"https:\/\/www.deltadanse.com\/es\/companias-delta-danse\/dancenorth-australia\/","name":"Dancenorth Australia I Delta Danse","isPartOf":{"@id":"https:\/\/www.deltadanse.com\/es\/#website"},"primaryImageOfPage":{"@id":"https:\/\/www.deltadanse.com\/es\/companias-delta-danse\/dancenorth-australia\/#primaryimage"},"image":{"@id":"https:\/\/www.deltadanse.com\/es\/companias-delta-danse\/dancenorth-australia\/#primaryimage"},"thumbnailUrl":"https:\/\/www.deltadanse.com\/wp-content\/uploads\/2026\/04\/Wayfinder-Hero-Image-full-size-scaled.jpg","datePublished":"2026-04-10T09:45:55+00:00","dateModified":"2026-04-10T13:17:34+00:00","description":"Reconocida como una de las principales compa\u00f1\u00edas de artes esc\u00e9nicas de Australia, Dancenorth Australia combina una fuerte presencia regional con un compromiso firme con la creaci\u00f3n de una danza contempor\u00e1nea ambiciosa.","breadcrumb":{"@id":"https:\/\/www.deltadanse.com\/es\/companias-delta-danse\/dancenorth-australia\/#breadcrumb"},"inLanguage":"es","potentialAction":[{"@type":"ReadAction","target":["https:\/\/www.deltadanse.com\/es\/companias-delta-danse\/dancenorth-australia\/"]}]},{"@type":"ImageObject","inLanguage":"es","@id":"https:\/\/www.deltadanse.com\/es\/companias-delta-danse\/dancenorth-australia\/#primaryimage","url":"https:\/\/www.deltadanse.com\/wp-content\/uploads\/2026\/04\/Wayfinder-Hero-Image-full-size-scaled.jpg","contentUrl":"https:\/\/www.deltadanse.com\/wp-content\/uploads\/2026\/04\/Wayfinder-Hero-Image-full-size-scaled.jpg","width":2560,"height":1739},{"@type":"BreadcrumbList","@id":"https:\/\/www.deltadanse.com\/es\/companias-delta-danse\/dancenorth-australia\/#breadcrumb","itemListElement":[{"@type":"ListItem","position":1,"name":"Accueil","item":"https:\/\/www.deltadanse.com\/es\/"},{"@type":"ListItem","position":2,"name":"Compa\u00f1\u00edas","item":"https:\/\/www.deltadanse.com\/es\/companias-delta-danse\/"},{"@type":"ListItem","position":3,"name":"Dancenorth Australia"}]},{"@type":"WebSite","@id":"https:\/\/www.deltadanse.com\/es\/#website","url":"https:\/\/www.deltadanse.com\/es\/","name":"Delta Danse","description":"Just another WordPress site","potentialAction":[{"@type":"SearchAction","target":{"@type":"EntryPoint","urlTemplate":"https:\/\/www.deltadanse.com\/es\/?s={search_term_string}"},"query-input":{"@type":"PropertyValueSpecification","valueRequired":true,"valueName":"search_term_string"}}],"inLanguage":"es"}]}},"_links":{"self":[{"href":"https:\/\/www.deltadanse.com\/es\/wp-json\/wp\/v2\/pages\/13002","targetHints":{"allow":["GET"]}}],"collection":[{"href":"https:\/\/www.deltadanse.com\/es\/wp-json\/wp\/v2\/pages"}],"about":[{"href":"https:\/\/www.deltadanse.com\/es\/wp-json\/wp\/v2\/types\/page"}],"author":[{"embeddable":true,"href":"https:\/\/www.deltadanse.com\/es\/wp-json\/wp\/v2\/users\/9"}],"replies":[{"embeddable":true,"href":"https:\/\/www.deltadanse.com\/es\/wp-json\/wp\/v2\/comments?post=13002"}],"version-history":[{"count":3,"href":"https:\/\/www.deltadanse.com\/es\/wp-json\/wp\/v2\/pages\/13002\/revisions"}],"predecessor-version":[{"id":13043,"href":"https:\/\/www.deltadanse.com\/es\/wp-json\/wp\/v2\/pages\/13002\/revisions\/13043"}],"up":[{"embeddable":true,"href":"https:\/\/www.deltadanse.com\/es\/wp-json\/wp\/v2\/pages\/6758"}],"wp:featuredmedia":[{"embeddable":true,"href":"https:\/\/www.deltadanse.com\/es\/wp-json\/wp\/v2\/media\/13009"}],"wp:attachment":[{"href":"https:\/\/www.deltadanse.com\/es\/wp-json\/wp\/v2\/media?parent=13002"}],"wp:term":[{"taxonomy":"choregraphe","embeddable":true,"href":"https:\/\/www.deltadanse.com\/es\/wp-json\/wp\/v2\/choregraphe?post=13002"},{"taxonomy":"directeur-artistique","embeddable":true,"href":"https:\/\/www.deltadanse.com\/es\/wp-json\/wp\/v2\/directeur-artistique?post=13002"}],"curies":[{"name":"wp","href":"https:\/\/api.w.org\/{rel}","templated":true}]}}