{"id":6379,"date":"2022-09-02T14:47:45","date_gmt":"2022-09-02T12:47:45","guid":{"rendered":"https:\/\/www.deltadanse.com\/b-dance\/"},"modified":"2026-04-09T16:51:52","modified_gmt":"2026-04-09T14:51:52","slug":"b-dance","status":"publish","type":"page","link":"https:\/\/www.deltadanse.com\/es\/companias-delta-danse\/b-dance\/","title":{"rendered":"B.DANCE"},"content":{"rendered":"<div class=\"wpb-content-wrapper\"><p>[vc_row unlock_row_content=\u00bbyes\u00bb row_height_percent=\u00bb0&#8243; override_padding=\u00bbyes\u00bb h_padding=\u00bb7&#8243; top_padding=\u00bb2&#8243; bottom_padding=\u00bb2&#8243; overlay_alpha=\u00bb50&#8243; gutter_size=\u00bb3&#8243; column_width_percent=\u00bb100&#8243; shift_y=\u00bb0&#8243; z_index=\u00bb0&#8243; uncode_shortcode_id=\u00bb347231&#8243;][vc_column column_width_percent=\u00bb100&#8243; align_horizontal=\u00bbalign_center\u00bb gutter_size=\u00bb2&#8243; overlay_alpha=\u00bb50&#8243; shift_x=\u00bb0&#8243; shift_y=\u00bb0&#8243; shift_y_down=\u00bb0&#8243; z_index=\u00bb0&#8243; medium_width=\u00bb0&#8243; mobile_width=\u00bb0&#8243; width=\u00bb7\/12&#8243; uncode_shortcode_id=\u00bb850447&#8243;][vc_row_inner row_inner_height_percent=\u00bb0&#8243; overlay_alpha=\u00bb50&#8243; gutter_size=\u00bb3&#8243; shift_y=\u00bb3&#8243; z_index=\u00bb7&#8243; uncode_shortcode_id=\u00bb710303&#8243;][vc_column_inner column_width_percent=\u00bb100&#8243; align_horizontal=\u00bbalign_center\u00bb gutter_size=\u00bb3&#8243; overlay_alpha=\u00bb50&#8243; shift_x=\u00bb0&#8243; shift_y=\u00bb0&#8243; shift_y_down=\u00bb0&#8243; z_index=\u00bb0&#8243; medium_width=\u00bb0&#8243; mobile_width=\u00bb0&#8243; width=\u00bb1\/1&#8243; uncode_shortcode_id=\u00bb818021&#8243;][vc_custom_heading text_color=\u00bbcolor-400934&#8243; heading_semantic=\u00bbh1&#8243; text_size=\u00bbfontsize-200930&#8243; text_height=\u00bbfontheight-144852&#8243; uncode_shortcode_id=\u00bb178768&#8243; text_color_type=\u00bbuncode-palette\u00bb]B.DANCE[\/vc_custom_heading][\/vc_column_inner][\/vc_row_inner][vc_row_inner row_inner_height_percent=\u00bb0&#8243; overlay_alpha=\u00bb50&#8243; gutter_size=\u00bb3&#8243; shift_y=\u00bb0&#8243; z_index=\u00bb0&#8243; uncode_shortcode_id=\u00bb715653&#8243;][vc_column_inner column_width_percent=\u00bb100&#8243; gutter_size=\u00bb3&#8243; overlay_alpha=\u00bb50&#8243; shift_x=\u00bb0&#8243; shift_y=\u00bb-3&#8243; shift_y_down=\u00bb0&#8243; z_index=\u00bb0&#8243; medium_width=\u00bb0&#8243; mobile_width=\u00bb0&#8243; width=\u00bb1\/1&#8243; uncode_shortcode_id=\u00bb776763&#8243;][vc_gallery el_id=\u00bbgallery-191160&#8243; type=\u00bbcarousel\u00bb random=\u00bbyes\u00bb medias=\u00bb12946,10205,12531,10209,12953,10213,12497,10201,12954,12529,12532&#8243; carousel_lg=\u00bb1&#8243; carousel_md=\u00bb1&#8243; carousel_sm=\u00bb1&#8243; thumb_size=\u00bbsixteen-nine\u00bb gutter_size=\u00bb3&#8243; media_items=\u00bbmedia|nolink|original,icon\u00bb carousel_interval=\u00bb3000&#8243; carousel_navspeed=\u00bb400&#8243; carousel_loop=\u00bbyes\u00bb stage_padding=\u00bb0&#8243; single_overlay_opacity=\u00bb50&#8243; single_overlay_anim=\u00bbno\u00bb single_text_anim=\u00bbno\u00bb single_image_anim=\u00bbno\u00bb single_padding=\u00bb2&#8243; uncode_shortcode_id=\u00bb226830&#8243; el_class=\u00bbcarrousel-compagnie\u00bb][vc_empty_space empty_h=\u00bb2&#8243; medium_visibility=\u00bbyes\u00bb mobile_visibility=\u00bbyes\u00bb][\/vc_column_inner][\/vc_row_inner][vc_row_inner][vc_column_inner column_width_percent=\u00bb100&#8243; gutter_size=\u00bb3&#8243; overlay_alpha=\u00bb50&#8243; shift_x=\u00bb0&#8243; shift_y=\u00bb0&#8243; shift_y_down=\u00bb0&#8243; z_index=\u00bb0&#8243; medium_visibility=\u00bbyes\u00bb medium_width=\u00bb0&#8243; mobile_visibility=\u00bbyes\u00bb mobile_width=\u00bb0&#8243; width=\u00bb1\/6&#8243; uncode_shortcode_id=\u00bb675608&#8243;][\/vc_column_inner][vc_column_inner column_width_percent=\u00bb100&#8243; gutter_size=\u00bb2&#8243; overlay_alpha=\u00bb50&#8243; shift_x=\u00bb0&#8243; shift_y=\u00bb0&#8243; shift_y_down=\u00bb0&#8243; z_index=\u00bb0&#8243; medium_width=\u00bb0&#8243; mobile_width=\u00bb0&#8243; width=\u00bb2\/3&#8243; uncode_shortcode_id=\u00bb126205&#8243;][calendar_season style=\u00bbcompany\u00bb company=\u00bbb-dance\u00bb][\/vc_column_inner][vc_column_inner column_width_percent=\u00bb100&#8243; gutter_size=\u00bb3&#8243; overlay_alpha=\u00bb50&#8243; shift_x=\u00bb0&#8243; shift_y=\u00bb0&#8243; shift_y_down=\u00bb0&#8243; z_index=\u00bb0&#8243; medium_visibility=\u00bbyes\u00bb medium_width=\u00bb0&#8243; mobile_visibility=\u00bbyes\u00bb mobile_width=\u00bb0&#8243; width=\u00bb1\/6&#8243; uncode_shortcode_id=\u00bb165968&#8243;][\/vc_column_inner][\/vc_row_inner][\/vc_column][vc_column column_width_percent=\u00bb100&#8243; gutter_size=\u00bb2&#8243; override_padding=\u00bbyes\u00bb column_padding=\u00bb3&#8243; overlay_alpha=\u00bb50&#8243; shift_x=\u00bb0&#8243; shift_y=\u00bb0&#8243; shift_y_down=\u00bb0&#8243; z_index=\u00bb0&#8243; medium_width=\u00bb0&#8243; mobile_width=\u00bb0&#8243; width=\u00bb5\/12&#8243; uncode_shortcode_id=\u00bb242886&#8243; el_class=\u00bbcontenu-compagnie\u00bb][vc_row_inner][vc_column_inner column_width_percent=\u00bb100&#8243; gutter_size=\u00bb2&#8243; overlay_alpha=\u00bb50&#8243; shift_x=\u00bb0&#8243; shift_y=\u00bb0&#8243; shift_y_down=\u00bb0&#8243; z_index=\u00bb0&#8243; medium_width=\u00bb0&#8243; mobile_width=\u00bb0&#8243; width=\u00bb1\/1&#8243; uncode_shortcode_id=\u00bb727088&#8243;][vc_custom_heading text_color=\u00bbaccent\u00bb uncode_shortcode_id=\u00bb587824&#8243; text_color_type=\u00bbuncode-palette\u00bb]B.DANCE[\/vc_custom_heading][vc_custom_heading text_font=\u00bbfont-555555&#8243; text_size=\u00bbh5&#8243; uncode_shortcode_id=\u00bb481579&#8243;]<strong>Director art\u00edstico \/ Core\u00f3grafo: Po-Cheng Tsai<\/strong>[\/vc_custom_heading][vc_column_text uncode_shortcode_id=\u00bb199464&#8243;]<a href=\"http:\/\/www.bdance.com.tw\"><span style=\"font-weight: 400;\">www.bdance.com.tw<\/span><\/a>[\/vc_column_text][vc_empty_space empty_h=\u00bb2&#8243;][\/vc_column_inner][\/vc_row_inner][vc_column_text uncode_shortcode_id=\u00bb160847&#8243; el_class=\u00bblineHeight\u00bb]<\/p>\n<p class=\"p1\">Dirigida por el core\u00f3grafo taiwan\u00e9s Po-Cheng Tsai, B.DANCE es hoy una de las compa\u00f1\u00edas de danza contempor\u00e1nea m\u00e1s destacadas en la escena internacional. Desde su creaci\u00f3n en 2014, B.DANCE se ha presentado en Europa, Israel, China, Hong Kong y el Reino Unido. Po-Cheng Tsai, galardonado en varias ocasiones en concursos coreogr\u00e1ficos internacionales, fue nombrado Core\u00f3grafo del A\u00f1o 2018 por la revista alemana tanz. En 2020, recibi\u00f3 el premio a la revelaci\u00f3n coreogr\u00e1fica en el 57\u00ba Palmar\u00e9s franc\u00e9s del Premio del Sindicato Profesional de la Cr\u00edtica de Teatro, M\u00fasica y Danza. Tambi\u00e9n ha coreografiado para compa\u00f1\u00edas de danza reconocidas como Introdans, Tanz Luzerner Theatre, Gauthier Dance, Cloud Gate 2 y Bern Ballet.<\/p>\n<p class=\"p1\">El artista taiwan\u00e9s desarrolla un lenguaje coreogr\u00e1fico y una est\u00e9tica \u00fanica. Fusiona los movimientos tradicionales asi\u00e1ticos y las artes marciales con la danza hip hop y contempor\u00e1nea, llevando los l\u00edmites de estas disciplinas para crear piezas teatrales, f\u00edsicas y conmovedoras, accesibles para todos. El arte de Po-Cheng Tsai y su equipo no se limita al escenario: en 2022\/2023, el filme THE CELL, basado en la obra del mismo nombre y producido por B.DANCE, fue premiado en 25 competiciones internacionales de cine de danza.<\/p>\n<p class=\"p1\">Desde 2021, B.DANCE ha llevado a cabo giras de varios meses, llenando las salas de Europa y generando un creciente entusiasmo tanto entre el p\u00fablico como entre los programadores.<\/p>\n<p>[\/vc_column_text][vc_empty_space][vc_custom_heading text_color=\u00bbaccent\u00bb uncode_shortcode_id=\u00bb212396&#8243; text_color_type=\u00bbuncode-palette\u00bb]Lo que dice la prensa[\/vc_custom_heading][vc_column_text uncode_shortcode_id=\u00bb611873&#8243; el_class=\u00bblineHeight\u00bb]<\/p>\n<p class=\"p1\">\u00abEs una experiencia notable contemplar la danza a este nivel, donde cada peque\u00f1o movimiento puede ser plenamente apreciado y donde los bailarines realmente no tienen a d\u00f3nde esconderse. Afortunadamente, estos bailarines no necesitan esconderse. \u00ab<\/p>\n<p class=\"p2\"><b>Robert Dow, <i>The Wee Review<\/i><\/b><\/p>\n<p>[\/vc_column_text][vc_column_text uncode_shortcode_id=\u00bb678858&#8243; el_class=\u00bblineHeight\u00bb]<\/p>\n<p class=\"p1\">\u00abLo que m\u00e1s impresiona aqu\u00ed es la energ\u00eda. Al final, los aplausos entusiastas se deben tanto al atletismo como a la est\u00e9tica&#8230; Po-Cheng es una fuerza con la que hay que contar.\u00bb<\/p>\n<p class=\"p3\"><b>Kelly Apter, <i>The Scotsman<\/i><\/b><\/p>\n<p>[\/vc_column_text][vc_column_text uncode_shortcode_id=\u00bb491204&#8243; el_class=\u00bblineHeight\u00bb]\u00bbSe asiste a la danza del mundo, que atraviesa toda la historia de la humanidad. La implicaci\u00f3n de los bailarines fascina, en una cuerda tensa desde el primer hasta el \u00faltimo segundo. Y cuando el espect\u00e1culo se detiene, cuando la tormenta ha terminado, uno vuelve a respirar.\u00bb<\/p>\n<p><strong>Laurence Houot,<em> Franceinfo<\/em><\/strong>[\/vc_column_text][vc_empty_space empty_h=\u00bb3&#8243; medium_visibility=\u00bbyes\u00bb mobile_visibility=\u00bbyes\u00bb][\/vc_column][\/vc_row][vc_row row_height_percent=\u00bb0&#8243; overlay_alpha=\u00bb50&#8243; gutter_size=\u00bb3&#8243; column_width_percent=\u00bb100&#8243; shift_y=\u00bb0&#8243; z_index=\u00bb0&#8243; uncode_shortcode_id=\u00bb607236&#8243;][vc_column column_width_percent=\u00bb100&#8243; align_horizontal=\u00bbalign_center\u00bb gutter_size=\u00bb3&#8243; overlay_alpha=\u00bb50&#8243; shift_x=\u00bb0&#8243; shift_y=\u00bb0&#8243; shift_y_down=\u00bb0&#8243; z_index=\u00bb0&#8243; medium_width=\u00bb0&#8243; mobile_width=\u00bb0&#8243; width=\u00bb1\/1&#8243; uncode_shortcode_id=\u00bb853687&#8243;][vc_custom_heading text_color=\u00bbcolor-190155&#8243; uncode_shortcode_id=\u00bb529001&#8243; text_color_type=\u00bbuncode-palette\u00bb]En el repertorio[\/vc_custom_heading][uncode_index el_id=\u00bbindex-537495863&#8243; index_type=\u00bbcarousel\u00bb loop=\u00bbsize:5|order_by:date|post_type:page|tax_query:9|taxonomy_count:10&#8243; carousel_lg=\u00bb3&#8243; carousel_md=\u00bb2&#8243; carousel_sm=\u00bb1&#8243; thumb_size=\u00bbthree-two\u00bb gutter_size=\u00bb3&#8243; post_items=\u00bbmedia|featured|onpost|poster,date,title,text|excerpt|90,category|bordered|topright|hide-icon,sep-one|full,extra\u00bb page_items=\u00bbmedia|featured|onpost|original,title,text|excerpt,link|link|small_size|D\u00e9couvrir\u00bb carousel_interval=\u00bb3000&#8243; carousel_navspeed=\u00bb400&#8243; carousel_dots=\u00bbyes\u00bb carousel_dots_space=\u00bbyes\u00bb carousel_dots_mobile=\u00bbyes\u00bb stage_padding=\u00bb0&#8243; single_back_color=\u00bbcolor-563873&#8243; single_overlay_opacity=\u00bb50&#8243; single_text_visible=\u00bbyes\u00bb single_text_anim=\u00bbno\u00bb single_padding=\u00bb2&#8243; single_title_dimension=\u00bbh4&#8243; single_title_weight=\u00bb600&#8243; single_text_lead=\u00bbsmall\u00bb single_border=\u00bbyes\u00bb uncode_shortcode_id=\u00bb567107&#8243;][\/vc_column][\/vc_row][vc_row][vc_column width=\u00bb1\/1&#8243;][uncode_block id=\u00bb3542&#8243;][\/vc_column][\/vc_row]<\/p>\n<\/div>","protected":false},"excerpt":{"rendered":"<p>B.DANCE, bajo la direcci\u00f3n del core\u00f3grafo taiwan\u00e9s Po-Cheng Tsai, es actualmente una de las compa\u00f1\u00edas de danza contempor\u00e1nea emergentes en la escena internacional. <\/p>\n","protected":false},"author":2,"featured_media":12946,"parent":6758,"menu_order":0,"comment_status":"closed","ping_status":"closed","template":"","meta":{"footnotes":""},"choregraphe":[124],"directeur-artistique":[123],"class_list":["post-6379","page","type-page","status-publish","has-post-thumbnail","hentry","choregraphe-po-cheng-tsai","directeur-artistique-po-cheng-tsai","page_category-companias"],"yoast_head":"<!-- This site is optimized with the Yoast SEO plugin v27.3 - https:\/\/yoast.com\/product\/yoast-seo-wordpress\/ -->\n<title>B.DANCE I Director art\u00edstico \/ Core\u00f3grafo Po-Cheng Tsai<\/title>\n<meta name=\"description\" content=\"B.DANCE, bajo la direcci\u00f3n del core\u00f3grafo taiwan\u00e9s Po-Cheng Tsai, es actualmente una de las compa\u00f1\u00edas de danza contempor\u00e1nea emergentes\" \/>\n<meta name=\"robots\" content=\"index, follow, max-snippet:-1, max-image-preview:large, max-video-preview:-1\" \/>\n<link rel=\"canonical\" href=\"https:\/\/www.deltadanse.com\/es\/companias-delta-danse\/b-dance\/\" \/>\n<meta property=\"og:locale\" content=\"es_ES\" \/>\n<meta property=\"og:type\" content=\"article\" \/>\n<meta property=\"og:title\" content=\"B.DANCE I Director art\u00edstico \/ Core\u00f3grafo Po-Cheng Tsai\" \/>\n<meta property=\"og:description\" content=\"B.DANCE, bajo la direcci\u00f3n del core\u00f3grafo taiwan\u00e9s Po-Cheng Tsai, es actualmente una de las compa\u00f1\u00edas de danza contempor\u00e1nea emergentes\" \/>\n<meta property=\"og:url\" content=\"https:\/\/www.deltadanse.com\/es\/companias-delta-danse\/b-dance\/\" \/>\n<meta property=\"og:site_name\" content=\"Delta Danse\" \/>\n<meta property=\"article:modified_time\" content=\"2026-04-09T14:51:52+00:00\" \/>\n<meta property=\"og:image\" content=\"https:\/\/www.deltadanse.com\/wp-content\/uploads\/2026\/04\/DSCF5565-\u00a9-Chao-Sheng-HO-scaled.jpg\" \/>\n\t<meta property=\"og:image:width\" content=\"2560\" \/>\n\t<meta property=\"og:image:height\" content=\"1707\" \/>\n\t<meta property=\"og:image:type\" content=\"image\/jpeg\" \/>\n<meta name=\"twitter:card\" content=\"summary_large_image\" \/>\n<meta name=\"twitter:label1\" content=\"Tiempo de lectura\" \/>\n\t<meta name=\"twitter:data1\" content=\"4 minutos\" \/>\n<script type=\"application\/ld+json\" class=\"yoast-schema-graph\">{\"@context\":\"https:\\\/\\\/schema.org\",\"@graph\":[{\"@type\":\"WebPage\",\"@id\":\"https:\\\/\\\/www.deltadanse.com\\\/es\\\/companias-delta-danse\\\/b-dance\\\/\",\"url\":\"https:\\\/\\\/www.deltadanse.com\\\/es\\\/companias-delta-danse\\\/b-dance\\\/\",\"name\":\"B.DANCE I Director art\u00edstico \\\/ Core\u00f3grafo Po-Cheng Tsai\",\"isPartOf\":{\"@id\":\"https:\\\/\\\/www.deltadanse.com\\\/es\\\/#website\"},\"primaryImageOfPage\":{\"@id\":\"https:\\\/\\\/www.deltadanse.com\\\/es\\\/companias-delta-danse\\\/b-dance\\\/#primaryimage\"},\"image\":{\"@id\":\"https:\\\/\\\/www.deltadanse.com\\\/es\\\/companias-delta-danse\\\/b-dance\\\/#primaryimage\"},\"thumbnailUrl\":\"https:\\\/\\\/www.deltadanse.com\\\/wp-content\\\/uploads\\\/2026\\\/04\\\/DSCF5565-\u00a9-Chao-Sheng-HO-scaled.jpg\",\"datePublished\":\"2022-09-02T12:47:45+00:00\",\"dateModified\":\"2026-04-09T14:51:52+00:00\",\"description\":\"B.DANCE, bajo la direcci\u00f3n del core\u00f3grafo taiwan\u00e9s Po-Cheng Tsai, es actualmente una de las compa\u00f1\u00edas de danza contempor\u00e1nea emergentes\",\"breadcrumb\":{\"@id\":\"https:\\\/\\\/www.deltadanse.com\\\/es\\\/companias-delta-danse\\\/b-dance\\\/#breadcrumb\"},\"inLanguage\":\"es\",\"potentialAction\":[{\"@type\":\"ReadAction\",\"target\":[\"https:\\\/\\\/www.deltadanse.com\\\/es\\\/companias-delta-danse\\\/b-dance\\\/\"]}]},{\"@type\":\"ImageObject\",\"inLanguage\":\"es\",\"@id\":\"https:\\\/\\\/www.deltadanse.com\\\/es\\\/companias-delta-danse\\\/b-dance\\\/#primaryimage\",\"url\":\"https:\\\/\\\/www.deltadanse.com\\\/wp-content\\\/uploads\\\/2026\\\/04\\\/DSCF5565-\u00a9-Chao-Sheng-HO-scaled.jpg\",\"contentUrl\":\"https:\\\/\\\/www.deltadanse.com\\\/wp-content\\\/uploads\\\/2026\\\/04\\\/DSCF5565-\u00a9-Chao-Sheng-HO-scaled.jpg\",\"width\":2560,\"height\":1707},{\"@type\":\"BreadcrumbList\",\"@id\":\"https:\\\/\\\/www.deltadanse.com\\\/es\\\/companias-delta-danse\\\/b-dance\\\/#breadcrumb\",\"itemListElement\":[{\"@type\":\"ListItem\",\"position\":1,\"name\":\"Accueil\",\"item\":\"https:\\\/\\\/www.deltadanse.com\\\/es\\\/\"},{\"@type\":\"ListItem\",\"position\":2,\"name\":\"Compa\u00f1\u00edas\",\"item\":\"https:\\\/\\\/www.deltadanse.com\\\/es\\\/companias-delta-danse\\\/\"},{\"@type\":\"ListItem\",\"position\":3,\"name\":\"B.DANCE\"}]},{\"@type\":\"WebSite\",\"@id\":\"https:\\\/\\\/www.deltadanse.com\\\/es\\\/#website\",\"url\":\"https:\\\/\\\/www.deltadanse.com\\\/es\\\/\",\"name\":\"Delta Danse\",\"description\":\"Just another WordPress site\",\"potentialAction\":[{\"@type\":\"SearchAction\",\"target\":{\"@type\":\"EntryPoint\",\"urlTemplate\":\"https:\\\/\\\/www.deltadanse.com\\\/es\\\/?s={search_term_string}\"},\"query-input\":{\"@type\":\"PropertyValueSpecification\",\"valueRequired\":true,\"valueName\":\"search_term_string\"}}],\"inLanguage\":\"es\"}]}<\/script>\n<!-- \/ Yoast SEO plugin. -->","yoast_head_json":{"title":"B.DANCE I Director art\u00edstico \/ Core\u00f3grafo Po-Cheng Tsai","description":"B.DANCE, bajo la direcci\u00f3n del core\u00f3grafo taiwan\u00e9s Po-Cheng Tsai, es actualmente una de las compa\u00f1\u00edas de danza contempor\u00e1nea emergentes","robots":{"index":"index","follow":"follow","max-snippet":"max-snippet:-1","max-image-preview":"max-image-preview:large","max-video-preview":"max-video-preview:-1"},"canonical":"https:\/\/www.deltadanse.com\/es\/companias-delta-danse\/b-dance\/","og_locale":"es_ES","og_type":"article","og_title":"B.DANCE I Director art\u00edstico \/ Core\u00f3grafo Po-Cheng Tsai","og_description":"B.DANCE, bajo la direcci\u00f3n del core\u00f3grafo taiwan\u00e9s Po-Cheng Tsai, es actualmente una de las compa\u00f1\u00edas de danza contempor\u00e1nea emergentes","og_url":"https:\/\/www.deltadanse.com\/es\/companias-delta-danse\/b-dance\/","og_site_name":"Delta Danse","article_modified_time":"2026-04-09T14:51:52+00:00","og_image":[{"width":2560,"height":1707,"url":"https:\/\/www.deltadanse.com\/wp-content\/uploads\/2026\/04\/DSCF5565-\u00a9-Chao-Sheng-HO-scaled.jpg","type":"image\/jpeg"}],"twitter_card":"summary_large_image","twitter_misc":{"Tiempo de lectura":"4 minutos"},"schema":{"@context":"https:\/\/schema.org","@graph":[{"@type":"WebPage","@id":"https:\/\/www.deltadanse.com\/es\/companias-delta-danse\/b-dance\/","url":"https:\/\/www.deltadanse.com\/es\/companias-delta-danse\/b-dance\/","name":"B.DANCE I Director art\u00edstico \/ Core\u00f3grafo Po-Cheng Tsai","isPartOf":{"@id":"https:\/\/www.deltadanse.com\/es\/#website"},"primaryImageOfPage":{"@id":"https:\/\/www.deltadanse.com\/es\/companias-delta-danse\/b-dance\/#primaryimage"},"image":{"@id":"https:\/\/www.deltadanse.com\/es\/companias-delta-danse\/b-dance\/#primaryimage"},"thumbnailUrl":"https:\/\/www.deltadanse.com\/wp-content\/uploads\/2026\/04\/DSCF5565-\u00a9-Chao-Sheng-HO-scaled.jpg","datePublished":"2022-09-02T12:47:45+00:00","dateModified":"2026-04-09T14:51:52+00:00","description":"B.DANCE, bajo la direcci\u00f3n del core\u00f3grafo taiwan\u00e9s Po-Cheng Tsai, es actualmente una de las compa\u00f1\u00edas de danza contempor\u00e1nea emergentes","breadcrumb":{"@id":"https:\/\/www.deltadanse.com\/es\/companias-delta-danse\/b-dance\/#breadcrumb"},"inLanguage":"es","potentialAction":[{"@type":"ReadAction","target":["https:\/\/www.deltadanse.com\/es\/companias-delta-danse\/b-dance\/"]}]},{"@type":"ImageObject","inLanguage":"es","@id":"https:\/\/www.deltadanse.com\/es\/companias-delta-danse\/b-dance\/#primaryimage","url":"https:\/\/www.deltadanse.com\/wp-content\/uploads\/2026\/04\/DSCF5565-\u00a9-Chao-Sheng-HO-scaled.jpg","contentUrl":"https:\/\/www.deltadanse.com\/wp-content\/uploads\/2026\/04\/DSCF5565-\u00a9-Chao-Sheng-HO-scaled.jpg","width":2560,"height":1707},{"@type":"BreadcrumbList","@id":"https:\/\/www.deltadanse.com\/es\/companias-delta-danse\/b-dance\/#breadcrumb","itemListElement":[{"@type":"ListItem","position":1,"name":"Accueil","item":"https:\/\/www.deltadanse.com\/es\/"},{"@type":"ListItem","position":2,"name":"Compa\u00f1\u00edas","item":"https:\/\/www.deltadanse.com\/es\/companias-delta-danse\/"},{"@type":"ListItem","position":3,"name":"B.DANCE"}]},{"@type":"WebSite","@id":"https:\/\/www.deltadanse.com\/es\/#website","url":"https:\/\/www.deltadanse.com\/es\/","name":"Delta Danse","description":"Just another WordPress site","potentialAction":[{"@type":"SearchAction","target":{"@type":"EntryPoint","urlTemplate":"https:\/\/www.deltadanse.com\/es\/?s={search_term_string}"},"query-input":{"@type":"PropertyValueSpecification","valueRequired":true,"valueName":"search_term_string"}}],"inLanguage":"es"}]}},"_links":{"self":[{"href":"https:\/\/www.deltadanse.com\/es\/wp-json\/wp\/v2\/pages\/6379","targetHints":{"allow":["GET"]}}],"collection":[{"href":"https:\/\/www.deltadanse.com\/es\/wp-json\/wp\/v2\/pages"}],"about":[{"href":"https:\/\/www.deltadanse.com\/es\/wp-json\/wp\/v2\/types\/page"}],"author":[{"embeddable":true,"href":"https:\/\/www.deltadanse.com\/es\/wp-json\/wp\/v2\/users\/2"}],"replies":[{"embeddable":true,"href":"https:\/\/www.deltadanse.com\/es\/wp-json\/wp\/v2\/comments?post=6379"}],"version-history":[{"count":1,"href":"https:\/\/www.deltadanse.com\/es\/wp-json\/wp\/v2\/pages\/6379\/revisions"}],"predecessor-version":[{"id":12956,"href":"https:\/\/www.deltadanse.com\/es\/wp-json\/wp\/v2\/pages\/6379\/revisions\/12956"}],"up":[{"embeddable":true,"href":"https:\/\/www.deltadanse.com\/es\/wp-json\/wp\/v2\/pages\/6758"}],"wp:featuredmedia":[{"embeddable":true,"href":"https:\/\/www.deltadanse.com\/es\/wp-json\/wp\/v2\/media\/12946"}],"wp:attachment":[{"href":"https:\/\/www.deltadanse.com\/es\/wp-json\/wp\/v2\/media?parent=6379"}],"wp:term":[{"taxonomy":"choregraphe","embeddable":true,"href":"https:\/\/www.deltadanse.com\/es\/wp-json\/wp\/v2\/choregraphe?post=6379"},{"taxonomy":"directeur-artistique","embeddable":true,"href":"https:\/\/www.deltadanse.com\/es\/wp-json\/wp\/v2\/directeur-artistique?post=6379"}],"curies":[{"name":"wp","href":"https:\/\/api.w.org\/{rel}","templated":true}]}}