{"id":6427,"date":"2022-09-05T16:13:01","date_gmt":"2022-09-05T14:13:01","guid":{"rendered":"https:\/\/www.deltadanse.com\/beaver-dam-company\/"},"modified":"2026-04-09T16:56:24","modified_gmt":"2026-04-09T14:56:24","slug":"beaver-dam-company","status":"publish","type":"page","link":"https:\/\/www.deltadanse.com\/es\/companias-delta-danse\/beaver-dam-company\/","title":{"rendered":"Beaver Dam Company"},"content":{"rendered":"<div class=\"wpb-content-wrapper\"><p>[vc_row unlock_row_content=\u00bbyes\u00bb row_height_percent=\u00bb0&#8243; override_padding=\u00bbyes\u00bb h_padding=\u00bb7&#8243; top_padding=\u00bb2&#8243; bottom_padding=\u00bb2&#8243; overlay_alpha=\u00bb50&#8243; gutter_size=\u00bb3&#8243; column_width_percent=\u00bb100&#8243; shift_y=\u00bb0&#8243; z_index=\u00bb0&#8243; uncode_shortcode_id=\u00bb347231&#8243;][vc_column column_width_percent=\u00bb100&#8243; align_horizontal=\u00bbalign_center\u00bb gutter_size=\u00bb2&#8243; overlay_alpha=\u00bb50&#8243; shift_x=\u00bb0&#8243; shift_y=\u00bb0&#8243; shift_y_down=\u00bb0&#8243; z_index=\u00bb0&#8243; medium_width=\u00bb0&#8243; mobile_width=\u00bb0&#8243; width=\u00bb7\/12&#8243; uncode_shortcode_id=\u00bb850447&#8243;][vc_row_inner row_inner_height_percent=\u00bb0&#8243; overlay_alpha=\u00bb50&#8243; gutter_size=\u00bb3&#8243; shift_y=\u00bb3&#8243; z_index=\u00bb7&#8243; uncode_shortcode_id=\u00bb710303&#8243; limit_content=\u00bb\u00bb][vc_column_inner column_width_percent=\u00bb100&#8243; align_horizontal=\u00bbalign_center\u00bb gutter_size=\u00bb3&#8243; overlay_alpha=\u00bb50&#8243; shift_x=\u00bb0&#8243; shift_y=\u00bb0&#8243; shift_y_down=\u00bb0&#8243; z_index=\u00bb0&#8243; medium_width=\u00bb0&#8243; mobile_width=\u00bb0&#8243; width=\u00bb1\/1&#8243; uncode_shortcode_id=\u00bb818021&#8243;][vc_custom_heading text_color=\u00bbcolor-400934&#8243; heading_semantic=\u00bbh1&#8243; text_size=\u00bbfontsize-460639&#8243; text_height=\u00bbfontheight-144852&#8243; uncode_shortcode_id=\u00bb147689&#8243; text_color_type=\u00bbuncode-palette\u00bb]Beaver Dam Company[\/vc_custom_heading][\/vc_column_inner][\/vc_row_inner][vc_row_inner row_inner_height_percent=\u00bb0&#8243; overlay_alpha=\u00bb50&#8243; gutter_size=\u00bb3&#8243; shift_y=\u00bb0&#8243; z_index=\u00bb0&#8243; uncode_shortcode_id=\u00bb945376&#8243; limit_content=\u00bb\u00bb][vc_column_inner column_width_percent=\u00bb100&#8243; gutter_size=\u00bb3&#8243; overlay_alpha=\u00bb50&#8243; shift_x=\u00bb0&#8243; shift_y=\u00bb-3&#8243; shift_y_down=\u00bb0&#8243; z_index=\u00bb0&#8243; medium_width=\u00bb0&#8243; mobile_width=\u00bb0&#8243; width=\u00bb1\/1&#8243; uncode_shortcode_id=\u00bb776763&#8243;][vc_gallery el_id=\u00bbgallery-191160&#8243; type=\u00bbcarousel\u00bb medias=\u00bb9782,11272,2342,10094,2346,9774,11269,11281,11278,2350,11286,11275&#8243; carousel_lg=\u00bb1&#8243; carousel_md=\u00bb1&#8243; carousel_sm=\u00bb1&#8243; thumb_size=\u00bbsixteen-nine\u00bb gutter_size=\u00bb3&#8243; media_items=\u00bbmedia|nolink|original,icon\u00bb carousel_interval=\u00bb3000&#8243; carousel_navspeed=\u00bb400&#8243; carousel_loop=\u00bbyes\u00bb stage_padding=\u00bb0&#8243; single_overlay_opacity=\u00bb50&#8243; single_overlay_anim=\u00bbno\u00bb single_text_anim=\u00bbno\u00bb single_image_anim=\u00bbno\u00bb single_padding=\u00bb2&#8243; uncode_shortcode_id=\u00bb188205&#8243; el_class=\u00bbcarrousel-compagnie\u00bb][vc_empty_space empty_h=\u00bb2&#8243; medium_visibility=\u00bbyes\u00bb mobile_visibility=\u00bbyes\u00bb][\/vc_column_inner][\/vc_row_inner][vc_row_inner limit_content=\u00bb\u00bb][vc_column_inner column_width_percent=\u00bb100&#8243; gutter_size=\u00bb3&#8243; overlay_alpha=\u00bb50&#8243; shift_x=\u00bb0&#8243; shift_y=\u00bb0&#8243; shift_y_down=\u00bb0&#8243; z_index=\u00bb0&#8243; medium_visibility=\u00bbyes\u00bb medium_width=\u00bb0&#8243; mobile_visibility=\u00bbyes\u00bb mobile_width=\u00bb0&#8243; width=\u00bb1\/6&#8243; uncode_shortcode_id=\u00bb784328&#8243;][\/vc_column_inner][vc_column_inner column_width_percent=\u00bb100&#8243; gutter_size=\u00bb2&#8243; overlay_alpha=\u00bb50&#8243; shift_x=\u00bb0&#8243; shift_y=\u00bb0&#8243; shift_y_down=\u00bb0&#8243; z_index=\u00bb0&#8243; medium_width=\u00bb0&#8243; mobile_width=\u00bb0&#8243; width=\u00bb2\/3&#8243; uncode_shortcode_id=\u00bb182942&#8243;][calendar_season style=\u00bbcompany\u00bb company=\u00bbbeaver-dam-company\u00bb][\/vc_column_inner][vc_column_inner column_width_percent=\u00bb100&#8243; gutter_size=\u00bb3&#8243; overlay_alpha=\u00bb50&#8243; shift_x=\u00bb0&#8243; shift_y=\u00bb0&#8243; shift_y_down=\u00bb0&#8243; z_index=\u00bb0&#8243; medium_visibility=\u00bbyes\u00bb medium_width=\u00bb0&#8243; mobile_visibility=\u00bbyes\u00bb mobile_width=\u00bb0&#8243; width=\u00bb1\/6&#8243; uncode_shortcode_id=\u00bb636502&#8243;][\/vc_column_inner][\/vc_row_inner][\/vc_column][vc_column column_width_percent=\u00bb100&#8243; gutter_size=\u00bb2&#8243; override_padding=\u00bbyes\u00bb column_padding=\u00bb3&#8243; overlay_alpha=\u00bb50&#8243; shift_x=\u00bb0&#8243; shift_y=\u00bb0&#8243; shift_y_down=\u00bb0&#8243; z_index=\u00bb0&#8243; medium_width=\u00bb0&#8243; mobile_width=\u00bb0&#8243; width=\u00bb5\/12&#8243; uncode_shortcode_id=\u00bb255652&#8243; el_class=\u00bbcontenu-compagnie\u00bb][vc_row_inner limit_content=\u00bb\u00bb][vc_column_inner column_width_percent=\u00bb100&#8243; gutter_size=\u00bb2&#8243; overlay_alpha=\u00bb50&#8243; shift_x=\u00bb0&#8243; shift_y=\u00bb0&#8243; shift_y_down=\u00bb0&#8243; z_index=\u00bb0&#8243; medium_width=\u00bb0&#8243; mobile_width=\u00bb0&#8243; width=\u00bb1\/1&#8243; uncode_shortcode_id=\u00bb727088&#8243;][vc_custom_heading text_color=\u00bbaccent\u00bb uncode_shortcode_id=\u00bb795638&#8243; text_color_type=\u00bbuncode-palette\u00bb]Beaver Dam Company[\/vc_custom_heading][vc_custom_heading text_font=\u00bbfont-555555&#8243; text_size=\u00bbh5&#8243; uncode_shortcode_id=\u00bb118252&#8243;]<strong>Director \/ Core\u00f3grafo: Edouard Hue<\/strong>[\/vc_custom_heading][vc_column_text uncode_shortcode_id=\u00bb203507&#8243;]<a href=\"http:\/\/www.beaverdamco.com\">www.beaverdamco.com<\/a>[\/vc_column_text][vc_empty_space empty_h=\u00bb2&#8243;][\/vc_column_inner][\/vc_row_inner][vc_column_text uncode_shortcode_id=\u00bb196025&#8243; el_class=\u00bblineHeight\u00bb]<\/p>\n<p data-start=\"40\" data-end=\"476\">Edouard Hue es ante todo un bailar\u00edn que pone su fisicalidad al servicio de un movimiento puro. Como int\u00e9rprete, explora los extremos con core\u00f3grafos como <strong>Hofesh Shechter, Damien Jalet y Olivier Dubois.<\/strong> Nutri\u00e9ndose de estas experiencias contrastadas, Hue busca constantemente superar los l\u00edmites del cuerpo y del movimiento, explorando sensaciones poco comunes. En 2019, recibi\u00f3 el <strong>Premio Suizo de Danza<\/strong> como \u00abBailar\u00edn Excepcional\u00bb.<\/p>\n<p data-start=\"478\" data-end=\"938\">En 2014, fund\u00f3 la <strong>Beaver Dam Company,<\/strong> con sede en Ginebra (Suiza), con la que afirma su visi\u00f3n de la danza como un canto a la descarga emocional, trascendida por una exigente complejidad coreogr\u00e1fica. En once a\u00f1os con la compa\u00f1\u00eda, ha creado nueve obras originales en formatos de solo, d\u00fao, tr\u00edo, quinteto, septeto y noneto, entre ellas las destacadas <em data-start=\"831\" data-end=\"843\">All I Need<\/em> y <em data-start=\"846\" data-end=\"852\">Dive<\/em>. Sus creaciones, reconocidas internacionalmente, han sido aclamadas por la cr\u00edtica.<\/p>\n<p data-start=\"940\" data-end=\"1814\">Edouard Hue tambi\u00e9n firma encargos coreogr\u00e1ficos para prestigiosas compa\u00f1\u00edas: en 2018, compone la secci\u00f3n \u00abDomine Jesu\u00bb para <em data-start=\"1067\" data-end=\"1076\">Requiem<\/em> de <strong>Yoann Bourgeois<\/strong>, repone <em data-start=\"1104\" data-end=\"1118\">Into Outside<\/em> en 2019 para la <strong>Frontier Danceland Company<\/strong> (Singapur), crea <em data-start=\"1179\" data-end=\"1190\">No Matter<\/em> en 2020 para la <strong>Gauthier Dance Company<\/strong> (Stuttgart), <em data-start=\"1243\" data-end=\"1250\">Titan<\/em> en 2022 para el <strong>Ballet Basel<\/strong>, y <em data-start=\"1283\" data-end=\"1300\">L\u2019Oiseau de Feu<\/em> en 2023 para el <strong>Ballet de la \u00d3pera de Grand-Avignon<\/strong>. En julio de 2024, <strong>Angelin Preljocaj y Laurent Hilaire<\/strong> lo invitan a crear <em data-start=\"1427\" data-end=\"1442\">Skinny Hearts<\/em> para el <strong>Bayerisches Staatsballett<\/strong> (M\u00fanich). En 2026, continuar\u00e1 su colaboraci\u00f3n con la <strong>Orchestre de Chambre de Gen\u00e8ve<\/strong> y el <strong>Ballet du Grand Th\u00e9\u00e2tre de Gen\u00e8ve<\/strong> para el evento <em data-start=\"1615\" data-end=\"1630\">Electrofaunes<\/em> (Ginebra), y realizar\u00e1 una nueva creaci\u00f3n para el<strong> Scottish Dance Theater<\/strong> (Dundee). En 2027, reinterpretar\u00e1 <em data-start=\"1738\" data-end=\"1760\">Histoires Naturelles<\/em> de <strong>Maurice Ravel<\/strong> para el <strong>Ballet du Rhin<\/strong> (Mulhouse).<\/p>\n<p data-start=\"1816\" data-end=\"2302\">Paralelamente, Edouard Hue transmite su repertorio a instituciones de renombre en todo el mundo: <strong>ZhDK \u2013 Z\u00fcrcher Hochschule der K\u00fcnste<\/strong> (Suiza), <strong>Greek National Opera Dance School<\/strong> (Grecia), <strong>Dance Area Jeune Ballet<\/strong> (Suiza), la <strong>\u00c9cole de Danse Contemporaine de Montr\u00e9al<\/strong> (Canad\u00e1), el <strong>Ballet Junior de Gen\u00e8ve<\/strong> (Suiza), <strong>SEAD \u2013 Salzburg Experimental Academy of Dance<\/strong> (Austria), el <strong>Conservatoire National Sup\u00e9rieur de Musique et de Danse de Paris<\/strong> (Francia) y <strong>Le Marchepied<\/strong> (Suiza), entre otros.<\/p>\n<p>[\/vc_column_text][vc_empty_space][vc_custom_heading text_color=\u00bbaccent\u00bb uncode_shortcode_id=\u00bb212396&#8243; text_color_type=\u00bbuncode-palette\u00bb]Lo que dice la prensa[\/vc_custom_heading][vc_column_text uncode_shortcode_id=\u00bb106884&#8243; el_class=\u00bblineHeight\u00bb]\u00bbEbriosa, bulliciosa, impetuosa, hecha de rupturas, eminentemente pol\u00edtica, la escritura del core\u00f3grafo electriza y hipnotiza.\u00bb<\/p>\n<p><strong>Olivier Fr\u00e9gaville-Gratian d\u2019Amore, <em>L\u2019Oeil d\u2019Olivier<\/em><\/strong>[\/vc_column_text][vc_column_text uncode_shortcode_id=\u00bb206796&#8243; el_class=\u00bblineHeight\u00bb]<\/p>\n<p class=\"p1\">\u00abCon <i>Dive<\/i>, \u00c9douard Hue confirma que es un core\u00f3grafo singular, tanto popular como exigente. No hay ostentaci\u00f3n en sus piezas, ning\u00fan decorado que oculte la debilidad del mensaje, ni intenci\u00f3n pol\u00edtica proclamada, solo danza pura. M\u00e1s a\u00fan que en sus obras anteriores, trabaja en <i>Dive<\/i> el cuerpo de sus int\u00e9rpretes, molde\u00e1ndolos para sublimar la expresi\u00f3n. \u00a1Es una delicia!\u00bb<\/p>\n<p class=\"p2\"><b>Jean-Fr\u00e9d\u00e9ric Saumont, <i>Danses avec la Plume<\/i> <\/b><\/p>\n<p>[\/vc_column_text][\/vc_column][\/vc_row][vc_row row_height_percent=\u00bb0&#8243; overlay_alpha=\u00bb50&#8243; gutter_size=\u00bb3&#8243; column_width_percent=\u00bb100&#8243; shift_y=\u00bb0&#8243; z_index=\u00bb0&#8243; uncode_shortcode_id=\u00bb607236&#8243;][vc_column column_width_percent=\u00bb100&#8243; align_horizontal=\u00bbalign_center\u00bb gutter_size=\u00bb3&#8243; overlay_alpha=\u00bb50&#8243; shift_x=\u00bb0&#8243; shift_y=\u00bb0&#8243; shift_y_down=\u00bb0&#8243; z_index=\u00bb0&#8243; medium_width=\u00bb0&#8243; mobile_width=\u00bb0&#8243; width=\u00bb1\/1&#8243; uncode_shortcode_id=\u00bb853687&#8243;][vc_custom_heading text_color=\u00bbcolor-190155&#8243; uncode_shortcode_id=\u00bb529001&#8243; text_color_type=\u00bbuncode-palette\u00bb]En el repertorio[\/vc_custom_heading][uncode_index el_id=\u00bbindex-537495863&#8243; index_type=\u00bbcarousel\u00bb loop=\u00bbsize:3|order_by:rand|post_type:page|tax_query:12|taxonomy_count:10&#8243; carousel_lg=\u00bb3&#8243; carousel_md=\u00bb2&#8243; carousel_sm=\u00bb1&#8243; thumb_size=\u00bbthree-two\u00bb gutter_size=\u00bb3&#8243; post_items=\u00bbmedia|featured|onpost|poster,date,title,text|excerpt|90,category|bordered|topright|hide-icon,sep-one|full,extra\u00bb page_items=\u00bbmedia|featured|onpost|original,title,text|excerpt,link|link|small_size|D\u00e9couvrir\u00bb carousel_interval=\u00bb3000&#8243; carousel_navspeed=\u00bb400&#8243; carousel_dots=\u00bbyes\u00bb carousel_dots_space=\u00bbyes\u00bb carousel_dots_mobile=\u00bbyes\u00bb stage_padding=\u00bb0&#8243; single_back_color=\u00bbcolor-563873&#8243; single_overlay_opacity=\u00bb50&#8243; single_text_visible=\u00bbyes\u00bb single_text_anim=\u00bbno\u00bb single_padding=\u00bb2&#8243; single_title_dimension=\u00bbh3&#8243; single_text_lead=\u00bbsmall\u00bb single_border=\u00bbyes\u00bb uncode_shortcode_id=\u00bb356556&#8243;][\/vc_column][\/vc_row][vc_row][vc_column width=\u00bb1\/1&#8243;][uncode_block id=\u00bb3542&#8243;][\/vc_column][\/vc_row]<\/p>\n<\/div>","protected":false},"excerpt":{"rendered":"<p>Edouard Hue es ante todo un bailar\u00edn que pone su corporalidad al servicio del movimiento puro. Como int\u00e9rprete ha experimentado con los extremos junto a los core\u00f3grafos Hofesh Shechter, Damien Jalet y Oliver Dubois.<\/p>\n","protected":false},"author":2,"featured_media":9393,"parent":6758,"menu_order":0,"comment_status":"closed","ping_status":"closed","template":"","meta":{"footnotes":""},"choregraphe":[127],"directeur-artistique":[126],"class_list":["post-6427","page","type-page","status-publish","has-post-thumbnail","hentry","choregraphe-edouard-hue","directeur-artistique-edouard-hue","page_category-companias"],"yoast_head":"<!-- This site is optimized with the Yoast SEO plugin v27.3 - https:\/\/yoast.com\/product\/yoast-seo-wordpress\/ -->\n<title>Beaver Dam Company I Director \/ Core\u00f3grafo Edouard Hue<\/title>\n<meta name=\"description\" content=\"Beaver Dam Company : Edouard Hue es ante todo un bailar\u00edn que pone su corporalidad al servicio del movimiento puro...\" \/>\n<meta name=\"robots\" content=\"index, follow, max-snippet:-1, max-image-preview:large, max-video-preview:-1\" \/>\n<link rel=\"canonical\" href=\"https:\/\/www.deltadanse.com\/es\/companias-delta-danse\/beaver-dam-company\/\" \/>\n<meta property=\"og:locale\" content=\"es_ES\" \/>\n<meta property=\"og:type\" content=\"article\" \/>\n<meta property=\"og:title\" content=\"Beaver Dam Company I Director \/ Core\u00f3grafo Edouard Hue\" \/>\n<meta property=\"og:description\" content=\"Beaver Dam Company : Edouard Hue es ante todo un bailar\u00edn que pone su corporalidad al servicio del movimiento puro...\" \/>\n<meta property=\"og:url\" content=\"https:\/\/www.deltadanse.com\/es\/companias-delta-danse\/beaver-dam-company\/\" \/>\n<meta property=\"og:site_name\" content=\"Delta Danse\" \/>\n<meta property=\"article:modified_time\" content=\"2026-04-09T14:56:24+00:00\" \/>\n<meta property=\"og:image\" content=\"https:\/\/www.deltadanse.com\/wp-content\/uploads\/2024\/09\/zoee_dumont_photographieIMG_6430-scaled.jpg\" \/>\n\t<meta property=\"og:image:width\" content=\"2560\" \/>\n\t<meta property=\"og:image:height\" content=\"1707\" \/>\n\t<meta property=\"og:image:type\" content=\"image\/jpeg\" \/>\n<meta name=\"twitter:card\" content=\"summary_large_image\" \/>\n<meta name=\"twitter:label1\" content=\"Tiempo de lectura\" \/>\n\t<meta name=\"twitter:data1\" content=\"5 minutos\" \/>\n<script type=\"application\/ld+json\" class=\"yoast-schema-graph\">{\"@context\":\"https:\\\/\\\/schema.org\",\"@graph\":[{\"@type\":\"WebPage\",\"@id\":\"https:\\\/\\\/www.deltadanse.com\\\/es\\\/companias-delta-danse\\\/beaver-dam-company\\\/\",\"url\":\"https:\\\/\\\/www.deltadanse.com\\\/es\\\/companias-delta-danse\\\/beaver-dam-company\\\/\",\"name\":\"Beaver Dam Company I Director \\\/ Core\u00f3grafo Edouard Hue\",\"isPartOf\":{\"@id\":\"https:\\\/\\\/www.deltadanse.com\\\/es\\\/#website\"},\"primaryImageOfPage\":{\"@id\":\"https:\\\/\\\/www.deltadanse.com\\\/es\\\/companias-delta-danse\\\/beaver-dam-company\\\/#primaryimage\"},\"image\":{\"@id\":\"https:\\\/\\\/www.deltadanse.com\\\/es\\\/companias-delta-danse\\\/beaver-dam-company\\\/#primaryimage\"},\"thumbnailUrl\":\"https:\\\/\\\/www.deltadanse.com\\\/wp-content\\\/uploads\\\/2024\\\/09\\\/zoee_dumont_photographieIMG_6430-scaled.jpg\",\"datePublished\":\"2022-09-05T14:13:01+00:00\",\"dateModified\":\"2026-04-09T14:56:24+00:00\",\"description\":\"Beaver Dam Company : Edouard Hue es ante todo un bailar\u00edn que pone su corporalidad al servicio del movimiento puro...\",\"breadcrumb\":{\"@id\":\"https:\\\/\\\/www.deltadanse.com\\\/es\\\/companias-delta-danse\\\/beaver-dam-company\\\/#breadcrumb\"},\"inLanguage\":\"es\",\"potentialAction\":[{\"@type\":\"ReadAction\",\"target\":[\"https:\\\/\\\/www.deltadanse.com\\\/es\\\/companias-delta-danse\\\/beaver-dam-company\\\/\"]}]},{\"@type\":\"ImageObject\",\"inLanguage\":\"es\",\"@id\":\"https:\\\/\\\/www.deltadanse.com\\\/es\\\/companias-delta-danse\\\/beaver-dam-company\\\/#primaryimage\",\"url\":\"https:\\\/\\\/www.deltadanse.com\\\/wp-content\\\/uploads\\\/2024\\\/09\\\/zoee_dumont_photographieIMG_6430-scaled.jpg\",\"contentUrl\":\"https:\\\/\\\/www.deltadanse.com\\\/wp-content\\\/uploads\\\/2024\\\/09\\\/zoee_dumont_photographieIMG_6430-scaled.jpg\",\"width\":2560,\"height\":1707},{\"@type\":\"BreadcrumbList\",\"@id\":\"https:\\\/\\\/www.deltadanse.com\\\/es\\\/companias-delta-danse\\\/beaver-dam-company\\\/#breadcrumb\",\"itemListElement\":[{\"@type\":\"ListItem\",\"position\":1,\"name\":\"Accueil\",\"item\":\"https:\\\/\\\/www.deltadanse.com\\\/es\\\/\"},{\"@type\":\"ListItem\",\"position\":2,\"name\":\"Compa\u00f1\u00edas\",\"item\":\"https:\\\/\\\/www.deltadanse.com\\\/es\\\/companias-delta-danse\\\/\"},{\"@type\":\"ListItem\",\"position\":3,\"name\":\"Beaver Dam Company\"}]},{\"@type\":\"WebSite\",\"@id\":\"https:\\\/\\\/www.deltadanse.com\\\/es\\\/#website\",\"url\":\"https:\\\/\\\/www.deltadanse.com\\\/es\\\/\",\"name\":\"Delta Danse\",\"description\":\"Just another WordPress site\",\"potentialAction\":[{\"@type\":\"SearchAction\",\"target\":{\"@type\":\"EntryPoint\",\"urlTemplate\":\"https:\\\/\\\/www.deltadanse.com\\\/es\\\/?s={search_term_string}\"},\"query-input\":{\"@type\":\"PropertyValueSpecification\",\"valueRequired\":true,\"valueName\":\"search_term_string\"}}],\"inLanguage\":\"es\"}]}<\/script>\n<!-- \/ Yoast SEO plugin. -->","yoast_head_json":{"title":"Beaver Dam Company I Director \/ Core\u00f3grafo Edouard Hue","description":"Beaver Dam Company : Edouard Hue es ante todo un bailar\u00edn que pone su corporalidad al servicio del movimiento puro...","robots":{"index":"index","follow":"follow","max-snippet":"max-snippet:-1","max-image-preview":"max-image-preview:large","max-video-preview":"max-video-preview:-1"},"canonical":"https:\/\/www.deltadanse.com\/es\/companias-delta-danse\/beaver-dam-company\/","og_locale":"es_ES","og_type":"article","og_title":"Beaver Dam Company I Director \/ Core\u00f3grafo Edouard Hue","og_description":"Beaver Dam Company : Edouard Hue es ante todo un bailar\u00edn que pone su corporalidad al servicio del movimiento puro...","og_url":"https:\/\/www.deltadanse.com\/es\/companias-delta-danse\/beaver-dam-company\/","og_site_name":"Delta Danse","article_modified_time":"2026-04-09T14:56:24+00:00","og_image":[{"width":2560,"height":1707,"url":"https:\/\/www.deltadanse.com\/wp-content\/uploads\/2024\/09\/zoee_dumont_photographieIMG_6430-scaled.jpg","type":"image\/jpeg"}],"twitter_card":"summary_large_image","twitter_misc":{"Tiempo de lectura":"5 minutos"},"schema":{"@context":"https:\/\/schema.org","@graph":[{"@type":"WebPage","@id":"https:\/\/www.deltadanse.com\/es\/companias-delta-danse\/beaver-dam-company\/","url":"https:\/\/www.deltadanse.com\/es\/companias-delta-danse\/beaver-dam-company\/","name":"Beaver Dam Company I Director \/ Core\u00f3grafo Edouard Hue","isPartOf":{"@id":"https:\/\/www.deltadanse.com\/es\/#website"},"primaryImageOfPage":{"@id":"https:\/\/www.deltadanse.com\/es\/companias-delta-danse\/beaver-dam-company\/#primaryimage"},"image":{"@id":"https:\/\/www.deltadanse.com\/es\/companias-delta-danse\/beaver-dam-company\/#primaryimage"},"thumbnailUrl":"https:\/\/www.deltadanse.com\/wp-content\/uploads\/2024\/09\/zoee_dumont_photographieIMG_6430-scaled.jpg","datePublished":"2022-09-05T14:13:01+00:00","dateModified":"2026-04-09T14:56:24+00:00","description":"Beaver Dam Company : Edouard Hue es ante todo un bailar\u00edn que pone su corporalidad al servicio del movimiento puro...","breadcrumb":{"@id":"https:\/\/www.deltadanse.com\/es\/companias-delta-danse\/beaver-dam-company\/#breadcrumb"},"inLanguage":"es","potentialAction":[{"@type":"ReadAction","target":["https:\/\/www.deltadanse.com\/es\/companias-delta-danse\/beaver-dam-company\/"]}]},{"@type":"ImageObject","inLanguage":"es","@id":"https:\/\/www.deltadanse.com\/es\/companias-delta-danse\/beaver-dam-company\/#primaryimage","url":"https:\/\/www.deltadanse.com\/wp-content\/uploads\/2024\/09\/zoee_dumont_photographieIMG_6430-scaled.jpg","contentUrl":"https:\/\/www.deltadanse.com\/wp-content\/uploads\/2024\/09\/zoee_dumont_photographieIMG_6430-scaled.jpg","width":2560,"height":1707},{"@type":"BreadcrumbList","@id":"https:\/\/www.deltadanse.com\/es\/companias-delta-danse\/beaver-dam-company\/#breadcrumb","itemListElement":[{"@type":"ListItem","position":1,"name":"Accueil","item":"https:\/\/www.deltadanse.com\/es\/"},{"@type":"ListItem","position":2,"name":"Compa\u00f1\u00edas","item":"https:\/\/www.deltadanse.com\/es\/companias-delta-danse\/"},{"@type":"ListItem","position":3,"name":"Beaver Dam Company"}]},{"@type":"WebSite","@id":"https:\/\/www.deltadanse.com\/es\/#website","url":"https:\/\/www.deltadanse.com\/es\/","name":"Delta Danse","description":"Just another WordPress site","potentialAction":[{"@type":"SearchAction","target":{"@type":"EntryPoint","urlTemplate":"https:\/\/www.deltadanse.com\/es\/?s={search_term_string}"},"query-input":{"@type":"PropertyValueSpecification","valueRequired":true,"valueName":"search_term_string"}}],"inLanguage":"es"}]}},"_links":{"self":[{"href":"https:\/\/www.deltadanse.com\/es\/wp-json\/wp\/v2\/pages\/6427","targetHints":{"allow":["GET"]}}],"collection":[{"href":"https:\/\/www.deltadanse.com\/es\/wp-json\/wp\/v2\/pages"}],"about":[{"href":"https:\/\/www.deltadanse.com\/es\/wp-json\/wp\/v2\/types\/page"}],"author":[{"embeddable":true,"href":"https:\/\/www.deltadanse.com\/es\/wp-json\/wp\/v2\/users\/2"}],"replies":[{"embeddable":true,"href":"https:\/\/www.deltadanse.com\/es\/wp-json\/wp\/v2\/comments?post=6427"}],"version-history":[{"count":1,"href":"https:\/\/www.deltadanse.com\/es\/wp-json\/wp\/v2\/pages\/6427\/revisions"}],"predecessor-version":[{"id":12961,"href":"https:\/\/www.deltadanse.com\/es\/wp-json\/wp\/v2\/pages\/6427\/revisions\/12961"}],"up":[{"embeddable":true,"href":"https:\/\/www.deltadanse.com\/es\/wp-json\/wp\/v2\/pages\/6758"}],"wp:featuredmedia":[{"embeddable":true,"href":"https:\/\/www.deltadanse.com\/es\/wp-json\/wp\/v2\/media\/9393"}],"wp:attachment":[{"href":"https:\/\/www.deltadanse.com\/es\/wp-json\/wp\/v2\/media?parent=6427"}],"wp:term":[{"taxonomy":"choregraphe","embeddable":true,"href":"https:\/\/www.deltadanse.com\/es\/wp-json\/wp\/v2\/choregraphe?post=6427"},{"taxonomy":"directeur-artistique","embeddable":true,"href":"https:\/\/www.deltadanse.com\/es\/wp-json\/wp\/v2\/directeur-artistique?post=6427"}],"curies":[{"name":"wp","href":"https:\/\/api.w.org\/{rel}","templated":true}]}}