{"id":6506,"date":"2022-09-05T15:50:22","date_gmt":"2022-09-05T13:50:22","guid":{"rendered":"https:\/\/www.deltadanse.com\/ballets-jazz-montreal\/"},"modified":"2026-04-09T16:46:45","modified_gmt":"2026-04-09T14:46:45","slug":"ballets-jazz-montreal","status":"publish","type":"page","link":"https:\/\/www.deltadanse.com\/es\/companias-delta-danse\/ballets-jazz-montreal\/","title":{"rendered":"Ballets Jazz Montr\u00e9al"},"content":{"rendered":"<div class=\"wpb-content-wrapper\"><p>[vc_row unlock_row_content=\u00bbyes\u00bb row_height_percent=\u00bb0&#8243; override_padding=\u00bbyes\u00bb h_padding=\u00bb7&#8243; top_padding=\u00bb2&#8243; bottom_padding=\u00bb2&#8243; overlay_alpha=\u00bb50&#8243; gutter_size=\u00bb3&#8243; column_width_percent=\u00bb100&#8243; shift_y=\u00bb0&#8243; z_index=\u00bb0&#8243; uncode_shortcode_id=\u00bb347231&#8243;][vc_column column_width_percent=\u00bb100&#8243; align_horizontal=\u00bbalign_center\u00bb gutter_size=\u00bb2&#8243; overlay_alpha=\u00bb50&#8243; shift_x=\u00bb0&#8243; shift_y=\u00bb0&#8243; shift_y_down=\u00bb0&#8243; z_index=\u00bb0&#8243; medium_width=\u00bb0&#8243; mobile_width=\u00bb0&#8243; width=\u00bb7\/12&#8243; uncode_shortcode_id=\u00bb850447&#8243;][vc_row_inner row_inner_height_percent=\u00bb0&#8243; overlay_alpha=\u00bb50&#8243; gutter_size=\u00bb3&#8243; shift_y=\u00bb3&#8243; z_index=\u00bb7&#8243; uncode_shortcode_id=\u00bb710303&#8243; limit_content=\u00bb\u00bb][vc_column_inner column_width_percent=\u00bb100&#8243; align_horizontal=\u00bbalign_center\u00bb gutter_size=\u00bb3&#8243; overlay_alpha=\u00bb50&#8243; shift_x=\u00bb0&#8243; shift_y=\u00bb0&#8243; shift_y_down=\u00bb0&#8243; z_index=\u00bb0&#8243; medium_width=\u00bb0&#8243; mobile_width=\u00bb0&#8243; width=\u00bb1\/1&#8243; uncode_shortcode_id=\u00bb818021&#8243;][vc_custom_heading text_color=\u00bbcolor-400934&#8243; heading_semantic=\u00bbh1&#8243; text_size=\u00bbfontsize-460639&#8243; text_height=\u00bbfontheight-144852&#8243; uncode_shortcode_id=\u00bb127592&#8243; text_color_type=\u00bbuncode-palette\u00bb]Ballets Jazz Montr\u00e9al[\/vc_custom_heading][\/vc_column_inner][\/vc_row_inner][vc_row_inner row_inner_height_percent=\u00bb0&#8243; overlay_alpha=\u00bb50&#8243; gutter_size=\u00bb3&#8243; shift_y=\u00bb0&#8243; z_index=\u00bb0&#8243; uncode_shortcode_id=\u00bb177000&#8243; limit_content=\u00bb\u00bb][vc_column_inner column_width_percent=\u00bb100&#8243; gutter_size=\u00bb3&#8243; overlay_alpha=\u00bb50&#8243; shift_x=\u00bb0&#8243; shift_y=\u00bb-3&#8243; shift_y_down=\u00bb0&#8243; z_index=\u00bb0&#8243; medium_width=\u00bb0&#8243; mobile_width=\u00bb0&#8243; width=\u00bb1\/1&#8243; uncode_shortcode_id=\u00bb776763&#8243;][vc_gallery el_id=\u00bbgallery-191160&#8243; type=\u00bbcarousel\u00bb random=\u00bbyes\u00bb medias=\u00bb11361,11358,11355,11352,11349,11346,11343&#8243; carousel_lg=\u00bb1&#8243; carousel_md=\u00bb1&#8243; carousel_sm=\u00bb1&#8243; thumb_size=\u00bbsixteen-nine\u00bb gutter_size=\u00bb3&#8243; media_items=\u00bbmedia|nolink|original,icon\u00bb carousel_interval=\u00bb3000&#8243; carousel_navspeed=\u00bb400&#8243; carousel_loop=\u00bbyes\u00bb stage_padding=\u00bb0&#8243; single_overlay_opacity=\u00bb50&#8243; single_overlay_anim=\u00bbno\u00bb single_text_anim=\u00bbno\u00bb single_image_anim=\u00bbno\u00bb single_padding=\u00bb2&#8243; uncode_shortcode_id=\u00bb915428&#8243; el_class=\u00bbcarrousel-compagnie\u00bb][vc_empty_space empty_h=\u00bb2&#8243; medium_visibility=\u00bbyes\u00bb mobile_visibility=\u00bbyes\u00bb][\/vc_column_inner][\/vc_row_inner][vc_row_inner limit_content=\u00bb\u00bb][vc_column_inner column_width_percent=\u00bb100&#8243; gutter_size=\u00bb3&#8243; overlay_alpha=\u00bb50&#8243; shift_x=\u00bb0&#8243; shift_y=\u00bb0&#8243; shift_y_down=\u00bb0&#8243; z_index=\u00bb0&#8243; medium_visibility=\u00bbyes\u00bb medium_width=\u00bb0&#8243; mobile_visibility=\u00bbyes\u00bb mobile_width=\u00bb0&#8243; width=\u00bb1\/6&#8243; uncode_shortcode_id=\u00bb192645&#8243;][\/vc_column_inner][vc_column_inner column_width_percent=\u00bb100&#8243; gutter_size=\u00bb2&#8243; overlay_alpha=\u00bb50&#8243; shift_x=\u00bb0&#8243; shift_y=\u00bb0&#8243; shift_y_down=\u00bb0&#8243; z_index=\u00bb0&#8243; medium_width=\u00bb0&#8243; mobile_width=\u00bb0&#8243; width=\u00bb2\/3&#8243; uncode_shortcode_id=\u00bb175799&#8243;][calendar_season style=\u00bbcompany\u00bb company=\u00bbballets-jazz-montreal\u00bb][\/vc_column_inner][vc_column_inner column_width_percent=\u00bb100&#8243; gutter_size=\u00bb3&#8243; overlay_alpha=\u00bb50&#8243; shift_x=\u00bb0&#8243; shift_y=\u00bb0&#8243; shift_y_down=\u00bb0&#8243; z_index=\u00bb0&#8243; medium_visibility=\u00bbyes\u00bb medium_width=\u00bb0&#8243; mobile_visibility=\u00bbyes\u00bb mobile_width=\u00bb0&#8243; width=\u00bb1\/6&#8243; uncode_shortcode_id=\u00bb252312&#8243;][\/vc_column_inner][\/vc_row_inner][\/vc_column][vc_column column_width_percent=\u00bb100&#8243; gutter_size=\u00bb2&#8243; override_padding=\u00bbyes\u00bb column_padding=\u00bb3&#8243; overlay_alpha=\u00bb50&#8243; shift_x=\u00bb0&#8243; shift_y=\u00bb0&#8243; shift_y_down=\u00bb0&#8243; z_index=\u00bb0&#8243; medium_width=\u00bb0&#8243; mobile_width=\u00bb0&#8243; width=\u00bb5\/12&#8243; uncode_shortcode_id=\u00bb669330&#8243; el_class=\u00bbcontenu-compagnie\u00bb][vc_row_inner limit_content=\u00bb\u00bb][vc_column_inner column_width_percent=\u00bb100&#8243; gutter_size=\u00bb2&#8243; overlay_alpha=\u00bb50&#8243; shift_x=\u00bb0&#8243; shift_y=\u00bb0&#8243; shift_y_down=\u00bb0&#8243; z_index=\u00bb0&#8243; medium_width=\u00bb0&#8243; mobile_width=\u00bb0&#8243; width=\u00bb1\/1&#8243; uncode_shortcode_id=\u00bb727088&#8243;][vc_custom_heading text_color=\u00bbaccent\u00bb heading_semantic=\u00bbp\u00bb uncode_shortcode_id=\u00bb464804&#8243; text_color_type=\u00bbuncode-palette\u00bb]Ballets Jazz Montr\u00e9al[\/vc_custom_heading][vc_custom_heading heading_semantic=\u00bbh3&#8243; text_font=\u00bbfont-555555&#8243; text_size=\u00bbh5&#8243; uncode_shortcode_id=\u00bb474579&#8243;]<strong>Directora art\u00edstica: Alexandra Damiani<\/strong>[\/vc_custom_heading][vc_column_text uncode_shortcode_id=\u00bb211979&#8243;]<a href=\"http:\/\/www.bjmdanse.ca\" target=\"_blank\" rel=\"noopener\">www.bjmdanse.ca<\/a>[\/vc_column_text][vc_empty_space empty_h=\u00bb2&#8243;][\/vc_column_inner][\/vc_row_inner][vc_column_text uncode_shortcode_id=\u00bb114965&#8243; el_class=\u00bblineHeight\u00bb]<\/p>\n<p class=\"p1\"><span class=\"s1\">Desde 1972, Ballets Jazz Montr\u00e9al se ha consolidado como el estandarte de la danza jazz y contempor\u00e1nea en todo el mundo. A lo largo de los \u00faltimos 50 a\u00f1os, la compa\u00f1\u00eda ha trabajado para enriquecer este lenguaje coreogr\u00e1fico con otras t\u00e9cnicas, como la danza cl\u00e1sica, contempor\u00e1nea, moderna e incluso el circo. Esta influencia, profundamente arraigada, ha contribuido a su renombre internacional. <\/span><\/p>\n<p class=\"p1\"><span class=\"s1\">Fundada por Genevi\u00e8ve Salbaing y Eva Von Gencsy, la compa\u00f1\u00eda est\u00e1 dirigida por Alexandra Damiani desde 2021. De origen franc\u00e9s y figura destacada en el \u00e1mbito de la danza en Am\u00e9rica del Norte, ella perpet\u00faa la tradici\u00f3n de la compa\u00f1\u00eda al continuar desarrollando la imagen singular que la caracteriza, a trav\u00e9s de proyectos espec\u00edficos y ambiciosos. Con la accesibilidad y la calidad como valores fundamentales, la compa\u00f1\u00eda fusiona el placer y la humanidad en sus obras fuertes y expresivas, siendo cada creaci\u00f3n el resultado de un encuentro \u00fanico entre core\u00f3grafos y bailarines. <\/span><\/p>\n<p class=\"p1\"><span class=\"s1\">Con m\u00e1s de 3,200 representaciones en 60 pa\u00edses y un p\u00fablico de m\u00e1s de 3 millones de personas, Ballets Jazz Montr\u00e9al es considerada una de las principales embajadoras de la danza canadiense en el mundo. Colaborando con core\u00f3grafos de renombre, la compa\u00f1\u00eda ofrece un repertorio accesible para todos los p\u00fablicos. Cada obra, matizada y a menudo multidisciplinaria, combina la danza con otras artes como el teatro, el video y el canto, permitiendo que las personalidades \u00fanicas de los artistas y la calidad de su interpretaci\u00f3n se expresen y cautiven a p\u00fablicos y cr\u00edticos de todos los \u00e1mbitos. <\/span><\/p>\n<p>[\/vc_column_text][vc_empty_space][vc_custom_heading text_color=\u00bbaccent\u00bb heading_semantic=\u00bbp\u00bb uncode_shortcode_id=\u00bb634313&#8243; text_color_type=\u00bbuncode-palette\u00bb]Lo que dice la prensa[\/vc_custom_heading][vc_column_text uncode_shortcode_id=\u00bb103309&#8243; el_class=\u00bblineHeight\u00bb]<\/p>\n<p class=\"p1\">\u00abLa excelencia t\u00e9cnica de los bailarines se pone de relieve, los un\u00edsonos alcanzan la perfecci\u00f3n y la generosidad de los int\u00e9rpretes aporta energ\u00eda.\u00bb<\/p>\n<p class=\"p2\"><b>\u00c9lise Boileau, <i>Dfdanse Magazine<\/i><\/b><\/p>\n<p>[\/vc_column_text][vc_column_text uncode_shortcode_id=\u00bb111020&#8243; el_class=\u00bblineHeight\u00bb]\u00bbLa compa\u00f1\u00eda [&#8230;] crea sus propias visiones en una mezcla fascinante de t\u00e9cnicas de danza cl\u00e1sica y contempor\u00e1nea, enriquecida con elementos de teatro y circo, as\u00ed como con una fascinante concepci\u00f3n de iluminaci\u00f3n, que re\u00fane tres coreograf\u00edas muy diferentes.\u00bb<\/p>\n<p><strong>Ursula Hoffman, <em>Allgemeine Zeitung<\/em><\/strong>[\/vc_column_text][vc_column_text uncode_shortcode_id=\u00bb177061&#8243; el_class=\u00bblineHeight\u00bb]<\/p>\n<p class=\"p1\">\u00abRara vez se tiene el privilegio de asistir a una demostraci\u00f3n de tal excelencia. Ballets Jazz Montr\u00e9al, al que se le atribuye tener algunos de los mejores bailarines del mundo, ha igualado su reputaci\u00f3n.\u00bb<\/p>\n<p class=\"p2\"><b>M. P.,<i> Le Midi Libre<\/i><\/b><\/p>\n<p>[\/vc_column_text][vc_empty_space empty_h=\u00bb3&#8243; medium_visibility=\u00bbyes\u00bb mobile_visibility=\u00bbyes\u00bb][\/vc_column][\/vc_row][vc_row row_height_percent=\u00bb0&#8243; overlay_alpha=\u00bb50&#8243; gutter_size=\u00bb3&#8243; column_width_percent=\u00bb100&#8243; shift_y=\u00bb0&#8243; z_index=\u00bb0&#8243; uncode_shortcode_id=\u00bb607236&#8243;][vc_column column_width_percent=\u00bb100&#8243; align_horizontal=\u00bbalign_center\u00bb gutter_size=\u00bb3&#8243; overlay_alpha=\u00bb50&#8243; shift_x=\u00bb0&#8243; shift_y=\u00bb0&#8243; shift_y_down=\u00bb0&#8243; z_index=\u00bb0&#8243; medium_width=\u00bb0&#8243; mobile_width=\u00bb0&#8243; width=\u00bb1\/1&#8243; uncode_shortcode_id=\u00bb853687&#8243;][vc_custom_heading text_color=\u00bbcolor-190155&#8243; heading_semantic=\u00bbp\u00bb uncode_shortcode_id=\u00bb178772&#8243; text_color_type=\u00bbuncode-palette\u00bb]En el repertorio[\/vc_custom_heading][uncode_index el_id=\u00bbindex-537495863&#8243; index_type=\u00bbcarousel\u00bb loop=\u00bbsize:3|order_by:date|post_type:page|tax_query:11|taxonomy_count:10&#8243; carousel_lg=\u00bb3&#8243; carousel_md=\u00bb2&#8243; carousel_sm=\u00bb1&#8243; thumb_size=\u00bbthree-two\u00bb gutter_size=\u00bb3&#8243; post_items=\u00bbmedia|featured|onpost|poster,date,title,text|excerpt|90,category|bordered|topright|hide-icon,sep-one|full,extra\u00bb page_items=\u00bbmedia|featured|onpost|original,title,text|excerpt|100,link|link|small_size|D\u00e9couvrir\u00bb carousel_interval=\u00bb3000&#8243; carousel_navspeed=\u00bb400&#8243; carousel_dots=\u00bbyes\u00bb carousel_dots_space=\u00bbyes\u00bb carousel_dots_mobile=\u00bbyes\u00bb stage_padding=\u00bb0&#8243; single_back_color=\u00bbcolor-563873&#8243; single_overlay_opacity=\u00bb50&#8243; single_text_visible=\u00bbyes\u00bb single_text_anim=\u00bbno\u00bb single_padding=\u00bb2&#8243; single_title_dimension=\u00bbh4&#8243; single_title_weight=\u00bb600&#8243; single_text_lead=\u00bbsmall\u00bb single_border=\u00bbyes\u00bb uncode_shortcode_id=\u00bb179637&#8243;][\/vc_column][\/vc_row][vc_row][vc_column width=\u00bb1\/1&#8243;][uncode_block id=\u00bb3542&#8243;][\/vc_column][\/vc_row]<\/p>\n<\/div>","protected":false},"excerpt":{"rendered":"<p>Ballets Jazz Montr\u00e9al (BJM) es una compa\u00f1\u00eda ya establecida en la escena de danza internacional, que no ha dejado de evolucionar con constancia y dinamismo desde 1972.<\/p>\n","protected":false},"author":2,"featured_media":11361,"parent":6758,"menu_order":0,"comment_status":"closed","ping_status":"closed","template":"","meta":{"footnotes":""},"choregraphe":[],"directeur-artistique":[125],"class_list":["post-6506","page","type-page","status-publish","has-post-thumbnail","hentry","directeur-artistique-alexandra-damiani","page_category-companias"],"yoast_head":"<!-- This site is optimized with the Yoast SEO plugin v27.4 - https:\/\/yoast.com\/product\/yoast-seo-wordpress\/ -->\n<title>Ballets Jazz Montr\u00e9al I Directora art\u00edstica Alexandra Damiani<\/title>\n<meta name=\"description\" content=\"Ballets Jazz Montr\u00e9al (BJM) es una compa\u00f1\u00eda ya establecida en la escena de danza internacional, que no ha dejado de evolucionar con constancia y dinamismo...\" \/>\n<meta name=\"robots\" content=\"index, follow, max-snippet:-1, max-image-preview:large, max-video-preview:-1\" \/>\n<link rel=\"canonical\" href=\"https:\/\/www.deltadanse.com\/es\/companias-delta-danse\/ballets-jazz-montreal\/\" \/>\n<meta property=\"og:locale\" content=\"es_ES\" \/>\n<meta property=\"og:type\" content=\"article\" \/>\n<meta property=\"og:title\" content=\"Ballets Jazz Montr\u00e9al I Directora art\u00edstica Alexandra Damiani\" \/>\n<meta property=\"og:description\" content=\"Ballets Jazz Montr\u00e9al (BJM) es una compa\u00f1\u00eda ya establecida en la escena de danza internacional, que no ha dejado de evolucionar con constancia y dinamismo...\" \/>\n<meta property=\"og:url\" content=\"https:\/\/www.deltadanse.com\/es\/companias-delta-danse\/ballets-jazz-montreal\/\" \/>\n<meta property=\"og:site_name\" content=\"Delta Danse\" \/>\n<meta property=\"article:modified_time\" content=\"2026-04-09T14:46:45+00:00\" \/>\n<meta property=\"og:image\" content=\"https:\/\/www.deltadanse.com\/wp-content\/uploads\/2025\/07\/La-Revue-Finale-3585-by-Sasha-Onyshchenko-WEB.jpg\" \/>\n\t<meta property=\"og:image:width\" content=\"1440\" \/>\n\t<meta property=\"og:image:height\" content=\"1080\" \/>\n\t<meta property=\"og:image:type\" content=\"image\/jpeg\" \/>\n<meta name=\"twitter:card\" content=\"summary_large_image\" \/>\n<meta name=\"twitter:label1\" content=\"Tiempo de lectura\" \/>\n\t<meta name=\"twitter:data1\" content=\"4 minutos\" \/>\n<script type=\"application\/ld+json\" class=\"yoast-schema-graph\">{\"@context\":\"https:\\\/\\\/schema.org\",\"@graph\":[{\"@type\":\"WebPage\",\"@id\":\"https:\\\/\\\/www.deltadanse.com\\\/es\\\/companias-delta-danse\\\/ballets-jazz-montreal\\\/\",\"url\":\"https:\\\/\\\/www.deltadanse.com\\\/es\\\/companias-delta-danse\\\/ballets-jazz-montreal\\\/\",\"name\":\"Ballets Jazz Montr\u00e9al I Directora art\u00edstica Alexandra Damiani\",\"isPartOf\":{\"@id\":\"https:\\\/\\\/www.deltadanse.com\\\/es\\\/#website\"},\"primaryImageOfPage\":{\"@id\":\"https:\\\/\\\/www.deltadanse.com\\\/es\\\/companias-delta-danse\\\/ballets-jazz-montreal\\\/#primaryimage\"},\"image\":{\"@id\":\"https:\\\/\\\/www.deltadanse.com\\\/es\\\/companias-delta-danse\\\/ballets-jazz-montreal\\\/#primaryimage\"},\"thumbnailUrl\":\"https:\\\/\\\/www.deltadanse.com\\\/wp-content\\\/uploads\\\/2025\\\/07\\\/La-Revue-Finale-3585-by-Sasha-Onyshchenko-WEB.jpg\",\"datePublished\":\"2022-09-05T13:50:22+00:00\",\"dateModified\":\"2026-04-09T14:46:45+00:00\",\"description\":\"Ballets Jazz Montr\u00e9al (BJM) es una compa\u00f1\u00eda ya establecida en la escena de danza internacional, que no ha dejado de evolucionar con constancia y dinamismo...\",\"breadcrumb\":{\"@id\":\"https:\\\/\\\/www.deltadanse.com\\\/es\\\/companias-delta-danse\\\/ballets-jazz-montreal\\\/#breadcrumb\"},\"inLanguage\":\"es\",\"potentialAction\":[{\"@type\":\"ReadAction\",\"target\":[\"https:\\\/\\\/www.deltadanse.com\\\/es\\\/companias-delta-danse\\\/ballets-jazz-montreal\\\/\"]}]},{\"@type\":\"ImageObject\",\"inLanguage\":\"es\",\"@id\":\"https:\\\/\\\/www.deltadanse.com\\\/es\\\/companias-delta-danse\\\/ballets-jazz-montreal\\\/#primaryimage\",\"url\":\"https:\\\/\\\/www.deltadanse.com\\\/wp-content\\\/uploads\\\/2025\\\/07\\\/La-Revue-Finale-3585-by-Sasha-Onyshchenko-WEB.jpg\",\"contentUrl\":\"https:\\\/\\\/www.deltadanse.com\\\/wp-content\\\/uploads\\\/2025\\\/07\\\/La-Revue-Finale-3585-by-Sasha-Onyshchenko-WEB.jpg\",\"width\":1440,\"height\":1080},{\"@type\":\"BreadcrumbList\",\"@id\":\"https:\\\/\\\/www.deltadanse.com\\\/es\\\/companias-delta-danse\\\/ballets-jazz-montreal\\\/#breadcrumb\",\"itemListElement\":[{\"@type\":\"ListItem\",\"position\":1,\"name\":\"Accueil\",\"item\":\"https:\\\/\\\/www.deltadanse.com\\\/es\\\/\"},{\"@type\":\"ListItem\",\"position\":2,\"name\":\"Compa\u00f1\u00edas\",\"item\":\"https:\\\/\\\/www.deltadanse.com\\\/es\\\/companias-delta-danse\\\/\"},{\"@type\":\"ListItem\",\"position\":3,\"name\":\"Ballets Jazz Montr\u00e9al\"}]},{\"@type\":\"WebSite\",\"@id\":\"https:\\\/\\\/www.deltadanse.com\\\/es\\\/#website\",\"url\":\"https:\\\/\\\/www.deltadanse.com\\\/es\\\/\",\"name\":\"Delta Danse\",\"description\":\"Just another WordPress site\",\"potentialAction\":[{\"@type\":\"SearchAction\",\"target\":{\"@type\":\"EntryPoint\",\"urlTemplate\":\"https:\\\/\\\/www.deltadanse.com\\\/es\\\/?s={search_term_string}\"},\"query-input\":{\"@type\":\"PropertyValueSpecification\",\"valueRequired\":true,\"valueName\":\"search_term_string\"}}],\"inLanguage\":\"es\"}]}<\/script>\n<!-- \/ Yoast SEO plugin. -->","yoast_head_json":{"title":"Ballets Jazz Montr\u00e9al I Directora art\u00edstica Alexandra Damiani","description":"Ballets Jazz Montr\u00e9al (BJM) es una compa\u00f1\u00eda ya establecida en la escena de danza internacional, que no ha dejado de evolucionar con constancia y dinamismo...","robots":{"index":"index","follow":"follow","max-snippet":"max-snippet:-1","max-image-preview":"max-image-preview:large","max-video-preview":"max-video-preview:-1"},"canonical":"https:\/\/www.deltadanse.com\/es\/companias-delta-danse\/ballets-jazz-montreal\/","og_locale":"es_ES","og_type":"article","og_title":"Ballets Jazz Montr\u00e9al I Directora art\u00edstica Alexandra Damiani","og_description":"Ballets Jazz Montr\u00e9al (BJM) es una compa\u00f1\u00eda ya establecida en la escena de danza internacional, que no ha dejado de evolucionar con constancia y dinamismo...","og_url":"https:\/\/www.deltadanse.com\/es\/companias-delta-danse\/ballets-jazz-montreal\/","og_site_name":"Delta Danse","article_modified_time":"2026-04-09T14:46:45+00:00","og_image":[{"width":1440,"height":1080,"url":"https:\/\/www.deltadanse.com\/wp-content\/uploads\/2025\/07\/La-Revue-Finale-3585-by-Sasha-Onyshchenko-WEB.jpg","type":"image\/jpeg"}],"twitter_card":"summary_large_image","twitter_misc":{"Tiempo de lectura":"4 minutos"},"schema":{"@context":"https:\/\/schema.org","@graph":[{"@type":"WebPage","@id":"https:\/\/www.deltadanse.com\/es\/companias-delta-danse\/ballets-jazz-montreal\/","url":"https:\/\/www.deltadanse.com\/es\/companias-delta-danse\/ballets-jazz-montreal\/","name":"Ballets Jazz Montr\u00e9al I Directora art\u00edstica Alexandra Damiani","isPartOf":{"@id":"https:\/\/www.deltadanse.com\/es\/#website"},"primaryImageOfPage":{"@id":"https:\/\/www.deltadanse.com\/es\/companias-delta-danse\/ballets-jazz-montreal\/#primaryimage"},"image":{"@id":"https:\/\/www.deltadanse.com\/es\/companias-delta-danse\/ballets-jazz-montreal\/#primaryimage"},"thumbnailUrl":"https:\/\/www.deltadanse.com\/wp-content\/uploads\/2025\/07\/La-Revue-Finale-3585-by-Sasha-Onyshchenko-WEB.jpg","datePublished":"2022-09-05T13:50:22+00:00","dateModified":"2026-04-09T14:46:45+00:00","description":"Ballets Jazz Montr\u00e9al (BJM) es una compa\u00f1\u00eda ya establecida en la escena de danza internacional, que no ha dejado de evolucionar con constancia y dinamismo...","breadcrumb":{"@id":"https:\/\/www.deltadanse.com\/es\/companias-delta-danse\/ballets-jazz-montreal\/#breadcrumb"},"inLanguage":"es","potentialAction":[{"@type":"ReadAction","target":["https:\/\/www.deltadanse.com\/es\/companias-delta-danse\/ballets-jazz-montreal\/"]}]},{"@type":"ImageObject","inLanguage":"es","@id":"https:\/\/www.deltadanse.com\/es\/companias-delta-danse\/ballets-jazz-montreal\/#primaryimage","url":"https:\/\/www.deltadanse.com\/wp-content\/uploads\/2025\/07\/La-Revue-Finale-3585-by-Sasha-Onyshchenko-WEB.jpg","contentUrl":"https:\/\/www.deltadanse.com\/wp-content\/uploads\/2025\/07\/La-Revue-Finale-3585-by-Sasha-Onyshchenko-WEB.jpg","width":1440,"height":1080},{"@type":"BreadcrumbList","@id":"https:\/\/www.deltadanse.com\/es\/companias-delta-danse\/ballets-jazz-montreal\/#breadcrumb","itemListElement":[{"@type":"ListItem","position":1,"name":"Accueil","item":"https:\/\/www.deltadanse.com\/es\/"},{"@type":"ListItem","position":2,"name":"Compa\u00f1\u00edas","item":"https:\/\/www.deltadanse.com\/es\/companias-delta-danse\/"},{"@type":"ListItem","position":3,"name":"Ballets Jazz Montr\u00e9al"}]},{"@type":"WebSite","@id":"https:\/\/www.deltadanse.com\/es\/#website","url":"https:\/\/www.deltadanse.com\/es\/","name":"Delta Danse","description":"Just another WordPress site","potentialAction":[{"@type":"SearchAction","target":{"@type":"EntryPoint","urlTemplate":"https:\/\/www.deltadanse.com\/es\/?s={search_term_string}"},"query-input":{"@type":"PropertyValueSpecification","valueRequired":true,"valueName":"search_term_string"}}],"inLanguage":"es"}]}},"_links":{"self":[{"href":"https:\/\/www.deltadanse.com\/es\/wp-json\/wp\/v2\/pages\/6506","targetHints":{"allow":["GET"]}}],"collection":[{"href":"https:\/\/www.deltadanse.com\/es\/wp-json\/wp\/v2\/pages"}],"about":[{"href":"https:\/\/www.deltadanse.com\/es\/wp-json\/wp\/v2\/types\/page"}],"author":[{"embeddable":true,"href":"https:\/\/www.deltadanse.com\/es\/wp-json\/wp\/v2\/users\/2"}],"replies":[{"embeddable":true,"href":"https:\/\/www.deltadanse.com\/es\/wp-json\/wp\/v2\/comments?post=6506"}],"version-history":[{"count":1,"href":"https:\/\/www.deltadanse.com\/es\/wp-json\/wp\/v2\/pages\/6506\/revisions"}],"predecessor-version":[{"id":12951,"href":"https:\/\/www.deltadanse.com\/es\/wp-json\/wp\/v2\/pages\/6506\/revisions\/12951"}],"up":[{"embeddable":true,"href":"https:\/\/www.deltadanse.com\/es\/wp-json\/wp\/v2\/pages\/6758"}],"wp:featuredmedia":[{"embeddable":true,"href":"https:\/\/www.deltadanse.com\/es\/wp-json\/wp\/v2\/media\/11361"}],"wp:attachment":[{"href":"https:\/\/www.deltadanse.com\/es\/wp-json\/wp\/v2\/media?parent=6506"}],"wp:term":[{"taxonomy":"choregraphe","embeddable":true,"href":"https:\/\/www.deltadanse.com\/es\/wp-json\/wp\/v2\/choregraphe?post=6506"},{"taxonomy":"directeur-artistique","embeddable":true,"href":"https:\/\/www.deltadanse.com\/es\/wp-json\/wp\/v2\/directeur-artistique?post=6506"}],"curies":[{"name":"wp","href":"https:\/\/api.w.org\/{rel}","templated":true}]}}