{"id":6534,"date":"2022-09-13T10:04:12","date_gmt":"2022-09-13T08:04:12","guid":{"rendered":"https:\/\/www.deltadanse.com\/kaash\/"},"modified":"2026-01-31T20:36:24","modified_gmt":"2026-01-31T19:36:24","slug":"kaash","status":"publish","type":"page","link":"https:\/\/www.deltadanse.com\/es\/repertorio\/kaash\/","title":{"rendered":"Kaash"},"content":{"rendered":"<div class=\"wpb-content-wrapper\"><p>[vc_row unlock_row_content=\u00bbyes\u00bb row_height_percent=\u00bb0&#8243; override_padding=\u00bbyes\u00bb h_padding=\u00bb7&#8243; top_padding=\u00bb2&#8243; bottom_padding=\u00bb2&#8243; overlay_alpha=\u00bb50&#8243; gutter_size=\u00bb3&#8243; column_width_percent=\u00bb100&#8243; shift_y=\u00bb0&#8243; z_index=\u00bb0&#8243; uncode_shortcode_id=\u00bb347231&#8243;][vc_column column_width_percent=\u00bb100&#8243; align_horizontal=\u00bbalign_center\u00bb gutter_size=\u00bb2&#8243; overlay_alpha=\u00bb50&#8243; shift_x=\u00bb0&#8243; shift_y=\u00bb0&#8243; shift_y_down=\u00bb0&#8243; z_index=\u00bb0&#8243; medium_width=\u00bb0&#8243; mobile_width=\u00bb0&#8243; width=\u00bb7\/12&#8243; uncode_shortcode_id=\u00bb850447&#8243;][vc_row_inner row_inner_height_percent=\u00bb0&#8243; overlay_alpha=\u00bb50&#8243; gutter_size=\u00bb3&#8243; shift_y=\u00bb0&#8243; z_index=\u00bb0&#8243; uncode_shortcode_id=\u00bb100565&#8243;][vc_column_inner column_width_percent=\u00bb100&#8243; gutter_size=\u00bb3&#8243; overlay_alpha=\u00bb50&#8243; shift_x=\u00bb0&#8243; shift_y=\u00bb0&#8243; shift_y_down=\u00bb0&#8243; z_index=\u00bb0&#8243; medium_width=\u00bb0&#8243; mobile_width=\u00bb0&#8243; width=\u00bb1\/1&#8243; uncode_shortcode_id=\u00bb109405&#8243;][vc_gallery el_id=\u00bbgallery-191160&#8243; type=\u00bbcarousel\u00bb medias=\u00bb2523,1377,2527&#8243; carousel_lg=\u00bb1&#8243; carousel_md=\u00bb1&#8243; carousel_sm=\u00bb1&#8243; gutter_size=\u00bb3&#8243; media_items=\u00bbmedia|nolink|original,icon\u00bb carousel_interval=\u00bb3000&#8243; carousel_navspeed=\u00bb400&#8243; stage_padding=\u00bb0&#8243; single_overlay_opacity=\u00bb50&#8243; single_padding=\u00bb2&#8243; uncode_shortcode_id=\u00bb173200&#8243; el_class=\u00bbcarrousel-compagnie\u00bb][vc_empty_space empty_h=\u00bb2&#8243; medium_visibility=\u00bbyes\u00bb mobile_visibility=\u00bbyes\u00bb][\/vc_column_inner][\/vc_row_inner][vc_row_inner][vc_column_inner width=\u00bb1\/6&#8243;][\/vc_column_inner][vc_column_inner column_width_percent=\u00bb100&#8243; gutter_size=\u00bb2&#8243; overlay_alpha=\u00bb50&#8243; shift_x=\u00bb0&#8243; shift_y=\u00bb0&#8243; shift_y_down=\u00bb0&#8243; z_index=\u00bb0&#8243; medium_width=\u00bb0&#8243; mobile_width=\u00bb0&#8243; width=\u00bb2\/3&#8243; uncode_shortcode_id=\u00bb433902&#8243;][calendar_season style=\u00bbrepertoire\u00bb repertoire=\u00bb9318&#8243;][\/vc_column_inner][vc_column_inner width=\u00bb1\/6&#8243;][\/vc_column_inner][\/vc_row_inner][\/vc_column][vc_column column_width_percent=\u00bb100&#8243; gutter_size=\u00bb2&#8243; override_padding=\u00bbyes\u00bb column_padding=\u00bb3&#8243; overlay_alpha=\u00bb50&#8243; shift_x=\u00bb0&#8243; shift_y=\u00bb0&#8243; shift_y_down=\u00bb0&#8243; z_index=\u00bb0&#8243; medium_width=\u00bb0&#8243; mobile_width=\u00bb0&#8243; width=\u00bb5\/12&#8243; uncode_shortcode_id=\u00bb917370&#8243; el_class=\u00bbcontenu-compagnie\u00bb][vc_row_inner][vc_column_inner column_width_percent=\u00bb100&#8243; gutter_size=\u00bb2&#8243; overlay_alpha=\u00bb50&#8243; shift_x=\u00bb0&#8243; shift_y=\u00bb0&#8243; shift_y_down=\u00bb0&#8243; z_index=\u00bb0&#8243; medium_width=\u00bb0&#8243; mobile_width=\u00bb0&#8243; width=\u00bb1\/1&#8243; uncode_shortcode_id=\u00bb727088&#8243;][vc_custom_heading text_color=\u00bbaccent\u00bb heading_semantic=\u00bbh1&#8243; uncode_shortcode_id=\u00bb212677&#8243; text_color_type=\u00bbuncode-palette\u00bb]Kaash[\/vc_custom_heading][vc_custom_heading text_size=\u00bbh4&#8243; text_weight=\u00bb600&#8243; uncode_shortcode_id=\u00bb490653&#8243;]<a href=\"https:\/\/www.deltadanse.com\/es\/companias-delta-danse\/it-dansa\/\">IT Dansa<\/a>[\/vc_custom_heading][vc_column_text uncode_shortcode_id=\u00bb153757&#8243;]Coreograf\u00eda: Akram Khan<br \/>\nM\u00fasica: Nitin Sawhney<br \/>\nEscenograf\u00eda: Anish Kapoor<br \/>\nIluminaci\u00f3n: Aideen Malone<br \/>\nVestuario: Kimie Nakano<br \/>\nDise\u00f1o de vestuario: Paca Naharro<br \/>\nAsistencia coreogr\u00e1fica: Eul\u00e0lia Ayguad\u00e9 Farro, Nicola Monaco<br \/>\nCreada en 2002<br \/>\nDuraci\u00f3n 25 min[\/vc_column_text][vc_empty_space empty_h=\u00bb2&#8243;][\/vc_column_inner][\/vc_row_inner][vc_column_text uncode_shortcode_id=\u00bb567688&#8243;]<\/p>\n<div style=\"padding: 56.25% 0 0 0; position: relative;\"><iframe style=\"position: absolute; top: 0; left: 0; width: 100%; height: 100%;\" title=\"IT Dansa - Kaash\" src=\"https:\/\/player.vimeo.com\/video\/289828720?badge=0&amp;autopause=0&amp;player_id=0&amp;app_id=58479\" frameborder=\"0\" allowfullscreen=\"allowfullscreen\"><br \/>\n<\/iframe><\/div>\n<p><script src=\"https:\/\/player.vimeo.com\/api\/player.js\"><\/script>[\/vc_column_text][vc_column_text uncode_shortcode_id=\u00bb198922&#8243; el_class=\u00bblineHeight\u00bb]<em>Kaash<\/em> (\u201cSi solamente\u201d en hindi) se estren\u00f3 en 2002 y es una de las obras m\u00e1s importantes de Akram Khan. Considerada por la cr\u00edtica como un evento mayor desde el punto de vista de la pl\u00e1stica, esta pieza marc\u00f3 el inicio del reconocimiento internacional del core\u00f3grafo. Tanto su colaboraci\u00f3n con Anish Kapoor en el \u00e1mbito de la escenograf\u00eda como la refinada partitura musical del compositor Nitin Sawhney son en parte responsables de dicho \u00e9xito. Entre sombras y luces, Kaash logra desafiar el tiempo y materializar la voluntad de Akram Khan de crear conexiones entre la danza contempor\u00e1nea y el kathak de la India.[\/vc_column_text][vc_empty_space empty_h=\u00bb2&#8243;][vc_custom_heading text_color=\u00bbaccent\u00bb text_size=\u00bbh4&#8243; uncode_shortcode_id=\u00bb566796&#8243; text_color_type=\u00bbuncode-palette\u00bb]Lo que dice la prensa[\/vc_custom_heading][vc_column_text uncode_shortcode_id=\u00bb142348&#8243; el_class=\u00bblineHeight\u00bb]<em>\u00ab <\/em>Kaash<em> despliega una din\u00e1mica sin igual y una gestualidad fulgurante. Tomada de una especie de flujo continuo, la coreograf\u00eda, de una rapidez asombrosa, deja entrever una transparencia del movimiento, como amenazada de desaparecer. Los cuerpos de los cinco int\u00e9rpretes son arrastrados en esta din\u00e1mica inestable. Su gestualidad compleja, estructurada, trabajada por intensas aceleraciones, seguidas de fascinantes ralentizaciones, crea una sensaci\u00f3n de ingravidez o deslumbramiento. Esta fisicalidad aguda, veloz y precisa sumerge a int\u00e9rpretes y espectadores en la teor\u00eda del caos. \u00bb<\/em><\/p>\n<p><strong>Agn\u00e8s Izrine, <em>La Terrasse<\/em><\/strong>[\/vc_column_text][vc_column_text uncode_shortcode_id=\u00bb144105&#8243; el_class=\u00bblineHeight\u00bb]<em>\u00ab Primero, un surgimiento de cuerpos llevados por r\u00e1fagas sobre percusiones muy secas. Luego, frecuencias lum\u00ednicas variables entre la oscuridad y el resplandor, un barrido atmosf\u00e9rico que no disminuir\u00e1 durante toda la representaci\u00f3n. Con esta pieza, en la que el core\u00f3grafo combinaba con fuerza la danza kathak india y la contempor\u00e1nea, impon\u00eda un estilo urgente, de alta precisi\u00f3n, cuya belleza seca y n\u00edtida hipnotizaba. \u00bb<\/em><\/p>\n<p><strong>Rosita Boisseau, <em>T\u00e9l\u00e9rama<\/em><\/strong>[\/vc_column_text][\/vc_column][\/vc_row][vc_row row_height_percent=\u00bb0&#8243; overlay_alpha=\u00bb50&#8243; gutter_size=\u00bb3&#8243; column_width_percent=\u00bb100&#8243; shift_y=\u00bb0&#8243; z_index=\u00bb0&#8243; uncode_shortcode_id=\u00bb607236&#8243;][vc_column width=\u00bb2\/12&#8243;][\/vc_column][vc_column column_width_percent=\u00bb100&#8243; align_horizontal=\u00bbalign_center\u00bb gutter_size=\u00bb3&#8243; overlay_alpha=\u00bb50&#8243; shift_x=\u00bb0&#8243; shift_y=\u00bb0&#8243; shift_y_down=\u00bb0&#8243; z_index=\u00bb0&#8243; medium_width=\u00bb0&#8243; mobile_width=\u00bb0&#8243; width=\u00bb2\/3&#8243; uncode_shortcode_id=\u00bb853687&#8243;][vc_custom_heading text_color=\u00bbcolor-190155&#8243; uncode_shortcode_id=\u00bb529001&#8243; text_color_type=\u00bbuncode-palette\u00bb]En el repertorio[\/vc_custom_heading][uncode_index el_id=\u00bbindex-537495863&#8243; index_type=\u00bbcarousel\u00bb loop=\u00bbsize:3|order_by:date|post_type:page|tax_query:15|taxonomy_count:10&#8243; carousel_lg=\u00bb2&#8243; carousel_md=\u00bb2&#8243; carousel_sm=\u00bb1&#8243; thumb_size=\u00bbthree-two\u00bb gutter_size=\u00bb3&#8243; post_items=\u00bbmedia|featured|onpost|poster,date,title,text|excerpt|90,category|bordered|topright|hide-icon,sep-one|full,extra\u00bb page_items=\u00bbmedia|featured|onpost|original,title,text|excerpt,link|link|small_size|D\u00e9couvrir\u00bb carousel_interval=\u00bb3000&#8243; carousel_navspeed=\u00bb400&#8243; carousel_dots=\u00bbyes\u00bb carousel_dots_space=\u00bbyes\u00bb carousel_dots_mobile=\u00bbyes\u00bb stage_padding=\u00bb0&#8243; single_back_color=\u00bbcolor-563873&#8243; single_overlay_opacity=\u00bb50&#8243; single_text_visible=\u00bbyes\u00bb single_text_anim=\u00bbno\u00bb single_padding=\u00bb2&#8243; single_title_dimension=\u00bbh4&#8243; single_title_weight=\u00bb600&#8243; single_text_lead=\u00bbsmall\u00bb single_border=\u00bbyes\u00bb uncode_shortcode_id=\u00bb163268&#8243;][\/vc_column][vc_column width=\u00bb2\/12&#8243;][\/vc_column][\/vc_row][vc_row][vc_column width=\u00bb1\/1&#8243;][uncode_block id=\u00bb3542&#8243;][\/vc_column][\/vc_row]<\/p>\n<\/div>","protected":false},"excerpt":{"rendered":"<p>Kaash (\u201cSi solamente\u201d en hindi) se estren\u00f3 en 2002 y es una de las obras m\u00e1s importantes de Akram Khan. Considerada por la cr\u00edtica como un evento mayor desde el punto de vista de la pl\u00e1stica, esta pieza marc\u00f3 el inicio del reconocimiento internacional del core\u00f3grafo. <\/p>\n","protected":false},"author":2,"featured_media":2507,"parent":6729,"menu_order":0,"comment_status":"closed","ping_status":"closed","template":"","meta":{"footnotes":""},"choregraphe":[153],"directeur-artistique":[],"class_list":["post-6534","page","type-page","status-publish","has-post-thumbnail","hentry","choregraphe-akram-khan","page_category-it-dansa-es"],"yoast_head":"<!-- This site is optimized with the Yoast SEO plugin v27.3 - https:\/\/yoast.com\/product\/yoast-seo-wordpress\/ -->\n<title>Kaash I IT Dansa I Delta Danse<\/title>\n<meta name=\"description\" content=\"Kaash : Kaash (\u201cSi solamente\u201d en hindi) se estren\u00f3 en 2002 y es una de las obras m\u00e1s importantes de Akram Khan. Considerada por la cr\u00edtica como un...\" \/>\n<meta name=\"robots\" content=\"index, follow, max-snippet:-1, max-image-preview:large, max-video-preview:-1\" \/>\n<link rel=\"canonical\" href=\"https:\/\/www.deltadanse.com\/es\/repertorio\/kaash\/\" \/>\n<meta property=\"og:locale\" content=\"es_ES\" \/>\n<meta property=\"og:type\" content=\"article\" \/>\n<meta property=\"og:title\" content=\"Kaash I IT Dansa I Delta Danse\" \/>\n<meta property=\"og:description\" content=\"Kaash : Kaash (\u201cSi solamente\u201d en hindi) se estren\u00f3 en 2002 y es una de las obras m\u00e1s importantes de Akram Khan. Considerada por la cr\u00edtica como un...\" \/>\n<meta property=\"og:url\" content=\"https:\/\/www.deltadanse.com\/es\/repertorio\/kaash\/\" \/>\n<meta property=\"og:site_name\" content=\"Delta Danse\" \/>\n<meta property=\"article:modified_time\" content=\"2026-01-31T19:36:24+00:00\" \/>\n<meta property=\"og:image\" content=\"https:\/\/www.deltadanse.com\/wp-content\/uploads\/2022\/10\/ITD-ACCUEIL-Franck-Thibault.jpg\" \/>\n\t<meta property=\"og:image:width\" content=\"1500\" \/>\n\t<meta property=\"og:image:height\" content=\"1001\" \/>\n\t<meta property=\"og:image:type\" content=\"image\/jpeg\" \/>\n<meta name=\"twitter:card\" content=\"summary_large_image\" \/>\n<meta name=\"twitter:label1\" content=\"Tiempo de lectura\" \/>\n\t<meta name=\"twitter:data1\" content=\"3 minutos\" \/>\n<script type=\"application\/ld+json\" class=\"yoast-schema-graph\">{\"@context\":\"https:\\\/\\\/schema.org\",\"@graph\":[{\"@type\":\"WebPage\",\"@id\":\"https:\\\/\\\/www.deltadanse.com\\\/es\\\/repertorio\\\/kaash\\\/\",\"url\":\"https:\\\/\\\/www.deltadanse.com\\\/es\\\/repertorio\\\/kaash\\\/\",\"name\":\"Kaash I IT Dansa I Delta Danse\",\"isPartOf\":{\"@id\":\"https:\\\/\\\/www.deltadanse.com\\\/es\\\/#website\"},\"primaryImageOfPage\":{\"@id\":\"https:\\\/\\\/www.deltadanse.com\\\/es\\\/repertorio\\\/kaash\\\/#primaryimage\"},\"image\":{\"@id\":\"https:\\\/\\\/www.deltadanse.com\\\/es\\\/repertorio\\\/kaash\\\/#primaryimage\"},\"thumbnailUrl\":\"https:\\\/\\\/www.deltadanse.com\\\/wp-content\\\/uploads\\\/2022\\\/10\\\/ITD-ACCUEIL-Franck-Thibault.jpg\",\"datePublished\":\"2022-09-13T08:04:12+00:00\",\"dateModified\":\"2026-01-31T19:36:24+00:00\",\"description\":\"Kaash : Kaash (\u201cSi solamente\u201d en hindi) se estren\u00f3 en 2002 y es una de las obras m\u00e1s importantes de Akram Khan. Considerada por la cr\u00edtica como un...\",\"breadcrumb\":{\"@id\":\"https:\\\/\\\/www.deltadanse.com\\\/es\\\/repertorio\\\/kaash\\\/#breadcrumb\"},\"inLanguage\":\"es\",\"potentialAction\":[{\"@type\":\"ReadAction\",\"target\":[\"https:\\\/\\\/www.deltadanse.com\\\/es\\\/repertorio\\\/kaash\\\/\"]}]},{\"@type\":\"ImageObject\",\"inLanguage\":\"es\",\"@id\":\"https:\\\/\\\/www.deltadanse.com\\\/es\\\/repertorio\\\/kaash\\\/#primaryimage\",\"url\":\"https:\\\/\\\/www.deltadanse.com\\\/wp-content\\\/uploads\\\/2022\\\/10\\\/ITD-ACCUEIL-Franck-Thibault.jpg\",\"contentUrl\":\"https:\\\/\\\/www.deltadanse.com\\\/wp-content\\\/uploads\\\/2022\\\/10\\\/ITD-ACCUEIL-Franck-Thibault.jpg\",\"width\":1500,\"height\":1001},{\"@type\":\"BreadcrumbList\",\"@id\":\"https:\\\/\\\/www.deltadanse.com\\\/es\\\/repertorio\\\/kaash\\\/#breadcrumb\",\"itemListElement\":[{\"@type\":\"ListItem\",\"position\":1,\"name\":\"Accueil\",\"item\":\"https:\\\/\\\/www.deltadanse.com\\\/es\\\/\"},{\"@type\":\"ListItem\",\"position\":2,\"name\":\"Repertorio\",\"item\":\"https:\\\/\\\/www.deltadanse.com\\\/es\\\/repertorio\\\/\"},{\"@type\":\"ListItem\",\"position\":3,\"name\":\"Kaash\"}]},{\"@type\":\"WebSite\",\"@id\":\"https:\\\/\\\/www.deltadanse.com\\\/es\\\/#website\",\"url\":\"https:\\\/\\\/www.deltadanse.com\\\/es\\\/\",\"name\":\"Delta Danse\",\"description\":\"Just another WordPress site\",\"potentialAction\":[{\"@type\":\"SearchAction\",\"target\":{\"@type\":\"EntryPoint\",\"urlTemplate\":\"https:\\\/\\\/www.deltadanse.com\\\/es\\\/?s={search_term_string}\"},\"query-input\":{\"@type\":\"PropertyValueSpecification\",\"valueRequired\":true,\"valueName\":\"search_term_string\"}}],\"inLanguage\":\"es\"}]}<\/script>\n<!-- \/ Yoast SEO plugin. -->","yoast_head_json":{"title":"Kaash I IT Dansa I Delta Danse","description":"Kaash : Kaash (\u201cSi solamente\u201d en hindi) se estren\u00f3 en 2002 y es una de las obras m\u00e1s importantes de Akram Khan. Considerada por la cr\u00edtica como un...","robots":{"index":"index","follow":"follow","max-snippet":"max-snippet:-1","max-image-preview":"max-image-preview:large","max-video-preview":"max-video-preview:-1"},"canonical":"https:\/\/www.deltadanse.com\/es\/repertorio\/kaash\/","og_locale":"es_ES","og_type":"article","og_title":"Kaash I IT Dansa I Delta Danse","og_description":"Kaash : Kaash (\u201cSi solamente\u201d en hindi) se estren\u00f3 en 2002 y es una de las obras m\u00e1s importantes de Akram Khan. Considerada por la cr\u00edtica como un...","og_url":"https:\/\/www.deltadanse.com\/es\/repertorio\/kaash\/","og_site_name":"Delta Danse","article_modified_time":"2026-01-31T19:36:24+00:00","og_image":[{"width":1500,"height":1001,"url":"https:\/\/www.deltadanse.com\/wp-content\/uploads\/2022\/10\/ITD-ACCUEIL-Franck-Thibault.jpg","type":"image\/jpeg"}],"twitter_card":"summary_large_image","twitter_misc":{"Tiempo de lectura":"3 minutos"},"schema":{"@context":"https:\/\/schema.org","@graph":[{"@type":"WebPage","@id":"https:\/\/www.deltadanse.com\/es\/repertorio\/kaash\/","url":"https:\/\/www.deltadanse.com\/es\/repertorio\/kaash\/","name":"Kaash I IT Dansa I Delta Danse","isPartOf":{"@id":"https:\/\/www.deltadanse.com\/es\/#website"},"primaryImageOfPage":{"@id":"https:\/\/www.deltadanse.com\/es\/repertorio\/kaash\/#primaryimage"},"image":{"@id":"https:\/\/www.deltadanse.com\/es\/repertorio\/kaash\/#primaryimage"},"thumbnailUrl":"https:\/\/www.deltadanse.com\/wp-content\/uploads\/2022\/10\/ITD-ACCUEIL-Franck-Thibault.jpg","datePublished":"2022-09-13T08:04:12+00:00","dateModified":"2026-01-31T19:36:24+00:00","description":"Kaash : Kaash (\u201cSi solamente\u201d en hindi) se estren\u00f3 en 2002 y es una de las obras m\u00e1s importantes de Akram Khan. Considerada por la cr\u00edtica como un...","breadcrumb":{"@id":"https:\/\/www.deltadanse.com\/es\/repertorio\/kaash\/#breadcrumb"},"inLanguage":"es","potentialAction":[{"@type":"ReadAction","target":["https:\/\/www.deltadanse.com\/es\/repertorio\/kaash\/"]}]},{"@type":"ImageObject","inLanguage":"es","@id":"https:\/\/www.deltadanse.com\/es\/repertorio\/kaash\/#primaryimage","url":"https:\/\/www.deltadanse.com\/wp-content\/uploads\/2022\/10\/ITD-ACCUEIL-Franck-Thibault.jpg","contentUrl":"https:\/\/www.deltadanse.com\/wp-content\/uploads\/2022\/10\/ITD-ACCUEIL-Franck-Thibault.jpg","width":1500,"height":1001},{"@type":"BreadcrumbList","@id":"https:\/\/www.deltadanse.com\/es\/repertorio\/kaash\/#breadcrumb","itemListElement":[{"@type":"ListItem","position":1,"name":"Accueil","item":"https:\/\/www.deltadanse.com\/es\/"},{"@type":"ListItem","position":2,"name":"Repertorio","item":"https:\/\/www.deltadanse.com\/es\/repertorio\/"},{"@type":"ListItem","position":3,"name":"Kaash"}]},{"@type":"WebSite","@id":"https:\/\/www.deltadanse.com\/es\/#website","url":"https:\/\/www.deltadanse.com\/es\/","name":"Delta Danse","description":"Just another WordPress site","potentialAction":[{"@type":"SearchAction","target":{"@type":"EntryPoint","urlTemplate":"https:\/\/www.deltadanse.com\/es\/?s={search_term_string}"},"query-input":{"@type":"PropertyValueSpecification","valueRequired":true,"valueName":"search_term_string"}}],"inLanguage":"es"}]}},"_links":{"self":[{"href":"https:\/\/www.deltadanse.com\/es\/wp-json\/wp\/v2\/pages\/6534","targetHints":{"allow":["GET"]}}],"collection":[{"href":"https:\/\/www.deltadanse.com\/es\/wp-json\/wp\/v2\/pages"}],"about":[{"href":"https:\/\/www.deltadanse.com\/es\/wp-json\/wp\/v2\/types\/page"}],"author":[{"embeddable":true,"href":"https:\/\/www.deltadanse.com\/es\/wp-json\/wp\/v2\/users\/2"}],"replies":[{"embeddable":true,"href":"https:\/\/www.deltadanse.com\/es\/wp-json\/wp\/v2\/comments?post=6534"}],"version-history":[{"count":0,"href":"https:\/\/www.deltadanse.com\/es\/wp-json\/wp\/v2\/pages\/6534\/revisions"}],"up":[{"embeddable":true,"href":"https:\/\/www.deltadanse.com\/es\/wp-json\/wp\/v2\/pages\/6729"}],"wp:featuredmedia":[{"embeddable":true,"href":"https:\/\/www.deltadanse.com\/es\/wp-json\/wp\/v2\/media\/2507"}],"wp:attachment":[{"href":"https:\/\/www.deltadanse.com\/es\/wp-json\/wp\/v2\/media?parent=6534"}],"wp:term":[{"taxonomy":"choregraphe","embeddable":true,"href":"https:\/\/www.deltadanse.com\/es\/wp-json\/wp\/v2\/choregraphe?post=6534"},{"taxonomy":"directeur-artistique","embeddable":true,"href":"https:\/\/www.deltadanse.com\/es\/wp-json\/wp\/v2\/directeur-artistique?post=6534"}],"curies":[{"name":"wp","href":"https:\/\/api.w.org\/{rel}","templated":true}]}}