{"id":6552,"date":"2022-09-02T15:38:25","date_gmt":"2022-09-02T13:38:25","guid":{"rendered":"https:\/\/www.deltadanse.com\/ballet-du-grand-theatre-de-geneve\/"},"modified":"2025-07-29T12:36:14","modified_gmt":"2025-07-29T10:36:14","slug":"ballet-du-grand-theatre-de-geneve","status":"publish","type":"page","link":"https:\/\/www.deltadanse.com\/es\/companias-delta-danse\/ballet-du-grand-theatre-de-geneve\/","title":{"rendered":"Ballet du Grand Th\u00e9\u00e2tre de Gen\u00e8ve"},"content":{"rendered":"<div class=\"wpb-content-wrapper\"><p>[vc_row unlock_row_content=\u00bbyes\u00bb row_height_percent=\u00bb0&#8243; override_padding=\u00bbyes\u00bb h_padding=\u00bb7&#8243; top_padding=\u00bb2&#8243; bottom_padding=\u00bb2&#8243; overlay_alpha=\u00bb50&#8243; gutter_size=\u00bb3&#8243; column_width_percent=\u00bb100&#8243; shift_y=\u00bb0&#8243; z_index=\u00bb0&#8243; uncode_shortcode_id=\u00bb347231&#8243;][vc_column column_width_percent=\u00bb100&#8243; align_horizontal=\u00bbalign_center\u00bb gutter_size=\u00bb2&#8243; overlay_alpha=\u00bb50&#8243; shift_x=\u00bb0&#8243; shift_y=\u00bb0&#8243; shift_y_down=\u00bb0&#8243; z_index=\u00bb0&#8243; medium_width=\u00bb0&#8243; mobile_width=\u00bb0&#8243; width=\u00bb7\/12&#8243; uncode_shortcode_id=\u00bb850447&#8243;][vc_row_inner row_inner_height_percent=\u00bb0&#8243; overlay_alpha=\u00bb50&#8243; gutter_size=\u00bb3&#8243; shift_y=\u00bb3&#8243; z_index=\u00bb7&#8243; uncode_shortcode_id=\u00bb710303&#8243; limit_content=\u00bb\u00bb][vc_column_inner column_width_percent=\u00bb100&#8243; align_horizontal=\u00bbalign_center\u00bb gutter_size=\u00bb3&#8243; overlay_alpha=\u00bb50&#8243; shift_x=\u00bb0&#8243; shift_y=\u00bb0&#8243; shift_y_down=\u00bb0&#8243; z_index=\u00bb0&#8243; medium_width=\u00bb0&#8243; mobile_width=\u00bb0&#8243; width=\u00bb1\/1&#8243; uncode_shortcode_id=\u00bb818021&#8243;][vc_custom_heading text_color=\u00bbcolor-400934&#8243; heading_semantic=\u00bbh1&#8243; text_size=\u00bbfontsize-617548&#8243; text_height=\u00bbfontheight-144852&#8243; uncode_shortcode_id=\u00bb553237&#8243; text_color_type=\u00bbuncode-palette\u00bb]Ballet du Grand Th\u00e9\u00e2tre de Gen\u00e8ve[\/vc_custom_heading][\/vc_column_inner][\/vc_row_inner][vc_row_inner row_inner_height_percent=\u00bb0&#8243; overlay_alpha=\u00bb50&#8243; gutter_size=\u00bb3&#8243; shift_y=\u00bb-4&#8243; z_index=\u00bb0&#8243; uncode_shortcode_id=\u00bb130404&#8243; limit_content=\u00bb\u00bb][vc_column_inner column_width_percent=\u00bb100&#8243; gutter_size=\u00bb3&#8243; overlay_alpha=\u00bb50&#8243; shift_x=\u00bb0&#8243; shift_y=\u00bb-3&#8243; shift_y_down=\u00bb0&#8243; z_index=\u00bb0&#8243; medium_width=\u00bb0&#8243; mobile_width=\u00bb0&#8243; width=\u00bb1\/1&#8243; uncode_shortcode_id=\u00bb776763&#8243;][vc_gallery el_id=\u00bbgallery-191160&#8243; type=\u00bbcarousel\u00bb random=\u00bbyes\u00bb medias=\u00bb11737,11734,11728,11725,11711,11708,11702,11696,11693,11677,11671,11668,11662,11659,11656,11653&#8243; carousel_lg=\u00bb1&#8243; carousel_md=\u00bb1&#8243; carousel_sm=\u00bb1&#8243; thumb_size=\u00bbsixteen-nine\u00bb gutter_size=\u00bb3&#8243; media_items=\u00bbmedia|nolink|original,icon\u00bb carousel_interval=\u00bb3000&#8243; carousel_navspeed=\u00bb400&#8243; carousel_loop=\u00bbyes\u00bb stage_padding=\u00bb0&#8243; single_overlay_opacity=\u00bb50&#8243; single_overlay_anim=\u00bbno\u00bb single_text_anim=\u00bbno\u00bb single_image_anim=\u00bbno\u00bb single_padding=\u00bb2&#8243; uncode_shortcode_id=\u00bb665528&#8243; el_class=\u00bbcarrousel-compagnie\u00bb][vc_empty_space empty_h=\u00bb2&#8243; medium_visibility=\u00bbyes\u00bb mobile_visibility=\u00bbyes\u00bb][\/vc_column_inner][\/vc_row_inner][vc_row_inner limit_content=\u00bb\u00bb][vc_column_inner column_width_percent=\u00bb100&#8243; gutter_size=\u00bb3&#8243; overlay_alpha=\u00bb50&#8243; shift_x=\u00bb0&#8243; shift_y=\u00bb0&#8243; shift_y_down=\u00bb0&#8243; z_index=\u00bb0&#8243; medium_visibility=\u00bbyes\u00bb medium_width=\u00bb0&#8243; mobile_visibility=\u00bbyes\u00bb mobile_width=\u00bb0&#8243; width=\u00bb1\/6&#8243; uncode_shortcode_id=\u00bb208226&#8243;][\/vc_column_inner][vc_column_inner column_width_percent=\u00bb100&#8243; gutter_size=\u00bb2&#8243; overlay_alpha=\u00bb50&#8243; shift_x=\u00bb0&#8243; shift_y=\u00bb0&#8243; shift_y_down=\u00bb0&#8243; z_index=\u00bb0&#8243; medium_width=\u00bb0&#8243; mobile_width=\u00bb0&#8243; width=\u00bb2\/3&#8243; uncode_shortcode_id=\u00bb184988&#8243;][calendar_season style=\u00bbcompany\u00bb company=\u00bbballet-du-grand-theatre-de-geneve\u00bb][\/vc_column_inner][vc_column_inner column_width_percent=\u00bb100&#8243; gutter_size=\u00bb3&#8243; overlay_alpha=\u00bb50&#8243; shift_x=\u00bb0&#8243; shift_y=\u00bb0&#8243; shift_y_down=\u00bb0&#8243; z_index=\u00bb0&#8243; medium_visibility=\u00bbyes\u00bb medium_width=\u00bb0&#8243; mobile_visibility=\u00bbyes\u00bb mobile_width=\u00bb0&#8243; width=\u00bb1\/6&#8243; uncode_shortcode_id=\u00bb952566&#8243;][\/vc_column_inner][\/vc_row_inner][\/vc_column][vc_column column_width_percent=\u00bb100&#8243; gutter_size=\u00bb2&#8243; override_padding=\u00bbyes\u00bb column_padding=\u00bb3&#8243; overlay_alpha=\u00bb50&#8243; shift_x=\u00bb0&#8243; shift_y=\u00bb0&#8243; shift_y_down=\u00bb0&#8243; z_index=\u00bb0&#8243; medium_width=\u00bb0&#8243; mobile_width=\u00bb0&#8243; width=\u00bb5\/12&#8243; uncode_shortcode_id=\u00bb174181&#8243; el_class=\u00bbcontenu-compagnie\u00bb][vc_row_inner limit_content=\u00bb\u00bb][vc_column_inner column_width_percent=\u00bb100&#8243; gutter_size=\u00bb2&#8243; overlay_alpha=\u00bb50&#8243; shift_x=\u00bb0&#8243; shift_y=\u00bb0&#8243; shift_y_down=\u00bb0&#8243; z_index=\u00bb0&#8243; medium_width=\u00bb0&#8243; mobile_width=\u00bb0&#8243; width=\u00bb1\/1&#8243; uncode_shortcode_id=\u00bb727088&#8243;][vc_custom_heading text_color=\u00bbaccent\u00bb heading_semantic=\u00bbp\u00bb uncode_shortcode_id=\u00bb644374&#8243; text_color_type=\u00bbuncode-palette\u00bb]Ballet du Grand Th\u00e9\u00e2tre de Gen\u00e8ve[\/vc_custom_heading][vc_custom_heading heading_semantic=\u00bbh3&#8243; text_font=\u00bbfont-555555&#8243; text_size=\u00bbh5&#8243; uncode_shortcode_id=\u00bb744498&#8243;]<strong>Director: Sidi Larbi Cherkaoui<\/strong>[\/vc_custom_heading][vc_column_text uncode_shortcode_id=\u00bb667769&#8243;]<a href=\"https:\/\/gtg.ch\/\">https:\/\/gtg.ch\/<\/a>[\/vc_column_text][vc_empty_space empty_h=\u00bb2&#8243;][\/vc_column_inner][\/vc_row_inner][vc_column_text uncode_shortcode_id=\u00bb699399&#8243; el_class=\u00bblineHeight\u00bb]<\/p>\n<p class=\"p1\">Fundado en 1961, el Ballet del Gran Teatro de Ginebra ha sido dirigido por figuras emblem\u00e1ticas de la danza, como George Balanchine, Oscar Araiz y Giorgio Mancini. Durante 18 a\u00f1os, bajo la direcci\u00f3n de Philippe Cohen, la compa\u00f1\u00eda sigui\u00f3 una l\u00ednea art\u00edstica decididamente comprometida con la creaci\u00f3n coreogr\u00e1fica, sin perder el contacto con los fundamentos de la danza. Compuesto por veintitr\u00e9s bailarines de formaci\u00f3n cl\u00e1sica, el ballet se ha convertido en una referencia a nivel internacional.<\/p>\n<p class=\"p1\">En julio de 2022, Sidi Larbi asumi\u00f3 la direcci\u00f3n del ballet, aportando una apertura a nuevos g\u00e9neros art\u00edsticos. Las producciones de la compa\u00f1\u00eda ya no se limitan \u00fanicamente a la danza, sino que tambi\u00e9n integran m\u00fasica y canto, artes visuales y alta costura en el escenario.<\/p>\n<p class=\"p1\">El Ballet del Gran Teatro de Ginebra colabora ahora tambi\u00e9n con el core\u00f3grafo Damien Jalet, quien enriquece la compa\u00f1\u00eda con su creatividad y experiencia. Los bailarines, provenientes de todo el mundo, aportan una riqueza y diversidad cultural que se reflejan en las producciones.<\/p>\n<p class=\"p1\">La compa\u00f1\u00eda trabaja con core\u00f3grafos como Sharon Eyal, Aszure Barton, Fouad Boussouf y Rachid Ouramdane para crear espect\u00e1culos \u00fanicos y variados.<\/p>\n<p>[\/vc_column_text][vc_empty_space][vc_custom_heading text_color=\u00bbaccent\u00bb heading_semantic=\u00bbh3&#8243; uncode_shortcode_id=\u00bb172075&#8243; text_color_type=\u00bbuncode-palette\u00bb]Lo que dice la prensa[\/vc_custom_heading][vc_column_text uncode_shortcode_id=\u00bb947860&#8243; el_class=\u00bblineHeight\u00bb]<em> \u00abInt\u00e9rpretes traviesos, pero discretos, todos de formaci\u00f3n cl\u00e1sica y extraordinariamente flexibles&#8230; Ojal\u00e1 regresen muy pronto.\u00bb<\/em><\/p>\n<p><strong>Jennifer Dunning, <em>The New York Times<\/em><\/strong>[\/vc_column_text][vc_column_text uncode_shortcode_id=\u00bb350866&#8243; el_class=\u00bblineHeight\u00bb]<em>\u00abSin duda, una de las compa\u00f1\u00edas m\u00e1s bellas de Europa, que se desliza con igual destreza en el registro neocl\u00e1sico que en el contempor\u00e1neo.\u00bb<\/em><\/p>\n<p><strong><em>Paris Capitale<\/em><\/strong>[\/vc_column_text][vc_column_text uncode_shortcode_id=\u00bb418033&#8243; el_class=\u00bblineHeight\u00bb]<em>\u00abM\u00e1s all\u00e1 del prestigio del nombre, con Sidi Larbi Cherkaoui, la instituci\u00f3n contrata a un artista que se siente c\u00f3modo en todos los \u00e1mbitos del espect\u00e1culo: ya sea danza contempor\u00e1nea, obra de ballet cl\u00e1sico, comedia musical, tango u \u00f3pera.\u00bb<\/em><\/p>\n<p><strong>Thierry Sartoretti,<em> rts.ch<\/em><\/strong>[\/vc_column_text][vc_empty_space empty_h=\u00bb3&#8243; medium_visibility=\u00bbyes\u00bb mobile_visibility=\u00bbyes\u00bb][\/vc_column][\/vc_row][vc_row row_height_percent=\u00bb0&#8243; overlay_alpha=\u00bb50&#8243; gutter_size=\u00bb3&#8243; column_width_percent=\u00bb100&#8243; shift_y=\u00bb0&#8243; z_index=\u00bb0&#8243; uncode_shortcode_id=\u00bb607236&#8243;][vc_column column_width_percent=\u00bb100&#8243; align_horizontal=\u00bbalign_center\u00bb gutter_size=\u00bb3&#8243; overlay_alpha=\u00bb50&#8243; shift_x=\u00bb0&#8243; shift_y=\u00bb0&#8243; shift_y_down=\u00bb0&#8243; z_index=\u00bb0&#8243; medium_width=\u00bb0&#8243; mobile_width=\u00bb0&#8243; width=\u00bb1\/1&#8243; uncode_shortcode_id=\u00bb853687&#8243;][vc_custom_heading text_color=\u00bbcolor-190155&#8243; heading_semantic=\u00bbh3&#8243; uncode_shortcode_id=\u00bb142585&#8243; text_color_type=\u00bbuncode-palette\u00bb]En el repertorio[\/vc_custom_heading][uncode_index el_id=\u00bbindex-537495863&#8243; index_type=\u00bbcarousel\u00bb loop=\u00bbsize:3|order_by:date|post_type:page|tax_query:10|taxonomy_count:10&#8243; carousel_lg=\u00bb3&#8243; carousel_md=\u00bb2&#8243; carousel_sm=\u00bb1&#8243; thumb_size=\u00bbthree-two\u00bb gutter_size=\u00bb3&#8243; post_items=\u00bbmedia|featured|onpost|poster,date,title,text|excerpt|90,category|bordered|topright|hide-icon,sep-one|full,extra\u00bb page_items=\u00bbmedia|featured|onpost|original,title,text|excerpt,link|link|small_size|D\u00e9couvrir\u00bb carousel_interval=\u00bb3000&#8243; carousel_navspeed=\u00bb400&#8243; carousel_dots=\u00bbyes\u00bb carousel_dots_space=\u00bbyes\u00bb carousel_dots_mobile=\u00bbyes\u00bb stage_padding=\u00bb0&#8243; single_back_color=\u00bbcolor-563873&#8243; single_overlay_opacity=\u00bb50&#8243; single_text_visible=\u00bbyes\u00bb single_text_anim=\u00bbno\u00bb single_padding=\u00bb2&#8243; single_title_dimension=\u00bbh3&#8243; single_text_lead=\u00bbsmall\u00bb single_border=\u00bbyes\u00bb uncode_shortcode_id=\u00bb755589&#8243;][\/vc_column][\/vc_row][vc_row][vc_column width=\u00bb1\/1&#8243;][uncode_block id=\u00bb3542&#8243;][\/vc_column][\/vc_row]<\/p>\n<\/div>","protected":false},"excerpt":{"rendered":"<p>Desde su creaci\u00f3n en 1960, el Ballet del Gran Teatro de Ginebra se ha propuesto explorar la pluralidad estil\u00edstica en la danza contempor\u00e1nea. <\/p>\n","protected":false},"author":2,"featured_media":11725,"parent":6758,"menu_order":0,"comment_status":"closed","ping_status":"closed","template":"","meta":{"footnotes":""},"choregraphe":[],"directeur-artistique":[122],"class_list":["post-6552","page","type-page","status-publish","has-post-thumbnail","hentry","directeur-artistique-sidi-larbi-cherkaoui","page_category-companias"],"yoast_head":"<!-- This site is optimized with the Yoast SEO plugin v27.3 - https:\/\/yoast.com\/product\/yoast-seo-wordpress\/ -->\n<title>Ballet du Grand Th\u00e9\u00e2tre de Gen\u00e8ve I Director Sidi Larbi Cherkaoui<\/title>\n<meta name=\"description\" content=\"Desde su creaci\u00f3n en 1960, el Ballet del Gran Teatro de Ginebra se ha propuesto explorar la pluralidad estil\u00edstica en la danza contempor\u00e1nea.\" \/>\n<meta name=\"robots\" content=\"index, follow, max-snippet:-1, max-image-preview:large, max-video-preview:-1\" \/>\n<link rel=\"canonical\" href=\"https:\/\/www.deltadanse.com\/es\/companias-delta-danse\/ballet-du-grand-theatre-de-geneve\/\" \/>\n<meta property=\"og:locale\" content=\"es_ES\" \/>\n<meta property=\"og:type\" content=\"article\" \/>\n<meta property=\"og:title\" content=\"Ballet du Grand Th\u00e9\u00e2tre de Gen\u00e8ve I Director Sidi Larbi Cherkaoui\" \/>\n<meta property=\"og:description\" content=\"Desde su creaci\u00f3n en 1960, el Ballet del Gran Teatro de Ginebra se ha propuesto explorar la pluralidad estil\u00edstica en la danza contempor\u00e1nea.\" \/>\n<meta property=\"og:url\" content=\"https:\/\/www.deltadanse.com\/es\/companias-delta-danse\/ballet-du-grand-theatre-de-geneve\/\" \/>\n<meta property=\"og:site_name\" content=\"Delta Danse\" \/>\n<meta property=\"article:modified_time\" content=\"2025-07-29T10:36:14+00:00\" \/>\n<meta property=\"og:image\" content=\"https:\/\/www.deltadanse.com\/wp-content\/uploads\/2025\/07\/2024B040_Forces_Busk_PRE_20240610_GTG-Gregory_Batardon_058-scaled.jpg\" \/>\n\t<meta property=\"og:image:width\" content=\"2560\" \/>\n\t<meta property=\"og:image:height\" content=\"1707\" \/>\n\t<meta property=\"og:image:type\" content=\"image\/jpeg\" \/>\n<meta name=\"twitter:card\" content=\"summary_large_image\" \/>\n<meta name=\"twitter:label1\" content=\"Tiempo de lectura\" \/>\n\t<meta name=\"twitter:data1\" content=\"4 minutos\" \/>\n<script type=\"application\/ld+json\" class=\"yoast-schema-graph\">{\"@context\":\"https:\\\/\\\/schema.org\",\"@graph\":[{\"@type\":\"WebPage\",\"@id\":\"https:\\\/\\\/www.deltadanse.com\\\/es\\\/companias-delta-danse\\\/ballet-du-grand-theatre-de-geneve\\\/\",\"url\":\"https:\\\/\\\/www.deltadanse.com\\\/es\\\/companias-delta-danse\\\/ballet-du-grand-theatre-de-geneve\\\/\",\"name\":\"Ballet du Grand Th\u00e9\u00e2tre de Gen\u00e8ve I Director Sidi Larbi Cherkaoui\",\"isPartOf\":{\"@id\":\"https:\\\/\\\/www.deltadanse.com\\\/es\\\/#website\"},\"primaryImageOfPage\":{\"@id\":\"https:\\\/\\\/www.deltadanse.com\\\/es\\\/companias-delta-danse\\\/ballet-du-grand-theatre-de-geneve\\\/#primaryimage\"},\"image\":{\"@id\":\"https:\\\/\\\/www.deltadanse.com\\\/es\\\/companias-delta-danse\\\/ballet-du-grand-theatre-de-geneve\\\/#primaryimage\"},\"thumbnailUrl\":\"https:\\\/\\\/www.deltadanse.com\\\/wp-content\\\/uploads\\\/2025\\\/07\\\/2024B040_Forces_Busk_PRE_20240610_GTG-Gregory_Batardon_058-scaled.jpg\",\"datePublished\":\"2022-09-02T13:38:25+00:00\",\"dateModified\":\"2025-07-29T10:36:14+00:00\",\"description\":\"Desde su creaci\u00f3n en 1960, el Ballet del Gran Teatro de Ginebra se ha propuesto explorar la pluralidad estil\u00edstica en la danza contempor\u00e1nea.\",\"breadcrumb\":{\"@id\":\"https:\\\/\\\/www.deltadanse.com\\\/es\\\/companias-delta-danse\\\/ballet-du-grand-theatre-de-geneve\\\/#breadcrumb\"},\"inLanguage\":\"es\",\"potentialAction\":[{\"@type\":\"ReadAction\",\"target\":[\"https:\\\/\\\/www.deltadanse.com\\\/es\\\/companias-delta-danse\\\/ballet-du-grand-theatre-de-geneve\\\/\"]}]},{\"@type\":\"ImageObject\",\"inLanguage\":\"es\",\"@id\":\"https:\\\/\\\/www.deltadanse.com\\\/es\\\/companias-delta-danse\\\/ballet-du-grand-theatre-de-geneve\\\/#primaryimage\",\"url\":\"https:\\\/\\\/www.deltadanse.com\\\/wp-content\\\/uploads\\\/2025\\\/07\\\/2024B040_Forces_Busk_PRE_20240610_GTG-Gregory_Batardon_058-scaled.jpg\",\"contentUrl\":\"https:\\\/\\\/www.deltadanse.com\\\/wp-content\\\/uploads\\\/2025\\\/07\\\/2024B040_Forces_Busk_PRE_20240610_GTG-Gregory_Batardon_058-scaled.jpg\",\"width\":2560,\"height\":1707},{\"@type\":\"BreadcrumbList\",\"@id\":\"https:\\\/\\\/www.deltadanse.com\\\/es\\\/companias-delta-danse\\\/ballet-du-grand-theatre-de-geneve\\\/#breadcrumb\",\"itemListElement\":[{\"@type\":\"ListItem\",\"position\":1,\"name\":\"Accueil\",\"item\":\"https:\\\/\\\/www.deltadanse.com\\\/es\\\/\"},{\"@type\":\"ListItem\",\"position\":2,\"name\":\"Compa\u00f1\u00edas\",\"item\":\"https:\\\/\\\/www.deltadanse.com\\\/es\\\/companias-delta-danse\\\/\"},{\"@type\":\"ListItem\",\"position\":3,\"name\":\"Ballet du Grand Th\u00e9\u00e2tre de Gen\u00e8ve\"}]},{\"@type\":\"WebSite\",\"@id\":\"https:\\\/\\\/www.deltadanse.com\\\/es\\\/#website\",\"url\":\"https:\\\/\\\/www.deltadanse.com\\\/es\\\/\",\"name\":\"Delta Danse\",\"description\":\"Just another WordPress site\",\"potentialAction\":[{\"@type\":\"SearchAction\",\"target\":{\"@type\":\"EntryPoint\",\"urlTemplate\":\"https:\\\/\\\/www.deltadanse.com\\\/es\\\/?s={search_term_string}\"},\"query-input\":{\"@type\":\"PropertyValueSpecification\",\"valueRequired\":true,\"valueName\":\"search_term_string\"}}],\"inLanguage\":\"es\"}]}<\/script>\n<!-- \/ Yoast SEO plugin. -->","yoast_head_json":{"title":"Ballet du Grand Th\u00e9\u00e2tre de Gen\u00e8ve I Director Sidi Larbi Cherkaoui","description":"Desde su creaci\u00f3n en 1960, el Ballet del Gran Teatro de Ginebra se ha propuesto explorar la pluralidad estil\u00edstica en la danza contempor\u00e1nea.","robots":{"index":"index","follow":"follow","max-snippet":"max-snippet:-1","max-image-preview":"max-image-preview:large","max-video-preview":"max-video-preview:-1"},"canonical":"https:\/\/www.deltadanse.com\/es\/companias-delta-danse\/ballet-du-grand-theatre-de-geneve\/","og_locale":"es_ES","og_type":"article","og_title":"Ballet du Grand Th\u00e9\u00e2tre de Gen\u00e8ve I Director Sidi Larbi Cherkaoui","og_description":"Desde su creaci\u00f3n en 1960, el Ballet del Gran Teatro de Ginebra se ha propuesto explorar la pluralidad estil\u00edstica en la danza contempor\u00e1nea.","og_url":"https:\/\/www.deltadanse.com\/es\/companias-delta-danse\/ballet-du-grand-theatre-de-geneve\/","og_site_name":"Delta Danse","article_modified_time":"2025-07-29T10:36:14+00:00","og_image":[{"width":2560,"height":1707,"url":"https:\/\/www.deltadanse.com\/wp-content\/uploads\/2025\/07\/2024B040_Forces_Busk_PRE_20240610_GTG-Gregory_Batardon_058-scaled.jpg","type":"image\/jpeg"}],"twitter_card":"summary_large_image","twitter_misc":{"Tiempo de lectura":"4 minutos"},"schema":{"@context":"https:\/\/schema.org","@graph":[{"@type":"WebPage","@id":"https:\/\/www.deltadanse.com\/es\/companias-delta-danse\/ballet-du-grand-theatre-de-geneve\/","url":"https:\/\/www.deltadanse.com\/es\/companias-delta-danse\/ballet-du-grand-theatre-de-geneve\/","name":"Ballet du Grand Th\u00e9\u00e2tre de Gen\u00e8ve I Director Sidi Larbi Cherkaoui","isPartOf":{"@id":"https:\/\/www.deltadanse.com\/es\/#website"},"primaryImageOfPage":{"@id":"https:\/\/www.deltadanse.com\/es\/companias-delta-danse\/ballet-du-grand-theatre-de-geneve\/#primaryimage"},"image":{"@id":"https:\/\/www.deltadanse.com\/es\/companias-delta-danse\/ballet-du-grand-theatre-de-geneve\/#primaryimage"},"thumbnailUrl":"https:\/\/www.deltadanse.com\/wp-content\/uploads\/2025\/07\/2024B040_Forces_Busk_PRE_20240610_GTG-Gregory_Batardon_058-scaled.jpg","datePublished":"2022-09-02T13:38:25+00:00","dateModified":"2025-07-29T10:36:14+00:00","description":"Desde su creaci\u00f3n en 1960, el Ballet del Gran Teatro de Ginebra se ha propuesto explorar la pluralidad estil\u00edstica en la danza contempor\u00e1nea.","breadcrumb":{"@id":"https:\/\/www.deltadanse.com\/es\/companias-delta-danse\/ballet-du-grand-theatre-de-geneve\/#breadcrumb"},"inLanguage":"es","potentialAction":[{"@type":"ReadAction","target":["https:\/\/www.deltadanse.com\/es\/companias-delta-danse\/ballet-du-grand-theatre-de-geneve\/"]}]},{"@type":"ImageObject","inLanguage":"es","@id":"https:\/\/www.deltadanse.com\/es\/companias-delta-danse\/ballet-du-grand-theatre-de-geneve\/#primaryimage","url":"https:\/\/www.deltadanse.com\/wp-content\/uploads\/2025\/07\/2024B040_Forces_Busk_PRE_20240610_GTG-Gregory_Batardon_058-scaled.jpg","contentUrl":"https:\/\/www.deltadanse.com\/wp-content\/uploads\/2025\/07\/2024B040_Forces_Busk_PRE_20240610_GTG-Gregory_Batardon_058-scaled.jpg","width":2560,"height":1707},{"@type":"BreadcrumbList","@id":"https:\/\/www.deltadanse.com\/es\/companias-delta-danse\/ballet-du-grand-theatre-de-geneve\/#breadcrumb","itemListElement":[{"@type":"ListItem","position":1,"name":"Accueil","item":"https:\/\/www.deltadanse.com\/es\/"},{"@type":"ListItem","position":2,"name":"Compa\u00f1\u00edas","item":"https:\/\/www.deltadanse.com\/es\/companias-delta-danse\/"},{"@type":"ListItem","position":3,"name":"Ballet du Grand Th\u00e9\u00e2tre de Gen\u00e8ve"}]},{"@type":"WebSite","@id":"https:\/\/www.deltadanse.com\/es\/#website","url":"https:\/\/www.deltadanse.com\/es\/","name":"Delta Danse","description":"Just another WordPress site","potentialAction":[{"@type":"SearchAction","target":{"@type":"EntryPoint","urlTemplate":"https:\/\/www.deltadanse.com\/es\/?s={search_term_string}"},"query-input":{"@type":"PropertyValueSpecification","valueRequired":true,"valueName":"search_term_string"}}],"inLanguage":"es"}]}},"_links":{"self":[{"href":"https:\/\/www.deltadanse.com\/es\/wp-json\/wp\/v2\/pages\/6552","targetHints":{"allow":["GET"]}}],"collection":[{"href":"https:\/\/www.deltadanse.com\/es\/wp-json\/wp\/v2\/pages"}],"about":[{"href":"https:\/\/www.deltadanse.com\/es\/wp-json\/wp\/v2\/types\/page"}],"author":[{"embeddable":true,"href":"https:\/\/www.deltadanse.com\/es\/wp-json\/wp\/v2\/users\/2"}],"replies":[{"embeddable":true,"href":"https:\/\/www.deltadanse.com\/es\/wp-json\/wp\/v2\/comments?post=6552"}],"version-history":[{"count":0,"href":"https:\/\/www.deltadanse.com\/es\/wp-json\/wp\/v2\/pages\/6552\/revisions"}],"up":[{"embeddable":true,"href":"https:\/\/www.deltadanse.com\/es\/wp-json\/wp\/v2\/pages\/6758"}],"wp:featuredmedia":[{"embeddable":true,"href":"https:\/\/www.deltadanse.com\/es\/wp-json\/wp\/v2\/media\/11725"}],"wp:attachment":[{"href":"https:\/\/www.deltadanse.com\/es\/wp-json\/wp\/v2\/media?parent=6552"}],"wp:term":[{"taxonomy":"choregraphe","embeddable":true,"href":"https:\/\/www.deltadanse.com\/es\/wp-json\/wp\/v2\/choregraphe?post=6552"},{"taxonomy":"directeur-artistique","embeddable":true,"href":"https:\/\/www.deltadanse.com\/es\/wp-json\/wp\/v2\/directeur-artistique?post=6552"}],"curies":[{"name":"wp","href":"https:\/\/api.w.org\/{rel}","templated":true}]}}