{"id":6577,"date":"2022-09-07T09:15:20","date_gmt":"2022-09-07T07:15:20","guid":{"rendered":"https:\/\/www.deltadanse.com\/dreamers-1\/"},"modified":"2026-04-15T16:07:08","modified_gmt":"2026-04-15T14:07:08","slug":"dreamers","status":"publish","type":"page","link":"https:\/\/www.deltadanse.com\/es\/repertorio\/dreamers\/","title":{"rendered":"Dreamers"},"content":{"rendered":"<div class=\"wpb-content-wrapper\"><p>[vc_row unlock_row_content=\u00bbyes\u00bb row_height_percent=\u00bb0&#8243; override_padding=\u00bbyes\u00bb h_padding=\u00bb7&#8243; top_padding=\u00bb2&#8243; bottom_padding=\u00bb2&#8243; overlay_alpha=\u00bb50&#8243; gutter_size=\u00bb3&#8243; column_width_percent=\u00bb100&#8243; shift_y=\u00bb0&#8243; z_index=\u00bb0&#8243; uncode_shortcode_id=\u00bb347231&#8243;][vc_column column_width_percent=\u00bb100&#8243; align_horizontal=\u00bbalign_center\u00bb gutter_size=\u00bb2&#8243; overlay_alpha=\u00bb50&#8243; shift_x=\u00bb0&#8243; shift_y=\u00bb0&#8243; shift_y_down=\u00bb0&#8243; z_index=\u00bb0&#8243; medium_width=\u00bb0&#8243; mobile_width=\u00bb0&#8243; width=\u00bb7\/12&#8243; uncode_shortcode_id=\u00bb850447&#8243;][vc_row_inner row_inner_height_percent=\u00bb0&#8243; overlay_alpha=\u00bb50&#8243; gutter_size=\u00bb3&#8243; shift_y=\u00bb0&#8243; z_index=\u00bb0&#8243; uncode_shortcode_id=\u00bb100565&#8243; limit_content=\u00bb\u00bb][vc_column_inner column_width_percent=\u00bb100&#8243; gutter_size=\u00bb3&#8243; overlay_alpha=\u00bb50&#8243; shift_x=\u00bb0&#8243; shift_y=\u00bb0&#8243; shift_y_down=\u00bb0&#8243; z_index=\u00bb0&#8243; medium_width=\u00bb0&#8243; mobile_width=\u00bb0&#8243; width=\u00bb1\/1&#8243; uncode_shortcode_id=\u00bb109405&#8243;][vc_gallery el_id=\u00bbgallery-191160&#8243; type=\u00bbcarousel\u00bb medias=\u00bb9888,11377,11324,11374,9876,11371,11386,9880,11383,11380&#8243; carousel_lg=\u00bb1&#8243; carousel_md=\u00bb1&#8243; carousel_sm=\u00bb1&#8243; gutter_size=\u00bb3&#8243; media_items=\u00bbmedia|nolink|original,icon\u00bb carousel_interval=\u00bb3000&#8243; carousel_navspeed=\u00bb400&#8243; stage_padding=\u00bb0&#8243; single_overlay_opacity=\u00bb50&#8243; single_padding=\u00bb2&#8243; uncode_shortcode_id=\u00bb167387&#8243; el_class=\u00bbcarrousel-compagnie\u00bb][vc_empty_space empty_h=\u00bb2&#8243; medium_visibility=\u00bbyes\u00bb mobile_visibility=\u00bbyes\u00bb][\/vc_column_inner][\/vc_row_inner][vc_row_inner limit_content=\u00bb\u00bb][vc_column_inner width=\u00bb1\/6&#8243;][\/vc_column_inner][vc_column_inner column_width_percent=\u00bb100&#8243; gutter_size=\u00bb2&#8243; overlay_alpha=\u00bb50&#8243; shift_x=\u00bb0&#8243; shift_y=\u00bb0&#8243; shift_y_down=\u00bb0&#8243; z_index=\u00bb0&#8243; medium_width=\u00bb0&#8243; mobile_width=\u00bb0&#8243; width=\u00bb2\/3&#8243; uncode_shortcode_id=\u00bb204792&#8243;][calendar_season style=\u00bbrepertoire\u00bb repertoire=\u00bb9294&#8243;][\/vc_column_inner][vc_column_inner width=\u00bb1\/6&#8243;][\/vc_column_inner][\/vc_row_inner][\/vc_column][vc_column column_width_percent=\u00bb100&#8243; gutter_size=\u00bb2&#8243; override_padding=\u00bbyes\u00bb column_padding=\u00bb3&#8243; overlay_alpha=\u00bb50&#8243; shift_x=\u00bb0&#8243; shift_y=\u00bb0&#8243; shift_y_down=\u00bb0&#8243; z_index=\u00bb0&#8243; medium_width=\u00bb0&#8243; mobile_width=\u00bb0&#8243; width=\u00bb5\/12&#8243; uncode_shortcode_id=\u00bb856216&#8243; el_class=\u00bbcontenu-compagnie\u00bb][vc_row_inner limit_content=\u00bb\u00bb][vc_column_inner column_width_percent=\u00bb100&#8243; gutter_size=\u00bb2&#8243; overlay_alpha=\u00bb50&#8243; shift_x=\u00bb0&#8243; shift_y=\u00bb0&#8243; shift_y_down=\u00bb0&#8243; z_index=\u00bb0&#8243; medium_width=\u00bb0&#8243; mobile_width=\u00bb0&#8243; width=\u00bb1\/1&#8243; uncode_shortcode_id=\u00bb727088&#8243;][vc_custom_heading text_color=\u00bbaccent\u00bb heading_semantic=\u00bbh1&#8243; text_size=\u00bbfontsize-127449&#8243; uncode_shortcode_id=\u00bb198958&#8243; text_color_type=\u00bbuncode-palette\u00bb]Dreamers[\/vc_custom_heading][vc_custom_heading text_size=\u00bbh4&#8243; text_weight=\u00bb600&#8243; uncode_shortcode_id=\u00bb141255&#8243;]<a href=\"https:\/\/www.deltadanse.com\/es\/companias-delta-danse\/aterballetto\/\">Aterballetto<\/a>[\/vc_custom_heading][vc_column_text uncode_shortcode_id=\u00bb123956&#8243; el_class=\u00bblineHeight\u00bb]<\/p>\n<p class=\"p1\">Coreograf\u00edas <strong>Iratxe Ansa y Igor Bacovich, Crystal Pite, Diego Tortelli<\/strong><\/p>\n<p>[\/vc_column_text][vc_empty_space empty_h=\u00bb2&#8243;][\/vc_column_inner][\/vc_row_inner][vc_row_inner limit_content=\u00bb\u00bb][vc_column_inner column_width_percent=\u00bb100&#8243; gutter_size=\u00bb2&#8243; overlay_alpha=\u00bb50&#8243; shift_x=\u00bb0&#8243; shift_y=\u00bb0&#8243; shift_y_down=\u00bb0&#8243; z_index=\u00bb0&#8243; medium_width=\u00bb0&#8243; mobile_width=\u00bb0&#8243; width=\u00bb1\/1&#8243; uncode_shortcode_id=\u00bb727088&#8243;][vc_custom_heading text_color=\u00bbaccent\u00bb uncode_shortcode_id=\u00bb978858&#8243; text_color_type=\u00bbuncode-palette\u00bb]Rhapsody in Blue[\/vc_custom_heading][vc_column_text uncode_shortcode_id=\u00bb846780&#8243; el_class=\u00bblineHeight\u00bb]<\/p>\n<p class=\"p1\">Coreograf\u00eda<strong> Iratxe Ansa y Igor Bacovich<br \/>\n<\/strong>M\u00fasica <strong>George Gershwin, Bessie Jones<\/strong><br \/>\nEscenograf\u00eda y vestuario <strong>Fabio Cherstich<\/strong><br \/>\nIluminaci\u00f3n <strong>Eric Soyer<\/strong><\/p>\n<p class=\"p1\">Creado en febrero de 2024 &#8211; Duraci\u00f3n 25 min<\/p>\n<p>[\/vc_column_text][vc_column_text uncode_shortcode_id=\u00bb211503&#8243;]<\/p>\n<div style=\"padding: 56.25% 0 0 0; position: relative;\"><iframe style=\"position: absolute; top: 0; left: 0; width: 100%; height: 100%;\" title=\"Aterballetto - Rhapsody in Blue\" src=\"https:\/\/player.vimeo.com\/video\/934706645?badge=0&amp;autopause=0&amp;player_id=0&amp;app_id=58479\" frameborder=\"0\" allowfullscreen=\"allowfullscreen\"><br \/>\n<\/iframe><\/div>\n<p><script src=\"https:\/\/player.vimeo.com\/api\/player.js\"><\/script>[\/vc_column_text][vc_column_text uncode_shortcode_id=\u00bb170590&#8243; el_class=\u00bblineHeight\u00bb]<\/p>\n<p class=\"p1\"><em>Rhapsody in Blue<\/em> se inspira en la obra maestra de Gershwin, as\u00ed como en los encuentros y experiencias de los core\u00f3grafos. La pieza separa la obra original de su contexto neoyorquino y de su \u00e9poca, para darle una dimensi\u00f3n m\u00e1s universal, a trav\u00e9s de un enfoque po\u00e9tico del movimiento y de la escena.<\/p>\n<p>[\/vc_column_text][vc_empty_space empty_h=\u00bb2&#8243;][vc_custom_heading text_color=\u00bbaccent\u00bb uncode_shortcode_id=\u00bb131127&#8243; text_color_type=\u00bbuncode-palette\u00bb]Lo que dice la prensa[\/vc_custom_heading][vc_column_text uncode_shortcode_id=\u00bb169473&#8243; el_class=\u00bblineHeight\u00bb]<\/p>\n<p data-start=\"0\" data-end=\"242\">\u00ab El estilo de Ansa y Bacovich es fluido y pl\u00e1stico, altamente musical, con toques de virtuosidad atl\u00e9tica. Seductor en los movimientos ondulatorios del conjunto, que se abre de vez en cuando a deslumbrantes retratos de bailarines solistas. \u00bb<\/p>\n<p style=\"text-align: right;\" data-start=\"244\" data-end=\"277\" data-is-last-node=\"\" data-is-only-node=\"\"><strong>Valentina Bonelli, <em data-start=\"263\" data-end=\"277\" data-is-last-node=\"\">Vogue Italia<\/em><\/strong><\/p>\n<p>[\/vc_column_text][\/vc_column_inner][\/vc_row_inner][vc_row_inner limit_content=\u00bb\u00bb][vc_column_inner column_width_percent=\u00bb100&#8243; gutter_size=\u00bb2&#8243; overlay_alpha=\u00bb50&#8243; shift_x=\u00bb0&#8243; shift_y=\u00bb0&#8243; shift_y_down=\u00bb0&#8243; z_index=\u00bb0&#8243; medium_width=\u00bb0&#8243; mobile_width=\u00bb0&#8243; width=\u00bb1\/1&#8243; uncode_shortcode_id=\u00bb727088&#8243;][vc_custom_heading text_color=\u00bbaccent\u00bb uncode_shortcode_id=\u00bb187180&#8243; text_color_type=\u00bbuncode-palette\u00bb]Solo Echo[\/vc_custom_heading][vc_column_text uncode_shortcode_id=\u00bb130972&#8243; el_class=\u00bblineHeight\u00bb]<\/p>\n<p class=\"p1\">Coreograf\u00eda <strong>Crystal Pite<\/strong><br \/>\nM\u00fasica <strong>Johannes Brahms<\/strong><br \/>\nDecoraci\u00f3n <strong>Jay Gower Taylor<\/strong><br \/>\nVestuario <strong>Crystal Pite &amp; Joke Visser<\/strong><br \/>\nIluminaci\u00f3n <strong>Tom Visser<\/strong><br \/>\nDirecci\u00f3n esc\u00e9nica <strong>Eric Beauchesne<\/strong><\/p>\n<p class=\"p1\">Reestreno para Aterballetto en febrero de 2025 &#8211; Duraci\u00f3n 20 min<\/p>\n<p>[\/vc_column_text][vc_column_text uncode_shortcode_id=\u00bb179049&#8243;]<\/p>\n<div style=\"padding: 56.25% 0 0 0; position: relative;\"><iframe style=\"position: absolute; top: 0; left: 0; width: 100%; height: 100%;\" title=\"Aterballetto - Solo Echo\" src=\"https:\/\/player.vimeo.com\/video\/1181957333?badge=0&amp;autopause=0&amp;player_id=0&amp;app_id=58479\" frameborder=\"0\" allowfullscreen=\"allowfullscreen\"><br \/>\n<\/iframe><\/div>\n<p><script src=\"https:\/\/player.vimeo.com\/api\/player.js\"><\/script>[\/vc_column_text][vc_column_text uncode_shortcode_id=\u00bb183124&#8243; el_class=\u00bblineHeight\u00bb]<\/p>\n<p class=\"p1\">Inspirada en el poema <em>\u00abLines for Winter<\/em>\u00bb de Mark Strand, <em>Solo Echo<\/em> asocia dos sonatas para violonchelo y piano de Johannes Brahms, la temporada invernal y el movimiento del cuerpo para explorar los temas del amor, la aceptaci\u00f3n y la p\u00e9rdida.<\/p>\n<p>[\/vc_column_text][vc_empty_space empty_h=\u00bb2&#8243;][\/vc_column_inner][\/vc_row_inner][vc_row_inner limit_content=\u00bb\u00bb][vc_column_inner column_width_percent=\u00bb100&#8243; gutter_size=\u00bb2&#8243; overlay_alpha=\u00bb50&#8243; shift_x=\u00bb0&#8243; shift_y=\u00bb0&#8243; shift_y_down=\u00bb0&#8243; z_index=\u00bb0&#8243; medium_width=\u00bb0&#8243; mobile_width=\u00bb0&#8243; width=\u00bb1\/1&#8243; uncode_shortcode_id=\u00bb727088&#8243;][vc_custom_heading text_color=\u00bbaccent\u00bb uncode_shortcode_id=\u00bb166190&#8243; text_color_type=\u00bbuncode-palette\u00bb]Glory Hall[\/vc_custom_heading][vc_column_text uncode_shortcode_id=\u00bb204444&#8243; el_class=\u00bblineHeight\u00bb]<\/p>\n<p class=\"p1\">Coreograf\u00eda <strong>Diego Tortelli<\/strong><br \/>\nM\u00fasica<strong> Godspeed You! Black Emperor ; Oneohtrix Point Never<\/strong><br \/>\nVestuario<strong> Sportmax<\/strong><br \/>\nIluminaci\u00f3n <strong>Matthias Singer<\/strong><br \/>\nAsistente de coreograf\u00eda<strong> H\u00e9lias Tur-Dorvault<\/strong><\/p>\n<p class=\"p1\">Creado en 2025 &#8211; Duraci\u00f3n 30min<\/p>\n<p>[\/vc_column_text][vc_empty_space][vc_column_text uncode_shortcode_id=\u00bb191880&#8243; el_class=\u00bblineHeight\u00bb]<em>Glory Hall<\/em>, la nueva creaci\u00f3n de Diego Tortelli para los 16 bailarines de Aterballetto, es un viaje sensorial y rebelde en un espacio intermedio, suspendido entre la luz y la oscuridad. Situada en un espacio negro pero nunca verdaderamente oscuro, la coreograf\u00eda se despliega como un rito ext\u00e1tico donde sensualidad y espiritualidad profana se entrelazan. La danza, desafiando la narraci\u00f3n, deja explotar emociones fugaces. En <em>Glory Hall<\/em>, todo es posible: la m\u00fasica se eleva en un crescendo de armon\u00eda y transgresi\u00f3n, para una \u00e9xtasis sin l\u00edmites, combinando sonidos rock y melod\u00edas sinf\u00f3nicas.[\/vc_column_text][vc_empty_space][vc_custom_heading text_color=\u00bbaccent\u00bb uncode_shortcode_id=\u00bb133829&#8243; text_color_type=\u00bbuncode-palette\u00bb]Lo que dice la prensa[\/vc_custom_heading][vc_column_text uncode_shortcode_id=\u00bb208589&#8243; el_class=\u00bblineHeight\u00bb]<\/p>\n<p data-start=\"0\" data-end=\"348\">\u00ab Los bailarines de la compa\u00f1\u00eda de Reggio Emilia confirman su versatilidad y sus competencias en materia de t\u00e9cnica e interpretaci\u00f3n. Y, como siempre, el espectador queda impresionado, no solo por la calidad de su gestualidad, sino tambi\u00e9n por su alquimia de grupo, su manera de moverse como un solo cuerpo y la energ\u00eda que transmiten al p\u00fablico. \u00bb<\/p>\n<p style=\"text-align: right;\" data-start=\"350\" data-end=\"379\" data-is-last-node=\"\" data-is-only-node=\"\"><strong>Federica Pezzoli, <em>Estense.com<\/em><\/strong><\/p>\n<p>[\/vc_column_text][\/vc_column_inner][\/vc_row_inner][\/vc_column][\/vc_row][vc_row row_height_percent=\u00bb0&#8243; overlay_alpha=\u00bb50&#8243; gutter_size=\u00bb3&#8243; column_width_percent=\u00bb100&#8243; shift_y=\u00bb0&#8243; z_index=\u00bb0&#8243; uncode_shortcode_id=\u00bb607236&#8243;][vc_column width=\u00bb2\/12&#8243;][\/vc_column][vc_column column_width_percent=\u00bb100&#8243; align_horizontal=\u00bbalign_center\u00bb gutter_size=\u00bb3&#8243; overlay_alpha=\u00bb50&#8243; shift_x=\u00bb0&#8243; shift_y=\u00bb0&#8243; shift_y_down=\u00bb0&#8243; z_index=\u00bb0&#8243; medium_width=\u00bb0&#8243; mobile_width=\u00bb0&#8243; width=\u00bb2\/3&#8243; uncode_shortcode_id=\u00bb853687&#8243;][vc_custom_heading text_color=\u00bbcolor-190155&#8243; uncode_shortcode_id=\u00bb529001&#8243; text_color_type=\u00bbuncode-palette\u00bb]En el repertorio[\/vc_custom_heading][uncode_index el_id=\u00bbindex-537495863&#8243; index_type=\u00bbcarousel\u00bb loop=\u00bbsize:3|order_by:date|post_type:page|tax_query:8|taxonomy_count:10&#8243; carousel_lg=\u00bb2&#8243; carousel_md=\u00bb2&#8243; carousel_sm=\u00bb1&#8243; thumb_size=\u00bbthree-two\u00bb gutter_size=\u00bb3&#8243; post_items=\u00bbmedia|featured|onpost|poster,date,title,text|excerpt|90,category|bordered|topright|hide-icon,sep-one|full,extra\u00bb page_items=\u00bbmedia|featured|onpost|original,title,text|excerpt,link|link|small_size|D\u00e9couvrir\u00bb carousel_interval=\u00bb3000&#8243; carousel_navspeed=\u00bb400&#8243; carousel_dots=\u00bbyes\u00bb carousel_dots_space=\u00bbyes\u00bb carousel_dots_mobile=\u00bbyes\u00bb stage_padding=\u00bb0&#8243; single_back_color=\u00bbcolor-563873&#8243; single_overlay_opacity=\u00bb50&#8243; single_text_visible=\u00bbyes\u00bb single_text_anim=\u00bbno\u00bb single_padding=\u00bb2&#8243; single_title_dimension=\u00bbh4&#8243; single_title_weight=\u00bb600&#8243; single_text_lead=\u00bbsmall\u00bb single_border=\u00bbyes\u00bb uncode_shortcode_id=\u00bb178373&#8243;][\/vc_column][vc_column width=\u00bb2\/12&#8243;][\/vc_column][\/vc_row][vc_row][vc_column width=\u00bb1\/1&#8243;][uncode_block id=\u00bb3542&#8243;][\/vc_column][\/vc_row]<\/p>\n<\/div>","protected":false},"excerpt":{"rendered":"<p>Dreamers es un programa triple compuesto por obras de Iratxe Ansa e Igor Bacovich, Crystal Pite y Diego Tortelli.<\/p>\n","protected":false},"author":2,"featured_media":9884,"parent":6729,"menu_order":0,"comment_status":"closed","ping_status":"closed","template":"","meta":{"footnotes":""},"choregraphe":[],"directeur-artistique":[],"class_list":["post-6577","page","type-page","status-publish","has-post-thumbnail","hentry","page_category-aterballetto-es"],"yoast_head":"<!-- This site is optimized with the Yoast SEO plugin v27.4 - https:\/\/yoast.com\/product\/yoast-seo-wordpress\/ -->\n<title>Dreamers I Aterballetto I Delta Danse<\/title>\n<meta name=\"description\" content=\"Dreamers es un programa triple compuesto por obras de Iratxe Ansa e Igor Bacovich, Crystal Pite y Diego Tortelli.\" \/>\n<meta name=\"robots\" content=\"index, follow, max-snippet:-1, max-image-preview:large, max-video-preview:-1\" \/>\n<link rel=\"canonical\" href=\"https:\/\/www.deltadanse.com\/es\/repertorio\/dreamers\/\" \/>\n<meta property=\"og:locale\" content=\"es_ES\" \/>\n<meta property=\"og:type\" content=\"article\" \/>\n<meta property=\"og:title\" content=\"Dreamers I Aterballetto I Delta Danse\" \/>\n<meta property=\"og:description\" content=\"Dreamers es un programa triple compuesto por obras de Iratxe Ansa e Igor Bacovich, Crystal Pite y Diego Tortelli.\" \/>\n<meta property=\"og:url\" content=\"https:\/\/www.deltadanse.com\/es\/repertorio\/dreamers\/\" \/>\n<meta property=\"og:site_name\" content=\"Delta Danse\" \/>\n<meta property=\"article:modified_time\" content=\"2026-04-15T14:07:08+00:00\" \/>\n<meta property=\"og:image\" content=\"https:\/\/www.deltadanse.com\/wp-content\/uploads\/2024\/09\/CCN-Aterballetto-Rhapsody-in-blue-ph.-Christophe-Bernard-10-scaled.jpg\" \/>\n\t<meta property=\"og:image:width\" content=\"2560\" \/>\n\t<meta property=\"og:image:height\" content=\"1707\" \/>\n\t<meta property=\"og:image:type\" content=\"image\/jpeg\" \/>\n<meta name=\"twitter:card\" content=\"summary_large_image\" \/>\n<meta name=\"twitter:label1\" content=\"Tiempo de lectura\" \/>\n\t<meta name=\"twitter:data1\" content=\"4 minutos\" \/>\n<script type=\"application\/ld+json\" class=\"yoast-schema-graph\">{\"@context\":\"https:\\\/\\\/schema.org\",\"@graph\":[{\"@type\":\"WebPage\",\"@id\":\"https:\\\/\\\/www.deltadanse.com\\\/es\\\/repertorio\\\/dreamers\\\/\",\"url\":\"https:\\\/\\\/www.deltadanse.com\\\/es\\\/repertorio\\\/dreamers\\\/\",\"name\":\"Dreamers I Aterballetto I Delta Danse\",\"isPartOf\":{\"@id\":\"https:\\\/\\\/www.deltadanse.com\\\/es\\\/#website\"},\"primaryImageOfPage\":{\"@id\":\"https:\\\/\\\/www.deltadanse.com\\\/es\\\/repertorio\\\/dreamers\\\/#primaryimage\"},\"image\":{\"@id\":\"https:\\\/\\\/www.deltadanse.com\\\/es\\\/repertorio\\\/dreamers\\\/#primaryimage\"},\"thumbnailUrl\":\"https:\\\/\\\/www.deltadanse.com\\\/wp-content\\\/uploads\\\/2024\\\/09\\\/CCN-Aterballetto-Rhapsody-in-blue-ph.-Christophe-Bernard-10-scaled.jpg\",\"datePublished\":\"2022-09-07T07:15:20+00:00\",\"dateModified\":\"2026-04-15T14:07:08+00:00\",\"description\":\"Dreamers es un programa triple compuesto por obras de Iratxe Ansa e Igor Bacovich, Crystal Pite y Diego Tortelli.\",\"breadcrumb\":{\"@id\":\"https:\\\/\\\/www.deltadanse.com\\\/es\\\/repertorio\\\/dreamers\\\/#breadcrumb\"},\"inLanguage\":\"es\",\"potentialAction\":[{\"@type\":\"ReadAction\",\"target\":[\"https:\\\/\\\/www.deltadanse.com\\\/es\\\/repertorio\\\/dreamers\\\/\"]}]},{\"@type\":\"ImageObject\",\"inLanguage\":\"es\",\"@id\":\"https:\\\/\\\/www.deltadanse.com\\\/es\\\/repertorio\\\/dreamers\\\/#primaryimage\",\"url\":\"https:\\\/\\\/www.deltadanse.com\\\/wp-content\\\/uploads\\\/2024\\\/09\\\/CCN-Aterballetto-Rhapsody-in-blue-ph.-Christophe-Bernard-10-scaled.jpg\",\"contentUrl\":\"https:\\\/\\\/www.deltadanse.com\\\/wp-content\\\/uploads\\\/2024\\\/09\\\/CCN-Aterballetto-Rhapsody-in-blue-ph.-Christophe-Bernard-10-scaled.jpg\",\"width\":2560,\"height\":1707},{\"@type\":\"BreadcrumbList\",\"@id\":\"https:\\\/\\\/www.deltadanse.com\\\/es\\\/repertorio\\\/dreamers\\\/#breadcrumb\",\"itemListElement\":[{\"@type\":\"ListItem\",\"position\":1,\"name\":\"Accueil\",\"item\":\"https:\\\/\\\/www.deltadanse.com\\\/es\\\/\"},{\"@type\":\"ListItem\",\"position\":2,\"name\":\"Repertorio\",\"item\":\"https:\\\/\\\/www.deltadanse.com\\\/es\\\/repertorio\\\/\"},{\"@type\":\"ListItem\",\"position\":3,\"name\":\"Dreamers\"}]},{\"@type\":\"WebSite\",\"@id\":\"https:\\\/\\\/www.deltadanse.com\\\/es\\\/#website\",\"url\":\"https:\\\/\\\/www.deltadanse.com\\\/es\\\/\",\"name\":\"Delta Danse\",\"description\":\"Just another WordPress site\",\"potentialAction\":[{\"@type\":\"SearchAction\",\"target\":{\"@type\":\"EntryPoint\",\"urlTemplate\":\"https:\\\/\\\/www.deltadanse.com\\\/es\\\/?s={search_term_string}\"},\"query-input\":{\"@type\":\"PropertyValueSpecification\",\"valueRequired\":true,\"valueName\":\"search_term_string\"}}],\"inLanguage\":\"es\"}]}<\/script>\n<!-- \/ Yoast SEO plugin. -->","yoast_head_json":{"title":"Dreamers I Aterballetto I Delta Danse","description":"Dreamers es un programa triple compuesto por obras de Iratxe Ansa e Igor Bacovich, Crystal Pite y Diego Tortelli.","robots":{"index":"index","follow":"follow","max-snippet":"max-snippet:-1","max-image-preview":"max-image-preview:large","max-video-preview":"max-video-preview:-1"},"canonical":"https:\/\/www.deltadanse.com\/es\/repertorio\/dreamers\/","og_locale":"es_ES","og_type":"article","og_title":"Dreamers I Aterballetto I Delta Danse","og_description":"Dreamers es un programa triple compuesto por obras de Iratxe Ansa e Igor Bacovich, Crystal Pite y Diego Tortelli.","og_url":"https:\/\/www.deltadanse.com\/es\/repertorio\/dreamers\/","og_site_name":"Delta Danse","article_modified_time":"2026-04-15T14:07:08+00:00","og_image":[{"width":2560,"height":1707,"url":"https:\/\/www.deltadanse.com\/wp-content\/uploads\/2024\/09\/CCN-Aterballetto-Rhapsody-in-blue-ph.-Christophe-Bernard-10-scaled.jpg","type":"image\/jpeg"}],"twitter_card":"summary_large_image","twitter_misc":{"Tiempo de lectura":"4 minutos"},"schema":{"@context":"https:\/\/schema.org","@graph":[{"@type":"WebPage","@id":"https:\/\/www.deltadanse.com\/es\/repertorio\/dreamers\/","url":"https:\/\/www.deltadanse.com\/es\/repertorio\/dreamers\/","name":"Dreamers I Aterballetto I Delta Danse","isPartOf":{"@id":"https:\/\/www.deltadanse.com\/es\/#website"},"primaryImageOfPage":{"@id":"https:\/\/www.deltadanse.com\/es\/repertorio\/dreamers\/#primaryimage"},"image":{"@id":"https:\/\/www.deltadanse.com\/es\/repertorio\/dreamers\/#primaryimage"},"thumbnailUrl":"https:\/\/www.deltadanse.com\/wp-content\/uploads\/2024\/09\/CCN-Aterballetto-Rhapsody-in-blue-ph.-Christophe-Bernard-10-scaled.jpg","datePublished":"2022-09-07T07:15:20+00:00","dateModified":"2026-04-15T14:07:08+00:00","description":"Dreamers es un programa triple compuesto por obras de Iratxe Ansa e Igor Bacovich, Crystal Pite y Diego Tortelli.","breadcrumb":{"@id":"https:\/\/www.deltadanse.com\/es\/repertorio\/dreamers\/#breadcrumb"},"inLanguage":"es","potentialAction":[{"@type":"ReadAction","target":["https:\/\/www.deltadanse.com\/es\/repertorio\/dreamers\/"]}]},{"@type":"ImageObject","inLanguage":"es","@id":"https:\/\/www.deltadanse.com\/es\/repertorio\/dreamers\/#primaryimage","url":"https:\/\/www.deltadanse.com\/wp-content\/uploads\/2024\/09\/CCN-Aterballetto-Rhapsody-in-blue-ph.-Christophe-Bernard-10-scaled.jpg","contentUrl":"https:\/\/www.deltadanse.com\/wp-content\/uploads\/2024\/09\/CCN-Aterballetto-Rhapsody-in-blue-ph.-Christophe-Bernard-10-scaled.jpg","width":2560,"height":1707},{"@type":"BreadcrumbList","@id":"https:\/\/www.deltadanse.com\/es\/repertorio\/dreamers\/#breadcrumb","itemListElement":[{"@type":"ListItem","position":1,"name":"Accueil","item":"https:\/\/www.deltadanse.com\/es\/"},{"@type":"ListItem","position":2,"name":"Repertorio","item":"https:\/\/www.deltadanse.com\/es\/repertorio\/"},{"@type":"ListItem","position":3,"name":"Dreamers"}]},{"@type":"WebSite","@id":"https:\/\/www.deltadanse.com\/es\/#website","url":"https:\/\/www.deltadanse.com\/es\/","name":"Delta Danse","description":"Just another WordPress site","potentialAction":[{"@type":"SearchAction","target":{"@type":"EntryPoint","urlTemplate":"https:\/\/www.deltadanse.com\/es\/?s={search_term_string}"},"query-input":{"@type":"PropertyValueSpecification","valueRequired":true,"valueName":"search_term_string"}}],"inLanguage":"es"}]}},"_links":{"self":[{"href":"https:\/\/www.deltadanse.com\/es\/wp-json\/wp\/v2\/pages\/6577","targetHints":{"allow":["GET"]}}],"collection":[{"href":"https:\/\/www.deltadanse.com\/es\/wp-json\/wp\/v2\/pages"}],"about":[{"href":"https:\/\/www.deltadanse.com\/es\/wp-json\/wp\/v2\/types\/page"}],"author":[{"embeddable":true,"href":"https:\/\/www.deltadanse.com\/es\/wp-json\/wp\/v2\/users\/2"}],"replies":[{"embeddable":true,"href":"https:\/\/www.deltadanse.com\/es\/wp-json\/wp\/v2\/comments?post=6577"}],"version-history":[{"count":2,"href":"https:\/\/www.deltadanse.com\/es\/wp-json\/wp\/v2\/pages\/6577\/revisions"}],"predecessor-version":[{"id":13169,"href":"https:\/\/www.deltadanse.com\/es\/wp-json\/wp\/v2\/pages\/6577\/revisions\/13169"}],"up":[{"embeddable":true,"href":"https:\/\/www.deltadanse.com\/es\/wp-json\/wp\/v2\/pages\/6729"}],"wp:featuredmedia":[{"embeddable":true,"href":"https:\/\/www.deltadanse.com\/es\/wp-json\/wp\/v2\/media\/9884"}],"wp:attachment":[{"href":"https:\/\/www.deltadanse.com\/es\/wp-json\/wp\/v2\/media?parent=6577"}],"wp:term":[{"taxonomy":"choregraphe","embeddable":true,"href":"https:\/\/www.deltadanse.com\/es\/wp-json\/wp\/v2\/choregraphe?post=6577"},{"taxonomy":"directeur-artistique","embeddable":true,"href":"https:\/\/www.deltadanse.com\/es\/wp-json\/wp\/v2\/directeur-artistique?post=6577"}],"curies":[{"name":"wp","href":"https:\/\/api.w.org\/{rel}","templated":true}]}}