{"id":6708,"date":"2022-09-07T09:43:57","date_gmt":"2022-09-07T07:43:57","guid":{"rendered":"https:\/\/www.deltadanse.com\/storie\/"},"modified":"2026-04-15T12:31:11","modified_gmt":"2026-04-15T10:31:11","slug":"storie","status":"publish","type":"page","link":"https:\/\/www.deltadanse.com\/es\/repertorio\/storie\/","title":{"rendered":"Storie"},"content":{"rendered":"<div class=\"wpb-content-wrapper\"><p>[vc_row unlock_row_content=\u00bbyes\u00bb row_height_percent=\u00bb0&#8243; override_padding=\u00bbyes\u00bb h_padding=\u00bb7&#8243; top_padding=\u00bb2&#8243; bottom_padding=\u00bb2&#8243; overlay_alpha=\u00bb50&#8243; gutter_size=\u00bb3&#8243; column_width_percent=\u00bb100&#8243; shift_y=\u00bb0&#8243; z_index=\u00bb0&#8243; uncode_shortcode_id=\u00bb347231&#8243;][vc_column column_width_percent=\u00bb100&#8243; align_horizontal=\u00bbalign_center\u00bb gutter_size=\u00bb2&#8243; overlay_alpha=\u00bb50&#8243; shift_x=\u00bb0&#8243; shift_y=\u00bb0&#8243; shift_y_down=\u00bb0&#8243; z_index=\u00bb0&#8243; medium_width=\u00bb0&#8243; mobile_width=\u00bb0&#8243; width=\u00bb7\/12&#8243; uncode_shortcode_id=\u00bb850447&#8243;][vc_row_inner row_inner_height_percent=\u00bb0&#8243; overlay_alpha=\u00bb50&#8243; gutter_size=\u00bb3&#8243; shift_y=\u00bb0&#8243; z_index=\u00bb0&#8243; uncode_shortcode_id=\u00bb100565&#8243; limit_content=\u00bb\u00bb][vc_column_inner column_width_percent=\u00bb100&#8243; gutter_size=\u00bb3&#8243; overlay_alpha=\u00bb50&#8243; shift_x=\u00bb0&#8243; shift_y=\u00bb0&#8243; shift_y_down=\u00bb0&#8243; z_index=\u00bb0&#8243; medium_width=\u00bb0&#8243; mobile_width=\u00bb0&#8243; width=\u00bb1\/1&#8243; uncode_shortcode_id=\u00bb109405&#8243;][vc_gallery el_id=\u00bbgallery-191160&#8243; type=\u00bbcarousel\u00bb medias=\u00bb1290,2021,2025,2029&#8243; carousel_lg=\u00bb1&#8243; carousel_md=\u00bb1&#8243; carousel_sm=\u00bb1&#8243; gutter_size=\u00bb3&#8243; media_items=\u00bbmedia|nolink|original,icon\u00bb carousel_interval=\u00bb3000&#8243; carousel_navspeed=\u00bb400&#8243; stage_padding=\u00bb0&#8243; single_overlay_opacity=\u00bb50&#8243; single_padding=\u00bb2&#8243; uncode_shortcode_id=\u00bb100295&#8243; el_class=\u00bbcarrousel-compagnie\u00bb][vc_empty_space empty_h=\u00bb2&#8243; medium_visibility=\u00bbyes\u00bb mobile_visibility=\u00bbyes\u00bb][\/vc_column_inner][\/vc_row_inner][vc_row_inner limit_content=\u00bb\u00bb][vc_column_inner width=\u00bb1\/6&#8243;][\/vc_column_inner][vc_column_inner column_width_percent=\u00bb100&#8243; gutter_size=\u00bb2&#8243; overlay_alpha=\u00bb50&#8243; shift_x=\u00bb0&#8243; shift_y=\u00bb0&#8243; shift_y_down=\u00bb0&#8243; z_index=\u00bb0&#8243; medium_width=\u00bb0&#8243; mobile_width=\u00bb0&#8243; width=\u00bb2\/3&#8243; uncode_shortcode_id=\u00bb200294&#8243;][vc_custom_heading text_color=\u00bbcolor-190155&#8243; heading_semantic=\u00bbp\u00bb text_font=\u00bbfont-112265&#8243; text_size=\u00bbh3&#8243; uncode_shortcode_id=\u00bb187086&#8243; text_color_type=\u00bbuncode-palette\u00bb]Calendario de la temporada[\/vc_custom_heading][vc_custom_heading text_color=\u00bbcolor-jevc\u00bb heading_semantic=\u00bbp\u00bb text_size=\u00bbh4&#8243; uncode_shortcode_id=\u00bb184482&#8243; text_color_type=\u00bbuncode-palette\u00bb]<\/p>\n<p class=\"p1\">Actualmente no hay espect\u00e1culos programados.<\/p>\n<p>[\/vc_custom_heading][vc_empty_space empty_h=\u00bb2&#8243;][\/vc_column_inner][vc_column_inner width=\u00bb1\/6&#8243;][\/vc_column_inner][\/vc_row_inner][vc_row_inner limit_content=\u00bb\u00bb][vc_column_inner width=\u00bb1\/6&#8243;][\/vc_column_inner][vc_column_inner column_width_percent=\u00bb100&#8243; gutter_size=\u00bb2&#8243; overlay_alpha=\u00bb50&#8243; shift_x=\u00bb0&#8243; shift_y=\u00bb0&#8243; shift_y_down=\u00bb0&#8243; z_index=\u00bb0&#8243; medium_width=\u00bb0&#8243; mobile_width=\u00bb0&#8243; width=\u00bb2\/3&#8243; uncode_shortcode_id=\u00bb192058&#8243;][calendar_season style=\u00bbrepertoire\u00bb repertoire=\u00bb9303&#8243;][\/vc_column_inner][vc_column_inner width=\u00bb1\/6&#8243;][\/vc_column_inner][\/vc_row_inner][\/vc_column][vc_column column_width_percent=\u00bb100&#8243; gutter_size=\u00bb2&#8243; override_padding=\u00bbyes\u00bb column_padding=\u00bb3&#8243; overlay_alpha=\u00bb50&#8243; shift_x=\u00bb0&#8243; shift_y=\u00bb0&#8243; shift_y_down=\u00bb0&#8243; z_index=\u00bb0&#8243; medium_width=\u00bb0&#8243; mobile_width=\u00bb0&#8243; width=\u00bb5\/12&#8243; uncode_shortcode_id=\u00bb165047&#8243; el_class=\u00bbcontenu-compagnie\u00bb][vc_row_inner limit_content=\u00bb\u00bb][vc_column_inner column_width_percent=\u00bb100&#8243; gutter_size=\u00bb2&#8243; overlay_alpha=\u00bb50&#8243; shift_x=\u00bb0&#8243; shift_y=\u00bb0&#8243; shift_y_down=\u00bb0&#8243; z_index=\u00bb0&#8243; medium_width=\u00bb0&#8243; mobile_width=\u00bb0&#8243; width=\u00bb1\/1&#8243; uncode_shortcode_id=\u00bb727088&#8243;][vc_custom_heading text_color=\u00bbaccent\u00bb heading_semantic=\u00bbh1&#8243; text_size=\u00bbfontsize-127449&#8243; uncode_shortcode_id=\u00bb196690&#8243; text_color_type=\u00bbuncode-palette\u00bb]Storie[\/vc_custom_heading][vc_custom_heading text_size=\u00bbh4&#8243; text_weight=\u00bb600&#8243; uncode_shortcode_id=\u00bb127800&#8243;]<a href=\"https:\/\/www.deltadanse.com\/es\/companias-delta-danse\/aterballetto\/\">Aterballetto<\/a>[\/vc_custom_heading][vc_column_text uncode_shortcode_id=\u00bb141697&#8243;]<\/p>\n<div style=\"padding: 56.25% 0 0 0; position: relative;\"><iframe style=\"position: absolute; top: 0; left: 0; width: 100%; height: 100%;\" title=\"Aterballetto - Storie (teaser)\" src=\"https:\/\/player.vimeo.com\/video\/520966546?h=60a374779e&amp;badge=0&amp;autopause=0&amp;player_id=0&amp;app_id=58479\" frameborder=\"0\" allowfullscreen=\"allowfullscreen\"><\/iframe><\/div>\n<p><script src=\"https:\/\/player.vimeo.com\/api\/player.js\"><\/script><\/p>\n<p>[\/vc_column_text][vc_column_text uncode_shortcode_id=\u00bb144271&#8243;]El espect\u00e1culo <em>Storie<\/em> se divide en varias partes:[\/vc_column_text][vc_custom_heading text_color=\u00bbaccent\u00bb uncode_shortcode_id=\u00bb527165&#8243; text_color_type=\u00bbuncode-palette\u00bb]Preludio[\/vc_custom_heading][vc_column_text uncode_shortcode_id=\u00bb850180&#8243;]Coreograf\u00eda : Diego Tortelli<br \/>\nM\u00fasica : AAVV<br \/>\nIluminaci\u00f3n : Carlo Cerri<br \/>\nCreado en 2021<br \/>\nDuraci\u00f3n: 16 min[\/vc_column_text][vc_column_text uncode_shortcode_id=\u00bb254368&#8243; el_class=\u00bblineHeight\u00bb]<em>Preludio<\/em> nos sumerge en la confluencia de dos mundos: el primer encuentro entre la fiesta de un pueblo italiano y la escena electro-underground de una metr\u00f3polis europea. Dos entornos diferentes, que sin embargo tienen como punto en com\u00fan un baile al un\u00edsono y algunos momentos de comuni\u00f3n. Son dos coyunturas diferentes guiadas por la misma sensaci\u00f3n de libertad.[\/vc_column_text][vc_empty_space empty_h=\u00bb2&#8243;][\/vc_column_inner][\/vc_row_inner][vc_row_inner limit_content=\u00bb\u00bb][vc_column_inner column_width_percent=\u00bb100&#8243; gutter_size=\u00bb2&#8243; overlay_alpha=\u00bb50&#8243; shift_x=\u00bb0&#8243; shift_y=\u00bb0&#8243; shift_y_down=\u00bb0&#8243; z_index=\u00bb0&#8243; medium_width=\u00bb0&#8243; mobile_width=\u00bb0&#8243; width=\u00bb1\/1&#8243; uncode_shortcode_id=\u00bb727088&#8243;][vc_custom_heading text_color=\u00bbaccent\u00bb uncode_shortcode_id=\u00bb187599&#8243; text_color_type=\u00bbuncode-palette\u00bb]Another Story[\/vc_custom_heading][vc_column_text uncode_shortcode_id=\u00bb306123&#8243;]Coreograf\u00eda : Diego Tortelli<br \/>\nM\u00fasica : <span style=\"font-weight: 400;\">Spiritualized<\/span><br \/>\n<span style=\"font-weight: 400;\">Asesor musical : Federico Bigonzetti<\/span><br \/>\nIluminaci\u00f3n : Carlo Cerri<br \/>\nCreado en 2021<br \/>\nDuraci\u00f3n: 20 min[\/vc_column_text][vc_column_text uncode_shortcode_id=\u00bb131966&#8243; el_class=\u00bblineHeight\u00bb]Con esta pieza, con esta \u201cotra historia\u201d, Diego Tortelli devuelve a su lugar de honor el gesto m\u00e1s temido y a pesar de ello, el m\u00e1s deseado de un a\u00f1o 2020 v\u00edctima de una epidemia mundial: el abrazo. As\u00ed, <em>Another Story<\/em> se transforma en un abrazo solitario, compartido, violento, doloroso o agotador o en un abrazo abrazo deseado, oculto, \u00edntimo o idolatrado. La \u00fanica predicci\u00f3n que nadie est\u00e1 en condiciones de hacer es de qu\u00e9 manera este gesto tan simple continuar\u00e1 mutando.[\/vc_column_text][vc_empty_space empty_h=\u00bb2&#8243;][\/vc_column_inner][\/vc_row_inner][vc_row_inner limit_content=\u00bb\u00bb][vc_column_inner column_width_percent=\u00bb100&#8243; gutter_size=\u00bb2&#8243; overlay_alpha=\u00bb50&#8243; shift_x=\u00bb0&#8243; shift_y=\u00bb0&#8243; shift_y_down=\u00bb0&#8243; z_index=\u00bb0&#8243; medium_width=\u00bb0&#8243; mobile_width=\u00bb0&#8243; width=\u00bb1\/1&#8243; uncode_shortcode_id=\u00bb727088&#8243;][vc_custom_heading text_color=\u00bbaccent\u00bb uncode_shortcode_id=\u00bb189106&#8243; text_color_type=\u00bbuncode-palette\u00bb]\u00bbO\u00bb[\/vc_custom_heading][vc_column_text uncode_shortcode_id=\u00bb196174&#8243;]Coreograf\u00eda : Philippe Kratz<br \/>\nM\u00fasica : <span style=\"font-weight: 400;\">Mark Pritchard et The Field<\/span><br \/>\n<span style=\"font-weight: 400;\">Vestuario : Francesca Messori<\/span><br \/>\nIluminaci\u00f3n : Carlo Cerri<br \/>\nCreado en 2018<br \/>\nDuraci\u00f3n: 12 min[\/vc_column_text][vc_column_text uncode_shortcode_id=\u00bb115400&#8243; el_class=\u00bblineHeight\u00bb]<span style=\"font-weight: 400;\">A trav\u00e9s del tema del infinito, el espect\u00e1culo para d\u00fao <em>\u201cO\u201d<\/em> <\/span><span style=\"font-weight: 400;\">presenta a dos seres humanos, o robots, que celebran el estado de trascendencia y de plenitud emocional al tiempo que avanzan juntos hacia lo eterno. Con esta pieza \u2013que recibi\u00f3 en 2018 el primer premio del Concurso Internacional de Coreograf\u00eda de Hannover\u2013, Philippe Kratz explora un futuro donde la comunicaci\u00f3n podr\u00eda ser no-org\u00e1nica.<\/span>[\/vc_column_text][vc_empty_space empty_h=\u00bb2&#8243;][\/vc_column_inner][\/vc_row_inner][vc_row_inner limit_content=\u00bb\u00bb][vc_column_inner column_width_percent=\u00bb100&#8243; gutter_size=\u00bb2&#8243; overlay_alpha=\u00bb50&#8243; shift_x=\u00bb0&#8243; shift_y=\u00bb0&#8243; shift_y_down=\u00bb0&#8243; z_index=\u00bb0&#8243; medium_width=\u00bb0&#8243; mobile_width=\u00bb0&#8243; width=\u00bb1\/1&#8243; uncode_shortcode_id=\u00bb727088&#8243;][vc_custom_heading text_color=\u00bbaccent\u00bb uncode_shortcode_id=\u00bb143832&#8243; text_color_type=\u00bbuncode-palette\u00bb]Alpha Grace[\/vc_custom_heading][vc_column_text uncode_shortcode_id=\u00bb206283&#8243;]Chor\u00e9graphie : Philippe Kratz<br \/>\nM\u00fasica<span style=\"font-weight: 400;\"> <i>: <\/i><\/span><span style=\"font-weight: 400;\">Barrio Sur (Dedekind Cut), Fela Kuti<\/span><br \/>\nIluminaci\u00f3n : Carlo Cerri<br \/>\nCreado en 2021<br \/>\nDuraci\u00f3n: 21 min[\/vc_column_text][vc_column_text uncode_shortcode_id=\u00bb189947&#8243; el_class=\u00bblineHeight\u00bb]A continuaci\u00f3n de la pieza <em>\u201cO\u201d<\/em>, la cual se proyecta con decisi\u00f3n hacia el futuro, Alpha Grace ofrece una mirada hacia el pasado, hacia lo esencial, y en especial hacia dos de nuestras virtudes principales: la compasi\u00f3n y la empat\u00eda. Estas habilidades que nos permiten entender verdaderamente al otro, valorarlo, sentir sus mismas emociones y no percibirlo como diferente.[\/vc_column_text][\/vc_column_inner][\/vc_row_inner][\/vc_column][\/vc_row][vc_row row_height_percent=\u00bb0&#8243; overlay_alpha=\u00bb50&#8243; gutter_size=\u00bb3&#8243; column_width_percent=\u00bb100&#8243; shift_y=\u00bb0&#8243; z_index=\u00bb0&#8243; uncode_shortcode_id=\u00bb607236&#8243;][vc_column width=\u00bb2\/12&#8243;][\/vc_column][vc_column column_width_percent=\u00bb100&#8243; align_horizontal=\u00bbalign_center\u00bb gutter_size=\u00bb3&#8243; overlay_alpha=\u00bb50&#8243; shift_x=\u00bb0&#8243; shift_y=\u00bb0&#8243; shift_y_down=\u00bb0&#8243; z_index=\u00bb0&#8243; medium_width=\u00bb0&#8243; mobile_width=\u00bb0&#8243; width=\u00bb2\/3&#8243; uncode_shortcode_id=\u00bb853687&#8243;][vc_custom_heading text_color=\u00bbcolor-190155&#8243; uncode_shortcode_id=\u00bb529001&#8243; text_color_type=\u00bbuncode-palette\u00bb]En el repertorio[\/vc_custom_heading][uncode_index el_id=\u00bbindex-537495863&#8243; index_type=\u00bbcarousel\u00bb loop=\u00bbsize:3|order_by:date|post_type:page|tax_query:8|taxonomy_count:10&#8243; carousel_lg=\u00bb2&#8243; carousel_md=\u00bb2&#8243; carousel_sm=\u00bb1&#8243; thumb_size=\u00bbthree-two\u00bb gutter_size=\u00bb3&#8243; post_items=\u00bbmedia|featured|onpost|poster,date,title,text|excerpt|90,category|bordered|topright|hide-icon,sep-one|full,extra\u00bb page_items=\u00bbmedia|featured|onpost|original,title,text|excerpt,link|link|small_size|D\u00e9couvrir\u00bb carousel_interval=\u00bb3000&#8243; carousel_navspeed=\u00bb400&#8243; carousel_dots=\u00bbyes\u00bb carousel_dots_space=\u00bbyes\u00bb carousel_dots_mobile=\u00bbyes\u00bb stage_padding=\u00bb0&#8243; single_back_color=\u00bbcolor-563873&#8243; single_overlay_opacity=\u00bb50&#8243; single_text_visible=\u00bbyes\u00bb single_text_anim=\u00bbno\u00bb single_padding=\u00bb2&#8243; single_title_dimension=\u00bbh4&#8243; single_title_weight=\u00bb600&#8243; single_text_lead=\u00bbsmall\u00bb single_border=\u00bbyes\u00bb uncode_shortcode_id=\u00bb873563&#8243;][\/vc_column][vc_column width=\u00bb2\/12&#8243;][\/vc_column][\/vc_row][vc_row][vc_column width=\u00bb1\/1&#8243;][uncode_block id=\u00bb3542&#8243;][\/vc_column][\/vc_row]<\/p>\n<\/div>","protected":false},"excerpt":{"rendered":"<p>El programa Storie presenta dos coreograf\u00edas de Diego Tortelli y dos de Philippe Kratz que dialogan entre s\u00ed&#8230;<\/p>\n","protected":false},"author":2,"featured_media":1290,"parent":6729,"menu_order":0,"comment_status":"closed","ping_status":"closed","template":"","meta":{"footnotes":""},"choregraphe":[151,150],"directeur-artistique":[],"class_list":["post-6708","page","type-page","status-publish","has-post-thumbnail","hentry","choregraphe-diego-tortelli","choregraphe-philippe-kratz","page_category-aterballetto-es"],"yoast_head":"<!-- This site is optimized with the Yoast SEO plugin v27.3 - https:\/\/yoast.com\/product\/yoast-seo-wordpress\/ -->\n<title>Storie I Aterballetto I Delta Danse<\/title>\n<meta name=\"description\" content=\"El programa Storie presenta dos coreograf\u00edas de Diego Tortelli y dos de Philippe Kratz que dialogan entre s\u00ed...\" \/>\n<meta name=\"robots\" content=\"index, follow, max-snippet:-1, max-image-preview:large, max-video-preview:-1\" \/>\n<link rel=\"canonical\" href=\"https:\/\/www.deltadanse.com\/es\/repertorio\/storie\/\" \/>\n<meta property=\"og:locale\" content=\"es_ES\" \/>\n<meta property=\"og:type\" content=\"article\" \/>\n<meta property=\"og:title\" content=\"Storie I Aterballetto I Delta Danse\" \/>\n<meta property=\"og:description\" content=\"El programa Storie presenta dos coreograf\u00edas de Diego Tortelli y dos de Philippe Kratz que dialogan entre s\u00ed...\" \/>\n<meta property=\"og:url\" content=\"https:\/\/www.deltadanse.com\/es\/repertorio\/storie\/\" \/>\n<meta property=\"og:site_name\" content=\"Delta Danse\" \/>\n<meta property=\"article:modified_time\" content=\"2026-04-15T10:31:11+00:00\" \/>\n<meta property=\"og:image\" content=\"https:\/\/www.deltadanse.com\/wp-content\/uploads\/2022\/09\/preludio.jpg\" \/>\n\t<meta property=\"og:image:width\" content=\"1800\" \/>\n\t<meta property=\"og:image:height\" content=\"1198\" \/>\n\t<meta property=\"og:image:type\" content=\"image\/jpeg\" \/>\n<meta name=\"twitter:card\" content=\"summary_large_image\" \/>\n<meta name=\"twitter:label1\" content=\"Tiempo de lectura\" \/>\n\t<meta name=\"twitter:data1\" content=\"4 minutos\" \/>\n<script type=\"application\/ld+json\" class=\"yoast-schema-graph\">{\"@context\":\"https:\\\/\\\/schema.org\",\"@graph\":[{\"@type\":\"WebPage\",\"@id\":\"https:\\\/\\\/www.deltadanse.com\\\/es\\\/repertorio\\\/storie\\\/\",\"url\":\"https:\\\/\\\/www.deltadanse.com\\\/es\\\/repertorio\\\/storie\\\/\",\"name\":\"Storie I Aterballetto I Delta Danse\",\"isPartOf\":{\"@id\":\"https:\\\/\\\/www.deltadanse.com\\\/es\\\/#website\"},\"primaryImageOfPage\":{\"@id\":\"https:\\\/\\\/www.deltadanse.com\\\/es\\\/repertorio\\\/storie\\\/#primaryimage\"},\"image\":{\"@id\":\"https:\\\/\\\/www.deltadanse.com\\\/es\\\/repertorio\\\/storie\\\/#primaryimage\"},\"thumbnailUrl\":\"https:\\\/\\\/www.deltadanse.com\\\/wp-content\\\/uploads\\\/2022\\\/09\\\/preludio.jpg\",\"datePublished\":\"2022-09-07T07:43:57+00:00\",\"dateModified\":\"2026-04-15T10:31:11+00:00\",\"description\":\"El programa Storie presenta dos coreograf\u00edas de Diego Tortelli y dos de Philippe Kratz que dialogan entre s\u00ed...\",\"breadcrumb\":{\"@id\":\"https:\\\/\\\/www.deltadanse.com\\\/es\\\/repertorio\\\/storie\\\/#breadcrumb\"},\"inLanguage\":\"es\",\"potentialAction\":[{\"@type\":\"ReadAction\",\"target\":[\"https:\\\/\\\/www.deltadanse.com\\\/es\\\/repertorio\\\/storie\\\/\"]}]},{\"@type\":\"ImageObject\",\"inLanguage\":\"es\",\"@id\":\"https:\\\/\\\/www.deltadanse.com\\\/es\\\/repertorio\\\/storie\\\/#primaryimage\",\"url\":\"https:\\\/\\\/www.deltadanse.com\\\/wp-content\\\/uploads\\\/2022\\\/09\\\/preludio.jpg\",\"contentUrl\":\"https:\\\/\\\/www.deltadanse.com\\\/wp-content\\\/uploads\\\/2022\\\/09\\\/preludio.jpg\",\"width\":1800,\"height\":1198},{\"@type\":\"BreadcrumbList\",\"@id\":\"https:\\\/\\\/www.deltadanse.com\\\/es\\\/repertorio\\\/storie\\\/#breadcrumb\",\"itemListElement\":[{\"@type\":\"ListItem\",\"position\":1,\"name\":\"Accueil\",\"item\":\"https:\\\/\\\/www.deltadanse.com\\\/es\\\/\"},{\"@type\":\"ListItem\",\"position\":2,\"name\":\"Repertorio\",\"item\":\"https:\\\/\\\/www.deltadanse.com\\\/es\\\/repertorio\\\/\"},{\"@type\":\"ListItem\",\"position\":3,\"name\":\"Storie\"}]},{\"@type\":\"WebSite\",\"@id\":\"https:\\\/\\\/www.deltadanse.com\\\/es\\\/#website\",\"url\":\"https:\\\/\\\/www.deltadanse.com\\\/es\\\/\",\"name\":\"Delta Danse\",\"description\":\"Just another WordPress site\",\"potentialAction\":[{\"@type\":\"SearchAction\",\"target\":{\"@type\":\"EntryPoint\",\"urlTemplate\":\"https:\\\/\\\/www.deltadanse.com\\\/es\\\/?s={search_term_string}\"},\"query-input\":{\"@type\":\"PropertyValueSpecification\",\"valueRequired\":true,\"valueName\":\"search_term_string\"}}],\"inLanguage\":\"es\"}]}<\/script>\n<!-- \/ Yoast SEO plugin. -->","yoast_head_json":{"title":"Storie I Aterballetto I Delta Danse","description":"El programa Storie presenta dos coreograf\u00edas de Diego Tortelli y dos de Philippe Kratz que dialogan entre s\u00ed...","robots":{"index":"index","follow":"follow","max-snippet":"max-snippet:-1","max-image-preview":"max-image-preview:large","max-video-preview":"max-video-preview:-1"},"canonical":"https:\/\/www.deltadanse.com\/es\/repertorio\/storie\/","og_locale":"es_ES","og_type":"article","og_title":"Storie I Aterballetto I Delta Danse","og_description":"El programa Storie presenta dos coreograf\u00edas de Diego Tortelli y dos de Philippe Kratz que dialogan entre s\u00ed...","og_url":"https:\/\/www.deltadanse.com\/es\/repertorio\/storie\/","og_site_name":"Delta Danse","article_modified_time":"2026-04-15T10:31:11+00:00","og_image":[{"width":1800,"height":1198,"url":"https:\/\/www.deltadanse.com\/wp-content\/uploads\/2022\/09\/preludio.jpg","type":"image\/jpeg"}],"twitter_card":"summary_large_image","twitter_misc":{"Tiempo de lectura":"4 minutos"},"schema":{"@context":"https:\/\/schema.org","@graph":[{"@type":"WebPage","@id":"https:\/\/www.deltadanse.com\/es\/repertorio\/storie\/","url":"https:\/\/www.deltadanse.com\/es\/repertorio\/storie\/","name":"Storie I Aterballetto I Delta Danse","isPartOf":{"@id":"https:\/\/www.deltadanse.com\/es\/#website"},"primaryImageOfPage":{"@id":"https:\/\/www.deltadanse.com\/es\/repertorio\/storie\/#primaryimage"},"image":{"@id":"https:\/\/www.deltadanse.com\/es\/repertorio\/storie\/#primaryimage"},"thumbnailUrl":"https:\/\/www.deltadanse.com\/wp-content\/uploads\/2022\/09\/preludio.jpg","datePublished":"2022-09-07T07:43:57+00:00","dateModified":"2026-04-15T10:31:11+00:00","description":"El programa Storie presenta dos coreograf\u00edas de Diego Tortelli y dos de Philippe Kratz que dialogan entre s\u00ed...","breadcrumb":{"@id":"https:\/\/www.deltadanse.com\/es\/repertorio\/storie\/#breadcrumb"},"inLanguage":"es","potentialAction":[{"@type":"ReadAction","target":["https:\/\/www.deltadanse.com\/es\/repertorio\/storie\/"]}]},{"@type":"ImageObject","inLanguage":"es","@id":"https:\/\/www.deltadanse.com\/es\/repertorio\/storie\/#primaryimage","url":"https:\/\/www.deltadanse.com\/wp-content\/uploads\/2022\/09\/preludio.jpg","contentUrl":"https:\/\/www.deltadanse.com\/wp-content\/uploads\/2022\/09\/preludio.jpg","width":1800,"height":1198},{"@type":"BreadcrumbList","@id":"https:\/\/www.deltadanse.com\/es\/repertorio\/storie\/#breadcrumb","itemListElement":[{"@type":"ListItem","position":1,"name":"Accueil","item":"https:\/\/www.deltadanse.com\/es\/"},{"@type":"ListItem","position":2,"name":"Repertorio","item":"https:\/\/www.deltadanse.com\/es\/repertorio\/"},{"@type":"ListItem","position":3,"name":"Storie"}]},{"@type":"WebSite","@id":"https:\/\/www.deltadanse.com\/es\/#website","url":"https:\/\/www.deltadanse.com\/es\/","name":"Delta Danse","description":"Just another WordPress site","potentialAction":[{"@type":"SearchAction","target":{"@type":"EntryPoint","urlTemplate":"https:\/\/www.deltadanse.com\/es\/?s={search_term_string}"},"query-input":{"@type":"PropertyValueSpecification","valueRequired":true,"valueName":"search_term_string"}}],"inLanguage":"es"}]}},"_links":{"self":[{"href":"https:\/\/www.deltadanse.com\/es\/wp-json\/wp\/v2\/pages\/6708","targetHints":{"allow":["GET"]}}],"collection":[{"href":"https:\/\/www.deltadanse.com\/es\/wp-json\/wp\/v2\/pages"}],"about":[{"href":"https:\/\/www.deltadanse.com\/es\/wp-json\/wp\/v2\/types\/page"}],"author":[{"embeddable":true,"href":"https:\/\/www.deltadanse.com\/es\/wp-json\/wp\/v2\/users\/2"}],"replies":[{"embeddable":true,"href":"https:\/\/www.deltadanse.com\/es\/wp-json\/wp\/v2\/comments?post=6708"}],"version-history":[{"count":1,"href":"https:\/\/www.deltadanse.com\/es\/wp-json\/wp\/v2\/pages\/6708\/revisions"}],"predecessor-version":[{"id":13163,"href":"https:\/\/www.deltadanse.com\/es\/wp-json\/wp\/v2\/pages\/6708\/revisions\/13163"}],"up":[{"embeddable":true,"href":"https:\/\/www.deltadanse.com\/es\/wp-json\/wp\/v2\/pages\/6729"}],"wp:featuredmedia":[{"embeddable":true,"href":"https:\/\/www.deltadanse.com\/es\/wp-json\/wp\/v2\/media\/1290"}],"wp:attachment":[{"href":"https:\/\/www.deltadanse.com\/es\/wp-json\/wp\/v2\/media?parent=6708"}],"wp:term":[{"taxonomy":"choregraphe","embeddable":true,"href":"https:\/\/www.deltadanse.com\/es\/wp-json\/wp\/v2\/choregraphe?post=6708"},{"taxonomy":"directeur-artistique","embeddable":true,"href":"https:\/\/www.deltadanse.com\/es\/wp-json\/wp\/v2\/directeur-artistique?post=6708"}],"curies":[{"name":"wp","href":"https:\/\/api.w.org\/{rel}","templated":true}]}}