{"id":6742,"date":"2022-10-20T16:36:54","date_gmt":"2022-10-20T14:36:54","guid":{"rendered":"https:\/\/www.deltadanse.com\/socios\/"},"modified":"2023-01-09T16:31:26","modified_gmt":"2023-01-09T15:31:26","slug":"socios","status":"publish","type":"page","link":"https:\/\/www.deltadanse.com\/es\/socios\/","title":{"rendered":"Socios"},"content":{"rendered":"<div class=\"wpb-content-wrapper\"><p>[vc_row unlock_row_content=\u00bbyes\u00bb row_height_percent=\u00bb0&#8243; override_padding=\u00bbyes\u00bb h_padding=\u00bb7&#8243; top_padding=\u00bb2&#8243; bottom_padding=\u00bb2&#8243; overlay_alpha=\u00bb50&#8243; gutter_size=\u00bb3&#8243; column_width_percent=\u00bb100&#8243; shift_y=\u00bb0&#8243; z_index=\u00bb0&#8243; uncode_shortcode_id=\u00bb347231&#8243;][vc_column column_width_percent=\u00bb100&#8243; position_horizontal=\u00bbleft\u00bb gutter_size=\u00bb3&#8243; overlay_alpha=\u00bb50&#8243; shift_x=\u00bb0&#8243; shift_y=\u00bb0&#8243; shift_y_down=\u00bb0&#8243; z_index=\u00bb0&#8243; medium_width=\u00bb0&#8243; mobile_width=\u00bb0&#8243; width=\u00bb1\/1&#8243; uncode_shortcode_id=\u00bb199250&#8243;][vc_row_inner][vc_column_inner column_width_percent=\u00bb100&#8243; gutter_size=\u00bb2&#8243; overlay_alpha=\u00bb50&#8243; shift_x=\u00bb0&#8243; shift_y=\u00bb0&#8243; shift_y_down=\u00bb0&#8243; z_index=\u00bb0&#8243; medium_width=\u00bb0&#8243; mobile_width=\u00bb0&#8243; width=\u00bb1\/1&#8243; uncode_shortcode_id=\u00bb727088&#8243;][vc_custom_heading text_color=\u00bbaccent\u00bb heading_semantic=\u00bbh1&#8243; text_size=\u00bbh1&#8243; uncode_shortcode_id=\u00bb940224&#8243; text_color_type=\u00bbuncode-palette\u00bb]Nuestros socios[\/vc_custom_heading][vc_empty_space empty_h=\u00bb2&#8243;][\/vc_column_inner][\/vc_row_inner][vc_custom_heading text_color=\u00bbaccent\u00bb uncode_shortcode_id=\u00bb142645&#8243; text_color_type=\u00bbuncode-palette\u00bb]Diversos socios[\/vc_custom_heading][vc_row_inner][vc_column_inner column_width_percent=\u00bb100&#8243; gutter_size=\u00bb3&#8243; back_color=\u00bbcolor-xsdn\u00bb overlay_alpha=\u00bb50&#8243; shift_x=\u00bb0&#8243; shift_y=\u00bb0&#8243; shift_y_down=\u00bb0&#8243; z_index=\u00bb0&#8243; medium_width=\u00bb0&#8243; mobile_width=\u00bb0&#8243; width=\u00bb1\/3&#8243; uncode_shortcode_id=\u00bb178176&#8243; back_color_type=\u00bbuncode-palette\u00bb][vc_custom_heading text_color=\u00bbaccent\u00bb text_size=\u00bbh3&#8243; text_weight=\u00bb500&#8243; uncode_shortcode_id=\u00bb496277&#8243; text_color_type=\u00bbuncode-palette\u00bb subheading=\u00bbGesti\u00f3n social y administrativa para la industria cultural y creativa.\u00bb]Trente-huit[\/vc_custom_heading][\/vc_column_inner][vc_column_inner column_width_percent=\u00bb100&#8243; gutter_size=\u00bb3&#8243; back_color=\u00bbcolor-xsdn\u00bb overlay_alpha=\u00bb50&#8243; shift_x=\u00bb0&#8243; shift_y=\u00bb0&#8243; shift_y_down=\u00bb0&#8243; z_index=\u00bb0&#8243; medium_width=\u00bb0&#8243; mobile_width=\u00bb0&#8243; width=\u00bb1\/3&#8243; uncode_shortcode_id=\u00bb290034&#8243; back_color_type=\u00bbuncode-palette\u00bb][vc_custom_heading text_color=\u00bbaccent\u00bb text_size=\u00bbh3&#8243; text_weight=\u00bb500&#8243; uncode_shortcode_id=\u00bb156702&#8243; text_color_type=\u00bbuncode-palette\u00bb subheading=\u00bbPlataforma profesional para la promoci\u00f3n de actuaciones en directo.\u00bb]Bob Booking[\/vc_custom_heading][\/vc_column_inner][vc_column_inner column_width_percent=\u00bb100&#8243; gutter_size=\u00bb3&#8243; back_color=\u00bbcolor-xsdn\u00bb overlay_alpha=\u00bb50&#8243; shift_x=\u00bb0&#8243; shift_y=\u00bb0&#8243; shift_y_down=\u00bb0&#8243; z_index=\u00bb0&#8243; medium_width=\u00bb0&#8243; mobile_width=\u00bb0&#8243; width=\u00bb1\/3&#8243; uncode_shortcode_id=\u00bb195630&#8243; back_color_type=\u00bbuncode-palette\u00bb][vc_custom_heading text_color=\u00bbaccent\u00bb text_size=\u00bbh3&#8243; text_weight=\u00bb500&#8243; uncode_shortcode_id=\u00bb924232&#8243; text_color_type=\u00bbuncode-palette\u00bb subheading=\u00bbLlevamos muchos a\u00f1os trabajando con la imprenta Charente.\u00bb]Imprimerie Valantin[\/vc_custom_heading][\/vc_column_inner][\/vc_row_inner][vc_row_inner][vc_column_inner column_width_percent=\u00bb100&#8243; gutter_size=\u00bb3&#8243; back_color=\u00bbcolor-xsdn\u00bb overlay_alpha=\u00bb50&#8243; shift_x=\u00bb0&#8243; shift_y=\u00bb0&#8243; shift_y_down=\u00bb0&#8243; z_index=\u00bb0&#8243; medium_width=\u00bb0&#8243; mobile_width=\u00bb0&#8243; width=\u00bb1\/3&#8243; uncode_shortcode_id=\u00bb178176&#8243; back_color_type=\u00bbuncode-palette\u00bb][vc_custom_heading text_color=\u00bbaccent\u00bb text_size=\u00bbh3&#8243; text_weight=\u00bb500&#8243; uncode_shortcode_id=\u00bb967814&#8243; text_color_type=\u00bbuncode-palette\u00bb subheading=\u00bbProveedor charentais de transporte de pasajeros para la organizaci\u00f3n de circuitos por Francia y Europa.\u00bb]Voyages de Maillard[\/vc_custom_heading][\/vc_column_inner][vc_column_inner column_width_percent=\u00bb100&#8243; gutter_size=\u00bb3&#8243; back_color=\u00bbcolor-xsdn\u00bb overlay_alpha=\u00bb50&#8243; shift_x=\u00bb0&#8243; shift_y=\u00bb0&#8243; shift_y_down=\u00bb0&#8243; z_index=\u00bb0&#8243; medium_width=\u00bb0&#8243; mobile_width=\u00bb0&#8243; width=\u00bb1\/3&#8243; uncode_shortcode_id=\u00bb290034&#8243; back_color_type=\u00bbuncode-palette\u00bb][vc_custom_heading text_color=\u00bbaccent\u00bb text_size=\u00bbh3&#8243; text_weight=\u00bb500&#8243; uncode_shortcode_id=\u00bb135544&#8243; text_color_type=\u00bbuncode-palette\u00bb subheading=\u00bbProveedor de transporte de conjuntos para la organizaci\u00f3n de viajes por Francia y Europa.\u00bb]Trucks at Work[\/vc_custom_heading][\/vc_column_inner][vc_column_inner column_width_percent=\u00bb100&#8243; gutter_size=\u00bb3&#8243; overlay_alpha=\u00bb50&#8243; shift_x=\u00bb0&#8243; shift_y=\u00bb0&#8243; shift_y_down=\u00bb0&#8243; z_index=\u00bb0&#8243; medium_width=\u00bb0&#8243; mobile_width=\u00bb0&#8243; width=\u00bb1\/3&#8243; uncode_shortcode_id=\u00bb343041&#8243;][\/vc_column_inner][\/vc_row_inner][vc_custom_heading text_color=\u00bbaccent\u00bb uncode_shortcode_id=\u00bb773187&#8243; text_color_type=\u00bbuncode-palette\u00bb]Patrocinio cultural[\/vc_custom_heading][vc_row_inner][vc_column_inner column_width_percent=\u00bb100&#8243; gutter_size=\u00bb3&#8243; back_color=\u00bbcolor-xsdn\u00bb overlay_alpha=\u00bb50&#8243; shift_x=\u00bb0&#8243; shift_y=\u00bb0&#8243; shift_y_down=\u00bb0&#8243; z_index=\u00bb0&#8243; medium_width=\u00bb0&#8243; mobile_width=\u00bb0&#8243; width=\u00bb1\/3&#8243; uncode_shortcode_id=\u00bb178176&#8243; back_color_type=\u00bbuncode-palette\u00bb][vc_custom_heading text_color=\u00bbaccent\u00bb text_size=\u00bbh3&#8243; text_weight=\u00bb500&#8243; uncode_shortcode_id=\u00bb132273&#8243; text_color_type=\u00bbuncode-palette\u00bb subheading=\u00bbMedios de comunicaci\u00f3n profesionales dedicados \u00edntegramente a la danza.\u00bb]Danser Canal Historique[\/vc_custom_heading][\/vc_column_inner][vc_column_inner column_width_percent=\u00bb100&#8243; gutter_size=\u00bb3&#8243; overlay_alpha=\u00bb50&#8243; shift_x=\u00bb0&#8243; shift_y=\u00bb0&#8243; shift_y_down=\u00bb0&#8243; z_index=\u00bb0&#8243; medium_width=\u00bb0&#8243; mobile_width=\u00bb0&#8243; width=\u00bb1\/3&#8243; uncode_shortcode_id=\u00bb726994&#8243;][\/vc_column_inner][vc_column_inner column_width_percent=\u00bb100&#8243; gutter_size=\u00bb3&#8243; overlay_alpha=\u00bb50&#8243; shift_x=\u00bb0&#8243; shift_y=\u00bb0&#8243; shift_y_down=\u00bb0&#8243; z_index=\u00bb0&#8243; medium_width=\u00bb0&#8243; mobile_width=\u00bb0&#8243; width=\u00bb1\/3&#8243; uncode_shortcode_id=\u00bb166045&#8243;][\/vc_column_inner][\/vc_row_inner][vc_custom_heading text_color=\u00bbaccent\u00bb uncode_shortcode_id=\u00bb269558&#8243; text_color_type=\u00bbuncode-palette\u00bb]Socios[\/vc_custom_heading][vc_row_inner][vc_column_inner column_width_percent=\u00bb100&#8243; gutter_size=\u00bb3&#8243; back_color=\u00bbcolor-xsdn\u00bb overlay_alpha=\u00bb50&#8243; shift_x=\u00bb0&#8243; shift_y=\u00bb0&#8243; shift_y_down=\u00bb0&#8243; z_index=\u00bb0&#8243; medium_width=\u00bb0&#8243; mobile_width=\u00bb0&#8243; width=\u00bb1\/3&#8243; uncode_shortcode_id=\u00bb178176&#8243; back_color_type=\u00bbuncode-palette\u00bb][vc_custom_heading text_color=\u00bbaccent\u00bb text_size=\u00bbh3&#8243; text_weight=\u00bb500&#8243; uncode_shortcode_id=\u00bb143484&#8243; text_color_type=\u00bbuncode-palette\u00bb subheading=\u00bbAgencia art\u00edstica canadiense especializada en danza que organiza giras por Norteam\u00e9rica.\u00bb]Belsher Arts Management[\/vc_custom_heading][\/vc_column_inner][vc_column_inner column_width_percent=\u00bb100&#8243; gutter_size=\u00bb3&#8243; back_color=\u00bbcolor-xsdn\u00bb overlay_alpha=\u00bb50&#8243; shift_x=\u00bb0&#8243; shift_y=\u00bb0&#8243; shift_y_down=\u00bb0&#8243; z_index=\u00bb0&#8243; medium_width=\u00bb0&#8243; mobile_width=\u00bb0&#8243; width=\u00bb1\/3&#8243; uncode_shortcode_id=\u00bb763520&#8243; back_color_type=\u00bbuncode-palette\u00bb][vc_custom_heading text_color=\u00bbaccent\u00bb text_size=\u00bbh3&#8243; text_weight=\u00bb500&#8243; uncode_shortcode_id=\u00bb186329&#8243; text_color_type=\u00bbuncode-palette\u00bb subheading=\u00bbAgencia art\u00edstica italiana que organiza viajes por Italia.\u00bb]International Music and Arts[\/vc_custom_heading][\/vc_column_inner][vc_column_inner column_width_percent=\u00bb100&#8243; gutter_size=\u00bb3&#8243; overlay_alpha=\u00bb50&#8243; shift_x=\u00bb0&#8243; shift_y=\u00bb0&#8243; shift_y_down=\u00bb0&#8243; z_index=\u00bb0&#8243; medium_width=\u00bb0&#8243; mobile_width=\u00bb0&#8243; width=\u00bb1\/3&#8243; uncode_shortcode_id=\u00bb166045&#8243;][\/vc_column_inner][\/vc_row_inner][vc_custom_heading text_color=\u00bbaccent\u00bb uncode_shortcode_id=\u00bb581450&#8243; text_color_type=\u00bbuncode-palette\u00bb]Ayudas[\/vc_custom_heading][vc_row_inner][vc_column_inner column_width_percent=\u00bb100&#8243; gutter_size=\u00bb3&#8243; back_color=\u00bbcolor-xsdn\u00bb overlay_alpha=\u00bb50&#8243; shift_x=\u00bb0&#8243; shift_y=\u00bb0&#8243; shift_y_down=\u00bb0&#8243; z_index=\u00bb0&#8243; medium_width=\u00bb0&#8243; mobile_width=\u00bb0&#8243; width=\u00bb1\/3&#8243; uncode_shortcode_id=\u00bb178176&#8243; back_color_type=\u00bbuncode-palette\u00bb][vc_custom_heading text_color=\u00bbaccent\u00bb text_size=\u00bbh3&#8243; text_weight=\u00bb500&#8243; uncode_shortcode_id=\u00bb318418&#8243; text_color_type=\u00bbuncode-palette\u00bb subheading=\u00bbOrganizaci\u00f3n cuyo objetivo es apoyar a autores, compositores, artistas y a los profesionales que los acompa\u00f1an para que puedan llegar a todos los p\u00fablicos, en Francia y a escala internacional.\u00bb]Centre national de la musique[\/vc_custom_heading][\/vc_column_inner][vc_column_inner column_width_percent=\u00bb100&#8243; gutter_size=\u00bb3&#8243; overlay_alpha=\u00bb50&#8243; shift_x=\u00bb0&#8243; shift_y=\u00bb0&#8243; shift_y_down=\u00bb0&#8243; z_index=\u00bb0&#8243; medium_width=\u00bb0&#8243; mobile_width=\u00bb0&#8243; width=\u00bb1\/3&#8243; uncode_shortcode_id=\u00bb726994&#8243;][\/vc_column_inner][vc_column_inner column_width_percent=\u00bb100&#8243; gutter_size=\u00bb3&#8243; overlay_alpha=\u00bb50&#8243; shift_x=\u00bb0&#8243; shift_y=\u00bb0&#8243; shift_y_down=\u00bb0&#8243; z_index=\u00bb0&#8243; medium_width=\u00bb0&#8243; mobile_width=\u00bb0&#8243; width=\u00bb1\/3&#8243; uncode_shortcode_id=\u00bb166045&#8243;][\/vc_column_inner][\/vc_row_inner][vc_empty_space empty_h=\u00bb4&#8243;][\/vc_column][\/vc_row][vc_row][vc_column width=\u00bb1\/1&#8243;][uncode_block id=\u00bb3542&#8243;][\/vc_column][\/vc_row]<\/p>\n<\/div>","protected":false},"excerpt":{"rendered":"<p>Descubra todos los socios de Delta Danse, desde la gesti\u00f3n social hasta el proveedor de transporte, los decorados, la agencia art\u00edstica&#8230;<\/p>\n","protected":false},"author":2,"featured_media":0,"parent":0,"menu_order":0,"comment_status":"closed","ping_status":"closed","template":"","meta":{"footnotes":""},"choregraphe":[],"directeur-artistique":[],"class_list":["post-6742","page","type-page","status-publish","hentry"],"yoast_head":"<!-- This site is optimized with the Yoast SEO plugin v27.4 - https:\/\/yoast.com\/product\/yoast-seo-wordpress\/ -->\n<title>Socios I Descubra todos los socios de Delta Danse<\/title>\n<meta name=\"description\" content=\"Socios: descubra todos los socios de Delta Danse, desde la gesti\u00f3n social hasta el proveedor de transporte, los decorados, la agencia art\u00edstica...\" \/>\n<meta name=\"robots\" content=\"index, follow, max-snippet:-1, max-image-preview:large, max-video-preview:-1\" \/>\n<link rel=\"canonical\" href=\"https:\/\/www.deltadanse.com\/es\/socios\/\" \/>\n<meta property=\"og:locale\" content=\"es_ES\" \/>\n<meta property=\"og:type\" content=\"article\" \/>\n<meta property=\"og:title\" content=\"Socios I Descubra todos los socios de Delta Danse\" \/>\n<meta property=\"og:description\" content=\"Socios: descubra todos los socios de Delta Danse, desde la gesti\u00f3n social hasta el proveedor de transporte, los decorados, la agencia art\u00edstica...\" \/>\n<meta property=\"og:url\" content=\"https:\/\/www.deltadanse.com\/es\/socios\/\" \/>\n<meta property=\"og:site_name\" content=\"Delta Danse\" \/>\n<meta property=\"article:modified_time\" content=\"2023-01-09T15:31:26+00:00\" \/>\n<meta name=\"twitter:card\" content=\"summary_large_image\" \/>\n<meta name=\"twitter:label1\" content=\"Tiempo de lectura\" \/>\n\t<meta name=\"twitter:data1\" content=\"6 minutos\" \/>\n<script type=\"application\/ld+json\" class=\"yoast-schema-graph\">{\"@context\":\"https:\\\/\\\/schema.org\",\"@graph\":[{\"@type\":\"WebPage\",\"@id\":\"https:\\\/\\\/www.deltadanse.com\\\/es\\\/socios\\\/\",\"url\":\"https:\\\/\\\/www.deltadanse.com\\\/es\\\/socios\\\/\",\"name\":\"Socios I Descubra todos los socios de Delta Danse\",\"isPartOf\":{\"@id\":\"https:\\\/\\\/www.deltadanse.com\\\/es\\\/#website\"},\"datePublished\":\"2022-10-20T14:36:54+00:00\",\"dateModified\":\"2023-01-09T15:31:26+00:00\",\"description\":\"Socios: descubra todos los socios de Delta Danse, desde la gesti\u00f3n social hasta el proveedor de transporte, los decorados, la agencia art\u00edstica...\",\"breadcrumb\":{\"@id\":\"https:\\\/\\\/www.deltadanse.com\\\/es\\\/socios\\\/#breadcrumb\"},\"inLanguage\":\"es\",\"potentialAction\":[{\"@type\":\"ReadAction\",\"target\":[\"https:\\\/\\\/www.deltadanse.com\\\/es\\\/socios\\\/\"]}]},{\"@type\":\"BreadcrumbList\",\"@id\":\"https:\\\/\\\/www.deltadanse.com\\\/es\\\/socios\\\/#breadcrumb\",\"itemListElement\":[{\"@type\":\"ListItem\",\"position\":1,\"name\":\"Accueil\",\"item\":\"https:\\\/\\\/www.deltadanse.com\\\/es\\\/\"},{\"@type\":\"ListItem\",\"position\":2,\"name\":\"Socios\"}]},{\"@type\":\"WebSite\",\"@id\":\"https:\\\/\\\/www.deltadanse.com\\\/es\\\/#website\",\"url\":\"https:\\\/\\\/www.deltadanse.com\\\/es\\\/\",\"name\":\"Delta Danse\",\"description\":\"Just another WordPress site\",\"potentialAction\":[{\"@type\":\"SearchAction\",\"target\":{\"@type\":\"EntryPoint\",\"urlTemplate\":\"https:\\\/\\\/www.deltadanse.com\\\/es\\\/?s={search_term_string}\"},\"query-input\":{\"@type\":\"PropertyValueSpecification\",\"valueRequired\":true,\"valueName\":\"search_term_string\"}}],\"inLanguage\":\"es\"}]}<\/script>\n<!-- \/ Yoast SEO plugin. -->","yoast_head_json":{"title":"Socios I Descubra todos los socios de Delta Danse","description":"Socios: descubra todos los socios de Delta Danse, desde la gesti\u00f3n social hasta el proveedor de transporte, los decorados, la agencia art\u00edstica...","robots":{"index":"index","follow":"follow","max-snippet":"max-snippet:-1","max-image-preview":"max-image-preview:large","max-video-preview":"max-video-preview:-1"},"canonical":"https:\/\/www.deltadanse.com\/es\/socios\/","og_locale":"es_ES","og_type":"article","og_title":"Socios I Descubra todos los socios de Delta Danse","og_description":"Socios: descubra todos los socios de Delta Danse, desde la gesti\u00f3n social hasta el proveedor de transporte, los decorados, la agencia art\u00edstica...","og_url":"https:\/\/www.deltadanse.com\/es\/socios\/","og_site_name":"Delta Danse","article_modified_time":"2023-01-09T15:31:26+00:00","twitter_card":"summary_large_image","twitter_misc":{"Tiempo de lectura":"6 minutos"},"schema":{"@context":"https:\/\/schema.org","@graph":[{"@type":"WebPage","@id":"https:\/\/www.deltadanse.com\/es\/socios\/","url":"https:\/\/www.deltadanse.com\/es\/socios\/","name":"Socios I Descubra todos los socios de Delta Danse","isPartOf":{"@id":"https:\/\/www.deltadanse.com\/es\/#website"},"datePublished":"2022-10-20T14:36:54+00:00","dateModified":"2023-01-09T15:31:26+00:00","description":"Socios: descubra todos los socios de Delta Danse, desde la gesti\u00f3n social hasta el proveedor de transporte, los decorados, la agencia art\u00edstica...","breadcrumb":{"@id":"https:\/\/www.deltadanse.com\/es\/socios\/#breadcrumb"},"inLanguage":"es","potentialAction":[{"@type":"ReadAction","target":["https:\/\/www.deltadanse.com\/es\/socios\/"]}]},{"@type":"BreadcrumbList","@id":"https:\/\/www.deltadanse.com\/es\/socios\/#breadcrumb","itemListElement":[{"@type":"ListItem","position":1,"name":"Accueil","item":"https:\/\/www.deltadanse.com\/es\/"},{"@type":"ListItem","position":2,"name":"Socios"}]},{"@type":"WebSite","@id":"https:\/\/www.deltadanse.com\/es\/#website","url":"https:\/\/www.deltadanse.com\/es\/","name":"Delta Danse","description":"Just another WordPress site","potentialAction":[{"@type":"SearchAction","target":{"@type":"EntryPoint","urlTemplate":"https:\/\/www.deltadanse.com\/es\/?s={search_term_string}"},"query-input":{"@type":"PropertyValueSpecification","valueRequired":true,"valueName":"search_term_string"}}],"inLanguage":"es"}]}},"_links":{"self":[{"href":"https:\/\/www.deltadanse.com\/es\/wp-json\/wp\/v2\/pages\/6742","targetHints":{"allow":["GET"]}}],"collection":[{"href":"https:\/\/www.deltadanse.com\/es\/wp-json\/wp\/v2\/pages"}],"about":[{"href":"https:\/\/www.deltadanse.com\/es\/wp-json\/wp\/v2\/types\/page"}],"author":[{"embeddable":true,"href":"https:\/\/www.deltadanse.com\/es\/wp-json\/wp\/v2\/users\/2"}],"replies":[{"embeddable":true,"href":"https:\/\/www.deltadanse.com\/es\/wp-json\/wp\/v2\/comments?post=6742"}],"version-history":[{"count":0,"href":"https:\/\/www.deltadanse.com\/es\/wp-json\/wp\/v2\/pages\/6742\/revisions"}],"wp:attachment":[{"href":"https:\/\/www.deltadanse.com\/es\/wp-json\/wp\/v2\/media?parent=6742"}],"wp:term":[{"taxonomy":"choregraphe","embeddable":true,"href":"https:\/\/www.deltadanse.com\/es\/wp-json\/wp\/v2\/choregraphe?post=6742"},{"taxonomy":"directeur-artistique","embeddable":true,"href":"https:\/\/www.deltadanse.com\/es\/wp-json\/wp\/v2\/directeur-artistique?post=6742"}],"curies":[{"name":"wp","href":"https:\/\/api.w.org\/{rel}","templated":true}]}}