{"id":6758,"date":"2022-09-05T16:23:54","date_gmt":"2022-09-05T14:23:54","guid":{"rendered":"https:\/\/www.deltadanse.com\/?page_id=6758"},"modified":"2024-10-11T11:06:04","modified_gmt":"2024-10-11T09:06:04","slug":"companias-delta-danse","status":"publish","type":"page","link":"https:\/\/www.deltadanse.com\/es\/companias-delta-danse\/","title":{"rendered":"Compa\u00f1\u00edas"},"content":{"rendered":"<div class=\"wpb-content-wrapper\"><p>[vc_row row_height_percent=\u00bb0&#8243; overlay_alpha=\u00bb50&#8243; gutter_size=\u00bb3&#8243; column_width_percent=\u00bb100&#8243; shift_y=\u00bb0&#8243; z_index=\u00bb0&#8243; uncode_shortcode_id=\u00bb607236&#8243;][vc_column column_width_percent=\u00bb100&#8243; align_horizontal=\u00bbalign_center\u00bb gutter_size=\u00bb3&#8243; overlay_alpha=\u00bb50&#8243; shift_x=\u00bb0&#8243; shift_y=\u00bb0&#8243; shift_y_down=\u00bb0&#8243; z_index=\u00bb0&#8243; medium_width=\u00bb0&#8243; mobile_width=\u00bb0&#8243; width=\u00bb1\/1&#8243; uncode_shortcode_id=\u00bb853687&#8243;][vc_custom_heading text_color=\u00bbcolor-208281&#8243; heading_semantic=\u00bbh1&#8243; text_size=\u00bbfontsize-839900&#8243; uncode_shortcode_id=\u00bb730553&#8243; text_color_type=\u00bbuncode-palette\u00bb]Compa\u00f1\u00edas[\/vc_custom_heading][\/vc_column][\/vc_row][vc_row row_height_percent=\u00bb0&#8243; overlay_alpha=\u00bb50&#8243; gutter_size=\u00bb3&#8243; column_width_percent=\u00bb100&#8243; shift_y=\u00bb0&#8243; z_index=\u00bb9&#8243; uncode_shortcode_id=\u00bb157571&#8243; el_class=\u00bbmt-neg-compagnie\u00bb][vc_column column_width_percent=\u00bb100&#8243; align_horizontal=\u00bbalign_center\u00bb gutter_size=\u00bb3&#8243; overlay_alpha=\u00bb50&#8243; shift_x=\u00bb0&#8243; shift_y=\u00bb-1&#8243; shift_y_down=\u00bb0&#8243; z_index=\u00bb0&#8243; medium_width=\u00bb0&#8243; mobile_width=\u00bb0&#8243; width=\u00bb1\/1&#8243; uncode_shortcode_id=\u00bb421728&#8243;][uncode_index el_id=\u00bbindex-537495863&#8243; isotope_mode=\u00bbfitRows\u00bb loop=\u00bbsize:All|order_by:title|order:ASC|post_type:page|tax_query:186|taxonomy_count:10&#8243; screen_lg=\u00bb1000&#8243; screen_md=\u00bb600&#8243; screen_sm=\u00bb480&#8243; gutter_size=\u00bb3&#8243; post_items=\u00bbmedia|featured|onpost|poster,date,title,text|excerpt|90,category|bordered|topright|hide-icon,sep-one|full,extra\u00bb page_items=\u00bbmedia|featured|onpost|original,title,text|excerpt|110,link|link|default_size|Descubre\u00bb images_size=\u00bbthree-two\u00bb single_back_color=\u00bbcolor-xsdn\u00bb single_overlay_opacity=\u00bb50&#8243; single_text_visible=\u00bbyes\u00bb single_text_anim=\u00bbno\u00bb single_padding=\u00bb2&#8243; single_title_semantic=\u00bbh2&#8243; single_title_dimension=\u00bbh4&#8243; single_title_weight=\u00bb500&#8243; single_border=\u00bbyes\u00bb uncode_shortcode_id=\u00bb133548&#8243;][\/vc_column][\/vc_row][vc_row unlock_row_content=\u00bbyes\u00bb row_height_percent=\u00bb0&#8243; override_padding=\u00bbyes\u00bb h_padding=\u00bb5&#8243; top_padding=\u00bb2&#8243; bottom_padding=\u00bb2&#8243; overlay_alpha=\u00bb50&#8243; gutter_size=\u00bb3&#8243; column_width_percent=\u00bb100&#8243; shift_y=\u00bb0&#8243; z_index=\u00bb0&#8243; uncode_shortcode_id=\u00bb540648&#8243; el_class=\u00bbbg-d-accueil-calendrier\u00bb][vc_column column_width_percent=\u00bb100&#8243; gutter_size=\u00bb3&#8243; overlay_alpha=\u00bb50&#8243; shift_x=\u00bb0&#8243; shift_y=\u00bb0&#8243; shift_y_down=\u00bb0&#8243; z_index=\u00bb4&#8243; medium_width=\u00bb0&#8243; mobile_width=\u00bb0&#8243; width=\u00bb5\/12&#8243; uncode_shortcode_id=\u00bb572142&#8243;][vc_single_image media=\u00bb4292&#8243; media_width_percent=\u00bb100&#8243; uncode_shortcode_id=\u00bb267758&#8243;][\/vc_column][vc_column column_width_percent=\u00bb100&#8243; position_vertical=\u00bbmiddle\u00bb gutter_size=\u00bb1&#8243; style=\u00bblight\u00bb overlay_alpha=\u00bb50&#8243; shift_x=\u00bb0&#8243; shift_y=\u00bb0&#8243; shift_y_down=\u00bb0&#8243; z_index=\u00bb0&#8243; medium_width=\u00bb0&#8243; mobile_width=\u00bb0&#8243; width=\u00bb7\/12&#8243; uncode_shortcode_id=\u00bb720110&#8243;][vc_row_inner limit_content=\u00bb\u00bb][vc_column_inner column_width_percent=\u00bb100&#8243; gutter_size=\u00bb3&#8243; style=\u00bblight\u00bb overlay_alpha=\u00bb50&#8243; shift_x=\u00bb-5&#8243; shift_y=\u00bb0&#8243; shift_y_down=\u00bb0&#8243; z_index=\u00bb0&#8243; medium_width=\u00bb0&#8243; mobile_width=\u00bb0&#8243; width=\u00bb1\/1&#8243; uncode_shortcode_id=\u00bb118964&#8243;][vc_custom_heading text_color=\u00bbcolor-190155&#8243; text_size=\u00bbfontsize-183938&#8243; uncode_shortcode_id=\u00bb336959&#8243; text_color_type=\u00bbuncode-palette\u00bb]Calendario[\/vc_custom_heading][\/vc_column_inner][\/vc_row_inner][vc_row_inner limit_content=\u00bb\u00bb][vc_column_inner column_width_percent=\u00bb100&#8243; gutter_size=\u00bb2&#8243; style=\u00bblight\u00bb overlay_alpha=\u00bb50&#8243; shift_x=\u00bb0&#8243; shift_y=\u00bb0&#8243; shift_y_down=\u00bb0&#8243; z_index=\u00bb0&#8243; medium_width=\u00bb0&#8243; mobile_width=\u00bb0&#8243; width=\u00bb1\/2&#8243; uncode_shortcode_id=\u00bb122628&#8243;][vc_column_text uncode_shortcode_id=\u00bb103715&#8243; el_class=\u00bblineHeight\u00bb]Encuentre todas las fechas de las giras de las compa\u00f1\u00edas representadas por Delta Danse.[\/vc_column_text][vc_button size=\u00bbbtn-link\u00bb icon=\u00bbfa fa-arrow-right-circle\u00bb uncode_shortcode_id=\u00bb949874&#8243;]Descubre[\/vc_button][\/vc_column_inner][vc_column_inner width=\u00bb1\/2&#8243;][\/vc_column_inner][\/vc_row_inner][\/vc_column][\/vc_row][vc_row][vc_column width=\u00bb1\/1&#8243;][vc_empty_space empty_h=\u00bb4&#8243;][\/vc_column][\/vc_row][vc_row][vc_column width=\u00bb1\/1&#8243;][uncode_block id=\u00bb3542&#8243;][\/vc_column][\/vc_row]<\/p>\n<\/div>","protected":false},"excerpt":{"rendered":"<p>Encuentre todas las compa\u00f1\u00edas representadas por Delta Danse.<\/p>\n","protected":false},"author":8,"featured_media":0,"parent":0,"menu_order":0,"comment_status":"closed","ping_status":"closed","template":"","meta":{"footnotes":""},"choregraphe":[],"directeur-artistique":[],"class_list":["post-6758","page","type-page","status-publish","hentry"],"yoast_head":"<!-- This site is optimized with the Yoast SEO plugin v27.4 - https:\/\/yoast.com\/product\/yoast-seo-wordpress\/ -->\n<title>Compa\u00f1\u00edas Delta Danse | Todas las compa\u00f1\u00edas representadas<\/title>\n<meta name=\"description\" content=\"Compa\u00f1\u00edas Delta Danse: Encuentre todas las compa\u00f1\u00edas representadas por Delta Danse: Alonzo King LINES Ballet, Aterballetto...\" \/>\n<meta name=\"robots\" content=\"index, follow, max-snippet:-1, max-image-preview:large, max-video-preview:-1\" \/>\n<link rel=\"canonical\" href=\"https:\/\/www.deltadanse.com\/es\/companias-delta-danse\/\" \/>\n<meta property=\"og:locale\" content=\"es_ES\" \/>\n<meta property=\"og:type\" content=\"article\" \/>\n<meta property=\"og:title\" content=\"Compa\u00f1\u00edas Delta Danse | Todas las compa\u00f1\u00edas representadas\" \/>\n<meta property=\"og:description\" content=\"Compa\u00f1\u00edas Delta Danse: Encuentre todas las compa\u00f1\u00edas representadas por Delta Danse: Alonzo King LINES Ballet, Aterballetto...\" \/>\n<meta property=\"og:url\" content=\"https:\/\/www.deltadanse.com\/es\/companias-delta-danse\/\" \/>\n<meta property=\"og:site_name\" content=\"Delta Danse\" \/>\n<meta property=\"article:modified_time\" content=\"2024-10-11T09:06:04+00:00\" \/>\n<meta name=\"twitter:card\" content=\"summary_large_image\" \/>\n<meta name=\"twitter:label1\" content=\"Tiempo de lectura\" \/>\n\t<meta name=\"twitter:data1\" content=\"1 minuto\" \/>\n<script type=\"application\/ld+json\" class=\"yoast-schema-graph\">{\"@context\":\"https:\\\/\\\/schema.org\",\"@graph\":[{\"@type\":\"WebPage\",\"@id\":\"https:\\\/\\\/www.deltadanse.com\\\/es\\\/companias-delta-danse\\\/\",\"url\":\"https:\\\/\\\/www.deltadanse.com\\\/es\\\/companias-delta-danse\\\/\",\"name\":\"Compa\u00f1\u00edas Delta Danse | Todas las compa\u00f1\u00edas representadas\",\"isPartOf\":{\"@id\":\"https:\\\/\\\/www.deltadanse.com\\\/es\\\/#website\"},\"datePublished\":\"2022-09-05T14:23:54+00:00\",\"dateModified\":\"2024-10-11T09:06:04+00:00\",\"description\":\"Compa\u00f1\u00edas Delta Danse: Encuentre todas las compa\u00f1\u00edas representadas por Delta Danse: Alonzo King LINES Ballet, Aterballetto...\",\"breadcrumb\":{\"@id\":\"https:\\\/\\\/www.deltadanse.com\\\/es\\\/companias-delta-danse\\\/#breadcrumb\"},\"inLanguage\":\"es\",\"potentialAction\":[{\"@type\":\"ReadAction\",\"target\":[\"https:\\\/\\\/www.deltadanse.com\\\/es\\\/companias-delta-danse\\\/\"]}]},{\"@type\":\"BreadcrumbList\",\"@id\":\"https:\\\/\\\/www.deltadanse.com\\\/es\\\/companias-delta-danse\\\/#breadcrumb\",\"itemListElement\":[{\"@type\":\"ListItem\",\"position\":1,\"name\":\"Accueil\",\"item\":\"https:\\\/\\\/www.deltadanse.com\\\/es\\\/\"},{\"@type\":\"ListItem\",\"position\":2,\"name\":\"Compa\u00f1\u00edas\"}]},{\"@type\":\"WebSite\",\"@id\":\"https:\\\/\\\/www.deltadanse.com\\\/es\\\/#website\",\"url\":\"https:\\\/\\\/www.deltadanse.com\\\/es\\\/\",\"name\":\"Delta Danse\",\"description\":\"Just another WordPress site\",\"potentialAction\":[{\"@type\":\"SearchAction\",\"target\":{\"@type\":\"EntryPoint\",\"urlTemplate\":\"https:\\\/\\\/www.deltadanse.com\\\/es\\\/?s={search_term_string}\"},\"query-input\":{\"@type\":\"PropertyValueSpecification\",\"valueRequired\":true,\"valueName\":\"search_term_string\"}}],\"inLanguage\":\"es\"}]}<\/script>\n<!-- \/ Yoast SEO plugin. -->","yoast_head_json":{"title":"Compa\u00f1\u00edas Delta Danse | Todas las compa\u00f1\u00edas representadas","description":"Compa\u00f1\u00edas Delta Danse: Encuentre todas las compa\u00f1\u00edas representadas por Delta Danse: Alonzo King LINES Ballet, Aterballetto...","robots":{"index":"index","follow":"follow","max-snippet":"max-snippet:-1","max-image-preview":"max-image-preview:large","max-video-preview":"max-video-preview:-1"},"canonical":"https:\/\/www.deltadanse.com\/es\/companias-delta-danse\/","og_locale":"es_ES","og_type":"article","og_title":"Compa\u00f1\u00edas Delta Danse | Todas las compa\u00f1\u00edas representadas","og_description":"Compa\u00f1\u00edas Delta Danse: Encuentre todas las compa\u00f1\u00edas representadas por Delta Danse: Alonzo King LINES Ballet, Aterballetto...","og_url":"https:\/\/www.deltadanse.com\/es\/companias-delta-danse\/","og_site_name":"Delta Danse","article_modified_time":"2024-10-11T09:06:04+00:00","twitter_card":"summary_large_image","twitter_misc":{"Tiempo de lectura":"1 minuto"},"schema":{"@context":"https:\/\/schema.org","@graph":[{"@type":"WebPage","@id":"https:\/\/www.deltadanse.com\/es\/companias-delta-danse\/","url":"https:\/\/www.deltadanse.com\/es\/companias-delta-danse\/","name":"Compa\u00f1\u00edas Delta Danse | Todas las compa\u00f1\u00edas representadas","isPartOf":{"@id":"https:\/\/www.deltadanse.com\/es\/#website"},"datePublished":"2022-09-05T14:23:54+00:00","dateModified":"2024-10-11T09:06:04+00:00","description":"Compa\u00f1\u00edas Delta Danse: Encuentre todas las compa\u00f1\u00edas representadas por Delta Danse: Alonzo King LINES Ballet, Aterballetto...","breadcrumb":{"@id":"https:\/\/www.deltadanse.com\/es\/companias-delta-danse\/#breadcrumb"},"inLanguage":"es","potentialAction":[{"@type":"ReadAction","target":["https:\/\/www.deltadanse.com\/es\/companias-delta-danse\/"]}]},{"@type":"BreadcrumbList","@id":"https:\/\/www.deltadanse.com\/es\/companias-delta-danse\/#breadcrumb","itemListElement":[{"@type":"ListItem","position":1,"name":"Accueil","item":"https:\/\/www.deltadanse.com\/es\/"},{"@type":"ListItem","position":2,"name":"Compa\u00f1\u00edas"}]},{"@type":"WebSite","@id":"https:\/\/www.deltadanse.com\/es\/#website","url":"https:\/\/www.deltadanse.com\/es\/","name":"Delta Danse","description":"Just another WordPress site","potentialAction":[{"@type":"SearchAction","target":{"@type":"EntryPoint","urlTemplate":"https:\/\/www.deltadanse.com\/es\/?s={search_term_string}"},"query-input":{"@type":"PropertyValueSpecification","valueRequired":true,"valueName":"search_term_string"}}],"inLanguage":"es"}]}},"_links":{"self":[{"href":"https:\/\/www.deltadanse.com\/es\/wp-json\/wp\/v2\/pages\/6758","targetHints":{"allow":["GET"]}}],"collection":[{"href":"https:\/\/www.deltadanse.com\/es\/wp-json\/wp\/v2\/pages"}],"about":[{"href":"https:\/\/www.deltadanse.com\/es\/wp-json\/wp\/v2\/types\/page"}],"author":[{"embeddable":true,"href":"https:\/\/www.deltadanse.com\/es\/wp-json\/wp\/v2\/users\/8"}],"replies":[{"embeddable":true,"href":"https:\/\/www.deltadanse.com\/es\/wp-json\/wp\/v2\/comments?post=6758"}],"version-history":[{"count":0,"href":"https:\/\/www.deltadanse.com\/es\/wp-json\/wp\/v2\/pages\/6758\/revisions"}],"wp:attachment":[{"href":"https:\/\/www.deltadanse.com\/es\/wp-json\/wp\/v2\/media?parent=6758"}],"wp:term":[{"taxonomy":"choregraphe","embeddable":true,"href":"https:\/\/www.deltadanse.com\/es\/wp-json\/wp\/v2\/choregraphe?post=6758"},{"taxonomy":"directeur-artistique","embeddable":true,"href":"https:\/\/www.deltadanse.com\/es\/wp-json\/wp\/v2\/directeur-artistique?post=6758"}],"curies":[{"name":"wp","href":"https:\/\/api.w.org\/{rel}","templated":true}]}}