{"id":7647,"date":"2023-07-03T12:11:23","date_gmt":"2023-07-03T10:11:23","guid":{"rendered":"https:\/\/www.deltadanse.com\/?page_id=7647"},"modified":"2026-04-15T11:37:46","modified_gmt":"2026-04-15T09:37:46","slug":"dive","status":"publish","type":"page","link":"https:\/\/www.deltadanse.com\/es\/repertorio\/dive\/","title":{"rendered":"Dive"},"content":{"rendered":"<div class=\"wpb-content-wrapper\"><p>[vc_row unlock_row_content=\u00bbyes\u00bb row_height_percent=\u00bb0&#8243; override_padding=\u00bbyes\u00bb h_padding=\u00bb7&#8243; top_padding=\u00bb2&#8243; bottom_padding=\u00bb2&#8243; overlay_alpha=\u00bb50&#8243; gutter_size=\u00bb3&#8243; column_width_percent=\u00bb100&#8243; shift_y=\u00bb0&#8243; z_index=\u00bb0&#8243; uncode_shortcode_id=\u00bb347231&#8243;][vc_column column_width_percent=\u00bb100&#8243; align_horizontal=\u00bbalign_center\u00bb gutter_size=\u00bb2&#8243; overlay_alpha=\u00bb50&#8243; shift_x=\u00bb0&#8243; shift_y=\u00bb0&#8243; shift_y_down=\u00bb0&#8243; z_index=\u00bb0&#8243; medium_width=\u00bb0&#8243; mobile_width=\u00bb0&#8243; width=\u00bb7\/12&#8243; uncode_shortcode_id=\u00bb850447&#8243;][vc_row_inner row_inner_height_percent=\u00bb0&#8243; overlay_alpha=\u00bb50&#8243; gutter_size=\u00bb3&#8243; shift_y=\u00bb0&#8243; z_index=\u00bb0&#8243; uncode_shortcode_id=\u00bb100565&#8243; limit_content=\u00bb\u00bb][vc_column_inner column_width_percent=\u00bb100&#8243; gutter_size=\u00bb3&#8243; overlay_alpha=\u00bb50&#8243; shift_x=\u00bb0&#8243; shift_y=\u00bb0&#8243; shift_y_down=\u00bb0&#8243; z_index=\u00bb0&#8243; medium_width=\u00bb0&#8243; mobile_width=\u00bb0&#8243; width=\u00bb1\/1&#8243; uncode_shortcode_id=\u00bb109405&#8243;][vc_gallery el_id=\u00bbgallery-191160&#8243; type=\u00bbcarousel\u00bb medias=\u00bb9774,13097,13098,13099&#8243; carousel_lg=\u00bb1&#8243; carousel_md=\u00bb1&#8243; carousel_sm=\u00bb1&#8243; thumb_size=\u00bbthree-two\u00bb gutter_size=\u00bb3&#8243; media_items=\u00bbmedia|nolink|original,icon\u00bb carousel_interval=\u00bb3000&#8243; carousel_navspeed=\u00bb400&#8243; stage_padding=\u00bb0&#8243; single_overlay_opacity=\u00bb50&#8243; single_padding=\u00bb2&#8243; uncode_shortcode_id=\u00bb386729&#8243; el_class=\u00bbcarrousel-compagnie\u00bb][vc_empty_space empty_h=\u00bb2&#8243; medium_visibility=\u00bbyes\u00bb mobile_visibility=\u00bbyes\u00bb][\/vc_column_inner][\/vc_row_inner][vc_row_inner limit_content=\u00bb\u00bb][vc_column_inner width=\u00bb1\/6&#8243;][\/vc_column_inner][vc_column_inner column_width_percent=\u00bb100&#8243; gutter_size=\u00bb2&#8243; overlay_alpha=\u00bb50&#8243; shift_x=\u00bb0&#8243; shift_y=\u00bb0&#8243; shift_y_down=\u00bb0&#8243; z_index=\u00bb0&#8243; medium_width=\u00bb0&#8243; mobile_width=\u00bb0&#8243; width=\u00bb2\/3&#8243; uncode_shortcode_id=\u00bb131462&#8243;][calendar_season style=\u00bbrepertoire\u00bb repertoire=\u00bb8878&#8243;][\/vc_column_inner][vc_column_inner width=\u00bb1\/6&#8243;][\/vc_column_inner][\/vc_row_inner][\/vc_column][vc_column column_width_percent=\u00bb100&#8243; gutter_size=\u00bb2&#8243; override_padding=\u00bbyes\u00bb column_padding=\u00bb3&#8243; overlay_alpha=\u00bb50&#8243; shift_x=\u00bb0&#8243; shift_y=\u00bb0&#8243; shift_y_down=\u00bb0&#8243; z_index=\u00bb0&#8243; medium_width=\u00bb0&#8243; mobile_width=\u00bb0&#8243; width=\u00bb5\/12&#8243; uncode_shortcode_id=\u00bb126772&#8243; el_class=\u00bbcontenu-compagnie\u00bb][vc_row_inner limit_content=\u00bb\u00bb][vc_column_inner column_width_percent=\u00bb100&#8243; gutter_size=\u00bb2&#8243; overlay_alpha=\u00bb50&#8243; shift_x=\u00bb0&#8243; shift_y=\u00bb0&#8243; shift_y_down=\u00bb0&#8243; z_index=\u00bb0&#8243; medium_width=\u00bb0&#8243; mobile_width=\u00bb0&#8243; width=\u00bb1\/1&#8243; uncode_shortcode_id=\u00bb727088&#8243;][vc_custom_heading text_color=\u00bbaccent\u00bb heading_semantic=\u00bbh1&#8243; uncode_shortcode_id=\u00bb912437&#8243; text_color_type=\u00bbuncode-palette\u00bb]Dive[\/vc_custom_heading][vc_custom_heading text_size=\u00bbh4&#8243; text_weight=\u00bb600&#8243; uncode_shortcode_id=\u00bb138415&#8243;]<a href=\"https:\/\/www.deltadanse.com\/es\/companias-delta-danse\/beaver-dam-company\/\">Beaver Dam Company<\/a>[\/vc_custom_heading][vc_column_text uncode_shortcode_id=\u00bb101415&#8243;]Coreograf\u00eda <strong>Edouard Hue<\/strong><br \/>\nM\u00fasica<strong> Jonathan Soucasse<\/strong><br \/>\nVestuario <strong>Sigol\u00e8ne P\u00e9tey<\/strong><br \/>\nIluminaci\u00f3n <strong>Arnaud Viala<\/strong><br \/>\nAsesoramiento dramat\u00fargico <strong>Hugo Roux <\/strong><\/p>\n<p>Creaci\u00f3n en 2023 Duraci\u00f3n: 60 min[\/vc_column_text][vc_empty_space empty_h=\u00bb2&#8243;][vc_column_text uncode_shortcode_id=\u00bb179697&#8243;]<\/p>\n<div style=\"padding: 56.25% 0 0 0; position: relative;\"><iframe style=\"position: absolute; top: 0; left: 0; width: 100%; height: 100%;\" title=\"Beaver Dam Company - Dive\" src=\"https:\/\/player.vimeo.com\/video\/891406938?badge=0&amp;autopause=0&amp;player_id=0&amp;app_id=58479\" frameborder=\"0\" allowfullscreen=\"allowfullscreen\"><br \/>\n<\/iframe><\/div>\n<p><script src=\"https:\/\/player.vimeo.com\/api\/player.js\"><\/script>[\/vc_column_text][\/vc_column_inner][\/vc_row_inner][vc_column_text uncode_shortcode_id=\u00bb148199&#8243; el_class=\u00bblineHeight\u00bb]<\/p>\n<p data-start=\"181\" data-end=\"326\"><em data-start=\"181\" data-end=\"187\">Dive<\/em> sumerge el escenario en una ola coreogr\u00e1fica que encuentra su origen en el instinto del core\u00f3grafo y de los int\u00e9rpretes de la pieza.<\/p>\n<p data-start=\"328\" data-end=\"818\">Esta nueva creaci\u00f3n de Edouard Hue es una profunda exploraci\u00f3n de los or\u00edgenes de la intuici\u00f3n, su catalizador y su influencia en nuestras decisiones. Los int\u00e9rpretes se encuentran en un cuestionamiento visceral y constante sobre la existencia del ser, lo que magnifica coreograf\u00edas crudas y virtuosas. El core\u00f3grafo aprovecha este tema \u00edntimo, casi autobiogr\u00e1fico, para abrir su proceso creativo al p\u00fablico en escena y hacerlo sumergirse a\u00fan m\u00e1s en el universo de la pieza.<\/p>\n<p data-start=\"820\" data-end=\"1062\">Tras diversos proyectos independientes, con <em data-start=\"864\" data-end=\"870\">Dive<\/em>, Edouard Hue regresa junto a su Beaver Dam Company a su escritura coreogr\u00e1fica original, transportando poderosamente al p\u00fablico de una emoci\u00f3n a otra en un capullo de suave intimidad.<\/p>\n<p>[\/vc_column_text][vc_empty_space empty_h=\u00bb2&#8243;][vc_custom_heading text_color=\u00bbaccent\u00bb uncode_shortcode_id=\u00bb623087&#8243; text_color_type=\u00bbuncode-palette\u00bb]Lo que dice la prensa[\/vc_custom_heading][vc_column_text uncode_shortcode_id=\u00bb202370&#8243; el_class=\u00bblineHeight\u00bb]<\/p>\n<p data-start=\"1064\" data-end=\"1185\">\u00ab[\u2026] esta pieza te lleva a la profunda cadencia de un delicioso placer del movimiento\u00bb.<br data-start=\"1153\" data-end=\"1156\" \/><strong>Rosita Boisseau, <em data-start=\"1173\" data-end=\"1183\">Le Monde<\/em><\/strong><\/p>\n<p>[\/vc_column_text][vc_column_text uncode_shortcode_id=\u00bb160435&#8243; el_class=\u00bblineHeight\u00bb]<\/p>\n<p data-start=\"1187\" data-end=\"1309\">\u00ab[\u2026] una coreograf\u00eda magistral que confirma la estatura excepcional de Edouard\u00bb.<br data-start=\"1269\" data-end=\"1272\" \/><strong>Elisabeth Feller, <em data-start=\"1290\" data-end=\"1307\">Argauer Zeitung<\/em><\/strong><\/p>\n<p>[\/vc_column_text][vc_column_text uncode_shortcode_id=\u00bb123388&#8243; el_class=\u00bblineHeight\u00bb]<\/p>\n<p data-start=\"1311\" data-end=\"1440\">\u00ab[\u2026] un sue\u00f1o despierto. \u00a1Un momento suspendido, dulce de compartir!\u00bb<br data-start=\"1382\" data-end=\"1385\" \/><strong>Olivier Fr\u00e9gaville-Gratian d\u2019Amore, <em data-start=\"1421\" data-end=\"1438\">L\u2019\u0153il d\u2019Olivier<\/em><\/strong><\/p>\n<p>[\/vc_column_text][vc_column_text uncode_shortcode_id=\u00bb126937&#8243; el_class=\u00bblineHeight\u00bb]<\/p>\n<p data-start=\"1311\" data-end=\"1440\">\u00abUna hora de espect\u00e1culo, una hora demasiado corta, \u00a1queremos m\u00e1s!\u00bb<br data-start=\"1509\" data-end=\"1512\" \/><strong>Laurence Caron, <em data-start=\"1528\" data-end=\"1552\">Ce qui est remarquable<\/em><\/strong><\/p>\n<p>[\/vc_column_text][vc_empty_space empty_h=\u00bb2&#8243;][vc_column_text uncode_shortcode_id=\u00bb197546&#8243; el_class=\u00bblineHeight\u00bb]<span style=\"color: #8f272a;\">Coproducciones Kurtheater-Baden, Salle du Lignon-Vernier, Equilibre-Nuithonie-Fribourg, OCA-Bonneville, Fondo de programadores de Reso \u2013 Red de Danza Suiza, con el apoyo de Pro Helvetia \u2013 Fundaci\u00f3n Suiza para la Cultura<br \/>\nSocio de cooperaci\u00f3n Residenzzentrum tanz+ Baden<br \/>\nResidencias Tanzhaus-Z\u00farich, Kurtheater-Baden, Residenzzentrum tanz+ Baden, L\u2019Imprimerie-Gen\u00e8ve<br \/>\nApoyos Loter\u00eda Romanda, Ciudad de Ginebra, Ciudad de Vernier, Pro Helvetia \u2013 Fundaci\u00f3n Suiza para la Cultura, Swisslos \u2013 Cant\u00f3n de Argovia, Porcentaje cultural Migros, Ciudad de Annecy, Consejo Departamental de Alta Saboya.<\/span>[\/vc_column_text][\/vc_column][\/vc_row][vc_row row_height_percent=\u00bb0&#8243; overlay_alpha=\u00bb50&#8243; gutter_size=\u00bb3&#8243; column_width_percent=\u00bb100&#8243; shift_y=\u00bb0&#8243; z_index=\u00bb0&#8243; uncode_shortcode_id=\u00bb607236&#8243;][vc_column width=\u00bb2\/12&#8243;][\/vc_column][vc_column column_width_percent=\u00bb100&#8243; align_horizontal=\u00bbalign_center\u00bb gutter_size=\u00bb3&#8243; overlay_alpha=\u00bb50&#8243; shift_x=\u00bb0&#8243; shift_y=\u00bb0&#8243; shift_y_down=\u00bb0&#8243; z_index=\u00bb0&#8243; medium_width=\u00bb0&#8243; mobile_width=\u00bb0&#8243; width=\u00bb2\/3&#8243; uncode_shortcode_id=\u00bb853687&#8243;][vc_custom_heading text_color=\u00bbcolor-190155&#8243; uncode_shortcode_id=\u00bb529001&#8243; text_color_type=\u00bbuncode-palette\u00bb]En el repertorio[\/vc_custom_heading][uncode_index el_id=\u00bbindex-537495863&#8243; index_type=\u00bbcarousel\u00bb loop=\u00bbsize:3|order_by:date|post_type:page|tax_query:12|taxonomy_count:10&#8243; carousel_lg=\u00bb2&#8243; carousel_md=\u00bb2&#8243; carousel_sm=\u00bb1&#8243; thumb_size=\u00bbthree-two\u00bb gutter_size=\u00bb3&#8243; post_items=\u00bbmedia|featured|onpost|poster,date,title,text|excerpt|90,category|bordered|topright|hide-icon,sep-one|full,extra\u00bb page_items=\u00bbmedia|featured|onpost|original,title,text|excerpt,link|link|small_size|D\u00e9couvrir\u00bb carousel_interval=\u00bb3000&#8243; carousel_navspeed=\u00bb400&#8243; carousel_dots=\u00bbyes\u00bb carousel_dots_space=\u00bbyes\u00bb carousel_dots_mobile=\u00bbyes\u00bb stage_padding=\u00bb0&#8243; single_back_color=\u00bbcolor-563873&#8243; single_overlay_opacity=\u00bb50&#8243; single_text_visible=\u00bbyes\u00bb single_text_anim=\u00bbno\u00bb single_padding=\u00bb2&#8243; single_title_dimension=\u00bbh4&#8243; single_title_weight=\u00bb600&#8243; single_text_lead=\u00bbsmall\u00bb single_border=\u00bbyes\u00bb uncode_shortcode_id=\u00bb174500&#8243;][\/vc_column][vc_column width=\u00bb2\/12&#8243;][\/vc_column][\/vc_row][vc_row][vc_column width=\u00bb1\/1&#8243;][uncode_block id=\u00bb3542&#8243;][\/vc_column][\/vc_row]<\/p>\n<\/div>","protected":false},"excerpt":{"rendered":"<p>En Dive, Edouard Hue ha decidido profundizar en la cuesti\u00f3n del cuerpo, su historia y su composici\u00f3n. Invita a sus bailarines a investigar la historia de su propio cuerpo, considerando cada uno de sus miembros como un ser vivo cercano a \u00e9l.<\/p>\n","protected":false},"author":8,"featured_media":13099,"parent":6729,"menu_order":0,"comment_status":"closed","ping_status":"closed","template":"","meta":{"footnotes":""},"choregraphe":[127],"directeur-artistique":[126],"class_list":["post-7647","page","type-page","status-publish","has-post-thumbnail","hentry","choregraphe-edouard-hue","directeur-artistique-edouard-hue","page_category-beaver-dam-company-es"],"yoast_head":"<!-- This site is optimized with the Yoast SEO plugin v27.4 - https:\/\/yoast.com\/product\/yoast-seo-wordpress\/ -->\n<title>Dive I Coreograf\u00eda: Edouard Hue I Delta Danse<\/title>\n<meta name=\"description\" content=\"Dive por Beaver Dam Company: Edouard Hue ha decidido profundizar en la cuesti\u00f3n del cuerpo, su historia y su composici\u00f3n.\" \/>\n<meta name=\"robots\" content=\"index, follow, max-snippet:-1, max-image-preview:large, max-video-preview:-1\" \/>\n<link rel=\"canonical\" href=\"https:\/\/www.deltadanse.com\/es\/repertorio\/dive\/\" \/>\n<meta property=\"og:locale\" content=\"es_ES\" \/>\n<meta property=\"og:type\" content=\"article\" \/>\n<meta property=\"og:title\" content=\"Dive I Coreograf\u00eda: Edouard Hue I Delta Danse\" \/>\n<meta property=\"og:description\" content=\"Dive por Beaver Dam Company: Edouard Hue ha decidido profundizar en la cuesti\u00f3n del cuerpo, su historia y su composici\u00f3n.\" \/>\n<meta property=\"og:url\" content=\"https:\/\/www.deltadanse.com\/es\/repertorio\/dive\/\" \/>\n<meta property=\"og:site_name\" content=\"Delta Danse\" \/>\n<meta property=\"article:modified_time\" content=\"2026-04-15T09:37:46+00:00\" \/>\n<meta property=\"og:image\" content=\"https:\/\/www.deltadanse.com\/wp-content\/uploads\/2026\/04\/zoee_dumont_photographieIMG_6430-scaled.jpg\" \/>\n\t<meta property=\"og:image:width\" content=\"2560\" \/>\n\t<meta property=\"og:image:height\" content=\"1707\" \/>\n\t<meta property=\"og:image:type\" content=\"image\/jpeg\" \/>\n<meta name=\"twitter:card\" content=\"summary_large_image\" \/>\n<meta name=\"twitter:label1\" content=\"Tiempo de lectura\" \/>\n\t<meta name=\"twitter:data1\" content=\"3 minutos\" \/>\n<script type=\"application\/ld+json\" class=\"yoast-schema-graph\">{\"@context\":\"https:\\\/\\\/schema.org\",\"@graph\":[{\"@type\":\"WebPage\",\"@id\":\"https:\\\/\\\/www.deltadanse.com\\\/es\\\/repertorio\\\/dive\\\/\",\"url\":\"https:\\\/\\\/www.deltadanse.com\\\/es\\\/repertorio\\\/dive\\\/\",\"name\":\"Dive I Coreograf\u00eda: Edouard Hue I Delta Danse\",\"isPartOf\":{\"@id\":\"https:\\\/\\\/www.deltadanse.com\\\/es\\\/#website\"},\"primaryImageOfPage\":{\"@id\":\"https:\\\/\\\/www.deltadanse.com\\\/es\\\/repertorio\\\/dive\\\/#primaryimage\"},\"image\":{\"@id\":\"https:\\\/\\\/www.deltadanse.com\\\/es\\\/repertorio\\\/dive\\\/#primaryimage\"},\"thumbnailUrl\":\"https:\\\/\\\/www.deltadanse.com\\\/wp-content\\\/uploads\\\/2026\\\/04\\\/zoee_dumont_photographieIMG_6430-scaled.jpg\",\"datePublished\":\"2023-07-03T10:11:23+00:00\",\"dateModified\":\"2026-04-15T09:37:46+00:00\",\"description\":\"Dive por Beaver Dam Company: Edouard Hue ha decidido profundizar en la cuesti\u00f3n del cuerpo, su historia y su composici\u00f3n.\",\"breadcrumb\":{\"@id\":\"https:\\\/\\\/www.deltadanse.com\\\/es\\\/repertorio\\\/dive\\\/#breadcrumb\"},\"inLanguage\":\"es\",\"potentialAction\":[{\"@type\":\"ReadAction\",\"target\":[\"https:\\\/\\\/www.deltadanse.com\\\/es\\\/repertorio\\\/dive\\\/\"]}]},{\"@type\":\"ImageObject\",\"inLanguage\":\"es\",\"@id\":\"https:\\\/\\\/www.deltadanse.com\\\/es\\\/repertorio\\\/dive\\\/#primaryimage\",\"url\":\"https:\\\/\\\/www.deltadanse.com\\\/wp-content\\\/uploads\\\/2026\\\/04\\\/zoee_dumont_photographieIMG_6430-scaled.jpg\",\"contentUrl\":\"https:\\\/\\\/www.deltadanse.com\\\/wp-content\\\/uploads\\\/2026\\\/04\\\/zoee_dumont_photographieIMG_6430-scaled.jpg\",\"width\":2560,\"height\":1707},{\"@type\":\"BreadcrumbList\",\"@id\":\"https:\\\/\\\/www.deltadanse.com\\\/es\\\/repertorio\\\/dive\\\/#breadcrumb\",\"itemListElement\":[{\"@type\":\"ListItem\",\"position\":1,\"name\":\"Accueil\",\"item\":\"https:\\\/\\\/www.deltadanse.com\\\/es\\\/\"},{\"@type\":\"ListItem\",\"position\":2,\"name\":\"Repertorio\",\"item\":\"https:\\\/\\\/www.deltadanse.com\\\/es\\\/repertorio\\\/\"},{\"@type\":\"ListItem\",\"position\":3,\"name\":\"Dive\"}]},{\"@type\":\"WebSite\",\"@id\":\"https:\\\/\\\/www.deltadanse.com\\\/es\\\/#website\",\"url\":\"https:\\\/\\\/www.deltadanse.com\\\/es\\\/\",\"name\":\"Delta Danse\",\"description\":\"Just another WordPress site\",\"potentialAction\":[{\"@type\":\"SearchAction\",\"target\":{\"@type\":\"EntryPoint\",\"urlTemplate\":\"https:\\\/\\\/www.deltadanse.com\\\/es\\\/?s={search_term_string}\"},\"query-input\":{\"@type\":\"PropertyValueSpecification\",\"valueRequired\":true,\"valueName\":\"search_term_string\"}}],\"inLanguage\":\"es\"}]}<\/script>\n<!-- \/ Yoast SEO plugin. -->","yoast_head_json":{"title":"Dive I Coreograf\u00eda: Edouard Hue I Delta Danse","description":"Dive por Beaver Dam Company: Edouard Hue ha decidido profundizar en la cuesti\u00f3n del cuerpo, su historia y su composici\u00f3n.","robots":{"index":"index","follow":"follow","max-snippet":"max-snippet:-1","max-image-preview":"max-image-preview:large","max-video-preview":"max-video-preview:-1"},"canonical":"https:\/\/www.deltadanse.com\/es\/repertorio\/dive\/","og_locale":"es_ES","og_type":"article","og_title":"Dive I Coreograf\u00eda: Edouard Hue I Delta Danse","og_description":"Dive por Beaver Dam Company: Edouard Hue ha decidido profundizar en la cuesti\u00f3n del cuerpo, su historia y su composici\u00f3n.","og_url":"https:\/\/www.deltadanse.com\/es\/repertorio\/dive\/","og_site_name":"Delta Danse","article_modified_time":"2026-04-15T09:37:46+00:00","og_image":[{"width":2560,"height":1707,"url":"https:\/\/www.deltadanse.com\/wp-content\/uploads\/2026\/04\/zoee_dumont_photographieIMG_6430-scaled.jpg","type":"image\/jpeg"}],"twitter_card":"summary_large_image","twitter_misc":{"Tiempo de lectura":"3 minutos"},"schema":{"@context":"https:\/\/schema.org","@graph":[{"@type":"WebPage","@id":"https:\/\/www.deltadanse.com\/es\/repertorio\/dive\/","url":"https:\/\/www.deltadanse.com\/es\/repertorio\/dive\/","name":"Dive I Coreograf\u00eda: Edouard Hue I Delta Danse","isPartOf":{"@id":"https:\/\/www.deltadanse.com\/es\/#website"},"primaryImageOfPage":{"@id":"https:\/\/www.deltadanse.com\/es\/repertorio\/dive\/#primaryimage"},"image":{"@id":"https:\/\/www.deltadanse.com\/es\/repertorio\/dive\/#primaryimage"},"thumbnailUrl":"https:\/\/www.deltadanse.com\/wp-content\/uploads\/2026\/04\/zoee_dumont_photographieIMG_6430-scaled.jpg","datePublished":"2023-07-03T10:11:23+00:00","dateModified":"2026-04-15T09:37:46+00:00","description":"Dive por Beaver Dam Company: Edouard Hue ha decidido profundizar en la cuesti\u00f3n del cuerpo, su historia y su composici\u00f3n.","breadcrumb":{"@id":"https:\/\/www.deltadanse.com\/es\/repertorio\/dive\/#breadcrumb"},"inLanguage":"es","potentialAction":[{"@type":"ReadAction","target":["https:\/\/www.deltadanse.com\/es\/repertorio\/dive\/"]}]},{"@type":"ImageObject","inLanguage":"es","@id":"https:\/\/www.deltadanse.com\/es\/repertorio\/dive\/#primaryimage","url":"https:\/\/www.deltadanse.com\/wp-content\/uploads\/2026\/04\/zoee_dumont_photographieIMG_6430-scaled.jpg","contentUrl":"https:\/\/www.deltadanse.com\/wp-content\/uploads\/2026\/04\/zoee_dumont_photographieIMG_6430-scaled.jpg","width":2560,"height":1707},{"@type":"BreadcrumbList","@id":"https:\/\/www.deltadanse.com\/es\/repertorio\/dive\/#breadcrumb","itemListElement":[{"@type":"ListItem","position":1,"name":"Accueil","item":"https:\/\/www.deltadanse.com\/es\/"},{"@type":"ListItem","position":2,"name":"Repertorio","item":"https:\/\/www.deltadanse.com\/es\/repertorio\/"},{"@type":"ListItem","position":3,"name":"Dive"}]},{"@type":"WebSite","@id":"https:\/\/www.deltadanse.com\/es\/#website","url":"https:\/\/www.deltadanse.com\/es\/","name":"Delta Danse","description":"Just another WordPress site","potentialAction":[{"@type":"SearchAction","target":{"@type":"EntryPoint","urlTemplate":"https:\/\/www.deltadanse.com\/es\/?s={search_term_string}"},"query-input":{"@type":"PropertyValueSpecification","valueRequired":true,"valueName":"search_term_string"}}],"inLanguage":"es"}]}},"_links":{"self":[{"href":"https:\/\/www.deltadanse.com\/es\/wp-json\/wp\/v2\/pages\/7647","targetHints":{"allow":["GET"]}}],"collection":[{"href":"https:\/\/www.deltadanse.com\/es\/wp-json\/wp\/v2\/pages"}],"about":[{"href":"https:\/\/www.deltadanse.com\/es\/wp-json\/wp\/v2\/types\/page"}],"author":[{"embeddable":true,"href":"https:\/\/www.deltadanse.com\/es\/wp-json\/wp\/v2\/users\/8"}],"replies":[{"embeddable":true,"href":"https:\/\/www.deltadanse.com\/es\/wp-json\/wp\/v2\/comments?post=7647"}],"version-history":[{"count":3,"href":"https:\/\/www.deltadanse.com\/es\/wp-json\/wp\/v2\/pages\/7647\/revisions"}],"predecessor-version":[{"id":13103,"href":"https:\/\/www.deltadanse.com\/es\/wp-json\/wp\/v2\/pages\/7647\/revisions\/13103"}],"up":[{"embeddable":true,"href":"https:\/\/www.deltadanse.com\/es\/wp-json\/wp\/v2\/pages\/6729"}],"wp:featuredmedia":[{"embeddable":true,"href":"https:\/\/www.deltadanse.com\/es\/wp-json\/wp\/v2\/media\/13099"}],"wp:attachment":[{"href":"https:\/\/www.deltadanse.com\/es\/wp-json\/wp\/v2\/media?parent=7647"}],"wp:term":[{"taxonomy":"choregraphe","embeddable":true,"href":"https:\/\/www.deltadanse.com\/es\/wp-json\/wp\/v2\/choregraphe?post=7647"},{"taxonomy":"directeur-artistique","embeddable":true,"href":"https:\/\/www.deltadanse.com\/es\/wp-json\/wp\/v2\/directeur-artistique?post=7647"}],"curies":[{"name":"wp","href":"https:\/\/api.w.org\/{rel}","templated":true}]}}