{"id":8702,"date":"2024-02-02T12:12:55","date_gmt":"2024-02-02T11:12:55","guid":{"rendered":"https:\/\/www.deltadanse.com\/?page_id=8702"},"modified":"2025-07-29T12:42:52","modified_gmt":"2025-07-29T10:42:52","slug":"hessisches-staatsballett","status":"publish","type":"page","link":"https:\/\/www.deltadanse.com\/es\/companias-delta-danse\/hessisches-staatsballett\/","title":{"rendered":"Hessisches Staatsballett"},"content":{"rendered":"<div class=\"wpb-content-wrapper\"><p>[vc_row unlock_row_content=\u00bbyes\u00bb row_height_percent=\u00bb0&#8243; override_padding=\u00bbyes\u00bb h_padding=\u00bb7&#8243; top_padding=\u00bb2&#8243; bottom_padding=\u00bb2&#8243; overlay_alpha=\u00bb50&#8243; gutter_size=\u00bb3&#8243; column_width_percent=\u00bb100&#8243; shift_y=\u00bb0&#8243; z_index=\u00bb0&#8243; uncode_shortcode_id=\u00bb347231&#8243;][vc_column column_width_percent=\u00bb100&#8243; align_horizontal=\u00bbalign_center\u00bb gutter_size=\u00bb2&#8243; overlay_alpha=\u00bb50&#8243; shift_x=\u00bb0&#8243; shift_y=\u00bb0&#8243; shift_y_down=\u00bb0&#8243; z_index=\u00bb0&#8243; medium_width=\u00bb0&#8243; mobile_width=\u00bb0&#8243; width=\u00bb7\/12&#8243; uncode_shortcode_id=\u00bb850447&#8243;][vc_row_inner row_inner_height_percent=\u00bb0&#8243; overlay_alpha=\u00bb50&#8243; gutter_size=\u00bb3&#8243; shift_y=\u00bb3&#8243; z_index=\u00bb7&#8243; uncode_shortcode_id=\u00bb710303&#8243;][vc_column_inner column_width_percent=\u00bb100&#8243; align_horizontal=\u00bbalign_center\u00bb gutter_size=\u00bb3&#8243; overlay_alpha=\u00bb50&#8243; shift_x=\u00bb0&#8243; shift_y=\u00bb0&#8243; shift_y_down=\u00bb0&#8243; z_index=\u00bb0&#8243; medium_width=\u00bb0&#8243; mobile_width=\u00bb0&#8243; width=\u00bb1\/1&#8243; uncode_shortcode_id=\u00bb818021&#8243;][vc_custom_heading text_color=\u00bbcolor-400934&#8243; heading_semantic=\u00bbh1&#8243; text_size=\u00bbfontsize-200930&#8243; text_height=\u00bbfontheight-144852&#8243; uncode_shortcode_id=\u00bb188620&#8243; text_color_type=\u00bbuncode-palette\u00bb]Hessisches Staatsballett[\/vc_custom_heading][\/vc_column_inner][\/vc_row_inner][vc_row_inner row_inner_height_percent=\u00bb0&#8243; overlay_alpha=\u00bb50&#8243; gutter_size=\u00bb3&#8243; shift_y=\u00bb0&#8243; z_index=\u00bb0&#8243; uncode_shortcode_id=\u00bb715653&#8243;][vc_column_inner column_width_percent=\u00bb100&#8243; gutter_size=\u00bb3&#8243; overlay_alpha=\u00bb50&#8243; shift_x=\u00bb0&#8243; shift_y=\u00bb-3&#8243; shift_y_down=\u00bb0&#8243; z_index=\u00bb0&#8243; medium_width=\u00bb0&#8243; mobile_width=\u00bb0&#8243; width=\u00bb1\/1&#8243; uncode_shortcode_id=\u00bb776763&#8243;][vc_gallery el_id=\u00bbgallery-191160&#8243; type=\u00bbcarousel\u00bb random=\u00bbyes\u00bb medias=\u00bb11775,11572,11566,11560,11557,11554,11551,11548&#8243; carousel_lg=\u00bb1&#8243; carousel_md=\u00bb1&#8243; carousel_sm=\u00bb1&#8243; thumb_size=\u00bbsixteen-nine\u00bb gutter_size=\u00bb3&#8243; media_items=\u00bbmedia|nolink|original,icon\u00bb carousel_interval=\u00bb3000&#8243; carousel_navspeed=\u00bb400&#8243; carousel_loop=\u00bbyes\u00bb stage_padding=\u00bb0&#8243; single_overlay_opacity=\u00bb50&#8243; single_overlay_anim=\u00bbno\u00bb single_text_anim=\u00bbno\u00bb single_image_anim=\u00bbno\u00bb single_padding=\u00bb2&#8243; uncode_shortcode_id=\u00bb149879&#8243; el_class=\u00bbcarrousel-compagnie\u00bb][vc_empty_space empty_h=\u00bb2&#8243; medium_visibility=\u00bbyes\u00bb mobile_visibility=\u00bbyes\u00bb][\/vc_column_inner][\/vc_row_inner][vc_row_inner][vc_column_inner column_width_percent=\u00bb100&#8243; gutter_size=\u00bb3&#8243; overlay_alpha=\u00bb50&#8243; shift_x=\u00bb0&#8243; shift_y=\u00bb0&#8243; shift_y_down=\u00bb0&#8243; z_index=\u00bb0&#8243; medium_visibility=\u00bbyes\u00bb medium_width=\u00bb0&#8243; mobile_visibility=\u00bbyes\u00bb mobile_width=\u00bb0&#8243; width=\u00bb1\/6&#8243; uncode_shortcode_id=\u00bb675608&#8243;][\/vc_column_inner][vc_column_inner column_width_percent=\u00bb100&#8243; gutter_size=\u00bb2&#8243; overlay_alpha=\u00bb50&#8243; shift_x=\u00bb0&#8243; shift_y=\u00bb0&#8243; shift_y_down=\u00bb0&#8243; z_index=\u00bb0&#8243; medium_width=\u00bb0&#8243; mobile_width=\u00bb0&#8243; width=\u00bb2\/3&#8243; uncode_shortcode_id=\u00bb126205&#8243;][calendar_season style=\u00bbcompany\u00bb company=\u00bbhessisches-staatsballett\u00bb][\/vc_column_inner][vc_column_inner column_width_percent=\u00bb100&#8243; gutter_size=\u00bb3&#8243; overlay_alpha=\u00bb50&#8243; shift_x=\u00bb0&#8243; shift_y=\u00bb0&#8243; shift_y_down=\u00bb0&#8243; z_index=\u00bb0&#8243; medium_visibility=\u00bbyes\u00bb medium_width=\u00bb0&#8243; mobile_visibility=\u00bbyes\u00bb mobile_width=\u00bb0&#8243; width=\u00bb1\/6&#8243; uncode_shortcode_id=\u00bb165968&#8243;][\/vc_column_inner][\/vc_row_inner][\/vc_column][vc_column column_width_percent=\u00bb100&#8243; gutter_size=\u00bb2&#8243; override_padding=\u00bbyes\u00bb column_padding=\u00bb3&#8243; overlay_alpha=\u00bb50&#8243; shift_x=\u00bb0&#8243; shift_y=\u00bb0&#8243; shift_y_down=\u00bb0&#8243; z_index=\u00bb0&#8243; medium_width=\u00bb0&#8243; mobile_width=\u00bb0&#8243; width=\u00bb5\/12&#8243; uncode_shortcode_id=\u00bb242886&#8243; el_class=\u00bbcontenu-compagnie\u00bb][vc_row_inner][vc_column_inner column_width_percent=\u00bb100&#8243; gutter_size=\u00bb2&#8243; overlay_alpha=\u00bb50&#8243; shift_x=\u00bb0&#8243; shift_y=\u00bb0&#8243; shift_y_down=\u00bb0&#8243; z_index=\u00bb0&#8243; medium_width=\u00bb0&#8243; mobile_width=\u00bb0&#8243; width=\u00bb1\/1&#8243; uncode_shortcode_id=\u00bb727088&#8243;][vc_custom_heading text_color=\u00bbaccent\u00bb uncode_shortcode_id=\u00bb356294&#8243; text_color_type=\u00bbuncode-palette\u00bb]Hessisches Staatsballett[\/vc_custom_heading][vc_custom_heading text_font=\u00bbfont-555555&#8243; text_size=\u00bbh5&#8243; uncode_shortcode_id=\u00bb116594&#8243;]<strong>Director art\u00edstico : Bruno Heynderickx<\/strong>[\/vc_custom_heading][vc_column_text uncode_shortcode_id=\u00bb137918&#8243;]<a href=\"https:\/\/www.hessisches-staatsballett.de\/en\/\" target=\"_blank\" rel=\"noopener\">https:\/\/www.hessisches-staatsballett.de\/en\/<\/a>[\/vc_column_text][vc_empty_space empty_h=\u00bb2&#8243;][\/vc_column_inner][\/vc_row_inner][vc_column_text uncode_shortcode_id=\u00bb166157&#8243; el_class=\u00bblineHeight\u00bb]Hessisches Staatsballett es la compa\u00f1\u00eda de danza conjunta del Hessisches Staatstheater Wiesbaden y del Staatstheater Darmstadt. Desde su creaci\u00f3n en 2014, la compa\u00f1\u00eda se caracteriza por un repertorio diverso de producciones de danza cl\u00e1sica y contempor\u00e1nea. Desde la temporada 2020\/21, Bruno Heynderickx dirige el conjunto de 28 bailarines, que produce cada temporada un promedio de cuatro programas de core\u00f3grafos invitados alemanes e internacionales de renombre, como Hofesh Shechter, Crystal Pite, Damien Jalet, Marco Goecke, Bryan Arias, Edward Clug, Eyal Dadon, Sharon Eyal, Martin Harriague, Ohad Naharin, e Imre y Marne van Opstal. Adem\u00e1s de sus propias producciones, Hessisches Staatsballett ofrece un amplio repertorio en colaboraci\u00f3n con compa\u00f1\u00edas invitadas de alto nivel, as\u00ed como el trabajo de j\u00f3venes y talentosos bailarines. La compa\u00f1\u00eda invierte en coproducciones con core\u00f3grafos independientes y ofrece varias residencias art\u00edsticas cada temporada. Esta estructura, \u00fanica en Alemania, brinda al p\u00fablico de Wiesbaden y Darmstadt un amplio repertorio coreogr\u00e1fico.<br \/>\nHessisches Staatsballett otorga gran importancia al desarrollo de un programa de sensibilizaci\u00f3n integral, especialmente en las escuelas, ofreciendo talleres y clases abiertas.<br \/>\nFinalmente, Hessisches Staatsballett es un miembro fundador de la Tanzplattform Rhein-Main, una plataforma que busca fortalecer la posici\u00f3n de la danza en la regi\u00f3n. Junto a su socio de cooperaci\u00f3n, &#8211; K\u00fcnstler:innenhaus Mousonturm &#8211; se desarrollan y organizan una gran variedad de proyectos participativos a lo largo del a\u00f1o, siendo el festival de Tanzplattform la parte m\u00e1s visible.[\/vc_column_text][vc_empty_space][vc_custom_heading text_color=\u00bbaccent\u00bb uncode_shortcode_id=\u00bb212396&#8243; text_color_type=\u00bbuncode-palette\u00bb]Lo que dice la prensa[\/vc_custom_heading][vc_column_text uncode_shortcode_id=\u00bb193329&#8243; el_class=\u00bblineHeight\u00bb]<em>\u00abExcelentes int\u00e9rpretes, fuertes personalidades y una gran cohesi\u00f3n de grupo.\u00bb <\/em><\/p>\n<p><strong>Am\u00e9lie Bertrand, <em>Danses avec la plume<\/em><\/strong>[\/vc_column_text][vc_column_text uncode_shortcode_id=\u00bb633321&#8243; el_class=\u00bblineHeight\u00bb]<em>\u00abEl Hessisches Staatsballett ha hecho una maravillosa apropiaci\u00f3n del lenguaje coreogr\u00e1fico emocional de Naharin y demuestra una vez m\u00e1s su maestr\u00eda en el arte de la danza.\u00bb <\/em><\/p>\n<p><strong>Astrid Biesemeier, <em>Frankfurter Neue Presse<\/em><\/strong>[\/vc_column_text][vc_empty_space empty_h=\u00bb3&#8243; medium_visibility=\u00bbyes\u00bb mobile_visibility=\u00bbyes\u00bb][\/vc_column][\/vc_row][vc_row row_height_percent=\u00bb0&#8243; overlay_alpha=\u00bb50&#8243; gutter_size=\u00bb3&#8243; column_width_percent=\u00bb100&#8243; shift_y=\u00bb0&#8243; z_index=\u00bb0&#8243; uncode_shortcode_id=\u00bb607236&#8243;][vc_column column_width_percent=\u00bb100&#8243; align_horizontal=\u00bbalign_center\u00bb gutter_size=\u00bb3&#8243; overlay_alpha=\u00bb50&#8243; shift_x=\u00bb0&#8243; shift_y=\u00bb0&#8243; shift_y_down=\u00bb0&#8243; z_index=\u00bb0&#8243; medium_width=\u00bb0&#8243; mobile_width=\u00bb0&#8243; width=\u00bb1\/1&#8243; uncode_shortcode_id=\u00bb853687&#8243;][vc_custom_heading text_color=\u00bbcolor-190155&#8243; uncode_shortcode_id=\u00bb529001&#8243; text_color_type=\u00bbuncode-palette\u00bb]En el repertorio[\/vc_custom_heading][uncode_index el_id=\u00bbindex-537495863&#8243; index_type=\u00bbcarousel\u00bb loop=\u00bbsize:5|order_by:date|post_type:page|tax_query:215|taxonomy_count:10&#8243; carousel_lg=\u00bb3&#8243; carousel_md=\u00bb2&#8243; carousel_sm=\u00bb1&#8243; thumb_size=\u00bbthree-two\u00bb gutter_size=\u00bb3&#8243; post_items=\u00bbmedia|featured|onpost|poster,date,title,text|excerpt|90,category|bordered|topright|hide-icon,sep-one|full,extra\u00bb page_items=\u00bbmedia|featured|onpost|original,title,text|excerpt,link|link|small_size|D\u00e9couvrir\u00bb carousel_interval=\u00bb3000&#8243; carousel_navspeed=\u00bb400&#8243; carousel_dots=\u00bbyes\u00bb carousel_dots_space=\u00bbyes\u00bb carousel_dots_mobile=\u00bbyes\u00bb stage_padding=\u00bb0&#8243; single_back_color=\u00bbcolor-563873&#8243; single_overlay_opacity=\u00bb50&#8243; single_text_visible=\u00bbyes\u00bb single_text_anim=\u00bbno\u00bb single_padding=\u00bb2&#8243; single_title_dimension=\u00bbh4&#8243; single_title_weight=\u00bb600&#8243; single_text_lead=\u00bbsmall\u00bb single_border=\u00bbyes\u00bb uncode_shortcode_id=\u00bb869756&#8243;][\/vc_column][\/vc_row][vc_row][vc_column width=\u00bb1\/1&#8243;][uncode_block id=\u00bb3542&#8243;][\/vc_column][\/vc_row]<\/p>\n<\/div>","protected":false},"excerpt":{"rendered":"<p>Hessisches Staatsballett es la compa\u00f1\u00eda de danza conjunta del Hessisches Staatstheater Wiesbaden y del Staatstheater Darmstadt. <\/p>\n","protected":false},"author":9,"featured_media":11572,"parent":6758,"menu_order":0,"comment_status":"closed","ping_status":"closed","template":"","meta":{"footnotes":""},"choregraphe":[],"directeur-artistique":[213],"class_list":["post-8702","page","type-page","status-publish","has-post-thumbnail","hentry","directeur-artistique-bruno-heynderickx","page_category-companias"],"yoast_head":"<!-- This site is optimized with the Yoast SEO plugin v27.4 - https:\/\/yoast.com\/product\/yoast-seo-wordpress\/ -->\n<title>Hessisches Staatsballett I Director art\u00edstico Bruno Heynderickx<\/title>\n<meta name=\"description\" content=\"Hessisches Staatsballett es la compa\u00f1\u00eda de danza conjunta del Hessisches Staatstheater Wiesbaden y del Staatstheater Darmstadt.\" \/>\n<meta name=\"robots\" content=\"index, follow, max-snippet:-1, max-image-preview:large, max-video-preview:-1\" \/>\n<link rel=\"canonical\" href=\"https:\/\/www.deltadanse.com\/es\/companias-delta-danse\/hessisches-staatsballett\/\" \/>\n<meta property=\"og:locale\" content=\"es_ES\" \/>\n<meta property=\"og:type\" content=\"article\" \/>\n<meta property=\"og:title\" content=\"Hessisches Staatsballett I Director art\u00edstico Bruno Heynderickx\" \/>\n<meta property=\"og:description\" content=\"Hessisches Staatsballett es la compa\u00f1\u00eda de danza conjunta del Hessisches Staatstheater Wiesbaden y del Staatstheater Darmstadt.\" \/>\n<meta property=\"og:url\" content=\"https:\/\/www.deltadanse.com\/es\/companias-delta-danse\/hessisches-staatsballett\/\" \/>\n<meta property=\"og:site_name\" content=\"Delta Danse\" \/>\n<meta property=\"article:modified_time\" content=\"2025-07-29T10:42:52+00:00\" \/>\n<meta property=\"og:image\" content=\"https:\/\/www.deltadanse.com\/wp-content\/uploads\/2025\/07\/02.-Force-Majeure-15.jpg\" \/>\n\t<meta property=\"og:image:width\" content=\"1200\" \/>\n\t<meta property=\"og:image:height\" content=\"800\" \/>\n\t<meta property=\"og:image:type\" content=\"image\/jpeg\" \/>\n<meta name=\"twitter:card\" content=\"summary_large_image\" \/>\n<meta name=\"twitter:label1\" content=\"Tiempo de lectura\" \/>\n\t<meta name=\"twitter:data1\" content=\"3 minutos\" \/>\n<script type=\"application\/ld+json\" class=\"yoast-schema-graph\">{\"@context\":\"https:\\\/\\\/schema.org\",\"@graph\":[{\"@type\":\"WebPage\",\"@id\":\"https:\\\/\\\/www.deltadanse.com\\\/es\\\/companias-delta-danse\\\/hessisches-staatsballett\\\/\",\"url\":\"https:\\\/\\\/www.deltadanse.com\\\/es\\\/companias-delta-danse\\\/hessisches-staatsballett\\\/\",\"name\":\"Hessisches Staatsballett I Director art\u00edstico Bruno Heynderickx\",\"isPartOf\":{\"@id\":\"https:\\\/\\\/www.deltadanse.com\\\/es\\\/#website\"},\"primaryImageOfPage\":{\"@id\":\"https:\\\/\\\/www.deltadanse.com\\\/es\\\/companias-delta-danse\\\/hessisches-staatsballett\\\/#primaryimage\"},\"image\":{\"@id\":\"https:\\\/\\\/www.deltadanse.com\\\/es\\\/companias-delta-danse\\\/hessisches-staatsballett\\\/#primaryimage\"},\"thumbnailUrl\":\"https:\\\/\\\/www.deltadanse.com\\\/wp-content\\\/uploads\\\/2025\\\/07\\\/02.-Force-Majeure-15.jpg\",\"datePublished\":\"2024-02-02T11:12:55+00:00\",\"dateModified\":\"2025-07-29T10:42:52+00:00\",\"description\":\"Hessisches Staatsballett es la compa\u00f1\u00eda de danza conjunta del Hessisches Staatstheater Wiesbaden y del Staatstheater Darmstadt.\",\"breadcrumb\":{\"@id\":\"https:\\\/\\\/www.deltadanse.com\\\/es\\\/companias-delta-danse\\\/hessisches-staatsballett\\\/#breadcrumb\"},\"inLanguage\":\"es\",\"potentialAction\":[{\"@type\":\"ReadAction\",\"target\":[\"https:\\\/\\\/www.deltadanse.com\\\/es\\\/companias-delta-danse\\\/hessisches-staatsballett\\\/\"]}]},{\"@type\":\"ImageObject\",\"inLanguage\":\"es\",\"@id\":\"https:\\\/\\\/www.deltadanse.com\\\/es\\\/companias-delta-danse\\\/hessisches-staatsballett\\\/#primaryimage\",\"url\":\"https:\\\/\\\/www.deltadanse.com\\\/wp-content\\\/uploads\\\/2025\\\/07\\\/02.-Force-Majeure-15.jpg\",\"contentUrl\":\"https:\\\/\\\/www.deltadanse.com\\\/wp-content\\\/uploads\\\/2025\\\/07\\\/02.-Force-Majeure-15.jpg\",\"width\":1200,\"height\":800},{\"@type\":\"BreadcrumbList\",\"@id\":\"https:\\\/\\\/www.deltadanse.com\\\/es\\\/companias-delta-danse\\\/hessisches-staatsballett\\\/#breadcrumb\",\"itemListElement\":[{\"@type\":\"ListItem\",\"position\":1,\"name\":\"Accueil\",\"item\":\"https:\\\/\\\/www.deltadanse.com\\\/es\\\/\"},{\"@type\":\"ListItem\",\"position\":2,\"name\":\"Compa\u00f1\u00edas\",\"item\":\"https:\\\/\\\/www.deltadanse.com\\\/es\\\/companias-delta-danse\\\/\"},{\"@type\":\"ListItem\",\"position\":3,\"name\":\"Hessisches Staatsballett\"}]},{\"@type\":\"WebSite\",\"@id\":\"https:\\\/\\\/www.deltadanse.com\\\/es\\\/#website\",\"url\":\"https:\\\/\\\/www.deltadanse.com\\\/es\\\/\",\"name\":\"Delta Danse\",\"description\":\"Just another WordPress site\",\"potentialAction\":[{\"@type\":\"SearchAction\",\"target\":{\"@type\":\"EntryPoint\",\"urlTemplate\":\"https:\\\/\\\/www.deltadanse.com\\\/es\\\/?s={search_term_string}\"},\"query-input\":{\"@type\":\"PropertyValueSpecification\",\"valueRequired\":true,\"valueName\":\"search_term_string\"}}],\"inLanguage\":\"es\"}]}<\/script>\n<!-- \/ Yoast SEO plugin. -->","yoast_head_json":{"title":"Hessisches Staatsballett I Director art\u00edstico Bruno Heynderickx","description":"Hessisches Staatsballett es la compa\u00f1\u00eda de danza conjunta del Hessisches Staatstheater Wiesbaden y del Staatstheater Darmstadt.","robots":{"index":"index","follow":"follow","max-snippet":"max-snippet:-1","max-image-preview":"max-image-preview:large","max-video-preview":"max-video-preview:-1"},"canonical":"https:\/\/www.deltadanse.com\/es\/companias-delta-danse\/hessisches-staatsballett\/","og_locale":"es_ES","og_type":"article","og_title":"Hessisches Staatsballett I Director art\u00edstico Bruno Heynderickx","og_description":"Hessisches Staatsballett es la compa\u00f1\u00eda de danza conjunta del Hessisches Staatstheater Wiesbaden y del Staatstheater Darmstadt.","og_url":"https:\/\/www.deltadanse.com\/es\/companias-delta-danse\/hessisches-staatsballett\/","og_site_name":"Delta Danse","article_modified_time":"2025-07-29T10:42:52+00:00","og_image":[{"width":1200,"height":800,"url":"https:\/\/www.deltadanse.com\/wp-content\/uploads\/2025\/07\/02.-Force-Majeure-15.jpg","type":"image\/jpeg"}],"twitter_card":"summary_large_image","twitter_misc":{"Tiempo de lectura":"3 minutos"},"schema":{"@context":"https:\/\/schema.org","@graph":[{"@type":"WebPage","@id":"https:\/\/www.deltadanse.com\/es\/companias-delta-danse\/hessisches-staatsballett\/","url":"https:\/\/www.deltadanse.com\/es\/companias-delta-danse\/hessisches-staatsballett\/","name":"Hessisches Staatsballett I Director art\u00edstico Bruno Heynderickx","isPartOf":{"@id":"https:\/\/www.deltadanse.com\/es\/#website"},"primaryImageOfPage":{"@id":"https:\/\/www.deltadanse.com\/es\/companias-delta-danse\/hessisches-staatsballett\/#primaryimage"},"image":{"@id":"https:\/\/www.deltadanse.com\/es\/companias-delta-danse\/hessisches-staatsballett\/#primaryimage"},"thumbnailUrl":"https:\/\/www.deltadanse.com\/wp-content\/uploads\/2025\/07\/02.-Force-Majeure-15.jpg","datePublished":"2024-02-02T11:12:55+00:00","dateModified":"2025-07-29T10:42:52+00:00","description":"Hessisches Staatsballett es la compa\u00f1\u00eda de danza conjunta del Hessisches Staatstheater Wiesbaden y del Staatstheater Darmstadt.","breadcrumb":{"@id":"https:\/\/www.deltadanse.com\/es\/companias-delta-danse\/hessisches-staatsballett\/#breadcrumb"},"inLanguage":"es","potentialAction":[{"@type":"ReadAction","target":["https:\/\/www.deltadanse.com\/es\/companias-delta-danse\/hessisches-staatsballett\/"]}]},{"@type":"ImageObject","inLanguage":"es","@id":"https:\/\/www.deltadanse.com\/es\/companias-delta-danse\/hessisches-staatsballett\/#primaryimage","url":"https:\/\/www.deltadanse.com\/wp-content\/uploads\/2025\/07\/02.-Force-Majeure-15.jpg","contentUrl":"https:\/\/www.deltadanse.com\/wp-content\/uploads\/2025\/07\/02.-Force-Majeure-15.jpg","width":1200,"height":800},{"@type":"BreadcrumbList","@id":"https:\/\/www.deltadanse.com\/es\/companias-delta-danse\/hessisches-staatsballett\/#breadcrumb","itemListElement":[{"@type":"ListItem","position":1,"name":"Accueil","item":"https:\/\/www.deltadanse.com\/es\/"},{"@type":"ListItem","position":2,"name":"Compa\u00f1\u00edas","item":"https:\/\/www.deltadanse.com\/es\/companias-delta-danse\/"},{"@type":"ListItem","position":3,"name":"Hessisches Staatsballett"}]},{"@type":"WebSite","@id":"https:\/\/www.deltadanse.com\/es\/#website","url":"https:\/\/www.deltadanse.com\/es\/","name":"Delta Danse","description":"Just another WordPress site","potentialAction":[{"@type":"SearchAction","target":{"@type":"EntryPoint","urlTemplate":"https:\/\/www.deltadanse.com\/es\/?s={search_term_string}"},"query-input":{"@type":"PropertyValueSpecification","valueRequired":true,"valueName":"search_term_string"}}],"inLanguage":"es"}]}},"_links":{"self":[{"href":"https:\/\/www.deltadanse.com\/es\/wp-json\/wp\/v2\/pages\/8702","targetHints":{"allow":["GET"]}}],"collection":[{"href":"https:\/\/www.deltadanse.com\/es\/wp-json\/wp\/v2\/pages"}],"about":[{"href":"https:\/\/www.deltadanse.com\/es\/wp-json\/wp\/v2\/types\/page"}],"author":[{"embeddable":true,"href":"https:\/\/www.deltadanse.com\/es\/wp-json\/wp\/v2\/users\/9"}],"replies":[{"embeddable":true,"href":"https:\/\/www.deltadanse.com\/es\/wp-json\/wp\/v2\/comments?post=8702"}],"version-history":[{"count":0,"href":"https:\/\/www.deltadanse.com\/es\/wp-json\/wp\/v2\/pages\/8702\/revisions"}],"up":[{"embeddable":true,"href":"https:\/\/www.deltadanse.com\/es\/wp-json\/wp\/v2\/pages\/6758"}],"wp:featuredmedia":[{"embeddable":true,"href":"https:\/\/www.deltadanse.com\/es\/wp-json\/wp\/v2\/media\/11572"}],"wp:attachment":[{"href":"https:\/\/www.deltadanse.com\/es\/wp-json\/wp\/v2\/media?parent=8702"}],"wp:term":[{"taxonomy":"choregraphe","embeddable":true,"href":"https:\/\/www.deltadanse.com\/es\/wp-json\/wp\/v2\/choregraphe?post=8702"},{"taxonomy":"directeur-artistique","embeddable":true,"href":"https:\/\/www.deltadanse.com\/es\/wp-json\/wp\/v2\/directeur-artistique?post=8702"}],"curies":[{"name":"wp","href":"https:\/\/api.w.org\/{rel}","templated":true}]}}