{"id":9603,"date":"2024-09-11T14:30:05","date_gmt":"2024-09-11T12:30:05","guid":{"rendered":"https:\/\/www.deltadanse.com\/?page_id=9603"},"modified":"2026-04-09T17:10:08","modified_gmt":"2026-04-09T15:10:08","slug":"junior-ballet-de-lopera-de-paris","status":"publish","type":"page","link":"https:\/\/www.deltadanse.com\/es\/companias-delta-danse\/junior-ballet-de-lopera-de-paris\/","title":{"rendered":"Junior Ballet de l&#8217;Op\u00e9ra national de Paris"},"content":{"rendered":"<div class=\"wpb-content-wrapper\"><p>[vc_row unlock_row_content=\u00bbyes\u00bb row_height_percent=\u00bb0&#8243; override_padding=\u00bbyes\u00bb h_padding=\u00bb7&#8243; top_padding=\u00bb2&#8243; bottom_padding=\u00bb2&#8243; overlay_alpha=\u00bb50&#8243; gutter_size=\u00bb3&#8243; column_width_percent=\u00bb100&#8243; shift_y=\u00bb0&#8243; z_index=\u00bb0&#8243; uncode_shortcode_id=\u00bb347231&#8243;][vc_column column_width_percent=\u00bb100&#8243; align_horizontal=\u00bbalign_center\u00bb gutter_size=\u00bb2&#8243; overlay_alpha=\u00bb50&#8243; shift_x=\u00bb0&#8243; shift_y=\u00bb0&#8243; shift_y_down=\u00bb0&#8243; z_index=\u00bb0&#8243; medium_width=\u00bb0&#8243; mobile_width=\u00bb0&#8243; width=\u00bb7\/12&#8243; uncode_shortcode_id=\u00bb850447&#8243;][vc_row_inner row_inner_height_percent=\u00bb0&#8243; overlay_alpha=\u00bb50&#8243; gutter_size=\u00bb3&#8243; shift_y=\u00bb3&#8243; z_index=\u00bb7&#8243; uncode_shortcode_id=\u00bb710303&#8243; limit_content=\u00bb\u00bb][vc_column_inner column_width_percent=\u00bb100&#8243; align_horizontal=\u00bbalign_center\u00bb gutter_size=\u00bb3&#8243; overlay_alpha=\u00bb50&#8243; shift_x=\u00bb0&#8243; shift_y=\u00bb0&#8243; shift_y_down=\u00bb0&#8243; z_index=\u00bb0&#8243; medium_width=\u00bb0&#8243; mobile_width=\u00bb0&#8243; width=\u00bb1\/1&#8243; uncode_shortcode_id=\u00bb818021&#8243;][vc_custom_heading text_color=\u00bbcolor-400934&#8243; heading_semantic=\u00bbh1&#8243; text_size=\u00bbfontsize-200930&#8243; text_height=\u00bbfontheight-208833&#8243; uncode_shortcode_id=\u00bb160030&#8243; text_color_type=\u00bbuncode-palette\u00bb]Junior Ballet de l&#8217;Op\u00e9ra national de Paris[\/vc_custom_heading][\/vc_column_inner][\/vc_row_inner][vc_row_inner row_inner_height_percent=\u00bb0&#8243; overlay_alpha=\u00bb50&#8243; gutter_size=\u00bb3&#8243; shift_y=\u00bb-4&#8243; z_index=\u00bb0&#8243; uncode_shortcode_id=\u00bb130404&#8243; limit_content=\u00bb\u00bb][vc_column_inner column_width_percent=\u00bb100&#8243; gutter_size=\u00bb3&#8243; overlay_alpha=\u00bb50&#8243; shift_x=\u00bb0&#8243; shift_y=\u00bb-3&#8243; shift_y_down=\u00bb0&#8243; z_index=\u00bb0&#8243; medium_width=\u00bb0&#8243; mobile_width=\u00bb0&#8243; width=\u00bb1\/1&#8243; uncode_shortcode_id=\u00bb776763&#8243;][vc_gallery el_id=\u00bbgallery-191160&#8243; type=\u00bbcarousel\u00bb random=\u00bbyes\u00bb medias=\u00bb12974,12175,12172,12169,12165,12162,12159,12156,12153&#8243; carousel_lg=\u00bb1&#8243; carousel_md=\u00bb1&#8243; carousel_sm=\u00bb1&#8243; gutter_size=\u00bb3&#8243; media_items=\u00bbmedia|nolink|original,icon\u00bb carousel_interval=\u00bb3000&#8243; carousel_navspeed=\u00bb400&#8243; carousel_loop=\u00bbyes\u00bb stage_padding=\u00bb0&#8243; single_overlay_opacity=\u00bb50&#8243; single_overlay_anim=\u00bbno\u00bb single_text_anim=\u00bbno\u00bb single_image_anim=\u00bbno\u00bb single_padding=\u00bb2&#8243; single_title_semantic=\u00bbh2&#8243; uncode_shortcode_id=\u00bb749975&#8243; el_class=\u00bbcarrousel-compagnie\u00bb][vc_empty_space empty_h=\u00bb2&#8243; medium_visibility=\u00bbyes\u00bb mobile_visibility=\u00bbyes\u00bb][\/vc_column_inner][\/vc_row_inner][vc_row_inner limit_content=\u00bb\u00bb][vc_column_inner column_width_percent=\u00bb100&#8243; gutter_size=\u00bb3&#8243; overlay_alpha=\u00bb50&#8243; shift_x=\u00bb0&#8243; shift_y=\u00bb0&#8243; shift_y_down=\u00bb0&#8243; z_index=\u00bb0&#8243; medium_visibility=\u00bbyes\u00bb medium_width=\u00bb0&#8243; mobile_visibility=\u00bbyes\u00bb mobile_width=\u00bb0&#8243; width=\u00bb1\/6&#8243; uncode_shortcode_id=\u00bb612384&#8243;][\/vc_column_inner][vc_column_inner column_width_percent=\u00bb100&#8243; gutter_size=\u00bb2&#8243; overlay_alpha=\u00bb50&#8243; shift_x=\u00bb0&#8243; shift_y=\u00bb0&#8243; shift_y_down=\u00bb0&#8243; z_index=\u00bb0&#8243; medium_width=\u00bb0&#8243; mobile_width=\u00bb0&#8243; width=\u00bb2\/3&#8243; uncode_shortcode_id=\u00bb197102&#8243;][calendar_season style=\u00bbcompany\u00bb company=\u00bbjunior-ballet-opera-paris\u00bb][\/vc_column_inner][vc_column_inner column_width_percent=\u00bb100&#8243; gutter_size=\u00bb3&#8243; overlay_alpha=\u00bb50&#8243; shift_x=\u00bb0&#8243; shift_y=\u00bb0&#8243; shift_y_down=\u00bb0&#8243; z_index=\u00bb0&#8243; medium_visibility=\u00bbyes\u00bb medium_width=\u00bb0&#8243; mobile_visibility=\u00bbyes\u00bb mobile_width=\u00bb0&#8243; width=\u00bb1\/6&#8243; uncode_shortcode_id=\u00bb171375&#8243;][\/vc_column_inner][\/vc_row_inner][\/vc_column][vc_column column_width_percent=\u00bb100&#8243; gutter_size=\u00bb2&#8243; override_padding=\u00bbyes\u00bb column_padding=\u00bb3&#8243; overlay_alpha=\u00bb50&#8243; shift_x=\u00bb0&#8243; shift_y=\u00bb0&#8243; shift_y_down=\u00bb0&#8243; z_index=\u00bb0&#8243; medium_width=\u00bb0&#8243; mobile_width=\u00bb0&#8243; width=\u00bb5\/12&#8243; uncode_shortcode_id=\u00bb125466&#8243; el_class=\u00bbcontenu-compagnie\u00bb][vc_row_inner limit_content=\u00bb\u00bb][vc_column_inner column_width_percent=\u00bb100&#8243; gutter_size=\u00bb2&#8243; overlay_alpha=\u00bb50&#8243; shift_x=\u00bb0&#8243; shift_y=\u00bb0&#8243; shift_y_down=\u00bb0&#8243; z_index=\u00bb0&#8243; medium_width=\u00bb0&#8243; mobile_width=\u00bb0&#8243; width=\u00bb1\/1&#8243; uncode_shortcode_id=\u00bb727088&#8243;][vc_custom_heading text_color=\u00bbaccent\u00bb heading_semantic=\u00bbp\u00bb uncode_shortcode_id=\u00bb101844&#8243; text_color_type=\u00bbuncode-palette\u00bb]Junior Ballet de l&#8217;Op\u00e9ra national de Paris[\/vc_custom_heading][vc_custom_heading heading_semantic=\u00bbh3&#8243; text_font=\u00bbfont-114625&#8243; text_size=\u00bbh5&#8243; text_weight=\u00bb700&#8243; uncode_shortcode_id=\u00bb845465&#8243;]Director de Danza : Jos\u00e9 Martinez[\/vc_custom_heading][vc_column_text uncode_shortcode_id=\u00bb246798&#8243;]<\/p>\n<p class=\"p1\"><a href=\"http:\/\/www.operadeparis.fr\"><span class=\"s1\">www.operadeparis.fr<\/span><span class=\"s2\"><br \/>\n<\/span><\/a><\/p>\n<p>[\/vc_column_text][vc_empty_space empty_h=\u00bb2&#8243;][\/vc_column_inner][\/vc_row_inner][vc_column_text uncode_shortcode_id=\u00bb188660&#8243; el_class=\u00bblineHeight\u00bb]<\/p>\n<p class=\"p1\">Bajo la direcci\u00f3n de Jos\u00e9 Martinez, Director de la Danza de la \u00d3pera Nacional de Par\u00eds, la creaci\u00f3n del Junior Ballet refleja la voluntad de la \u00d3pera de Par\u00eds de estar siempre en movimiento y de proponer formas innovadoras de creaci\u00f3n, formaci\u00f3n y transmisi\u00f3n, al mismo tiempo que se preserva el legado secular de la instituci\u00f3n.<\/p>\n<p class=\"p1\">Dise\u00f1ado como un vivero de j\u00f3venes talentos, el Junior Ballet de la \u00d3pera Nacional de Par\u00eds busca abordar varios desaf\u00edos: diversificar los perfiles de los bailarines, favorecer su inserci\u00f3n profesional, confirmar los v\u00ednculos entre la Escuela de Danza y el Ballet, y fortalecer la apertura al p\u00fablico a trav\u00e9s de giras y acciones de mediaci\u00f3n.<\/p>\n<p class=\"p1\">Al ofrecer al p\u00fablico una programaci\u00f3n m\u00e1s ligera, compuesta de entradas al repertorio y creaciones contempor\u00e1neas, el Junior Ballet favorece el c\u00edrculo virtuoso de la transmisi\u00f3n y enriquece la temporada coreogr\u00e1fica de la \u00d3pera de Par\u00eds. Pensado como una herramienta de apertura a nuevos p\u00fablicos, responde a los desaf\u00edos de difusi\u00f3n de la oferta coreogr\u00e1fica tanto a nivel nacional como internacional. Adem\u00e1s, llevar\u00e1 a cabo acciones de mediaci\u00f3n art\u00edstica y cultural en toda Francia (encuentros, talleres pr\u00e1cticos, clases en escena), en paralelo a las giras.<\/p>\n<p class=\"p1\">El programa del Junior Ballet est\u00e1 dise\u00f1ado para alternar per\u00edodos de formaci\u00f3n intensiva y representaciones en el escenario. A lo largo de estos dos a\u00f1os de profesionalizaci\u00f3n, los bailarines profundizar\u00e1n en su dominio del repertorio cl\u00e1sico y contempor\u00e1neo de la \u00d3pera Nacional de Par\u00eds, fortalecer\u00e1n su t\u00e9cnica y la calidad de su interpretaci\u00f3n, y vivir\u00e1n la experiencia del escenario a trav\u00e9s de representaciones permanentes y giras.<\/p>\n<p class=\"p1\">Al dar la oportunidad a talentos de todo el mundo, el Junior Ballet refleja la voluntad de diversificar el perfil de los bailarines que se presentan en los escenarios de la \u00d3pera Nacional de Par\u00eds, en consonancia con los compromisos de la instituci\u00f3n en materia de diversidad e inclusi\u00f3n.<\/p>\n<p>[\/vc_column_text][vc_empty_space][vc_custom_heading text_color=\u00bbaccent\u00bb heading_semantic=\u00bbh3&#8243; uncode_shortcode_id=\u00bb115525&#8243; text_color_type=\u00bbuncode-palette\u00bb]Lo que dice la prensa[\/vc_custom_heading][vc_column_text uncode_shortcode_id=\u00bb167716&#8243; el_class=\u00bblineHeight\u00bb]<\/p>\n<article class=\"text-token-text-primary w-full focus:outline-none scroll-mt-[calc(var(--header-height)+min(200px,max(70px,20svh)))]\" dir=\"auto\" tabindex=\"-1\" data-turn-id=\"request-WEB:912a6545-72f2-4184-bbc3-c29c0d0c7de8-1\" data-testid=\"conversation-turn-4\" data-scroll-anchor=\"true\" data-turn=\"assistant\">\n<div class=\"text-base my-auto mx-auto pb-10 [--thread-content-margin:--spacing(4)] @[37rem]:[--thread-content-margin:--spacing(6)] @[72rem]:[--thread-content-margin:--spacing(16)] px-(--thread-content-margin)\">\n<div class=\"[--thread-content-max-width:32rem] @[34rem]:[--thread-content-max-width:40rem] @[64rem]:[--thread-content-max-width:48rem] mx-auto max-w-(--thread-content-max-width) flex-1 group\/turn-messages focus-visible:outline-hidden relative flex w-full min-w-0 flex-col agent-turn\" tabindex=\"-1\">\n<div class=\"flex max-w-full flex-col grow\">\n<div class=\"min-h-8 text-message relative flex w-full flex-col items-end gap-2 text-start break-words whitespace-normal [.text-message+&amp;]:mt-5\" dir=\"auto\" data-message-author-role=\"assistant\" data-message-id=\"510a674e-0e17-47c5-a8f0-d5d36e19c3cf\" data-message-model-slug=\"gpt-4o\">\n<div class=\"flex w-full flex-col gap-1 empty:hidden first:pt-[3px]\">\n<div class=\"markdown prose dark:prose-invert w-full break-words dark\">\n<p data-start=\"40\" data-end=\"480\"><em>\u201cEsta velada con el Junior Ballet de la \u00d3pera de Par\u00eds ofreci\u00f3 mucho m\u00e1s que un simple panorama de la historia de la danza. Bajo el impulso de Jos\u00e9 Martinez, estos j\u00f3venes int\u00e9rpretes, en los albores de su carrera, demostraron con brillantez que ya son dignos herederos de una tradici\u00f3n viva, abierta a todas las influencias. Un homenaje vibrante a la danza, a sus maestros y a su constante renovaci\u00f3n.\u201d<\/em><\/p>\n<p data-start=\"40\" data-end=\"480\"><strong>Victor Ducrest, <em>Marie-C\u00e9line<\/em><\/strong><\/p>\n<\/div>\n<\/div>\n<\/div>\n<\/div>\n<\/div>\n<\/div>\n<\/article>\n<div class=\"pointer-events-none h-px w-px\" aria-hidden=\"true\" data-edge=\"true\"><\/div>\n<p>[\/vc_column_text][vc_column_text uncode_shortcode_id=\u00bb118835&#8243; el_class=\u00bblineHeight\u00bb]<\/p>\n<article class=\"text-token-text-primary w-full focus:outline-none scroll-mt-[calc(var(--header-height)+min(200px,max(70px,20svh)))]\" dir=\"auto\" tabindex=\"-1\" data-turn-id=\"request-WEB:912a6545-72f2-4184-bbc3-c29c0d0c7de8-1\" data-testid=\"conversation-turn-4\" data-scroll-anchor=\"true\" data-turn=\"assistant\">\n<div class=\"text-base my-auto mx-auto pb-10 [--thread-content-margin:--spacing(4)] @[37rem]:[--thread-content-margin:--spacing(6)] @[72rem]:[--thread-content-margin:--spacing(16)] px-(--thread-content-margin)\">\n<div class=\"[--thread-content-max-width:32rem] @[34rem]:[--thread-content-max-width:40rem] @[64rem]:[--thread-content-max-width:48rem] mx-auto max-w-(--thread-content-max-width) flex-1 group\/turn-messages focus-visible:outline-hidden relative flex w-full min-w-0 flex-col agent-turn\" tabindex=\"-1\">\n<div class=\"flex max-w-full flex-col grow\">\n<div class=\"min-h-8 text-message relative flex w-full flex-col items-end gap-2 text-start break-words whitespace-normal [.text-message+&amp;]:mt-5\" dir=\"auto\" data-message-author-role=\"assistant\" data-message-id=\"510a674e-0e17-47c5-a8f0-d5d36e19c3cf\" data-message-model-slug=\"gpt-4o\">\n<div class=\"flex w-full flex-col gap-1 empty:hidden first:pt-[3px]\">\n<div class=\"markdown prose dark:prose-invert w-full break-words dark\">\n<p data-start=\"482\" data-end=\"763\" data-is-last-node=\"\" data-is-only-node=\"\"><em>\u201cEl trabajo de puntas es refinado y preciso, las secuencias y los entrelazamientos son impecables, [\u2026] la musicalidad est\u00e1 presente a pesar del ritmo infernal. [\u2026] En escena demuestran un compromiso y un entusiasmo constantes.\u201d<\/em><\/p>\n<p data-start=\"482\" data-end=\"763\" data-is-last-node=\"\" data-is-only-node=\"\"><strong>Jean-Fr\u00e9d\u00e9ric Saumont, <em data-start=\"741\" data-end=\"763\" data-is-last-node=\"\">Danses avec la plume<\/em><\/strong><\/p>\n<\/div>\n<\/div>\n<\/div>\n<\/div>\n<\/div>\n<\/div>\n<\/article>\n<div class=\"pointer-events-none h-px w-px\" aria-hidden=\"true\" data-edge=\"true\"><\/div>\n<p>[\/vc_column_text][vc_empty_space][\/vc_column][\/vc_row][vc_row row_height_percent=\u00bb0&#8243; overlay_alpha=\u00bb50&#8243; gutter_size=\u00bb3&#8243; column_width_percent=\u00bb100&#8243; shift_y=\u00bb0&#8243; z_index=\u00bb0&#8243; uncode_shortcode_id=\u00bb607236&#8243;][vc_column column_width_percent=\u00bb100&#8243; align_horizontal=\u00bbalign_center\u00bb gutter_size=\u00bb3&#8243; overlay_alpha=\u00bb50&#8243; shift_x=\u00bb0&#8243; shift_y=\u00bb0&#8243; shift_y_down=\u00bb0&#8243; z_index=\u00bb0&#8243; medium_width=\u00bb0&#8243; mobile_width=\u00bb0&#8243; width=\u00bb1\/1&#8243; uncode_shortcode_id=\u00bb853687&#8243;][vc_custom_heading text_color=\u00bbcolor-190155&#8243; heading_semantic=\u00bbp\u00bb uncode_shortcode_id=\u00bb159081&#8243; text_color_type=\u00bbuncode-palette\u00bb]<a href=\"https:\/\/www.deltadanse.com\/repertoires\/\">En el repertorio<\/a>[\/vc_custom_heading][uncode_index el_id=\u00bbindex-537495863&#8243; index_type=\u00bbcarousel\u00bb loop=\u00bbsize:3|order_by:date|post_type:page|tax_query:231|taxonomy_count:10&#8243; carousel_lg=\u00bb3&#8243; carousel_md=\u00bb2&#8243; carousel_sm=\u00bb1&#8243; thumb_size=\u00bbthree-two\u00bb gutter_size=\u00bb3&#8243; post_items=\u00bbmedia|featured|onpost|poster,date,title,text|excerpt|90,category|bordered|topright|hide-icon,sep-one|full,extra\u00bb page_items=\u00bbmedia|featured|onpost|original,title,text|excerpt,link|link|small_size|D\u00e9couvrir\u00bb carousel_interval=\u00bb3000&#8243; carousel_navspeed=\u00bb400&#8243; carousel_dots=\u00bbyes\u00bb carousel_dots_space=\u00bbyes\u00bb carousel_dots_mobile=\u00bbyes\u00bb stage_padding=\u00bb0&#8243; single_back_color=\u00bbcolor-563873&#8243; single_overlay_opacity=\u00bb50&#8243; single_text_visible=\u00bbyes\u00bb single_text_anim=\u00bbno\u00bb single_padding=\u00bb2&#8243; single_title_dimension=\u00bbh3&#8243; single_text_lead=\u00bbsmall\u00bb single_border=\u00bbyes\u00bb uncode_shortcode_id=\u00bb115522&#8243;][\/vc_column][\/vc_row][vc_row][vc_column width=\u00bb1\/1&#8243;][uncode_block id=\u00bb3542&#8243;][\/vc_column][\/vc_row]<\/p>\n<\/div>","protected":false},"excerpt":{"rendered":"<p>La creaci\u00f3n del Junior Ballet refleja la voluntad de la \u00d3pera de Par\u00eds de estar siempre en movimiento y de proponer formas innovadoras de creaci\u00f3n, formaci\u00f3n y transmisi\u00f3n, al mismo tiempo que se preserva el legado secular de la instituci\u00f3n.<\/p>\n","protected":false},"author":9,"featured_media":12057,"parent":6758,"menu_order":0,"comment_status":"closed","ping_status":"closed","template":"","meta":{"footnotes":""},"choregraphe":[],"directeur-artistique":[238],"class_list":["post-9603","page","type-page","status-publish","has-post-thumbnail","hentry","directeur-artistique-jose-martinez","page_category-companias"],"yoast_head":"<!-- This site is optimized with the Yoast SEO plugin v27.4 - https:\/\/yoast.com\/product\/yoast-seo-wordpress\/ -->\n<title>Junior Ballet de l&#039;Op\u00e9ra national de Paris I Delta Danse<\/title>\n<meta name=\"description\" content=\"La creaci\u00f3n del Junior Ballet refleja la voluntad de la \u00d3pera de Par\u00eds de estar siempre en movimiento y de proponer formas innovadoras de creaci\u00f3n, formaci\u00f3n y transmisi\u00f3n, al mismo tiempo que se preserva el legado secular de la instituci\u00f3n.\" \/>\n<meta name=\"robots\" content=\"index, follow, max-snippet:-1, max-image-preview:large, max-video-preview:-1\" \/>\n<link rel=\"canonical\" href=\"https:\/\/www.deltadanse.com\/es\/companias-delta-danse\/junior-ballet-de-lopera-de-paris\/\" \/>\n<meta property=\"og:locale\" content=\"es_ES\" \/>\n<meta property=\"og:type\" content=\"article\" \/>\n<meta property=\"og:title\" content=\"Junior Ballet de l&#039;Op\u00e9ra national de Paris I Delta Danse\" \/>\n<meta property=\"og:description\" content=\"La creaci\u00f3n del Junior Ballet refleja la voluntad de la \u00d3pera de Par\u00eds de estar siempre en movimiento y de proponer formas innovadoras de creaci\u00f3n, formaci\u00f3n y transmisi\u00f3n, al mismo tiempo que se preserva el legado secular de la instituci\u00f3n.\" \/>\n<meta property=\"og:url\" content=\"https:\/\/www.deltadanse.com\/es\/companias-delta-danse\/junior-ballet-de-lopera-de-paris\/\" \/>\n<meta property=\"og:site_name\" content=\"Delta Danse\" \/>\n<meta property=\"article:modified_time\" content=\"2026-04-09T15:10:08+00:00\" \/>\n<meta property=\"og:image\" content=\"https:\/\/www.deltadanse.com\/wp-content\/uploads\/2025\/07\/Z80_3250_JUNIOR-BALLET-c-Julien-Benhamou-OnP.jpg\" \/>\n\t<meta property=\"og:image:width\" content=\"1890\" \/>\n\t<meta property=\"og:image:height\" content=\"1260\" \/>\n\t<meta property=\"og:image:type\" content=\"image\/jpeg\" \/>\n<meta name=\"twitter:card\" content=\"summary_large_image\" \/>\n<meta name=\"twitter:label1\" content=\"Tiempo de lectura\" \/>\n\t<meta name=\"twitter:data1\" content=\"4 minutos\" \/>\n<script type=\"application\/ld+json\" class=\"yoast-schema-graph\">{\"@context\":\"https:\\\/\\\/schema.org\",\"@graph\":[{\"@type\":\"WebPage\",\"@id\":\"https:\\\/\\\/www.deltadanse.com\\\/es\\\/companias-delta-danse\\\/junior-ballet-de-lopera-de-paris\\\/\",\"url\":\"https:\\\/\\\/www.deltadanse.com\\\/es\\\/companias-delta-danse\\\/junior-ballet-de-lopera-de-paris\\\/\",\"name\":\"Junior Ballet de l'Op\u00e9ra national de Paris I Delta Danse\",\"isPartOf\":{\"@id\":\"https:\\\/\\\/www.deltadanse.com\\\/es\\\/#website\"},\"primaryImageOfPage\":{\"@id\":\"https:\\\/\\\/www.deltadanse.com\\\/es\\\/companias-delta-danse\\\/junior-ballet-de-lopera-de-paris\\\/#primaryimage\"},\"image\":{\"@id\":\"https:\\\/\\\/www.deltadanse.com\\\/es\\\/companias-delta-danse\\\/junior-ballet-de-lopera-de-paris\\\/#primaryimage\"},\"thumbnailUrl\":\"https:\\\/\\\/www.deltadanse.com\\\/wp-content\\\/uploads\\\/2025\\\/07\\\/Z80_3250_JUNIOR-BALLET-c-Julien-Benhamou-OnP.jpg\",\"datePublished\":\"2024-09-11T12:30:05+00:00\",\"dateModified\":\"2026-04-09T15:10:08+00:00\",\"description\":\"La creaci\u00f3n del Junior Ballet refleja la voluntad de la \u00d3pera de Par\u00eds de estar siempre en movimiento y de proponer formas innovadoras de creaci\u00f3n, formaci\u00f3n y transmisi\u00f3n, al mismo tiempo que se preserva el legado secular de la instituci\u00f3n.\",\"breadcrumb\":{\"@id\":\"https:\\\/\\\/www.deltadanse.com\\\/es\\\/companias-delta-danse\\\/junior-ballet-de-lopera-de-paris\\\/#breadcrumb\"},\"inLanguage\":\"es\",\"potentialAction\":[{\"@type\":\"ReadAction\",\"target\":[\"https:\\\/\\\/www.deltadanse.com\\\/es\\\/companias-delta-danse\\\/junior-ballet-de-lopera-de-paris\\\/\"]}]},{\"@type\":\"ImageObject\",\"inLanguage\":\"es\",\"@id\":\"https:\\\/\\\/www.deltadanse.com\\\/es\\\/companias-delta-danse\\\/junior-ballet-de-lopera-de-paris\\\/#primaryimage\",\"url\":\"https:\\\/\\\/www.deltadanse.com\\\/wp-content\\\/uploads\\\/2025\\\/07\\\/Z80_3250_JUNIOR-BALLET-c-Julien-Benhamou-OnP.jpg\",\"contentUrl\":\"https:\\\/\\\/www.deltadanse.com\\\/wp-content\\\/uploads\\\/2025\\\/07\\\/Z80_3250_JUNIOR-BALLET-c-Julien-Benhamou-OnP.jpg\",\"width\":1890,\"height\":1260},{\"@type\":\"BreadcrumbList\",\"@id\":\"https:\\\/\\\/www.deltadanse.com\\\/es\\\/companias-delta-danse\\\/junior-ballet-de-lopera-de-paris\\\/#breadcrumb\",\"itemListElement\":[{\"@type\":\"ListItem\",\"position\":1,\"name\":\"Accueil\",\"item\":\"https:\\\/\\\/www.deltadanse.com\\\/es\\\/\"},{\"@type\":\"ListItem\",\"position\":2,\"name\":\"Compa\u00f1\u00edas\",\"item\":\"https:\\\/\\\/www.deltadanse.com\\\/es\\\/companias-delta-danse\\\/\"},{\"@type\":\"ListItem\",\"position\":3,\"name\":\"Junior Ballet de l&rsquo;Op\u00e9ra national de Paris\"}]},{\"@type\":\"WebSite\",\"@id\":\"https:\\\/\\\/www.deltadanse.com\\\/es\\\/#website\",\"url\":\"https:\\\/\\\/www.deltadanse.com\\\/es\\\/\",\"name\":\"Delta Danse\",\"description\":\"Just another WordPress site\",\"potentialAction\":[{\"@type\":\"SearchAction\",\"target\":{\"@type\":\"EntryPoint\",\"urlTemplate\":\"https:\\\/\\\/www.deltadanse.com\\\/es\\\/?s={search_term_string}\"},\"query-input\":{\"@type\":\"PropertyValueSpecification\",\"valueRequired\":true,\"valueName\":\"search_term_string\"}}],\"inLanguage\":\"es\"}]}<\/script>\n<!-- \/ Yoast SEO plugin. -->","yoast_head_json":{"title":"Junior Ballet de l'Op\u00e9ra national de Paris I Delta Danse","description":"La creaci\u00f3n del Junior Ballet refleja la voluntad de la \u00d3pera de Par\u00eds de estar siempre en movimiento y de proponer formas innovadoras de creaci\u00f3n, formaci\u00f3n y transmisi\u00f3n, al mismo tiempo que se preserva el legado secular de la instituci\u00f3n.","robots":{"index":"index","follow":"follow","max-snippet":"max-snippet:-1","max-image-preview":"max-image-preview:large","max-video-preview":"max-video-preview:-1"},"canonical":"https:\/\/www.deltadanse.com\/es\/companias-delta-danse\/junior-ballet-de-lopera-de-paris\/","og_locale":"es_ES","og_type":"article","og_title":"Junior Ballet de l'Op\u00e9ra national de Paris I Delta Danse","og_description":"La creaci\u00f3n del Junior Ballet refleja la voluntad de la \u00d3pera de Par\u00eds de estar siempre en movimiento y de proponer formas innovadoras de creaci\u00f3n, formaci\u00f3n y transmisi\u00f3n, al mismo tiempo que se preserva el legado secular de la instituci\u00f3n.","og_url":"https:\/\/www.deltadanse.com\/es\/companias-delta-danse\/junior-ballet-de-lopera-de-paris\/","og_site_name":"Delta Danse","article_modified_time":"2026-04-09T15:10:08+00:00","og_image":[{"width":1890,"height":1260,"url":"https:\/\/www.deltadanse.com\/wp-content\/uploads\/2025\/07\/Z80_3250_JUNIOR-BALLET-c-Julien-Benhamou-OnP.jpg","type":"image\/jpeg"}],"twitter_card":"summary_large_image","twitter_misc":{"Tiempo de lectura":"4 minutos"},"schema":{"@context":"https:\/\/schema.org","@graph":[{"@type":"WebPage","@id":"https:\/\/www.deltadanse.com\/es\/companias-delta-danse\/junior-ballet-de-lopera-de-paris\/","url":"https:\/\/www.deltadanse.com\/es\/companias-delta-danse\/junior-ballet-de-lopera-de-paris\/","name":"Junior Ballet de l'Op\u00e9ra national de Paris I Delta Danse","isPartOf":{"@id":"https:\/\/www.deltadanse.com\/es\/#website"},"primaryImageOfPage":{"@id":"https:\/\/www.deltadanse.com\/es\/companias-delta-danse\/junior-ballet-de-lopera-de-paris\/#primaryimage"},"image":{"@id":"https:\/\/www.deltadanse.com\/es\/companias-delta-danse\/junior-ballet-de-lopera-de-paris\/#primaryimage"},"thumbnailUrl":"https:\/\/www.deltadanse.com\/wp-content\/uploads\/2025\/07\/Z80_3250_JUNIOR-BALLET-c-Julien-Benhamou-OnP.jpg","datePublished":"2024-09-11T12:30:05+00:00","dateModified":"2026-04-09T15:10:08+00:00","description":"La creaci\u00f3n del Junior Ballet refleja la voluntad de la \u00d3pera de Par\u00eds de estar siempre en movimiento y de proponer formas innovadoras de creaci\u00f3n, formaci\u00f3n y transmisi\u00f3n, al mismo tiempo que se preserva el legado secular de la instituci\u00f3n.","breadcrumb":{"@id":"https:\/\/www.deltadanse.com\/es\/companias-delta-danse\/junior-ballet-de-lopera-de-paris\/#breadcrumb"},"inLanguage":"es","potentialAction":[{"@type":"ReadAction","target":["https:\/\/www.deltadanse.com\/es\/companias-delta-danse\/junior-ballet-de-lopera-de-paris\/"]}]},{"@type":"ImageObject","inLanguage":"es","@id":"https:\/\/www.deltadanse.com\/es\/companias-delta-danse\/junior-ballet-de-lopera-de-paris\/#primaryimage","url":"https:\/\/www.deltadanse.com\/wp-content\/uploads\/2025\/07\/Z80_3250_JUNIOR-BALLET-c-Julien-Benhamou-OnP.jpg","contentUrl":"https:\/\/www.deltadanse.com\/wp-content\/uploads\/2025\/07\/Z80_3250_JUNIOR-BALLET-c-Julien-Benhamou-OnP.jpg","width":1890,"height":1260},{"@type":"BreadcrumbList","@id":"https:\/\/www.deltadanse.com\/es\/companias-delta-danse\/junior-ballet-de-lopera-de-paris\/#breadcrumb","itemListElement":[{"@type":"ListItem","position":1,"name":"Accueil","item":"https:\/\/www.deltadanse.com\/es\/"},{"@type":"ListItem","position":2,"name":"Compa\u00f1\u00edas","item":"https:\/\/www.deltadanse.com\/es\/companias-delta-danse\/"},{"@type":"ListItem","position":3,"name":"Junior Ballet de l&rsquo;Op\u00e9ra national de Paris"}]},{"@type":"WebSite","@id":"https:\/\/www.deltadanse.com\/es\/#website","url":"https:\/\/www.deltadanse.com\/es\/","name":"Delta Danse","description":"Just another WordPress site","potentialAction":[{"@type":"SearchAction","target":{"@type":"EntryPoint","urlTemplate":"https:\/\/www.deltadanse.com\/es\/?s={search_term_string}"},"query-input":{"@type":"PropertyValueSpecification","valueRequired":true,"valueName":"search_term_string"}}],"inLanguage":"es"}]}},"_links":{"self":[{"href":"https:\/\/www.deltadanse.com\/es\/wp-json\/wp\/v2\/pages\/9603","targetHints":{"allow":["GET"]}}],"collection":[{"href":"https:\/\/www.deltadanse.com\/es\/wp-json\/wp\/v2\/pages"}],"about":[{"href":"https:\/\/www.deltadanse.com\/es\/wp-json\/wp\/v2\/types\/page"}],"author":[{"embeddable":true,"href":"https:\/\/www.deltadanse.com\/es\/wp-json\/wp\/v2\/users\/9"}],"replies":[{"embeddable":true,"href":"https:\/\/www.deltadanse.com\/es\/wp-json\/wp\/v2\/comments?post=9603"}],"version-history":[{"count":1,"href":"https:\/\/www.deltadanse.com\/es\/wp-json\/wp\/v2\/pages\/9603\/revisions"}],"predecessor-version":[{"id":12977,"href":"https:\/\/www.deltadanse.com\/es\/wp-json\/wp\/v2\/pages\/9603\/revisions\/12977"}],"up":[{"embeddable":true,"href":"https:\/\/www.deltadanse.com\/es\/wp-json\/wp\/v2\/pages\/6758"}],"wp:featuredmedia":[{"embeddable":true,"href":"https:\/\/www.deltadanse.com\/es\/wp-json\/wp\/v2\/media\/12057"}],"wp:attachment":[{"href":"https:\/\/www.deltadanse.com\/es\/wp-json\/wp\/v2\/media?parent=9603"}],"wp:term":[{"taxonomy":"choregraphe","embeddable":true,"href":"https:\/\/www.deltadanse.com\/es\/wp-json\/wp\/v2\/choregraphe?post=9603"},{"taxonomy":"directeur-artistique","embeddable":true,"href":"https:\/\/www.deltadanse.com\/es\/wp-json\/wp\/v2\/directeur-artistique?post=9603"}],"curies":[{"name":"wp","href":"https:\/\/api.w.org\/{rel}","templated":true}]}}