{"id":9729,"date":"2024-09-12T14:40:38","date_gmt":"2024-09-12T12:40:38","guid":{"rendered":"https:\/\/www.deltadanse.com\/?page_id=9729"},"modified":"2026-01-27T15:32:40","modified_gmt":"2026-01-27T14:32:40","slug":"the-collective-agreement","status":"publish","type":"page","link":"https:\/\/www.deltadanse.com\/es\/repertorio\/the-collective-agreement\/","title":{"rendered":"The Collective Agreement"},"content":{"rendered":"<div class=\"wpb-content-wrapper\"><p>[vc_row unlock_row_content=\u00bbyes\u00bb row_height_percent=\u00bb0&#8243; override_padding=\u00bbyes\u00bb h_padding=\u00bb7&#8243; top_padding=\u00bb2&#8243; bottom_padding=\u00bb2&#8243; overlay_alpha=\u00bb50&#8243; gutter_size=\u00bb3&#8243; column_width_percent=\u00bb100&#8243; shift_y=\u00bb0&#8243; z_index=\u00bb0&#8243; uncode_shortcode_id=\u00bb347231&#8243;][vc_column column_width_percent=\u00bb100&#8243; align_horizontal=\u00bbalign_center\u00bb gutter_size=\u00bb2&#8243; overlay_alpha=\u00bb50&#8243; shift_x=\u00bb0&#8243; shift_y=\u00bb0&#8243; shift_y_down=\u00bb0&#8243; z_index=\u00bb0&#8243; medium_width=\u00bb0&#8243; mobile_width=\u00bb0&#8243; width=\u00bb7\/12&#8243; uncode_shortcode_id=\u00bb850447&#8243;][vc_row_inner row_inner_height_percent=\u00bb0&#8243; overlay_alpha=\u00bb50&#8243; gutter_size=\u00bb3&#8243; shift_y=\u00bb0&#8243; z_index=\u00bb0&#8243; uncode_shortcode_id=\u00bb100565&#8243; limit_content=\u00bb\u00bb][vc_column_inner column_width_percent=\u00bb100&#8243; gutter_size=\u00bb3&#8243; overlay_alpha=\u00bb50&#8243; shift_x=\u00bb0&#8243; shift_y=\u00bb0&#8243; shift_y_down=\u00bb0&#8243; z_index=\u00bb0&#8243; medium_width=\u00bb0&#8243; mobile_width=\u00bb0&#8243; width=\u00bb1\/1&#8243; uncode_shortcode_id=\u00bb109405&#8243;][vc_gallery el_id=\u00bbgallery-191160&#8243; type=\u00bbcarousel\u00bb medias=\u00bb9753&#8243; carousel_lg=\u00bb1&#8243; carousel_md=\u00bb1&#8243; carousel_sm=\u00bb1&#8243; gutter_size=\u00bb3&#8243; media_items=\u00bbmedia|nolink|original,icon\u00bb carousel_interval=\u00bb3000&#8243; carousel_navspeed=\u00bb400&#8243; stage_padding=\u00bb0&#8243; single_overlay_opacity=\u00bb50&#8243; single_padding=\u00bb2&#8243; uncode_shortcode_id=\u00bb642303&#8243; el_class=\u00bbcarrousel-compagnie\u00bb][vc_empty_space empty_h=\u00bb2&#8243; medium_visibility=\u00bbyes\u00bb mobile_visibility=\u00bbyes\u00bb][\/vc_column_inner][\/vc_row_inner][vc_row_inner limit_content=\u00bb\u00bb][vc_column_inner width=\u00bb1\/6&#8243;][\/vc_column_inner][vc_column_inner column_width_percent=\u00bb100&#8243; gutter_size=\u00bb2&#8243; overlay_alpha=\u00bb50&#8243; shift_x=\u00bb0&#8243; shift_y=\u00bb0&#8243; shift_y_down=\u00bb0&#8243; z_index=\u00bb0&#8243; medium_width=\u00bb0&#8243; mobile_width=\u00bb0&#8243; width=\u00bb2\/3&#8243; uncode_shortcode_id=\u00bb160905&#8243;][calendar_season style=\u00bbrepertoire\u00bb repertoire=\u00bb9293&#8243;][\/vc_column_inner][vc_column_inner width=\u00bb1\/6&#8243;][\/vc_column_inner][\/vc_row_inner][\/vc_column][vc_column column_width_percent=\u00bb100&#8243; gutter_size=\u00bb2&#8243; override_padding=\u00bbyes\u00bb column_padding=\u00bb3&#8243; overlay_alpha=\u00bb50&#8243; shift_x=\u00bb0&#8243; shift_y=\u00bb0&#8243; shift_y_down=\u00bb0&#8243; z_index=\u00bb0&#8243; medium_width=\u00bb0&#8243; mobile_width=\u00bb0&#8243; width=\u00bb5\/12&#8243; uncode_shortcode_id=\u00bb172957&#8243; el_class=\u00bbcontenu-compagnie\u00bb][vc_row_inner limit_content=\u00bb\u00bb][vc_column_inner column_width_percent=\u00bb100&#8243; gutter_size=\u00bb2&#8243; overlay_alpha=\u00bb50&#8243; shift_x=\u00bb0&#8243; shift_y=\u00bb0&#8243; shift_y_down=\u00bb0&#8243; z_index=\u00bb0&#8243; medium_width=\u00bb0&#8243; mobile_width=\u00bb0&#8243; width=\u00bb1\/1&#8243; uncode_shortcode_id=\u00bb727088&#8243;][vc_custom_heading text_color=\u00bbaccent\u00bb heading_semantic=\u00bbh1&#8243; text_size=\u00bbfontsize-127449&#8243; uncode_shortcode_id=\u00bb247008&#8243; text_color_type=\u00bbuncode-palette\u00bb]The Collective Agreement[\/vc_custom_heading][vc_custom_heading text_size=\u00bbh4&#8243; text_weight=\u00bb600&#8243; uncode_shortcode_id=\u00bb186035&#8243;]<a href=\"https:\/\/www.deltadanse.com\/es\/companias-delta-danse\/alonzo-king-lines-ballet\/\">Alonzo King LINES Ballet<\/a>[\/vc_custom_heading][vc_column_text uncode_shortcode_id=\u00bb142095&#8243;]<\/p>\n<p class=\"p1\">Coreograf\u00eda Alonzo King<br \/>\nM\u00fasica Jason Moran<br \/>\nIluminaci\u00f3n Jim Campbell<\/p>\n<p class=\"p1\">Creado en 2018 para el Ballet de San Francisco<br \/>\nRepuesta en 2024 &#8211; Duraci\u00f3n 28min<\/p>\n<p>[\/vc_column_text][vc_empty_space empty_h=\u00bb2&#8243;][\/vc_column_inner][\/vc_row_inner][vc_column_text uncode_shortcode_id=\u00bb225758&#8243; el_class=\u00bblineHeight\u00bb]<\/p>\n<div style=\"padding: 56.25% 0 0 0; position: relative;\"><iframe style=\"position: absolute; top: 0; left: 0; width: 100%; height: 100%;\" title=\"Alonzo King LINES Ballet - The Collective Agreement\" src=\"https:\/\/player.vimeo.com\/video\/966451147?badge=0&amp;autopause=0&amp;player_id=0&amp;app_id=58479\" frameborder=\"0\" allowfullscreen=\"allowfullscreen\"><br \/>\n<\/iframe><\/div>\n<p><script src=\"https:\/\/player.vimeo.com\/api\/player.js\"><\/script><br \/>\n[\/vc_column_text][vc_column_text uncode_shortcode_id=\u00bb966448&#8243; el_class=\u00bblineHeight\u00bb]<\/p>\n<p class=\"p1\">Inicialmente encargado por el Ballet de San Francisco en 2018, <i>The Collective Agreement<\/i> se renueva gracias a la reinterpretaci\u00f3n de Alonzo King, a la t\u00e9cnica impecable de los bailarines del LINES Ballet y a la innovadora instalaci\u00f3n luminosa del artista Jim Campbell. El core\u00f3grafo colabora una vez m\u00e1s con el pianista de jazz Jason Moran para crear una qu\u00edmica art\u00edstica que dar\u00e1 al ballet una nueva resonancia.<\/p>\n<p class=\"p1\">La intimidad de los d\u00faos y conjuntos resuena con los ritmos progresivos de la partitura del compositor. La m\u00fasica fue grabada en estudio por la Orquesta Sinf\u00f3nica Nacional de Lituania, con Jason Moran al piano, quien firma su octava composici\u00f3n para el LINES Ballet.<\/p>\n<p>[\/vc_column_text][vc_empty_space][vc_custom_heading text_color=\u00bbaccent\u00bb uncode_shortcode_id=\u00bb212396&#8243; text_color_type=\u00bbuncode-palette\u00bb]Lo que dice la prensa[\/vc_custom_heading][vc_column_text uncode_shortcode_id=\u00bb175412&#8243; el_class=\u00bblineHeight\u00bb]<\/p>\n<p class=\"p2\">\u00ab El mensaje transmitido en <i>The Collective Agreement<\/i> es el de la comprensi\u00f3n, un tema que encuentra una profunda resonancia en el contexto actual. [\u2026] El equilibrio siempre cambiante entre la interdependencia y la individualidad se encarna en la coreograf\u00eda, a la vez matizada y din\u00e1mica. \u00bb<\/p>\n<p class=\"p3\"><b>Stephi Wild, <i>Broadway World<\/i><\/b><\/p>\n<p>[\/vc_column_text][\/vc_column][\/vc_row][vc_row row_height_percent=\u00bb0&#8243; overlay_alpha=\u00bb50&#8243; gutter_size=\u00bb3&#8243; column_width_percent=\u00bb100&#8243; shift_y=\u00bb0&#8243; z_index=\u00bb0&#8243; uncode_shortcode_id=\u00bb607236&#8243;][vc_column width=\u00bb2\/12&#8243;][\/vc_column][vc_column column_width_percent=\u00bb100&#8243; align_horizontal=\u00bbalign_center\u00bb gutter_size=\u00bb3&#8243; overlay_alpha=\u00bb50&#8243; shift_x=\u00bb0&#8243; shift_y=\u00bb0&#8243; shift_y_down=\u00bb0&#8243; z_index=\u00bb0&#8243; medium_width=\u00bb0&#8243; mobile_width=\u00bb0&#8243; width=\u00bb2\/3&#8243; uncode_shortcode_id=\u00bb853687&#8243;][vc_custom_heading text_color=\u00bbcolor-190155&#8243; uncode_shortcode_id=\u00bb529001&#8243; text_color_type=\u00bbuncode-palette\u00bb]En el repertorio[\/vc_custom_heading][uncode_index el_id=\u00bbindex-537495863&#8243; index_type=\u00bbcarousel\u00bb loop=\u00bbsize:3|order_by:date|post_type:page|tax_query:5|taxonomy_count:10&#8243; carousel_lg=\u00bb2&#8243; carousel_md=\u00bb2&#8243; carousel_sm=\u00bb1&#8243; thumb_size=\u00bbthree-two\u00bb gutter_size=\u00bb3&#8243; post_items=\u00bbmedia|featured|onpost|poster,date,title,text|excerpt|90,category|bordered|topright|hide-icon,sep-one|full,extra\u00bb page_items=\u00bbmedia|featured|onpost|original,title,text|excerpt,link|link|small_size|D\u00e9couvrir\u00bb carousel_interval=\u00bb3000&#8243; carousel_navspeed=\u00bb400&#8243; carousel_dots=\u00bbyes\u00bb carousel_dots_space=\u00bbyes\u00bb carousel_dots_mobile=\u00bbyes\u00bb stage_padding=\u00bb0&#8243; single_back_color=\u00bbcolor-563873&#8243; single_overlay_opacity=\u00bb50&#8243; single_text_visible=\u00bbyes\u00bb single_text_anim=\u00bbno\u00bb single_padding=\u00bb2&#8243; single_title_dimension=\u00bbh4&#8243; single_title_weight=\u00bb600&#8243; single_text_lead=\u00bbsmall\u00bb single_border=\u00bbyes\u00bb uncode_shortcode_id=\u00bb212666&#8243;][\/vc_column][vc_column width=\u00bb2\/12&#8243;][\/vc_column][\/vc_row][vc_row][vc_column width=\u00bb1\/1&#8243;][uncode_block id=\u00bb3542&#8243;][\/vc_column][\/vc_row]<\/p>\n<\/div>","protected":false},"excerpt":{"rendered":"<p>El core\u00f3grafo colabora una vez m\u00e1s con el pianista de jazz Jason Moran para crear una qu\u00edmica art\u00edstica que dar\u00e1 al ballet una nueva resonancia. <\/p>\n","protected":false},"author":9,"featured_media":9761,"parent":6729,"menu_order":0,"comment_status":"closed","ping_status":"closed","template":"","meta":{"footnotes":""},"choregraphe":[119],"directeur-artistique":[],"class_list":["post-9729","page","type-page","status-publish","has-post-thumbnail","hentry","choregraphe-alonzo-king","page_category-alonzo-king-lines-ballet-es"],"yoast_head":"<!-- This site is optimized with the Yoast SEO plugin v27.4 - https:\/\/yoast.com\/product\/yoast-seo-wordpress\/ -->\n<title>The Collective Agreement I Alonzo King LINES Ballet I Delta Danse<\/title>\n<meta name=\"description\" content=\"El core\u00f3grafo colabora una vez m\u00e1s con el pianista de jazz Jason Moran para crear una qu\u00edmica art\u00edstica que dar\u00e1 al ballet una nueva resonancia.\" \/>\n<meta name=\"robots\" content=\"index, follow, max-snippet:-1, max-image-preview:large, max-video-preview:-1\" \/>\n<link rel=\"canonical\" href=\"https:\/\/www.deltadanse.com\/es\/repertorio\/the-collective-agreement\/\" \/>\n<meta property=\"og:locale\" content=\"es_ES\" \/>\n<meta property=\"og:type\" content=\"article\" \/>\n<meta property=\"og:title\" content=\"The Collective Agreement I Alonzo King LINES Ballet I Delta Danse\" \/>\n<meta property=\"og:description\" content=\"El core\u00f3grafo colabora una vez m\u00e1s con el pianista de jazz Jason Moran para crear una qu\u00edmica art\u00edstica que dar\u00e1 al ballet una nueva resonancia.\" \/>\n<meta property=\"og:url\" content=\"https:\/\/www.deltadanse.com\/es\/repertorio\/the-collective-agreement\/\" \/>\n<meta property=\"og:site_name\" content=\"Delta Danse\" \/>\n<meta property=\"article:modified_time\" content=\"2026-01-27T14:32:40+00:00\" \/>\n<meta property=\"og:image\" content=\"https:\/\/www.deltadanse.com\/wp-content\/uploads\/2024\/09\/Alonzo-King-LINES-Ballet-_-Josh-Francique-_-Version-1-_-\u00a9-RJ-Muna-scaled.jpg\" \/>\n\t<meta property=\"og:image:width\" content=\"2560\" \/>\n\t<meta property=\"og:image:height\" content=\"1554\" \/>\n\t<meta property=\"og:image:type\" content=\"image\/jpeg\" \/>\n<meta name=\"twitter:card\" content=\"summary_large_image\" \/>\n<meta name=\"twitter:label1\" content=\"Tiempo de lectura\" \/>\n\t<meta name=\"twitter:data1\" content=\"3 minutos\" \/>\n<script type=\"application\/ld+json\" class=\"yoast-schema-graph\">{\"@context\":\"https:\\\/\\\/schema.org\",\"@graph\":[{\"@type\":\"WebPage\",\"@id\":\"https:\\\/\\\/www.deltadanse.com\\\/es\\\/repertorio\\\/the-collective-agreement\\\/\",\"url\":\"https:\\\/\\\/www.deltadanse.com\\\/es\\\/repertorio\\\/the-collective-agreement\\\/\",\"name\":\"The Collective Agreement I Alonzo King LINES Ballet I Delta Danse\",\"isPartOf\":{\"@id\":\"https:\\\/\\\/www.deltadanse.com\\\/es\\\/#website\"},\"primaryImageOfPage\":{\"@id\":\"https:\\\/\\\/www.deltadanse.com\\\/es\\\/repertorio\\\/the-collective-agreement\\\/#primaryimage\"},\"image\":{\"@id\":\"https:\\\/\\\/www.deltadanse.com\\\/es\\\/repertorio\\\/the-collective-agreement\\\/#primaryimage\"},\"thumbnailUrl\":\"https:\\\/\\\/www.deltadanse.com\\\/wp-content\\\/uploads\\\/2024\\\/09\\\/Alonzo-King-LINES-Ballet-_-Josh-Francique-_-Version-1-_-\u00a9-RJ-Muna-scaled.jpg\",\"datePublished\":\"2024-09-12T12:40:38+00:00\",\"dateModified\":\"2026-01-27T14:32:40+00:00\",\"description\":\"El core\u00f3grafo colabora una vez m\u00e1s con el pianista de jazz Jason Moran para crear una qu\u00edmica art\u00edstica que dar\u00e1 al ballet una nueva resonancia.\",\"breadcrumb\":{\"@id\":\"https:\\\/\\\/www.deltadanse.com\\\/es\\\/repertorio\\\/the-collective-agreement\\\/#breadcrumb\"},\"inLanguage\":\"es\",\"potentialAction\":[{\"@type\":\"ReadAction\",\"target\":[\"https:\\\/\\\/www.deltadanse.com\\\/es\\\/repertorio\\\/the-collective-agreement\\\/\"]}]},{\"@type\":\"ImageObject\",\"inLanguage\":\"es\",\"@id\":\"https:\\\/\\\/www.deltadanse.com\\\/es\\\/repertorio\\\/the-collective-agreement\\\/#primaryimage\",\"url\":\"https:\\\/\\\/www.deltadanse.com\\\/wp-content\\\/uploads\\\/2024\\\/09\\\/Alonzo-King-LINES-Ballet-_-Josh-Francique-_-Version-1-_-\u00a9-RJ-Muna-scaled.jpg\",\"contentUrl\":\"https:\\\/\\\/www.deltadanse.com\\\/wp-content\\\/uploads\\\/2024\\\/09\\\/Alonzo-King-LINES-Ballet-_-Josh-Francique-_-Version-1-_-\u00a9-RJ-Muna-scaled.jpg\",\"width\":2560,\"height\":1554},{\"@type\":\"BreadcrumbList\",\"@id\":\"https:\\\/\\\/www.deltadanse.com\\\/es\\\/repertorio\\\/the-collective-agreement\\\/#breadcrumb\",\"itemListElement\":[{\"@type\":\"ListItem\",\"position\":1,\"name\":\"Accueil\",\"item\":\"https:\\\/\\\/www.deltadanse.com\\\/es\\\/\"},{\"@type\":\"ListItem\",\"position\":2,\"name\":\"Repertorio\",\"item\":\"https:\\\/\\\/www.deltadanse.com\\\/es\\\/repertorio\\\/\"},{\"@type\":\"ListItem\",\"position\":3,\"name\":\"The Collective Agreement\"}]},{\"@type\":\"WebSite\",\"@id\":\"https:\\\/\\\/www.deltadanse.com\\\/es\\\/#website\",\"url\":\"https:\\\/\\\/www.deltadanse.com\\\/es\\\/\",\"name\":\"Delta Danse\",\"description\":\"Just another WordPress site\",\"potentialAction\":[{\"@type\":\"SearchAction\",\"target\":{\"@type\":\"EntryPoint\",\"urlTemplate\":\"https:\\\/\\\/www.deltadanse.com\\\/es\\\/?s={search_term_string}\"},\"query-input\":{\"@type\":\"PropertyValueSpecification\",\"valueRequired\":true,\"valueName\":\"search_term_string\"}}],\"inLanguage\":\"es\"}]}<\/script>\n<!-- \/ Yoast SEO plugin. -->","yoast_head_json":{"title":"The Collective Agreement I Alonzo King LINES Ballet I Delta Danse","description":"El core\u00f3grafo colabora una vez m\u00e1s con el pianista de jazz Jason Moran para crear una qu\u00edmica art\u00edstica que dar\u00e1 al ballet una nueva resonancia.","robots":{"index":"index","follow":"follow","max-snippet":"max-snippet:-1","max-image-preview":"max-image-preview:large","max-video-preview":"max-video-preview:-1"},"canonical":"https:\/\/www.deltadanse.com\/es\/repertorio\/the-collective-agreement\/","og_locale":"es_ES","og_type":"article","og_title":"The Collective Agreement I Alonzo King LINES Ballet I Delta Danse","og_description":"El core\u00f3grafo colabora una vez m\u00e1s con el pianista de jazz Jason Moran para crear una qu\u00edmica art\u00edstica que dar\u00e1 al ballet una nueva resonancia.","og_url":"https:\/\/www.deltadanse.com\/es\/repertorio\/the-collective-agreement\/","og_site_name":"Delta Danse","article_modified_time":"2026-01-27T14:32:40+00:00","og_image":[{"width":2560,"height":1554,"url":"https:\/\/www.deltadanse.com\/wp-content\/uploads\/2024\/09\/Alonzo-King-LINES-Ballet-_-Josh-Francique-_-Version-1-_-\u00a9-RJ-Muna-scaled.jpg","type":"image\/jpeg"}],"twitter_card":"summary_large_image","twitter_misc":{"Tiempo de lectura":"3 minutos"},"schema":{"@context":"https:\/\/schema.org","@graph":[{"@type":"WebPage","@id":"https:\/\/www.deltadanse.com\/es\/repertorio\/the-collective-agreement\/","url":"https:\/\/www.deltadanse.com\/es\/repertorio\/the-collective-agreement\/","name":"The Collective Agreement I Alonzo King LINES Ballet I Delta Danse","isPartOf":{"@id":"https:\/\/www.deltadanse.com\/es\/#website"},"primaryImageOfPage":{"@id":"https:\/\/www.deltadanse.com\/es\/repertorio\/the-collective-agreement\/#primaryimage"},"image":{"@id":"https:\/\/www.deltadanse.com\/es\/repertorio\/the-collective-agreement\/#primaryimage"},"thumbnailUrl":"https:\/\/www.deltadanse.com\/wp-content\/uploads\/2024\/09\/Alonzo-King-LINES-Ballet-_-Josh-Francique-_-Version-1-_-\u00a9-RJ-Muna-scaled.jpg","datePublished":"2024-09-12T12:40:38+00:00","dateModified":"2026-01-27T14:32:40+00:00","description":"El core\u00f3grafo colabora una vez m\u00e1s con el pianista de jazz Jason Moran para crear una qu\u00edmica art\u00edstica que dar\u00e1 al ballet una nueva resonancia.","breadcrumb":{"@id":"https:\/\/www.deltadanse.com\/es\/repertorio\/the-collective-agreement\/#breadcrumb"},"inLanguage":"es","potentialAction":[{"@type":"ReadAction","target":["https:\/\/www.deltadanse.com\/es\/repertorio\/the-collective-agreement\/"]}]},{"@type":"ImageObject","inLanguage":"es","@id":"https:\/\/www.deltadanse.com\/es\/repertorio\/the-collective-agreement\/#primaryimage","url":"https:\/\/www.deltadanse.com\/wp-content\/uploads\/2024\/09\/Alonzo-King-LINES-Ballet-_-Josh-Francique-_-Version-1-_-\u00a9-RJ-Muna-scaled.jpg","contentUrl":"https:\/\/www.deltadanse.com\/wp-content\/uploads\/2024\/09\/Alonzo-King-LINES-Ballet-_-Josh-Francique-_-Version-1-_-\u00a9-RJ-Muna-scaled.jpg","width":2560,"height":1554},{"@type":"BreadcrumbList","@id":"https:\/\/www.deltadanse.com\/es\/repertorio\/the-collective-agreement\/#breadcrumb","itemListElement":[{"@type":"ListItem","position":1,"name":"Accueil","item":"https:\/\/www.deltadanse.com\/es\/"},{"@type":"ListItem","position":2,"name":"Repertorio","item":"https:\/\/www.deltadanse.com\/es\/repertorio\/"},{"@type":"ListItem","position":3,"name":"The Collective Agreement"}]},{"@type":"WebSite","@id":"https:\/\/www.deltadanse.com\/es\/#website","url":"https:\/\/www.deltadanse.com\/es\/","name":"Delta Danse","description":"Just another WordPress site","potentialAction":[{"@type":"SearchAction","target":{"@type":"EntryPoint","urlTemplate":"https:\/\/www.deltadanse.com\/es\/?s={search_term_string}"},"query-input":{"@type":"PropertyValueSpecification","valueRequired":true,"valueName":"search_term_string"}}],"inLanguage":"es"}]}},"_links":{"self":[{"href":"https:\/\/www.deltadanse.com\/es\/wp-json\/wp\/v2\/pages\/9729","targetHints":{"allow":["GET"]}}],"collection":[{"href":"https:\/\/www.deltadanse.com\/es\/wp-json\/wp\/v2\/pages"}],"about":[{"href":"https:\/\/www.deltadanse.com\/es\/wp-json\/wp\/v2\/types\/page"}],"author":[{"embeddable":true,"href":"https:\/\/www.deltadanse.com\/es\/wp-json\/wp\/v2\/users\/9"}],"replies":[{"embeddable":true,"href":"https:\/\/www.deltadanse.com\/es\/wp-json\/wp\/v2\/comments?post=9729"}],"version-history":[{"count":0,"href":"https:\/\/www.deltadanse.com\/es\/wp-json\/wp\/v2\/pages\/9729\/revisions"}],"up":[{"embeddable":true,"href":"https:\/\/www.deltadanse.com\/es\/wp-json\/wp\/v2\/pages\/6729"}],"wp:featuredmedia":[{"embeddable":true,"href":"https:\/\/www.deltadanse.com\/es\/wp-json\/wp\/v2\/media\/9761"}],"wp:attachment":[{"href":"https:\/\/www.deltadanse.com\/es\/wp-json\/wp\/v2\/media?parent=9729"}],"wp:term":[{"taxonomy":"choregraphe","embeddable":true,"href":"https:\/\/www.deltadanse.com\/es\/wp-json\/wp\/v2\/choregraphe?post=9729"},{"taxonomy":"directeur-artistique","embeddable":true,"href":"https:\/\/www.deltadanse.com\/es\/wp-json\/wp\/v2\/directeur-artistique?post=9729"}],"curies":[{"name":"wp","href":"https:\/\/api.w.org\/{rel}","templated":true}]}}